{"id":29464,"date":"2024-05-02T18:31:36","date_gmt":"2024-05-02T22:31:36","guid":{"rendered":"https:\/\/produncan.cl\/producto\/parcelas-el-meli-los-muermos-seengebiet\/"},"modified":"2025-12-04T17:13:26","modified_gmt":"2025-12-04T20:13:26","slug":"parcelas-el-meli-los-muermos-seengebiet","status":"publish","type":"product","link":"https:\/\/produncan.cl\/de\/produkt\/parcelas-el-meli-los-muermos-seengebiet\/","title":{"rendered":"Grundst\u00fccke in Los Muermos &#8211; El Mel\u00ed, Region Los Lagos"},"content":{"rendered":"\t\t<div data-elementor-type=\"product-post\" data-elementor-id=\"29464\" class=\"elementor elementor-29464 elementor-29328\" data-elementor-post-type=\"product\">\n\t\t\t\t<div class=\"elementor-element elementor-element-2f9167c e-flex e-con-boxed e-con e-parent\" data-id=\"2f9167c\" data-element_type=\"container\" data-e-type=\"container\" data-settings=\"{&quot;jet_parallax_layout_list&quot;:[]}\">\n\t\t\t\t\t<div class=\"e-con-inner\">\n\t\t\t\t<div class=\"elementor-element elementor-element-ea4fbd7 elementor-widget elementor-widget-heading\" data-id=\"ea4fbd7\" data-element_type=\"widget\" data-e-type=\"widget\" data-widget_type=\"heading.default\">\n\t\t\t\t\t<h2 class=\"elementor-heading-title elementor-size-default\">Investitionsm\u00f6glichkeit in Los Muermos mit wundersch\u00f6nem Panoramablick<\/h2>\t\t\t\t<\/div>\n\t\t\t\t\t<\/div>\n\t\t\t\t<\/div>\n\t\t<div class=\"elementor-element elementor-element-1ad627b e-flex e-con-boxed e-con e-parent\" data-id=\"1ad627b\" data-element_type=\"container\" data-e-type=\"container\" data-settings=\"{&quot;jet_parallax_layout_list&quot;:[]}\">\n\t\t\t\t\t<div class=\"e-con-inner\">\n\t\t\t\t<div class=\"elementor-element elementor-element-4a8868a elementor-widget elementor-widget-text-editor\" data-id=\"4a8868a\" data-element_type=\"widget\" data-e-type=\"widget\" data-widget_type=\"text-editor.default\">\n\t\t\t\t\t\t\t\t\t<p>In der Gemeinde Los Muermos gelegen, pr\u00e4sentieren wir Ihnen &#8220;Parcelas El Mel\u00ed&#8221;, nur drei Grundst\u00fccke von je 5000m\u00b2, im Wert von $24.000.000. Jedes Grundst\u00fcck hat einen eigenen Rol und bietet dank der erh\u00f6hten Lage einen wundersch\u00f6nen 360\u00b0-Panoramablick. Die Grundst\u00fccke sind gr\u00f6\u00dftenteils flach und vollst\u00e4ndig mit Wiesen bedeckt.  <\/p>\n<p>Grundst\u00fccke in Los Muermos, die \u00fcber eine Quelle auf dem Grundst\u00fcck des Eigent\u00fcmers Zugang zu Wasser haben, der sich verpflichtet, dieses Wasser kostenlos und auf Dauer zur Verf\u00fcgung zu stellen. Allerdings ist jeder K\u00e4ufer f\u00fcr die Einrichtung eines eigenen Versorgungsnetzes verantwortlich. Dar\u00fcber hinaus ist es m\u00f6glich, einen Brunnen zu graben, um Wasser zu gewinnen.  <\/p>\n<p>Die Grundst\u00fccke verf\u00fcgen \u00fcber eine Stromleitung der Firma CRELL und einen guten Telefonanschluss f\u00fcr den Internetzugang. Jeder Eigent\u00fcmer muss \u00fcber eine eigene Kl\u00e4rgrube f\u00fcr die Abwasserentsorgung verf\u00fcgen. Es gibt zwar keine M\u00fclldeponien auf den Grundst\u00fccken, aber zwei gro\u00dfe Deponien an den Zufahrten zu den Grundst\u00fccken, die etwa einen Kilometer und 500 Meter voneinander entfernt sind.  <\/p>\n<p>Das Klima in der Region ist gem\u00e4\u00dfigt, mit k\u00fchlen Sommern und milden Wintern, beeinflusst durch die N\u00e4he zum Pazifischen Ozean. Dies sorgt das ganze Jahr \u00fcber f\u00fcr angenehme Temperaturen, mit milden Sommern zwischen 10\u00b0C und 20\u00b0C und k\u00fchlen Wintern zwischen 5\u00b0C und 10\u00b0C. <\/p>\n<p>Nach dem Gesetz k\u00f6nnen bis zu zwei H\u00e4user pro Grundst\u00fcck gebaut werden. Es gibt keine Beschr\u00e4nkungen f\u00fcr das Design und die Baumaterialien, allerdings wird darum gebeten, mit edlen Materialien zu bauen, die zum Standort passen. Das Grundst\u00fcck ist flach mit leichter Neigung und hat keinen Wald, sondern besteht zu 100 % aus Wiese.  <\/p>\n<p>Die Zahlungsm\u00f6glichkeiten sind Barzahlung, Kredit f\u00fcr allgemeine Zwecke und Direktkredit mit 50 % Barzahlung und dem Restbetrag in bis zu 12 Raten. Rabatte f\u00fcr Barzahlung sind verhandelbar und k\u00f6nnen reserviert werden. <\/p>\n<p>Dar\u00fcber hinaus wird jedes Grundst\u00fcck landwirtschaftlich genutzt, und es gibt keine Beschr\u00e4nkungen f\u00fcr Abst\u00e4nde, Trennw\u00e4nde, Vorg\u00e4rten, Abgrenzungen, elektrische Anschl\u00fcsse und Parkpl\u00e4tze, obwohl verlangt wird, nicht weniger als 5 Meter von der Grenze zu bauen. Au\u00dferdem muss jeder Eigent\u00fcmer sein Grundst\u00fcck umz\u00e4unen, wobei ein Zaun an der Vorderseite und Pf\u00e4hle mit Maschendraht f\u00fcr den Rest der Umz\u00e4unung empfohlen werden. <\/p>\n<p>Der Zugang zu den Grundst\u00fccken erfolgt direkt \u00fcber eine \u00f6ffentliche Schotterstra\u00dfe in ausgezeichnetem Zustand. Die n\u00e4chstgelegene Stadt, Los Muermos, ist 20 km entfernt und in 23 Minuten mit dem Auto zu erreichen. Der Flughafen El Tepual ist 53 Kilometer entfernt und in 52 Minuten mit dem Auto zu erreichen. Dar\u00fcber hinaus gibt es montags, mittwochs und freitags eine Buslinie und t\u00e4glich Schulbusse. Au\u00dferdem gibt es eine Post und eine gro\u00dfe Schule mit 250 Sch\u00fclern in etwa einem Kilometer Entfernung.  <\/p>\n<p>Parcelas El Mel\u00ed ist mehr als ein Ort zum Leben, es ist eine Lebensart. Verpassen Sie nicht diese Gelegenheit, in Ihre Zukunft und die Ihrer Familie zu investieren!<\/p>\t\t\t\t\t\t\t\t<\/div>\n\t\t\t\t\t<\/div>\n\t\t\t\t<\/div>\n\t\t\t\t<\/div>\n\t\t","protected":false},"excerpt":{"rendered":"<p>Grundst\u00fccke in Los Muermos, drei Einheiten von je 5000m\u00b2 mit wundersch\u00f6nem 360\u00b0-Panoramablick, \u00fcberwiegend flaches Land mit 100% Wiese, Quellwasser, Strom und nur 23 Minuten von Los Muermos entfernt.<\/p>\n","protected":false},"featured_media":29336,"template":"","meta":{"_acf_changed":false},"product_brand":[],"product_cat":[104],"product_tag":[232],"regiones":[226],"ciudades":[216],"class_list":{"0":"post-29464","1":"product","2":"type-product","3":"status-publish","4":"has-post-thumbnail","6":"product_cat-ohiggins-los-lagos","7":"product_tag-grundstuecke","8":"regiones-nuble-los_lagos","9":"ciudades-los-muermos","11":"first","12":"instock","13":"shipping-taxable","14":"purchasable","15":"product-type-simple"},"acf":[],"yoast_head":"<!-- This site is optimized with the Yoast SEO Premium plugin v26.0 (Yoast SEO v27.3) - https:\/\/yoast.com\/product\/yoast-seo-premium-wordpress\/ -->\n<title>Grundst\u00fccke in Los Muermos - El Mel\u00ed, Region Los Lagos - Produncan<\/title>\n<meta name=\"description\" content=\"Parcelas El Mel\u00ed, drei Parzellen von 5000m\u00b2, mit wundersch\u00f6nem 360\u00b0-Panoramablick, gr\u00f6\u00dftenteils flaches Land mit 100% Wiese, Quellwasser und Strom\" \/>\n<meta name=\"robots\" content=\"index, follow, max-snippet:-1, max-image-preview:large, max-video-preview:-1\" \/>\n<link rel=\"canonical\" href=\"https:\/\/produncan.cl\/de\/produkt\/parcelas-el-meli-los-muermos-seengebiet\/\" \/>\n<meta property=\"og:locale\" content=\"de_DE\" \/>\n<meta property=\"og:type\" content=\"article\" \/>\n<meta property=\"og:title\" content=\"Grundst\u00fccke in Los Muermos - El Mel\u00ed, Region Los Lagos\" \/>\n<meta property=\"og:description\" content=\"Parcelas El Mel\u00ed, drei Parzellen von 5000m\u00b2, mit wundersch\u00f6nem 360\u00b0-Panoramablick, gr\u00f6\u00dftenteils flaches Land mit 100% Wiese, Quellwasser und Strom\" \/>\n<meta property=\"og:url\" content=\"https:\/\/produncan.cl\/de\/produkt\/parcelas-el-meli-los-muermos-seengebiet\/\" \/>\n<meta property=\"og:site_name\" content=\"Produncan\" \/>\n<meta property=\"article:publisher\" content=\"https:\/\/web.facebook.com\/produncanland\" \/>\n<meta property=\"article:modified_time\" content=\"2025-12-04T20:13:26+00:00\" \/>\n<meta property=\"og:image\" content=\"https:\/\/produncan.cl\/wp-content\/uploads\/2024\/05\/Parcelas-en-Venta-El-Meli-Los-Muermos.webp\" \/>\n\t<meta property=\"og:image:width\" content=\"600\" \/>\n\t<meta property=\"og:image:height\" content=\"450\" \/>\n\t<meta property=\"og:image:type\" content=\"image\/webp\" \/>\n<meta name=\"twitter:card\" content=\"summary_large_image\" \/>\n<meta name=\"twitter:label1\" content=\"Price\" \/>\n\t<meta name=\"twitter:data1\" content=\"USD26.100,00\" \/>\n\t<meta name=\"twitter:label2\" content=\"Availability\" \/>\n\t<meta name=\"twitter:data2\" content=\"In stock\" \/>\n<script type=\"application\/ld+json\" class=\"yoast-schema-graph\">{\"@context\":\"https:\\\/\\\/schema.org\",\"@graph\":[{\"@type\":\"WebPage\",\"@id\":\"https:\\\/\\\/produncan.cl\\\/de\\\/produkt\\\/parcelas-el-meli-los-muermos-seengebiet\\\/\",\"url\":\"https:\\\/\\\/produncan.cl\\\/de\\\/produkt\\\/parcelas-el-meli-los-muermos-seengebiet\\\/\",\"name\":\"Grundst\u00fccke in Los Muermos - El Mel\u00ed, Region Los Lagos - Produncan\",\"isPartOf\":{\"@id\":\"https:\\\/\\\/produncan.cl\\\/de\\\/#website\"},\"primaryImageOfPage\":{\"@id\":\"https:\\\/\\\/produncan.cl\\\/de\\\/produkt\\\/parcelas-el-meli-los-muermos-seengebiet\\\/#primaryimage\"},\"image\":{\"@id\":\"https:\\\/\\\/produncan.cl\\\/de\\\/produkt\\\/parcelas-el-meli-los-muermos-seengebiet\\\/#primaryimage\"},\"thumbnailUrl\":\"https:\\\/\\\/produncan.cl\\\/wp-content\\\/uploads\\\/2024\\\/05\\\/Parcelas-en-Venta-El-Meli-Los-Muermos.webp\",\"datePublished\":\"2024-05-02T22:31:36+00:00\",\"dateModified\":\"2025-12-04T20:13:26+00:00\",\"description\":\"Parcelas El Mel\u00ed, drei Parzellen von 5000m\u00b2, mit wundersch\u00f6nem 360\u00b0-Panoramablick, gr\u00f6\u00dftenteils flaches Land mit 100% Wiese, Quellwasser und Strom\",\"breadcrumb\":{\"@id\":\"https:\\\/\\\/produncan.cl\\\/de\\\/produkt\\\/parcelas-el-meli-los-muermos-seengebiet\\\/#breadcrumb\"},\"inLanguage\":\"de-DE\",\"potentialAction\":[{\"@type\":\"ReadAction\",\"target\":[\"https:\\\/\\\/produncan.cl\\\/de\\\/produkt\\\/parcelas-el-meli-los-muermos-seengebiet\\\/\"]}]},{\"@type\":\"ImageObject\",\"inLanguage\":\"de-DE\",\"@id\":\"https:\\\/\\\/produncan.cl\\\/de\\\/produkt\\\/parcelas-el-meli-los-muermos-seengebiet\\\/#primaryimage\",\"url\":\"https:\\\/\\\/produncan.cl\\\/wp-content\\\/uploads\\\/2024\\\/05\\\/Parcelas-en-Venta-El-Meli-Los-Muermos.webp\",\"contentUrl\":\"https:\\\/\\\/produncan.cl\\\/wp-content\\\/uploads\\\/2024\\\/05\\\/Parcelas-en-Venta-El-Meli-Los-Muermos.webp\",\"width\":600,\"height\":450,\"caption\":\"Grundst\u00fccke zum Verkauf The Meli Die Toten\"},{\"@type\":\"BreadcrumbList\",\"@id\":\"https:\\\/\\\/produncan.cl\\\/de\\\/produkt\\\/parcelas-el-meli-los-muermos-seengebiet\\\/#breadcrumb\",\"itemListElement\":[{\"@type\":\"ListItem\",\"position\":1,\"name\":\"Inicio\",\"item\":\"https:\\\/\\\/produncan.cl\\\/de\\\/\"},{\"@type\":\"ListItem\",\"position\":2,\"name\":\"Eigenschaften\",\"item\":\"https:\\\/\\\/produncan.cl\\\/propiedades\\\/\"},{\"@type\":\"ListItem\",\"position\":3,\"name\":\"Grundst\u00fccke\",\"item\":\"https:\\\/\\\/produncan.cl\\\/de\\\/kategorie\\\/grundstuecke\\\/\"},{\"@type\":\"ListItem\",\"position\":4,\"name\":\"Grundst\u00fccke in Los Muermos &#8211; El Mel\u00ed, Region Los Lagos\"}]},{\"@type\":\"WebSite\",\"@id\":\"https:\\\/\\\/produncan.cl\\\/de\\\/#website\",\"url\":\"https:\\\/\\\/produncan.cl\\\/de\\\/\",\"name\":\"Produncan\",\"description\":\"Wir begleiten Sie bei Ihrem Lebensprojekt!\",\"publisher\":{\"@id\":\"https:\\\/\\\/produncan.cl\\\/de\\\/#organization\"},\"potentialAction\":[{\"@type\":\"SearchAction\",\"target\":{\"@type\":\"EntryPoint\",\"urlTemplate\":\"https:\\\/\\\/produncan.cl\\\/de\\\/?s={search_term_string}\"},\"query-input\":{\"@type\":\"PropertyValueSpecification\",\"valueRequired\":true,\"valueName\":\"search_term_string\"}}],\"inLanguage\":\"de-DE\"},{\"@type\":\"Organization\",\"@id\":\"https:\\\/\\\/produncan.cl\\\/de\\\/#organization\",\"name\":\"Produncan\",\"url\":\"https:\\\/\\\/produncan.cl\\\/de\\\/\",\"logo\":{\"@type\":\"ImageObject\",\"inLanguage\":\"de-DE\",\"@id\":\"https:\\\/\\\/produncan.cl\\\/de\\\/#\\\/schema\\\/logo\\\/image\\\/\",\"url\":\"https:\\\/\\\/produncan.cl\\\/wp-content\\\/uploads\\\/2021\\\/03\\\/LOGO.jpeg\",\"contentUrl\":\"https:\\\/\\\/produncan.cl\\\/wp-content\\\/uploads\\\/2021\\\/03\\\/LOGO.jpeg\",\"width\":1280,\"height\":903,\"caption\":\"Produncan\"},\"image\":{\"@id\":\"https:\\\/\\\/produncan.cl\\\/de\\\/#\\\/schema\\\/logo\\\/image\\\/\"},\"sameAs\":[\"https:\\\/\\\/web.facebook.com\\\/produncanland\",\"https:\\\/\\\/www.instagram.com\\\/pro_duncan\\\/\",\"https:\\\/\\\/www.linkedin.com\\\/company\\\/produncan-lands\\\/\",\"https:\\\/\\\/www.youtube.com\\\/channel\\\/UCu7N-f3x0svkazD-Eew1-QQ\"],\"description\":\"En Produncan somos especialistas en la venta de terrenos en el sur de Chile. Proveemos estancias, campos, parcelas y hoteles.\",\"email\":\"info@produncan.cl\"}]}<\/script>\n<meta property=\"og:video\" content=\"https:\/\/www.youtube.com\/embed\/LLp7CGHUtGs\" \/>\n<meta property=\"og:video:type\" content=\"text\/html\" \/>\n<meta property=\"og:video:duration\" content=\"88\" \/>\n<meta property=\"og:video:width\" content=\"480\" \/>\n<meta property=\"og:video:height\" content=\"360\" \/>\n<meta property=\"ya:ovs:adult\" content=\"false\" \/>\n<meta property=\"ya:ovs:upload_date\" content=\"2024-05-02T22:31:36+00:00\" \/>\n<meta property=\"ya:ovs:allow_embed\" content=\"true\" \/>\n<meta property=\"product:price:amount\" content=\"26100.00\" \/>\n<meta property=\"product:price:currency\" content=\"USD\" \/>\n<meta property=\"og:availability\" content=\"instock\" \/>\n<meta property=\"product:availability\" content=\"instock\" \/>\n<meta property=\"product:condition\" content=\"new\" \/>\n<!-- \/ Yoast SEO Premium plugin. -->","yoast_head_json":{"title":"Grundst\u00fccke in Los Muermos - El Mel\u00ed, Region Los Lagos - Produncan","description":"Parcelas El Mel\u00ed, drei Parzellen von 5000m\u00b2, mit wundersch\u00f6nem 360\u00b0-Panoramablick, gr\u00f6\u00dftenteils flaches Land mit 100% Wiese, Quellwasser und Strom","robots":{"index":"index","follow":"follow","max-snippet":"max-snippet:-1","max-image-preview":"max-image-preview:large","max-video-preview":"max-video-preview:-1"},"canonical":"https:\/\/produncan.cl\/de\/produkt\/parcelas-el-meli-los-muermos-seengebiet\/","og_locale":"de_DE","og_type":"article","og_title":"Grundst\u00fccke in Los Muermos - El Mel\u00ed, Region Los Lagos","og_description":"Parcelas El Mel\u00ed, drei Parzellen von 5000m\u00b2, mit wundersch\u00f6nem 360\u00b0-Panoramablick, gr\u00f6\u00dftenteils flaches Land mit 100% Wiese, Quellwasser und Strom","og_url":"https:\/\/produncan.cl\/de\/produkt\/parcelas-el-meli-los-muermos-seengebiet\/","og_site_name":"Produncan","article_publisher":"https:\/\/web.facebook.com\/produncanland","article_modified_time":"2025-12-04T20:13:26+00:00","og_image":[{"width":600,"height":450,"url":"https:\/\/produncan.cl\/wp-content\/uploads\/2024\/05\/Parcelas-en-Venta-El-Meli-Los-Muermos.webp","type":"image\/webp"}],"twitter_card":"summary_large_image","twitter_misc":{"Price":"USD26.100,00","Availability":"In stock"},"schema":{"@context":"https:\/\/schema.org","@graph":[{"@type":"WebPage","@id":"https:\/\/produncan.cl\/de\/produkt\/parcelas-el-meli-los-muermos-seengebiet\/","url":"https:\/\/produncan.cl\/de\/produkt\/parcelas-el-meli-los-muermos-seengebiet\/","name":"Grundst\u00fccke in Los Muermos - El Mel\u00ed, Region Los Lagos - Produncan","isPartOf":{"@id":"https:\/\/produncan.cl\/de\/#website"},"primaryImageOfPage":{"@id":"https:\/\/produncan.cl\/de\/produkt\/parcelas-el-meli-los-muermos-seengebiet\/#primaryimage"},"image":{"@id":"https:\/\/produncan.cl\/de\/produkt\/parcelas-el-meli-los-muermos-seengebiet\/#primaryimage"},"thumbnailUrl":"https:\/\/produncan.cl\/wp-content\/uploads\/2024\/05\/Parcelas-en-Venta-El-Meli-Los-Muermos.webp","datePublished":"2024-05-02T22:31:36+00:00","dateModified":"2025-12-04T20:13:26+00:00","description":"Parcelas El Mel\u00ed, drei Parzellen von 5000m\u00b2, mit wundersch\u00f6nem 360\u00b0-Panoramablick, gr\u00f6\u00dftenteils flaches Land mit 100% Wiese, Quellwasser und Strom","breadcrumb":{"@id":"https:\/\/produncan.cl\/de\/produkt\/parcelas-el-meli-los-muermos-seengebiet\/#breadcrumb"},"inLanguage":"de-DE","potentialAction":[{"@type":"ReadAction","target":["https:\/\/produncan.cl\/de\/produkt\/parcelas-el-meli-los-muermos-seengebiet\/"]}]},{"@type":"ImageObject","inLanguage":"de-DE","@id":"https:\/\/produncan.cl\/de\/produkt\/parcelas-el-meli-los-muermos-seengebiet\/#primaryimage","url":"https:\/\/produncan.cl\/wp-content\/uploads\/2024\/05\/Parcelas-en-Venta-El-Meli-Los-Muermos.webp","contentUrl":"https:\/\/produncan.cl\/wp-content\/uploads\/2024\/05\/Parcelas-en-Venta-El-Meli-Los-Muermos.webp","width":600,"height":450,"caption":"Grundst\u00fccke zum Verkauf The Meli Die Toten"},{"@type":"BreadcrumbList","@id":"https:\/\/produncan.cl\/de\/produkt\/parcelas-el-meli-los-muermos-seengebiet\/#breadcrumb","itemListElement":[{"@type":"ListItem","position":1,"name":"Inicio","item":"https:\/\/produncan.cl\/de\/"},{"@type":"ListItem","position":2,"name":"Eigenschaften","item":"https:\/\/produncan.cl\/propiedades\/"},{"@type":"ListItem","position":3,"name":"Grundst\u00fccke","item":"https:\/\/produncan.cl\/de\/kategorie\/grundstuecke\/"},{"@type":"ListItem","position":4,"name":"Grundst\u00fccke in Los Muermos &#8211; El Mel\u00ed, Region Los Lagos"}]},{"@type":"WebSite","@id":"https:\/\/produncan.cl\/de\/#website","url":"https:\/\/produncan.cl\/de\/","name":"Produncan","description":"Wir begleiten Sie bei Ihrem Lebensprojekt!","publisher":{"@id":"https:\/\/produncan.cl\/de\/#organization"},"potentialAction":[{"@type":"SearchAction","target":{"@type":"EntryPoint","urlTemplate":"https:\/\/produncan.cl\/de\/?s={search_term_string}"},"query-input":{"@type":"PropertyValueSpecification","valueRequired":true,"valueName":"search_term_string"}}],"inLanguage":"de-DE"},{"@type":"Organization","@id":"https:\/\/produncan.cl\/de\/#organization","name":"Produncan","url":"https:\/\/produncan.cl\/de\/","logo":{"@type":"ImageObject","inLanguage":"de-DE","@id":"https:\/\/produncan.cl\/de\/#\/schema\/logo\/image\/","url":"https:\/\/produncan.cl\/wp-content\/uploads\/2021\/03\/LOGO.jpeg","contentUrl":"https:\/\/produncan.cl\/wp-content\/uploads\/2021\/03\/LOGO.jpeg","width":1280,"height":903,"caption":"Produncan"},"image":{"@id":"https:\/\/produncan.cl\/de\/#\/schema\/logo\/image\/"},"sameAs":["https:\/\/web.facebook.com\/produncanland","https:\/\/www.instagram.com\/pro_duncan\/","https:\/\/www.linkedin.com\/company\/produncan-lands\/","https:\/\/www.youtube.com\/channel\/UCu7N-f3x0svkazD-Eew1-QQ"],"description":"En Produncan somos especialistas en la venta de terrenos en el sur de Chile. Proveemos estancias, campos, parcelas y hoteles.","email":"info@produncan.cl"}]},"og_video":"https:\/\/www.youtube.com\/embed\/LLp7CGHUtGs","og_video_type":"text\/html","og_video_duration":"88","og_video_width":"480","og_video_height":"360","ya_ovs_adult":"false","ya_ovs_upload_date":"2024-05-02T22:31:36+00:00","ya_ovs_allow_embed":"true","product_price_amount":"26100.00","product_price_currency":"USD","og_availability":"instock","product_availability":"instock","product_condition":"new"},"_links":{"self":[{"href":"https:\/\/produncan.cl\/de\/wp-json\/wp\/v2\/product\/29464","targetHints":{"allow":["GET"]}}],"collection":[{"href":"https:\/\/produncan.cl\/de\/wp-json\/wp\/v2\/product"}],"about":[{"href":"https:\/\/produncan.cl\/de\/wp-json\/wp\/v2\/types\/product"}],"version-history":[{"count":2,"href":"https:\/\/produncan.cl\/de\/wp-json\/wp\/v2\/product\/29464\/revisions"}],"predecessor-version":[{"id":52528,"href":"https:\/\/produncan.cl\/de\/wp-json\/wp\/v2\/product\/29464\/revisions\/52528"}],"wp:featuredmedia":[{"embeddable":true,"href":"https:\/\/produncan.cl\/de\/wp-json\/wp\/v2\/media\/29336"}],"wp:attachment":[{"href":"https:\/\/produncan.cl\/de\/wp-json\/wp\/v2\/media?parent=29464"}],"wp:term":[{"taxonomy":"product_brand","embeddable":true,"href":"https:\/\/produncan.cl\/de\/wp-json\/wp\/v2\/product_brand?post=29464"},{"taxonomy":"product_cat","embeddable":true,"href":"https:\/\/produncan.cl\/de\/wp-json\/wp\/v2\/product_cat?post=29464"},{"taxonomy":"product_tag","embeddable":true,"href":"https:\/\/produncan.cl\/de\/wp-json\/wp\/v2\/product_tag?post=29464"},{"taxonomy":"regiones","embeddable":true,"href":"https:\/\/produncan.cl\/de\/wp-json\/wp\/v2\/regiones?post=29464"},{"taxonomy":"ciudades","embeddable":true,"href":"https:\/\/produncan.cl\/de\/wp-json\/wp\/v2\/ciudades?post=29464"}],"curies":[{"name":"wp","href":"https:\/\/api.w.org\/{rel}","templated":true}]}}