{"id":29941,"date":"2024-04-02T11:20:53","date_gmt":"2024-04-02T14:20:53","guid":{"rendered":"https:\/\/produncan.cl\/producto\/quildaco-feld-hualaihue-region-der-seen\/"},"modified":"2025-11-24T17:55:35","modified_gmt":"2025-11-24T20:55:35","slug":"quildaco-feld-hualaihue-region-der-seen","status":"publish","type":"product","link":"https:\/\/produncan.cl\/de\/produkt\/quildaco-feld-hualaihue-region-der-seen\/","title":{"rendered":"Quildaco-Feld &#8211; Hualaihu\u00e9 &#8211; Region der Seen"},"content":{"rendered":"\t\t<div data-elementor-type=\"product-post\" data-elementor-id=\"29941\" class=\"elementor elementor-29941 elementor-29483\" data-elementor-post-type=\"product\">\n\t\t\t\t<div class=\"elementor-element elementor-element-86315eb e-flex e-con-boxed e-con e-parent\" data-id=\"86315eb\" data-element_type=\"container\" data-e-type=\"container\" data-settings=\"{&quot;jet_parallax_layout_list&quot;:[]}\">\n\t\t\t\t\t<div class=\"e-con-inner\">\n\t\t\t\t<div class=\"elementor-element elementor-element-2d9f83b elementor-widget elementor-widget-heading\" data-id=\"2d9f83b\" data-element_type=\"widget\" data-e-type=\"widget\" data-widget_type=\"heading.default\">\n\t\t\t\t\t<h2 class=\"elementor-heading-title elementor-size-default\">Quildaco Feld, ein Naturreservat in der N\u00e4he von Hornopir\u00e9n<\/h2>\t\t\t\t<\/div>\n\t\t\t\t\t<\/div>\n\t\t\t\t<\/div>\n\t\t<div class=\"elementor-element elementor-element-02d429b e-flex e-con-boxed e-con e-parent\" data-id=\"02d429b\" data-element_type=\"container\" data-e-type=\"container\" data-settings=\"{&quot;jet_parallax_layout_list&quot;:[]}\">\n\t\t\t\t\t<div class=\"e-con-inner\">\n\t\t\t\t<div class=\"elementor-element elementor-element-1f1fb66 elementor-widget elementor-widget-text-editor\" data-id=\"1f1fb66\" data-element_type=\"widget\" data-e-type=\"widget\" data-widget_type=\"text-editor.default\">\n\t\t\t\t\t\t\t\t\t<p>Dieses sch\u00f6ne Feld von 151.69 Hektar bietet eine einzigartige Gelegenheit f\u00fcr diejenigen, die versuchen, die N\u00e4he zu den St\u00e4dten Hornopir\u00e9n und Puerto Montt zu haben, mit dem Komfort der direkten Zugang zur Stra\u00dfe.<\/p><p>Um die Landschaft von Puerto Montt zu erreichen, geht man nach S\u00fcden auf der s\u00fcdlichen Stra\u00dfe nach Hornopir\u00e9n, und dann findet eine Barge Kreuzung statt. Die Stadt Puerto Montt liegt 63 km entfernt.<\/p><p>Seine Gesamtfl\u00e4che umfasst 151.69 Hektar und sein Verkaufspreis ist $1,550,000,000. Das Feld hat seine eigene Rolle und wird als landwirtschaftlicher Boden eingestuft.<\/p><p>Es verf\u00fcgt \u00fcber Strom von SESA und Wasser \u00fcber 2,4 km Fluss. Dar\u00fcber hinaus ist das Feld 1,32 km direkt von der Stra\u00dfe entfernt. Das Feld dient nicht anderen L\u00e4ndern.<\/p><p>In Bezug auf den Bau umfasst es ein altes Haus mit Leichtigkeit, ein Weingut und einen Gallone.<\/p><p>Die Topographie ist mit H\u00e4ngen und flachen Sektoren abwechslungsreich, mit einer Zusammensetzung von 90% der einheimischen B\u00e4ume wie Alerce, Zimt, Tepu, Luma, Tepa, Morgen und Ulmo. Es hat auch Fr\u00fcchte wie Kirsche und Apfelb\u00e4ume. Es hat einen bestehenden Waldmanagementplan.<\/p><p>Der Ort ist ideal f\u00fcr Waldmanagement, Tourismus, Konservierung, Makro Batch Entwicklung und Bienenhonigproduktion.<\/p><p>Vom Flughafen El Tepual trennen Sie ca. 2 Stunden und 30 Minuten. Es gibt viermal t\u00e4glich \u00f6ffentliche Verkehrsmittel und das Telekommunikationssignal ist gut, mit Abdeckung von Entel und Movistar.<\/p><p>Einige Kilometer entfernt finden Sie eine Vielzahl von Attraktionen wie den Hornopir\u00e9n Nationalpark, Cahuelm\u00f3 Thermalwasser, Kaskaden des Schwarzen Flusses. Verpassen Sie auch nicht die nahe gelegenen Wunder wie die Pichicolo hei\u00dfen Quellen, den beeindruckenden Cisnes River, die White River Wasserf\u00e4lle, die Llancahue hei\u00dfen Quellen und den aufregenden Aufstieg zum Vulkan.<\/p><p>Das regnerische gem\u00e4\u00dfigte Klima, beeinflusst von seiner Lage in der N\u00e4he der Fjords, herrscht vor. Es erlebt das ganze Jahr \u00fcber Niederschl\u00e4ge, mit reichlich Regen zwischen Mai und September. Die Sommertemperaturen reichen von 10 \u00b0 C bis 21 \u00b0 C, w\u00e4hrend die Winter k\u00e4lter sind, mit Temperaturen um 5 \u00b0 C bis 10 \u00b0 C Es ist \u00fcblich, dass sich in der Gegend niedere Wolken und Nebel bilden, die zu ihrer charakteristischen Wald- und Feuchtlandschaft beitragen.<\/p><p>Zahlungsformulare:<\/p><p>Das Feld kann auf zwei Arten erworben werden:<\/p><ol><li>Vollst\u00e4ndig: F\u00fcr diejenigen, die alle 151.69 Hektar wollen.<\/li><li>Teil: Bei mindestens 50 Hektar variiert der Wert pro Hektar je nach gew\u00e4hlter Fl\u00e4che.<\/li><\/ol><div><\/div><p>Verpassen Sie nicht die Chance, dieses Naturparadies in der Region Los Lagos zu besitzen!<\/p>\t\t\t\t\t\t\t\t<\/div>\n\t\t\t\t\t<\/div>\n\t\t\t\t<\/div>\n\t\t\t\t<\/div>\n\t\t","protected":false},"excerpt":{"rendered":"<p>Feld von 150 Hektar an der Stra\u00dfe nach Hornopir\u00e9n, mit 2,4 km Fluss, \u00fcberwiegend einheimischem Wald, Strom, Signal, sowie direkt an der Carretera Austral gelegen.<\/p>\n","protected":false},"featured_media":29489,"template":"","meta":{"_acf_changed":false},"product_brand":[],"product_cat":[104],"product_tag":[235],"regiones":[226],"ciudades":[252],"class_list":{"0":"post-29941","1":"product","2":"type-product","3":"status-publish","4":"has-post-thumbnail","6":"product_cat-ohiggins-los-lagos","7":"product_tag-felder","8":"regiones-nuble-los_lagos","9":"ciudades-hornopiren","11":"first","12":"instock","13":"sold-individually","14":"shipping-taxable","15":"purchasable","16":"product-type-simple"},"acf":[],"yoast_head":"<!-- This site is optimized with the Yoast SEO Premium plugin v26.0 (Yoast SEO v27.3) - https:\/\/yoast.com\/product\/yoast-seo-premium-wordpress\/ -->\n<title>Quildaco-Feld - Hualaihu\u00e9 - Region der Seen - Produncan<\/title>\n<meta name=\"description\" content=\"Campo Quildaco hat 150 Hektar an der Stra\u00dfe nach Hornopir\u00e9n, mit 2,4 km Fluss, Wald, Strom, Signal, angrenzend an die Carretera Austral;\" \/>\n<meta name=\"robots\" content=\"index, follow, max-snippet:-1, max-image-preview:large, max-video-preview:-1\" \/>\n<link rel=\"canonical\" href=\"https:\/\/produncan.cl\/de\/produkt\/quildaco-feld-hualaihue-region-der-seen\/\" \/>\n<meta property=\"og:locale\" content=\"de_DE\" \/>\n<meta property=\"og:type\" content=\"article\" \/>\n<meta property=\"og:title\" content=\"Quildaco-Feld - Hualaihu\u00e9 - Region der Seen\" \/>\n<meta property=\"og:description\" content=\"Campo Quildaco hat 150 Hektar an der Stra\u00dfe nach Hornopir\u00e9n, mit 2,4 km Fluss, Wald, Strom, Signal, angrenzend an die Carretera Austral;\" \/>\n<meta property=\"og:url\" content=\"https:\/\/produncan.cl\/de\/produkt\/quildaco-feld-hualaihue-region-der-seen\/\" \/>\n<meta property=\"og:site_name\" content=\"Produncan\" \/>\n<meta property=\"article:publisher\" content=\"https:\/\/web.facebook.com\/produncanland\" \/>\n<meta property=\"article:modified_time\" content=\"2025-11-24T20:55:35+00:00\" \/>\n<meta property=\"og:image\" content=\"https:\/\/produncan.cl\/wp-content\/uploads\/2024\/05\/Campo-Quildaco-en-venta.webp\" \/>\n\t<meta property=\"og:image:width\" content=\"600\" \/>\n\t<meta property=\"og:image:height\" content=\"450\" \/>\n\t<meta property=\"og:image:type\" content=\"image\/webp\" \/>\n<meta name=\"twitter:card\" content=\"summary_large_image\" \/>\n<meta name=\"twitter:label1\" content=\"Price\" \/>\n\t<meta name=\"twitter:data1\" content=\"USD1.303.400,00\" \/>\n\t<meta name=\"twitter:label2\" content=\"Availability\" \/>\n\t<meta name=\"twitter:data2\" content=\"In stock\" \/>\n<script type=\"application\/ld+json\" class=\"yoast-schema-graph\">{\"@context\":\"https:\\\/\\\/schema.org\",\"@graph\":[{\"@type\":\"WebPage\",\"@id\":\"https:\\\/\\\/produncan.cl\\\/de\\\/produkt\\\/quildaco-feld-hualaihue-region-der-seen\\\/\",\"url\":\"https:\\\/\\\/produncan.cl\\\/de\\\/produkt\\\/quildaco-feld-hualaihue-region-der-seen\\\/\",\"name\":\"Quildaco-Feld - Hualaihu\u00e9 - Region der Seen - Produncan\",\"isPartOf\":{\"@id\":\"https:\\\/\\\/produncan.cl\\\/de\\\/#website\"},\"primaryImageOfPage\":{\"@id\":\"https:\\\/\\\/produncan.cl\\\/de\\\/produkt\\\/quildaco-feld-hualaihue-region-der-seen\\\/#primaryimage\"},\"image\":{\"@id\":\"https:\\\/\\\/produncan.cl\\\/de\\\/produkt\\\/quildaco-feld-hualaihue-region-der-seen\\\/#primaryimage\"},\"thumbnailUrl\":\"https:\\\/\\\/produncan.cl\\\/wp-content\\\/uploads\\\/2024\\\/05\\\/Campo-Quildaco-en-venta.webp\",\"datePublished\":\"2024-04-02T14:20:53+00:00\",\"dateModified\":\"2025-11-24T20:55:35+00:00\",\"description\":\"Campo Quildaco hat 150 Hektar an der Stra\u00dfe nach Hornopir\u00e9n, mit 2,4 km Fluss, Wald, Strom, Signal, angrenzend an die Carretera Austral;\",\"breadcrumb\":{\"@id\":\"https:\\\/\\\/produncan.cl\\\/de\\\/produkt\\\/quildaco-feld-hualaihue-region-der-seen\\\/#breadcrumb\"},\"inLanguage\":\"de-DE\",\"potentialAction\":[{\"@type\":\"ReadAction\",\"target\":[\"https:\\\/\\\/produncan.cl\\\/de\\\/produkt\\\/quildaco-feld-hualaihue-region-der-seen\\\/\"]}]},{\"@type\":\"ImageObject\",\"inLanguage\":\"de-DE\",\"@id\":\"https:\\\/\\\/produncan.cl\\\/de\\\/produkt\\\/quildaco-feld-hualaihue-region-der-seen\\\/#primaryimage\",\"url\":\"https:\\\/\\\/produncan.cl\\\/wp-content\\\/uploads\\\/2024\\\/05\\\/Campo-Quildaco-en-venta.webp\",\"contentUrl\":\"https:\\\/\\\/produncan.cl\\\/wp-content\\\/uploads\\\/2024\\\/05\\\/Campo-Quildaco-en-venta.webp\",\"width\":600,\"height\":450,\"caption\":\"Quildaco Feld zum Verkauf\"},{\"@type\":\"BreadcrumbList\",\"@id\":\"https:\\\/\\\/produncan.cl\\\/de\\\/produkt\\\/quildaco-feld-hualaihue-region-der-seen\\\/#breadcrumb\",\"itemListElement\":[{\"@type\":\"ListItem\",\"position\":1,\"name\":\"Inicio\",\"item\":\"https:\\\/\\\/produncan.cl\\\/de\\\/\"},{\"@type\":\"ListItem\",\"position\":2,\"name\":\"Eigenschaften\",\"item\":\"https:\\\/\\\/produncan.cl\\\/propiedades\\\/\"},{\"@type\":\"ListItem\",\"position\":3,\"name\":\"Felder\",\"item\":\"https:\\\/\\\/produncan.cl\\\/de\\\/kategorie\\\/felder\\\/\"},{\"@type\":\"ListItem\",\"position\":4,\"name\":\"Quildaco-Feld &#8211; Hualaihu\u00e9 &#8211; Region der Seen\"}]},{\"@type\":\"WebSite\",\"@id\":\"https:\\\/\\\/produncan.cl\\\/de\\\/#website\",\"url\":\"https:\\\/\\\/produncan.cl\\\/de\\\/\",\"name\":\"Produncan\",\"description\":\"Wir begleiten Sie bei Ihrem Lebensprojekt!\",\"publisher\":{\"@id\":\"https:\\\/\\\/produncan.cl\\\/de\\\/#organization\"},\"potentialAction\":[{\"@type\":\"SearchAction\",\"target\":{\"@type\":\"EntryPoint\",\"urlTemplate\":\"https:\\\/\\\/produncan.cl\\\/de\\\/?s={search_term_string}\"},\"query-input\":{\"@type\":\"PropertyValueSpecification\",\"valueRequired\":true,\"valueName\":\"search_term_string\"}}],\"inLanguage\":\"de-DE\"},{\"@type\":\"Organization\",\"@id\":\"https:\\\/\\\/produncan.cl\\\/de\\\/#organization\",\"name\":\"Produncan\",\"url\":\"https:\\\/\\\/produncan.cl\\\/de\\\/\",\"logo\":{\"@type\":\"ImageObject\",\"inLanguage\":\"de-DE\",\"@id\":\"https:\\\/\\\/produncan.cl\\\/de\\\/#\\\/schema\\\/logo\\\/image\\\/\",\"url\":\"https:\\\/\\\/produncan.cl\\\/wp-content\\\/uploads\\\/2021\\\/03\\\/LOGO.jpeg\",\"contentUrl\":\"https:\\\/\\\/produncan.cl\\\/wp-content\\\/uploads\\\/2021\\\/03\\\/LOGO.jpeg\",\"width\":1280,\"height\":903,\"caption\":\"Produncan\"},\"image\":{\"@id\":\"https:\\\/\\\/produncan.cl\\\/de\\\/#\\\/schema\\\/logo\\\/image\\\/\"},\"sameAs\":[\"https:\\\/\\\/web.facebook.com\\\/produncanland\",\"https:\\\/\\\/www.instagram.com\\\/pro_duncan\\\/\",\"https:\\\/\\\/www.linkedin.com\\\/company\\\/produncan-lands\\\/\",\"https:\\\/\\\/www.youtube.com\\\/channel\\\/UCu7N-f3x0svkazD-Eew1-QQ\"],\"description\":\"En Produncan somos especialistas en la venta de terrenos en el sur de Chile. Proveemos estancias, campos, parcelas y hoteles.\",\"email\":\"info@produncan.cl\"}]}<\/script>\n<meta property=\"og:video\" content=\"https:\/\/www.youtube.com\/embed\/NJuFQdE_EiQ\" \/>\n<meta property=\"og:video:type\" content=\"text\/html\" \/>\n<meta property=\"og:video:duration\" content=\"64\" \/>\n<meta property=\"og:video:width\" content=\"480\" \/>\n<meta property=\"og:video:height\" content=\"360\" \/>\n<meta property=\"ya:ovs:adult\" content=\"false\" \/>\n<meta property=\"ya:ovs:upload_date\" content=\"2024-04-02T14:20:53+00:00\" \/>\n<meta property=\"ya:ovs:allow_embed\" content=\"true\" \/>\n<meta property=\"product:price:amount\" content=\"1303400.00\" \/>\n<meta property=\"product:price:currency\" content=\"USD\" \/>\n<meta property=\"og:availability\" content=\"instock\" \/>\n<meta property=\"product:availability\" content=\"instock\" \/>\n<meta property=\"product:condition\" content=\"new\" \/>\n<!-- \/ Yoast SEO Premium plugin. -->","yoast_head_json":{"title":"Quildaco-Feld - Hualaihu\u00e9 - Region der Seen - Produncan","description":"Campo Quildaco hat 150 Hektar an der Stra\u00dfe nach Hornopir\u00e9n, mit 2,4 km Fluss, Wald, Strom, Signal, angrenzend an die Carretera Austral;","robots":{"index":"index","follow":"follow","max-snippet":"max-snippet:-1","max-image-preview":"max-image-preview:large","max-video-preview":"max-video-preview:-1"},"canonical":"https:\/\/produncan.cl\/de\/produkt\/quildaco-feld-hualaihue-region-der-seen\/","og_locale":"de_DE","og_type":"article","og_title":"Quildaco-Feld - Hualaihu\u00e9 - Region der Seen","og_description":"Campo Quildaco hat 150 Hektar an der Stra\u00dfe nach Hornopir\u00e9n, mit 2,4 km Fluss, Wald, Strom, Signal, angrenzend an die Carretera Austral;","og_url":"https:\/\/produncan.cl\/de\/produkt\/quildaco-feld-hualaihue-region-der-seen\/","og_site_name":"Produncan","article_publisher":"https:\/\/web.facebook.com\/produncanland","article_modified_time":"2025-11-24T20:55:35+00:00","og_image":[{"width":600,"height":450,"url":"https:\/\/produncan.cl\/wp-content\/uploads\/2024\/05\/Campo-Quildaco-en-venta.webp","type":"image\/webp"}],"twitter_card":"summary_large_image","twitter_misc":{"Price":"USD1.303.400,00","Availability":"In stock"},"schema":{"@context":"https:\/\/schema.org","@graph":[{"@type":"WebPage","@id":"https:\/\/produncan.cl\/de\/produkt\/quildaco-feld-hualaihue-region-der-seen\/","url":"https:\/\/produncan.cl\/de\/produkt\/quildaco-feld-hualaihue-region-der-seen\/","name":"Quildaco-Feld - Hualaihu\u00e9 - Region der Seen - Produncan","isPartOf":{"@id":"https:\/\/produncan.cl\/de\/#website"},"primaryImageOfPage":{"@id":"https:\/\/produncan.cl\/de\/produkt\/quildaco-feld-hualaihue-region-der-seen\/#primaryimage"},"image":{"@id":"https:\/\/produncan.cl\/de\/produkt\/quildaco-feld-hualaihue-region-der-seen\/#primaryimage"},"thumbnailUrl":"https:\/\/produncan.cl\/wp-content\/uploads\/2024\/05\/Campo-Quildaco-en-venta.webp","datePublished":"2024-04-02T14:20:53+00:00","dateModified":"2025-11-24T20:55:35+00:00","description":"Campo Quildaco hat 150 Hektar an der Stra\u00dfe nach Hornopir\u00e9n, mit 2,4 km Fluss, Wald, Strom, Signal, angrenzend an die Carretera Austral;","breadcrumb":{"@id":"https:\/\/produncan.cl\/de\/produkt\/quildaco-feld-hualaihue-region-der-seen\/#breadcrumb"},"inLanguage":"de-DE","potentialAction":[{"@type":"ReadAction","target":["https:\/\/produncan.cl\/de\/produkt\/quildaco-feld-hualaihue-region-der-seen\/"]}]},{"@type":"ImageObject","inLanguage":"de-DE","@id":"https:\/\/produncan.cl\/de\/produkt\/quildaco-feld-hualaihue-region-der-seen\/#primaryimage","url":"https:\/\/produncan.cl\/wp-content\/uploads\/2024\/05\/Campo-Quildaco-en-venta.webp","contentUrl":"https:\/\/produncan.cl\/wp-content\/uploads\/2024\/05\/Campo-Quildaco-en-venta.webp","width":600,"height":450,"caption":"Quildaco Feld zum Verkauf"},{"@type":"BreadcrumbList","@id":"https:\/\/produncan.cl\/de\/produkt\/quildaco-feld-hualaihue-region-der-seen\/#breadcrumb","itemListElement":[{"@type":"ListItem","position":1,"name":"Inicio","item":"https:\/\/produncan.cl\/de\/"},{"@type":"ListItem","position":2,"name":"Eigenschaften","item":"https:\/\/produncan.cl\/propiedades\/"},{"@type":"ListItem","position":3,"name":"Felder","item":"https:\/\/produncan.cl\/de\/kategorie\/felder\/"},{"@type":"ListItem","position":4,"name":"Quildaco-Feld &#8211; Hualaihu\u00e9 &#8211; Region der Seen"}]},{"@type":"WebSite","@id":"https:\/\/produncan.cl\/de\/#website","url":"https:\/\/produncan.cl\/de\/","name":"Produncan","description":"Wir begleiten Sie bei Ihrem Lebensprojekt!","publisher":{"@id":"https:\/\/produncan.cl\/de\/#organization"},"potentialAction":[{"@type":"SearchAction","target":{"@type":"EntryPoint","urlTemplate":"https:\/\/produncan.cl\/de\/?s={search_term_string}"},"query-input":{"@type":"PropertyValueSpecification","valueRequired":true,"valueName":"search_term_string"}}],"inLanguage":"de-DE"},{"@type":"Organization","@id":"https:\/\/produncan.cl\/de\/#organization","name":"Produncan","url":"https:\/\/produncan.cl\/de\/","logo":{"@type":"ImageObject","inLanguage":"de-DE","@id":"https:\/\/produncan.cl\/de\/#\/schema\/logo\/image\/","url":"https:\/\/produncan.cl\/wp-content\/uploads\/2021\/03\/LOGO.jpeg","contentUrl":"https:\/\/produncan.cl\/wp-content\/uploads\/2021\/03\/LOGO.jpeg","width":1280,"height":903,"caption":"Produncan"},"image":{"@id":"https:\/\/produncan.cl\/de\/#\/schema\/logo\/image\/"},"sameAs":["https:\/\/web.facebook.com\/produncanland","https:\/\/www.instagram.com\/pro_duncan\/","https:\/\/www.linkedin.com\/company\/produncan-lands\/","https:\/\/www.youtube.com\/channel\/UCu7N-f3x0svkazD-Eew1-QQ"],"description":"En Produncan somos especialistas en la venta de terrenos en el sur de Chile. Proveemos estancias, campos, parcelas y hoteles.","email":"info@produncan.cl"}]},"og_video":"https:\/\/www.youtube.com\/embed\/NJuFQdE_EiQ","og_video_type":"text\/html","og_video_duration":"64","og_video_width":"480","og_video_height":"360","ya_ovs_adult":"false","ya_ovs_upload_date":"2024-04-02T14:20:53+00:00","ya_ovs_allow_embed":"true","product_price_amount":"1303400.00","product_price_currency":"USD","og_availability":"instock","product_availability":"instock","product_condition":"new"},"_links":{"self":[{"href":"https:\/\/produncan.cl\/de\/wp-json\/wp\/v2\/product\/29941","targetHints":{"allow":["GET"]}}],"collection":[{"href":"https:\/\/produncan.cl\/de\/wp-json\/wp\/v2\/product"}],"about":[{"href":"https:\/\/produncan.cl\/de\/wp-json\/wp\/v2\/types\/product"}],"version-history":[{"count":2,"href":"https:\/\/produncan.cl\/de\/wp-json\/wp\/v2\/product\/29941\/revisions"}],"predecessor-version":[{"id":52548,"href":"https:\/\/produncan.cl\/de\/wp-json\/wp\/v2\/product\/29941\/revisions\/52548"}],"wp:featuredmedia":[{"embeddable":true,"href":"https:\/\/produncan.cl\/de\/wp-json\/wp\/v2\/media\/29489"}],"wp:attachment":[{"href":"https:\/\/produncan.cl\/de\/wp-json\/wp\/v2\/media?parent=29941"}],"wp:term":[{"taxonomy":"product_brand","embeddable":true,"href":"https:\/\/produncan.cl\/de\/wp-json\/wp\/v2\/product_brand?post=29941"},{"taxonomy":"product_cat","embeddable":true,"href":"https:\/\/produncan.cl\/de\/wp-json\/wp\/v2\/product_cat?post=29941"},{"taxonomy":"product_tag","embeddable":true,"href":"https:\/\/produncan.cl\/de\/wp-json\/wp\/v2\/product_tag?post=29941"},{"taxonomy":"regiones","embeddable":true,"href":"https:\/\/produncan.cl\/de\/wp-json\/wp\/v2\/regiones?post=29941"},{"taxonomy":"ciudades","embeddable":true,"href":"https:\/\/produncan.cl\/de\/wp-json\/wp\/v2\/ciudades?post=29941"}],"curies":[{"name":"wp","href":"https:\/\/api.w.org\/{rel}","templated":true}]}}