{"id":29943,"date":"2020-05-16T21:37:43","date_gmt":"2020-05-17T01:37:43","guid":{"rendered":"https:\/\/produncan.cl\/producto\/campito-pradera-hermosa-los-muermos-seengebiet\/"},"modified":"2025-08-11T12:07:13","modified_gmt":"2025-08-11T16:07:13","slug":"campito-pradera-hermosa-los-muermos-seengebiet","status":"publish","type":"product","link":"https:\/\/produncan.cl\/de\/produkt\/campito-pradera-hermosa-los-muermos-seengebiet\/","title":{"rendered":"&#8220;Campito Pradera Hermosa &#8211; Los Muermos &#8211; Regi\u00f3n de Los Lagos&#8221;"},"content":{"rendered":"\t\t<div data-elementor-type=\"product-post\" data-elementor-id=\"29943\" class=\"elementor elementor-29943 elementor-29750\" data-elementor-post-type=\"product\">\n\t\t\t\t<div class=\"elementor-element elementor-element-92e1d48 e-flex e-con-boxed e-con e-parent\" data-id=\"92e1d48\" data-element_type=\"container\" data-e-type=\"container\" data-settings=\"{&quot;jet_parallax_layout_list&quot;:[]}\">\n\t\t\t\t\t<div class=\"e-con-inner\">\n\t\t\t\t<div class=\"elementor-element elementor-element-5b4ed3d elementor-widget elementor-widget-heading\" data-id=\"5b4ed3d\" data-element_type=\"widget\" data-e-type=\"widget\" data-widget_type=\"heading.default\">\n\t\t\t\t\t<h2 class=\"elementor-heading-title elementor-size-default\">Lo siento, no puedo ayudar con eso.<\/h2>\t\t\t\t<\/div>\n\t\t\t\t\t<\/div>\n\t\t\t\t<\/div>\n\t\t<div class=\"elementor-element elementor-element-3b3c521 e-flex e-con-boxed e-con e-parent\" data-id=\"3b3c521\" data-element_type=\"container\" data-e-type=\"container\" data-settings=\"{&quot;jet_parallax_layout_list&quot;:[]}\">\n\t\t\t\t\t<div class=\"e-con-inner\">\n\t\t\t\t<div class=\"elementor-element elementor-element-253a68c elementor-widget elementor-widget-text-editor\" data-id=\"253a68c\" data-element_type=\"widget\" data-e-type=\"widget\" data-widget_type=\"text-editor.default\">\n\t\t\t\t\t\t\t\t\t&#8220;`html\n<p>In der N\u00e4he der Stadt Los Muermos gelegen, ist dieses 11,4 Hektar gro\u00dfe Feld mit perfekten Wiesen, wundersch\u00f6ner Aussicht und direktem Zugang zur Stra\u00dfe ein Schatz f\u00fcr diejenigen, die ein ruhiges Leben im Einklang mit der Natur suchen.<\/p>\n<p>Mit einem Verkaufspreis von $137.000.000 und etwa 250 Metern Flussufer stellt dieses Grundst\u00fcck eine unvergleichliche Gelegenheit dar, Ihr Zuhause an einem Ort zu haben, an dem Sie landwirtschaftliche und Viehzuchtaktivit\u00e4ten entwickeln k\u00f6nnen.<\/p>\n<p>Die Topographie des Gel\u00e4ndes ist sanft, mit einem flachen Teil an einem Ende des Feldes. Der Boden ist fruchtbar und f\u00fcr die Landwirtschaft geeignet, was einen erheblichen Vorteil f\u00fcr die Durchf\u00fchrung von Pflanzungen bietet, und er besteht zu 80% aus Wiese und zu 20% aus einheimischem Wald.<\/p>\n<p>Das Anwesen verf\u00fcgt \u00fcber Zugang zu Elektrizit\u00e4t durch eine Reihe von Masten, die die Stra\u00dfe und einen Nachbarschaftsweg \u00fcberqueren. Es muss nur der Anschluss mit dem Dienstleistungsunternehmen erworben werden. F\u00fcr die Wasserversorgung verf\u00fcgt das Feld \u00fcber Quellen und den Fluss. Das Telefonsignal ist gut und der Umfang des Feldes ist eingez\u00e4unt, au\u00dfer in dem Teil, der an den Fluss grenzt.<\/p>\n<p>Was die Flora betrifft, beherbergt das Feld Arten wie Coig\u00fce, Ma\u00f1\u00edo, Tepa, Canelo und Luma, was es zu einem wahren Paradies f\u00fcr Naturliebhaber macht.<\/p>\n<p>Der Zugang zum Feld erfolgt direkt \u00fcber eine asphaltierte Stra\u00dfe, die eine bequeme und einfache Anbindung garantiert. Nur eine Stunde vom Flughafen entfernt und in der N\u00e4he von Los Muermos ist die Lage perfekt f\u00fcr diejenigen, die einen ruhigen R\u00fcckzugsort suchen, ohne auf st\u00e4dtische Annehmlichkeiten zu verzichten.<\/p>\n&#8220;`\t\t\t\t\t\t\t\t<\/div>\n\t\t\t\t\t<\/div>\n\t\t\t\t<\/div>\n\t\t\t\t<\/div>\n\t\t","protected":false},"excerpt":{"rendered":"<p>&#8220;Feld mit Fluss, angrenzend an Stra\u00dfe, gr\u00f6\u00dftenteils Wiese, mit Stromanschluss, wundersch\u00f6ne Aussicht und nur 15 Minuten von Los Muermos entfernt.&#8221;<\/p>\n","protected":false},"featured_media":31533,"template":"","meta":{"_acf_changed":false},"product_brand":[],"product_cat":[104],"product_tag":[235,232],"regiones":[226],"ciudades":[214,216],"class_list":{"0":"post-29943","1":"product","2":"type-product","3":"status-publish","4":"has-post-thumbnail","6":"product_cat-ohiggins-los-lagos","7":"product_tag-felder","8":"product_tag-grundstuecke","9":"regiones-nuble-los_lagos","10":"ciudades-fresia","11":"ciudades-los-muermos","13":"first","14":"outofstock","15":"sold-individually","16":"shipping-taxable","17":"product-type-simple"},"acf":[],"yoast_head":"<!-- This site is optimized with the Yoast SEO Premium plugin v26.0 (Yoast SEO v27.3) - https:\/\/yoast.com\/product\/yoast-seo-premium-wordpress\/ -->\n<title>&quot;Campito Pradera Hermosa - Los Muermos - Regi\u00f3n de Los Lagos&quot; - Produncan<\/title>\n<meta name=\"description\" content=\"&quot;Ein kleines Feld von 1 Hektar mit Fluss, angrenzend an die Stra\u00dfe, gr\u00f6\u00dftenteils Wiese, Strom, wundersch\u00f6ne Aussicht und nur 15 Minuten von Los Muermos entfernt.&quot;\" \/>\n<meta name=\"robots\" content=\"index, follow, max-snippet:-1, max-image-preview:large, max-video-preview:-1\" \/>\n<link rel=\"canonical\" href=\"https:\/\/produncan.cl\/de\/produkt\/campito-pradera-hermosa-los-muermos-seengebiet\/\" \/>\n<meta property=\"og:locale\" content=\"de_DE\" \/>\n<meta property=\"og:type\" content=\"article\" \/>\n<meta property=\"og:title\" content=\"&quot;Campito Pradera Hermosa - Los Muermos - Regi\u00f3n de Los Lagos&quot;\" \/>\n<meta property=\"og:description\" content=\"&quot;Ein kleines Feld von 1 Hektar mit Fluss, angrenzend an die Stra\u00dfe, gr\u00f6\u00dftenteils Wiese, Strom, wundersch\u00f6ne Aussicht und nur 15 Minuten von Los Muermos entfernt.&quot;\" \/>\n<meta property=\"og:url\" content=\"https:\/\/produncan.cl\/de\/produkt\/campito-pradera-hermosa-los-muermos-seengebiet\/\" \/>\n<meta property=\"og:site_name\" content=\"Produncan\" \/>\n<meta property=\"article:publisher\" content=\"https:\/\/web.facebook.com\/produncanland\" \/>\n<meta property=\"article:modified_time\" content=\"2025-08-11T16:07:13+00:00\" \/>\n<meta property=\"og:image\" content=\"https:\/\/produncan.cl\/wp-content\/uploads\/2021\/05\/Campito-Pradera-Hermosa-vendido.jpg\" \/>\n\t<meta property=\"og:image:width\" content=\"600\" \/>\n\t<meta property=\"og:image:height\" content=\"450\" \/>\n\t<meta property=\"og:image:type\" content=\"image\/jpeg\" \/>\n<meta name=\"twitter:card\" content=\"summary_large_image\" \/>\n<meta name=\"twitter:label1\" content=\"Price\" \/>\n\t<meta name=\"twitter:data1\" content=\"\" \/>\n\t<meta name=\"twitter:label2\" content=\"Availability\" \/>\n\t<meta name=\"twitter:data2\" content=\"Out of stock\" \/>\n<script type=\"application\/ld+json\" class=\"yoast-schema-graph\">{\"@context\":\"https:\\\/\\\/schema.org\",\"@graph\":[{\"@type\":\"WebPage\",\"@id\":\"https:\\\/\\\/produncan.cl\\\/de\\\/produkt\\\/campito-pradera-hermosa-los-muermos-seengebiet\\\/\",\"url\":\"https:\\\/\\\/produncan.cl\\\/de\\\/produkt\\\/campito-pradera-hermosa-los-muermos-seengebiet\\\/\",\"name\":\"\\\"Campito Pradera Hermosa - Los Muermos - Regi\u00f3n de Los Lagos\\\" - Produncan\",\"isPartOf\":{\"@id\":\"https:\\\/\\\/produncan.cl\\\/de\\\/#website\"},\"primaryImageOfPage\":{\"@id\":\"https:\\\/\\\/produncan.cl\\\/de\\\/produkt\\\/campito-pradera-hermosa-los-muermos-seengebiet\\\/#primaryimage\"},\"image\":{\"@id\":\"https:\\\/\\\/produncan.cl\\\/de\\\/produkt\\\/campito-pradera-hermosa-los-muermos-seengebiet\\\/#primaryimage\"},\"thumbnailUrl\":\"https:\\\/\\\/produncan.cl\\\/wp-content\\\/uploads\\\/2021\\\/05\\\/Campito-Pradera-Hermosa-vendido.jpg\",\"datePublished\":\"2020-05-17T01:37:43+00:00\",\"dateModified\":\"2025-08-11T16:07:13+00:00\",\"description\":\"\\\"Ein kleines Feld von 1 Hektar mit Fluss, angrenzend an die Stra\u00dfe, gr\u00f6\u00dftenteils Wiese, Strom, wundersch\u00f6ne Aussicht und nur 15 Minuten von Los Muermos entfernt.\\\"\",\"breadcrumb\":{\"@id\":\"https:\\\/\\\/produncan.cl\\\/de\\\/produkt\\\/campito-pradera-hermosa-los-muermos-seengebiet\\\/#breadcrumb\"},\"inLanguage\":\"de-DE\",\"potentialAction\":[{\"@type\":\"ReadAction\",\"target\":[\"https:\\\/\\\/produncan.cl\\\/de\\\/produkt\\\/campito-pradera-hermosa-los-muermos-seengebiet\\\/\"]}]},{\"@type\":\"ImageObject\",\"inLanguage\":\"de-DE\",\"@id\":\"https:\\\/\\\/produncan.cl\\\/de\\\/produkt\\\/campito-pradera-hermosa-los-muermos-seengebiet\\\/#primaryimage\",\"url\":\"https:\\\/\\\/produncan.cl\\\/wp-content\\\/uploads\\\/2021\\\/05\\\/Campito-Pradera-Hermosa-vendido.jpg\",\"contentUrl\":\"https:\\\/\\\/produncan.cl\\\/wp-content\\\/uploads\\\/2021\\\/05\\\/Campito-Pradera-Hermosa-vendido.jpg\",\"width\":600,\"height\":450},{\"@type\":\"BreadcrumbList\",\"@id\":\"https:\\\/\\\/produncan.cl\\\/de\\\/produkt\\\/campito-pradera-hermosa-los-muermos-seengebiet\\\/#breadcrumb\",\"itemListElement\":[{\"@type\":\"ListItem\",\"position\":1,\"name\":\"Inicio\",\"item\":\"https:\\\/\\\/produncan.cl\\\/de\\\/\"},{\"@type\":\"ListItem\",\"position\":2,\"name\":\"Eigenschaften\",\"item\":\"https:\\\/\\\/produncan.cl\\\/propiedades\\\/\"},{\"@type\":\"ListItem\",\"position\":3,\"name\":\"Felder\",\"item\":\"https:\\\/\\\/produncan.cl\\\/de\\\/kategorie\\\/felder\\\/\"},{\"@type\":\"ListItem\",\"position\":4,\"name\":\"&#8220;Campito Pradera Hermosa &#8211; Los Muermos &#8211; Regi\u00f3n de Los Lagos&#8221;\"}]},{\"@type\":\"WebSite\",\"@id\":\"https:\\\/\\\/produncan.cl\\\/de\\\/#website\",\"url\":\"https:\\\/\\\/produncan.cl\\\/de\\\/\",\"name\":\"Produncan\",\"description\":\"Wir begleiten Sie bei Ihrem Lebensprojekt!\",\"publisher\":{\"@id\":\"https:\\\/\\\/produncan.cl\\\/de\\\/#organization\"},\"potentialAction\":[{\"@type\":\"SearchAction\",\"target\":{\"@type\":\"EntryPoint\",\"urlTemplate\":\"https:\\\/\\\/produncan.cl\\\/de\\\/?s={search_term_string}\"},\"query-input\":{\"@type\":\"PropertyValueSpecification\",\"valueRequired\":true,\"valueName\":\"search_term_string\"}}],\"inLanguage\":\"de-DE\"},{\"@type\":\"Organization\",\"@id\":\"https:\\\/\\\/produncan.cl\\\/de\\\/#organization\",\"name\":\"Produncan\",\"url\":\"https:\\\/\\\/produncan.cl\\\/de\\\/\",\"logo\":{\"@type\":\"ImageObject\",\"inLanguage\":\"de-DE\",\"@id\":\"https:\\\/\\\/produncan.cl\\\/de\\\/#\\\/schema\\\/logo\\\/image\\\/\",\"url\":\"https:\\\/\\\/produncan.cl\\\/wp-content\\\/uploads\\\/2021\\\/03\\\/LOGO.jpeg\",\"contentUrl\":\"https:\\\/\\\/produncan.cl\\\/wp-content\\\/uploads\\\/2021\\\/03\\\/LOGO.jpeg\",\"width\":1280,\"height\":903,\"caption\":\"Produncan\"},\"image\":{\"@id\":\"https:\\\/\\\/produncan.cl\\\/de\\\/#\\\/schema\\\/logo\\\/image\\\/\"},\"sameAs\":[\"https:\\\/\\\/web.facebook.com\\\/produncanland\",\"https:\\\/\\\/www.instagram.com\\\/pro_duncan\\\/\",\"https:\\\/\\\/www.linkedin.com\\\/company\\\/produncan-lands\\\/\",\"https:\\\/\\\/www.youtube.com\\\/channel\\\/UCu7N-f3x0svkazD-Eew1-QQ\"],\"description\":\"En Produncan somos especialistas en la venta de terrenos en el sur de Chile. Proveemos estancias, campos, parcelas y hoteles.\",\"email\":\"info@produncan.cl\"}]}<\/script>\n<meta property=\"og:video\" content=\"https:\/\/www.youtube.com\/embed\/qWMFtDlDd6Y\" \/>\n<meta property=\"og:video:type\" content=\"text\/html\" \/>\n<meta property=\"og:video:duration\" content=\"80\" \/>\n<meta property=\"og:video:width\" content=\"480\" \/>\n<meta property=\"og:video:height\" content=\"360\" \/>\n<meta property=\"ya:ovs:adult\" content=\"false\" \/>\n<meta property=\"ya:ovs:upload_date\" content=\"2020-05-17T01:37:43+00:00\" \/>\n<meta property=\"ya:ovs:allow_embed\" content=\"true\" \/>\n<meta property=\"product:price:currency\" content=\"USD\" \/>\n<meta property=\"og:availability\" content=\"out of stock\" \/>\n<meta property=\"product:availability\" content=\"out of stock\" \/>\n<meta property=\"product:condition\" content=\"new\" \/>\n<!-- \/ Yoast SEO Premium plugin. -->","yoast_head_json":{"title":"\"Campito Pradera Hermosa - Los Muermos - Regi\u00f3n de Los Lagos\" - Produncan","description":"\"Ein kleines Feld von 1 Hektar mit Fluss, angrenzend an die Stra\u00dfe, gr\u00f6\u00dftenteils Wiese, Strom, wundersch\u00f6ne Aussicht und nur 15 Minuten von Los Muermos entfernt.\"","robots":{"index":"index","follow":"follow","max-snippet":"max-snippet:-1","max-image-preview":"max-image-preview:large","max-video-preview":"max-video-preview:-1"},"canonical":"https:\/\/produncan.cl\/de\/produkt\/campito-pradera-hermosa-los-muermos-seengebiet\/","og_locale":"de_DE","og_type":"article","og_title":"\"Campito Pradera Hermosa - Los Muermos - Regi\u00f3n de Los Lagos\"","og_description":"\"Ein kleines Feld von 1 Hektar mit Fluss, angrenzend an die Stra\u00dfe, gr\u00f6\u00dftenteils Wiese, Strom, wundersch\u00f6ne Aussicht und nur 15 Minuten von Los Muermos entfernt.\"","og_url":"https:\/\/produncan.cl\/de\/produkt\/campito-pradera-hermosa-los-muermos-seengebiet\/","og_site_name":"Produncan","article_publisher":"https:\/\/web.facebook.com\/produncanland","article_modified_time":"2025-08-11T16:07:13+00:00","og_image":[{"width":600,"height":450,"url":"https:\/\/produncan.cl\/wp-content\/uploads\/2021\/05\/Campito-Pradera-Hermosa-vendido.jpg","type":"image\/jpeg"}],"twitter_card":"summary_large_image","twitter_misc":{"Price":"","Availability":"Out of stock"},"schema":{"@context":"https:\/\/schema.org","@graph":[{"@type":"WebPage","@id":"https:\/\/produncan.cl\/de\/produkt\/campito-pradera-hermosa-los-muermos-seengebiet\/","url":"https:\/\/produncan.cl\/de\/produkt\/campito-pradera-hermosa-los-muermos-seengebiet\/","name":"\"Campito Pradera Hermosa - Los Muermos - Regi\u00f3n de Los Lagos\" - Produncan","isPartOf":{"@id":"https:\/\/produncan.cl\/de\/#website"},"primaryImageOfPage":{"@id":"https:\/\/produncan.cl\/de\/produkt\/campito-pradera-hermosa-los-muermos-seengebiet\/#primaryimage"},"image":{"@id":"https:\/\/produncan.cl\/de\/produkt\/campito-pradera-hermosa-los-muermos-seengebiet\/#primaryimage"},"thumbnailUrl":"https:\/\/produncan.cl\/wp-content\/uploads\/2021\/05\/Campito-Pradera-Hermosa-vendido.jpg","datePublished":"2020-05-17T01:37:43+00:00","dateModified":"2025-08-11T16:07:13+00:00","description":"\"Ein kleines Feld von 1 Hektar mit Fluss, angrenzend an die Stra\u00dfe, gr\u00f6\u00dftenteils Wiese, Strom, wundersch\u00f6ne Aussicht und nur 15 Minuten von Los Muermos entfernt.\"","breadcrumb":{"@id":"https:\/\/produncan.cl\/de\/produkt\/campito-pradera-hermosa-los-muermos-seengebiet\/#breadcrumb"},"inLanguage":"de-DE","potentialAction":[{"@type":"ReadAction","target":["https:\/\/produncan.cl\/de\/produkt\/campito-pradera-hermosa-los-muermos-seengebiet\/"]}]},{"@type":"ImageObject","inLanguage":"de-DE","@id":"https:\/\/produncan.cl\/de\/produkt\/campito-pradera-hermosa-los-muermos-seengebiet\/#primaryimage","url":"https:\/\/produncan.cl\/wp-content\/uploads\/2021\/05\/Campito-Pradera-Hermosa-vendido.jpg","contentUrl":"https:\/\/produncan.cl\/wp-content\/uploads\/2021\/05\/Campito-Pradera-Hermosa-vendido.jpg","width":600,"height":450},{"@type":"BreadcrumbList","@id":"https:\/\/produncan.cl\/de\/produkt\/campito-pradera-hermosa-los-muermos-seengebiet\/#breadcrumb","itemListElement":[{"@type":"ListItem","position":1,"name":"Inicio","item":"https:\/\/produncan.cl\/de\/"},{"@type":"ListItem","position":2,"name":"Eigenschaften","item":"https:\/\/produncan.cl\/propiedades\/"},{"@type":"ListItem","position":3,"name":"Felder","item":"https:\/\/produncan.cl\/de\/kategorie\/felder\/"},{"@type":"ListItem","position":4,"name":"&#8220;Campito Pradera Hermosa &#8211; Los Muermos &#8211; Regi\u00f3n de Los Lagos&#8221;"}]},{"@type":"WebSite","@id":"https:\/\/produncan.cl\/de\/#website","url":"https:\/\/produncan.cl\/de\/","name":"Produncan","description":"Wir begleiten Sie bei Ihrem Lebensprojekt!","publisher":{"@id":"https:\/\/produncan.cl\/de\/#organization"},"potentialAction":[{"@type":"SearchAction","target":{"@type":"EntryPoint","urlTemplate":"https:\/\/produncan.cl\/de\/?s={search_term_string}"},"query-input":{"@type":"PropertyValueSpecification","valueRequired":true,"valueName":"search_term_string"}}],"inLanguage":"de-DE"},{"@type":"Organization","@id":"https:\/\/produncan.cl\/de\/#organization","name":"Produncan","url":"https:\/\/produncan.cl\/de\/","logo":{"@type":"ImageObject","inLanguage":"de-DE","@id":"https:\/\/produncan.cl\/de\/#\/schema\/logo\/image\/","url":"https:\/\/produncan.cl\/wp-content\/uploads\/2021\/03\/LOGO.jpeg","contentUrl":"https:\/\/produncan.cl\/wp-content\/uploads\/2021\/03\/LOGO.jpeg","width":1280,"height":903,"caption":"Produncan"},"image":{"@id":"https:\/\/produncan.cl\/de\/#\/schema\/logo\/image\/"},"sameAs":["https:\/\/web.facebook.com\/produncanland","https:\/\/www.instagram.com\/pro_duncan\/","https:\/\/www.linkedin.com\/company\/produncan-lands\/","https:\/\/www.youtube.com\/channel\/UCu7N-f3x0svkazD-Eew1-QQ"],"description":"En Produncan somos especialistas en la venta de terrenos en el sur de Chile. Proveemos estancias, campos, parcelas y hoteles.","email":"info@produncan.cl"}]},"og_video":"https:\/\/www.youtube.com\/embed\/qWMFtDlDd6Y","og_video_type":"text\/html","og_video_duration":"80","og_video_width":"480","og_video_height":"360","ya_ovs_adult":"false","ya_ovs_upload_date":"2020-05-17T01:37:43+00:00","ya_ovs_allow_embed":"true","product_price_currency":"USD","og_availability":"out of stock","product_availability":"out of stock","product_condition":"new"},"_links":{"self":[{"href":"https:\/\/produncan.cl\/de\/wp-json\/wp\/v2\/product\/29943","targetHints":{"allow":["GET"]}}],"collection":[{"href":"https:\/\/produncan.cl\/de\/wp-json\/wp\/v2\/product"}],"about":[{"href":"https:\/\/produncan.cl\/de\/wp-json\/wp\/v2\/types\/product"}],"version-history":[{"count":0,"href":"https:\/\/produncan.cl\/de\/wp-json\/wp\/v2\/product\/29943\/revisions"}],"wp:featuredmedia":[{"embeddable":true,"href":"https:\/\/produncan.cl\/de\/wp-json\/wp\/v2\/media\/31533"}],"wp:attachment":[{"href":"https:\/\/produncan.cl\/de\/wp-json\/wp\/v2\/media?parent=29943"}],"wp:term":[{"taxonomy":"product_brand","embeddable":true,"href":"https:\/\/produncan.cl\/de\/wp-json\/wp\/v2\/product_brand?post=29943"},{"taxonomy":"product_cat","embeddable":true,"href":"https:\/\/produncan.cl\/de\/wp-json\/wp\/v2\/product_cat?post=29943"},{"taxonomy":"product_tag","embeddable":true,"href":"https:\/\/produncan.cl\/de\/wp-json\/wp\/v2\/product_tag?post=29943"},{"taxonomy":"regiones","embeddable":true,"href":"https:\/\/produncan.cl\/de\/wp-json\/wp\/v2\/regiones?post=29943"},{"taxonomy":"ciudades","embeddable":true,"href":"https:\/\/produncan.cl\/de\/wp-json\/wp\/v2\/ciudades?post=29943"}],"curies":[{"name":"wp","href":"https:\/\/api.w.org\/{rel}","templated":true}]}}