{"id":31736,"date":"2021-11-05T19:14:32","date_gmt":"2021-11-05T22:14:32","guid":{"rendered":"https:\/\/produncan.cl\/producto\/estancia-indiana-feuerland\/"},"modified":"2025-08-14T12:34:32","modified_gmt":"2025-08-14T16:34:32","slug":"estancia-indiana-feuerland","status":"publish","type":"product","link":"https:\/\/produncan.cl\/de\/produkt\/estancia-indiana-feuerland\/","title":{"rendered":"&#8220;Feld in Feuerland, Estancia Indiana &#8211; Region Magallanes&#8221;"},"content":{"rendered":"\t\t<div data-elementor-type=\"product-post\" data-elementor-id=\"31736\" class=\"elementor elementor-31736 elementor-31606\" data-elementor-post-type=\"product\">\n\t\t\t\t<div class=\"elementor-element elementor-element-50995fe e-flex e-con-boxed e-con e-parent\" data-id=\"50995fe\" data-element_type=\"container\" data-e-type=\"container\" data-settings=\"{&quot;jet_parallax_layout_list&quot;:[]}\">\n\t\t\t\t\t<div class=\"e-con-inner\">\n\t\t\t\t<div class=\"elementor-element elementor-element-43e2156 elementor-widget elementor-widget-heading\" data-id=\"43e2156\" data-element_type=\"widget\" data-e-type=\"widget\" data-widget_type=\"heading.default\">\n\t\t\t\t\t<h2 class=\"elementor-heading-title elementor-size-default\">\"Ein Aufenthalt in Tierra del Fuego, perfekt f\u00fcr dein Projekt\"<\/h2>\t\t\t\t<\/div>\n\t\t\t\t\t<\/div>\n\t\t\t\t<\/div>\n\t\t<div class=\"elementor-element elementor-element-6bd5c71 e-flex e-con-boxed e-con e-parent\" data-id=\"6bd5c71\" data-element_type=\"container\" data-e-type=\"container\" data-settings=\"{&quot;jet_parallax_layout_list&quot;:[]}\">\n\t\t\t\t\t<div class=\"e-con-inner\">\n\t\t\t\t<div class=\"elementor-element elementor-element-3436691 elementor-widget elementor-widget-text-editor\" data-id=\"3436691\" data-element_type=\"widget\" data-e-type=\"widget\" data-widget_type=\"text-editor.default\">\n\t\t\t\t\t\t\t\t\t&#8220;`html\n<p>Fl\u00e4che: 2000 Hektar<\/p>\n<p>Preis ohne Schafe: $1.000.000 pro Hektar ($2.000.000.000 insgesamt)<\/p>\n<p>Entdecken Sie die ungez\u00e4hmte Sch\u00f6nheit von Feuerland mit diesem spektakul\u00e4ren Anwesen von 2000 Hektar, das haupts\u00e4chlich der Schafzucht gewidmet ist. Das Anwesen umfasst eine aktuelle Produktion von 2000 L\u00e4mmern, die nach der Geburt auf 3600 ansteigt, und verf\u00fcgt \u00fcber 25 Hektar Luzernenanbau.<\/p>\n<p>Einrichtungen:<\/p>\n<ul>\n<li>Zwei H\u00e4user<\/li>\n<li>Keller<\/li>\n<li>Schurhalle<\/li>\n<li>Metallische Gehege der neuesten Generation<\/li>\n<\/ul>\n<div>&nbsp;<\/div>\n<p>Der Zugang erfolgt \u00fcber eine asphaltierte Stra\u00dfe und einen 6 Kilometer langen Schotterweg. Das Anwesen, gr\u00f6\u00dftenteils mit flacher Topographie, beherbergt eine reiche Vielfalt an Flora und Fauna, darunter Kondore, Flamingos, Guanakos, Grauf\u00fcchse und die sch\u00f6ne schwarze Mata.<\/p>\n<p>Das Feld in Feuerland Estancia Indiana verf\u00fcgt \u00fcber zwei Brunnen mit einer Tiefe von 70 Metern und einer Durchflussmenge von \u00bd Liter pro Sekunde f\u00fcr jeden. Dar\u00fcber hinaus wird das Anwesen durch Solarenergie mit Strom versorgt, mit 9 Solarmodulen f\u00fcr eine Gesamtproduktion von 3 kW plus einem Generator.<\/p>\n<p>Dieses Anwesen ist ideal sowohl f\u00fcr Landwirte, die ihre Produktion steigern m\u00f6chten, als auch f\u00fcr neue Abenteurer, die in einer Umgebung fernab des modernen Trubels unternehmen m\u00f6chten.<\/p>\n<p>Verpassen Sie nicht die Gelegenheit, Ihren Traum im Herzen von Feuerland zu verwirklichen. Kontaktieren Sie uns f\u00fcr weitere Informationen!<\/p>\n<p>Interessante N\u00e4he:<\/p>\n<ul>\n<li>Estancia China Creek<\/li>\n<li>Caleta Josefina (es gibt ein Hotel)<\/li>\n<li>Pinguinkolonie (K\u00f6nigspinguin)<\/li>\n<li>Cameron<\/li>\n<li>Grenze zu Argentinien in 40 km Entfernung<\/li>\n<\/ul>\n<p>Flora und Fauna<\/p>\n<p>Das Anwesen beherbergt eine beeindruckende Vielfalt an Wildtieren, darunter Kondore, Flamingos, Schwalben, Loicas, Drosseln, Kaisertriel, Stieglitze, Trappen, Kappg\u00e4nse, verschiedene Entenarten, Guanakos, Grauf\u00fcchse, G\u00fcrteltiere und Cururos. Die herausragende Flora umfasst die sch\u00f6ne schwarze Mata, einige einheimische B\u00e4ume rund um die Einrichtungen: Zypressen, Sibirische Pappeln und andere Laub- und immergr\u00fcne B\u00e4ume sowie ein W\u00e4ldchen in der N\u00e4he der Einrichtungen.<\/p>\n<p>Preis mit oder ohne Tiere<\/p>\n<p>Das Anwesen kann mit oder ohne Tiere und Maschinen erworben werden. Der Preis ohne Tiere und Maschinen betr\u00e4gt $1.000.000 pro Hektar, was insgesamt $2.000.000 ergibt.<\/p>\n&#8220;`\t\t\t\t\t\t\t\t<\/div>\n\t\t\t\t\t<\/div>\n\t\t\t\t<\/div>\n\t\t\t\t<\/div>\n\t\t","protected":false},"excerpt":{"rendered":"<p>&#8220;Feld in Feuerland, Estancia Indiana. F\u00fcr $1.000.000 pro Hektar. Beinhaltet zwei H\u00e4user, Weinkeller, Schuppen f\u00fcr die Schafschur und Metallgehege. Reich an Fauna und Flora, asphaltierter Zugang. Ideal f\u00fcr die Schafzucht.&#8221;<\/p>\n","protected":false},"featured_media":33785,"template":"","meta":{"_acf_changed":false},"product_brand":[],"product_cat":[116],"product_tag":[235,234],"regiones":[225],"ciudades":[210],"class_list":{"0":"post-31736","1":"product","2":"type-product","3":"status-publish","4":"has-post-thumbnail","6":"product_cat-aysen-magallanes-de","7":"product_tag-felder","8":"product_tag-felder-fuer-den-schutz","9":"regiones-aysen-magallanes","10":"ciudades-puerto-natales","12":"first","13":"outofstock","14":"sold-individually","15":"shipping-taxable","16":"product-type-simple"},"acf":[],"yoast_head":"<!-- This site is optimized with the Yoast SEO Premium plugin v26.0 (Yoast SEO v27.3) - https:\/\/yoast.com\/product\/yoast-seo-premium-wordpress\/ -->\n<title>&quot;&quot;Feld in Feuerland, Estancia Indiana - Region Magallanes&quot; &quot;<\/title>\n<meta name=\"description\" content=\"&quot;Campo Estancia Indiana verf\u00fcgt \u00fcber 2000 Hektar in Feuerland zu 1.000.000 $ pro Hektar. Es umfasst zwei H\u00e4user, Weinkeller, eine Scheune und St\u00e4lle.&quot;\" \/>\n<meta name=\"robots\" content=\"index, follow, max-snippet:-1, max-image-preview:large, max-video-preview:-1\" \/>\n<link rel=\"canonical\" href=\"https:\/\/produncan.cl\/de\/produkt\/estancia-indiana-feuerland\/\" \/>\n<meta property=\"og:locale\" content=\"de_DE\" \/>\n<meta property=\"og:type\" content=\"article\" \/>\n<meta property=\"og:title\" content=\"&quot;Feld in Feuerland, Estancia Indiana - Region Magallanes&quot;\" \/>\n<meta property=\"og:description\" content=\"&quot;Campo Estancia Indiana verf\u00fcgt \u00fcber 2000 Hektar in Feuerland zu 1.000.000 $ pro Hektar. Es umfasst zwei H\u00e4user, Weinkeller, eine Scheune und St\u00e4lle.&quot;\" \/>\n<meta property=\"og:url\" content=\"https:\/\/produncan.cl\/de\/produkt\/estancia-indiana-feuerland\/\" \/>\n<meta property=\"og:site_name\" content=\"Produncan\" \/>\n<meta property=\"article:publisher\" content=\"https:\/\/web.facebook.com\/produncanland\" \/>\n<meta property=\"article:modified_time\" content=\"2025-08-14T16:34:32+00:00\" \/>\n<meta property=\"og:image\" content=\"https:\/\/produncan.cl\/wp-content\/uploads\/2024\/07\/Estancia-Indiana-Tierra-del-Fuego.webp\" \/>\n<meta name=\"twitter:card\" content=\"summary_large_image\" \/>\n<meta name=\"twitter:label1\" content=\"Price\" \/>\n\t<meta name=\"twitter:data1\" content=\"\" \/>\n\t<meta name=\"twitter:label2\" content=\"Availability\" \/>\n\t<meta name=\"twitter:data2\" content=\"Out of stock\" \/>\n<script type=\"application\/ld+json\" class=\"yoast-schema-graph\">{\"@context\":\"https:\\\/\\\/schema.org\",\"@graph\":[{\"@type\":\"WebPage\",\"@id\":\"https:\\\/\\\/produncan.cl\\\/de\\\/produkt\\\/estancia-indiana-feuerland\\\/\",\"url\":\"https:\\\/\\\/produncan.cl\\\/de\\\/produkt\\\/estancia-indiana-feuerland\\\/\",\"name\":\"\\\"\\\"Feld in Feuerland, Estancia Indiana - Region Magallanes\\\" \\\"\",\"isPartOf\":{\"@id\":\"https:\\\/\\\/produncan.cl\\\/de\\\/#website\"},\"primaryImageOfPage\":{\"@id\":\"https:\\\/\\\/produncan.cl\\\/de\\\/produkt\\\/estancia-indiana-feuerland\\\/#primaryimage\"},\"image\":{\"@id\":\"https:\\\/\\\/produncan.cl\\\/de\\\/produkt\\\/estancia-indiana-feuerland\\\/#primaryimage\"},\"thumbnailUrl\":\"https:\\\/\\\/produncan.cl\\\/wp-content\\\/uploads\\\/2024\\\/07\\\/Estancia-Indiana-Vendido.webp\",\"datePublished\":\"2021-11-05T22:14:32+00:00\",\"dateModified\":\"2025-08-14T16:34:32+00:00\",\"description\":\"\\\"Campo Estancia Indiana verf\u00fcgt \u00fcber 2000 Hektar in Feuerland zu 1.000.000 $ pro Hektar. Es umfasst zwei H\u00e4user, Weinkeller, eine Scheune und St\u00e4lle.\\\"\",\"breadcrumb\":{\"@id\":\"https:\\\/\\\/produncan.cl\\\/de\\\/produkt\\\/estancia-indiana-feuerland\\\/#breadcrumb\"},\"inLanguage\":\"de-DE\",\"potentialAction\":[{\"@type\":\"ReadAction\",\"target\":[\"https:\\\/\\\/produncan.cl\\\/de\\\/produkt\\\/estancia-indiana-feuerland\\\/\"]}]},{\"@type\":\"ImageObject\",\"inLanguage\":\"de-DE\",\"@id\":\"https:\\\/\\\/produncan.cl\\\/de\\\/produkt\\\/estancia-indiana-feuerland\\\/#primaryimage\",\"url\":\"https:\\\/\\\/produncan.cl\\\/wp-content\\\/uploads\\\/2024\\\/07\\\/Estancia-Indiana-Vendido.webp\",\"contentUrl\":\"https:\\\/\\\/produncan.cl\\\/wp-content\\\/uploads\\\/2024\\\/07\\\/Estancia-Indiana-Vendido.webp\",\"width\":600,\"height\":450},{\"@type\":\"BreadcrumbList\",\"@id\":\"https:\\\/\\\/produncan.cl\\\/de\\\/produkt\\\/estancia-indiana-feuerland\\\/#breadcrumb\",\"itemListElement\":[{\"@type\":\"ListItem\",\"position\":1,\"name\":\"Inicio\",\"item\":\"https:\\\/\\\/produncan.cl\\\/de\\\/\"},{\"@type\":\"ListItem\",\"position\":2,\"name\":\"Eigenschaften\",\"item\":\"https:\\\/\\\/produncan.cl\\\/propiedades\\\/\"},{\"@type\":\"ListItem\",\"position\":3,\"name\":\"Felder\",\"item\":\"https:\\\/\\\/produncan.cl\\\/de\\\/kategorie\\\/felder\\\/\"},{\"@type\":\"ListItem\",\"position\":4,\"name\":\"&#8220;Feld in Feuerland, Estancia Indiana &#8211; Region Magallanes&#8221;\"}]},{\"@type\":\"WebSite\",\"@id\":\"https:\\\/\\\/produncan.cl\\\/de\\\/#website\",\"url\":\"https:\\\/\\\/produncan.cl\\\/de\\\/\",\"name\":\"Produncan\",\"description\":\"Wir begleiten Sie bei Ihrem Lebensprojekt!\",\"publisher\":{\"@id\":\"https:\\\/\\\/produncan.cl\\\/de\\\/#organization\"},\"potentialAction\":[{\"@type\":\"SearchAction\",\"target\":{\"@type\":\"EntryPoint\",\"urlTemplate\":\"https:\\\/\\\/produncan.cl\\\/de\\\/?s={search_term_string}\"},\"query-input\":{\"@type\":\"PropertyValueSpecification\",\"valueRequired\":true,\"valueName\":\"search_term_string\"}}],\"inLanguage\":\"de-DE\"},{\"@type\":\"Organization\",\"@id\":\"https:\\\/\\\/produncan.cl\\\/de\\\/#organization\",\"name\":\"Produncan\",\"url\":\"https:\\\/\\\/produncan.cl\\\/de\\\/\",\"logo\":{\"@type\":\"ImageObject\",\"inLanguage\":\"de-DE\",\"@id\":\"https:\\\/\\\/produncan.cl\\\/de\\\/#\\\/schema\\\/logo\\\/image\\\/\",\"url\":\"https:\\\/\\\/produncan.cl\\\/wp-content\\\/uploads\\\/2021\\\/03\\\/LOGO.jpeg\",\"contentUrl\":\"https:\\\/\\\/produncan.cl\\\/wp-content\\\/uploads\\\/2021\\\/03\\\/LOGO.jpeg\",\"width\":1280,\"height\":903,\"caption\":\"Produncan\"},\"image\":{\"@id\":\"https:\\\/\\\/produncan.cl\\\/de\\\/#\\\/schema\\\/logo\\\/image\\\/\"},\"sameAs\":[\"https:\\\/\\\/web.facebook.com\\\/produncanland\",\"https:\\\/\\\/www.instagram.com\\\/pro_duncan\\\/\",\"https:\\\/\\\/www.linkedin.com\\\/company\\\/produncan-lands\\\/\",\"https:\\\/\\\/www.youtube.com\\\/channel\\\/UCu7N-f3x0svkazD-Eew1-QQ\"],\"description\":\"En Produncan somos especialistas en la venta de terrenos en el sur de Chile. Proveemos estancias, campos, parcelas y hoteles.\",\"email\":\"info@produncan.cl\"}]}<\/script>\n<meta property=\"og:video\" content=\"https:\/\/www.youtube.com\/embed\/m3ga0IENTcM\" \/>\n<meta property=\"og:video:type\" content=\"text\/html\" \/>\n<meta property=\"og:video:duration\" content=\"59\" \/>\n<meta property=\"og:video:width\" content=\"480\" \/>\n<meta property=\"og:video:height\" content=\"270\" \/>\n<meta property=\"ya:ovs:adult\" content=\"false\" \/>\n<meta property=\"ya:ovs:upload_date\" content=\"2021-11-05T22:14:32+00:00\" \/>\n<meta property=\"ya:ovs:allow_embed\" content=\"true\" \/>\n<meta property=\"product:price:currency\" content=\"USD\" \/>\n<meta property=\"og:availability\" content=\"out of stock\" \/>\n<meta property=\"product:availability\" content=\"out of stock\" \/>\n<meta property=\"product:condition\" content=\"new\" \/>\n<!-- \/ Yoast SEO Premium plugin. -->","yoast_head_json":{"title":"\"\"Feld in Feuerland, Estancia Indiana - Region Magallanes\" \"","description":"\"Campo Estancia Indiana verf\u00fcgt \u00fcber 2000 Hektar in Feuerland zu 1.000.000 $ pro Hektar. Es umfasst zwei H\u00e4user, Weinkeller, eine Scheune und St\u00e4lle.\"","robots":{"index":"index","follow":"follow","max-snippet":"max-snippet:-1","max-image-preview":"max-image-preview:large","max-video-preview":"max-video-preview:-1"},"canonical":"https:\/\/produncan.cl\/de\/produkt\/estancia-indiana-feuerland\/","og_locale":"de_DE","og_type":"article","og_title":"\"Feld in Feuerland, Estancia Indiana - Region Magallanes\"","og_description":"\"Campo Estancia Indiana verf\u00fcgt \u00fcber 2000 Hektar in Feuerland zu 1.000.000 $ pro Hektar. Es umfasst zwei H\u00e4user, Weinkeller, eine Scheune und St\u00e4lle.\"","og_url":"https:\/\/produncan.cl\/de\/produkt\/estancia-indiana-feuerland\/","og_site_name":"Produncan","article_publisher":"https:\/\/web.facebook.com\/produncanland","article_modified_time":"2025-08-14T16:34:32+00:00","og_image":[{"url":"https:\/\/produncan.cl\/wp-content\/uploads\/2024\/07\/Estancia-Indiana-Tierra-del-Fuego.webp","type":"","width":"","height":""}],"twitter_card":"summary_large_image","twitter_misc":{"Price":"","Availability":"Out of stock"},"schema":{"@context":"https:\/\/schema.org","@graph":[{"@type":"WebPage","@id":"https:\/\/produncan.cl\/de\/produkt\/estancia-indiana-feuerland\/","url":"https:\/\/produncan.cl\/de\/produkt\/estancia-indiana-feuerland\/","name":"\"\"Feld in Feuerland, Estancia Indiana - Region Magallanes\" \"","isPartOf":{"@id":"https:\/\/produncan.cl\/de\/#website"},"primaryImageOfPage":{"@id":"https:\/\/produncan.cl\/de\/produkt\/estancia-indiana-feuerland\/#primaryimage"},"image":{"@id":"https:\/\/produncan.cl\/de\/produkt\/estancia-indiana-feuerland\/#primaryimage"},"thumbnailUrl":"https:\/\/produncan.cl\/wp-content\/uploads\/2024\/07\/Estancia-Indiana-Vendido.webp","datePublished":"2021-11-05T22:14:32+00:00","dateModified":"2025-08-14T16:34:32+00:00","description":"\"Campo Estancia Indiana verf\u00fcgt \u00fcber 2000 Hektar in Feuerland zu 1.000.000 $ pro Hektar. Es umfasst zwei H\u00e4user, Weinkeller, eine Scheune und St\u00e4lle.\"","breadcrumb":{"@id":"https:\/\/produncan.cl\/de\/produkt\/estancia-indiana-feuerland\/#breadcrumb"},"inLanguage":"de-DE","potentialAction":[{"@type":"ReadAction","target":["https:\/\/produncan.cl\/de\/produkt\/estancia-indiana-feuerland\/"]}]},{"@type":"ImageObject","inLanguage":"de-DE","@id":"https:\/\/produncan.cl\/de\/produkt\/estancia-indiana-feuerland\/#primaryimage","url":"https:\/\/produncan.cl\/wp-content\/uploads\/2024\/07\/Estancia-Indiana-Vendido.webp","contentUrl":"https:\/\/produncan.cl\/wp-content\/uploads\/2024\/07\/Estancia-Indiana-Vendido.webp","width":600,"height":450},{"@type":"BreadcrumbList","@id":"https:\/\/produncan.cl\/de\/produkt\/estancia-indiana-feuerland\/#breadcrumb","itemListElement":[{"@type":"ListItem","position":1,"name":"Inicio","item":"https:\/\/produncan.cl\/de\/"},{"@type":"ListItem","position":2,"name":"Eigenschaften","item":"https:\/\/produncan.cl\/propiedades\/"},{"@type":"ListItem","position":3,"name":"Felder","item":"https:\/\/produncan.cl\/de\/kategorie\/felder\/"},{"@type":"ListItem","position":4,"name":"&#8220;Feld in Feuerland, Estancia Indiana &#8211; Region Magallanes&#8221;"}]},{"@type":"WebSite","@id":"https:\/\/produncan.cl\/de\/#website","url":"https:\/\/produncan.cl\/de\/","name":"Produncan","description":"Wir begleiten Sie bei Ihrem Lebensprojekt!","publisher":{"@id":"https:\/\/produncan.cl\/de\/#organization"},"potentialAction":[{"@type":"SearchAction","target":{"@type":"EntryPoint","urlTemplate":"https:\/\/produncan.cl\/de\/?s={search_term_string}"},"query-input":{"@type":"PropertyValueSpecification","valueRequired":true,"valueName":"search_term_string"}}],"inLanguage":"de-DE"},{"@type":"Organization","@id":"https:\/\/produncan.cl\/de\/#organization","name":"Produncan","url":"https:\/\/produncan.cl\/de\/","logo":{"@type":"ImageObject","inLanguage":"de-DE","@id":"https:\/\/produncan.cl\/de\/#\/schema\/logo\/image\/","url":"https:\/\/produncan.cl\/wp-content\/uploads\/2021\/03\/LOGO.jpeg","contentUrl":"https:\/\/produncan.cl\/wp-content\/uploads\/2021\/03\/LOGO.jpeg","width":1280,"height":903,"caption":"Produncan"},"image":{"@id":"https:\/\/produncan.cl\/de\/#\/schema\/logo\/image\/"},"sameAs":["https:\/\/web.facebook.com\/produncanland","https:\/\/www.instagram.com\/pro_duncan\/","https:\/\/www.linkedin.com\/company\/produncan-lands\/","https:\/\/www.youtube.com\/channel\/UCu7N-f3x0svkazD-Eew1-QQ"],"description":"En Produncan somos especialistas en la venta de terrenos en el sur de Chile. Proveemos estancias, campos, parcelas y hoteles.","email":"info@produncan.cl"}]},"og_video":"https:\/\/www.youtube.com\/embed\/m3ga0IENTcM","og_video_type":"text\/html","og_video_duration":"59","og_video_width":"480","og_video_height":"270","ya_ovs_adult":"false","ya_ovs_upload_date":"2021-11-05T22:14:32+00:00","ya_ovs_allow_embed":"true","product_price_currency":"USD","og_availability":"out of stock","product_availability":"out of stock","product_condition":"new"},"_links":{"self":[{"href":"https:\/\/produncan.cl\/de\/wp-json\/wp\/v2\/product\/31736","targetHints":{"allow":["GET"]}}],"collection":[{"href":"https:\/\/produncan.cl\/de\/wp-json\/wp\/v2\/product"}],"about":[{"href":"https:\/\/produncan.cl\/de\/wp-json\/wp\/v2\/types\/product"}],"version-history":[{"count":0,"href":"https:\/\/produncan.cl\/de\/wp-json\/wp\/v2\/product\/31736\/revisions"}],"wp:featuredmedia":[{"embeddable":true,"href":"https:\/\/produncan.cl\/de\/wp-json\/wp\/v2\/media\/33785"}],"wp:attachment":[{"href":"https:\/\/produncan.cl\/de\/wp-json\/wp\/v2\/media?parent=31736"}],"wp:term":[{"taxonomy":"product_brand","embeddable":true,"href":"https:\/\/produncan.cl\/de\/wp-json\/wp\/v2\/product_brand?post=31736"},{"taxonomy":"product_cat","embeddable":true,"href":"https:\/\/produncan.cl\/de\/wp-json\/wp\/v2\/product_cat?post=31736"},{"taxonomy":"product_tag","embeddable":true,"href":"https:\/\/produncan.cl\/de\/wp-json\/wp\/v2\/product_tag?post=31736"},{"taxonomy":"regiones","embeddable":true,"href":"https:\/\/produncan.cl\/de\/wp-json\/wp\/v2\/regiones?post=31736"},{"taxonomy":"ciudades","embeddable":true,"href":"https:\/\/produncan.cl\/de\/wp-json\/wp\/v2\/ciudades?post=31736"}],"curies":[{"name":"wp","href":"https:\/\/api.w.org\/{rel}","templated":true}]}}