{"id":32941,"date":"2024-07-23T13:36:52","date_gmt":"2024-07-23T17:36:52","guid":{"rendered":"https:\/\/produncan.cl\/producto\/parcela-rio-tepu-ensenada-region-de-los-lagos\/"},"modified":"2025-12-17T14:09:43","modified_gmt":"2025-12-17T17:09:43","slug":"parcela-rio-tepu-ensenada-region-de-los-lagos","status":"publish","type":"product","link":"https:\/\/produncan.cl\/de\/produkt\/parcela-rio-tepu-ensenada-region-de-los-lagos\/","title":{"rendered":"Grundst\u00fcck in Ensenada, R\u00edo Tepu &#8211; Puerto Varas &#8211; Seengebiet"},"content":{"rendered":"\t\t<div data-elementor-type=\"product-post\" data-elementor-id=\"32941\" class=\"elementor elementor-32941 elementor-32867\" data-elementor-post-type=\"product\">\n\t\t\t\t<div class=\"elementor-element elementor-element-fc05c8f e-flex e-con-boxed e-con e-parent\" data-id=\"fc05c8f\" data-element_type=\"container\" data-e-type=\"container\" data-settings=\"{&quot;jet_parallax_layout_list&quot;:[]}\">\n\t\t\t\t\t<div class=\"e-con-inner\">\n\t\t\t\t<div class=\"elementor-element elementor-element-2d12ce4 elementor-widget elementor-widget-heading\" data-id=\"2d12ce4\" data-element_type=\"widget\" data-e-type=\"widget\" data-widget_type=\"heading.default\">\n\t\t\t\t\t<h2 class=\"elementor-heading-title elementor-size-default\">Ein Grundst\u00fcck mit spektakul\u00e4rer Aussicht und nur einen Steinwurf vom See entfernt<\/h2>\t\t\t\t<\/div>\n\t\t\t\t\t<\/div>\n\t\t\t\t<\/div>\n\t\t<div class=\"elementor-element elementor-element-833f150 e-flex e-con-boxed e-con e-parent\" data-id=\"833f150\" data-element_type=\"container\" data-e-type=\"container\" data-settings=\"{&quot;jet_parallax_layout_list&quot;:[]}\">\n\t\t\t\t\t<div class=\"e-con-inner\">\n\t\t\t\t<div class=\"elementor-element elementor-element-ccb8c57 elementor-widget elementor-widget-text-editor\" data-id=\"ccb8c57\" data-element_type=\"widget\" data-e-type=\"widget\" data-widget_type=\"text-editor.default\">\n\t\t\t\t\t\t\t\t\t<p>Entdecken Sie den Ort Ihrer Tr\u00e4ume in diesem spektakul\u00e4ren Grundst\u00fcck in Ensenada, Puerto Varas, nur wenige Schritte vom majest\u00e4tischen Llanquihue See entfernt, mit atemberaubendem Blick auf den See und den imposanten Vulkan Osorno. Wenn Sie in einer exklusiven Umgebung leben m\u00f6chten, die nat\u00fcrliche Sch\u00f6nheit, Komfort und Sicherheit vereint, ist dieses Grundst\u00fcck genau das Richtige f\u00fcr Sie. <\/p>\n<p>Die Lage des Grundst\u00fccks ist un\u00fcbertrefflich. Es befindet sich nur 120 Meter vom Llanquihue-See entfernt, in zweiter Reihe, und 800 Meter von der Ruta 225, die Puerto Varas mit Ensenada verbindet, was einen einfachen Zugang und eine ausgezeichnete Konnektivit\u00e4t garantiert. <\/p>\n<p>Das Grundst\u00fcck in Ensenada hat eine Gesamtfl\u00e4che von 5014,1 m\u00b2 und bietet den idealen Platz, um das Haus Ihrer Tr\u00e4ume zu bauen. Das Land ist gr\u00f6\u00dftenteils mit einheimischen B\u00e4umen wie Coihue, Array\u00e1n, Tepa und Mel\u00ed bewachsen und bietet eine nat\u00fcrliche und private Umgebung, perfekt f\u00fcr Naturliebhaber. <\/p>\n<p>Das Grundst\u00fcck hat Stromanschluss, sehr gutes Telekommunikationssignal mit Glasfaser-Internetzugang und l\u00e4ndliches und l\u00e4ndlichem Trinkwasser , das von MINSAL zertifiziert ist, Damit k\u00f6nnen Sie eine Baugenehmigung und einen kommunalen Empfang erhalten.<\/p>\n<p>Das Grundst\u00fcck liegt in einem geschlossenen Projekt, mit elektrischem Tor und Koexistenzregeln, die f\u00fcr Ruhe und eine gute Organisation unter den Eigent\u00fcmernsorgen.<\/p>\n<p>Die Topographie des Grundst\u00fccks ist flach und nach Norden ausgerichtet, was eine hervorragende Sonneneinstrahlung garantiert.<\/p>\n<p>Das Grundst\u00fcck liegt nur 30 Minuten von Puerto Varas und nur 10 Minuten von Ensenada entfernt, wo Sie alles finden, was Sie zur Versorgung ben\u00f6tigen. Es verf\u00fcgt \u00fcber eine ausgezeichnete Anbindung \u00fcber eine asphaltierte Stra\u00dfe und dann 800 Meter Schotterweg in gutem Zustand. Auf der Stra\u00dfe gibt es \u00f6ffentliche Verkehrsmittel alle 30 Minuten zwischen 6:00 und 20:30 Uhr.  <\/p>\n<p>In der N\u00e4he finden Sie unz\u00e4hlige Touristenattraktionen wie den Vulkan Osorno, Laguna Verde, Saltos del Petrohu\u00e9 und viele andere.<\/p>\n<p>Die Immobilie zahlt alle drei Monate 70.000 Dollar an Gemeinkosten und viertelj\u00e4hrlich Beitr\u00e4ge in H\u00f6he von etwa 70.000 Dollar.<\/p>\n<p>Lassen Sie sich diese einmalige Gelegenheit nicht entgehen. Kontaktieren Sie uns noch heute f\u00fcr weitere Informationen und um einen Besichtigungstermin zu vereinbaren! <\/p>\t\t\t\t\t\t\t\t<\/div>\n\t\t\t\t\t<\/div>\n\t\t\t\t<\/div>\n\t\t\t\t<\/div>\n\t\t","protected":false},"excerpt":{"rendered":"<p>Grundst\u00fcck in Ensenada, 180 Meter vom Llanquihue-See entfernt, mit einem beeindruckenden Blick auf den Vulkan Osorno. Perfekt f\u00fcr das Leben in einer exklusiven Umgebung, die Sch\u00f6nheit mit Komfort, Sicherheit und N\u00e4he kombiniert. <\/p>\n","protected":false},"featured_media":32873,"template":"","meta":{"_acf_changed":false},"product_brand":[],"product_cat":[104],"product_tag":[232,231],"regiones":[226],"ciudades":[213,219],"class_list":{"0":"post-32941","1":"product","2":"type-product","3":"status-publish","4":"has-post-thumbnail","6":"product_cat-ohiggins-los-lagos","7":"product_tag-grundstuecke","8":"product_tag-touristische-immobilien","9":"regiones-nuble-los_lagos","10":"ciudades-ensenada","11":"ciudades-puerto-varas","13":"first","14":"instock","15":"shipping-taxable","16":"purchasable","17":"product-type-simple"},"acf":[],"yoast_head":"<!-- This site is optimized with the Yoast SEO Premium plugin v26.0 (Yoast SEO v27.3) - https:\/\/yoast.com\/product\/yoast-seo-premium-wordpress\/ -->\n<title>Baugrundst\u00fcck in Ensenada, Rio Tepu, Puerto Varas - Produncan<\/title>\n<meta name=\"description\" content=\"Grundst\u00fcck in Ensenada, Rio Tepu, 180 Meter vom Llanquihue-See entfernt mit atemberaubendem Blick auf den Vulkan Osorno. Perfekt, um in einer exklusiven Umgebung zu leben.\" \/>\n<meta name=\"robots\" content=\"index, follow, max-snippet:-1, max-image-preview:large, max-video-preview:-1\" \/>\n<link rel=\"canonical\" href=\"https:\/\/produncan.cl\/de\/produkt\/parcela-rio-tepu-ensenada-region-de-los-lagos\/\" \/>\n<meta property=\"og:locale\" content=\"de_DE\" \/>\n<meta property=\"og:type\" content=\"article\" \/>\n<meta property=\"og:title\" content=\"Grundst\u00fcck in Ensenada, R\u00edo Tepu - Puerto Varas - Seengebiet\" \/>\n<meta property=\"og:description\" content=\"Grundst\u00fcck in Ensenada, Rio Tepu, 180 Meter vom Llanquihue-See entfernt mit atemberaubendem Blick auf den Vulkan Osorno. Perfekt, um in einer exklusiven Umgebung zu leben.\" \/>\n<meta property=\"og:url\" content=\"https:\/\/produncan.cl\/de\/produkt\/parcela-rio-tepu-ensenada-region-de-los-lagos\/\" \/>\n<meta property=\"og:site_name\" content=\"Produncan\" \/>\n<meta property=\"article:publisher\" content=\"https:\/\/web.facebook.com\/produncanland\" \/>\n<meta property=\"article:modified_time\" content=\"2025-12-17T17:09:43+00:00\" \/>\n<meta property=\"og:image\" content=\"https:\/\/produncan.cl\/wp-content\/uploads\/2024\/07\/Parcela-Rio-Tepu.webp\" \/>\n\t<meta property=\"og:image:width\" content=\"800\" \/>\n\t<meta property=\"og:image:height\" content=\"600\" \/>\n\t<meta property=\"og:image:type\" content=\"image\/webp\" \/>\n<meta name=\"twitter:card\" content=\"summary_large_image\" \/>\n<meta name=\"twitter:label1\" content=\"Price\" \/>\n\t<meta name=\"twitter:data1\" content=\"USD184.800,00\" \/>\n\t<meta name=\"twitter:label2\" content=\"Availability\" \/>\n\t<meta name=\"twitter:data2\" content=\"In stock\" \/>\n<script type=\"application\/ld+json\" class=\"yoast-schema-graph\">{\"@context\":\"https:\\\/\\\/schema.org\",\"@graph\":[{\"@type\":\"WebPage\",\"@id\":\"https:\\\/\\\/produncan.cl\\\/de\\\/produkt\\\/parcela-rio-tepu-ensenada-region-de-los-lagos\\\/\",\"url\":\"https:\\\/\\\/produncan.cl\\\/de\\\/produkt\\\/parcela-rio-tepu-ensenada-region-de-los-lagos\\\/\",\"name\":\"Baugrundst\u00fcck in Ensenada, Rio Tepu, Puerto Varas - Produncan\",\"isPartOf\":{\"@id\":\"https:\\\/\\\/produncan.cl\\\/de\\\/#website\"},\"primaryImageOfPage\":{\"@id\":\"https:\\\/\\\/produncan.cl\\\/de\\\/produkt\\\/parcela-rio-tepu-ensenada-region-de-los-lagos\\\/#primaryimage\"},\"image\":{\"@id\":\"https:\\\/\\\/produncan.cl\\\/de\\\/produkt\\\/parcela-rio-tepu-ensenada-region-de-los-lagos\\\/#primaryimage\"},\"thumbnailUrl\":\"https:\\\/\\\/produncan.cl\\\/wp-content\\\/uploads\\\/2024\\\/07\\\/Parcela-Rio-Tepu.webp\",\"datePublished\":\"2024-07-23T17:36:52+00:00\",\"dateModified\":\"2025-12-17T17:09:43+00:00\",\"description\":\"Grundst\u00fcck in Ensenada, Rio Tepu, 180 Meter vom Llanquihue-See entfernt mit atemberaubendem Blick auf den Vulkan Osorno. Perfekt, um in einer exklusiven Umgebung zu leben.\",\"breadcrumb\":{\"@id\":\"https:\\\/\\\/produncan.cl\\\/de\\\/produkt\\\/parcela-rio-tepu-ensenada-region-de-los-lagos\\\/#breadcrumb\"},\"inLanguage\":\"de-DE\",\"potentialAction\":[{\"@type\":\"ReadAction\",\"target\":[\"https:\\\/\\\/produncan.cl\\\/de\\\/produkt\\\/parcela-rio-tepu-ensenada-region-de-los-lagos\\\/\"]}]},{\"@type\":\"ImageObject\",\"inLanguage\":\"de-DE\",\"@id\":\"https:\\\/\\\/produncan.cl\\\/de\\\/produkt\\\/parcela-rio-tepu-ensenada-region-de-los-lagos\\\/#primaryimage\",\"url\":\"https:\\\/\\\/produncan.cl\\\/wp-content\\\/uploads\\\/2024\\\/07\\\/Parcela-Rio-Tepu.webp\",\"contentUrl\":\"https:\\\/\\\/produncan.cl\\\/wp-content\\\/uploads\\\/2024\\\/07\\\/Parcela-Rio-Tepu.webp\",\"width\":800,\"height\":600,\"caption\":\"Plot River Tepu\"},{\"@type\":\"BreadcrumbList\",\"@id\":\"https:\\\/\\\/produncan.cl\\\/de\\\/produkt\\\/parcela-rio-tepu-ensenada-region-de-los-lagos\\\/#breadcrumb\",\"itemListElement\":[{\"@type\":\"ListItem\",\"position\":1,\"name\":\"Inicio\",\"item\":\"https:\\\/\\\/produncan.cl\\\/de\\\/\"},{\"@type\":\"ListItem\",\"position\":2,\"name\":\"Eigenschaften\",\"item\":\"https:\\\/\\\/produncan.cl\\\/propiedades\\\/\"},{\"@type\":\"ListItem\",\"position\":3,\"name\":\"Grundst\u00fccke\",\"item\":\"https:\\\/\\\/produncan.cl\\\/de\\\/kategorie\\\/grundstuecke\\\/\"},{\"@type\":\"ListItem\",\"position\":4,\"name\":\"Grundst\u00fcck in Ensenada, R\u00edo Tepu &#8211; Puerto Varas &#8211; Seengebiet\"}]},{\"@type\":\"WebSite\",\"@id\":\"https:\\\/\\\/produncan.cl\\\/de\\\/#website\",\"url\":\"https:\\\/\\\/produncan.cl\\\/de\\\/\",\"name\":\"Produncan\",\"description\":\"Wir begleiten Sie bei Ihrem Lebensprojekt!\",\"publisher\":{\"@id\":\"https:\\\/\\\/produncan.cl\\\/de\\\/#organization\"},\"potentialAction\":[{\"@type\":\"SearchAction\",\"target\":{\"@type\":\"EntryPoint\",\"urlTemplate\":\"https:\\\/\\\/produncan.cl\\\/de\\\/?s={search_term_string}\"},\"query-input\":{\"@type\":\"PropertyValueSpecification\",\"valueRequired\":true,\"valueName\":\"search_term_string\"}}],\"inLanguage\":\"de-DE\"},{\"@type\":\"Organization\",\"@id\":\"https:\\\/\\\/produncan.cl\\\/de\\\/#organization\",\"name\":\"Produncan\",\"url\":\"https:\\\/\\\/produncan.cl\\\/de\\\/\",\"logo\":{\"@type\":\"ImageObject\",\"inLanguage\":\"de-DE\",\"@id\":\"https:\\\/\\\/produncan.cl\\\/de\\\/#\\\/schema\\\/logo\\\/image\\\/\",\"url\":\"https:\\\/\\\/produncan.cl\\\/wp-content\\\/uploads\\\/2021\\\/03\\\/LOGO.jpeg\",\"contentUrl\":\"https:\\\/\\\/produncan.cl\\\/wp-content\\\/uploads\\\/2021\\\/03\\\/LOGO.jpeg\",\"width\":1280,\"height\":903,\"caption\":\"Produncan\"},\"image\":{\"@id\":\"https:\\\/\\\/produncan.cl\\\/de\\\/#\\\/schema\\\/logo\\\/image\\\/\"},\"sameAs\":[\"https:\\\/\\\/web.facebook.com\\\/produncanland\",\"https:\\\/\\\/www.instagram.com\\\/pro_duncan\\\/\",\"https:\\\/\\\/www.linkedin.com\\\/company\\\/produncan-lands\\\/\",\"https:\\\/\\\/www.youtube.com\\\/channel\\\/UCu7N-f3x0svkazD-Eew1-QQ\"],\"description\":\"En Produncan somos especialistas en la venta de terrenos en el sur de Chile. Proveemos estancias, campos, parcelas y hoteles.\",\"email\":\"info@produncan.cl\"}]}<\/script>\n<meta property=\"og:video\" content=\"https:\/\/www.youtube.com\/embed\/tvYqL2psjKI\" \/>\n<meta property=\"og:video:type\" content=\"text\/html\" \/>\n<meta property=\"og:video:duration\" content=\"117\" \/>\n<meta property=\"og:video:width\" content=\"480\" \/>\n<meta property=\"og:video:height\" content=\"270\" \/>\n<meta property=\"ya:ovs:adult\" content=\"false\" \/>\n<meta property=\"ya:ovs:upload_date\" content=\"2024-07-23T17:36:52+00:00\" \/>\n<meta property=\"ya:ovs:allow_embed\" content=\"true\" \/>\n<meta property=\"product:price:amount\" content=\"184800.00\" \/>\n<meta property=\"product:price:currency\" content=\"USD\" \/>\n<meta property=\"og:availability\" content=\"instock\" \/>\n<meta property=\"product:availability\" content=\"instock\" \/>\n<meta property=\"product:condition\" content=\"new\" \/>\n<!-- \/ Yoast SEO Premium plugin. -->","yoast_head_json":{"title":"Baugrundst\u00fcck in Ensenada, Rio Tepu, Puerto Varas - Produncan","description":"Grundst\u00fcck in Ensenada, Rio Tepu, 180 Meter vom Llanquihue-See entfernt mit atemberaubendem Blick auf den Vulkan Osorno. Perfekt, um in einer exklusiven Umgebung zu leben.","robots":{"index":"index","follow":"follow","max-snippet":"max-snippet:-1","max-image-preview":"max-image-preview:large","max-video-preview":"max-video-preview:-1"},"canonical":"https:\/\/produncan.cl\/de\/produkt\/parcela-rio-tepu-ensenada-region-de-los-lagos\/","og_locale":"de_DE","og_type":"article","og_title":"Grundst\u00fcck in Ensenada, R\u00edo Tepu - Puerto Varas - Seengebiet","og_description":"Grundst\u00fcck in Ensenada, Rio Tepu, 180 Meter vom Llanquihue-See entfernt mit atemberaubendem Blick auf den Vulkan Osorno. Perfekt, um in einer exklusiven Umgebung zu leben.","og_url":"https:\/\/produncan.cl\/de\/produkt\/parcela-rio-tepu-ensenada-region-de-los-lagos\/","og_site_name":"Produncan","article_publisher":"https:\/\/web.facebook.com\/produncanland","article_modified_time":"2025-12-17T17:09:43+00:00","og_image":[{"width":800,"height":600,"url":"https:\/\/produncan.cl\/wp-content\/uploads\/2024\/07\/Parcela-Rio-Tepu.webp","type":"image\/webp"}],"twitter_card":"summary_large_image","twitter_misc":{"Price":"USD184.800,00","Availability":"In stock"},"schema":{"@context":"https:\/\/schema.org","@graph":[{"@type":"WebPage","@id":"https:\/\/produncan.cl\/de\/produkt\/parcela-rio-tepu-ensenada-region-de-los-lagos\/","url":"https:\/\/produncan.cl\/de\/produkt\/parcela-rio-tepu-ensenada-region-de-los-lagos\/","name":"Baugrundst\u00fcck in Ensenada, Rio Tepu, Puerto Varas - Produncan","isPartOf":{"@id":"https:\/\/produncan.cl\/de\/#website"},"primaryImageOfPage":{"@id":"https:\/\/produncan.cl\/de\/produkt\/parcela-rio-tepu-ensenada-region-de-los-lagos\/#primaryimage"},"image":{"@id":"https:\/\/produncan.cl\/de\/produkt\/parcela-rio-tepu-ensenada-region-de-los-lagos\/#primaryimage"},"thumbnailUrl":"https:\/\/produncan.cl\/wp-content\/uploads\/2024\/07\/Parcela-Rio-Tepu.webp","datePublished":"2024-07-23T17:36:52+00:00","dateModified":"2025-12-17T17:09:43+00:00","description":"Grundst\u00fcck in Ensenada, Rio Tepu, 180 Meter vom Llanquihue-See entfernt mit atemberaubendem Blick auf den Vulkan Osorno. Perfekt, um in einer exklusiven Umgebung zu leben.","breadcrumb":{"@id":"https:\/\/produncan.cl\/de\/produkt\/parcela-rio-tepu-ensenada-region-de-los-lagos\/#breadcrumb"},"inLanguage":"de-DE","potentialAction":[{"@type":"ReadAction","target":["https:\/\/produncan.cl\/de\/produkt\/parcela-rio-tepu-ensenada-region-de-los-lagos\/"]}]},{"@type":"ImageObject","inLanguage":"de-DE","@id":"https:\/\/produncan.cl\/de\/produkt\/parcela-rio-tepu-ensenada-region-de-los-lagos\/#primaryimage","url":"https:\/\/produncan.cl\/wp-content\/uploads\/2024\/07\/Parcela-Rio-Tepu.webp","contentUrl":"https:\/\/produncan.cl\/wp-content\/uploads\/2024\/07\/Parcela-Rio-Tepu.webp","width":800,"height":600,"caption":"Plot River Tepu"},{"@type":"BreadcrumbList","@id":"https:\/\/produncan.cl\/de\/produkt\/parcela-rio-tepu-ensenada-region-de-los-lagos\/#breadcrumb","itemListElement":[{"@type":"ListItem","position":1,"name":"Inicio","item":"https:\/\/produncan.cl\/de\/"},{"@type":"ListItem","position":2,"name":"Eigenschaften","item":"https:\/\/produncan.cl\/propiedades\/"},{"@type":"ListItem","position":3,"name":"Grundst\u00fccke","item":"https:\/\/produncan.cl\/de\/kategorie\/grundstuecke\/"},{"@type":"ListItem","position":4,"name":"Grundst\u00fcck in Ensenada, R\u00edo Tepu &#8211; Puerto Varas &#8211; Seengebiet"}]},{"@type":"WebSite","@id":"https:\/\/produncan.cl\/de\/#website","url":"https:\/\/produncan.cl\/de\/","name":"Produncan","description":"Wir begleiten Sie bei Ihrem Lebensprojekt!","publisher":{"@id":"https:\/\/produncan.cl\/de\/#organization"},"potentialAction":[{"@type":"SearchAction","target":{"@type":"EntryPoint","urlTemplate":"https:\/\/produncan.cl\/de\/?s={search_term_string}"},"query-input":{"@type":"PropertyValueSpecification","valueRequired":true,"valueName":"search_term_string"}}],"inLanguage":"de-DE"},{"@type":"Organization","@id":"https:\/\/produncan.cl\/de\/#organization","name":"Produncan","url":"https:\/\/produncan.cl\/de\/","logo":{"@type":"ImageObject","inLanguage":"de-DE","@id":"https:\/\/produncan.cl\/de\/#\/schema\/logo\/image\/","url":"https:\/\/produncan.cl\/wp-content\/uploads\/2021\/03\/LOGO.jpeg","contentUrl":"https:\/\/produncan.cl\/wp-content\/uploads\/2021\/03\/LOGO.jpeg","width":1280,"height":903,"caption":"Produncan"},"image":{"@id":"https:\/\/produncan.cl\/de\/#\/schema\/logo\/image\/"},"sameAs":["https:\/\/web.facebook.com\/produncanland","https:\/\/www.instagram.com\/pro_duncan\/","https:\/\/www.linkedin.com\/company\/produncan-lands\/","https:\/\/www.youtube.com\/channel\/UCu7N-f3x0svkazD-Eew1-QQ"],"description":"En Produncan somos especialistas en la venta de terrenos en el sur de Chile. Proveemos estancias, campos, parcelas y hoteles.","email":"info@produncan.cl"}]},"og_video":"https:\/\/www.youtube.com\/embed\/tvYqL2psjKI","og_video_type":"text\/html","og_video_duration":"117","og_video_width":"480","og_video_height":"270","ya_ovs_adult":"false","ya_ovs_upload_date":"2024-07-23T17:36:52+00:00","ya_ovs_allow_embed":"true","product_price_amount":"184800.00","product_price_currency":"USD","og_availability":"instock","product_availability":"instock","product_condition":"new"},"_links":{"self":[{"href":"https:\/\/produncan.cl\/de\/wp-json\/wp\/v2\/product\/32941","targetHints":{"allow":["GET"]}}],"collection":[{"href":"https:\/\/produncan.cl\/de\/wp-json\/wp\/v2\/product"}],"about":[{"href":"https:\/\/produncan.cl\/de\/wp-json\/wp\/v2\/types\/product"}],"version-history":[{"count":1,"href":"https:\/\/produncan.cl\/de\/wp-json\/wp\/v2\/product\/32941\/revisions"}],"predecessor-version":[{"id":53362,"href":"https:\/\/produncan.cl\/de\/wp-json\/wp\/v2\/product\/32941\/revisions\/53362"}],"wp:featuredmedia":[{"embeddable":true,"href":"https:\/\/produncan.cl\/de\/wp-json\/wp\/v2\/media\/32873"}],"wp:attachment":[{"href":"https:\/\/produncan.cl\/de\/wp-json\/wp\/v2\/media?parent=32941"}],"wp:term":[{"taxonomy":"product_brand","embeddable":true,"href":"https:\/\/produncan.cl\/de\/wp-json\/wp\/v2\/product_brand?post=32941"},{"taxonomy":"product_cat","embeddable":true,"href":"https:\/\/produncan.cl\/de\/wp-json\/wp\/v2\/product_cat?post=32941"},{"taxonomy":"product_tag","embeddable":true,"href":"https:\/\/produncan.cl\/de\/wp-json\/wp\/v2\/product_tag?post=32941"},{"taxonomy":"regiones","embeddable":true,"href":"https:\/\/produncan.cl\/de\/wp-json\/wp\/v2\/regiones?post=32941"},{"taxonomy":"ciudades","embeddable":true,"href":"https:\/\/produncan.cl\/de\/wp-json\/wp\/v2\/ciudades?post=32941"}],"curies":[{"name":"wp","href":"https:\/\/api.w.org\/{rel}","templated":true}]}}