{"id":33604,"date":"2024-08-05T18:47:00","date_gmt":"2024-08-05T22:47:00","guid":{"rendered":"https:\/\/produncan.cl\/producto\/grundstueck-alto-tepu-ensenada-region-de-los-lagos\/"},"modified":"2025-12-17T14:06:58","modified_gmt":"2025-12-17T17:06:58","slug":"grundstueck-alto-tepu-ensenada-region-de-los-lagos","status":"publish","type":"product","link":"https:\/\/produncan.cl\/de\/produkt\/grundstueck-alto-tepu-ensenada-region-de-los-lagos\/","title":{"rendered":"Grundst\u00fcck in Ensenada &#8211; Alto Tepu, Seengebiet"},"content":{"rendered":"\t\t<div data-elementor-type=\"product-post\" data-elementor-id=\"33604\" class=\"elementor elementor-33604 elementor-33438\" data-elementor-post-type=\"product\">\n\t\t\t\t<div class=\"elementor-element elementor-element-a0c90ce e-flex e-con-boxed e-con e-parent\" data-id=\"a0c90ce\" data-element_type=\"container\" data-e-type=\"container\" data-settings=\"{&quot;jet_parallax_layout_list&quot;:[]}\">\n\t\t\t\t\t<div class=\"e-con-inner\">\n\t\t\t\t<div class=\"elementor-element elementor-element-66e3f0a elementor-widget elementor-widget-heading\" data-id=\"66e3f0a\" data-element_type=\"widget\" data-e-type=\"widget\" data-widget_type=\"heading.default\">\n\t\t\t\t\t<h2 class=\"elementor-heading-title elementor-size-default\">Sch\u00f6nes Grundst\u00fcck mit Blick auf See und Vulkane in der N\u00e4he von Ensenada<\/h2>\t\t\t\t<\/div>\n\t\t\t\t\t<\/div>\n\t\t\t\t<\/div>\n\t\t<div class=\"elementor-element elementor-element-ee56225 e-flex e-con-boxed e-con e-parent\" data-id=\"ee56225\" data-element_type=\"container\" data-e-type=\"container\" data-settings=\"{&quot;jet_parallax_layout_list&quot;:[]}\">\n\t\t\t\t\t<div class=\"e-con-inner\">\n\t\t\t\t<div class=\"elementor-element elementor-element-9541956 elementor-widget elementor-widget-text-editor\" data-id=\"9541956\" data-element_type=\"widget\" data-e-type=\"widget\" data-widget_type=\"text-editor.default\">\n\t\t\t\t\t\t\t\t\t<p>Entdecken Sie die M\u00f6glichkeit, auf einem 5000 m\u00b2 gro\u00dfen Grundst\u00fcck zu leben von 5000 m\u00b2 mit einem atemberaubenden Panoramablick, in der N\u00e4he von Ensenada, Puerto Varas.<\/p>\n<p>Mit einer Preisvorstellung von $62.000.000, hat dieses Land eine Topographie mit einer leichten Neigung, von dem aus man einen beeindruckenden Blick auf die Vulkane und den See genie\u00dfen kann. Es ist eines der am besten gelegenen Grundst\u00fccke innerhalb des Projekts. <\/p>\n<p>Au\u00dferdem befindet sie sich in einem konsolidierten Projekt , in dem mehrere H\u00e4user gebaut werden, was Ihrer Familie die n\u00f6tige Sicherheit gibt.<span style=\"color: var( --e-global-color-text ); font-family: var( --e-global-typography-text-font-family ), Sans-serif; font-weight: var( --e-global-typography-text-font-weight ); text-align: var(--text-align); font-size: 1rem;\">&nbsp;<\/span><\/p>\n<p>Das Grundst\u00fcck in Ensenada wird mit Strom von SAESA und Wasser aus einem Projektbrunnen verkauft. Obwohl es nicht bebaut ist, ist es vollst\u00e4ndig eingez\u00e4unt und bietet Sicherheit und Privatsph\u00e4re. Au\u00dferdem flie\u00dft au\u00dferhalb des Grundst\u00fccks ein Bach, der der Umgebung einen nat\u00fcrlichen Reiz verleiht.  <\/p>\n<p>Die Sonneneinstrahlung ist ausgezeichnet, was eine helle und einladende Atmosph\u00e4re garantiert. Der Zugang zum Grundst\u00fcck ist einfach, mit einer asphaltierten Stra\u00dfe und nur 2 Kilometer Schotter. Die n\u00e4chstgelegene Stadt ist Puerto Varas, nur 50 Minuten entfernt, und der Flughafen ist etwa 1 Stunde und 15 Minuten entfernt. \u00d6ffentliche Verkehrsmittel sind von der Stra\u00dfe aus erreichbar und es gibt ein gutes Telekommunikationssignal.   <\/p>\n<p>In der Umgebung k\u00f6nnen Sie eine Vielzahl von Naturattraktionen wie Ensenada genie\u00dfen, der Vulkan Osorno, die Laguna Verde, die Wasserf\u00e4lle Petrohu\u00e9, Ral\u00fan und Cocham\u00f3, der See Todos los Santos, die Kaskaden und die charmante Stadt Puerto Varas.<\/p>\n<p>Als Zahlungsmittel werden sowohl Hypothekarkredite als auch Barzahlungen akzeptiert. Es besteht auch die M\u00f6glichkeit einer Verpf\u00e4ndung, eine Anzahlung von 10 % zu leisten und die Bedingungen je nach Art des Kaufs zu besprechen. <\/p>\n<p>Dieses Grundst\u00fcck in Ensenada ist ideal f\u00fcr alle, die eine ruhige Lage mit herrlicher Aussicht und Zugang zu einer F\u00fclle von Naturattraktionen suchen. Verpassen Sie nicht diese einzigartige Investitionsm\u00f6glichkeit in einer privilegierten Umgebung! <\/p>\n<p>Wenn Sie weitere Informationenw\u00fcnschen oder einen Besuchstermin vereinbarenm\u00f6chten, kontaktieren Sie uns noch heute!<\/p>\t\t\t\t\t\t\t\t<\/div>\n\t\t\t\t\t<\/div>\n\t\t\t\t<\/div>\n\t\t\t\t<\/div>\n\t\t","protected":false},"excerpt":{"rendered":"<p>Grundst\u00fcck in Ensenada, mit Blick auf den See Llanquihue und den Vulkan Osorno. Zufahrt gr\u00f6\u00dftenteils asphaltiert und in der N\u00e4he von Puerto Varas. Innerhalb eines konsolidierten Projekts, mit Strom, Wasser und Sumpfgebiet.  <\/p>\n","protected":false},"featured_media":33443,"template":"","meta":{"_acf_changed":false},"product_brand":[],"product_cat":[104],"product_tag":[232],"regiones":[226],"ciudades":[213,219],"class_list":{"0":"post-33604","1":"product","2":"type-product","3":"status-publish","4":"has-post-thumbnail","6":"product_cat-ohiggins-los-lagos","7":"product_tag-grundstuecke","8":"regiones-nuble-los_lagos","9":"ciudades-ensenada","10":"ciudades-puerto-varas","12":"first","13":"instock","14":"shipping-taxable","15":"purchasable","16":"product-type-simple"},"acf":[],"yoast_head":"<!-- This site is optimized with the Yoast SEO Premium plugin v26.0 (Yoast SEO v27.3) - https:\/\/yoast.com\/product\/yoast-seo-premium-wordpress\/ -->\n<title>Grundst\u00fcck in Ensenada - Alto Tepu, Seengebiet - Produncan<\/title>\n<meta name=\"description\" content=\"Entdecken Sie Parcela Alto Tepu, ein 5000 m\u00b2 gro\u00dfes Grundst\u00fcck mit atemberaubendem Blick auf den See und die Vulkane in der N\u00e4he von Ensenada, Puerto Varas.\" \/>\n<meta name=\"robots\" content=\"index, follow, max-snippet:-1, max-image-preview:large, max-video-preview:-1\" \/>\n<link rel=\"canonical\" href=\"https:\/\/produncan.cl\/de\/produkt\/grundstueck-alto-tepu-ensenada-region-de-los-lagos\/\" \/>\n<meta property=\"og:locale\" content=\"de_DE\" \/>\n<meta property=\"og:type\" content=\"article\" \/>\n<meta property=\"og:title\" content=\"Grundst\u00fcck in Ensenada - Alto Tepu, Seengebiet\" \/>\n<meta property=\"og:description\" content=\"Entdecken Sie Parcela Alto Tepu, ein 5000 m\u00b2 gro\u00dfes Grundst\u00fcck mit atemberaubendem Blick auf den See und die Vulkane in der N\u00e4he von Ensenada, Puerto Varas.\" \/>\n<meta property=\"og:url\" content=\"https:\/\/produncan.cl\/de\/produkt\/grundstueck-alto-tepu-ensenada-region-de-los-lagos\/\" \/>\n<meta property=\"og:site_name\" content=\"Produncan\" \/>\n<meta property=\"article:publisher\" content=\"https:\/\/web.facebook.com\/produncanland\" \/>\n<meta property=\"article:modified_time\" content=\"2025-12-17T17:06:58+00:00\" \/>\n<meta property=\"og:image\" content=\"https:\/\/produncan.cl\/wp-content\/uploads\/2024\/08\/Parcela-Alto-Tepu-cerca-de-Ensenada.webp\" \/>\n\t<meta property=\"og:image:width\" content=\"600\" \/>\n\t<meta property=\"og:image:height\" content=\"450\" \/>\n\t<meta property=\"og:image:type\" content=\"image\/webp\" \/>\n<meta name=\"twitter:card\" content=\"summary_large_image\" \/>\n<meta name=\"twitter:label1\" content=\"Price\" \/>\n\t<meta name=\"twitter:data1\" content=\"USD67.400,00\" \/>\n\t<meta name=\"twitter:label2\" content=\"Availability\" \/>\n\t<meta name=\"twitter:data2\" content=\"In stock\" \/>\n<script type=\"application\/ld+json\" class=\"yoast-schema-graph\">{\"@context\":\"https:\\\/\\\/schema.org\",\"@graph\":[{\"@type\":\"WebPage\",\"@id\":\"https:\\\/\\\/produncan.cl\\\/de\\\/produkt\\\/grundstueck-alto-tepu-ensenada-region-de-los-lagos\\\/\",\"url\":\"https:\\\/\\\/produncan.cl\\\/de\\\/produkt\\\/grundstueck-alto-tepu-ensenada-region-de-los-lagos\\\/\",\"name\":\"Grundst\u00fcck in Ensenada - Alto Tepu, Seengebiet - Produncan\",\"isPartOf\":{\"@id\":\"https:\\\/\\\/produncan.cl\\\/de\\\/#website\"},\"primaryImageOfPage\":{\"@id\":\"https:\\\/\\\/produncan.cl\\\/de\\\/produkt\\\/grundstueck-alto-tepu-ensenada-region-de-los-lagos\\\/#primaryimage\"},\"image\":{\"@id\":\"https:\\\/\\\/produncan.cl\\\/de\\\/produkt\\\/grundstueck-alto-tepu-ensenada-region-de-los-lagos\\\/#primaryimage\"},\"thumbnailUrl\":\"https:\\\/\\\/produncan.cl\\\/wp-content\\\/uploads\\\/2024\\\/08\\\/Parcela-Alto-Tepu-cerca-de-Ensenada.webp\",\"datePublished\":\"2024-08-05T22:47:00+00:00\",\"dateModified\":\"2025-12-17T17:06:58+00:00\",\"description\":\"Entdecken Sie Parcela Alto Tepu, ein 5000 m\u00b2 gro\u00dfes Grundst\u00fcck mit atemberaubendem Blick auf den See und die Vulkane in der N\u00e4he von Ensenada, Puerto Varas.\",\"breadcrumb\":{\"@id\":\"https:\\\/\\\/produncan.cl\\\/de\\\/produkt\\\/grundstueck-alto-tepu-ensenada-region-de-los-lagos\\\/#breadcrumb\"},\"inLanguage\":\"de-DE\",\"potentialAction\":[{\"@type\":\"ReadAction\",\"target\":[\"https:\\\/\\\/produncan.cl\\\/de\\\/produkt\\\/grundstueck-alto-tepu-ensenada-region-de-los-lagos\\\/\"]}]},{\"@type\":\"ImageObject\",\"inLanguage\":\"de-DE\",\"@id\":\"https:\\\/\\\/produncan.cl\\\/de\\\/produkt\\\/grundstueck-alto-tepu-ensenada-region-de-los-lagos\\\/#primaryimage\",\"url\":\"https:\\\/\\\/produncan.cl\\\/wp-content\\\/uploads\\\/2024\\\/08\\\/Parcela-Alto-Tepu-cerca-de-Ensenada.webp\",\"contentUrl\":\"https:\\\/\\\/produncan.cl\\\/wp-content\\\/uploads\\\/2024\\\/08\\\/Parcela-Alto-Tepu-cerca-de-Ensenada.webp\",\"width\":600,\"height\":450,\"caption\":\"Grundst\u00fcck Alto Tepu in der N\u00e4he von Ensenada\"},{\"@type\":\"BreadcrumbList\",\"@id\":\"https:\\\/\\\/produncan.cl\\\/de\\\/produkt\\\/grundstueck-alto-tepu-ensenada-region-de-los-lagos\\\/#breadcrumb\",\"itemListElement\":[{\"@type\":\"ListItem\",\"position\":1,\"name\":\"Inicio\",\"item\":\"https:\\\/\\\/produncan.cl\\\/de\\\/\"},{\"@type\":\"ListItem\",\"position\":2,\"name\":\"Eigenschaften\",\"item\":\"https:\\\/\\\/produncan.cl\\\/propiedades\\\/\"},{\"@type\":\"ListItem\",\"position\":3,\"name\":\"Grundst\u00fccke\",\"item\":\"https:\\\/\\\/produncan.cl\\\/de\\\/kategorie\\\/grundstuecke\\\/\"},{\"@type\":\"ListItem\",\"position\":4,\"name\":\"Grundst\u00fcck in Ensenada &#8211; Alto Tepu, Seengebiet\"}]},{\"@type\":\"WebSite\",\"@id\":\"https:\\\/\\\/produncan.cl\\\/de\\\/#website\",\"url\":\"https:\\\/\\\/produncan.cl\\\/de\\\/\",\"name\":\"Produncan\",\"description\":\"Wir begleiten Sie bei Ihrem Lebensprojekt!\",\"publisher\":{\"@id\":\"https:\\\/\\\/produncan.cl\\\/de\\\/#organization\"},\"potentialAction\":[{\"@type\":\"SearchAction\",\"target\":{\"@type\":\"EntryPoint\",\"urlTemplate\":\"https:\\\/\\\/produncan.cl\\\/de\\\/?s={search_term_string}\"},\"query-input\":{\"@type\":\"PropertyValueSpecification\",\"valueRequired\":true,\"valueName\":\"search_term_string\"}}],\"inLanguage\":\"de-DE\"},{\"@type\":\"Organization\",\"@id\":\"https:\\\/\\\/produncan.cl\\\/de\\\/#organization\",\"name\":\"Produncan\",\"url\":\"https:\\\/\\\/produncan.cl\\\/de\\\/\",\"logo\":{\"@type\":\"ImageObject\",\"inLanguage\":\"de-DE\",\"@id\":\"https:\\\/\\\/produncan.cl\\\/de\\\/#\\\/schema\\\/logo\\\/image\\\/\",\"url\":\"https:\\\/\\\/produncan.cl\\\/wp-content\\\/uploads\\\/2021\\\/03\\\/LOGO.jpeg\",\"contentUrl\":\"https:\\\/\\\/produncan.cl\\\/wp-content\\\/uploads\\\/2021\\\/03\\\/LOGO.jpeg\",\"width\":1280,\"height\":903,\"caption\":\"Produncan\"},\"image\":{\"@id\":\"https:\\\/\\\/produncan.cl\\\/de\\\/#\\\/schema\\\/logo\\\/image\\\/\"},\"sameAs\":[\"https:\\\/\\\/web.facebook.com\\\/produncanland\",\"https:\\\/\\\/www.instagram.com\\\/pro_duncan\\\/\",\"https:\\\/\\\/www.linkedin.com\\\/company\\\/produncan-lands\\\/\",\"https:\\\/\\\/www.youtube.com\\\/channel\\\/UCu7N-f3x0svkazD-Eew1-QQ\"],\"description\":\"En Produncan somos especialistas en la venta de terrenos en el sur de Chile. Proveemos estancias, campos, parcelas y hoteles.\",\"email\":\"info@produncan.cl\"}]}<\/script>\n<meta property=\"og:video\" content=\"https:\/\/www.youtube.com\/embed\/nH3GMu0aY-8\" \/>\n<meta property=\"og:video:type\" content=\"text\/html\" \/>\n<meta property=\"og:video:duration\" content=\"85\" \/>\n<meta property=\"og:video:width\" content=\"480\" \/>\n<meta property=\"og:video:height\" content=\"270\" \/>\n<meta property=\"ya:ovs:adult\" content=\"false\" \/>\n<meta property=\"ya:ovs:upload_date\" content=\"2024-08-05T22:47:00+00:00\" \/>\n<meta property=\"ya:ovs:allow_embed\" content=\"true\" \/>\n<meta property=\"product:price:amount\" content=\"67400.00\" \/>\n<meta property=\"product:price:currency\" content=\"USD\" \/>\n<meta property=\"og:availability\" content=\"instock\" \/>\n<meta property=\"product:availability\" content=\"instock\" \/>\n<meta property=\"product:condition\" content=\"new\" \/>\n<!-- \/ Yoast SEO Premium plugin. -->","yoast_head_json":{"title":"Grundst\u00fcck in Ensenada - Alto Tepu, Seengebiet - Produncan","description":"Entdecken Sie Parcela Alto Tepu, ein 5000 m\u00b2 gro\u00dfes Grundst\u00fcck mit atemberaubendem Blick auf den See und die Vulkane in der N\u00e4he von Ensenada, Puerto Varas.","robots":{"index":"index","follow":"follow","max-snippet":"max-snippet:-1","max-image-preview":"max-image-preview:large","max-video-preview":"max-video-preview:-1"},"canonical":"https:\/\/produncan.cl\/de\/produkt\/grundstueck-alto-tepu-ensenada-region-de-los-lagos\/","og_locale":"de_DE","og_type":"article","og_title":"Grundst\u00fcck in Ensenada - Alto Tepu, Seengebiet","og_description":"Entdecken Sie Parcela Alto Tepu, ein 5000 m\u00b2 gro\u00dfes Grundst\u00fcck mit atemberaubendem Blick auf den See und die Vulkane in der N\u00e4he von Ensenada, Puerto Varas.","og_url":"https:\/\/produncan.cl\/de\/produkt\/grundstueck-alto-tepu-ensenada-region-de-los-lagos\/","og_site_name":"Produncan","article_publisher":"https:\/\/web.facebook.com\/produncanland","article_modified_time":"2025-12-17T17:06:58+00:00","og_image":[{"width":600,"height":450,"url":"https:\/\/produncan.cl\/wp-content\/uploads\/2024\/08\/Parcela-Alto-Tepu-cerca-de-Ensenada.webp","type":"image\/webp"}],"twitter_card":"summary_large_image","twitter_misc":{"Price":"USD67.400,00","Availability":"In stock"},"schema":{"@context":"https:\/\/schema.org","@graph":[{"@type":"WebPage","@id":"https:\/\/produncan.cl\/de\/produkt\/grundstueck-alto-tepu-ensenada-region-de-los-lagos\/","url":"https:\/\/produncan.cl\/de\/produkt\/grundstueck-alto-tepu-ensenada-region-de-los-lagos\/","name":"Grundst\u00fcck in Ensenada - Alto Tepu, Seengebiet - Produncan","isPartOf":{"@id":"https:\/\/produncan.cl\/de\/#website"},"primaryImageOfPage":{"@id":"https:\/\/produncan.cl\/de\/produkt\/grundstueck-alto-tepu-ensenada-region-de-los-lagos\/#primaryimage"},"image":{"@id":"https:\/\/produncan.cl\/de\/produkt\/grundstueck-alto-tepu-ensenada-region-de-los-lagos\/#primaryimage"},"thumbnailUrl":"https:\/\/produncan.cl\/wp-content\/uploads\/2024\/08\/Parcela-Alto-Tepu-cerca-de-Ensenada.webp","datePublished":"2024-08-05T22:47:00+00:00","dateModified":"2025-12-17T17:06:58+00:00","description":"Entdecken Sie Parcela Alto Tepu, ein 5000 m\u00b2 gro\u00dfes Grundst\u00fcck mit atemberaubendem Blick auf den See und die Vulkane in der N\u00e4he von Ensenada, Puerto Varas.","breadcrumb":{"@id":"https:\/\/produncan.cl\/de\/produkt\/grundstueck-alto-tepu-ensenada-region-de-los-lagos\/#breadcrumb"},"inLanguage":"de-DE","potentialAction":[{"@type":"ReadAction","target":["https:\/\/produncan.cl\/de\/produkt\/grundstueck-alto-tepu-ensenada-region-de-los-lagos\/"]}]},{"@type":"ImageObject","inLanguage":"de-DE","@id":"https:\/\/produncan.cl\/de\/produkt\/grundstueck-alto-tepu-ensenada-region-de-los-lagos\/#primaryimage","url":"https:\/\/produncan.cl\/wp-content\/uploads\/2024\/08\/Parcela-Alto-Tepu-cerca-de-Ensenada.webp","contentUrl":"https:\/\/produncan.cl\/wp-content\/uploads\/2024\/08\/Parcela-Alto-Tepu-cerca-de-Ensenada.webp","width":600,"height":450,"caption":"Grundst\u00fcck Alto Tepu in der N\u00e4he von Ensenada"},{"@type":"BreadcrumbList","@id":"https:\/\/produncan.cl\/de\/produkt\/grundstueck-alto-tepu-ensenada-region-de-los-lagos\/#breadcrumb","itemListElement":[{"@type":"ListItem","position":1,"name":"Inicio","item":"https:\/\/produncan.cl\/de\/"},{"@type":"ListItem","position":2,"name":"Eigenschaften","item":"https:\/\/produncan.cl\/propiedades\/"},{"@type":"ListItem","position":3,"name":"Grundst\u00fccke","item":"https:\/\/produncan.cl\/de\/kategorie\/grundstuecke\/"},{"@type":"ListItem","position":4,"name":"Grundst\u00fcck in Ensenada &#8211; Alto Tepu, Seengebiet"}]},{"@type":"WebSite","@id":"https:\/\/produncan.cl\/de\/#website","url":"https:\/\/produncan.cl\/de\/","name":"Produncan","description":"Wir begleiten Sie bei Ihrem Lebensprojekt!","publisher":{"@id":"https:\/\/produncan.cl\/de\/#organization"},"potentialAction":[{"@type":"SearchAction","target":{"@type":"EntryPoint","urlTemplate":"https:\/\/produncan.cl\/de\/?s={search_term_string}"},"query-input":{"@type":"PropertyValueSpecification","valueRequired":true,"valueName":"search_term_string"}}],"inLanguage":"de-DE"},{"@type":"Organization","@id":"https:\/\/produncan.cl\/de\/#organization","name":"Produncan","url":"https:\/\/produncan.cl\/de\/","logo":{"@type":"ImageObject","inLanguage":"de-DE","@id":"https:\/\/produncan.cl\/de\/#\/schema\/logo\/image\/","url":"https:\/\/produncan.cl\/wp-content\/uploads\/2021\/03\/LOGO.jpeg","contentUrl":"https:\/\/produncan.cl\/wp-content\/uploads\/2021\/03\/LOGO.jpeg","width":1280,"height":903,"caption":"Produncan"},"image":{"@id":"https:\/\/produncan.cl\/de\/#\/schema\/logo\/image\/"},"sameAs":["https:\/\/web.facebook.com\/produncanland","https:\/\/www.instagram.com\/pro_duncan\/","https:\/\/www.linkedin.com\/company\/produncan-lands\/","https:\/\/www.youtube.com\/channel\/UCu7N-f3x0svkazD-Eew1-QQ"],"description":"En Produncan somos especialistas en la venta de terrenos en el sur de Chile. Proveemos estancias, campos, parcelas y hoteles.","email":"info@produncan.cl"}]},"og_video":"https:\/\/www.youtube.com\/embed\/nH3GMu0aY-8","og_video_type":"text\/html","og_video_duration":"85","og_video_width":"480","og_video_height":"270","ya_ovs_adult":"false","ya_ovs_upload_date":"2024-08-05T22:47:00+00:00","ya_ovs_allow_embed":"true","product_price_amount":"67400.00","product_price_currency":"USD","og_availability":"instock","product_availability":"instock","product_condition":"new"},"_links":{"self":[{"href":"https:\/\/produncan.cl\/de\/wp-json\/wp\/v2\/product\/33604","targetHints":{"allow":["GET"]}}],"collection":[{"href":"https:\/\/produncan.cl\/de\/wp-json\/wp\/v2\/product"}],"about":[{"href":"https:\/\/produncan.cl\/de\/wp-json\/wp\/v2\/types\/product"}],"version-history":[{"count":2,"href":"https:\/\/produncan.cl\/de\/wp-json\/wp\/v2\/product\/33604\/revisions"}],"predecessor-version":[{"id":53358,"href":"https:\/\/produncan.cl\/de\/wp-json\/wp\/v2\/product\/33604\/revisions\/53358"}],"wp:featuredmedia":[{"embeddable":true,"href":"https:\/\/produncan.cl\/de\/wp-json\/wp\/v2\/media\/33443"}],"wp:attachment":[{"href":"https:\/\/produncan.cl\/de\/wp-json\/wp\/v2\/media?parent=33604"}],"wp:term":[{"taxonomy":"product_brand","embeddable":true,"href":"https:\/\/produncan.cl\/de\/wp-json\/wp\/v2\/product_brand?post=33604"},{"taxonomy":"product_cat","embeddable":true,"href":"https:\/\/produncan.cl\/de\/wp-json\/wp\/v2\/product_cat?post=33604"},{"taxonomy":"product_tag","embeddable":true,"href":"https:\/\/produncan.cl\/de\/wp-json\/wp\/v2\/product_tag?post=33604"},{"taxonomy":"regiones","embeddable":true,"href":"https:\/\/produncan.cl\/de\/wp-json\/wp\/v2\/regiones?post=33604"},{"taxonomy":"ciudades","embeddable":true,"href":"https:\/\/produncan.cl\/de\/wp-json\/wp\/v2\/ciudades?post=33604"}],"curies":[{"name":"wp","href":"https:\/\/api.w.org\/{rel}","templated":true}]}}