{"id":34437,"date":"2021-09-04T13:43:30","date_gmt":"2021-09-04T17:43:30","guid":{"rendered":"https:\/\/produncan.cl\/producto\/campito-pichidamas-region-de-los-lagos\/"},"modified":"2025-08-14T12:35:22","modified_gmt":"2025-08-14T16:35:22","slug":"campito-pichidamas-region-de-los-lagos","status":"publish","type":"product","link":"https:\/\/produncan.cl\/de\/produkt\/campito-pichidamas-region-de-los-lagos\/","title":{"rendered":"&#8220;Campito Pichidamas &#8211; Region der Seen&#8221;"},"content":{"rendered":"\t\t<div data-elementor-type=\"product-post\" data-elementor-id=\"34437\" class=\"elementor elementor-34437 elementor-34150\" data-elementor-post-type=\"product\">\n\t\t\t\t<div class=\"elementor-element elementor-element-0d75bd0 e-flex e-con-boxed e-con e-parent\" data-id=\"0d75bd0\" data-element_type=\"container\" data-e-type=\"container\" data-settings=\"{&quot;jet_parallax_layout_list&quot;:[]}\">\n\t\t\t\t\t<div class=\"e-con-inner\">\n\t\t\t\t<div class=\"elementor-element elementor-element-3192783 elementor-widget elementor-widget-heading\" data-id=\"3192783\" data-element_type=\"widget\" data-e-type=\"widget\" data-widget_type=\"heading.default\">\n\t\t\t\t\t<h2 class=\"elementor-heading-title elementor-size-default\">\"Entdecken Sie ein ideales Grundst\u00fcck f\u00fcr Ihr Projekt im Herzen der Region Los Lagos!\"<\/h2>\t\t\t\t<\/div>\n\t\t\t\t\t<\/div>\n\t\t\t\t<\/div>\n\t\t<div class=\"elementor-element elementor-element-91e66a9 e-flex e-con-boxed e-con e-parent\" data-id=\"91e66a9\" data-element_type=\"container\" data-e-type=\"container\" data-settings=\"{&quot;jet_parallax_layout_list&quot;:[]}\">\n\t\t\t\t\t<div class=\"e-con-inner\">\n\t\t\t\t<div class=\"elementor-element elementor-element-b953338 elementor-widget elementor-widget-text-editor\" data-id=\"b953338\" data-element_type=\"widget\" data-e-type=\"widget\" data-widget_type=\"text-editor.default\">\n\t\t\t\t\t\t\t\t\t&#8220;`html\n<p>Wir pr\u00e4sentieren Ihnen eine einzigartige Gelegenheit im Sektor Pichidamas, Osorno: ein Grundst\u00fcck von 8,2 Hektar, perfekt f\u00fcr diejenigen, die in eine Immobilie mit vielf\u00e4ltigen M\u00f6glichkeiten investieren m\u00f6chten. Mit einem erschwinglichen Verkaufspreis von $145.000.000 zeichnet sich dieses Grundst\u00fcck durch seine landwirtschaftliche Nutzung, fruchtbaren Boden und ausgezeichnete Sonneneinstrahlung aus allen Winkeln aus.<\/p>\n<p><b>Hervorragende Merkmale des Grundst\u00fccks:<\/b><\/p>\n<p>Nur 350 Meter vom Asphalt entfernt ist der Hauptzugang gr\u00f6\u00dftenteils asphaltiert, was die Fahrt nach Osorno in 25 Minuten oder zum wundersch\u00f6nen Lago Rupanco, der nur 10 Minuten entfernt ist, erleichtert. Dar\u00fcber hinaus besteht die M\u00f6glichkeit, einen zweiten Zugang zum Feld zu schaffen, der mehr Privatsph\u00e4re und Komfort bietet.<\/p>\n<p>Das Grundst\u00fcck verf\u00fcgt \u00fcber eine reichliche Wasserquelle dank des Estero Pichidamas, der 190 Meter des Grundst\u00fccks durchquert und selbst im Sommer aktiv bleibt. Au\u00dferdem gibt es einen kleineren Bach und ein Brunnenprojekt, das in Zukunft l\u00e4ndliches Trinkwasser (APR) bringen k\u00f6nnte. Sie k\u00f6nnen auch die M\u00f6glichkeit in Betracht ziehen, einen eigenen Tiefbrunnen zu bohren.<\/p>\n<p>Strom ist \u00fcber einen nahegelegenen Mast, 100 Meter vom Grundst\u00fcck entfernt, verf\u00fcgbar. Au\u00dferdem verl\u00e4uft eine dreiphasige Leitung entlang der Grundst\u00fccksgrenze, die es erm\u00f6glicht, eine Verbindung zum Versorgungsunternehmen zu beantragen, was jedes landwirtschaftliche oder Wohnprojekt erleichtert.<\/p>\n<p>Dieses Grundst\u00fcck ist ideal f\u00fcr Landwirtschaft und Viehzucht, mit 95% Weideland und 5% einheimischen B\u00e4umen wie Eichen (Pellines). Seine Nutzungsgeschichte umfasst die Aussaat und Produktion von hochwertigem Gras als Tierfutter.<\/p>\n<p><b>Bevorzugte Lage:<\/b><\/p>\n<p>In der Region Los Lagos gelegen, befindet sich dieses Grundst\u00fcck in einer leicht zug\u00e4nglichen Zone, nur 20 Minuten vom Flughafen Osorno entfernt. Mit \u00f6ffentlichen Verkehrsmitteln in 350 Metern Entfernung und der N\u00e4he zu nat\u00fcrlichen Attraktionen wie dem Lago Rupanco, Puerto Octay, Puyehue, Llanquihue, Villa la Angostura und Bariloche ist dies der perfekte Ort f\u00fcr diejenigen, die die Natur genie\u00dfen m\u00f6chten, ohne die st\u00e4dtische Anbindung zu verlieren.<\/p>\n<p>Verpassen Sie nicht diese Gelegenheit! Dieses Grundst\u00fcck ist die perfekte Investition f\u00fcr diejenigen, die einen Raum in einer privilegierten nat\u00fcrlichen Umgebung suchen, mit allen Annehmlichkeiten und Dienstleistungen in Reichweite.<\/p>\n<p>Kontaktieren Sie uns und verwirklichen Sie Ihr Projekt in Pichidamas!<\/p>\n&#8220;`\t\t\t\t\t\t\t\t<\/div>\n\t\t\t\t\t<\/div>\n\t\t\t\t<\/div>\n\t\t\t\t<\/div>\n\t\t","protected":false},"excerpt":{"rendered":"<p>&#8220;Campito, 10 Minuten vom Rupanco-See entfernt, mit asphaltiertem Zugang, nahegelegener Stromversorgung, einem breiten Bach, \u00fcberwiegend Wiese und Blick auf die Vulkane.&#8221;<\/p>\n","protected":false},"featured_media":37159,"template":"","meta":{"_acf_changed":false},"product_brand":[],"product_cat":[104],"product_tag":[235,232],"regiones":[226],"ciudades":[217],"class_list":{"0":"post-34437","1":"product","2":"type-product","3":"status-publish","4":"has-post-thumbnail","6":"product_cat-ohiggins-los-lagos","7":"product_tag-felder","8":"product_tag-grundstuecke","9":"regiones-nuble-los_lagos","10":"ciudades-osorno","12":"first","13":"outofstock","14":"sold-individually","15":"shipping-taxable","16":"product-type-simple"},"acf":[],"yoast_head":"<!-- This site is optimized with the Yoast SEO Premium plugin v26.0 (Yoast SEO v27.3) - https:\/\/yoast.com\/product\/yoast-seo-premium-wordpress\/ -->\n<title>&quot;Campito Pichidamas - Region der Seen&quot; - Produncan<\/title>\n<meta name=\"description\" content=\"&quot;8,2 ha gro\u00dfes Grundst\u00fcck, 10 Minuten vom Rupanco-See entfernt, mit asphaltiertem Zugang, Strom in der N\u00e4he, einem breiten Bach, \u00fcberwiegend Wiese und Blick auf die Vulkane.&quot;\" \/>\n<meta name=\"robots\" content=\"index, follow, max-snippet:-1, max-image-preview:large, max-video-preview:-1\" \/>\n<link rel=\"canonical\" href=\"https:\/\/produncan.cl\/de\/produkt\/campito-pichidamas-region-de-los-lagos\/\" \/>\n<meta property=\"og:locale\" content=\"de_DE\" \/>\n<meta property=\"og:type\" content=\"article\" \/>\n<meta property=\"og:title\" content=\"&quot;Campito Pichidamas - Region der Seen&quot;\" \/>\n<meta property=\"og:description\" content=\"&quot;8,2 ha gro\u00dfes Grundst\u00fcck, 10 Minuten vom Rupanco-See entfernt, mit asphaltiertem Zugang, Strom in der N\u00e4he, einem breiten Bach, \u00fcberwiegend Wiese und Blick auf die Vulkane.&quot;\" \/>\n<meta property=\"og:url\" content=\"https:\/\/produncan.cl\/de\/produkt\/campito-pichidamas-region-de-los-lagos\/\" \/>\n<meta property=\"og:site_name\" content=\"Produncan\" \/>\n<meta property=\"article:publisher\" content=\"https:\/\/web.facebook.com\/produncanland\" \/>\n<meta property=\"article:modified_time\" content=\"2025-08-14T16:35:22+00:00\" \/>\n<meta property=\"og:image\" content=\"https:\/\/produncan.cl\/wp-content\/uploads\/2024\/09\/Campito-Pichidamas-vendido.webp\" \/>\n\t<meta property=\"og:image:width\" content=\"800\" \/>\n\t<meta property=\"og:image:height\" content=\"600\" \/>\n\t<meta property=\"og:image:type\" content=\"image\/webp\" \/>\n<meta name=\"twitter:card\" content=\"summary_large_image\" \/>\n<meta name=\"twitter:label1\" content=\"Price\" \/>\n\t<meta name=\"twitter:data1\" content=\"\" \/>\n\t<meta name=\"twitter:label2\" content=\"Availability\" \/>\n\t<meta name=\"twitter:data2\" content=\"Out of stock\" \/>\n<script type=\"application\/ld+json\" class=\"yoast-schema-graph\">{\"@context\":\"https:\\\/\\\/schema.org\",\"@graph\":[{\"@type\":\"WebPage\",\"@id\":\"https:\\\/\\\/produncan.cl\\\/de\\\/produkt\\\/campito-pichidamas-region-de-los-lagos\\\/\",\"url\":\"https:\\\/\\\/produncan.cl\\\/de\\\/produkt\\\/campito-pichidamas-region-de-los-lagos\\\/\",\"name\":\"\\\"Campito Pichidamas - Region der Seen\\\" - Produncan\",\"isPartOf\":{\"@id\":\"https:\\\/\\\/produncan.cl\\\/de\\\/#website\"},\"primaryImageOfPage\":{\"@id\":\"https:\\\/\\\/produncan.cl\\\/de\\\/produkt\\\/campito-pichidamas-region-de-los-lagos\\\/#primaryimage\"},\"image\":{\"@id\":\"https:\\\/\\\/produncan.cl\\\/de\\\/produkt\\\/campito-pichidamas-region-de-los-lagos\\\/#primaryimage\"},\"thumbnailUrl\":\"https:\\\/\\\/produncan.cl\\\/wp-content\\\/uploads\\\/2024\\\/09\\\/Campito-Pichidamas-vendido.webp\",\"datePublished\":\"2021-09-04T17:43:30+00:00\",\"dateModified\":\"2025-08-14T16:35:22+00:00\",\"description\":\"\\\"8,2 ha gro\u00dfes Grundst\u00fcck, 10 Minuten vom Rupanco-See entfernt, mit asphaltiertem Zugang, Strom in der N\u00e4he, einem breiten Bach, \u00fcberwiegend Wiese und Blick auf die Vulkane.\\\"\",\"breadcrumb\":{\"@id\":\"https:\\\/\\\/produncan.cl\\\/de\\\/produkt\\\/campito-pichidamas-region-de-los-lagos\\\/#breadcrumb\"},\"inLanguage\":\"de-DE\",\"potentialAction\":[{\"@type\":\"ReadAction\",\"target\":[\"https:\\\/\\\/produncan.cl\\\/de\\\/produkt\\\/campito-pichidamas-region-de-los-lagos\\\/\"]}]},{\"@type\":\"ImageObject\",\"inLanguage\":\"de-DE\",\"@id\":\"https:\\\/\\\/produncan.cl\\\/de\\\/produkt\\\/campito-pichidamas-region-de-los-lagos\\\/#primaryimage\",\"url\":\"https:\\\/\\\/produncan.cl\\\/wp-content\\\/uploads\\\/2024\\\/09\\\/Campito-Pichidamas-vendido.webp\",\"contentUrl\":\"https:\\\/\\\/produncan.cl\\\/wp-content\\\/uploads\\\/2024\\\/09\\\/Campito-Pichidamas-vendido.webp\",\"width\":800,\"height\":600},{\"@type\":\"BreadcrumbList\",\"@id\":\"https:\\\/\\\/produncan.cl\\\/de\\\/produkt\\\/campito-pichidamas-region-de-los-lagos\\\/#breadcrumb\",\"itemListElement\":[{\"@type\":\"ListItem\",\"position\":1,\"name\":\"Inicio\",\"item\":\"https:\\\/\\\/produncan.cl\\\/de\\\/\"},{\"@type\":\"ListItem\",\"position\":2,\"name\":\"Eigenschaften\",\"item\":\"https:\\\/\\\/produncan.cl\\\/propiedades\\\/\"},{\"@type\":\"ListItem\",\"position\":3,\"name\":\"Felder\",\"item\":\"https:\\\/\\\/produncan.cl\\\/de\\\/kategorie\\\/felder\\\/\"},{\"@type\":\"ListItem\",\"position\":4,\"name\":\"&#8220;Campito Pichidamas &#8211; Region der Seen&#8221;\"}]},{\"@type\":\"WebSite\",\"@id\":\"https:\\\/\\\/produncan.cl\\\/de\\\/#website\",\"url\":\"https:\\\/\\\/produncan.cl\\\/de\\\/\",\"name\":\"Produncan\",\"description\":\"Wir begleiten Sie bei Ihrem Lebensprojekt!\",\"publisher\":{\"@id\":\"https:\\\/\\\/produncan.cl\\\/de\\\/#organization\"},\"potentialAction\":[{\"@type\":\"SearchAction\",\"target\":{\"@type\":\"EntryPoint\",\"urlTemplate\":\"https:\\\/\\\/produncan.cl\\\/de\\\/?s={search_term_string}\"},\"query-input\":{\"@type\":\"PropertyValueSpecification\",\"valueRequired\":true,\"valueName\":\"search_term_string\"}}],\"inLanguage\":\"de-DE\"},{\"@type\":\"Organization\",\"@id\":\"https:\\\/\\\/produncan.cl\\\/de\\\/#organization\",\"name\":\"Produncan\",\"url\":\"https:\\\/\\\/produncan.cl\\\/de\\\/\",\"logo\":{\"@type\":\"ImageObject\",\"inLanguage\":\"de-DE\",\"@id\":\"https:\\\/\\\/produncan.cl\\\/de\\\/#\\\/schema\\\/logo\\\/image\\\/\",\"url\":\"https:\\\/\\\/produncan.cl\\\/wp-content\\\/uploads\\\/2021\\\/03\\\/LOGO.jpeg\",\"contentUrl\":\"https:\\\/\\\/produncan.cl\\\/wp-content\\\/uploads\\\/2021\\\/03\\\/LOGO.jpeg\",\"width\":1280,\"height\":903,\"caption\":\"Produncan\"},\"image\":{\"@id\":\"https:\\\/\\\/produncan.cl\\\/de\\\/#\\\/schema\\\/logo\\\/image\\\/\"},\"sameAs\":[\"https:\\\/\\\/web.facebook.com\\\/produncanland\",\"https:\\\/\\\/www.instagram.com\\\/pro_duncan\\\/\",\"https:\\\/\\\/www.linkedin.com\\\/company\\\/produncan-lands\\\/\",\"https:\\\/\\\/www.youtube.com\\\/channel\\\/UCu7N-f3x0svkazD-Eew1-QQ\"],\"description\":\"En Produncan somos especialistas en la venta de terrenos en el sur de Chile. Proveemos estancias, campos, parcelas y hoteles.\",\"email\":\"info@produncan.cl\"}]}<\/script>\n<meta property=\"og:video\" content=\"https:\/\/www.youtube.com\/embed\/9mhM1679M0E\" \/>\n<meta property=\"og:video:type\" content=\"text\/html\" \/>\n<meta property=\"og:video:duration\" content=\"123\" \/>\n<meta property=\"og:video:width\" content=\"480\" \/>\n<meta property=\"og:video:height\" content=\"270\" \/>\n<meta property=\"ya:ovs:adult\" content=\"false\" \/>\n<meta property=\"ya:ovs:upload_date\" content=\"2021-09-04T17:43:30+00:00\" \/>\n<meta property=\"ya:ovs:allow_embed\" content=\"true\" \/>\n<meta property=\"product:price:currency\" content=\"USD\" \/>\n<meta property=\"og:availability\" content=\"out of stock\" \/>\n<meta property=\"product:availability\" content=\"out of stock\" \/>\n<meta property=\"product:condition\" content=\"new\" \/>\n<!-- \/ Yoast SEO Premium plugin. -->","yoast_head_json":{"title":"\"Campito Pichidamas - Region der Seen\" - Produncan","description":"\"8,2 ha gro\u00dfes Grundst\u00fcck, 10 Minuten vom Rupanco-See entfernt, mit asphaltiertem Zugang, Strom in der N\u00e4he, einem breiten Bach, \u00fcberwiegend Wiese und Blick auf die Vulkane.\"","robots":{"index":"index","follow":"follow","max-snippet":"max-snippet:-1","max-image-preview":"max-image-preview:large","max-video-preview":"max-video-preview:-1"},"canonical":"https:\/\/produncan.cl\/de\/produkt\/campito-pichidamas-region-de-los-lagos\/","og_locale":"de_DE","og_type":"article","og_title":"\"Campito Pichidamas - Region der Seen\"","og_description":"\"8,2 ha gro\u00dfes Grundst\u00fcck, 10 Minuten vom Rupanco-See entfernt, mit asphaltiertem Zugang, Strom in der N\u00e4he, einem breiten Bach, \u00fcberwiegend Wiese und Blick auf die Vulkane.\"","og_url":"https:\/\/produncan.cl\/de\/produkt\/campito-pichidamas-region-de-los-lagos\/","og_site_name":"Produncan","article_publisher":"https:\/\/web.facebook.com\/produncanland","article_modified_time":"2025-08-14T16:35:22+00:00","og_image":[{"width":800,"height":600,"url":"https:\/\/produncan.cl\/wp-content\/uploads\/2024\/09\/Campito-Pichidamas-vendido.webp","type":"image\/webp"}],"twitter_card":"summary_large_image","twitter_misc":{"Price":"","Availability":"Out of stock"},"schema":{"@context":"https:\/\/schema.org","@graph":[{"@type":"WebPage","@id":"https:\/\/produncan.cl\/de\/produkt\/campito-pichidamas-region-de-los-lagos\/","url":"https:\/\/produncan.cl\/de\/produkt\/campito-pichidamas-region-de-los-lagos\/","name":"\"Campito Pichidamas - Region der Seen\" - Produncan","isPartOf":{"@id":"https:\/\/produncan.cl\/de\/#website"},"primaryImageOfPage":{"@id":"https:\/\/produncan.cl\/de\/produkt\/campito-pichidamas-region-de-los-lagos\/#primaryimage"},"image":{"@id":"https:\/\/produncan.cl\/de\/produkt\/campito-pichidamas-region-de-los-lagos\/#primaryimage"},"thumbnailUrl":"https:\/\/produncan.cl\/wp-content\/uploads\/2024\/09\/Campito-Pichidamas-vendido.webp","datePublished":"2021-09-04T17:43:30+00:00","dateModified":"2025-08-14T16:35:22+00:00","description":"\"8,2 ha gro\u00dfes Grundst\u00fcck, 10 Minuten vom Rupanco-See entfernt, mit asphaltiertem Zugang, Strom in der N\u00e4he, einem breiten Bach, \u00fcberwiegend Wiese und Blick auf die Vulkane.\"","breadcrumb":{"@id":"https:\/\/produncan.cl\/de\/produkt\/campito-pichidamas-region-de-los-lagos\/#breadcrumb"},"inLanguage":"de-DE","potentialAction":[{"@type":"ReadAction","target":["https:\/\/produncan.cl\/de\/produkt\/campito-pichidamas-region-de-los-lagos\/"]}]},{"@type":"ImageObject","inLanguage":"de-DE","@id":"https:\/\/produncan.cl\/de\/produkt\/campito-pichidamas-region-de-los-lagos\/#primaryimage","url":"https:\/\/produncan.cl\/wp-content\/uploads\/2024\/09\/Campito-Pichidamas-vendido.webp","contentUrl":"https:\/\/produncan.cl\/wp-content\/uploads\/2024\/09\/Campito-Pichidamas-vendido.webp","width":800,"height":600},{"@type":"BreadcrumbList","@id":"https:\/\/produncan.cl\/de\/produkt\/campito-pichidamas-region-de-los-lagos\/#breadcrumb","itemListElement":[{"@type":"ListItem","position":1,"name":"Inicio","item":"https:\/\/produncan.cl\/de\/"},{"@type":"ListItem","position":2,"name":"Eigenschaften","item":"https:\/\/produncan.cl\/propiedades\/"},{"@type":"ListItem","position":3,"name":"Felder","item":"https:\/\/produncan.cl\/de\/kategorie\/felder\/"},{"@type":"ListItem","position":4,"name":"&#8220;Campito Pichidamas &#8211; Region der Seen&#8221;"}]},{"@type":"WebSite","@id":"https:\/\/produncan.cl\/de\/#website","url":"https:\/\/produncan.cl\/de\/","name":"Produncan","description":"Wir begleiten Sie bei Ihrem Lebensprojekt!","publisher":{"@id":"https:\/\/produncan.cl\/de\/#organization"},"potentialAction":[{"@type":"SearchAction","target":{"@type":"EntryPoint","urlTemplate":"https:\/\/produncan.cl\/de\/?s={search_term_string}"},"query-input":{"@type":"PropertyValueSpecification","valueRequired":true,"valueName":"search_term_string"}}],"inLanguage":"de-DE"},{"@type":"Organization","@id":"https:\/\/produncan.cl\/de\/#organization","name":"Produncan","url":"https:\/\/produncan.cl\/de\/","logo":{"@type":"ImageObject","inLanguage":"de-DE","@id":"https:\/\/produncan.cl\/de\/#\/schema\/logo\/image\/","url":"https:\/\/produncan.cl\/wp-content\/uploads\/2021\/03\/LOGO.jpeg","contentUrl":"https:\/\/produncan.cl\/wp-content\/uploads\/2021\/03\/LOGO.jpeg","width":1280,"height":903,"caption":"Produncan"},"image":{"@id":"https:\/\/produncan.cl\/de\/#\/schema\/logo\/image\/"},"sameAs":["https:\/\/web.facebook.com\/produncanland","https:\/\/www.instagram.com\/pro_duncan\/","https:\/\/www.linkedin.com\/company\/produncan-lands\/","https:\/\/www.youtube.com\/channel\/UCu7N-f3x0svkazD-Eew1-QQ"],"description":"En Produncan somos especialistas en la venta de terrenos en el sur de Chile. Proveemos estancias, campos, parcelas y hoteles.","email":"info@produncan.cl"}]},"og_video":"https:\/\/www.youtube.com\/embed\/9mhM1679M0E","og_video_type":"text\/html","og_video_duration":"123","og_video_width":"480","og_video_height":"270","ya_ovs_adult":"false","ya_ovs_upload_date":"2021-09-04T17:43:30+00:00","ya_ovs_allow_embed":"true","product_price_currency":"USD","og_availability":"out of stock","product_availability":"out of stock","product_condition":"new"},"_links":{"self":[{"href":"https:\/\/produncan.cl\/de\/wp-json\/wp\/v2\/product\/34437","targetHints":{"allow":["GET"]}}],"collection":[{"href":"https:\/\/produncan.cl\/de\/wp-json\/wp\/v2\/product"}],"about":[{"href":"https:\/\/produncan.cl\/de\/wp-json\/wp\/v2\/types\/product"}],"version-history":[{"count":0,"href":"https:\/\/produncan.cl\/de\/wp-json\/wp\/v2\/product\/34437\/revisions"}],"wp:featuredmedia":[{"embeddable":true,"href":"https:\/\/produncan.cl\/de\/wp-json\/wp\/v2\/media\/37159"}],"wp:attachment":[{"href":"https:\/\/produncan.cl\/de\/wp-json\/wp\/v2\/media?parent=34437"}],"wp:term":[{"taxonomy":"product_brand","embeddable":true,"href":"https:\/\/produncan.cl\/de\/wp-json\/wp\/v2\/product_brand?post=34437"},{"taxonomy":"product_cat","embeddable":true,"href":"https:\/\/produncan.cl\/de\/wp-json\/wp\/v2\/product_cat?post=34437"},{"taxonomy":"product_tag","embeddable":true,"href":"https:\/\/produncan.cl\/de\/wp-json\/wp\/v2\/product_tag?post=34437"},{"taxonomy":"regiones","embeddable":true,"href":"https:\/\/produncan.cl\/de\/wp-json\/wp\/v2\/regiones?post=34437"},{"taxonomy":"ciudades","embeddable":true,"href":"https:\/\/produncan.cl\/de\/wp-json\/wp\/v2\/ciudades?post=34437"}],"curies":[{"name":"wp","href":"https:\/\/api.w.org\/{rel}","templated":true}]}}