{"id":34607,"date":"2024-09-06T15:52:06","date_gmt":"2024-09-06T19:52:06","guid":{"rendered":"https:\/\/produncan.cl\/producto\/makro-lotsen-antonio-varas-halbinsel\/"},"modified":"2025-12-17T14:06:57","modified_gmt":"2025-12-17T17:06:57","slug":"makro-lotsen-antonio-varas-halbinsel","status":"publish","type":"product","link":"https:\/\/produncan.cl\/de\/produkt\/makro-lotsen-antonio-varas-halbinsel\/","title":{"rendered":"Grundst\u00fccke in Puerto Natales, Pen\u00ednsula Antonio Varas &#8211; Region Magallanes"},"content":{"rendered":"\t\t<div data-elementor-type=\"product-post\" data-elementor-id=\"34607\" class=\"elementor elementor-34607 elementor-34465\" data-elementor-post-type=\"product\">\n\t\t\t\t<div class=\"elementor-element elementor-element-297e653 e-flex e-con-boxed e-con e-parent\" data-id=\"297e653\" data-element_type=\"container\" data-e-type=\"container\" data-settings=\"{&quot;jet_parallax_layout_list&quot;:[]}\">\n\t\t\t\t\t<div class=\"e-con-inner\">\n\t\t\t\t<div class=\"elementor-element elementor-element-0db3ce6 elementor-widget elementor-widget-heading\" data-id=\"0db3ce6\" data-element_type=\"widget\" data-e-type=\"widget\" data-widget_type=\"heading.default\">\n\t\t\t\t\t<h2 class=\"elementor-heading-title elementor-size-default\">Ihr idealer Zufluchtsort in Patagonien zu einem g\u00fcnstigen Preis<\/h2>\t\t\t\t<\/div>\n\t\t\t\t\t<\/div>\n\t\t\t\t<\/div>\n\t\t<div class=\"elementor-element elementor-element-c6cb2f7 e-flex e-con-boxed e-con e-parent\" data-id=\"c6cb2f7\" data-element_type=\"container\" data-e-type=\"container\" data-settings=\"{&quot;jet_parallax_layout_list&quot;:[]}\">\n\t\t\t\t\t<div class=\"e-con-inner\">\n\t\t\t\t<div class=\"elementor-element elementor-element-98115a5 elementor-widget elementor-widget-text-editor\" data-id=\"98115a5\" data-element_type=\"widget\" data-e-type=\"widget\" data-widget_type=\"text-editor.default\">\n\t\t\t\t\t\t\t\t\t<p>Diese Makrogrundst\u00fccke befinden sich auf der ber\u00fchmten Halbinsel Antonio Varas, gegen\u00fcber der Stadt Puerto Natales, und bieten eine einzigartige Gelegenheit f\u00fcr alle, die inmitten der unber\u00fchrten Sch\u00f6nheit Patagoniens leben m\u00f6chten. Die Grundst\u00fccke sind zwischen 1,17 und 9,69 Hektar gro\u00df und kosten ab 15 Millionen Dollar pro Hektar, wobei die durchschnittliche Gr\u00f6\u00dfe bei etwa 2 Hektar liegt. Das Projekt umfasst insgesamt 60 Makro-Parzellen, von denen 20 bereits verkauft wurden und die alle vollst\u00e4ndig registriert und \u00fcbertragungsbereit sind.  <\/p><p>Der Zugang zu den Makroparzellen erfolgt direkt von einer \u00f6ffentlichen Stra\u00dfe aus, die von der Gemeinde sehr gut instand gehalten wird, so dass ein einfacher und ungehinderter Zugang gew\u00e4hrleistet ist. Es gibt keine Tore oder Zugangskontrollen zu den Grundst\u00fccken, und die \u00dcberfahrt zur Halbinsel erfolgt per Boot oder Kahn, mit t\u00e4glichen Abfahrten von Puerto Natales. Das Land ist \u00fcberwiegend flach, bewaldet und leicht abfallend, was den Bau von H\u00e4usern erleichtert.  <\/p><p>Obwohl derzeit keine Elektrizit\u00e4t installiert ist, haben die Eigent\u00fcmer die M\u00f6glichkeit, sich f\u00fcr erneuerbare L\u00f6sungen wie Sonnenkollektoren und Windturbinen zu entscheiden, die aufgrund der extremen Lage durch verschiedene staatliche Subventionen unterst\u00fctzt werden. Eine Internetverbindung ist \u00fcber Satellitensysteme m\u00f6glich, da das Telekommunikationssignal auf einigen Grundst\u00fccken ineffizient sein kann. Jeder Eigent\u00fcmer kann seine eigenen Brunnen bohren, wobei die Vorschriften der Generaldirektion f\u00fcr Wasserwirtschaft (DGA) eingehalten werden. Dar\u00fcber hinaus bietet die Immobiliengesellschaft ein Projekt an, bei dem Wasser von h\u00f6her gelegenen Stellen aufgefangen und an die einzelnen Grundst\u00fccke verteilt wird.   <\/p><p>Die Grundst\u00fccke in Puerto Natales auf der Halbinsel Antonio Varas sind von einheimischen Arten wie Coigues, Lengas und \u00d1irres umgeben, und die Gegend ist ideal f\u00fcr Freizeitaktivit\u00e4ten wie Sportfischen, Trekking und Reiten. Dar\u00fcber hinaus haben die Eigent\u00fcmer Zugang zu einem in Zusammenarbeit mit CONAF angelegten Weg, der zu einem Strand f\u00fchrt, an dem man das Meer und die Natur genie\u00dfen kann. Die Eigent\u00fcmergemeinschaft ist bereits mit dem Nachbarschaftsrat des Sektors organisiert, und ein Notfallprotokoll wird mit Unterst\u00fctzung der Gemeinde und des Hafenmeisteramts erarbeitet.  <\/p><p>Dieses Projekt bietet die M\u00f6glichkeit, zu einem angemessenen Preis einen R\u00fcckzugsort in Patagonien zu erwerben, der Privatsph\u00e4re, Natur und die N\u00e4he zur Stadt Puerto Natales mit ihren ber\u00fchmten Sehensw\u00fcrdigkeiten wie Torres del Paine und der Milodon-H\u00f6hle und vielen anderen verbindet. Reservierungen k\u00f6nnen mit einer Anzahlung von 1.000.000 CLP f\u00fcr einen Zeitraum von 30 Tagen vorgenommen werden. Die Zahlungsmodalit\u00e4ten umfassen 30 % Barzahlung plus 24 Raten in UF. <\/p><p>Setzen Sie sich mit uns in Verbindung, verpassen Sie nicht die Gelegenheit, an diesem sch\u00f6nen Projekt teilzunehmen!<\/p>\t\t\t\t\t\t\t\t<\/div>\n\t\t\t\t\t<\/div>\n\t\t\t\t<\/div>\n\t\t\t\t<\/div>\n\t\t","protected":false},"excerpt":{"rendered":"<p>Grundst\u00fccke in Puerto Natales, Pen\u00ednsula Antonio Varas. Mit Fl\u00e4chen zwischen 1,17 und 9,69 Hektar. Alle mit direktem Zugang zur \u00f6ffentlichen Stra\u00dfe, gemeinsamen Abstieg zum Meer, ideal f\u00fcr den Tourismus und Ihre Zuflucht zu bauen.   Barge im Ausschreibungsverfahren Prozess.<\/p>\n","protected":false},"featured_media":51722,"template":"","meta":{"_acf_changed":false},"product_brand":[],"product_cat":[116],"product_tag":[232,231],"regiones":[225],"ciudades":[210],"class_list":{"0":"post-34607","1":"product","2":"type-product","3":"status-publish","4":"has-post-thumbnail","6":"product_cat-aysen-magallanes-de","7":"product_tag-grundstuecke","8":"product_tag-touristische-immobilien","9":"regiones-aysen-magallanes","10":"ciudades-puerto-natales","12":"first","13":"instock","14":"shipping-taxable","15":"purchasable","16":"product-type-simple"},"acf":[],"yoast_head":"<!-- This site is optimized with the Yoast SEO Premium plugin v26.0 (Yoast SEO v27.3) - https:\/\/yoast.com\/product\/yoast-seo-premium-wordpress\/ -->\n<title>Parzelle Fluss Petrohu\u00e9<\/title>\n<meta name=\"description\" content=\"Macrolots auf der Halbinsel Antonio Varas, Puerto Natales. Mit direktem Zugang von der \u00f6ffentlichen Stra\u00dfe, bis zum Meer, ideal , um Ihre Unterkunft zu bauen.\" \/>\n<meta name=\"robots\" content=\"index, follow, max-snippet:-1, max-image-preview:large, max-video-preview:-1\" \/>\n<link rel=\"canonical\" href=\"https:\/\/produncan.cl\/de\/produkt\/makro-lotsen-antonio-varas-halbinsel\/\" \/>\n<meta property=\"og:locale\" content=\"de_DE\" \/>\n<meta property=\"og:type\" content=\"article\" \/>\n<meta property=\"og:title\" content=\"Grundst\u00fccke in Puerto Natales, Pen\u00ednsula Antonio Varas - Region Magallanes\" \/>\n<meta property=\"og:description\" content=\"Macrolots auf der Halbinsel Antonio Varas, Puerto Natales. Mit direktem Zugang von der \u00f6ffentlichen Stra\u00dfe, bis zum Meer, ideal , um Ihre Unterkunft zu bauen.\" \/>\n<meta property=\"og:url\" content=\"https:\/\/produncan.cl\/de\/produkt\/makro-lotsen-antonio-varas-halbinsel\/\" \/>\n<meta property=\"og:site_name\" content=\"Produncan\" \/>\n<meta property=\"article:publisher\" content=\"https:\/\/web.facebook.com\/produncanland\" \/>\n<meta property=\"article:modified_time\" content=\"2025-12-17T17:06:57+00:00\" \/>\n<meta property=\"og:image\" content=\"https:\/\/produncan.cl\/wp-content\/uploads\/2024\/09\/Macrolotes-Peninsula-Antonio-Varas.webp\" \/>\n<meta name=\"twitter:card\" content=\"summary_large_image\" \/>\n<meta name=\"twitter:label1\" content=\"Price\" \/>\n\t<meta name=\"twitter:data1\" content=\"USD27.000,00\" \/>\n\t<meta name=\"twitter:label2\" content=\"Availability\" \/>\n\t<meta name=\"twitter:data2\" content=\"In stock\" \/>\n<script type=\"application\/ld+json\" class=\"yoast-schema-graph\">{\"@context\":\"https:\\\/\\\/schema.org\",\"@graph\":[{\"@type\":\"WebPage\",\"@id\":\"https:\\\/\\\/produncan.cl\\\/de\\\/produkt\\\/makro-lotsen-antonio-varas-halbinsel\\\/\",\"url\":\"https:\\\/\\\/produncan.cl\\\/de\\\/produkt\\\/makro-lotsen-antonio-varas-halbinsel\\\/\",\"name\":\"Parzelle Fluss Petrohu\u00e9\",\"isPartOf\":{\"@id\":\"https:\\\/\\\/produncan.cl\\\/de\\\/#website\"},\"primaryImageOfPage\":{\"@id\":\"https:\\\/\\\/produncan.cl\\\/de\\\/produkt\\\/makro-lotsen-antonio-varas-halbinsel\\\/#primaryimage\"},\"image\":{\"@id\":\"https:\\\/\\\/produncan.cl\\\/de\\\/produkt\\\/makro-lotsen-antonio-varas-halbinsel\\\/#primaryimage\"},\"thumbnailUrl\":\"https:\\\/\\\/produncan.cl\\\/wp-content\\\/uploads\\\/2024\\\/09\\\/Macrolotes-Peninsula-Antonio-Varas-Puerto-Natales.webp\",\"datePublished\":\"2024-09-06T19:52:06+00:00\",\"dateModified\":\"2025-12-17T17:06:57+00:00\",\"description\":\"Macrolots auf der Halbinsel Antonio Varas, Puerto Natales. Mit direktem Zugang von der \u00f6ffentlichen Stra\u00dfe, bis zum Meer, ideal , um Ihre Unterkunft zu bauen.\",\"breadcrumb\":{\"@id\":\"https:\\\/\\\/produncan.cl\\\/de\\\/produkt\\\/makro-lotsen-antonio-varas-halbinsel\\\/#breadcrumb\"},\"inLanguage\":\"de-DE\",\"potentialAction\":[{\"@type\":\"ReadAction\",\"target\":[\"https:\\\/\\\/produncan.cl\\\/de\\\/produkt\\\/makro-lotsen-antonio-varas-halbinsel\\\/\"]}]},{\"@type\":\"ImageObject\",\"inLanguage\":\"de-DE\",\"@id\":\"https:\\\/\\\/produncan.cl\\\/de\\\/produkt\\\/makro-lotsen-antonio-varas-halbinsel\\\/#primaryimage\",\"url\":\"https:\\\/\\\/produncan.cl\\\/wp-content\\\/uploads\\\/2024\\\/09\\\/Macrolotes-Peninsula-Antonio-Varas-Puerto-Natales.webp\",\"contentUrl\":\"https:\\\/\\\/produncan.cl\\\/wp-content\\\/uploads\\\/2024\\\/09\\\/Macrolotes-Peninsula-Antonio-Varas-Puerto-Natales.webp\",\"width\":800,\"height\":600,\"caption\":\"Macrolots Halbinsel Antonio Varas Puerto Natales\"},{\"@type\":\"BreadcrumbList\",\"@id\":\"https:\\\/\\\/produncan.cl\\\/de\\\/produkt\\\/makro-lotsen-antonio-varas-halbinsel\\\/#breadcrumb\",\"itemListElement\":[{\"@type\":\"ListItem\",\"position\":1,\"name\":\"Inicio\",\"item\":\"https:\\\/\\\/produncan.cl\\\/de\\\/\"},{\"@type\":\"ListItem\",\"position\":2,\"name\":\"Eigenschaften\",\"item\":\"https:\\\/\\\/produncan.cl\\\/propiedades\\\/\"},{\"@type\":\"ListItem\",\"position\":3,\"name\":\"Grundst\u00fccke\",\"item\":\"https:\\\/\\\/produncan.cl\\\/de\\\/kategorie\\\/grundstuecke\\\/\"},{\"@type\":\"ListItem\",\"position\":4,\"name\":\"Grundst\u00fccke in Puerto Natales, Pen\u00ednsula Antonio Varas &#8211; Region Magallanes\"}]},{\"@type\":\"WebSite\",\"@id\":\"https:\\\/\\\/produncan.cl\\\/de\\\/#website\",\"url\":\"https:\\\/\\\/produncan.cl\\\/de\\\/\",\"name\":\"Produncan\",\"description\":\"Wir begleiten Sie bei Ihrem Lebensprojekt!\",\"publisher\":{\"@id\":\"https:\\\/\\\/produncan.cl\\\/de\\\/#organization\"},\"potentialAction\":[{\"@type\":\"SearchAction\",\"target\":{\"@type\":\"EntryPoint\",\"urlTemplate\":\"https:\\\/\\\/produncan.cl\\\/de\\\/?s={search_term_string}\"},\"query-input\":{\"@type\":\"PropertyValueSpecification\",\"valueRequired\":true,\"valueName\":\"search_term_string\"}}],\"inLanguage\":\"de-DE\"},{\"@type\":\"Organization\",\"@id\":\"https:\\\/\\\/produncan.cl\\\/de\\\/#organization\",\"name\":\"Produncan\",\"url\":\"https:\\\/\\\/produncan.cl\\\/de\\\/\",\"logo\":{\"@type\":\"ImageObject\",\"inLanguage\":\"de-DE\",\"@id\":\"https:\\\/\\\/produncan.cl\\\/de\\\/#\\\/schema\\\/logo\\\/image\\\/\",\"url\":\"https:\\\/\\\/produncan.cl\\\/wp-content\\\/uploads\\\/2021\\\/03\\\/LOGO.jpeg\",\"contentUrl\":\"https:\\\/\\\/produncan.cl\\\/wp-content\\\/uploads\\\/2021\\\/03\\\/LOGO.jpeg\",\"width\":1280,\"height\":903,\"caption\":\"Produncan\"},\"image\":{\"@id\":\"https:\\\/\\\/produncan.cl\\\/de\\\/#\\\/schema\\\/logo\\\/image\\\/\"},\"sameAs\":[\"https:\\\/\\\/web.facebook.com\\\/produncanland\",\"https:\\\/\\\/www.instagram.com\\\/pro_duncan\\\/\",\"https:\\\/\\\/www.linkedin.com\\\/company\\\/produncan-lands\\\/\",\"https:\\\/\\\/www.youtube.com\\\/channel\\\/UCu7N-f3x0svkazD-Eew1-QQ\"],\"description\":\"En Produncan somos especialistas en la venta de terrenos en el sur de Chile. Proveemos estancias, campos, parcelas y hoteles.\",\"email\":\"info@produncan.cl\"}]}<\/script>\n<meta property=\"og:video\" content=\"https:\/\/www.youtube.com\/embed\/t5ZTD-ygesQ\" \/>\n<meta property=\"og:video:type\" content=\"text\/html\" \/>\n<meta property=\"og:video:duration\" content=\"112\" \/>\n<meta property=\"og:video:width\" content=\"480\" \/>\n<meta property=\"og:video:height\" content=\"270\" \/>\n<meta property=\"ya:ovs:adult\" content=\"false\" \/>\n<meta property=\"ya:ovs:upload_date\" content=\"2024-09-06T19:52:06+00:00\" \/>\n<meta property=\"ya:ovs:allow_embed\" content=\"true\" \/>\n<meta property=\"product:price:amount\" content=\"27000.00\" \/>\n<meta property=\"product:price:currency\" content=\"USD\" \/>\n<meta property=\"og:availability\" content=\"instock\" \/>\n<meta property=\"product:availability\" content=\"instock\" \/>\n<meta property=\"product:condition\" content=\"new\" \/>\n<!-- \/ Yoast SEO Premium plugin. -->","yoast_head_json":{"title":"Parzelle Fluss Petrohu\u00e9","description":"Macrolots auf der Halbinsel Antonio Varas, Puerto Natales. Mit direktem Zugang von der \u00f6ffentlichen Stra\u00dfe, bis zum Meer, ideal , um Ihre Unterkunft zu bauen.","robots":{"index":"index","follow":"follow","max-snippet":"max-snippet:-1","max-image-preview":"max-image-preview:large","max-video-preview":"max-video-preview:-1"},"canonical":"https:\/\/produncan.cl\/de\/produkt\/makro-lotsen-antonio-varas-halbinsel\/","og_locale":"de_DE","og_type":"article","og_title":"Grundst\u00fccke in Puerto Natales, Pen\u00ednsula Antonio Varas - Region Magallanes","og_description":"Macrolots auf der Halbinsel Antonio Varas, Puerto Natales. Mit direktem Zugang von der \u00f6ffentlichen Stra\u00dfe, bis zum Meer, ideal , um Ihre Unterkunft zu bauen.","og_url":"https:\/\/produncan.cl\/de\/produkt\/makro-lotsen-antonio-varas-halbinsel\/","og_site_name":"Produncan","article_publisher":"https:\/\/web.facebook.com\/produncanland","article_modified_time":"2025-12-17T17:06:57+00:00","og_image":[{"url":"https:\/\/produncan.cl\/wp-content\/uploads\/2024\/09\/Macrolotes-Peninsula-Antonio-Varas.webp","type":"","width":"","height":""}],"twitter_card":"summary_large_image","twitter_misc":{"Price":"USD27.000,00","Availability":"In stock"},"schema":{"@context":"https:\/\/schema.org","@graph":[{"@type":"WebPage","@id":"https:\/\/produncan.cl\/de\/produkt\/makro-lotsen-antonio-varas-halbinsel\/","url":"https:\/\/produncan.cl\/de\/produkt\/makro-lotsen-antonio-varas-halbinsel\/","name":"Parzelle Fluss Petrohu\u00e9","isPartOf":{"@id":"https:\/\/produncan.cl\/de\/#website"},"primaryImageOfPage":{"@id":"https:\/\/produncan.cl\/de\/produkt\/makro-lotsen-antonio-varas-halbinsel\/#primaryimage"},"image":{"@id":"https:\/\/produncan.cl\/de\/produkt\/makro-lotsen-antonio-varas-halbinsel\/#primaryimage"},"thumbnailUrl":"https:\/\/produncan.cl\/wp-content\/uploads\/2024\/09\/Macrolotes-Peninsula-Antonio-Varas-Puerto-Natales.webp","datePublished":"2024-09-06T19:52:06+00:00","dateModified":"2025-12-17T17:06:57+00:00","description":"Macrolots auf der Halbinsel Antonio Varas, Puerto Natales. Mit direktem Zugang von der \u00f6ffentlichen Stra\u00dfe, bis zum Meer, ideal , um Ihre Unterkunft zu bauen.","breadcrumb":{"@id":"https:\/\/produncan.cl\/de\/produkt\/makro-lotsen-antonio-varas-halbinsel\/#breadcrumb"},"inLanguage":"de-DE","potentialAction":[{"@type":"ReadAction","target":["https:\/\/produncan.cl\/de\/produkt\/makro-lotsen-antonio-varas-halbinsel\/"]}]},{"@type":"ImageObject","inLanguage":"de-DE","@id":"https:\/\/produncan.cl\/de\/produkt\/makro-lotsen-antonio-varas-halbinsel\/#primaryimage","url":"https:\/\/produncan.cl\/wp-content\/uploads\/2024\/09\/Macrolotes-Peninsula-Antonio-Varas-Puerto-Natales.webp","contentUrl":"https:\/\/produncan.cl\/wp-content\/uploads\/2024\/09\/Macrolotes-Peninsula-Antonio-Varas-Puerto-Natales.webp","width":800,"height":600,"caption":"Macrolots Halbinsel Antonio Varas Puerto Natales"},{"@type":"BreadcrumbList","@id":"https:\/\/produncan.cl\/de\/produkt\/makro-lotsen-antonio-varas-halbinsel\/#breadcrumb","itemListElement":[{"@type":"ListItem","position":1,"name":"Inicio","item":"https:\/\/produncan.cl\/de\/"},{"@type":"ListItem","position":2,"name":"Eigenschaften","item":"https:\/\/produncan.cl\/propiedades\/"},{"@type":"ListItem","position":3,"name":"Grundst\u00fccke","item":"https:\/\/produncan.cl\/de\/kategorie\/grundstuecke\/"},{"@type":"ListItem","position":4,"name":"Grundst\u00fccke in Puerto Natales, Pen\u00ednsula Antonio Varas &#8211; Region Magallanes"}]},{"@type":"WebSite","@id":"https:\/\/produncan.cl\/de\/#website","url":"https:\/\/produncan.cl\/de\/","name":"Produncan","description":"Wir begleiten Sie bei Ihrem Lebensprojekt!","publisher":{"@id":"https:\/\/produncan.cl\/de\/#organization"},"potentialAction":[{"@type":"SearchAction","target":{"@type":"EntryPoint","urlTemplate":"https:\/\/produncan.cl\/de\/?s={search_term_string}"},"query-input":{"@type":"PropertyValueSpecification","valueRequired":true,"valueName":"search_term_string"}}],"inLanguage":"de-DE"},{"@type":"Organization","@id":"https:\/\/produncan.cl\/de\/#organization","name":"Produncan","url":"https:\/\/produncan.cl\/de\/","logo":{"@type":"ImageObject","inLanguage":"de-DE","@id":"https:\/\/produncan.cl\/de\/#\/schema\/logo\/image\/","url":"https:\/\/produncan.cl\/wp-content\/uploads\/2021\/03\/LOGO.jpeg","contentUrl":"https:\/\/produncan.cl\/wp-content\/uploads\/2021\/03\/LOGO.jpeg","width":1280,"height":903,"caption":"Produncan"},"image":{"@id":"https:\/\/produncan.cl\/de\/#\/schema\/logo\/image\/"},"sameAs":["https:\/\/web.facebook.com\/produncanland","https:\/\/www.instagram.com\/pro_duncan\/","https:\/\/www.linkedin.com\/company\/produncan-lands\/","https:\/\/www.youtube.com\/channel\/UCu7N-f3x0svkazD-Eew1-QQ"],"description":"En Produncan somos especialistas en la venta de terrenos en el sur de Chile. Proveemos estancias, campos, parcelas y hoteles.","email":"info@produncan.cl"}]},"og_video":"https:\/\/www.youtube.com\/embed\/t5ZTD-ygesQ","og_video_type":"text\/html","og_video_duration":"112","og_video_width":"480","og_video_height":"270","ya_ovs_adult":"false","ya_ovs_upload_date":"2024-09-06T19:52:06+00:00","ya_ovs_allow_embed":"true","product_price_amount":"27000.00","product_price_currency":"USD","og_availability":"instock","product_availability":"instock","product_condition":"new"},"_links":{"self":[{"href":"https:\/\/produncan.cl\/de\/wp-json\/wp\/v2\/product\/34607","targetHints":{"allow":["GET"]}}],"collection":[{"href":"https:\/\/produncan.cl\/de\/wp-json\/wp\/v2\/product"}],"about":[{"href":"https:\/\/produncan.cl\/de\/wp-json\/wp\/v2\/types\/product"}],"version-history":[{"count":1,"href":"https:\/\/produncan.cl\/de\/wp-json\/wp\/v2\/product\/34607\/revisions"}],"predecessor-version":[{"id":53342,"href":"https:\/\/produncan.cl\/de\/wp-json\/wp\/v2\/product\/34607\/revisions\/53342"}],"wp:featuredmedia":[{"embeddable":true,"href":"https:\/\/produncan.cl\/de\/wp-json\/wp\/v2\/media\/51722"}],"wp:attachment":[{"href":"https:\/\/produncan.cl\/de\/wp-json\/wp\/v2\/media?parent=34607"}],"wp:term":[{"taxonomy":"product_brand","embeddable":true,"href":"https:\/\/produncan.cl\/de\/wp-json\/wp\/v2\/product_brand?post=34607"},{"taxonomy":"product_cat","embeddable":true,"href":"https:\/\/produncan.cl\/de\/wp-json\/wp\/v2\/product_cat?post=34607"},{"taxonomy":"product_tag","embeddable":true,"href":"https:\/\/produncan.cl\/de\/wp-json\/wp\/v2\/product_tag?post=34607"},{"taxonomy":"regiones","embeddable":true,"href":"https:\/\/produncan.cl\/de\/wp-json\/wp\/v2\/regiones?post=34607"},{"taxonomy":"ciudades","embeddable":true,"href":"https:\/\/produncan.cl\/de\/wp-json\/wp\/v2\/ciudades?post=34607"}],"curies":[{"name":"wp","href":"https:\/\/api.w.org\/{rel}","templated":true}]}}