{"id":35661,"date":"2024-10-17T18:42:15","date_gmt":"2024-10-17T21:42:15","guid":{"rendered":"https:\/\/produncan.cl\/producto\/campito-entre-pasarelas-estaquilla-region-de-los-lagos\/"},"modified":"2026-03-12T18:42:39","modified_gmt":"2026-03-12T21:42:39","slug":"campito-entre-pasarelas-estaquilla-region-de-los-lagos","status":"publish","type":"product","link":"https:\/\/produncan.cl\/de\/produkt\/campito-entre-pasarelas-estaquilla-region-de-los-lagos\/","title":{"rendered":"Feld in Estaquilla, Entre Pasarelas &#8211; Seengebiet"},"content":{"rendered":"\t\t<div data-elementor-type=\"product-post\" data-elementor-id=\"35661\" class=\"elementor elementor-35661 elementor-35327\" data-elementor-post-type=\"product\">\n\t\t\t\t<div class=\"elementor-element elementor-element-358ef8c e-flex e-con-boxed e-con e-parent\" data-id=\"358ef8c\" data-element_type=\"container\" data-e-type=\"container\" data-settings=\"{&quot;jet_parallax_layout_list&quot;:[]}\">\n\t\t\t\t\t<div class=\"e-con-inner\">\n\t\t\t\t<div class=\"elementor-element elementor-element-c52b71b elementor-widget elementor-widget-heading\" data-id=\"c52b71b\" data-element_type=\"widget\" data-e-type=\"widget\" data-widget_type=\"heading.default\">\n\t\t\t\t\t<h2 class=\"elementor-heading-title elementor-size-default\">Gro\u00dfe Chance, kleines Lager in Estaquilla mit Meerblick! <\/h2>\t\t\t\t<\/div>\n\t\t\t\t\t<\/div>\n\t\t\t\t<\/div>\n\t\t<div class=\"elementor-element elementor-element-d62c35d e-flex e-con-boxed e-con e-parent\" data-id=\"d62c35d\" data-element_type=\"container\" data-e-type=\"container\" data-settings=\"{&quot;jet_parallax_layout_list&quot;:[]}\">\n\t\t\t\t\t<div class=\"e-con-inner\">\n\t\t\t\t<div class=\"elementor-element elementor-element-ecee298 elementor-widget elementor-widget-text-editor\" data-id=\"ecee298\" data-element_type=\"widget\" data-e-type=\"widget\" data-widget_type=\"text-editor.default\">\n\t\t\t\t\t\t\t\t\t<p>F\u00fcr $230.000.000.000 erwerben Sie ein Grundst\u00fcck von 13.06 Hektar mit einer privilegierten Lage, nur 160 Meter von der Meter von der K\u00fcste entfernt und mit einzigartigen Eigenschaften , die es ideal , um Ihr Projekt zu entwickeln oder einfach nur die Natur mit einem gro\u00dfartigen Meerblick zu genie\u00dfen.<\/p>\n<p>Dieses Feld in Estaquilla, Los Muermos, hat fruchtbare B\u00f6den (Andisole, Humus- und Lehmb\u00f6den), eine \u00fcberwiegend flache Topografie mit leichten H\u00e4ngen in Richtung zweier Flussm\u00fcndungen, die am Rande des Feldes verlaufen und ins Meer m\u00fcnden.<\/p>\n<p>Au\u00dferdem bietet es einen spektakul\u00e4ren Blick auf das Meer und die umliegende Landschaft. Weiter oben gibt es Wiesen und n\u00e4her am Meer, uralteW\u00e4lder, die eine wahrhaft magische Umgebung schaffen. <\/p>\n<p>Vom Grundst\u00fcckaus, k\u00f6nnen Sie entlang der Flussm\u00fcndung zu einem beeindruckenden Sandstrand hinunterlaufen, durch ein wundersch\u00f6nes , vom Wasserlauf geformtes Becken.<\/p>\n<p>Geeignet f\u00fcr Landwirtschaft und Viehzucht, Dieses Land besteht aus 6 Hektar Wiesen und dem Rest aus renoviertem und altem Wald, in denen Arten wie Coihue, L\u00e4rche, Ulmo und Myrte vorkommen. Die lokale Fauna umfasst Tiere wie den Pud\u00fa, Chilo\u00e9-Fuchs und Schwarzspecht, die eine perfekte nat\u00fcrliche Umgebung schaffen. <\/p>\n<p>Nur 4 km von der Landebahn entfernt, mit Zugang zu Elektrizit\u00e4t in 150 m Entfernung und \u00f6ffentlichen Verkehrsmitteln in der N\u00e4he, ist diese Immobilie von Los Muermos (43 km) und dem Flughafen Puerto Montt (76 km) aus leicht zu erreichen.<\/p>\n<p>Verpassen Sie nicht diese Gelegenheit, ein einzigartiges St\u00fcck Land im S\u00fcden Chiles zu erwerben, mit atemberaubender Aussicht, \u00fcppiger Natur und gro\u00dfem Entwicklungspotenzial.<\/p>\n<p>Kontaktieren Sie uns f\u00fcr weitere Details oder um eine Besichtigung zu vereinbaren. Dies ist eine Gelegenheit , die Sie nicht verpassen d\u00fcrfen! <\/p>\t\t\t\t\t\t\t\t<\/div>\n\t\t\t\t\t<\/div>\n\t\t\t\t<\/div>\n\t\t\t\t<\/div>\n\t\t","protected":false},"excerpt":{"rendered":"<p>Grundst\u00fcck in Estaquilla, Los Muermos, mit Meerblick. Es ist von zwei Flussm\u00fcndungen umgeben, besteht gr\u00f6\u00dftenteils aus Wiesen, hat ein leichtes Gef\u00e4lle, alten Wald, Telefonanschluss und Stromanschluss in 150 Metern Entfernung. Nur 160 Meter von einem zauberhaften Strand entfernt.  <\/p>\n","protected":false},"featured_media":35332,"template":"","meta":{"_acf_changed":false},"product_brand":[],"product_cat":[104],"product_tag":[235,231],"regiones":[226],"ciudades":[245,216],"class_list":{"0":"post-35661","1":"product","2":"type-product","3":"status-publish","4":"has-post-thumbnail","6":"product_cat-ohiggins-los-lagos","7":"product_tag-felder","8":"product_tag-touristische-immobilien","9":"regiones-nuble-los_lagos","10":"ciudades-estaquilla","11":"ciudades-los-muermos","13":"first","14":"outofstock","15":"shipping-taxable","16":"product-type-simple"},"acf":[],"yoast_head":"<!-- This site is optimized with the Yoast SEO Premium plugin v26.0 (Yoast SEO v27.3) - https:\/\/yoast.com\/product\/yoast-seo-premium-wordpress\/ -->\n<title>Feld in Estaquilla, Entre Pasarelas - Seengebiet - Produncan<\/title>\n<meta name=\"description\" content=\"Bauernhof in Estaquilla, Los Muermos, mit einer Fl\u00e4che von 13,06 Hektar und mit Meerblick. Es hat zwei Flussm\u00fcndungen, haupts\u00e4chlich Wiesen, alten Wald und Strom in 150 Metern Entfernung.\" \/>\n<meta name=\"robots\" content=\"index, follow, max-snippet:-1, max-image-preview:large, max-video-preview:-1\" \/>\n<link rel=\"canonical\" href=\"https:\/\/produncan.cl\/de\/produkt\/campito-entre-pasarelas-estaquilla-region-de-los-lagos\/\" \/>\n<meta property=\"og:locale\" content=\"de_DE\" \/>\n<meta property=\"og:type\" content=\"article\" \/>\n<meta property=\"og:title\" content=\"Feld in Estaquilla, Entre Pasarelas - Seengebiet\" \/>\n<meta property=\"og:description\" content=\"Bauernhof in Estaquilla, Los Muermos, mit einer Fl\u00e4che von 13,06 Hektar und mit Meerblick. Es hat zwei Flussm\u00fcndungen, haupts\u00e4chlich Wiesen, alten Wald und Strom in 150 Metern Entfernung.\" \/>\n<meta property=\"og:url\" content=\"https:\/\/produncan.cl\/de\/produkt\/campito-entre-pasarelas-estaquilla-region-de-los-lagos\/\" \/>\n<meta property=\"og:site_name\" content=\"Produncan\" \/>\n<meta property=\"article:publisher\" content=\"https:\/\/web.facebook.com\/produncanland\" \/>\n<meta property=\"article:modified_time\" content=\"2026-03-12T21:42:39+00:00\" \/>\n<meta property=\"og:image\" content=\"https:\/\/produncan.cl\/wp-content\/uploads\/2024\/10\/qitiiqivd1s-1024x576.jpg\" \/>\n<meta name=\"twitter:card\" content=\"summary_large_image\" \/>\n<meta name=\"twitter:label1\" content=\"Price\" \/>\n\t<meta name=\"twitter:data1\" content=\"\" \/>\n\t<meta name=\"twitter:label2\" content=\"Availability\" \/>\n\t<meta name=\"twitter:data2\" content=\"Out of stock\" \/>\n<script type=\"application\/ld+json\" class=\"yoast-schema-graph\">{\"@context\":\"https:\\\/\\\/schema.org\",\"@graph\":[{\"@type\":\"WebPage\",\"@id\":\"https:\\\/\\\/produncan.cl\\\/de\\\/produkt\\\/campito-entre-pasarelas-estaquilla-region-de-los-lagos\\\/\",\"url\":\"https:\\\/\\\/produncan.cl\\\/de\\\/produkt\\\/campito-entre-pasarelas-estaquilla-region-de-los-lagos\\\/\",\"name\":\"Feld in Estaquilla, Entre Pasarelas - Seengebiet - Produncan\",\"isPartOf\":{\"@id\":\"https:\\\/\\\/produncan.cl\\\/de\\\/#website\"},\"primaryImageOfPage\":{\"@id\":\"https:\\\/\\\/produncan.cl\\\/de\\\/produkt\\\/campito-entre-pasarelas-estaquilla-region-de-los-lagos\\\/#primaryimage\"},\"image\":{\"@id\":\"https:\\\/\\\/produncan.cl\\\/de\\\/produkt\\\/campito-entre-pasarelas-estaquilla-region-de-los-lagos\\\/#primaryimage\"},\"thumbnailUrl\":\"https:\\\/\\\/produncan.cl\\\/wp-content\\\/uploads\\\/2024\\\/10\\\/Campito-Entre-Pasarelas.webp\",\"datePublished\":\"2024-10-17T21:42:15+00:00\",\"dateModified\":\"2026-03-12T21:42:39+00:00\",\"description\":\"Bauernhof in Estaquilla, Los Muermos, mit einer Fl\u00e4che von 13,06 Hektar und mit Meerblick. Es hat zwei Flussm\u00fcndungen, haupts\u00e4chlich Wiesen, alten Wald und Strom in 150 Metern Entfernung.\",\"breadcrumb\":{\"@id\":\"https:\\\/\\\/produncan.cl\\\/de\\\/produkt\\\/campito-entre-pasarelas-estaquilla-region-de-los-lagos\\\/#breadcrumb\"},\"inLanguage\":\"de-DE\",\"potentialAction\":[{\"@type\":\"ReadAction\",\"target\":[\"https:\\\/\\\/produncan.cl\\\/de\\\/produkt\\\/campito-entre-pasarelas-estaquilla-region-de-los-lagos\\\/\"]}]},{\"@type\":\"ImageObject\",\"inLanguage\":\"de-DE\",\"@id\":\"https:\\\/\\\/produncan.cl\\\/de\\\/produkt\\\/campito-entre-pasarelas-estaquilla-region-de-los-lagos\\\/#primaryimage\",\"url\":\"https:\\\/\\\/produncan.cl\\\/wp-content\\\/uploads\\\/2024\\\/10\\\/Campito-Entre-Pasarelas.webp\",\"contentUrl\":\"https:\\\/\\\/produncan.cl\\\/wp-content\\\/uploads\\\/2024\\\/10\\\/Campito-Entre-Pasarelas.webp\",\"width\":600,\"height\":450},{\"@type\":\"BreadcrumbList\",\"@id\":\"https:\\\/\\\/produncan.cl\\\/de\\\/produkt\\\/campito-entre-pasarelas-estaquilla-region-de-los-lagos\\\/#breadcrumb\",\"itemListElement\":[{\"@type\":\"ListItem\",\"position\":1,\"name\":\"Inicio\",\"item\":\"https:\\\/\\\/produncan.cl\\\/de\\\/\"},{\"@type\":\"ListItem\",\"position\":2,\"name\":\"Eigenschaften\",\"item\":\"https:\\\/\\\/produncan.cl\\\/propiedades\\\/\"},{\"@type\":\"ListItem\",\"position\":3,\"name\":\"Felder\",\"item\":\"https:\\\/\\\/produncan.cl\\\/de\\\/kategorie\\\/felder\\\/\"},{\"@type\":\"ListItem\",\"position\":4,\"name\":\"Feld in Estaquilla, Entre Pasarelas &#8211; Seengebiet\"}]},{\"@type\":\"WebSite\",\"@id\":\"https:\\\/\\\/produncan.cl\\\/de\\\/#website\",\"url\":\"https:\\\/\\\/produncan.cl\\\/de\\\/\",\"name\":\"Produncan\",\"description\":\"Wir begleiten Sie bei Ihrem Lebensprojekt!\",\"publisher\":{\"@id\":\"https:\\\/\\\/produncan.cl\\\/de\\\/#organization\"},\"potentialAction\":[{\"@type\":\"SearchAction\",\"target\":{\"@type\":\"EntryPoint\",\"urlTemplate\":\"https:\\\/\\\/produncan.cl\\\/de\\\/?s={search_term_string}\"},\"query-input\":{\"@type\":\"PropertyValueSpecification\",\"valueRequired\":true,\"valueName\":\"search_term_string\"}}],\"inLanguage\":\"de-DE\"},{\"@type\":\"Organization\",\"@id\":\"https:\\\/\\\/produncan.cl\\\/de\\\/#organization\",\"name\":\"Produncan\",\"url\":\"https:\\\/\\\/produncan.cl\\\/de\\\/\",\"logo\":{\"@type\":\"ImageObject\",\"inLanguage\":\"de-DE\",\"@id\":\"https:\\\/\\\/produncan.cl\\\/de\\\/#\\\/schema\\\/logo\\\/image\\\/\",\"url\":\"https:\\\/\\\/produncan.cl\\\/wp-content\\\/uploads\\\/2021\\\/03\\\/LOGO.jpeg\",\"contentUrl\":\"https:\\\/\\\/produncan.cl\\\/wp-content\\\/uploads\\\/2021\\\/03\\\/LOGO.jpeg\",\"width\":1280,\"height\":903,\"caption\":\"Produncan\"},\"image\":{\"@id\":\"https:\\\/\\\/produncan.cl\\\/de\\\/#\\\/schema\\\/logo\\\/image\\\/\"},\"sameAs\":[\"https:\\\/\\\/web.facebook.com\\\/produncanland\",\"https:\\\/\\\/www.instagram.com\\\/pro_duncan\\\/\",\"https:\\\/\\\/www.linkedin.com\\\/company\\\/produncan-lands\\\/\",\"https:\\\/\\\/www.youtube.com\\\/channel\\\/UCu7N-f3x0svkazD-Eew1-QQ\"],\"description\":\"En Produncan somos especialistas en la venta de terrenos en el sur de Chile. Proveemos estancias, campos, parcelas y hoteles.\",\"email\":\"info@produncan.cl\"}]}<\/script>\n<meta property=\"og:video\" content=\"https:\/\/www.youtube.com\/embed\/QitIiqivd1s\" \/>\n<meta property=\"og:video:type\" content=\"text\/html\" \/>\n<meta property=\"og:video:duration\" content=\"99\" \/>\n<meta property=\"og:video:width\" content=\"480\" \/>\n<meta property=\"og:video:height\" content=\"270\" \/>\n<meta property=\"ya:ovs:adult\" content=\"false\" \/>\n<meta property=\"ya:ovs:upload_date\" content=\"2024-10-17T21:42:15+00:00\" \/>\n<meta property=\"ya:ovs:allow_embed\" content=\"true\" \/>\n<meta property=\"product:price:currency\" content=\"USD\" \/>\n<meta property=\"og:availability\" content=\"out of stock\" \/>\n<meta property=\"product:availability\" content=\"out of stock\" \/>\n<meta property=\"product:condition\" content=\"new\" \/>\n<!-- \/ Yoast SEO Premium plugin. -->","yoast_head_json":{"title":"Feld in Estaquilla, Entre Pasarelas - Seengebiet - Produncan","description":"Bauernhof in Estaquilla, Los Muermos, mit einer Fl\u00e4che von 13,06 Hektar und mit Meerblick. Es hat zwei Flussm\u00fcndungen, haupts\u00e4chlich Wiesen, alten Wald und Strom in 150 Metern Entfernung.","robots":{"index":"index","follow":"follow","max-snippet":"max-snippet:-1","max-image-preview":"max-image-preview:large","max-video-preview":"max-video-preview:-1"},"canonical":"https:\/\/produncan.cl\/de\/produkt\/campito-entre-pasarelas-estaquilla-region-de-los-lagos\/","og_locale":"de_DE","og_type":"article","og_title":"Feld in Estaquilla, Entre Pasarelas - Seengebiet","og_description":"Bauernhof in Estaquilla, Los Muermos, mit einer Fl\u00e4che von 13,06 Hektar und mit Meerblick. Es hat zwei Flussm\u00fcndungen, haupts\u00e4chlich Wiesen, alten Wald und Strom in 150 Metern Entfernung.","og_url":"https:\/\/produncan.cl\/de\/produkt\/campito-entre-pasarelas-estaquilla-region-de-los-lagos\/","og_site_name":"Produncan","article_publisher":"https:\/\/web.facebook.com\/produncanland","article_modified_time":"2026-03-12T21:42:39+00:00","og_image":[{"url":"https:\/\/produncan.cl\/wp-content\/uploads\/2024\/10\/qitiiqivd1s-1024x576.jpg","type":"","width":"","height":""}],"twitter_card":"summary_large_image","twitter_misc":{"Price":"","Availability":"Out of stock"},"schema":{"@context":"https:\/\/schema.org","@graph":[{"@type":"WebPage","@id":"https:\/\/produncan.cl\/de\/produkt\/campito-entre-pasarelas-estaquilla-region-de-los-lagos\/","url":"https:\/\/produncan.cl\/de\/produkt\/campito-entre-pasarelas-estaquilla-region-de-los-lagos\/","name":"Feld in Estaquilla, Entre Pasarelas - Seengebiet - Produncan","isPartOf":{"@id":"https:\/\/produncan.cl\/de\/#website"},"primaryImageOfPage":{"@id":"https:\/\/produncan.cl\/de\/produkt\/campito-entre-pasarelas-estaquilla-region-de-los-lagos\/#primaryimage"},"image":{"@id":"https:\/\/produncan.cl\/de\/produkt\/campito-entre-pasarelas-estaquilla-region-de-los-lagos\/#primaryimage"},"thumbnailUrl":"https:\/\/produncan.cl\/wp-content\/uploads\/2024\/10\/Campito-Entre-Pasarelas.webp","datePublished":"2024-10-17T21:42:15+00:00","dateModified":"2026-03-12T21:42:39+00:00","description":"Bauernhof in Estaquilla, Los Muermos, mit einer Fl\u00e4che von 13,06 Hektar und mit Meerblick. Es hat zwei Flussm\u00fcndungen, haupts\u00e4chlich Wiesen, alten Wald und Strom in 150 Metern Entfernung.","breadcrumb":{"@id":"https:\/\/produncan.cl\/de\/produkt\/campito-entre-pasarelas-estaquilla-region-de-los-lagos\/#breadcrumb"},"inLanguage":"de-DE","potentialAction":[{"@type":"ReadAction","target":["https:\/\/produncan.cl\/de\/produkt\/campito-entre-pasarelas-estaquilla-region-de-los-lagos\/"]}]},{"@type":"ImageObject","inLanguage":"de-DE","@id":"https:\/\/produncan.cl\/de\/produkt\/campito-entre-pasarelas-estaquilla-region-de-los-lagos\/#primaryimage","url":"https:\/\/produncan.cl\/wp-content\/uploads\/2024\/10\/Campito-Entre-Pasarelas.webp","contentUrl":"https:\/\/produncan.cl\/wp-content\/uploads\/2024\/10\/Campito-Entre-Pasarelas.webp","width":600,"height":450},{"@type":"BreadcrumbList","@id":"https:\/\/produncan.cl\/de\/produkt\/campito-entre-pasarelas-estaquilla-region-de-los-lagos\/#breadcrumb","itemListElement":[{"@type":"ListItem","position":1,"name":"Inicio","item":"https:\/\/produncan.cl\/de\/"},{"@type":"ListItem","position":2,"name":"Eigenschaften","item":"https:\/\/produncan.cl\/propiedades\/"},{"@type":"ListItem","position":3,"name":"Felder","item":"https:\/\/produncan.cl\/de\/kategorie\/felder\/"},{"@type":"ListItem","position":4,"name":"Feld in Estaquilla, Entre Pasarelas &#8211; Seengebiet"}]},{"@type":"WebSite","@id":"https:\/\/produncan.cl\/de\/#website","url":"https:\/\/produncan.cl\/de\/","name":"Produncan","description":"Wir begleiten Sie bei Ihrem Lebensprojekt!","publisher":{"@id":"https:\/\/produncan.cl\/de\/#organization"},"potentialAction":[{"@type":"SearchAction","target":{"@type":"EntryPoint","urlTemplate":"https:\/\/produncan.cl\/de\/?s={search_term_string}"},"query-input":{"@type":"PropertyValueSpecification","valueRequired":true,"valueName":"search_term_string"}}],"inLanguage":"de-DE"},{"@type":"Organization","@id":"https:\/\/produncan.cl\/de\/#organization","name":"Produncan","url":"https:\/\/produncan.cl\/de\/","logo":{"@type":"ImageObject","inLanguage":"de-DE","@id":"https:\/\/produncan.cl\/de\/#\/schema\/logo\/image\/","url":"https:\/\/produncan.cl\/wp-content\/uploads\/2021\/03\/LOGO.jpeg","contentUrl":"https:\/\/produncan.cl\/wp-content\/uploads\/2021\/03\/LOGO.jpeg","width":1280,"height":903,"caption":"Produncan"},"image":{"@id":"https:\/\/produncan.cl\/de\/#\/schema\/logo\/image\/"},"sameAs":["https:\/\/web.facebook.com\/produncanland","https:\/\/www.instagram.com\/pro_duncan\/","https:\/\/www.linkedin.com\/company\/produncan-lands\/","https:\/\/www.youtube.com\/channel\/UCu7N-f3x0svkazD-Eew1-QQ"],"description":"En Produncan somos especialistas en la venta de terrenos en el sur de Chile. Proveemos estancias, campos, parcelas y hoteles.","email":"info@produncan.cl"}]},"og_video":"https:\/\/www.youtube.com\/embed\/QitIiqivd1s","og_video_type":"text\/html","og_video_duration":"99","og_video_width":"480","og_video_height":"270","ya_ovs_adult":"false","ya_ovs_upload_date":"2024-10-17T21:42:15+00:00","ya_ovs_allow_embed":"true","product_price_currency":"USD","og_availability":"out of stock","product_availability":"out of stock","product_condition":"new"},"_links":{"self":[{"href":"https:\/\/produncan.cl\/de\/wp-json\/wp\/v2\/product\/35661","targetHints":{"allow":["GET"]}}],"collection":[{"href":"https:\/\/produncan.cl\/de\/wp-json\/wp\/v2\/product"}],"about":[{"href":"https:\/\/produncan.cl\/de\/wp-json\/wp\/v2\/types\/product"}],"version-history":[{"count":1,"href":"https:\/\/produncan.cl\/de\/wp-json\/wp\/v2\/product\/35661\/revisions"}],"predecessor-version":[{"id":51138,"href":"https:\/\/produncan.cl\/de\/wp-json\/wp\/v2\/product\/35661\/revisions\/51138"}],"wp:featuredmedia":[{"embeddable":true,"href":"https:\/\/produncan.cl\/de\/wp-json\/wp\/v2\/media\/35332"}],"wp:attachment":[{"href":"https:\/\/produncan.cl\/de\/wp-json\/wp\/v2\/media?parent=35661"}],"wp:term":[{"taxonomy":"product_brand","embeddable":true,"href":"https:\/\/produncan.cl\/de\/wp-json\/wp\/v2\/product_brand?post=35661"},{"taxonomy":"product_cat","embeddable":true,"href":"https:\/\/produncan.cl\/de\/wp-json\/wp\/v2\/product_cat?post=35661"},{"taxonomy":"product_tag","embeddable":true,"href":"https:\/\/produncan.cl\/de\/wp-json\/wp\/v2\/product_tag?post=35661"},{"taxonomy":"regiones","embeddable":true,"href":"https:\/\/produncan.cl\/de\/wp-json\/wp\/v2\/regiones?post=35661"},{"taxonomy":"ciudades","embeddable":true,"href":"https:\/\/produncan.cl\/de\/wp-json\/wp\/v2\/ciudades?post=35661"}],"curies":[{"name":"wp","href":"https:\/\/api.w.org\/{rel}","templated":true}]}}