{"id":35663,"date":"2024-11-04T13:52:24","date_gmt":"2024-11-04T16:52:24","guid":{"rendered":"https:\/\/produncan.cl\/producto\/naturschutzgebiet-alto-rio-ibanez-region-aysen\/"},"modified":"2025-12-17T14:06:56","modified_gmt":"2025-12-17T17:06:56","slug":"naturschutzgebiet-alto-rio-ibanez-region-aysen","status":"publish","type":"product","link":"https:\/\/produncan.cl\/de\/produkt\/naturschutzgebiet-alto-rio-ibanez-region-aysen\/","title":{"rendered":"Naturschutzgebiet Alto R\u00edo Iba\u00f1ez &#8211; Region Ays\u00e9n"},"content":{"rendered":"\t\t<div data-elementor-type=\"product-post\" data-elementor-id=\"35663\" class=\"elementor elementor-35663 elementor-35487\" data-elementor-post-type=\"product\">\n\t\t\t\t<div class=\"elementor-element elementor-element-00cb367 e-flex e-con-boxed e-con e-parent\" data-id=\"00cb367\" data-element_type=\"container\" data-e-type=\"container\" data-settings=\"{&quot;jet_parallax_layout_list&quot;:[]}\">\n\t\t\t\t\t<div class=\"e-con-inner\">\n\t\t\t\t<div class=\"elementor-element elementor-element-1fdc581 elementor-widget elementor-widget-heading\" data-id=\"1fdc581\" data-element_type=\"widget\" data-e-type=\"widget\" data-widget_type=\"heading.default\">\n\t\t\t\t\t<h2 class=\"elementor-heading-title elementor-size-default\">297 Hektar gro\u00dfes Feld in der N\u00e4he von Cerro Castillo mit 3,2 Kilometern des Ibanez-Flusses.<\/h2>\t\t\t\t<\/div>\n\t\t\t\t\t<\/div>\n\t\t\t\t<\/div>\n\t\t<div class=\"elementor-element elementor-element-25a66ff e-flex e-con-boxed e-con e-parent\" data-id=\"25a66ff\" data-element_type=\"container\" data-e-type=\"container\" data-settings=\"{&quot;jet_parallax_layout_list&quot;:[]}\">\n\t\t\t\t\t<div class=\"e-con-inner\">\n\t\t\t\t<div class=\"elementor-element elementor-element-d5475a6 elementor-widget elementor-widget-text-editor\" data-id=\"d5475a6\" data-element_type=\"widget\" data-e-type=\"widget\" data-widget_type=\"text-editor.default\">\n\t\t\t\t\t\t\t\t\t<p>Holen Sie sich 297 Hektar Land in der Gemeinde R\u00edo Ib\u00e1\u00f1ez, Region Ays\u00e9n. Dieses Feld in Ays\u00e9n, an den Ufern der Fl\u00fcsse Ib\u00e1\u00f1ez und Desparramado, verf\u00fcgt \u00fcber 4,6 Kilometer nat\u00fcrliche Flussufer, die Ihnen ein \u00d6kosystem von hohem \u00f6kologischen Wert n\u00e4her bringen. <\/p>\n<p>Mit seiner flachen Topographie und den sanften H\u00e4ngen, bietet es humose B\u00f6den , die reich an organischer Substanz sind und sich hervorragend f\u00fcr Naturschutzprojekte eignen.<\/p>\n<p>Umgeben von altem einheimischen Wald &#8211; mit Arten wie Lenga, \u00f1ire, und Coihue de Magallanes &#8211; und der Heimat von emblematischen Tieren wie dem Huemul, dem Puma und den Andenkondor, Dieses Anwesen ist ideal f\u00fcr alle , die ein authentisches \u00d6kotourismus-Erlebnis oder einen einzigartigen \u00d6kotourismus oder einen einzigartigen R\u00fcckzugsort im Kontakt mit der Natur suchen.<\/p>\n<p>Das Hotel liegt nur 45 Minuten von Villa Cerro Castillo und 2 Stunden vom Flughafen Balmaceda entfernt, Es ist von der Carretera Austral durch eine \u00f6ffentliche Stra\u00dfe von 11 zugegriffen,4 Kilometer Schotterstra\u00dfe in gutem Zustand.<\/p>\n<p>Die N\u00e4he zum Nationalpark Cerro Castillo und dem Fluss Iba\u00f1ez, einem bedeutenden t\u00fcrkisfarbenen Wasserlauf , der von jahrtausendealten Gletschern stammt, erh\u00f6ht den Landschafts- und Naturschutzwert des Gel\u00e4ndes und gew\u00e4hrleistet eine rentable und nachhaltige Investition, verst\u00e4rkt den landschaftlichen und naturschutzfachlichen Wert des Gel\u00e4ndes und gew\u00e4hrleistet eine rentable und nachhaltige Investition.<\/p>\n<p>Nehmen Sie Kontakt mit uns auf und nutzen Sie die Gelegenheit, eine exklusive Ecke im S\u00fcden Chiles zu besitzen!<\/p>\t\t\t\t\t\t\t\t<\/div>\n\t\t\t\t\t<\/div>\n\t\t\t\t<\/div>\n\t\t\t\t<\/div>\n\t\t","protected":false},"excerpt":{"rendered":"<p>Reservat mit 3,2 km des Flusses Ib\u00e1\u00f1ez in der N\u00e4he des Nationalparks Cerro Castillo, Ays\u00e9n. \u00dcber eine \u00f6ffentliche Stra\u00dfe erreichbar, ideal f\u00fcr \u00d6kotourismus oder Naturschutz und 2 Stunden vom Flughafen entfernt. <\/p>\n","protected":false},"featured_media":35492,"template":"","meta":{"_acf_changed":false},"product_brand":[],"product_cat":[116],"product_tag":[235,234],"regiones":[225],"ciudades":[209],"class_list":{"0":"post-35663","1":"product","2":"type-product","3":"status-publish","4":"has-post-thumbnail","6":"product_cat-aysen-magallanes-de","7":"product_tag-felder","8":"product_tag-felder-fuer-den-schutz","9":"regiones-aysen-magallanes","10":"ciudades-coyhaique","12":"first","13":"instock","14":"shipping-taxable","15":"purchasable","16":"product-type-simple"},"acf":[],"yoast_head":"<!-- This site is optimized with the Yoast SEO Premium plugin v26.0 (Yoast SEO v27.3) - https:\/\/yoast.com\/product\/yoast-seo-premium-wordpress\/ -->\n<title>Naturschutzgebiet Alto R\u00edo Iba\u00f1ez - Region Ays\u00e9n - Produncan<\/title>\n<meta name=\"description\" content=\"Reservat von 297 Hektar mit 3,2 km des Flusses Iba\u00f1ez in der N\u00e4he des Nationalparks Cerro Castillo, Ays\u00e9n. Ideal f\u00fcr \u00d6kotourismus und Naturschutz.\" \/>\n<meta name=\"robots\" content=\"index, follow, max-snippet:-1, max-image-preview:large, max-video-preview:-1\" \/>\n<link rel=\"canonical\" href=\"https:\/\/produncan.cl\/de\/produkt\/naturschutzgebiet-alto-rio-ibanez-region-aysen\/\" \/>\n<meta property=\"og:locale\" content=\"de_DE\" \/>\n<meta property=\"og:type\" content=\"article\" \/>\n<meta property=\"og:title\" content=\"Naturschutzgebiet Alto R\u00edo Iba\u00f1ez - Region Ays\u00e9n\" \/>\n<meta property=\"og:description\" content=\"Reservat von 297 Hektar mit 3,2 km des Flusses Iba\u00f1ez in der N\u00e4he des Nationalparks Cerro Castillo, Ays\u00e9n. Ideal f\u00fcr \u00d6kotourismus und Naturschutz.\" \/>\n<meta property=\"og:url\" content=\"https:\/\/produncan.cl\/de\/produkt\/naturschutzgebiet-alto-rio-ibanez-region-aysen\/\" \/>\n<meta property=\"og:site_name\" content=\"Produncan\" \/>\n<meta property=\"article:publisher\" content=\"https:\/\/web.facebook.com\/produncanland\" \/>\n<meta property=\"article:modified_time\" content=\"2025-12-17T17:06:56+00:00\" \/>\n<meta property=\"og:image\" content=\"https:\/\/produncan.cl\/wp-content\/uploads\/2024\/11\/Reserva-Alto-Rio-Ibanez.webp\" \/>\n<meta name=\"twitter:card\" content=\"summary_large_image\" \/>\n<meta name=\"twitter:label1\" content=\"Price\" \/>\n\t<meta name=\"twitter:data1\" content=\"USD742.600,00\" \/>\n\t<meta name=\"twitter:label2\" content=\"Availability\" \/>\n\t<meta name=\"twitter:data2\" content=\"In stock\" \/>\n<script type=\"application\/ld+json\" class=\"yoast-schema-graph\">{\"@context\":\"https:\\\/\\\/schema.org\",\"@graph\":[{\"@type\":\"WebPage\",\"@id\":\"https:\\\/\\\/produncan.cl\\\/de\\\/produkt\\\/naturschutzgebiet-alto-rio-ibanez-region-aysen\\\/\",\"url\":\"https:\\\/\\\/produncan.cl\\\/de\\\/produkt\\\/naturschutzgebiet-alto-rio-ibanez-region-aysen\\\/\",\"name\":\"Naturschutzgebiet Alto R\u00edo Iba\u00f1ez - Region Ays\u00e9n - Produncan\",\"isPartOf\":{\"@id\":\"https:\\\/\\\/produncan.cl\\\/de\\\/#website\"},\"primaryImageOfPage\":{\"@id\":\"https:\\\/\\\/produncan.cl\\\/de\\\/produkt\\\/naturschutzgebiet-alto-rio-ibanez-region-aysen\\\/#primaryimage\"},\"image\":{\"@id\":\"https:\\\/\\\/produncan.cl\\\/de\\\/produkt\\\/naturschutzgebiet-alto-rio-ibanez-region-aysen\\\/#primaryimage\"},\"thumbnailUrl\":\"https:\\\/\\\/produncan.cl\\\/wp-content\\\/uploads\\\/2024\\\/11\\\/Reserva-Alto-Rio-Ibanez.webp\",\"datePublished\":\"2024-11-04T16:52:24+00:00\",\"dateModified\":\"2025-12-17T17:06:56+00:00\",\"description\":\"Reservat von 297 Hektar mit 3,2 km des Flusses Iba\u00f1ez in der N\u00e4he des Nationalparks Cerro Castillo, Ays\u00e9n. Ideal f\u00fcr \u00d6kotourismus und Naturschutz.\",\"breadcrumb\":{\"@id\":\"https:\\\/\\\/produncan.cl\\\/de\\\/produkt\\\/naturschutzgebiet-alto-rio-ibanez-region-aysen\\\/#breadcrumb\"},\"inLanguage\":\"de-DE\",\"potentialAction\":[{\"@type\":\"ReadAction\",\"target\":[\"https:\\\/\\\/produncan.cl\\\/de\\\/produkt\\\/naturschutzgebiet-alto-rio-ibanez-region-aysen\\\/\"]}]},{\"@type\":\"ImageObject\",\"inLanguage\":\"de-DE\",\"@id\":\"https:\\\/\\\/produncan.cl\\\/de\\\/produkt\\\/naturschutzgebiet-alto-rio-ibanez-region-aysen\\\/#primaryimage\",\"url\":\"https:\\\/\\\/produncan.cl\\\/wp-content\\\/uploads\\\/2024\\\/11\\\/Reserva-Alto-Rio-Ibanez.webp\",\"contentUrl\":\"https:\\\/\\\/produncan.cl\\\/wp-content\\\/uploads\\\/2024\\\/11\\\/Reserva-Alto-Rio-Ibanez.webp\",\"width\":600,\"height\":450,\"caption\":\"Reserva Alto R\u00edo Ibajez\"},{\"@type\":\"BreadcrumbList\",\"@id\":\"https:\\\/\\\/produncan.cl\\\/de\\\/produkt\\\/naturschutzgebiet-alto-rio-ibanez-region-aysen\\\/#breadcrumb\",\"itemListElement\":[{\"@type\":\"ListItem\",\"position\":1,\"name\":\"Inicio\",\"item\":\"https:\\\/\\\/produncan.cl\\\/de\\\/\"},{\"@type\":\"ListItem\",\"position\":2,\"name\":\"Eigenschaften\",\"item\":\"https:\\\/\\\/produncan.cl\\\/propiedades\\\/\"},{\"@type\":\"ListItem\",\"position\":3,\"name\":\"Felder\",\"item\":\"https:\\\/\\\/produncan.cl\\\/de\\\/kategorie\\\/felder\\\/\"},{\"@type\":\"ListItem\",\"position\":4,\"name\":\"Naturschutzgebiet Alto R\u00edo Iba\u00f1ez &#8211; Region Ays\u00e9n\"}]},{\"@type\":\"WebSite\",\"@id\":\"https:\\\/\\\/produncan.cl\\\/de\\\/#website\",\"url\":\"https:\\\/\\\/produncan.cl\\\/de\\\/\",\"name\":\"Produncan\",\"description\":\"Wir begleiten Sie bei Ihrem Lebensprojekt!\",\"publisher\":{\"@id\":\"https:\\\/\\\/produncan.cl\\\/de\\\/#organization\"},\"potentialAction\":[{\"@type\":\"SearchAction\",\"target\":{\"@type\":\"EntryPoint\",\"urlTemplate\":\"https:\\\/\\\/produncan.cl\\\/de\\\/?s={search_term_string}\"},\"query-input\":{\"@type\":\"PropertyValueSpecification\",\"valueRequired\":true,\"valueName\":\"search_term_string\"}}],\"inLanguage\":\"de-DE\"},{\"@type\":\"Organization\",\"@id\":\"https:\\\/\\\/produncan.cl\\\/de\\\/#organization\",\"name\":\"Produncan\",\"url\":\"https:\\\/\\\/produncan.cl\\\/de\\\/\",\"logo\":{\"@type\":\"ImageObject\",\"inLanguage\":\"de-DE\",\"@id\":\"https:\\\/\\\/produncan.cl\\\/de\\\/#\\\/schema\\\/logo\\\/image\\\/\",\"url\":\"https:\\\/\\\/produncan.cl\\\/wp-content\\\/uploads\\\/2021\\\/03\\\/LOGO.jpeg\",\"contentUrl\":\"https:\\\/\\\/produncan.cl\\\/wp-content\\\/uploads\\\/2021\\\/03\\\/LOGO.jpeg\",\"width\":1280,\"height\":903,\"caption\":\"Produncan\"},\"image\":{\"@id\":\"https:\\\/\\\/produncan.cl\\\/de\\\/#\\\/schema\\\/logo\\\/image\\\/\"},\"sameAs\":[\"https:\\\/\\\/web.facebook.com\\\/produncanland\",\"https:\\\/\\\/www.instagram.com\\\/pro_duncan\\\/\",\"https:\\\/\\\/www.linkedin.com\\\/company\\\/produncan-lands\\\/\",\"https:\\\/\\\/www.youtube.com\\\/channel\\\/UCu7N-f3x0svkazD-Eew1-QQ\"],\"description\":\"En Produncan somos especialistas en la venta de terrenos en el sur de Chile. Proveemos estancias, campos, parcelas y hoteles.\",\"email\":\"info@produncan.cl\"}]}<\/script>\n<meta property=\"og:video\" content=\"https:\/\/www.youtube.com\/embed\/V5otioOWD_M\" \/>\n<meta property=\"og:video:type\" content=\"text\/html\" \/>\n<meta property=\"og:video:duration\" content=\"79\" \/>\n<meta property=\"og:video:width\" content=\"480\" \/>\n<meta property=\"og:video:height\" content=\"270\" \/>\n<meta property=\"ya:ovs:adult\" content=\"false\" \/>\n<meta property=\"ya:ovs:upload_date\" content=\"2024-11-04T16:52:24+00:00\" \/>\n<meta property=\"ya:ovs:allow_embed\" content=\"true\" \/>\n<meta property=\"product:price:amount\" content=\"742600.00\" \/>\n<meta property=\"product:price:currency\" content=\"USD\" \/>\n<meta property=\"og:availability\" content=\"instock\" \/>\n<meta property=\"product:availability\" content=\"instock\" \/>\n<meta property=\"product:condition\" content=\"new\" \/>\n<!-- \/ Yoast SEO Premium plugin. -->","yoast_head_json":{"title":"Naturschutzgebiet Alto R\u00edo Iba\u00f1ez - Region Ays\u00e9n - Produncan","description":"Reservat von 297 Hektar mit 3,2 km des Flusses Iba\u00f1ez in der N\u00e4he des Nationalparks Cerro Castillo, Ays\u00e9n. Ideal f\u00fcr \u00d6kotourismus und Naturschutz.","robots":{"index":"index","follow":"follow","max-snippet":"max-snippet:-1","max-image-preview":"max-image-preview:large","max-video-preview":"max-video-preview:-1"},"canonical":"https:\/\/produncan.cl\/de\/produkt\/naturschutzgebiet-alto-rio-ibanez-region-aysen\/","og_locale":"de_DE","og_type":"article","og_title":"Naturschutzgebiet Alto R\u00edo Iba\u00f1ez - Region Ays\u00e9n","og_description":"Reservat von 297 Hektar mit 3,2 km des Flusses Iba\u00f1ez in der N\u00e4he des Nationalparks Cerro Castillo, Ays\u00e9n. Ideal f\u00fcr \u00d6kotourismus und Naturschutz.","og_url":"https:\/\/produncan.cl\/de\/produkt\/naturschutzgebiet-alto-rio-ibanez-region-aysen\/","og_site_name":"Produncan","article_publisher":"https:\/\/web.facebook.com\/produncanland","article_modified_time":"2025-12-17T17:06:56+00:00","og_image":[{"url":"https:\/\/produncan.cl\/wp-content\/uploads\/2024\/11\/Reserva-Alto-Rio-Ibanez.webp","type":"","width":"","height":""}],"twitter_card":"summary_large_image","twitter_misc":{"Price":"USD742.600,00","Availability":"In stock"},"schema":{"@context":"https:\/\/schema.org","@graph":[{"@type":"WebPage","@id":"https:\/\/produncan.cl\/de\/produkt\/naturschutzgebiet-alto-rio-ibanez-region-aysen\/","url":"https:\/\/produncan.cl\/de\/produkt\/naturschutzgebiet-alto-rio-ibanez-region-aysen\/","name":"Naturschutzgebiet Alto R\u00edo Iba\u00f1ez - Region Ays\u00e9n - Produncan","isPartOf":{"@id":"https:\/\/produncan.cl\/de\/#website"},"primaryImageOfPage":{"@id":"https:\/\/produncan.cl\/de\/produkt\/naturschutzgebiet-alto-rio-ibanez-region-aysen\/#primaryimage"},"image":{"@id":"https:\/\/produncan.cl\/de\/produkt\/naturschutzgebiet-alto-rio-ibanez-region-aysen\/#primaryimage"},"thumbnailUrl":"https:\/\/produncan.cl\/wp-content\/uploads\/2024\/11\/Reserva-Alto-Rio-Ibanez.webp","datePublished":"2024-11-04T16:52:24+00:00","dateModified":"2025-12-17T17:06:56+00:00","description":"Reservat von 297 Hektar mit 3,2 km des Flusses Iba\u00f1ez in der N\u00e4he des Nationalparks Cerro Castillo, Ays\u00e9n. Ideal f\u00fcr \u00d6kotourismus und Naturschutz.","breadcrumb":{"@id":"https:\/\/produncan.cl\/de\/produkt\/naturschutzgebiet-alto-rio-ibanez-region-aysen\/#breadcrumb"},"inLanguage":"de-DE","potentialAction":[{"@type":"ReadAction","target":["https:\/\/produncan.cl\/de\/produkt\/naturschutzgebiet-alto-rio-ibanez-region-aysen\/"]}]},{"@type":"ImageObject","inLanguage":"de-DE","@id":"https:\/\/produncan.cl\/de\/produkt\/naturschutzgebiet-alto-rio-ibanez-region-aysen\/#primaryimage","url":"https:\/\/produncan.cl\/wp-content\/uploads\/2024\/11\/Reserva-Alto-Rio-Ibanez.webp","contentUrl":"https:\/\/produncan.cl\/wp-content\/uploads\/2024\/11\/Reserva-Alto-Rio-Ibanez.webp","width":600,"height":450,"caption":"Reserva Alto R\u00edo Ibajez"},{"@type":"BreadcrumbList","@id":"https:\/\/produncan.cl\/de\/produkt\/naturschutzgebiet-alto-rio-ibanez-region-aysen\/#breadcrumb","itemListElement":[{"@type":"ListItem","position":1,"name":"Inicio","item":"https:\/\/produncan.cl\/de\/"},{"@type":"ListItem","position":2,"name":"Eigenschaften","item":"https:\/\/produncan.cl\/propiedades\/"},{"@type":"ListItem","position":3,"name":"Felder","item":"https:\/\/produncan.cl\/de\/kategorie\/felder\/"},{"@type":"ListItem","position":4,"name":"Naturschutzgebiet Alto R\u00edo Iba\u00f1ez &#8211; Region Ays\u00e9n"}]},{"@type":"WebSite","@id":"https:\/\/produncan.cl\/de\/#website","url":"https:\/\/produncan.cl\/de\/","name":"Produncan","description":"Wir begleiten Sie bei Ihrem Lebensprojekt!","publisher":{"@id":"https:\/\/produncan.cl\/de\/#organization"},"potentialAction":[{"@type":"SearchAction","target":{"@type":"EntryPoint","urlTemplate":"https:\/\/produncan.cl\/de\/?s={search_term_string}"},"query-input":{"@type":"PropertyValueSpecification","valueRequired":true,"valueName":"search_term_string"}}],"inLanguage":"de-DE"},{"@type":"Organization","@id":"https:\/\/produncan.cl\/de\/#organization","name":"Produncan","url":"https:\/\/produncan.cl\/de\/","logo":{"@type":"ImageObject","inLanguage":"de-DE","@id":"https:\/\/produncan.cl\/de\/#\/schema\/logo\/image\/","url":"https:\/\/produncan.cl\/wp-content\/uploads\/2021\/03\/LOGO.jpeg","contentUrl":"https:\/\/produncan.cl\/wp-content\/uploads\/2021\/03\/LOGO.jpeg","width":1280,"height":903,"caption":"Produncan"},"image":{"@id":"https:\/\/produncan.cl\/de\/#\/schema\/logo\/image\/"},"sameAs":["https:\/\/web.facebook.com\/produncanland","https:\/\/www.instagram.com\/pro_duncan\/","https:\/\/www.linkedin.com\/company\/produncan-lands\/","https:\/\/www.youtube.com\/channel\/UCu7N-f3x0svkazD-Eew1-QQ"],"description":"En Produncan somos especialistas en la venta de terrenos en el sur de Chile. Proveemos estancias, campos, parcelas y hoteles.","email":"info@produncan.cl"}]},"og_video":"https:\/\/www.youtube.com\/embed\/V5otioOWD_M","og_video_type":"text\/html","og_video_duration":"79","og_video_width":"480","og_video_height":"270","ya_ovs_adult":"false","ya_ovs_upload_date":"2024-11-04T16:52:24+00:00","ya_ovs_allow_embed":"true","product_price_amount":"742600.00","product_price_currency":"USD","og_availability":"instock","product_availability":"instock","product_condition":"new"},"_links":{"self":[{"href":"https:\/\/produncan.cl\/de\/wp-json\/wp\/v2\/product\/35663","targetHints":{"allow":["GET"]}}],"collection":[{"href":"https:\/\/produncan.cl\/de\/wp-json\/wp\/v2\/product"}],"about":[{"href":"https:\/\/produncan.cl\/de\/wp-json\/wp\/v2\/types\/product"}],"version-history":[{"count":2,"href":"https:\/\/produncan.cl\/de\/wp-json\/wp\/v2\/product\/35663\/revisions"}],"predecessor-version":[{"id":53322,"href":"https:\/\/produncan.cl\/de\/wp-json\/wp\/v2\/product\/35663\/revisions\/53322"}],"wp:featuredmedia":[{"embeddable":true,"href":"https:\/\/produncan.cl\/de\/wp-json\/wp\/v2\/media\/35492"}],"wp:attachment":[{"href":"https:\/\/produncan.cl\/de\/wp-json\/wp\/v2\/media?parent=35663"}],"wp:term":[{"taxonomy":"product_brand","embeddable":true,"href":"https:\/\/produncan.cl\/de\/wp-json\/wp\/v2\/product_brand?post=35663"},{"taxonomy":"product_cat","embeddable":true,"href":"https:\/\/produncan.cl\/de\/wp-json\/wp\/v2\/product_cat?post=35663"},{"taxonomy":"product_tag","embeddable":true,"href":"https:\/\/produncan.cl\/de\/wp-json\/wp\/v2\/product_tag?post=35663"},{"taxonomy":"regiones","embeddable":true,"href":"https:\/\/produncan.cl\/de\/wp-json\/wp\/v2\/regiones?post=35663"},{"taxonomy":"ciudades","embeddable":true,"href":"https:\/\/produncan.cl\/de\/wp-json\/wp\/v2\/ciudades?post=35663"}],"curies":[{"name":"wp","href":"https:\/\/api.w.org\/{rel}","templated":true}]}}