{"id":36036,"date":"2024-11-14T16:08:23","date_gmt":"2024-11-14T19:08:23","guid":{"rendered":"https:\/\/produncan.cl\/producto\/haus-saltos-del-molco-villarrica-see-region-araucania\/"},"modified":"2026-03-12T13:00:52","modified_gmt":"2026-03-12T16:00:52","slug":"haus-saltos-del-molco-villarrica-see-region-araucania","status":"publish","type":"product","link":"https:\/\/produncan.cl\/de\/produkt\/haus-saltos-del-molco-villarrica-see-region-araucania\/","title":{"rendered":"Haus Saltos del Molco &#8211; Villarrica-See &#8211; Region Araucan\u00eda"},"content":{"rendered":"\t\t<div data-elementor-type=\"product-post\" data-elementor-id=\"36036\" class=\"elementor elementor-36036 elementor-35944\" data-elementor-post-type=\"product\">\n\t\t\t\t<div class=\"elementor-element elementor-element-849298c e-flex e-con-boxed e-con e-parent\" data-id=\"849298c\" data-element_type=\"container\" data-e-type=\"container\" data-settings=\"{&quot;jet_parallax_layout_list&quot;:[]}\">\n\t\t\t\t\t<div class=\"e-con-inner\">\n\t\t\t\t<div class=\"elementor-element elementor-element-c4637ba elementor-widget elementor-widget-heading\" data-id=\"c4637ba\" data-element_type=\"widget\" data-e-type=\"widget\" data-widget_type=\"heading.default\">\n\t\t\t\t\t<h2 class=\"elementor-heading-title elementor-size-default\">Kommen Sie und leben in dieser spektakul\u00e4ren Eigentumswohnung mit Strand auf dem Villarrica See.<\/h2>\t\t\t\t<\/div>\n\t\t\t\t\t<\/div>\n\t\t\t\t<\/div>\n\t\t<div class=\"elementor-element elementor-element-aae8513 e-flex e-con-boxed e-con e-parent\" data-id=\"aae8513\" data-element_type=\"container\" data-e-type=\"container\" data-settings=\"{&quot;jet_parallax_layout_list&quot;:[]}\">\n\t\t\t\t\t<div class=\"e-con-inner\">\n\t\t\t\t<div class=\"elementor-element elementor-element-dc878d0 elementor-widget elementor-widget-text-editor\" data-id=\"dc878d0\" data-element_type=\"widget\" data-e-type=\"widget\" data-widget_type=\"text-editor.default\">\n\t\t\t\t\t\t\t\t\t<p><span style=\"color: var( --e-global-color-text ); font-family: var( --e-global-typography-text-font-family ), Sans-serif; font-weight: var( --e-global-typography-text-font-weight ); text-align: var(--text-align); font-size: 1rem;\">Entdecken Sie die wahre Freude am Leben in einer einzigartigen einzigartigen Eigentumswohnung am Ufer des Villarrica-Sees, zwischen Villarrica und Puc\u00f3n. Dieser Ort bietet eine unvergleichliche Erfahrung von Luxus und Komfort inmitten einer spektakul\u00e4ren nat\u00fcrlichen Umgebung, f\u00fcr nur UF 6.300. Nur wenige Minuten vom Parklake Hotel entfernt, bietet diese geschlossene Wohnanlage alle Dienstleistungen und Annehmlichkeiten, die Sie sich w\u00fcnschen.  <\/span><\/p>\n<p><strong>Erstklassige Dienstleistungen und Gemeinschaftsbereiche<\/strong><\/p>\n<p>Diese exklusive Wohnanlage bietet eine Vielzahl von Einrichtungen, damit Sie jeden Moment in vollen Z\u00fcgen genie\u00dfen k\u00f6nnen. Der Privatstrand mit Rettungsschwimmern sorgt f\u00fcr Spa\u00df und Ruhe im Wasser, w\u00e4hrend der exklusive Yachthafen Dienstleistungen f\u00fcr Wassersport und Boote bietet. Dar\u00fcber hinaus gibt es Freizeiteinrichtungen wie Volleyball-, Fu\u00dfball-, Basketball- und Tennispl\u00e4tze, Kinderspielpl\u00e4tze, Waldwege und einen sch\u00f6nen Bach, der zum Kontakt mit der Natur einl\u00e4dt. Sicherheit wird gro\u00dfgeschrieben. Der kontrollierte Zugang und die 24\/7-\u00dcberwachung sorgen f\u00fcr ein H\u00f6chstma\u00df an Sicherheit f\u00fcr Sie und Ihre Liebsten.   <\/p>\n<p><strong>Strategischer Standort und Konnektivit\u00e4t<\/strong><\/p>\n<p>Dank ihrer privilegierten Lage, nur 14 Minuten von Puc\u00f3n und 16 Minuten von Villarrica entfernt, bietet diese Wohnanlage einen einfachen Zugang zu \u00f6ffentlichen Verkehrsmitteln, eine hervorragende Telefonverbindung und die N\u00e4he zu bekannten Sehensw\u00fcrdigkeiten wie den Nationalparks Huerquehue und Villarrica, hei\u00dfen Quellen und dem Skizentrum am Vulkan Villarrica. Nur eine Stunde vom Flughafen entfernt, ist dies der ideale Ort f\u00fcr alle, die einen R\u00fcckzugsort in der Natur suchen, ohne auf Erreichbarkeit verzichten zu m\u00fcssen. <\/p>\n<p><strong>Merkmale von Casa en Saltos del Molco<\/strong><\/p>\n<p>Auf einem 450 m\u00b2 gro\u00dfen Grundst\u00fcck befinden sich zwei bezugsfertige und komplett eingerichtete Doppelhaush\u00e4lften in einer nach Norden ausgerichteten Konstruktion aus Oregon-Kiefernholz mit Terrassen, die dazu einladen, die Landschaft zu genie\u00dfen. Mit 120 m\u00b2 Wohnfl\u00e4che verbindet jede H\u00fctte Funktionalit\u00e4t und Stil in einer gem\u00fctlichen Umgebung. <\/p>\n<ul>\n<li><strong>Kabine 1<\/strong> (60 m\u00b2): Verteilt auf zwei Ebenen, hat ein Hauptschlafzimmer mit eigenem Bad und ein zweites Schlafzimmer mit zwei ein zweites Schlafzimmer mit zwei Kabinen und eigenem Bad.<\/li>\n<li><strong>H\u00fctte 2<\/strong> (60 m\u00b2): Enth\u00e4lt drei Schlafzimmer (ein Doppelbett und zwei mit Etagenbett und Zusatzbett ), und zwei B\u00e4der (eines mit Badewanne und eines mit Dusche).<\/li>\n<li><strong>Au\u00dfenbereich und zus\u00e4tzliche R\u00e4ume<\/strong>: Beide H\u00fctten haben gro\u00dfe Terrassen (21 m\u00b2 und 30 m\u00b2), insgesamt vier Parkpl\u00e4tze, einen Grillplatz in einer der H\u00fctten und einen Waschraum in jeder.<\/li>\n<\/ul>\n<div>&nbsp;<\/div>\n<p><strong>Dienstleistungen und Verbindungen<\/strong><\/p>\n<p>Das Grundst\u00fcck verf\u00fcgt \u00fcber aufbereitetes Trinkwasser, einphasigen Strom und einen Hochgeschwindigkeits-Glasfaseranschluss von Telsur, ideal f\u00fcr alle, die in der Natur bleiben wollen.<\/p>\n<p><strong>Investitionsgelegenheit<\/strong><\/p>\n<p>Dies ist eine einzigartige Gelegenheit , in eine Immobilie in einer der privilegiertesten in einem der privilegiertesten Orte in La Araucan\u00eda. Die voll ausgestatteten Kabinen und der direkte Zugang zu allen exklusiven Einrichtungen der Wohnanlage exklusive Eigentumswohnungen Einrichtungen machen diesen Kauf eine unvergleichliche Wahl. <\/p>\n<p>Setzen Sie sich mit uns in Verbindung und beginnen Sie, den Traum von einem unvergleichlichen Lebensstil in bester Lage zu leben in der besten Lage des Villarrica-Sees!<\/p>\n\t\t\t\t\t\t\t\t<\/div>\n\t\t\t\t\t<\/div>\n\t\t\t\t<\/div>\n\t\t\t\t<\/div>\n\t\t","protected":false},"excerpt":{"rendered":"<p>Ferienh\u00e4user in Villarrica. 120 m\u00b2 Nutzfl\u00e4che auf einem Grundst\u00fcck von 450 m\u00b2 innerhalb des Projekts Saltos de Molco. Das Projekt grenzt an den See Villarrica. Es verf\u00fcgt \u00fcber einen Yachthafen, ein Restaurant, einen Multifunktionsplatz, Naturparks und vieles mehr.   <\/p>\n","protected":false},"featured_media":35951,"template":"","meta":{"_acf_changed":false},"product_brand":[],"product_cat":[104],"product_tag":[443],"regiones":[226],"ciudades":[221],"class_list":{"0":"post-36036","1":"product","2":"type-product","3":"status-publish","4":"has-post-thumbnail","6":"product_cat-ohiggins-los-lagos","7":"product_tag-stadtische-immobilien","8":"regiones-nuble-los_lagos","9":"ciudades-villarrica","11":"first","12":"instock","13":"shipping-taxable","14":"purchasable","15":"product-type-simple"},"acf":[],"yoast_head":"<!-- This site is optimized with the Yoast SEO Premium plugin v26.0 (Yoast SEO v27.3) - https:\/\/yoast.com\/product\/yoast-seo-premium-wordpress\/ -->\n<title>Haus Saltos del Molco - Villarrica-See - Region Araucan\u00eda - Produncan<\/title>\n<meta name=\"description\" content=\"2 Doppelhaush\u00e4lften mit 120 m\u00b2 Nutzfl\u00e4che auf einem Grundst\u00fcck von 450 m\u00b2 im Projekt Saltos de Molco; Angrenzend an den See Villarrica, verf\u00fcgt es \u00fcber einen Yachthafen, ein Restaurant, einen Mehrzweckplatz, einen Naturpark und vieles mehr.\" \/>\n<meta name=\"robots\" content=\"index, follow, max-snippet:-1, max-image-preview:large, max-video-preview:-1\" \/>\n<link rel=\"canonical\" href=\"https:\/\/produncan.cl\/de\/produkt\/haus-saltos-del-molco-villarrica-see-region-araucania\/\" \/>\n<meta property=\"og:locale\" content=\"de_DE\" \/>\n<meta property=\"og:type\" content=\"article\" \/>\n<meta property=\"og:title\" content=\"Haus Saltos del Molco - Villarrica-See - Region Araucan\u00eda\" \/>\n<meta property=\"og:description\" content=\"2 Doppelhaush\u00e4lften mit 120 m\u00b2 Nutzfl\u00e4che auf einem Grundst\u00fcck von 450 m\u00b2 im Projekt Saltos de Molco; Angrenzend an den See Villarrica, verf\u00fcgt es \u00fcber einen Yachthafen, ein Restaurant, einen Mehrzweckplatz, einen Naturpark und vieles mehr.\" \/>\n<meta property=\"og:url\" content=\"https:\/\/produncan.cl\/de\/produkt\/haus-saltos-del-molco-villarrica-see-region-araucania\/\" \/>\n<meta property=\"og:site_name\" content=\"Produncan\" \/>\n<meta property=\"article:publisher\" content=\"https:\/\/web.facebook.com\/produncanland\" \/>\n<meta property=\"article:modified_time\" content=\"2026-03-12T16:00:52+00:00\" \/>\n<meta property=\"og:image\" content=\"https:\/\/produncan.cl\/wp-content\/uploads\/2024\/11\/Casa-Saltos-del-Molco.webp\" \/>\n<meta name=\"twitter:card\" content=\"summary_large_image\" \/>\n<meta name=\"twitter:label1\" content=\"Price\" \/>\n\t<meta name=\"twitter:data1\" content=\"USD271.800,00\" \/>\n\t<meta name=\"twitter:label2\" content=\"Availability\" \/>\n\t<meta name=\"twitter:data2\" content=\"In stock\" \/>\n<script type=\"application\/ld+json\" class=\"yoast-schema-graph\">{\"@context\":\"https:\\\/\\\/schema.org\",\"@graph\":[{\"@type\":\"WebPage\",\"@id\":\"https:\\\/\\\/produncan.cl\\\/de\\\/produkt\\\/haus-saltos-del-molco-villarrica-see-region-araucania\\\/\",\"url\":\"https:\\\/\\\/produncan.cl\\\/de\\\/produkt\\\/haus-saltos-del-molco-villarrica-see-region-araucania\\\/\",\"name\":\"Haus Saltos del Molco - Villarrica-See - Region Araucan\u00eda - Produncan\",\"isPartOf\":{\"@id\":\"https:\\\/\\\/produncan.cl\\\/de\\\/#website\"},\"primaryImageOfPage\":{\"@id\":\"https:\\\/\\\/produncan.cl\\\/de\\\/produkt\\\/haus-saltos-del-molco-villarrica-see-region-araucania\\\/#primaryimage\"},\"image\":{\"@id\":\"https:\\\/\\\/produncan.cl\\\/de\\\/produkt\\\/haus-saltos-del-molco-villarrica-see-region-araucania\\\/#primaryimage\"},\"thumbnailUrl\":\"https:\\\/\\\/produncan.cl\\\/wp-content\\\/uploads\\\/2024\\\/11\\\/Casa-Saltos-del-Molco.webp\",\"datePublished\":\"2024-11-14T19:08:23+00:00\",\"dateModified\":\"2026-03-12T16:00:52+00:00\",\"description\":\"2 Doppelhaush\u00e4lften mit 120 m\u00b2 Nutzfl\u00e4che auf einem Grundst\u00fcck von 450 m\u00b2 im Projekt Saltos de Molco; Angrenzend an den See Villarrica, verf\u00fcgt es \u00fcber einen Yachthafen, ein Restaurant, einen Mehrzweckplatz, einen Naturpark und vieles mehr.\",\"breadcrumb\":{\"@id\":\"https:\\\/\\\/produncan.cl\\\/de\\\/produkt\\\/haus-saltos-del-molco-villarrica-see-region-araucania\\\/#breadcrumb\"},\"inLanguage\":\"de-DE\",\"potentialAction\":[{\"@type\":\"ReadAction\",\"target\":[\"https:\\\/\\\/produncan.cl\\\/de\\\/produkt\\\/haus-saltos-del-molco-villarrica-see-region-araucania\\\/\"]}]},{\"@type\":\"ImageObject\",\"inLanguage\":\"de-DE\",\"@id\":\"https:\\\/\\\/produncan.cl\\\/de\\\/produkt\\\/haus-saltos-del-molco-villarrica-see-region-araucania\\\/#primaryimage\",\"url\":\"https:\\\/\\\/produncan.cl\\\/wp-content\\\/uploads\\\/2024\\\/11\\\/Casa-Saltos-del-Molco.webp\",\"contentUrl\":\"https:\\\/\\\/produncan.cl\\\/wp-content\\\/uploads\\\/2024\\\/11\\\/Casa-Saltos-del-Molco.webp\",\"width\":600,\"height\":450,\"caption\":\"Casa Saltos del Molco\"},{\"@type\":\"BreadcrumbList\",\"@id\":\"https:\\\/\\\/produncan.cl\\\/de\\\/produkt\\\/haus-saltos-del-molco-villarrica-see-region-araucania\\\/#breadcrumb\",\"itemListElement\":[{\"@type\":\"ListItem\",\"position\":1,\"name\":\"Inicio\",\"item\":\"https:\\\/\\\/produncan.cl\\\/de\\\/\"},{\"@type\":\"ListItem\",\"position\":2,\"name\":\"Eigenschaften\",\"item\":\"https:\\\/\\\/produncan.cl\\\/propiedades\\\/\"},{\"@type\":\"ListItem\",\"position\":3,\"name\":\"St\u00e4dtische Immobilien\",\"item\":\"https:\\\/\\\/produncan.cl\\\/de\\\/kategorie\\\/stadtische-immobilien\\\/\"},{\"@type\":\"ListItem\",\"position\":4,\"name\":\"Haus Saltos del Molco &#8211; Villarrica-See &#8211; Region Araucan\u00eda\"}]},{\"@type\":\"WebSite\",\"@id\":\"https:\\\/\\\/produncan.cl\\\/de\\\/#website\",\"url\":\"https:\\\/\\\/produncan.cl\\\/de\\\/\",\"name\":\"Produncan\",\"description\":\"Wir begleiten Sie bei Ihrem Lebensprojekt!\",\"publisher\":{\"@id\":\"https:\\\/\\\/produncan.cl\\\/de\\\/#organization\"},\"potentialAction\":[{\"@type\":\"SearchAction\",\"target\":{\"@type\":\"EntryPoint\",\"urlTemplate\":\"https:\\\/\\\/produncan.cl\\\/de\\\/?s={search_term_string}\"},\"query-input\":{\"@type\":\"PropertyValueSpecification\",\"valueRequired\":true,\"valueName\":\"search_term_string\"}}],\"inLanguage\":\"de-DE\"},{\"@type\":\"Organization\",\"@id\":\"https:\\\/\\\/produncan.cl\\\/de\\\/#organization\",\"name\":\"Produncan\",\"url\":\"https:\\\/\\\/produncan.cl\\\/de\\\/\",\"logo\":{\"@type\":\"ImageObject\",\"inLanguage\":\"de-DE\",\"@id\":\"https:\\\/\\\/produncan.cl\\\/de\\\/#\\\/schema\\\/logo\\\/image\\\/\",\"url\":\"https:\\\/\\\/produncan.cl\\\/wp-content\\\/uploads\\\/2021\\\/03\\\/LOGO.jpeg\",\"contentUrl\":\"https:\\\/\\\/produncan.cl\\\/wp-content\\\/uploads\\\/2021\\\/03\\\/LOGO.jpeg\",\"width\":1280,\"height\":903,\"caption\":\"Produncan\"},\"image\":{\"@id\":\"https:\\\/\\\/produncan.cl\\\/de\\\/#\\\/schema\\\/logo\\\/image\\\/\"},\"sameAs\":[\"https:\\\/\\\/web.facebook.com\\\/produncanland\",\"https:\\\/\\\/www.instagram.com\\\/pro_duncan\\\/\",\"https:\\\/\\\/www.linkedin.com\\\/company\\\/produncan-lands\\\/\",\"https:\\\/\\\/www.youtube.com\\\/channel\\\/UCu7N-f3x0svkazD-Eew1-QQ\"],\"description\":\"En Produncan somos especialistas en la venta de terrenos en el sur de Chile. Proveemos estancias, campos, parcelas y hoteles.\",\"email\":\"info@produncan.cl\"}]}<\/script>\n<meta property=\"og:video\" content=\"https:\/\/www.youtube.com\/embed\/vIh4C3u35dw\" \/>\n<meta property=\"og:video:type\" content=\"text\/html\" \/>\n<meta property=\"og:video:duration\" content=\"102\" \/>\n<meta property=\"og:video:width\" content=\"480\" \/>\n<meta property=\"og:video:height\" content=\"270\" \/>\n<meta property=\"ya:ovs:adult\" content=\"false\" \/>\n<meta property=\"ya:ovs:upload_date\" content=\"2024-11-14T19:08:23+00:00\" \/>\n<meta property=\"ya:ovs:allow_embed\" content=\"true\" \/>\n<meta property=\"product:price:amount\" content=\"271800.00\" \/>\n<meta property=\"product:price:currency\" content=\"USD\" \/>\n<meta property=\"og:availability\" content=\"instock\" \/>\n<meta property=\"product:availability\" content=\"instock\" \/>\n<meta property=\"product:condition\" content=\"new\" \/>\n<!-- \/ Yoast SEO Premium plugin. -->","yoast_head_json":{"title":"Haus Saltos del Molco - Villarrica-See - Region Araucan\u00eda - Produncan","description":"2 Doppelhaush\u00e4lften mit 120 m\u00b2 Nutzfl\u00e4che auf einem Grundst\u00fcck von 450 m\u00b2 im Projekt Saltos de Molco; Angrenzend an den See Villarrica, verf\u00fcgt es \u00fcber einen Yachthafen, ein Restaurant, einen Mehrzweckplatz, einen Naturpark und vieles mehr.","robots":{"index":"index","follow":"follow","max-snippet":"max-snippet:-1","max-image-preview":"max-image-preview:large","max-video-preview":"max-video-preview:-1"},"canonical":"https:\/\/produncan.cl\/de\/produkt\/haus-saltos-del-molco-villarrica-see-region-araucania\/","og_locale":"de_DE","og_type":"article","og_title":"Haus Saltos del Molco - Villarrica-See - Region Araucan\u00eda","og_description":"2 Doppelhaush\u00e4lften mit 120 m\u00b2 Nutzfl\u00e4che auf einem Grundst\u00fcck von 450 m\u00b2 im Projekt Saltos de Molco; Angrenzend an den See Villarrica, verf\u00fcgt es \u00fcber einen Yachthafen, ein Restaurant, einen Mehrzweckplatz, einen Naturpark und vieles mehr.","og_url":"https:\/\/produncan.cl\/de\/produkt\/haus-saltos-del-molco-villarrica-see-region-araucania\/","og_site_name":"Produncan","article_publisher":"https:\/\/web.facebook.com\/produncanland","article_modified_time":"2026-03-12T16:00:52+00:00","og_image":[{"url":"https:\/\/produncan.cl\/wp-content\/uploads\/2024\/11\/Casa-Saltos-del-Molco.webp","type":"","width":"","height":""}],"twitter_card":"summary_large_image","twitter_misc":{"Price":"USD271.800,00","Availability":"In stock"},"schema":{"@context":"https:\/\/schema.org","@graph":[{"@type":"WebPage","@id":"https:\/\/produncan.cl\/de\/produkt\/haus-saltos-del-molco-villarrica-see-region-araucania\/","url":"https:\/\/produncan.cl\/de\/produkt\/haus-saltos-del-molco-villarrica-see-region-araucania\/","name":"Haus Saltos del Molco - Villarrica-See - Region Araucan\u00eda - Produncan","isPartOf":{"@id":"https:\/\/produncan.cl\/de\/#website"},"primaryImageOfPage":{"@id":"https:\/\/produncan.cl\/de\/produkt\/haus-saltos-del-molco-villarrica-see-region-araucania\/#primaryimage"},"image":{"@id":"https:\/\/produncan.cl\/de\/produkt\/haus-saltos-del-molco-villarrica-see-region-araucania\/#primaryimage"},"thumbnailUrl":"https:\/\/produncan.cl\/wp-content\/uploads\/2024\/11\/Casa-Saltos-del-Molco.webp","datePublished":"2024-11-14T19:08:23+00:00","dateModified":"2026-03-12T16:00:52+00:00","description":"2 Doppelhaush\u00e4lften mit 120 m\u00b2 Nutzfl\u00e4che auf einem Grundst\u00fcck von 450 m\u00b2 im Projekt Saltos de Molco; Angrenzend an den See Villarrica, verf\u00fcgt es \u00fcber einen Yachthafen, ein Restaurant, einen Mehrzweckplatz, einen Naturpark und vieles mehr.","breadcrumb":{"@id":"https:\/\/produncan.cl\/de\/produkt\/haus-saltos-del-molco-villarrica-see-region-araucania\/#breadcrumb"},"inLanguage":"de-DE","potentialAction":[{"@type":"ReadAction","target":["https:\/\/produncan.cl\/de\/produkt\/haus-saltos-del-molco-villarrica-see-region-araucania\/"]}]},{"@type":"ImageObject","inLanguage":"de-DE","@id":"https:\/\/produncan.cl\/de\/produkt\/haus-saltos-del-molco-villarrica-see-region-araucania\/#primaryimage","url":"https:\/\/produncan.cl\/wp-content\/uploads\/2024\/11\/Casa-Saltos-del-Molco.webp","contentUrl":"https:\/\/produncan.cl\/wp-content\/uploads\/2024\/11\/Casa-Saltos-del-Molco.webp","width":600,"height":450,"caption":"Casa Saltos del Molco"},{"@type":"BreadcrumbList","@id":"https:\/\/produncan.cl\/de\/produkt\/haus-saltos-del-molco-villarrica-see-region-araucania\/#breadcrumb","itemListElement":[{"@type":"ListItem","position":1,"name":"Inicio","item":"https:\/\/produncan.cl\/de\/"},{"@type":"ListItem","position":2,"name":"Eigenschaften","item":"https:\/\/produncan.cl\/propiedades\/"},{"@type":"ListItem","position":3,"name":"St\u00e4dtische Immobilien","item":"https:\/\/produncan.cl\/de\/kategorie\/stadtische-immobilien\/"},{"@type":"ListItem","position":4,"name":"Haus Saltos del Molco &#8211; Villarrica-See &#8211; Region Araucan\u00eda"}]},{"@type":"WebSite","@id":"https:\/\/produncan.cl\/de\/#website","url":"https:\/\/produncan.cl\/de\/","name":"Produncan","description":"Wir begleiten Sie bei Ihrem Lebensprojekt!","publisher":{"@id":"https:\/\/produncan.cl\/de\/#organization"},"potentialAction":[{"@type":"SearchAction","target":{"@type":"EntryPoint","urlTemplate":"https:\/\/produncan.cl\/de\/?s={search_term_string}"},"query-input":{"@type":"PropertyValueSpecification","valueRequired":true,"valueName":"search_term_string"}}],"inLanguage":"de-DE"},{"@type":"Organization","@id":"https:\/\/produncan.cl\/de\/#organization","name":"Produncan","url":"https:\/\/produncan.cl\/de\/","logo":{"@type":"ImageObject","inLanguage":"de-DE","@id":"https:\/\/produncan.cl\/de\/#\/schema\/logo\/image\/","url":"https:\/\/produncan.cl\/wp-content\/uploads\/2021\/03\/LOGO.jpeg","contentUrl":"https:\/\/produncan.cl\/wp-content\/uploads\/2021\/03\/LOGO.jpeg","width":1280,"height":903,"caption":"Produncan"},"image":{"@id":"https:\/\/produncan.cl\/de\/#\/schema\/logo\/image\/"},"sameAs":["https:\/\/web.facebook.com\/produncanland","https:\/\/www.instagram.com\/pro_duncan\/","https:\/\/www.linkedin.com\/company\/produncan-lands\/","https:\/\/www.youtube.com\/channel\/UCu7N-f3x0svkazD-Eew1-QQ"],"description":"En Produncan somos especialistas en la venta de terrenos en el sur de Chile. Proveemos estancias, campos, parcelas y hoteles.","email":"info@produncan.cl"}]},"og_video":"https:\/\/www.youtube.com\/embed\/vIh4C3u35dw","og_video_type":"text\/html","og_video_duration":"102","og_video_width":"480","og_video_height":"270","ya_ovs_adult":"false","ya_ovs_upload_date":"2024-11-14T19:08:23+00:00","ya_ovs_allow_embed":"true","product_price_amount":"271800.00","product_price_currency":"USD","og_availability":"instock","product_availability":"instock","product_condition":"new"},"_links":{"self":[{"href":"https:\/\/produncan.cl\/de\/wp-json\/wp\/v2\/product\/36036","targetHints":{"allow":["GET"]}}],"collection":[{"href":"https:\/\/produncan.cl\/de\/wp-json\/wp\/v2\/product"}],"about":[{"href":"https:\/\/produncan.cl\/de\/wp-json\/wp\/v2\/types\/product"}],"version-history":[{"count":1,"href":"https:\/\/produncan.cl\/de\/wp-json\/wp\/v2\/product\/36036\/revisions"}],"predecessor-version":[{"id":52409,"href":"https:\/\/produncan.cl\/de\/wp-json\/wp\/v2\/product\/36036\/revisions\/52409"}],"wp:featuredmedia":[{"embeddable":true,"href":"https:\/\/produncan.cl\/de\/wp-json\/wp\/v2\/media\/35951"}],"wp:attachment":[{"href":"https:\/\/produncan.cl\/de\/wp-json\/wp\/v2\/media?parent=36036"}],"wp:term":[{"taxonomy":"product_brand","embeddable":true,"href":"https:\/\/produncan.cl\/de\/wp-json\/wp\/v2\/product_brand?post=36036"},{"taxonomy":"product_cat","embeddable":true,"href":"https:\/\/produncan.cl\/de\/wp-json\/wp\/v2\/product_cat?post=36036"},{"taxonomy":"product_tag","embeddable":true,"href":"https:\/\/produncan.cl\/de\/wp-json\/wp\/v2\/product_tag?post=36036"},{"taxonomy":"regiones","embeddable":true,"href":"https:\/\/produncan.cl\/de\/wp-json\/wp\/v2\/regiones?post=36036"},{"taxonomy":"ciudades","embeddable":true,"href":"https:\/\/produncan.cl\/de\/wp-json\/wp\/v2\/ciudades?post=36036"}],"curies":[{"name":"wp","href":"https:\/\/api.w.org\/{rel}","templated":true}]}}