{"id":36041,"date":"2024-11-13T10:49:47","date_gmt":"2024-11-13T13:49:47","guid":{"rendered":"https:\/\/produncan.cl\/producto\/unterteiltes-feld-temuco-region-araucania\/"},"modified":"2025-11-24T13:52:51","modified_gmt":"2025-11-24T16:52:51","slug":"unterteiltes-feld-temuco-region-araucania","status":"publish","type":"product","link":"https:\/\/produncan.cl\/de\/produkt\/unterteiltes-feld-temuco-region-araucania\/","title":{"rendered":"Aufgeteiltes Feld in Temuco &#8211; Region Araukanien"},"content":{"rendered":"\t\t<div data-elementor-type=\"product-post\" data-elementor-id=\"36041\" class=\"elementor elementor-36041 elementor-35858\" data-elementor-post-type=\"product\">\n\t\t\t\t<div class=\"elementor-element elementor-element-bbc0d56 e-flex e-con-boxed e-con e-parent\" data-id=\"bbc0d56\" data-element_type=\"container\" data-e-type=\"container\" data-settings=\"{&quot;jet_parallax_layout_list&quot;:[]}\">\n\t\t\t\t\t<div class=\"e-con-inner\">\n\t\t\t\t<div class=\"elementor-element elementor-element-5dc9f39 elementor-widget elementor-widget-heading\" data-id=\"5dc9f39\" data-element_type=\"widget\" data-e-type=\"widget\" data-widget_type=\"heading.default\">\n\t\t\t\t\t<h2 class=\"elementor-heading-title elementor-size-default\">Entwickeln Sie Ihr Projekt auf einem Feld, das in 135 Parzellen von 5000 m\u00b2 aufgeteilt ist, 10 Minuten von Temuco entfernt!<\/h2>\t\t\t\t<\/div>\n\t\t\t\t\t<\/div>\n\t\t\t\t<\/div>\n\t\t<div class=\"elementor-element elementor-element-98fe3ff e-flex e-con-boxed e-con e-parent\" data-id=\"98fe3ff\" data-element_type=\"container\" data-e-type=\"container\" data-settings=\"{&quot;jet_parallax_layout_list&quot;:[]}\">\n\t\t\t\t\t<div class=\"e-con-inner\">\n\t\t\t\t<div class=\"elementor-element elementor-element-c283d0c elementor-widget elementor-widget-text-editor\" data-id=\"c283d0c\" data-element_type=\"widget\" data-e-type=\"widget\" data-widget_type=\"text-editor.default\">\n\t\t\t\t\t\t\t\t\t<p>Dies ist eine einmalige Gelegenheit, ein 93 Hektar gro\u00dfes Grundst\u00fcck zu erwerben, das in 135 von der SAG genehmigte Parzellen unterteilt ist, mit SII-Rollen, direktem Zugang \u00fcber eine asphaltierte Stra\u00dfe nur 10 Minuten von Temuco und 40 Minuten vom Flughafen entfernt.<\/p><p>Diese Immobilie bietet hervorragende Bedingungen und einen wettbewerbsf\u00e4higen Verkaufspreis von UF36.760, was ungef\u00e4hr CLP$10.600.000 pro 5000m\u00b2 Grundst\u00fcck entspricht. Hier heben wir die wichtigsten Merkmale hervor, die diese Immobilie zu einer idealen Gelegenheit machen: <\/p><p>1) Grundst\u00fcck mit genehmigter Unterteilung: Mit 135 Parzellen zu je 5.000 m\u00b2 und einer von der SAG registrierten und genehmigten Parzellierung, ist dieses Grundst\u00fcck ideal f\u00fcr diejenigen , die eine Wohnanlage suchen. Jedes Los hat seine eigene Rolle. <\/p><p>2) Erreichbarkeit und Anbindung: Dieses Grundst\u00fcck liegt direkt an der Autobahn mit nahegelegenen \u00f6ffentlichen Verkehrsmitteln und einem ausgezeichneten Telekommunikationssignal. Es bietet den Vorteil der N\u00e4he zu Temuco und seinem Flughafen sowie eine privilegierte l\u00e4ndliche Umgebung.<\/p><p>3) Grundversorgung und nat\u00fcrliche Ressourcen: Das Grundst\u00fcck verf\u00fcgt \u00fcber Dreiphasenstrom, der von der SAESA bereitgestellt wird, und Wasser aus einem Tiefbrunnen (nicht registriert). Es umfasst auch ein 12&#215;6 Meter gro\u00dfes Haus des Hausmeisters, einen Wassertank und einen Zaun mit Metalltor am Zugang. <\/p><p>4) Nat\u00fcrliche Attraktivit\u00e4t und Schutzgebiete: Mit einer Fl\u00e4che von 13,51 Hektar gesch\u00fctzter Gebiete und einer Vielzahl von einheimischen B\u00e4umen (darunter Ma\u00f1\u00edo, Roble, Array\u00e1n und Ulmo) garantiert das Anwesen eine nat\u00fcrliche Umgebung im Einklang mit der Natur. Dar\u00fcber hinaus verf\u00fcgt es \u00fcber einen 600 Meter langen Bach, der im Sommer nicht austrocknet, was den landschaftlichen Wert erh\u00f6ht. <\/p><p>5) Erweiterungsm\u00f6glichkeiten: Es besteht die M\u00f6glichkeit, ein angrenzendes, 85,18 ha gro\u00dfes, nicht unterteiltes Grundst\u00fcck zum Preis von 26.000 UF zu erwerben, was eine erhebliche Erweiterung des Projekts erm\u00f6glicht.<\/p><p>6) Ausgezeichnete Sonneneinstrahlung und Bodenqualit\u00e4t: Die leicht h\u00fcgelige Topographie und der gut entw\u00e4sserte Boden, ist dieses Land optimal f\u00fcr Wohnbebauung geeignet.<\/p><p>7) Interne Stra\u00dfen und Zufahrten: Es gibt 4,32 Kilometer interne Stra\u00dfen, die geschottert sind und eine Breite von 6 Metern haben, so dass alle Bereiche des Grundst\u00fccks leicht zug\u00e4nglich sind.<\/p><p>In der Branche werden die Grundst\u00fccke f\u00fcr $35.000.000 verkauft, daher stellt dieses unterteilte Grundst\u00fcck nicht nur eine Investition in ein Grundst\u00fcck mit ausgezeichneter Lage und nat\u00fcrlichen Bedingungen dar, sondern auch die M\u00f6glichkeit, eine profitable Wohnanlage in einer Stadt mit hohem Wachstum zu errichten.<\/p><p>Nutzen Sie diese Gelegenheit, um am Wachstum von Temuco teilzuhaben! <\/p>\t\t\t\t\t\t\t\t<\/div>\n\t\t\t\t\t<\/div>\n\t\t\t\t<\/div>\n\t\t\t\t<\/div>\n\t\t","protected":false},"excerpt":{"rendered":"<p>Das Grundst\u00fcck ist in 135 Parzellen von jeweils 5000 m\u00b2 unterteilt, verf\u00fcgt \u00fcber SII-Rollen, direkten Zugang \u00fcber eine asphaltierte Stra\u00dfe, Drehstrom, interne Wege und liegt 10 Minuten von Temuco entfernt. Machbarkeit der Wasserrechte DGA. M\u00f6glichkeit zur Erweiterung um 85 Hektar.  <\/p>\n","protected":false},"featured_media":35863,"template":"","meta":{"_acf_changed":false},"product_brand":[],"product_cat":[104],"product_tag":[235],"regiones":[226],"ciudades":[424],"class_list":{"0":"post-36041","1":"product","2":"type-product","3":"status-publish","4":"has-post-thumbnail","6":"product_cat-ohiggins-los-lagos","7":"product_tag-felder","8":"regiones-nuble-los_lagos","9":"ciudades-temuco","11":"first","12":"instock","13":"shipping-taxable","14":"purchasable","15":"product-type-simple"},"acf":[],"yoast_head":"<!-- This site is optimized with the Yoast SEO Premium plugin v26.0 (Yoast SEO v27.3) - https:\/\/yoast.com\/product\/yoast-seo-premium-wordpress\/ -->\n<title>Aufgeteiltes Feld in Temuco - Region Araukanien - Produncan<\/title>\n<meta name=\"description\" content=\"Feld in Temuco von 93 Hektar in 135 Parzellen unterteilt von der SAG genehmigt, mit direktem Zugang durch asphaltierte Stra\u00dfe und 10 Minuten von der Stadt.\" \/>\n<meta name=\"robots\" content=\"index, follow, max-snippet:-1, max-image-preview:large, max-video-preview:-1\" \/>\n<link rel=\"canonical\" href=\"https:\/\/produncan.cl\/de\/produkt\/unterteiltes-feld-temuco-region-araucania\/\" \/>\n<meta property=\"og:locale\" content=\"de_DE\" \/>\n<meta property=\"og:type\" content=\"article\" \/>\n<meta property=\"og:title\" content=\"Aufgeteiltes Feld in Temuco - Region Araukanien\" \/>\n<meta property=\"og:description\" content=\"Feld in Temuco von 93 Hektar in 135 Parzellen unterteilt von der SAG genehmigt, mit direktem Zugang durch asphaltierte Stra\u00dfe und 10 Minuten von der Stadt.\" \/>\n<meta property=\"og:url\" content=\"https:\/\/produncan.cl\/de\/produkt\/unterteiltes-feld-temuco-region-araucania\/\" \/>\n<meta property=\"og:site_name\" content=\"Produncan\" \/>\n<meta property=\"article:publisher\" content=\"https:\/\/web.facebook.com\/produncanland\" \/>\n<meta property=\"article:modified_time\" content=\"2025-11-24T16:52:51+00:00\" \/>\n<meta property=\"og:image\" content=\"https:\/\/produncan.cl\/wp-content\/uploads\/2024\/11\/Campo-Subdividido-Temuco.webp\" \/>\n<meta name=\"twitter:card\" content=\"summary_large_image\" \/>\n<meta name=\"twitter:label1\" content=\"Price\" \/>\n\t<meta name=\"twitter:data1\" content=\"USD1.570.800,00\" \/>\n\t<meta name=\"twitter:label2\" content=\"Availability\" \/>\n\t<meta name=\"twitter:data2\" content=\"In stock\" \/>\n<script type=\"application\/ld+json\" class=\"yoast-schema-graph\">{\"@context\":\"https:\\\/\\\/schema.org\",\"@graph\":[{\"@type\":\"WebPage\",\"@id\":\"https:\\\/\\\/produncan.cl\\\/de\\\/produkt\\\/unterteiltes-feld-temuco-region-araucania\\\/\",\"url\":\"https:\\\/\\\/produncan.cl\\\/de\\\/produkt\\\/unterteiltes-feld-temuco-region-araucania\\\/\",\"name\":\"Aufgeteiltes Feld in Temuco - Region Araukanien - Produncan\",\"isPartOf\":{\"@id\":\"https:\\\/\\\/produncan.cl\\\/de\\\/#website\"},\"primaryImageOfPage\":{\"@id\":\"https:\\\/\\\/produncan.cl\\\/de\\\/produkt\\\/unterteiltes-feld-temuco-region-araucania\\\/#primaryimage\"},\"image\":{\"@id\":\"https:\\\/\\\/produncan.cl\\\/de\\\/produkt\\\/unterteiltes-feld-temuco-region-araucania\\\/#primaryimage\"},\"thumbnailUrl\":\"https:\\\/\\\/produncan.cl\\\/wp-content\\\/uploads\\\/2024\\\/11\\\/Campo-Subdividido-Temuco.webp\",\"datePublished\":\"2024-11-13T13:49:47+00:00\",\"dateModified\":\"2025-11-24T16:52:51+00:00\",\"description\":\"Feld in Temuco von 93 Hektar in 135 Parzellen unterteilt von der SAG genehmigt, mit direktem Zugang durch asphaltierte Stra\u00dfe und 10 Minuten von der Stadt.\",\"breadcrumb\":{\"@id\":\"https:\\\/\\\/produncan.cl\\\/de\\\/produkt\\\/unterteiltes-feld-temuco-region-araucania\\\/#breadcrumb\"},\"inLanguage\":\"de-DE\",\"potentialAction\":[{\"@type\":\"ReadAction\",\"target\":[\"https:\\\/\\\/produncan.cl\\\/de\\\/produkt\\\/unterteiltes-feld-temuco-region-araucania\\\/\"]}]},{\"@type\":\"ImageObject\",\"inLanguage\":\"de-DE\",\"@id\":\"https:\\\/\\\/produncan.cl\\\/de\\\/produkt\\\/unterteiltes-feld-temuco-region-araucania\\\/#primaryimage\",\"url\":\"https:\\\/\\\/produncan.cl\\\/wp-content\\\/uploads\\\/2024\\\/11\\\/Campo-Subdividido-Temuco.webp\",\"contentUrl\":\"https:\\\/\\\/produncan.cl\\\/wp-content\\\/uploads\\\/2024\\\/11\\\/Campo-Subdividido-Temuco.webp\",\"width\":600,\"height\":450,\"caption\":\"Geteiltes Feld Temuco\"},{\"@type\":\"BreadcrumbList\",\"@id\":\"https:\\\/\\\/produncan.cl\\\/de\\\/produkt\\\/unterteiltes-feld-temuco-region-araucania\\\/#breadcrumb\",\"itemListElement\":[{\"@type\":\"ListItem\",\"position\":1,\"name\":\"Inicio\",\"item\":\"https:\\\/\\\/produncan.cl\\\/de\\\/\"},{\"@type\":\"ListItem\",\"position\":2,\"name\":\"Eigenschaften\",\"item\":\"https:\\\/\\\/produncan.cl\\\/propiedades\\\/\"},{\"@type\":\"ListItem\",\"position\":3,\"name\":\"Felder\",\"item\":\"https:\\\/\\\/produncan.cl\\\/de\\\/kategorie\\\/felder\\\/\"},{\"@type\":\"ListItem\",\"position\":4,\"name\":\"Aufgeteiltes Feld in Temuco &#8211; Region Araukanien\"}]},{\"@type\":\"WebSite\",\"@id\":\"https:\\\/\\\/produncan.cl\\\/de\\\/#website\",\"url\":\"https:\\\/\\\/produncan.cl\\\/de\\\/\",\"name\":\"Produncan\",\"description\":\"Wir begleiten Sie bei Ihrem Lebensprojekt!\",\"publisher\":{\"@id\":\"https:\\\/\\\/produncan.cl\\\/de\\\/#organization\"},\"potentialAction\":[{\"@type\":\"SearchAction\",\"target\":{\"@type\":\"EntryPoint\",\"urlTemplate\":\"https:\\\/\\\/produncan.cl\\\/de\\\/?s={search_term_string}\"},\"query-input\":{\"@type\":\"PropertyValueSpecification\",\"valueRequired\":true,\"valueName\":\"search_term_string\"}}],\"inLanguage\":\"de-DE\"},{\"@type\":\"Organization\",\"@id\":\"https:\\\/\\\/produncan.cl\\\/de\\\/#organization\",\"name\":\"Produncan\",\"url\":\"https:\\\/\\\/produncan.cl\\\/de\\\/\",\"logo\":{\"@type\":\"ImageObject\",\"inLanguage\":\"de-DE\",\"@id\":\"https:\\\/\\\/produncan.cl\\\/de\\\/#\\\/schema\\\/logo\\\/image\\\/\",\"url\":\"https:\\\/\\\/produncan.cl\\\/wp-content\\\/uploads\\\/2021\\\/03\\\/LOGO.jpeg\",\"contentUrl\":\"https:\\\/\\\/produncan.cl\\\/wp-content\\\/uploads\\\/2021\\\/03\\\/LOGO.jpeg\",\"width\":1280,\"height\":903,\"caption\":\"Produncan\"},\"image\":{\"@id\":\"https:\\\/\\\/produncan.cl\\\/de\\\/#\\\/schema\\\/logo\\\/image\\\/\"},\"sameAs\":[\"https:\\\/\\\/web.facebook.com\\\/produncanland\",\"https:\\\/\\\/www.instagram.com\\\/pro_duncan\\\/\",\"https:\\\/\\\/www.linkedin.com\\\/company\\\/produncan-lands\\\/\",\"https:\\\/\\\/www.youtube.com\\\/channel\\\/UCu7N-f3x0svkazD-Eew1-QQ\"],\"description\":\"En Produncan somos especialistas en la venta de terrenos en el sur de Chile. Proveemos estancias, campos, parcelas y hoteles.\",\"email\":\"info@produncan.cl\"}]}<\/script>\n<meta property=\"og:video\" content=\"https:\/\/www.youtube.com\/embed\/VgaNMKFxZ5c\" \/>\n<meta property=\"og:video:type\" content=\"text\/html\" \/>\n<meta property=\"og:video:duration\" content=\"109\" \/>\n<meta property=\"og:video:width\" content=\"480\" \/>\n<meta property=\"og:video:height\" content=\"270\" \/>\n<meta property=\"ya:ovs:adult\" content=\"false\" \/>\n<meta property=\"ya:ovs:upload_date\" content=\"2024-11-13T13:49:47+00:00\" \/>\n<meta property=\"ya:ovs:allow_embed\" content=\"true\" \/>\n<meta property=\"product:price:amount\" content=\"1570800.00\" \/>\n<meta property=\"product:price:currency\" content=\"USD\" \/>\n<meta property=\"og:availability\" content=\"instock\" \/>\n<meta property=\"product:availability\" content=\"instock\" \/>\n<meta property=\"product:condition\" content=\"new\" \/>\n<!-- \/ Yoast SEO Premium plugin. -->","yoast_head_json":{"title":"Aufgeteiltes Feld in Temuco - Region Araukanien - Produncan","description":"Feld in Temuco von 93 Hektar in 135 Parzellen unterteilt von der SAG genehmigt, mit direktem Zugang durch asphaltierte Stra\u00dfe und 10 Minuten von der Stadt.","robots":{"index":"index","follow":"follow","max-snippet":"max-snippet:-1","max-image-preview":"max-image-preview:large","max-video-preview":"max-video-preview:-1"},"canonical":"https:\/\/produncan.cl\/de\/produkt\/unterteiltes-feld-temuco-region-araucania\/","og_locale":"de_DE","og_type":"article","og_title":"Aufgeteiltes Feld in Temuco - Region Araukanien","og_description":"Feld in Temuco von 93 Hektar in 135 Parzellen unterteilt von der SAG genehmigt, mit direktem Zugang durch asphaltierte Stra\u00dfe und 10 Minuten von der Stadt.","og_url":"https:\/\/produncan.cl\/de\/produkt\/unterteiltes-feld-temuco-region-araucania\/","og_site_name":"Produncan","article_publisher":"https:\/\/web.facebook.com\/produncanland","article_modified_time":"2025-11-24T16:52:51+00:00","og_image":[{"url":"https:\/\/produncan.cl\/wp-content\/uploads\/2024\/11\/Campo-Subdividido-Temuco.webp","type":"","width":"","height":""}],"twitter_card":"summary_large_image","twitter_misc":{"Price":"USD1.570.800,00","Availability":"In stock"},"schema":{"@context":"https:\/\/schema.org","@graph":[{"@type":"WebPage","@id":"https:\/\/produncan.cl\/de\/produkt\/unterteiltes-feld-temuco-region-araucania\/","url":"https:\/\/produncan.cl\/de\/produkt\/unterteiltes-feld-temuco-region-araucania\/","name":"Aufgeteiltes Feld in Temuco - Region Araukanien - Produncan","isPartOf":{"@id":"https:\/\/produncan.cl\/de\/#website"},"primaryImageOfPage":{"@id":"https:\/\/produncan.cl\/de\/produkt\/unterteiltes-feld-temuco-region-araucania\/#primaryimage"},"image":{"@id":"https:\/\/produncan.cl\/de\/produkt\/unterteiltes-feld-temuco-region-araucania\/#primaryimage"},"thumbnailUrl":"https:\/\/produncan.cl\/wp-content\/uploads\/2024\/11\/Campo-Subdividido-Temuco.webp","datePublished":"2024-11-13T13:49:47+00:00","dateModified":"2025-11-24T16:52:51+00:00","description":"Feld in Temuco von 93 Hektar in 135 Parzellen unterteilt von der SAG genehmigt, mit direktem Zugang durch asphaltierte Stra\u00dfe und 10 Minuten von der Stadt.","breadcrumb":{"@id":"https:\/\/produncan.cl\/de\/produkt\/unterteiltes-feld-temuco-region-araucania\/#breadcrumb"},"inLanguage":"de-DE","potentialAction":[{"@type":"ReadAction","target":["https:\/\/produncan.cl\/de\/produkt\/unterteiltes-feld-temuco-region-araucania\/"]}]},{"@type":"ImageObject","inLanguage":"de-DE","@id":"https:\/\/produncan.cl\/de\/produkt\/unterteiltes-feld-temuco-region-araucania\/#primaryimage","url":"https:\/\/produncan.cl\/wp-content\/uploads\/2024\/11\/Campo-Subdividido-Temuco.webp","contentUrl":"https:\/\/produncan.cl\/wp-content\/uploads\/2024\/11\/Campo-Subdividido-Temuco.webp","width":600,"height":450,"caption":"Geteiltes Feld Temuco"},{"@type":"BreadcrumbList","@id":"https:\/\/produncan.cl\/de\/produkt\/unterteiltes-feld-temuco-region-araucania\/#breadcrumb","itemListElement":[{"@type":"ListItem","position":1,"name":"Inicio","item":"https:\/\/produncan.cl\/de\/"},{"@type":"ListItem","position":2,"name":"Eigenschaften","item":"https:\/\/produncan.cl\/propiedades\/"},{"@type":"ListItem","position":3,"name":"Felder","item":"https:\/\/produncan.cl\/de\/kategorie\/felder\/"},{"@type":"ListItem","position":4,"name":"Aufgeteiltes Feld in Temuco &#8211; Region Araukanien"}]},{"@type":"WebSite","@id":"https:\/\/produncan.cl\/de\/#website","url":"https:\/\/produncan.cl\/de\/","name":"Produncan","description":"Wir begleiten Sie bei Ihrem Lebensprojekt!","publisher":{"@id":"https:\/\/produncan.cl\/de\/#organization"},"potentialAction":[{"@type":"SearchAction","target":{"@type":"EntryPoint","urlTemplate":"https:\/\/produncan.cl\/de\/?s={search_term_string}"},"query-input":{"@type":"PropertyValueSpecification","valueRequired":true,"valueName":"search_term_string"}}],"inLanguage":"de-DE"},{"@type":"Organization","@id":"https:\/\/produncan.cl\/de\/#organization","name":"Produncan","url":"https:\/\/produncan.cl\/de\/","logo":{"@type":"ImageObject","inLanguage":"de-DE","@id":"https:\/\/produncan.cl\/de\/#\/schema\/logo\/image\/","url":"https:\/\/produncan.cl\/wp-content\/uploads\/2021\/03\/LOGO.jpeg","contentUrl":"https:\/\/produncan.cl\/wp-content\/uploads\/2021\/03\/LOGO.jpeg","width":1280,"height":903,"caption":"Produncan"},"image":{"@id":"https:\/\/produncan.cl\/de\/#\/schema\/logo\/image\/"},"sameAs":["https:\/\/web.facebook.com\/produncanland","https:\/\/www.instagram.com\/pro_duncan\/","https:\/\/www.linkedin.com\/company\/produncan-lands\/","https:\/\/www.youtube.com\/channel\/UCu7N-f3x0svkazD-Eew1-QQ"],"description":"En Produncan somos especialistas en la venta de terrenos en el sur de Chile. Proveemos estancias, campos, parcelas y hoteles.","email":"info@produncan.cl"}]},"og_video":"https:\/\/www.youtube.com\/embed\/VgaNMKFxZ5c","og_video_type":"text\/html","og_video_duration":"109","og_video_width":"480","og_video_height":"270","ya_ovs_adult":"false","ya_ovs_upload_date":"2024-11-13T13:49:47+00:00","ya_ovs_allow_embed":"true","product_price_amount":"1570800.00","product_price_currency":"USD","og_availability":"instock","product_availability":"instock","product_condition":"new"},"_links":{"self":[{"href":"https:\/\/produncan.cl\/de\/wp-json\/wp\/v2\/product\/36041","targetHints":{"allow":["GET"]}}],"collection":[{"href":"https:\/\/produncan.cl\/de\/wp-json\/wp\/v2\/product"}],"about":[{"href":"https:\/\/produncan.cl\/de\/wp-json\/wp\/v2\/types\/product"}],"version-history":[{"count":2,"href":"https:\/\/produncan.cl\/de\/wp-json\/wp\/v2\/product\/36041\/revisions"}],"predecessor-version":[{"id":52417,"href":"https:\/\/produncan.cl\/de\/wp-json\/wp\/v2\/product\/36041\/revisions\/52417"}],"wp:featuredmedia":[{"embeddable":true,"href":"https:\/\/produncan.cl\/de\/wp-json\/wp\/v2\/media\/35863"}],"wp:attachment":[{"href":"https:\/\/produncan.cl\/de\/wp-json\/wp\/v2\/media?parent=36041"}],"wp:term":[{"taxonomy":"product_brand","embeddable":true,"href":"https:\/\/produncan.cl\/de\/wp-json\/wp\/v2\/product_brand?post=36041"},{"taxonomy":"product_cat","embeddable":true,"href":"https:\/\/produncan.cl\/de\/wp-json\/wp\/v2\/product_cat?post=36041"},{"taxonomy":"product_tag","embeddable":true,"href":"https:\/\/produncan.cl\/de\/wp-json\/wp\/v2\/product_tag?post=36041"},{"taxonomy":"regiones","embeddable":true,"href":"https:\/\/produncan.cl\/de\/wp-json\/wp\/v2\/regiones?post=36041"},{"taxonomy":"ciudades","embeddable":true,"href":"https:\/\/produncan.cl\/de\/wp-json\/wp\/v2\/ciudades?post=36041"}],"curies":[{"name":"wp","href":"https:\/\/api.w.org\/{rel}","templated":true}]}}