{"id":36594,"date":"2024-12-02T19:09:37","date_gmt":"2024-12-02T22:09:37","guid":{"rendered":"https:\/\/produncan.cl\/producto\/parcelas-guairabo-punta-arenas-region-magallanes\/"},"modified":"2025-11-24T13:52:50","modified_gmt":"2025-11-24T16:52:50","slug":"parcelas-guairabo-punta-arenas-region-magallanes","status":"publish","type":"product","link":"https:\/\/produncan.cl\/de\/produkt\/parcelas-guairabo-punta-arenas-region-magallanes\/","title":{"rendered":"Grundst\u00fccke in Punta Arenas, Guairabo &#8211; Region Magallanes"},"content":{"rendered":"\t\t<div data-elementor-type=\"product-post\" data-elementor-id=\"36594\" class=\"elementor elementor-36594 elementor-36383\" data-elementor-post-type=\"product\">\n\t\t\t\t<div class=\"elementor-element elementor-element-b964691 e-flex e-con-boxed e-con e-parent\" data-id=\"b964691\" data-element_type=\"container\" data-e-type=\"container\" data-settings=\"{&quot;jet_parallax_layout_list&quot;:[]}\">\n\t\t\t\t\t<div class=\"e-con-inner\">\n\t\t\t\t<div class=\"elementor-element elementor-element-1e4edb9 elementor-widget elementor-widget-heading\" data-id=\"1e4edb9\" data-element_type=\"widget\" data-e-type=\"widget\" data-widget_type=\"heading.default\">\n\t\t\t\t\t<h2 class=\"elementor-heading-title elementor-size-default\">Wenn Sie auf der Suche nach Ihrem Traumplatz am Meer in Punta Arenas sind, sind Sie bei uns genau richtig!<\/h2>\t\t\t\t<\/div>\n\t\t\t\t\t<\/div>\n\t\t\t\t<\/div>\n\t\t<div class=\"elementor-element elementor-element-7d6c3ea e-flex e-con-boxed e-con e-parent\" data-id=\"7d6c3ea\" data-element_type=\"container\" data-e-type=\"container\" data-settings=\"{&quot;jet_parallax_layout_list&quot;:[]}\">\n\t\t\t\t\t<div class=\"e-con-inner\">\n\t\t\t\t<div class=\"elementor-element elementor-element-5586983 elementor-widget elementor-widget-text-editor\" data-id=\"5586983\" data-element_type=\"widget\" data-e-type=\"widget\" data-widget_type=\"text-editor.default\">\n\t\t\t\t\t\t\t\t\t<p>Diese Grundst\u00fccke in Punta Arenas, Region Magallanes, sind Ihre beste Wahl. Mit Fl\u00e4chen zwischen 6.799 m\u00b2 und 9.000 m\u00b2 bieten sie eine perfekte Kombination aus Platz und Zug\u00e4nglichkeit. <\/p><p>Nur 20 Minuten von Punta Arenas und 40 Minuten vom internationalen Flughafen entfernt, zeichnen sich diese Grundst\u00fccke durch ihre hervorragende Lage und ihre N\u00e4he zu Attraktionen wie dem Magallanes-Nationalreservat, Fort Bulnes, dem Leuchtturm von San Isidro und Puerto del Hambre aus.<\/p><p>Jedes Grundst\u00fcck hat einen direkten Zugang zu einer asphaltierten Stra\u00dfe und zum Meer.<\/p><p>Die Stromleitung verl\u00e4uft au\u00dferhalb, was den Anschluss an EDELMAG erleichtert. F\u00fcr die Wasserversorgung kann jeder Eigent\u00fcmer einen eigenen Brunnen bauen oder den in der Gegend \u00fcblichen Wasserwagen benutzen. <\/p><p>Die Konnektivit\u00e4t ist mit einem guten Movistar-Signal und Satelliteninternet gew\u00e4hrleistet.<\/p><p>Mit einem f\u00fcr die Region typischen Klima, mit langen Sommertagen und einer atemberaubenden nat\u00fcrlichen Umgebung, sind ideal f\u00fcr diejenigen , die einen pers\u00f6nlichen R\u00fcckzugsort oder ein besonderes Projekt suchen.<\/p><p>Wenn Sie auf der Suche nach Ruhe, einzigartigen Aussichten und einer klugen Investition sind, kontaktieren Sie uns!<\/p><p>Investieren Sie in einen einzigartigen Raum und verwirklichen Sie Ihr Projekt am Ende der Welt!<\/p>\t\t\t\t\t\t\t\t<\/div>\n\t\t\t\t\t<\/div>\n\t\t\t\t<\/div>\n\t\t\t\t<\/div>\n\t\t","protected":false},"excerpt":{"rendered":"<p>Grundst\u00fccke in Punta Arenas am Meer. Fl\u00e4chen von 6799 m 2, mit gepflastertem Zugang, Strom und N\u00e4he zu Sehensw\u00fcrdigkeiten. Nur 20 Minuten von der Stadt, ideal f\u00fcr das erste Haus.<\/p>\n","protected":false},"featured_media":36388,"template":"","meta":{"_acf_changed":false},"product_brand":[],"product_cat":[116],"product_tag":[232,231],"regiones":[225],"ciudades":[211],"class_list":{"0":"post-36594","1":"product","2":"type-product","3":"status-publish","4":"has-post-thumbnail","6":"product_cat-aysen-magallanes-de","7":"product_tag-grundstuecke","8":"product_tag-touristische-immobilien","9":"regiones-aysen-magallanes","10":"ciudades-punta-arenas","12":"first","13":"instock","14":"shipping-taxable","15":"purchasable","16":"product-type-simple"},"acf":[],"yoast_head":"<!-- This site is optimized with the Yoast SEO Premium plugin v26.0 (Yoast SEO v27.3) - https:\/\/yoast.com\/product\/yoast-seo-premium-wordpress\/ -->\n<title>Grundst\u00fccke in Punta Arenas, Guairabo - Region Magallanes - Produncan<\/title>\n<meta name=\"description\" content=\"Grundst\u00fccke in Strandn\u00e4he in Punta Arenas, ab 6.799 m\u00b2, mit gepflastertem Zugang, N\u00e4he zu Sehensw\u00fcrdigkeiten und grundlegenden Dienstleistungen.\" \/>\n<meta name=\"robots\" content=\"index, follow, max-snippet:-1, max-image-preview:large, max-video-preview:-1\" \/>\n<link rel=\"canonical\" href=\"https:\/\/produncan.cl\/de\/produkt\/parcelas-guairabo-punta-arenas-region-magallanes\/\" \/>\n<meta property=\"og:locale\" content=\"de_DE\" \/>\n<meta property=\"og:type\" content=\"article\" \/>\n<meta property=\"og:title\" content=\"Grundst\u00fccke in Punta Arenas, Guairabo - Region Magallanes\" \/>\n<meta property=\"og:description\" content=\"Grundst\u00fccke direkt am Meer in Punta Arenas, ab 5.300 m\u00b2, mit gepflasterten Zugang, die N\u00e4he zu Sehensw\u00fcrdigkeiten und grundlegende Dienstleistungen zur Verf\u00fcgung. Nur 20 Minuten von der Stadt entfernt, sind sie perfekt f\u00fcr Ihre Zuflucht oder Investition.\" \/>\n<meta property=\"og:url\" content=\"https:\/\/produncan.cl\/de\/produkt\/parcelas-guairabo-punta-arenas-region-magallanes\/\" \/>\n<meta property=\"og:site_name\" content=\"Produncan\" \/>\n<meta property=\"article:publisher\" content=\"https:\/\/web.facebook.com\/produncanland\" \/>\n<meta property=\"article:modified_time\" content=\"2025-11-24T16:52:50+00:00\" \/>\n<meta property=\"og:image\" content=\"https:\/\/produncan.cl\/wp-content\/uploads\/2024\/12\/Parcelas-Guairabo-en-venta-Punta-Arenas.webp\" \/>\n<meta name=\"twitter:card\" content=\"summary_large_image\" \/>\n<meta name=\"twitter:label1\" content=\"Price\" \/>\n\t<meta name=\"twitter:data1\" content=\"USD120.700,00\" \/>\n\t<meta name=\"twitter:label2\" content=\"Availability\" \/>\n\t<meta name=\"twitter:data2\" content=\"In stock\" \/>\n<script type=\"application\/ld+json\" class=\"yoast-schema-graph\">{\"@context\":\"https:\\\/\\\/schema.org\",\"@graph\":[{\"@type\":\"WebPage\",\"@id\":\"https:\\\/\\\/produncan.cl\\\/de\\\/produkt\\\/parcelas-guairabo-punta-arenas-region-magallanes\\\/\",\"url\":\"https:\\\/\\\/produncan.cl\\\/de\\\/produkt\\\/parcelas-guairabo-punta-arenas-region-magallanes\\\/\",\"name\":\"Grundst\u00fccke in Punta Arenas, Guairabo - Region Magallanes - Produncan\",\"isPartOf\":{\"@id\":\"https:\\\/\\\/produncan.cl\\\/de\\\/#website\"},\"primaryImageOfPage\":{\"@id\":\"https:\\\/\\\/produncan.cl\\\/de\\\/produkt\\\/parcelas-guairabo-punta-arenas-region-magallanes\\\/#primaryimage\"},\"image\":{\"@id\":\"https:\\\/\\\/produncan.cl\\\/de\\\/produkt\\\/parcelas-guairabo-punta-arenas-region-magallanes\\\/#primaryimage\"},\"thumbnailUrl\":\"https:\\\/\\\/produncan.cl\\\/wp-content\\\/uploads\\\/2024\\\/12\\\/Parcelas-Guairabo-en-venta-Punta-Arenas.webp\",\"datePublished\":\"2024-12-02T22:09:37+00:00\",\"dateModified\":\"2025-11-24T16:52:50+00:00\",\"description\":\"Grundst\u00fccke in Strandn\u00e4he in Punta Arenas, ab 6.799 m\u00b2, mit gepflastertem Zugang, N\u00e4he zu Sehensw\u00fcrdigkeiten und grundlegenden Dienstleistungen.\",\"breadcrumb\":{\"@id\":\"https:\\\/\\\/produncan.cl\\\/de\\\/produkt\\\/parcelas-guairabo-punta-arenas-region-magallanes\\\/#breadcrumb\"},\"inLanguage\":\"de-DE\",\"potentialAction\":[{\"@type\":\"ReadAction\",\"target\":[\"https:\\\/\\\/produncan.cl\\\/de\\\/produkt\\\/parcelas-guairabo-punta-arenas-region-magallanes\\\/\"]}]},{\"@type\":\"ImageObject\",\"inLanguage\":\"de-DE\",\"@id\":\"https:\\\/\\\/produncan.cl\\\/de\\\/produkt\\\/parcelas-guairabo-punta-arenas-region-magallanes\\\/#primaryimage\",\"url\":\"https:\\\/\\\/produncan.cl\\\/wp-content\\\/uploads\\\/2024\\\/12\\\/Parcelas-Guairabo-en-venta-Punta-Arenas.webp\",\"contentUrl\":\"https:\\\/\\\/produncan.cl\\\/wp-content\\\/uploads\\\/2024\\\/12\\\/Parcelas-Guairabo-en-venta-Punta-Arenas.webp\",\"width\":600,\"height\":450,\"caption\":\"Guairabo Grundst\u00fcck zum Verkauf Punta Arenas\"},{\"@type\":\"BreadcrumbList\",\"@id\":\"https:\\\/\\\/produncan.cl\\\/de\\\/produkt\\\/parcelas-guairabo-punta-arenas-region-magallanes\\\/#breadcrumb\",\"itemListElement\":[{\"@type\":\"ListItem\",\"position\":1,\"name\":\"Inicio\",\"item\":\"https:\\\/\\\/produncan.cl\\\/de\\\/\"},{\"@type\":\"ListItem\",\"position\":2,\"name\":\"Eigenschaften\",\"item\":\"https:\\\/\\\/produncan.cl\\\/propiedades\\\/\"},{\"@type\":\"ListItem\",\"position\":3,\"name\":\"Grundst\u00fccke\",\"item\":\"https:\\\/\\\/produncan.cl\\\/de\\\/kategorie\\\/grundstuecke\\\/\"},{\"@type\":\"ListItem\",\"position\":4,\"name\":\"Grundst\u00fccke in Punta Arenas, Guairabo &#8211; Region Magallanes\"}]},{\"@type\":\"WebSite\",\"@id\":\"https:\\\/\\\/produncan.cl\\\/de\\\/#website\",\"url\":\"https:\\\/\\\/produncan.cl\\\/de\\\/\",\"name\":\"Produncan\",\"description\":\"Wir begleiten Sie bei Ihrem Lebensprojekt!\",\"publisher\":{\"@id\":\"https:\\\/\\\/produncan.cl\\\/de\\\/#organization\"},\"potentialAction\":[{\"@type\":\"SearchAction\",\"target\":{\"@type\":\"EntryPoint\",\"urlTemplate\":\"https:\\\/\\\/produncan.cl\\\/de\\\/?s={search_term_string}\"},\"query-input\":{\"@type\":\"PropertyValueSpecification\",\"valueRequired\":true,\"valueName\":\"search_term_string\"}}],\"inLanguage\":\"de-DE\"},{\"@type\":\"Organization\",\"@id\":\"https:\\\/\\\/produncan.cl\\\/de\\\/#organization\",\"name\":\"Produncan\",\"url\":\"https:\\\/\\\/produncan.cl\\\/de\\\/\",\"logo\":{\"@type\":\"ImageObject\",\"inLanguage\":\"de-DE\",\"@id\":\"https:\\\/\\\/produncan.cl\\\/de\\\/#\\\/schema\\\/logo\\\/image\\\/\",\"url\":\"https:\\\/\\\/produncan.cl\\\/wp-content\\\/uploads\\\/2021\\\/03\\\/LOGO.jpeg\",\"contentUrl\":\"https:\\\/\\\/produncan.cl\\\/wp-content\\\/uploads\\\/2021\\\/03\\\/LOGO.jpeg\",\"width\":1280,\"height\":903,\"caption\":\"Produncan\"},\"image\":{\"@id\":\"https:\\\/\\\/produncan.cl\\\/de\\\/#\\\/schema\\\/logo\\\/image\\\/\"},\"sameAs\":[\"https:\\\/\\\/web.facebook.com\\\/produncanland\",\"https:\\\/\\\/www.instagram.com\\\/pro_duncan\\\/\",\"https:\\\/\\\/www.linkedin.com\\\/company\\\/produncan-lands\\\/\",\"https:\\\/\\\/www.youtube.com\\\/channel\\\/UCu7N-f3x0svkazD-Eew1-QQ\"],\"description\":\"En Produncan somos especialistas en la venta de terrenos en el sur de Chile. Proveemos estancias, campos, parcelas y hoteles.\",\"email\":\"info@produncan.cl\"}]}<\/script>\n<meta property=\"og:video\" content=\"https:\/\/www.youtube.com\/embed\/cHImwvMT6WU\" \/>\n<meta property=\"og:video:type\" content=\"text\/html\" \/>\n<meta property=\"og:video:duration\" content=\"70\" \/>\n<meta property=\"og:video:width\" content=\"480\" \/>\n<meta property=\"og:video:height\" content=\"270\" \/>\n<meta property=\"ya:ovs:adult\" content=\"false\" \/>\n<meta property=\"ya:ovs:upload_date\" content=\"2024-12-02T22:09:37+00:00\" \/>\n<meta property=\"ya:ovs:allow_embed\" content=\"true\" \/>\n<meta property=\"product:price:amount\" content=\"120700.00\" \/>\n<meta property=\"product:price:currency\" content=\"USD\" \/>\n<meta property=\"og:availability\" content=\"instock\" \/>\n<meta property=\"product:availability\" content=\"instock\" \/>\n<meta property=\"product:condition\" content=\"new\" \/>\n<!-- \/ Yoast SEO Premium plugin. -->","yoast_head_json":{"title":"Grundst\u00fccke in Punta Arenas, Guairabo - Region Magallanes - Produncan","description":"Grundst\u00fccke in Strandn\u00e4he in Punta Arenas, ab 6.799 m\u00b2, mit gepflastertem Zugang, N\u00e4he zu Sehensw\u00fcrdigkeiten und grundlegenden Dienstleistungen.","robots":{"index":"index","follow":"follow","max-snippet":"max-snippet:-1","max-image-preview":"max-image-preview:large","max-video-preview":"max-video-preview:-1"},"canonical":"https:\/\/produncan.cl\/de\/produkt\/parcelas-guairabo-punta-arenas-region-magallanes\/","og_locale":"de_DE","og_type":"article","og_title":"Grundst\u00fccke in Punta Arenas, Guairabo - Region Magallanes","og_description":"Grundst\u00fccke direkt am Meer in Punta Arenas, ab 5.300 m\u00b2, mit gepflasterten Zugang, die N\u00e4he zu Sehensw\u00fcrdigkeiten und grundlegende Dienstleistungen zur Verf\u00fcgung. Nur 20 Minuten von der Stadt entfernt, sind sie perfekt f\u00fcr Ihre Zuflucht oder Investition.","og_url":"https:\/\/produncan.cl\/de\/produkt\/parcelas-guairabo-punta-arenas-region-magallanes\/","og_site_name":"Produncan","article_publisher":"https:\/\/web.facebook.com\/produncanland","article_modified_time":"2025-11-24T16:52:50+00:00","og_image":[{"url":"https:\/\/produncan.cl\/wp-content\/uploads\/2024\/12\/Parcelas-Guairabo-en-venta-Punta-Arenas.webp","type":"","width":"","height":""}],"twitter_card":"summary_large_image","twitter_misc":{"Price":"USD120.700,00","Availability":"In stock"},"schema":{"@context":"https:\/\/schema.org","@graph":[{"@type":"WebPage","@id":"https:\/\/produncan.cl\/de\/produkt\/parcelas-guairabo-punta-arenas-region-magallanes\/","url":"https:\/\/produncan.cl\/de\/produkt\/parcelas-guairabo-punta-arenas-region-magallanes\/","name":"Grundst\u00fccke in Punta Arenas, Guairabo - Region Magallanes - Produncan","isPartOf":{"@id":"https:\/\/produncan.cl\/de\/#website"},"primaryImageOfPage":{"@id":"https:\/\/produncan.cl\/de\/produkt\/parcelas-guairabo-punta-arenas-region-magallanes\/#primaryimage"},"image":{"@id":"https:\/\/produncan.cl\/de\/produkt\/parcelas-guairabo-punta-arenas-region-magallanes\/#primaryimage"},"thumbnailUrl":"https:\/\/produncan.cl\/wp-content\/uploads\/2024\/12\/Parcelas-Guairabo-en-venta-Punta-Arenas.webp","datePublished":"2024-12-02T22:09:37+00:00","dateModified":"2025-11-24T16:52:50+00:00","description":"Grundst\u00fccke in Strandn\u00e4he in Punta Arenas, ab 6.799 m\u00b2, mit gepflastertem Zugang, N\u00e4he zu Sehensw\u00fcrdigkeiten und grundlegenden Dienstleistungen.","breadcrumb":{"@id":"https:\/\/produncan.cl\/de\/produkt\/parcelas-guairabo-punta-arenas-region-magallanes\/#breadcrumb"},"inLanguage":"de-DE","potentialAction":[{"@type":"ReadAction","target":["https:\/\/produncan.cl\/de\/produkt\/parcelas-guairabo-punta-arenas-region-magallanes\/"]}]},{"@type":"ImageObject","inLanguage":"de-DE","@id":"https:\/\/produncan.cl\/de\/produkt\/parcelas-guairabo-punta-arenas-region-magallanes\/#primaryimage","url":"https:\/\/produncan.cl\/wp-content\/uploads\/2024\/12\/Parcelas-Guairabo-en-venta-Punta-Arenas.webp","contentUrl":"https:\/\/produncan.cl\/wp-content\/uploads\/2024\/12\/Parcelas-Guairabo-en-venta-Punta-Arenas.webp","width":600,"height":450,"caption":"Guairabo Grundst\u00fcck zum Verkauf Punta Arenas"},{"@type":"BreadcrumbList","@id":"https:\/\/produncan.cl\/de\/produkt\/parcelas-guairabo-punta-arenas-region-magallanes\/#breadcrumb","itemListElement":[{"@type":"ListItem","position":1,"name":"Inicio","item":"https:\/\/produncan.cl\/de\/"},{"@type":"ListItem","position":2,"name":"Eigenschaften","item":"https:\/\/produncan.cl\/propiedades\/"},{"@type":"ListItem","position":3,"name":"Grundst\u00fccke","item":"https:\/\/produncan.cl\/de\/kategorie\/grundstuecke\/"},{"@type":"ListItem","position":4,"name":"Grundst\u00fccke in Punta Arenas, Guairabo &#8211; Region Magallanes"}]},{"@type":"WebSite","@id":"https:\/\/produncan.cl\/de\/#website","url":"https:\/\/produncan.cl\/de\/","name":"Produncan","description":"Wir begleiten Sie bei Ihrem Lebensprojekt!","publisher":{"@id":"https:\/\/produncan.cl\/de\/#organization"},"potentialAction":[{"@type":"SearchAction","target":{"@type":"EntryPoint","urlTemplate":"https:\/\/produncan.cl\/de\/?s={search_term_string}"},"query-input":{"@type":"PropertyValueSpecification","valueRequired":true,"valueName":"search_term_string"}}],"inLanguage":"de-DE"},{"@type":"Organization","@id":"https:\/\/produncan.cl\/de\/#organization","name":"Produncan","url":"https:\/\/produncan.cl\/de\/","logo":{"@type":"ImageObject","inLanguage":"de-DE","@id":"https:\/\/produncan.cl\/de\/#\/schema\/logo\/image\/","url":"https:\/\/produncan.cl\/wp-content\/uploads\/2021\/03\/LOGO.jpeg","contentUrl":"https:\/\/produncan.cl\/wp-content\/uploads\/2021\/03\/LOGO.jpeg","width":1280,"height":903,"caption":"Produncan"},"image":{"@id":"https:\/\/produncan.cl\/de\/#\/schema\/logo\/image\/"},"sameAs":["https:\/\/web.facebook.com\/produncanland","https:\/\/www.instagram.com\/pro_duncan\/","https:\/\/www.linkedin.com\/company\/produncan-lands\/","https:\/\/www.youtube.com\/channel\/UCu7N-f3x0svkazD-Eew1-QQ"],"description":"En Produncan somos especialistas en la venta de terrenos en el sur de Chile. Proveemos estancias, campos, parcelas y hoteles.","email":"info@produncan.cl"}]},"og_video":"https:\/\/www.youtube.com\/embed\/cHImwvMT6WU","og_video_type":"text\/html","og_video_duration":"70","og_video_width":"480","og_video_height":"270","ya_ovs_adult":"false","ya_ovs_upload_date":"2024-12-02T22:09:37+00:00","ya_ovs_allow_embed":"true","product_price_amount":"120700.00","product_price_currency":"USD","og_availability":"instock","product_availability":"instock","product_condition":"new"},"_links":{"self":[{"href":"https:\/\/produncan.cl\/de\/wp-json\/wp\/v2\/product\/36594","targetHints":{"allow":["GET"]}}],"collection":[{"href":"https:\/\/produncan.cl\/de\/wp-json\/wp\/v2\/product"}],"about":[{"href":"https:\/\/produncan.cl\/de\/wp-json\/wp\/v2\/types\/product"}],"version-history":[{"count":2,"href":"https:\/\/produncan.cl\/de\/wp-json\/wp\/v2\/product\/36594\/revisions"}],"predecessor-version":[{"id":52389,"href":"https:\/\/produncan.cl\/de\/wp-json\/wp\/v2\/product\/36594\/revisions\/52389"}],"wp:featuredmedia":[{"embeddable":true,"href":"https:\/\/produncan.cl\/de\/wp-json\/wp\/v2\/media\/36388"}],"wp:attachment":[{"href":"https:\/\/produncan.cl\/de\/wp-json\/wp\/v2\/media?parent=36594"}],"wp:term":[{"taxonomy":"product_brand","embeddable":true,"href":"https:\/\/produncan.cl\/de\/wp-json\/wp\/v2\/product_brand?post=36594"},{"taxonomy":"product_cat","embeddable":true,"href":"https:\/\/produncan.cl\/de\/wp-json\/wp\/v2\/product_cat?post=36594"},{"taxonomy":"product_tag","embeddable":true,"href":"https:\/\/produncan.cl\/de\/wp-json\/wp\/v2\/product_tag?post=36594"},{"taxonomy":"regiones","embeddable":true,"href":"https:\/\/produncan.cl\/de\/wp-json\/wp\/v2\/regiones?post=36594"},{"taxonomy":"ciudades","embeddable":true,"href":"https:\/\/produncan.cl\/de\/wp-json\/wp\/v2\/ciudades?post=36594"}],"curies":[{"name":"wp","href":"https:\/\/api.w.org\/{rel}","templated":true}]}}