{"id":36596,"date":"2024-12-04T11:37:08","date_gmt":"2024-12-04T14:37:08","guid":{"rendered":"https:\/\/produncan.cl\/producto\/grundstueck-ahinco-pargua-region-los-lagos\/"},"modified":"2025-08-18T17:14:59","modified_gmt":"2025-08-18T21:14:59","slug":"grundstueck-ahinco-pargua-region-los-lagos","status":"publish","type":"product","link":"https:\/\/produncan.cl\/de\/produkt\/grundstueck-ahinco-pargua-region-los-lagos\/","title":{"rendered":"Grundst\u00fcck in Pargua, Ahinco &#8211; Puerto Montt &#8211; Seengebiet"},"content":{"rendered":"\t\t<div data-elementor-type=\"product-post\" data-elementor-id=\"36596\" class=\"elementor elementor-36596 elementor-36461\" data-elementor-post-type=\"product\">\n\t\t\t\t<div class=\"elementor-element elementor-element-a375014 e-flex e-con-boxed e-con e-parent\" data-id=\"a375014\" data-element_type=\"container\" data-e-type=\"container\" data-settings=\"{&quot;jet_parallax_layout_list&quot;:[]}\">\n\t\t\t\t\t<div class=\"e-con-inner\">\n\t\t\t\t<div class=\"elementor-element elementor-element-44e37c1 elementor-widget elementor-widget-heading\" data-id=\"44e37c1\" data-element_type=\"widget\" data-e-type=\"widget\" data-widget_type=\"heading.default\">\n\t\t\t\t\t<h2 class=\"elementor-heading-title elementor-size-default\">Ihr idealer Platz f\u00fcr den direkten Zugang zu Chilo\u00e9 und Puerto Montt<\/h2>\t\t\t\t<\/div>\n\t\t\t\t\t<\/div>\n\t\t\t\t<\/div>\n\t\t<div class=\"elementor-element elementor-element-2653080 e-flex e-con-boxed e-con e-parent\" data-id=\"2653080\" data-element_type=\"container\" data-e-type=\"container\" data-settings=\"{&quot;jet_parallax_layout_list&quot;:[]}\">\n\t\t\t\t\t<div class=\"e-con-inner\">\n\t\t\t\t<div class=\"elementor-element elementor-element-520e2c2 elementor-widget elementor-widget-text-editor\" data-id=\"520e2c2\" data-element_type=\"widget\" data-e-type=\"widget\" data-widget_type=\"text-editor.default\">\n\t\t\t\t\t\t\t\t\t<p>Dieses Grundst\u00fcck in Pargua, Gemeinde Puerto Montt, liegt 6 km vom Dorf Pargua, Gemeinde Calbuco, entfernt. Dieses Grundst\u00fcck von 5.000 m\u00b2, das direkt an die Stra\u00dfe grenzt, bietet die perfekte Balance zwischen Komfort, Zug\u00e4nglichkeit und nat\u00fcrlicher Sch\u00f6nheit. Mit seiner flachen Topographie ist es ideal, um ein touristisches oder kommerzielles Projekt zu entwickeln oder einfach ein ruhiges Leben in der N\u00e4he von Puerto Montt, Chilo\u00e9 und Carelmapu zu genie\u00dfen. <\/p>\n<p><b>Hauptmerkmale:<\/b><\/p>\n<p>Infrastruktur: Zinkverkleidetes Holzhaus mit 3 Schlafzimmern, Bad und Grillplatz.<\/p>\n<p>Grundversorgung: Einphasige Stromversorgung auf dem Grundst\u00fcck und dreiphasige Stromversorgung entlang der angrenzenden Stra\u00dfe sowie l\u00e4ndliche Trinkwasserversorgung (APR).<\/p>\n<p>Strategische Lage: Nur 62 km vom Flughafen El Tepual (45 Minuten) und 6 km vom Kanal von Chacao und der Stadt Pargua entfernt.<\/p>\n<p>Verkehrsanbindung: Gepflasterte Stra\u00dfe zum Eingang und \u00f6ffentliche Verkehrsmittel vorhanden.<\/p>\n<p>Nat\u00fcrliche Umgebung: \u00dcberwiegend eine Wiese mit einem kleinen einheimischen Renovierungswald, sehr gute Sonneneinstrahlung und eine Umz\u00e4unung mit einem Eingangstor.<\/p>\n<p>Attraktionen in der N\u00e4he:<\/p>\n<p>Genie\u00dfen Sie die Bucht von Pargua, den Chacao-Kanal, Chilo\u00e9, Carelmapu und den Strand von Astillero Bajo &#8211; ein perfekter Ort f\u00fcr Entspannung und Abenteuer.<\/p>\n<p>F\u00fcr $60.000.000 ist dieses Grundst\u00fcck eine einmalige Gelegenheit f\u00fcr diejenigen, die einen privilegierten Platz in der Region Los Lagos suchen.<\/p>\n<p>Kontaktieren Sie uns und machen Sie es zu Ihrem!<\/p>\t\t\t\t\t\t\t\t<\/div>\n\t\t\t\t\t<\/div>\n\t\t\t\t<\/div>\n\t\t\t\t<\/div>\n\t\t","protected":false},"excerpt":{"rendered":"<p>Grundst\u00fcck in Pargua an geteerter Stra\u00dfe, in der N\u00e4he des Kanals von Chacao. Mit Haus, dreiphasigen Strom, l\u00e4ndliche Trinkwasser (APR), meist Wiese und flache Topographie. Perfekt, um zwischen Puerto Montt und Chilo\u00e9 zu bewegen.  <\/p>\n","protected":false},"featured_media":54358,"template":"","meta":{"_acf_changed":false},"product_brand":[],"product_cat":[104],"product_tag":[232],"regiones":[226],"ciudades":[212,218],"class_list":{"0":"post-36596","1":"product","2":"type-product","3":"status-publish","4":"has-post-thumbnail","6":"product_cat-ohiggins-los-lagos","7":"product_tag-grundstuecke","8":"regiones-nuble-los_lagos","9":"ciudades-ancud","10":"ciudades-puerto-montt","12":"first","13":"outofstock","14":"shipping-taxable","15":"product-type-simple"},"acf":[],"yoast_head":"<!-- This site is optimized with the Yoast SEO Premium plugin v26.0 (Yoast SEO v27.3) - https:\/\/yoast.com\/product\/yoast-seo-premium-wordpress\/ -->\n<title>Grundst\u00fcck in Pargua, Ahinco - Puerto Montt - Seengebiet - Produncan<\/title>\n<meta name=\"description\" content=\"Grundst\u00fcck in Pargua an asphaltierter Stra\u00dfe in der N\u00e4he des Kanals von Chacao, mit Haus, ein- und dreiphasigem Strom, l\u00e4ndlichem Trinkwasser (APR) und flacher Topographie.\" \/>\n<meta name=\"robots\" content=\"index, follow, max-snippet:-1, max-image-preview:large, max-video-preview:-1\" \/>\n<link rel=\"canonical\" href=\"https:\/\/produncan.cl\/de\/produkt\/grundstueck-ahinco-pargua-region-los-lagos\/\" \/>\n<meta property=\"og:locale\" content=\"de_DE\" \/>\n<meta property=\"og:type\" content=\"article\" \/>\n<meta property=\"og:title\" content=\"Grundst\u00fcck in Pargua, Ahinco - Puerto Montt - Seengebiet\" \/>\n<meta property=\"og:description\" content=\"Grundst\u00fcck an asphaltierter Stra\u00dfe in der N\u00e4he des Kanals von Chacao, mit Haus, Einphasen- und Dreiphasenstrom, l\u00e4ndliches Trinkwasser (APR), \u00fcberwiegend Wiese und flache Topographie. Der perfekte Ort f\u00fcr Ihren Umzug zwischen Puerto Montt und Chilo\u00e9.\" \/>\n<meta property=\"og:url\" content=\"https:\/\/produncan.cl\/de\/produkt\/grundstueck-ahinco-pargua-region-los-lagos\/\" \/>\n<meta property=\"og:site_name\" content=\"Produncan\" \/>\n<meta property=\"article:publisher\" content=\"https:\/\/web.facebook.com\/produncanland\" \/>\n<meta property=\"article:modified_time\" content=\"2025-08-18T21:14:59+00:00\" \/>\n<meta property=\"og:image\" content=\"https:\/\/produncan.cl\/wp-content\/uploads\/2024\/12\/Parcela-Ahinco-Pargua-en-venta.webp\" \/>\n<meta name=\"twitter:card\" content=\"summary_large_image\" \/>\n<meta name=\"twitter:label1\" content=\"Price\" \/>\n\t<meta name=\"twitter:data1\" content=\"\" \/>\n\t<meta name=\"twitter:label2\" content=\"Availability\" \/>\n\t<meta name=\"twitter:data2\" content=\"Out of stock\" \/>\n<script type=\"application\/ld+json\" class=\"yoast-schema-graph\">{\"@context\":\"https:\\\/\\\/schema.org\",\"@graph\":[{\"@type\":\"WebPage\",\"@id\":\"https:\\\/\\\/produncan.cl\\\/de\\\/produkt\\\/grundstueck-ahinco-pargua-region-los-lagos\\\/\",\"url\":\"https:\\\/\\\/produncan.cl\\\/de\\\/produkt\\\/grundstueck-ahinco-pargua-region-los-lagos\\\/\",\"name\":\"Grundst\u00fcck in Pargua, Ahinco - Puerto Montt - Seengebiet - Produncan\",\"isPartOf\":{\"@id\":\"https:\\\/\\\/produncan.cl\\\/de\\\/#website\"},\"primaryImageOfPage\":{\"@id\":\"https:\\\/\\\/produncan.cl\\\/de\\\/produkt\\\/grundstueck-ahinco-pargua-region-los-lagos\\\/#primaryimage\"},\"image\":{\"@id\":\"https:\\\/\\\/produncan.cl\\\/de\\\/produkt\\\/grundstueck-ahinco-pargua-region-los-lagos\\\/#primaryimage\"},\"thumbnailUrl\":\"https:\\\/\\\/produncan.cl\\\/wp-content\\\/uploads\\\/2024\\\/12\\\/Parcela-Ahinco-vendida.webp\",\"datePublished\":\"2024-12-04T14:37:08+00:00\",\"dateModified\":\"2025-08-18T21:14:59+00:00\",\"description\":\"Grundst\u00fcck in Pargua an asphaltierter Stra\u00dfe in der N\u00e4he des Kanals von Chacao, mit Haus, ein- und dreiphasigem Strom, l\u00e4ndlichem Trinkwasser (APR) und flacher Topographie.\",\"breadcrumb\":{\"@id\":\"https:\\\/\\\/produncan.cl\\\/de\\\/produkt\\\/grundstueck-ahinco-pargua-region-los-lagos\\\/#breadcrumb\"},\"inLanguage\":\"de-DE\",\"potentialAction\":[{\"@type\":\"ReadAction\",\"target\":[\"https:\\\/\\\/produncan.cl\\\/de\\\/produkt\\\/grundstueck-ahinco-pargua-region-los-lagos\\\/\"]}]},{\"@type\":\"ImageObject\",\"inLanguage\":\"de-DE\",\"@id\":\"https:\\\/\\\/produncan.cl\\\/de\\\/produkt\\\/grundstueck-ahinco-pargua-region-los-lagos\\\/#primaryimage\",\"url\":\"https:\\\/\\\/produncan.cl\\\/wp-content\\\/uploads\\\/2024\\\/12\\\/Parcela-Ahinco-vendida.webp\",\"contentUrl\":\"https:\\\/\\\/produncan.cl\\\/wp-content\\\/uploads\\\/2024\\\/12\\\/Parcela-Ahinco-vendida.webp\",\"width\":600,\"height\":450,\"caption\":\"Parcela Ahinco vendida\"},{\"@type\":\"BreadcrumbList\",\"@id\":\"https:\\\/\\\/produncan.cl\\\/de\\\/produkt\\\/grundstueck-ahinco-pargua-region-los-lagos\\\/#breadcrumb\",\"itemListElement\":[{\"@type\":\"ListItem\",\"position\":1,\"name\":\"Inicio\",\"item\":\"https:\\\/\\\/produncan.cl\\\/de\\\/\"},{\"@type\":\"ListItem\",\"position\":2,\"name\":\"Eigenschaften\",\"item\":\"https:\\\/\\\/produncan.cl\\\/propiedades\\\/\"},{\"@type\":\"ListItem\",\"position\":3,\"name\":\"Grundst\u00fccke\",\"item\":\"https:\\\/\\\/produncan.cl\\\/de\\\/kategorie\\\/grundstuecke\\\/\"},{\"@type\":\"ListItem\",\"position\":4,\"name\":\"Grundst\u00fcck in Pargua, Ahinco &#8211; Puerto Montt &#8211; Seengebiet\"}]},{\"@type\":\"WebSite\",\"@id\":\"https:\\\/\\\/produncan.cl\\\/de\\\/#website\",\"url\":\"https:\\\/\\\/produncan.cl\\\/de\\\/\",\"name\":\"Produncan\",\"description\":\"Wir begleiten Sie bei Ihrem Lebensprojekt!\",\"publisher\":{\"@id\":\"https:\\\/\\\/produncan.cl\\\/de\\\/#organization\"},\"potentialAction\":[{\"@type\":\"SearchAction\",\"target\":{\"@type\":\"EntryPoint\",\"urlTemplate\":\"https:\\\/\\\/produncan.cl\\\/de\\\/?s={search_term_string}\"},\"query-input\":{\"@type\":\"PropertyValueSpecification\",\"valueRequired\":true,\"valueName\":\"search_term_string\"}}],\"inLanguage\":\"de-DE\"},{\"@type\":\"Organization\",\"@id\":\"https:\\\/\\\/produncan.cl\\\/de\\\/#organization\",\"name\":\"Produncan\",\"url\":\"https:\\\/\\\/produncan.cl\\\/de\\\/\",\"logo\":{\"@type\":\"ImageObject\",\"inLanguage\":\"de-DE\",\"@id\":\"https:\\\/\\\/produncan.cl\\\/de\\\/#\\\/schema\\\/logo\\\/image\\\/\",\"url\":\"https:\\\/\\\/produncan.cl\\\/wp-content\\\/uploads\\\/2021\\\/03\\\/LOGO.jpeg\",\"contentUrl\":\"https:\\\/\\\/produncan.cl\\\/wp-content\\\/uploads\\\/2021\\\/03\\\/LOGO.jpeg\",\"width\":1280,\"height\":903,\"caption\":\"Produncan\"},\"image\":{\"@id\":\"https:\\\/\\\/produncan.cl\\\/de\\\/#\\\/schema\\\/logo\\\/image\\\/\"},\"sameAs\":[\"https:\\\/\\\/web.facebook.com\\\/produncanland\",\"https:\\\/\\\/www.instagram.com\\\/pro_duncan\\\/\",\"https:\\\/\\\/www.linkedin.com\\\/company\\\/produncan-lands\\\/\",\"https:\\\/\\\/www.youtube.com\\\/channel\\\/UCu7N-f3x0svkazD-Eew1-QQ\"],\"description\":\"En Produncan somos especialistas en la venta de terrenos en el sur de Chile. Proveemos estancias, campos, parcelas y hoteles.\",\"email\":\"info@produncan.cl\"}]}<\/script>\n<meta property=\"og:video\" content=\"https:\/\/www.youtube.com\/embed\/RUVeNQZyE6o\" \/>\n<meta property=\"og:video:type\" content=\"text\/html\" \/>\n<meta property=\"og:video:duration\" content=\"76\" \/>\n<meta property=\"og:video:width\" content=\"480\" \/>\n<meta property=\"og:video:height\" content=\"270\" \/>\n<meta property=\"ya:ovs:adult\" content=\"false\" \/>\n<meta property=\"ya:ovs:upload_date\" content=\"2024-12-04T14:37:08+00:00\" \/>\n<meta property=\"ya:ovs:allow_embed\" content=\"true\" \/>\n<meta property=\"product:price:currency\" content=\"USD\" \/>\n<meta property=\"og:availability\" content=\"out of stock\" \/>\n<meta property=\"product:availability\" content=\"out of stock\" \/>\n<meta property=\"product:condition\" content=\"new\" \/>\n<!-- \/ Yoast SEO Premium plugin. -->","yoast_head_json":{"title":"Grundst\u00fcck in Pargua, Ahinco - Puerto Montt - Seengebiet - Produncan","description":"Grundst\u00fcck in Pargua an asphaltierter Stra\u00dfe in der N\u00e4he des Kanals von Chacao, mit Haus, ein- und dreiphasigem Strom, l\u00e4ndlichem Trinkwasser (APR) und flacher Topographie.","robots":{"index":"index","follow":"follow","max-snippet":"max-snippet:-1","max-image-preview":"max-image-preview:large","max-video-preview":"max-video-preview:-1"},"canonical":"https:\/\/produncan.cl\/de\/produkt\/grundstueck-ahinco-pargua-region-los-lagos\/","og_locale":"de_DE","og_type":"article","og_title":"Grundst\u00fcck in Pargua, Ahinco - Puerto Montt - Seengebiet","og_description":"Grundst\u00fcck an asphaltierter Stra\u00dfe in der N\u00e4he des Kanals von Chacao, mit Haus, Einphasen- und Dreiphasenstrom, l\u00e4ndliches Trinkwasser (APR), \u00fcberwiegend Wiese und flache Topographie. Der perfekte Ort f\u00fcr Ihren Umzug zwischen Puerto Montt und Chilo\u00e9.","og_url":"https:\/\/produncan.cl\/de\/produkt\/grundstueck-ahinco-pargua-region-los-lagos\/","og_site_name":"Produncan","article_publisher":"https:\/\/web.facebook.com\/produncanland","article_modified_time":"2025-08-18T21:14:59+00:00","og_image":[{"url":"https:\/\/produncan.cl\/wp-content\/uploads\/2024\/12\/Parcela-Ahinco-Pargua-en-venta.webp","type":"","width":"","height":""}],"twitter_card":"summary_large_image","twitter_misc":{"Price":"","Availability":"Out of stock"},"schema":{"@context":"https:\/\/schema.org","@graph":[{"@type":"WebPage","@id":"https:\/\/produncan.cl\/de\/produkt\/grundstueck-ahinco-pargua-region-los-lagos\/","url":"https:\/\/produncan.cl\/de\/produkt\/grundstueck-ahinco-pargua-region-los-lagos\/","name":"Grundst\u00fcck in Pargua, Ahinco - Puerto Montt - Seengebiet - Produncan","isPartOf":{"@id":"https:\/\/produncan.cl\/de\/#website"},"primaryImageOfPage":{"@id":"https:\/\/produncan.cl\/de\/produkt\/grundstueck-ahinco-pargua-region-los-lagos\/#primaryimage"},"image":{"@id":"https:\/\/produncan.cl\/de\/produkt\/grundstueck-ahinco-pargua-region-los-lagos\/#primaryimage"},"thumbnailUrl":"https:\/\/produncan.cl\/wp-content\/uploads\/2024\/12\/Parcela-Ahinco-vendida.webp","datePublished":"2024-12-04T14:37:08+00:00","dateModified":"2025-08-18T21:14:59+00:00","description":"Grundst\u00fcck in Pargua an asphaltierter Stra\u00dfe in der N\u00e4he des Kanals von Chacao, mit Haus, ein- und dreiphasigem Strom, l\u00e4ndlichem Trinkwasser (APR) und flacher Topographie.","breadcrumb":{"@id":"https:\/\/produncan.cl\/de\/produkt\/grundstueck-ahinco-pargua-region-los-lagos\/#breadcrumb"},"inLanguage":"de-DE","potentialAction":[{"@type":"ReadAction","target":["https:\/\/produncan.cl\/de\/produkt\/grundstueck-ahinco-pargua-region-los-lagos\/"]}]},{"@type":"ImageObject","inLanguage":"de-DE","@id":"https:\/\/produncan.cl\/de\/produkt\/grundstueck-ahinco-pargua-region-los-lagos\/#primaryimage","url":"https:\/\/produncan.cl\/wp-content\/uploads\/2024\/12\/Parcela-Ahinco-vendida.webp","contentUrl":"https:\/\/produncan.cl\/wp-content\/uploads\/2024\/12\/Parcela-Ahinco-vendida.webp","width":600,"height":450,"caption":"Parcela Ahinco vendida"},{"@type":"BreadcrumbList","@id":"https:\/\/produncan.cl\/de\/produkt\/grundstueck-ahinco-pargua-region-los-lagos\/#breadcrumb","itemListElement":[{"@type":"ListItem","position":1,"name":"Inicio","item":"https:\/\/produncan.cl\/de\/"},{"@type":"ListItem","position":2,"name":"Eigenschaften","item":"https:\/\/produncan.cl\/propiedades\/"},{"@type":"ListItem","position":3,"name":"Grundst\u00fccke","item":"https:\/\/produncan.cl\/de\/kategorie\/grundstuecke\/"},{"@type":"ListItem","position":4,"name":"Grundst\u00fcck in Pargua, Ahinco &#8211; Puerto Montt &#8211; Seengebiet"}]},{"@type":"WebSite","@id":"https:\/\/produncan.cl\/de\/#website","url":"https:\/\/produncan.cl\/de\/","name":"Produncan","description":"Wir begleiten Sie bei Ihrem Lebensprojekt!","publisher":{"@id":"https:\/\/produncan.cl\/de\/#organization"},"potentialAction":[{"@type":"SearchAction","target":{"@type":"EntryPoint","urlTemplate":"https:\/\/produncan.cl\/de\/?s={search_term_string}"},"query-input":{"@type":"PropertyValueSpecification","valueRequired":true,"valueName":"search_term_string"}}],"inLanguage":"de-DE"},{"@type":"Organization","@id":"https:\/\/produncan.cl\/de\/#organization","name":"Produncan","url":"https:\/\/produncan.cl\/de\/","logo":{"@type":"ImageObject","inLanguage":"de-DE","@id":"https:\/\/produncan.cl\/de\/#\/schema\/logo\/image\/","url":"https:\/\/produncan.cl\/wp-content\/uploads\/2021\/03\/LOGO.jpeg","contentUrl":"https:\/\/produncan.cl\/wp-content\/uploads\/2021\/03\/LOGO.jpeg","width":1280,"height":903,"caption":"Produncan"},"image":{"@id":"https:\/\/produncan.cl\/de\/#\/schema\/logo\/image\/"},"sameAs":["https:\/\/web.facebook.com\/produncanland","https:\/\/www.instagram.com\/pro_duncan\/","https:\/\/www.linkedin.com\/company\/produncan-lands\/","https:\/\/www.youtube.com\/channel\/UCu7N-f3x0svkazD-Eew1-QQ"],"description":"En Produncan somos especialistas en la venta de terrenos en el sur de Chile. Proveemos estancias, campos, parcelas y hoteles.","email":"info@produncan.cl"}]},"og_video":"https:\/\/www.youtube.com\/embed\/RUVeNQZyE6o","og_video_type":"text\/html","og_video_duration":"76","og_video_width":"480","og_video_height":"270","ya_ovs_adult":"false","ya_ovs_upload_date":"2024-12-04T14:37:08+00:00","ya_ovs_allow_embed":"true","product_price_currency":"USD","og_availability":"out of stock","product_availability":"out of stock","product_condition":"new"},"_links":{"self":[{"href":"https:\/\/produncan.cl\/de\/wp-json\/wp\/v2\/product\/36596","targetHints":{"allow":["GET"]}}],"collection":[{"href":"https:\/\/produncan.cl\/de\/wp-json\/wp\/v2\/product"}],"about":[{"href":"https:\/\/produncan.cl\/de\/wp-json\/wp\/v2\/types\/product"}],"version-history":[{"count":0,"href":"https:\/\/produncan.cl\/de\/wp-json\/wp\/v2\/product\/36596\/revisions"}],"wp:featuredmedia":[{"embeddable":true,"href":"https:\/\/produncan.cl\/de\/wp-json\/wp\/v2\/media\/54358"}],"wp:attachment":[{"href":"https:\/\/produncan.cl\/de\/wp-json\/wp\/v2\/media?parent=36596"}],"wp:term":[{"taxonomy":"product_brand","embeddable":true,"href":"https:\/\/produncan.cl\/de\/wp-json\/wp\/v2\/product_brand?post=36596"},{"taxonomy":"product_cat","embeddable":true,"href":"https:\/\/produncan.cl\/de\/wp-json\/wp\/v2\/product_cat?post=36596"},{"taxonomy":"product_tag","embeddable":true,"href":"https:\/\/produncan.cl\/de\/wp-json\/wp\/v2\/product_tag?post=36596"},{"taxonomy":"regiones","embeddable":true,"href":"https:\/\/produncan.cl\/de\/wp-json\/wp\/v2\/regiones?post=36596"},{"taxonomy":"ciudades","embeddable":true,"href":"https:\/\/produncan.cl\/de\/wp-json\/wp\/v2\/ciudades?post=36596"}],"curies":[{"name":"wp","href":"https:\/\/api.w.org\/{rel}","templated":true}]}}