{"id":36604,"date":"2024-11-27T17:55:02","date_gmt":"2024-11-27T20:55:02","guid":{"rendered":"https:\/\/produncan.cl\/producto\/campingplaetze-el-guardian-los-muermos\/"},"modified":"2025-12-26T17:20:43","modified_gmt":"2025-12-26T20:20:43","slug":"campingplaetze-el-guardian-los-muermos","status":"publish","type":"product","link":"https:\/\/produncan.cl\/de\/produkt\/campingplaetze-el-guardian-los-muermos\/","title":{"rendered":"Campingpl\u00e4tze El Guardi\u00e1n &#8211; Los Muermos"},"content":{"rendered":"\t\t<div data-elementor-type=\"product-post\" data-elementor-id=\"36604\" class=\"elementor elementor-36604 elementor-36285\" data-elementor-post-type=\"product\">\n\t\t\t\t<div class=\"elementor-element elementor-element-2d6abf2 e-flex e-con-boxed e-con e-parent\" data-id=\"2d6abf2\" data-element_type=\"container\" data-e-type=\"container\" data-settings=\"{&quot;jet_parallax_layout_list&quot;:[]}\">\n\t\t\t\t\t<div class=\"e-con-inner\">\n\t\t\t\t<div class=\"elementor-element elementor-element-c212e1b elementor-widget elementor-widget-heading\" data-id=\"c212e1b\" data-element_type=\"widget\" data-e-type=\"widget\" data-widget_type=\"heading.default\">\n\t\t\t\t\t<h2 class=\"elementor-heading-title elementor-size-default\">Ackerland in Los Muermos mit au\u00dfergew\u00f6hnlicher Aussicht, eine Stunde von Puerto Varas entfernt.<\/h2>\t\t\t\t<\/div>\n\t\t\t\t<div class=\"elementor-element elementor-element-2cf68a0 elementor-widget elementor-widget-text-editor\" data-id=\"2cf68a0\" data-element_type=\"widget\" data-e-type=\"widget\" data-widget_type=\"text-editor.default\">\n\t\t\t\t\t\t\t\t\t<p>El Guardi\u00e1n besteht aus zwei zum Verkauf stehenden Grundst\u00fccken von jeweils ca. 8,5 Hektar, die eine Stunde westlich von Puerto Varas liegen. Sie verf\u00fcgen \u00fcber Strom und Wasser und bieten einen au\u00dfergew\u00f6hnlichen Blick auf die chilenische Landschaft, die Vulkane und die Bergkette.<\/p>\n<p>Die Zufahrt erfolgt \u00fcber eine gr\u00f6\u00dftenteils asphaltierte Stra\u00dfe und 6 km Schotterstra\u00dfe in gutem Zustand. Diese Felder in Los Muermos vereinen Privatsph\u00e4re und Natur, bieten H\u00e4nge, einen Fluss, Wiesen und einheimischen Wald, ideal f\u00fcr diejenigen, die ein Refugium mit allem Komfort suchen. <\/p>\n<p>Das Projekt versucht, Kunst und Natur zu vereinen. Mit ihrem auf den Horizont gerichteten Blick, der den Wald besch\u00fctzt, symbolisiert die Skulptur The Guardian die Verbindung der Menschheit mit der Natur und inspiriert uns alle dazu, Besch\u00fctzer unseres heiligen Planeten zu werden. <\/p>\n<p>Das von Benjamin Costabal geschaffene Kunstwerk zeigt eine Person mit ausgestreckten Armen als Symbol f\u00fcr die menschliche Weite und das Mitgef\u00fchl, die unsere h\u00f6chste Natur und unser volles Potenzial widerspiegeln.<\/p>\n<p>Die zum Verkauf stehenden Campitos haben die folgenden Eigenschaften:<\/p>\n<p>Grundst\u00fcck B: 8,67 hat x UF 3.900<\/p>\n<ul>\n<li>Nord-Ost-Ausrichtung<\/li>\n<li>Feuchtgebiet<\/li>\n<li>1,6 Hektar Gr\u00fcnland<\/li>\n<li>6 Hektar einheimischer Wald<\/li>\n<li>600 Meter Flussm\u00fcndung das ganze Jahr \u00fcber<\/li>\n<li>Eine H\u00fctte<\/li>\n<li>Unterteilt in 4 Rollen<\/li>\n<\/ul>\n<div> <\/div>\n<p>Grundst\u00fcck C: 8,4 hat x UF 3.220<\/p>\n<ul>\n<li>S\u00fcdost-Ausrichtung<\/li>\n<li>Sie hat eine Skulptur<\/li>\n<li>2 Hektar Wiese<\/li>\n<li>6,4 Hektar einheimische W\u00e4lder<\/li>\n<li>500 Meter Fluss und M\u00fcndungsgebiet<\/li>\n<li>Aufgeteilt in 3 Rollen<\/li>\n<\/ul>\n<div> <\/div>\n<p>Wir laden Sie ein, diesen magischen Ort zu entdecken, an dem die Privatsph\u00e4re und die Aussicht, die Sie sich schon immer gew\u00fcnscht haben, mit allen notwendigen Dienstleistungen f\u00fcr Ihren Komfort kombiniert werden.<\/p>\n<p>Kontaktieren Sie uns f\u00fcr weitere Informationen und lassen Sie uns Ihnen helfen , Ihre Tr\u00e4ume zu verwirklichen.<\/p>\n\t\t\t\t\t\t\t\t<\/div>\n\t\t\t\t\t<\/div>\n\t\t\t\t<\/div>\n\t\t\t\t<\/div>\n\t\t","protected":false},"excerpt":{"rendered":"<p>Bauernhof in Los Muermos, 1 Stunde von Puerto Varas entfernt. Einheimischen Wald, Fluss, Wiesen mit Blick auf Vulkane und Bergkette. Mit Wasser, Strom und Stra\u00dfen in gutem Zustand. Ideal f\u00fcr ein Projekt, das Kunst und Natur vereinen will.   <\/p>\n","protected":false},"featured_media":36292,"template":"","meta":{"_acf_changed":false},"product_brand":[],"product_cat":[104],"product_tag":[235,232],"regiones":[226],"ciudades":[214,216],"class_list":{"0":"post-36604","1":"product","2":"type-product","3":"status-publish","4":"has-post-thumbnail","6":"product_cat-ohiggins-los-lagos","7":"product_tag-felder","8":"product_tag-grundstuecke","9":"regiones-nuble-los_lagos","10":"ciudades-fresia","11":"ciudades-los-muermos","13":"first","14":"instock","15":"shipping-taxable","16":"purchasable","17":"product-type-simple"},"acf":[],"yoast_head":"<!-- This site is optimized with the Yoast SEO Premium plugin v26.0 (Yoast SEO v27.3) - https:\/\/yoast.com\/product\/yoast-seo-premium-wordpress\/ -->\n<title>Campingpl\u00e4tze El Guardi\u00e1n - Los Muermos - Produncan<\/title>\n<meta name=\"description\" content=\"Campos in Los Muermos, 1 h von Puerto Varas. Mit Wasser, Licht, einheimischen Wald, Wiesen, Fluss und einzigartige Aussicht. Projekt mit Skulptur und nat\u00fcrlicher Verbindung.\" \/>\n<meta name=\"robots\" content=\"index, follow, max-snippet:-1, max-image-preview:large, max-video-preview:-1\" \/>\n<link rel=\"canonical\" href=\"https:\/\/produncan.cl\/de\/produkt\/campingplaetze-el-guardian-los-muermos\/\" \/>\n<meta property=\"og:locale\" content=\"de_DE\" \/>\n<meta property=\"og:type\" content=\"article\" \/>\n<meta property=\"og:title\" content=\"Campingpl\u00e4tze El Guardi\u00e1n - Los Muermos\" \/>\n<meta property=\"og:description\" content=\"Einzigartiges Land 1 Stunde von Puerto Varas entfernt. Einheimischen Wald, Fluss, Wiesen mit Blick auf Vulkane und Bergkette. Mit Wasser, Strom und Stra\u00dfen in gutem Zustand. Ideal f\u00fcr ein Projekt, das Kunst und Natur vereinen will.\" \/>\n<meta property=\"og:url\" content=\"https:\/\/produncan.cl\/de\/produkt\/campingplaetze-el-guardian-los-muermos\/\" \/>\n<meta property=\"og:site_name\" content=\"Produncan\" \/>\n<meta property=\"article:publisher\" content=\"https:\/\/web.facebook.com\/produncanland\" \/>\n<meta property=\"article:modified_time\" content=\"2025-12-26T20:20:43+00:00\" \/>\n<meta property=\"og:image\" content=\"https:\/\/produncan.cl\/wp-content\/uploads\/2024\/11\/Campitos-El-Guardian.webp\" \/>\n<meta name=\"twitter:card\" content=\"summary_large_image\" \/>\n<meta name=\"twitter:label1\" content=\"Price\" \/>\n\t<meta name=\"twitter:data1\" content=\"USD138.100,00\" \/>\n\t<meta name=\"twitter:label2\" content=\"Availability\" \/>\n\t<meta name=\"twitter:data2\" content=\"In stock\" \/>\n<script type=\"application\/ld+json\" class=\"yoast-schema-graph\">{\"@context\":\"https:\\\/\\\/schema.org\",\"@graph\":[{\"@type\":\"WebPage\",\"@id\":\"https:\\\/\\\/produncan.cl\\\/de\\\/produkt\\\/campingplaetze-el-guardian-los-muermos\\\/\",\"url\":\"https:\\\/\\\/produncan.cl\\\/de\\\/produkt\\\/campingplaetze-el-guardian-los-muermos\\\/\",\"name\":\"Campingpl\u00e4tze El Guardi\u00e1n - Los Muermos - Produncan\",\"isPartOf\":{\"@id\":\"https:\\\/\\\/produncan.cl\\\/de\\\/#website\"},\"primaryImageOfPage\":{\"@id\":\"https:\\\/\\\/produncan.cl\\\/de\\\/produkt\\\/campingplaetze-el-guardian-los-muermos\\\/#primaryimage\"},\"image\":{\"@id\":\"https:\\\/\\\/produncan.cl\\\/de\\\/produkt\\\/campingplaetze-el-guardian-los-muermos\\\/#primaryimage\"},\"thumbnailUrl\":\"https:\\\/\\\/produncan.cl\\\/wp-content\\\/uploads\\\/2024\\\/11\\\/Campitos-El-Guardian.webp\",\"datePublished\":\"2024-11-27T20:55:02+00:00\",\"dateModified\":\"2025-12-26T20:20:43+00:00\",\"description\":\"Campos in Los Muermos, 1 h von Puerto Varas. Mit Wasser, Licht, einheimischen Wald, Wiesen, Fluss und einzigartige Aussicht. Projekt mit Skulptur und nat\u00fcrlicher Verbindung.\",\"breadcrumb\":{\"@id\":\"https:\\\/\\\/produncan.cl\\\/de\\\/produkt\\\/campingplaetze-el-guardian-los-muermos\\\/#breadcrumb\"},\"inLanguage\":\"de-DE\",\"potentialAction\":[{\"@type\":\"ReadAction\",\"target\":[\"https:\\\/\\\/produncan.cl\\\/de\\\/produkt\\\/campingplaetze-el-guardian-los-muermos\\\/\"]}]},{\"@type\":\"ImageObject\",\"inLanguage\":\"de-DE\",\"@id\":\"https:\\\/\\\/produncan.cl\\\/de\\\/produkt\\\/campingplaetze-el-guardian-los-muermos\\\/#primaryimage\",\"url\":\"https:\\\/\\\/produncan.cl\\\/wp-content\\\/uploads\\\/2024\\\/11\\\/Campitos-El-Guardian.webp\",\"contentUrl\":\"https:\\\/\\\/produncan.cl\\\/wp-content\\\/uploads\\\/2024\\\/11\\\/Campitos-El-Guardian.webp\",\"width\":600,\"height\":450,\"caption\":\"Campites The Guardian\"},{\"@type\":\"BreadcrumbList\",\"@id\":\"https:\\\/\\\/produncan.cl\\\/de\\\/produkt\\\/campingplaetze-el-guardian-los-muermos\\\/#breadcrumb\",\"itemListElement\":[{\"@type\":\"ListItem\",\"position\":1,\"name\":\"Inicio\",\"item\":\"https:\\\/\\\/produncan.cl\\\/de\\\/\"},{\"@type\":\"ListItem\",\"position\":2,\"name\":\"Eigenschaften\",\"item\":\"https:\\\/\\\/produncan.cl\\\/propiedades\\\/\"},{\"@type\":\"ListItem\",\"position\":3,\"name\":\"Felder\",\"item\":\"https:\\\/\\\/produncan.cl\\\/de\\\/kategorie\\\/felder\\\/\"},{\"@type\":\"ListItem\",\"position\":4,\"name\":\"Campingpl\u00e4tze El Guardi\u00e1n &#8211; Los Muermos\"}]},{\"@type\":\"WebSite\",\"@id\":\"https:\\\/\\\/produncan.cl\\\/de\\\/#website\",\"url\":\"https:\\\/\\\/produncan.cl\\\/de\\\/\",\"name\":\"Produncan\",\"description\":\"Wir begleiten Sie bei Ihrem Lebensprojekt!\",\"publisher\":{\"@id\":\"https:\\\/\\\/produncan.cl\\\/de\\\/#organization\"},\"potentialAction\":[{\"@type\":\"SearchAction\",\"target\":{\"@type\":\"EntryPoint\",\"urlTemplate\":\"https:\\\/\\\/produncan.cl\\\/de\\\/?s={search_term_string}\"},\"query-input\":{\"@type\":\"PropertyValueSpecification\",\"valueRequired\":true,\"valueName\":\"search_term_string\"}}],\"inLanguage\":\"de-DE\"},{\"@type\":\"Organization\",\"@id\":\"https:\\\/\\\/produncan.cl\\\/de\\\/#organization\",\"name\":\"Produncan\",\"url\":\"https:\\\/\\\/produncan.cl\\\/de\\\/\",\"logo\":{\"@type\":\"ImageObject\",\"inLanguage\":\"de-DE\",\"@id\":\"https:\\\/\\\/produncan.cl\\\/de\\\/#\\\/schema\\\/logo\\\/image\\\/\",\"url\":\"https:\\\/\\\/produncan.cl\\\/wp-content\\\/uploads\\\/2021\\\/03\\\/LOGO.jpeg\",\"contentUrl\":\"https:\\\/\\\/produncan.cl\\\/wp-content\\\/uploads\\\/2021\\\/03\\\/LOGO.jpeg\",\"width\":1280,\"height\":903,\"caption\":\"Produncan\"},\"image\":{\"@id\":\"https:\\\/\\\/produncan.cl\\\/de\\\/#\\\/schema\\\/logo\\\/image\\\/\"},\"sameAs\":[\"https:\\\/\\\/web.facebook.com\\\/produncanland\",\"https:\\\/\\\/www.instagram.com\\\/pro_duncan\\\/\",\"https:\\\/\\\/www.linkedin.com\\\/company\\\/produncan-lands\\\/\",\"https:\\\/\\\/www.youtube.com\\\/channel\\\/UCu7N-f3x0svkazD-Eew1-QQ\"],\"description\":\"En Produncan somos especialistas en la venta de terrenos en el sur de Chile. Proveemos estancias, campos, parcelas y hoteles.\",\"email\":\"info@produncan.cl\"}]}<\/script>\n<meta property=\"og:video\" content=\"https:\/\/www.youtube.com\/embed\/DVLN_6VZC7k\" \/>\n<meta property=\"og:video:type\" content=\"text\/html\" \/>\n<meta property=\"og:video:duration\" content=\"93\" \/>\n<meta property=\"og:video:width\" content=\"480\" \/>\n<meta property=\"og:video:height\" content=\"270\" \/>\n<meta property=\"ya:ovs:adult\" content=\"false\" \/>\n<meta property=\"ya:ovs:upload_date\" content=\"2024-11-27T20:55:02+00:00\" \/>\n<meta property=\"ya:ovs:allow_embed\" content=\"true\" \/>\n<meta property=\"product:price:amount\" content=\"138100.00\" \/>\n<meta property=\"product:price:currency\" content=\"USD\" \/>\n<meta property=\"og:availability\" content=\"instock\" \/>\n<meta property=\"product:availability\" content=\"instock\" \/>\n<meta property=\"product:condition\" content=\"new\" \/>\n<!-- \/ Yoast SEO Premium plugin. -->","yoast_head_json":{"title":"Campingpl\u00e4tze El Guardi\u00e1n - Los Muermos - Produncan","description":"Campos in Los Muermos, 1 h von Puerto Varas. Mit Wasser, Licht, einheimischen Wald, Wiesen, Fluss und einzigartige Aussicht. Projekt mit Skulptur und nat\u00fcrlicher Verbindung.","robots":{"index":"index","follow":"follow","max-snippet":"max-snippet:-1","max-image-preview":"max-image-preview:large","max-video-preview":"max-video-preview:-1"},"canonical":"https:\/\/produncan.cl\/de\/produkt\/campingplaetze-el-guardian-los-muermos\/","og_locale":"de_DE","og_type":"article","og_title":"Campingpl\u00e4tze El Guardi\u00e1n - Los Muermos","og_description":"Einzigartiges Land 1 Stunde von Puerto Varas entfernt. Einheimischen Wald, Fluss, Wiesen mit Blick auf Vulkane und Bergkette. Mit Wasser, Strom und Stra\u00dfen in gutem Zustand. Ideal f\u00fcr ein Projekt, das Kunst und Natur vereinen will.","og_url":"https:\/\/produncan.cl\/de\/produkt\/campingplaetze-el-guardian-los-muermos\/","og_site_name":"Produncan","article_publisher":"https:\/\/web.facebook.com\/produncanland","article_modified_time":"2025-12-26T20:20:43+00:00","og_image":[{"url":"https:\/\/produncan.cl\/wp-content\/uploads\/2024\/11\/Campitos-El-Guardian.webp","type":"","width":"","height":""}],"twitter_card":"summary_large_image","twitter_misc":{"Price":"USD138.100,00","Availability":"In stock"},"schema":{"@context":"https:\/\/schema.org","@graph":[{"@type":"WebPage","@id":"https:\/\/produncan.cl\/de\/produkt\/campingplaetze-el-guardian-los-muermos\/","url":"https:\/\/produncan.cl\/de\/produkt\/campingplaetze-el-guardian-los-muermos\/","name":"Campingpl\u00e4tze El Guardi\u00e1n - Los Muermos - Produncan","isPartOf":{"@id":"https:\/\/produncan.cl\/de\/#website"},"primaryImageOfPage":{"@id":"https:\/\/produncan.cl\/de\/produkt\/campingplaetze-el-guardian-los-muermos\/#primaryimage"},"image":{"@id":"https:\/\/produncan.cl\/de\/produkt\/campingplaetze-el-guardian-los-muermos\/#primaryimage"},"thumbnailUrl":"https:\/\/produncan.cl\/wp-content\/uploads\/2024\/11\/Campitos-El-Guardian.webp","datePublished":"2024-11-27T20:55:02+00:00","dateModified":"2025-12-26T20:20:43+00:00","description":"Campos in Los Muermos, 1 h von Puerto Varas. Mit Wasser, Licht, einheimischen Wald, Wiesen, Fluss und einzigartige Aussicht. Projekt mit Skulptur und nat\u00fcrlicher Verbindung.","breadcrumb":{"@id":"https:\/\/produncan.cl\/de\/produkt\/campingplaetze-el-guardian-los-muermos\/#breadcrumb"},"inLanguage":"de-DE","potentialAction":[{"@type":"ReadAction","target":["https:\/\/produncan.cl\/de\/produkt\/campingplaetze-el-guardian-los-muermos\/"]}]},{"@type":"ImageObject","inLanguage":"de-DE","@id":"https:\/\/produncan.cl\/de\/produkt\/campingplaetze-el-guardian-los-muermos\/#primaryimage","url":"https:\/\/produncan.cl\/wp-content\/uploads\/2024\/11\/Campitos-El-Guardian.webp","contentUrl":"https:\/\/produncan.cl\/wp-content\/uploads\/2024\/11\/Campitos-El-Guardian.webp","width":600,"height":450,"caption":"Campites The Guardian"},{"@type":"BreadcrumbList","@id":"https:\/\/produncan.cl\/de\/produkt\/campingplaetze-el-guardian-los-muermos\/#breadcrumb","itemListElement":[{"@type":"ListItem","position":1,"name":"Inicio","item":"https:\/\/produncan.cl\/de\/"},{"@type":"ListItem","position":2,"name":"Eigenschaften","item":"https:\/\/produncan.cl\/propiedades\/"},{"@type":"ListItem","position":3,"name":"Felder","item":"https:\/\/produncan.cl\/de\/kategorie\/felder\/"},{"@type":"ListItem","position":4,"name":"Campingpl\u00e4tze El Guardi\u00e1n &#8211; Los Muermos"}]},{"@type":"WebSite","@id":"https:\/\/produncan.cl\/de\/#website","url":"https:\/\/produncan.cl\/de\/","name":"Produncan","description":"Wir begleiten Sie bei Ihrem Lebensprojekt!","publisher":{"@id":"https:\/\/produncan.cl\/de\/#organization"},"potentialAction":[{"@type":"SearchAction","target":{"@type":"EntryPoint","urlTemplate":"https:\/\/produncan.cl\/de\/?s={search_term_string}"},"query-input":{"@type":"PropertyValueSpecification","valueRequired":true,"valueName":"search_term_string"}}],"inLanguage":"de-DE"},{"@type":"Organization","@id":"https:\/\/produncan.cl\/de\/#organization","name":"Produncan","url":"https:\/\/produncan.cl\/de\/","logo":{"@type":"ImageObject","inLanguage":"de-DE","@id":"https:\/\/produncan.cl\/de\/#\/schema\/logo\/image\/","url":"https:\/\/produncan.cl\/wp-content\/uploads\/2021\/03\/LOGO.jpeg","contentUrl":"https:\/\/produncan.cl\/wp-content\/uploads\/2021\/03\/LOGO.jpeg","width":1280,"height":903,"caption":"Produncan"},"image":{"@id":"https:\/\/produncan.cl\/de\/#\/schema\/logo\/image\/"},"sameAs":["https:\/\/web.facebook.com\/produncanland","https:\/\/www.instagram.com\/pro_duncan\/","https:\/\/www.linkedin.com\/company\/produncan-lands\/","https:\/\/www.youtube.com\/channel\/UCu7N-f3x0svkazD-Eew1-QQ"],"description":"En Produncan somos especialistas en la venta de terrenos en el sur de Chile. Proveemos estancias, campos, parcelas y hoteles.","email":"info@produncan.cl"}]},"og_video":"https:\/\/www.youtube.com\/embed\/DVLN_6VZC7k","og_video_type":"text\/html","og_video_duration":"93","og_video_width":"480","og_video_height":"270","ya_ovs_adult":"false","ya_ovs_upload_date":"2024-11-27T20:55:02+00:00","ya_ovs_allow_embed":"true","product_price_amount":"138100.00","product_price_currency":"USD","og_availability":"instock","product_availability":"instock","product_condition":"new"},"_links":{"self":[{"href":"https:\/\/produncan.cl\/de\/wp-json\/wp\/v2\/product\/36604","targetHints":{"allow":["GET"]}}],"collection":[{"href":"https:\/\/produncan.cl\/de\/wp-json\/wp\/v2\/product"}],"about":[{"href":"https:\/\/produncan.cl\/de\/wp-json\/wp\/v2\/types\/product"}],"version-history":[{"count":3,"href":"https:\/\/produncan.cl\/de\/wp-json\/wp\/v2\/product\/36604\/revisions"}],"predecessor-version":[{"id":54148,"href":"https:\/\/produncan.cl\/de\/wp-json\/wp\/v2\/product\/36604\/revisions\/54148"}],"wp:featuredmedia":[{"embeddable":true,"href":"https:\/\/produncan.cl\/de\/wp-json\/wp\/v2\/media\/36292"}],"wp:attachment":[{"href":"https:\/\/produncan.cl\/de\/wp-json\/wp\/v2\/media?parent=36604"}],"wp:term":[{"taxonomy":"product_brand","embeddable":true,"href":"https:\/\/produncan.cl\/de\/wp-json\/wp\/v2\/product_brand?post=36604"},{"taxonomy":"product_cat","embeddable":true,"href":"https:\/\/produncan.cl\/de\/wp-json\/wp\/v2\/product_cat?post=36604"},{"taxonomy":"product_tag","embeddable":true,"href":"https:\/\/produncan.cl\/de\/wp-json\/wp\/v2\/product_tag?post=36604"},{"taxonomy":"regiones","embeddable":true,"href":"https:\/\/produncan.cl\/de\/wp-json\/wp\/v2\/regiones?post=36604"},{"taxonomy":"ciudades","embeddable":true,"href":"https:\/\/produncan.cl\/de\/wp-json\/wp\/v2\/ciudades?post=36604"}],"curies":[{"name":"wp","href":"https:\/\/api.w.org\/{rel}","templated":true}]}}