{"id":37306,"date":"2024-12-26T15:59:28","date_gmt":"2024-12-26T18:59:28","guid":{"rendered":"https:\/\/produncan.cl\/producto\/makroloten-mar-brava-carelmapu-maullin\/"},"modified":"2026-03-12T12:59:49","modified_gmt":"2026-03-12T15:59:49","slug":"makroloten-mar-brava-carelmapu-maullin","status":"publish","type":"product","link":"https:\/\/produncan.cl\/de\/produkt\/makroloten-mar-brava-carelmapu-maullin\/","title":{"rendered":"Grundst\u00fccke in Carelmapu Mar Brava &#8211; Maull\u00edn &#8211; Region der Seen"},"content":{"rendered":"\t\t<div data-elementor-type=\"product-post\" data-elementor-id=\"37306\" class=\"elementor elementor-37306 elementor-37189\" data-elementor-post-type=\"product\">\n\t\t\t\t<div class=\"elementor-element elementor-element-8e1406b e-flex e-con-boxed e-con e-parent\" data-id=\"8e1406b\" data-element_type=\"container\" data-e-type=\"container\" data-settings=\"{&quot;jet_parallax_layout_list&quot;:[]}\">\n\t\t\t\t\t<div class=\"e-con-inner\">\n\t\t\t\t<div class=\"elementor-element elementor-element-1ad8c3f elementor-widget elementor-widget-heading\" data-id=\"1ad8c3f\" data-element_type=\"widget\" data-e-type=\"widget\" data-widget_type=\"heading.default\">\n\t\t\t\t\t<h2 class=\"elementor-heading-title elementor-size-default\">Ihr Traumplatz direkt am Meer erwartet Sie in Loteo Mar Brava!<\/h2>\t\t\t\t<\/div>\n\t\t\t\t\t<\/div>\n\t\t\t\t<\/div>\n\t\t<div class=\"elementor-element elementor-element-b11ce48 e-flex e-con-boxed e-con e-parent\" data-id=\"b11ce48\" data-element_type=\"container\" data-e-type=\"container\" data-settings=\"{&quot;jet_parallax_layout_list&quot;:[]}\">\n\t\t\t\t\t<div class=\"e-con-inner\">\n\t\t\t\t<div class=\"elementor-element elementor-element-702ba6d elementor-widget elementor-widget-text-editor\" data-id=\"702ba6d\" data-element_type=\"widget\" data-e-type=\"widget\" data-widget_type=\"text-editor.default\">\n\t\t\t\t\t\t\t\t\t<p>Das in der Gemeinde Maull\u00edn gelegene Projekt <span style=\"color: #ff0000;\"><strong><a style=\"color: #ff0000;\" href=\"https:\/\/produncan.cl\/de\/carelmapu-natur-geschichte-und-schoenheit-zwischen-klippen\/\" target=\"_blank\" rel=\"noopener\">Carelmapu<\/a><\/strong><\/span> Mar Brava bietet eine einzigartige Gelegenheit f\u00fcr diejenigen, die einen besonderen Ort in der Region Los Lagos suchen. Dieses exklusive Projekt besteht aus nur 8 Makroparzellen, 4 davon mit 50 Metern Strandl\u00e4nge, umgeben von einer atemberaubenden K\u00fcstenlandschaft, reicher Kolonialgeschichte und einem authentischen kulturellen Umfeld. <\/p><p>Hauptmerkmale:<\/p><p>Erste Linie mit Strandlage: Ab $100.000.000 (Einf\u00fchrungspreis).<\/p><ul><li>Grundst\u00fccke A und B: 14.000 m\u00b2.<\/li><li>Grundst\u00fcck C: 14.600 m\u00b2.<\/li><li>Grundst\u00fcck D: 15.000 m\u00b2.<\/li><\/ul><p>Zweite Zeile: Von $70.000.000.<\/p><ul><li>Grundst\u00fcck E: 27.700 m\u00b2.<\/li><li>Grundst\u00fcck F: 22.300 m\u00b2.<\/li><li>Grundst\u00fcck G: 21.000 m\u00b2.<\/li><li>Grundst\u00fcck H: 19.600 m\u00b2.<\/li><\/ul><p>Warum Loteo Mar Brava w\u00e4hlen?<\/p><ul><li>Verbindung zur Natur: Das Gel\u00e4nde ist flach, umgeben von einheimischer Flora und ein Zufluchtsort f\u00fcr Zugv\u00f6gel wie den Pilpil\u00e9n, den Regenpfeifer und den Kormoran. Sie k\u00f6nnen auch Meeress\u00e4uger wie Wale, Delfine und Seel\u00f6wen beobachten. <\/li><li>Nachhaltigkeit: Jeder Eigent\u00fcmer kann seinen Energiebedarf mit Solarzellen decken und Wasser \u00fcber Brunnen oder Regenwassersammler gewinnen.<\/li><li>Privatsph\u00e4re und Ruhe: Durch die Umz\u00e4unung der 8 Parzellen und die eingetragenen Grunddienstbarkeiten haben Sie Ihren eigenen privaten Bereich in einer einzigartigen nat\u00fcrlichen Umgebung.<\/li><\/ul><p>Strategische N\u00e4he: Nur 1 Stunde und 15 Minuten von Puerto Montt und 30 Minuten von Maull\u00edn entfernt.<\/p><p>Erkunden Sie die Umgebung:<\/p><p>Genie\u00dfen Sie Aktivit\u00e4ten wie Surfen in Carelmapu, Wandern auf den Klippen von Amortajado oder Touren entlang des San Pedro Nolasco Flusses.<\/p><p>Nutzen Sie den Einf\u00fchrungspreis! Verpassen Sie nicht die Gelegenheit, Ihr Strandgrundst\u00fcck an einem der bezauberndsten Orte im S\u00fcden Chiles zu erwerben. F\u00fcr weitere Informationen kontaktieren Sie uns und sichern Sie sich Ihr Grundst\u00fcck in Loteo Mar Brava.  <\/p>\t\t\t\t\t\t\t\t<\/div>\n\t\t\t\t\t<\/div>\n\t\t\t\t<\/div>\n\t\t\t\t<\/div>\n\t\t","protected":false},"excerpt":{"rendered":"<p>Grundst\u00fccke in Carelmapu Mar Brava. 8 Makrogrundst\u00fccke in Meeresn\u00e4he zwischen 1,4 und 2,7 Hektar, vier davon mit 50 Metern Wasserfront in Mar Brava, 10 Minuten von Carelmapu entfernt. 1 Stunde und 15 Minuten s\u00fcdwestlich von Puerto Montt.  <\/p>\n","protected":false},"featured_media":54832,"template":"","meta":{"_acf_changed":false},"product_brand":[],"product_cat":[104],"product_tag":[232,231],"regiones":[226],"ciudades":[446,457,218],"class_list":{"0":"post-37306","1":"product","2":"type-product","3":"status-publish","4":"has-post-thumbnail","6":"product_cat-ohiggins-los-lagos","7":"product_tag-grundstuecke","8":"product_tag-touristische-immobilien","9":"regiones-nuble-los_lagos","10":"ciudades-carelmapu","11":"ciudades-maullin","12":"ciudades-puerto-montt","14":"first","15":"outofstock","16":"shipping-taxable","17":"product-type-simple"},"acf":[],"yoast_head":"<!-- This site is optimized with the Yoast SEO Premium plugin v26.0 (Yoast SEO v27.3) - https:\/\/yoast.com\/product\/yoast-seo-premium-wordpress\/ -->\n<title>Grundst\u00fccke in Carelmapu Mar Brava - Maull\u00edn - Region der Seen - Produncan<\/title>\n<meta name=\"description\" content=\"Loteo Mar Brava in Carelmapu, Maull\u00edn: 8 Makrogrundst\u00fccke von 14.000 m\u00b2, einige mit 50 m Strand. Natur, Privatsph\u00e4re und Meerblick, 1 h 15 min von Puerto Montt entfernt.\" \/>\n<meta name=\"robots\" content=\"index, follow, max-snippet:-1, max-image-preview:large, max-video-preview:-1\" \/>\n<link rel=\"canonical\" href=\"https:\/\/produncan.cl\/de\/produkt\/makroloten-mar-brava-carelmapu-maullin\/\" \/>\n<meta property=\"og:locale\" content=\"de_DE\" \/>\n<meta property=\"og:type\" content=\"article\" \/>\n<meta property=\"og:title\" content=\"Grundst\u00fccke in Carelmapu Mar Brava - Maull\u00edn - Region der Seen\" \/>\n<meta property=\"og:description\" content=\"Loteo Mar Brava in Carelmapu, Maull\u00edn: 8 Makrogrundst\u00fccke von 14.000 m\u00b2, einige mit 50 m Strand. Natur, Privatsph\u00e4re und Meerblick, 1 h 15 min von Puerto Montt entfernt.\" \/>\n<meta property=\"og:url\" content=\"https:\/\/produncan.cl\/de\/produkt\/makroloten-mar-brava-carelmapu-maullin\/\" \/>\n<meta property=\"og:site_name\" content=\"Produncan\" \/>\n<meta property=\"article:publisher\" content=\"https:\/\/web.facebook.com\/produncanland\" \/>\n<meta property=\"article:modified_time\" content=\"2026-03-12T15:59:49+00:00\" \/>\n<meta property=\"og:image\" content=\"https:\/\/produncan.cl\/wp-content\/uploads\/2024\/12\/Mar-Brava-vendido.webp\" \/>\n\t<meta property=\"og:image:width\" content=\"600\" \/>\n\t<meta property=\"og:image:height\" content=\"450\" \/>\n\t<meta property=\"og:image:type\" content=\"image\/webp\" \/>\n<meta name=\"twitter:card\" content=\"summary_large_image\" \/>\n<meta name=\"twitter:label1\" content=\"Price\" \/>\n\t<meta name=\"twitter:data1\" content=\"\" \/>\n\t<meta name=\"twitter:label2\" content=\"Availability\" \/>\n\t<meta name=\"twitter:data2\" content=\"Out of stock\" \/>\n<script type=\"application\/ld+json\" class=\"yoast-schema-graph\">{\"@context\":\"https:\\\/\\\/schema.org\",\"@graph\":[{\"@type\":\"WebPage\",\"@id\":\"https:\\\/\\\/produncan.cl\\\/de\\\/produkt\\\/makroloten-mar-brava-carelmapu-maullin\\\/\",\"url\":\"https:\\\/\\\/produncan.cl\\\/de\\\/produkt\\\/makroloten-mar-brava-carelmapu-maullin\\\/\",\"name\":\"Grundst\u00fccke in Carelmapu Mar Brava - Maull\u00edn - Region der Seen - Produncan\",\"isPartOf\":{\"@id\":\"https:\\\/\\\/produncan.cl\\\/de\\\/#website\"},\"primaryImageOfPage\":{\"@id\":\"https:\\\/\\\/produncan.cl\\\/de\\\/produkt\\\/makroloten-mar-brava-carelmapu-maullin\\\/#primaryimage\"},\"image\":{\"@id\":\"https:\\\/\\\/produncan.cl\\\/de\\\/produkt\\\/makroloten-mar-brava-carelmapu-maullin\\\/#primaryimage\"},\"thumbnailUrl\":\"https:\\\/\\\/produncan.cl\\\/wp-content\\\/uploads\\\/2024\\\/12\\\/Mar-Brava-vendido.webp\",\"datePublished\":\"2024-12-26T18:59:28+00:00\",\"dateModified\":\"2026-03-12T15:59:49+00:00\",\"description\":\"Loteo Mar Brava in Carelmapu, Maull\u00edn: 8 Makrogrundst\u00fccke von 14.000 m\u00b2, einige mit 50 m Strand. Natur, Privatsph\u00e4re und Meerblick, 1 h 15 min von Puerto Montt entfernt.\",\"breadcrumb\":{\"@id\":\"https:\\\/\\\/produncan.cl\\\/de\\\/produkt\\\/makroloten-mar-brava-carelmapu-maullin\\\/#breadcrumb\"},\"inLanguage\":\"de-DE\",\"potentialAction\":[{\"@type\":\"ReadAction\",\"target\":[\"https:\\\/\\\/produncan.cl\\\/de\\\/produkt\\\/makroloten-mar-brava-carelmapu-maullin\\\/\"]}]},{\"@type\":\"ImageObject\",\"inLanguage\":\"de-DE\",\"@id\":\"https:\\\/\\\/produncan.cl\\\/de\\\/produkt\\\/makroloten-mar-brava-carelmapu-maullin\\\/#primaryimage\",\"url\":\"https:\\\/\\\/produncan.cl\\\/wp-content\\\/uploads\\\/2024\\\/12\\\/Mar-Brava-vendido.webp\",\"contentUrl\":\"https:\\\/\\\/produncan.cl\\\/wp-content\\\/uploads\\\/2024\\\/12\\\/Mar-Brava-vendido.webp\",\"width\":600,\"height\":450,\"caption\":\"Mar Brava vendido\"},{\"@type\":\"BreadcrumbList\",\"@id\":\"https:\\\/\\\/produncan.cl\\\/de\\\/produkt\\\/makroloten-mar-brava-carelmapu-maullin\\\/#breadcrumb\",\"itemListElement\":[{\"@type\":\"ListItem\",\"position\":1,\"name\":\"Inicio\",\"item\":\"https:\\\/\\\/produncan.cl\\\/de\\\/\"},{\"@type\":\"ListItem\",\"position\":2,\"name\":\"Eigenschaften\",\"item\":\"https:\\\/\\\/produncan.cl\\\/propiedades\\\/\"},{\"@type\":\"ListItem\",\"position\":3,\"name\":\"Grundst\u00fccke\",\"item\":\"https:\\\/\\\/produncan.cl\\\/de\\\/kategorie\\\/grundstuecke\\\/\"},{\"@type\":\"ListItem\",\"position\":4,\"name\":\"Grundst\u00fccke in Carelmapu Mar Brava &#8211; Maull\u00edn &#8211; Region der Seen\"}]},{\"@type\":\"WebSite\",\"@id\":\"https:\\\/\\\/produncan.cl\\\/de\\\/#website\",\"url\":\"https:\\\/\\\/produncan.cl\\\/de\\\/\",\"name\":\"Produncan\",\"description\":\"Wir begleiten Sie bei Ihrem Lebensprojekt!\",\"publisher\":{\"@id\":\"https:\\\/\\\/produncan.cl\\\/de\\\/#organization\"},\"potentialAction\":[{\"@type\":\"SearchAction\",\"target\":{\"@type\":\"EntryPoint\",\"urlTemplate\":\"https:\\\/\\\/produncan.cl\\\/de\\\/?s={search_term_string}\"},\"query-input\":{\"@type\":\"PropertyValueSpecification\",\"valueRequired\":true,\"valueName\":\"search_term_string\"}}],\"inLanguage\":\"de-DE\"},{\"@type\":\"Organization\",\"@id\":\"https:\\\/\\\/produncan.cl\\\/de\\\/#organization\",\"name\":\"Produncan\",\"url\":\"https:\\\/\\\/produncan.cl\\\/de\\\/\",\"logo\":{\"@type\":\"ImageObject\",\"inLanguage\":\"de-DE\",\"@id\":\"https:\\\/\\\/produncan.cl\\\/de\\\/#\\\/schema\\\/logo\\\/image\\\/\",\"url\":\"https:\\\/\\\/produncan.cl\\\/wp-content\\\/uploads\\\/2021\\\/03\\\/LOGO.jpeg\",\"contentUrl\":\"https:\\\/\\\/produncan.cl\\\/wp-content\\\/uploads\\\/2021\\\/03\\\/LOGO.jpeg\",\"width\":1280,\"height\":903,\"caption\":\"Produncan\"},\"image\":{\"@id\":\"https:\\\/\\\/produncan.cl\\\/de\\\/#\\\/schema\\\/logo\\\/image\\\/\"},\"sameAs\":[\"https:\\\/\\\/web.facebook.com\\\/produncanland\",\"https:\\\/\\\/www.instagram.com\\\/pro_duncan\\\/\",\"https:\\\/\\\/www.linkedin.com\\\/company\\\/produncan-lands\\\/\",\"https:\\\/\\\/www.youtube.com\\\/channel\\\/UCu7N-f3x0svkazD-Eew1-QQ\"],\"description\":\"En Produncan somos especialistas en la venta de terrenos en el sur de Chile. Proveemos estancias, campos, parcelas y hoteles.\",\"email\":\"info@produncan.cl\"}]}<\/script>\n<meta property=\"og:video\" content=\"https:\/\/www.youtube.com\/embed\/jk2B2Pj2LJo\" \/>\n<meta property=\"og:video:type\" content=\"text\/html\" \/>\n<meta property=\"og:video:duration\" content=\"75\" \/>\n<meta property=\"og:video:width\" content=\"480\" \/>\n<meta property=\"og:video:height\" content=\"270\" \/>\n<meta property=\"ya:ovs:adult\" content=\"false\" \/>\n<meta property=\"ya:ovs:upload_date\" content=\"2024-12-26T18:59:28+00:00\" \/>\n<meta property=\"ya:ovs:allow_embed\" content=\"true\" \/>\n<meta property=\"product:price:currency\" content=\"USD\" \/>\n<meta property=\"og:availability\" content=\"out of stock\" \/>\n<meta property=\"product:availability\" content=\"out of stock\" \/>\n<meta property=\"product:condition\" content=\"new\" \/>\n<!-- \/ Yoast SEO Premium plugin. -->","yoast_head_json":{"title":"Grundst\u00fccke in Carelmapu Mar Brava - Maull\u00edn - Region der Seen - Produncan","description":"Loteo Mar Brava in Carelmapu, Maull\u00edn: 8 Makrogrundst\u00fccke von 14.000 m\u00b2, einige mit 50 m Strand. Natur, Privatsph\u00e4re und Meerblick, 1 h 15 min von Puerto Montt entfernt.","robots":{"index":"index","follow":"follow","max-snippet":"max-snippet:-1","max-image-preview":"max-image-preview:large","max-video-preview":"max-video-preview:-1"},"canonical":"https:\/\/produncan.cl\/de\/produkt\/makroloten-mar-brava-carelmapu-maullin\/","og_locale":"de_DE","og_type":"article","og_title":"Grundst\u00fccke in Carelmapu Mar Brava - Maull\u00edn - Region der Seen","og_description":"Loteo Mar Brava in Carelmapu, Maull\u00edn: 8 Makrogrundst\u00fccke von 14.000 m\u00b2, einige mit 50 m Strand. Natur, Privatsph\u00e4re und Meerblick, 1 h 15 min von Puerto Montt entfernt.","og_url":"https:\/\/produncan.cl\/de\/produkt\/makroloten-mar-brava-carelmapu-maullin\/","og_site_name":"Produncan","article_publisher":"https:\/\/web.facebook.com\/produncanland","article_modified_time":"2026-03-12T15:59:49+00:00","og_image":[{"width":600,"height":450,"url":"https:\/\/produncan.cl\/wp-content\/uploads\/2024\/12\/Mar-Brava-vendido.webp","type":"image\/webp"}],"twitter_card":"summary_large_image","twitter_misc":{"Price":"","Availability":"Out of stock"},"schema":{"@context":"https:\/\/schema.org","@graph":[{"@type":"WebPage","@id":"https:\/\/produncan.cl\/de\/produkt\/makroloten-mar-brava-carelmapu-maullin\/","url":"https:\/\/produncan.cl\/de\/produkt\/makroloten-mar-brava-carelmapu-maullin\/","name":"Grundst\u00fccke in Carelmapu Mar Brava - Maull\u00edn - Region der Seen - Produncan","isPartOf":{"@id":"https:\/\/produncan.cl\/de\/#website"},"primaryImageOfPage":{"@id":"https:\/\/produncan.cl\/de\/produkt\/makroloten-mar-brava-carelmapu-maullin\/#primaryimage"},"image":{"@id":"https:\/\/produncan.cl\/de\/produkt\/makroloten-mar-brava-carelmapu-maullin\/#primaryimage"},"thumbnailUrl":"https:\/\/produncan.cl\/wp-content\/uploads\/2024\/12\/Mar-Brava-vendido.webp","datePublished":"2024-12-26T18:59:28+00:00","dateModified":"2026-03-12T15:59:49+00:00","description":"Loteo Mar Brava in Carelmapu, Maull\u00edn: 8 Makrogrundst\u00fccke von 14.000 m\u00b2, einige mit 50 m Strand. Natur, Privatsph\u00e4re und Meerblick, 1 h 15 min von Puerto Montt entfernt.","breadcrumb":{"@id":"https:\/\/produncan.cl\/de\/produkt\/makroloten-mar-brava-carelmapu-maullin\/#breadcrumb"},"inLanguage":"de-DE","potentialAction":[{"@type":"ReadAction","target":["https:\/\/produncan.cl\/de\/produkt\/makroloten-mar-brava-carelmapu-maullin\/"]}]},{"@type":"ImageObject","inLanguage":"de-DE","@id":"https:\/\/produncan.cl\/de\/produkt\/makroloten-mar-brava-carelmapu-maullin\/#primaryimage","url":"https:\/\/produncan.cl\/wp-content\/uploads\/2024\/12\/Mar-Brava-vendido.webp","contentUrl":"https:\/\/produncan.cl\/wp-content\/uploads\/2024\/12\/Mar-Brava-vendido.webp","width":600,"height":450,"caption":"Mar Brava vendido"},{"@type":"BreadcrumbList","@id":"https:\/\/produncan.cl\/de\/produkt\/makroloten-mar-brava-carelmapu-maullin\/#breadcrumb","itemListElement":[{"@type":"ListItem","position":1,"name":"Inicio","item":"https:\/\/produncan.cl\/de\/"},{"@type":"ListItem","position":2,"name":"Eigenschaften","item":"https:\/\/produncan.cl\/propiedades\/"},{"@type":"ListItem","position":3,"name":"Grundst\u00fccke","item":"https:\/\/produncan.cl\/de\/kategorie\/grundstuecke\/"},{"@type":"ListItem","position":4,"name":"Grundst\u00fccke in Carelmapu Mar Brava &#8211; Maull\u00edn &#8211; Region der Seen"}]},{"@type":"WebSite","@id":"https:\/\/produncan.cl\/de\/#website","url":"https:\/\/produncan.cl\/de\/","name":"Produncan","description":"Wir begleiten Sie bei Ihrem Lebensprojekt!","publisher":{"@id":"https:\/\/produncan.cl\/de\/#organization"},"potentialAction":[{"@type":"SearchAction","target":{"@type":"EntryPoint","urlTemplate":"https:\/\/produncan.cl\/de\/?s={search_term_string}"},"query-input":{"@type":"PropertyValueSpecification","valueRequired":true,"valueName":"search_term_string"}}],"inLanguage":"de-DE"},{"@type":"Organization","@id":"https:\/\/produncan.cl\/de\/#organization","name":"Produncan","url":"https:\/\/produncan.cl\/de\/","logo":{"@type":"ImageObject","inLanguage":"de-DE","@id":"https:\/\/produncan.cl\/de\/#\/schema\/logo\/image\/","url":"https:\/\/produncan.cl\/wp-content\/uploads\/2021\/03\/LOGO.jpeg","contentUrl":"https:\/\/produncan.cl\/wp-content\/uploads\/2021\/03\/LOGO.jpeg","width":1280,"height":903,"caption":"Produncan"},"image":{"@id":"https:\/\/produncan.cl\/de\/#\/schema\/logo\/image\/"},"sameAs":["https:\/\/web.facebook.com\/produncanland","https:\/\/www.instagram.com\/pro_duncan\/","https:\/\/www.linkedin.com\/company\/produncan-lands\/","https:\/\/www.youtube.com\/channel\/UCu7N-f3x0svkazD-Eew1-QQ"],"description":"En Produncan somos especialistas en la venta de terrenos en el sur de Chile. Proveemos estancias, campos, parcelas y hoteles.","email":"info@produncan.cl"}]},"og_video":"https:\/\/www.youtube.com\/embed\/jk2B2Pj2LJo","og_video_type":"text\/html","og_video_duration":"75","og_video_width":"480","og_video_height":"270","ya_ovs_adult":"false","ya_ovs_upload_date":"2024-12-26T18:59:28+00:00","ya_ovs_allow_embed":"true","product_price_currency":"USD","og_availability":"out of stock","product_availability":"out of stock","product_condition":"new"},"_links":{"self":[{"href":"https:\/\/produncan.cl\/de\/wp-json\/wp\/v2\/product\/37306","targetHints":{"allow":["GET"]}}],"collection":[{"href":"https:\/\/produncan.cl\/de\/wp-json\/wp\/v2\/product"}],"about":[{"href":"https:\/\/produncan.cl\/de\/wp-json\/wp\/v2\/types\/product"}],"version-history":[{"count":8,"href":"https:\/\/produncan.cl\/de\/wp-json\/wp\/v2\/product\/37306\/revisions"}],"predecessor-version":[{"id":52381,"href":"https:\/\/produncan.cl\/de\/wp-json\/wp\/v2\/product\/37306\/revisions\/52381"}],"wp:featuredmedia":[{"embeddable":true,"href":"https:\/\/produncan.cl\/de\/wp-json\/wp\/v2\/media\/54832"}],"wp:attachment":[{"href":"https:\/\/produncan.cl\/de\/wp-json\/wp\/v2\/media?parent=37306"}],"wp:term":[{"taxonomy":"product_brand","embeddable":true,"href":"https:\/\/produncan.cl\/de\/wp-json\/wp\/v2\/product_brand?post=37306"},{"taxonomy":"product_cat","embeddable":true,"href":"https:\/\/produncan.cl\/de\/wp-json\/wp\/v2\/product_cat?post=37306"},{"taxonomy":"product_tag","embeddable":true,"href":"https:\/\/produncan.cl\/de\/wp-json\/wp\/v2\/product_tag?post=37306"},{"taxonomy":"regiones","embeddable":true,"href":"https:\/\/produncan.cl\/de\/wp-json\/wp\/v2\/regiones?post=37306"},{"taxonomy":"ciudades","embeddable":true,"href":"https:\/\/produncan.cl\/de\/wp-json\/wp\/v2\/ciudades?post=37306"}],"curies":[{"name":"wp","href":"https:\/\/api.w.org\/{rel}","templated":true}]}}