{"id":37660,"date":"2025-01-08T13:35:09","date_gmt":"2025-01-08T16:35:09","guid":{"rendered":"https:\/\/produncan.cl\/producto\/potrero-largo-obstgarten-pumanque-region-ohiggins\/"},"modified":"2025-11-28T14:01:38","modified_gmt":"2025-11-28T17:01:38","slug":"potrero-largo-obstgarten-pumanque-region-ohiggins","status":"publish","type":"product","link":"https:\/\/produncan.cl\/de\/produkt\/potrero-largo-obstgarten-pumanque-region-ohiggins\/","title":{"rendered":"Bauernhof in Pumanque, Potrero Largo &#8211; Colchagua &#8211; Region O&#8217;Higgins"},"content":{"rendered":"\t\t<div data-elementor-type=\"product-post\" data-elementor-id=\"37660\" class=\"elementor elementor-37660 elementor-37579\" data-elementor-post-type=\"product\">\n\t\t\t\t<div class=\"elementor-element elementor-element-3579d73 e-flex e-con-boxed e-con e-parent\" data-id=\"3579d73\" data-element_type=\"container\" data-e-type=\"container\" data-settings=\"{&quot;jet_parallax_layout_list&quot;:[]}\">\n\t\t\t\t\t<div class=\"e-con-inner\">\n\t\t\t\t<div class=\"elementor-element elementor-element-44ba0da elementor-widget elementor-widget-heading\" data-id=\"44ba0da\" data-element_type=\"widget\" data-e-type=\"widget\" data-widget_type=\"heading.default\">\n\t\t\t\t\t<h2 class=\"elementor-heading-title elementor-size-default\">Blaubeergarten in Pumanque, O'Higgins Region<\/h2>\t\t\t\t<\/div>\n\t\t\t\t\t<\/div>\n\t\t\t\t<\/div>\n\t\t<div class=\"elementor-element elementor-element-80df330 e-flex e-con-boxed e-con e-parent\" data-id=\"80df330\" data-element_type=\"container\" data-e-type=\"container\" data-settings=\"{&quot;jet_parallax_layout_list&quot;:[]}\">\n\t\t\t\t\t<div class=\"e-con-inner\">\n\t\t\t\t<div class=\"elementor-element elementor-element-7100226 elementor-widget elementor-widget-text-editor\" data-id=\"7100226\" data-element_type=\"widget\" data-e-type=\"widget\" data-widget_type=\"text-editor.default\">\n\t\t\t\t\t\t\t\t\t<p>Diese Blaubeerplantage liegt in Pumanque, 45 Kilometer von Santa Cruz Colchagua entfernt. Sie bietet eine einzigartige Gelegenheit f\u00fcr alle, die in Verbindung mit der Natur leben und das Landleben genie\u00dfen m\u00f6chten. Mit einer Gesamtfl\u00e4che von 14,3 Hektar (nach KMZ-Messung), von denen ca. 10 Hektar bepflanzt sind, kombiniert diese Obstplantage eine privilegierte l\u00e4ndliche Umgebung mit einem voll funktionierenden landwirtschaftlichen Betrieb. <\/p>\t\t\t\t\t\t\t\t<\/div>\n\t\t\t\t\t<\/div>\n\t\t\t\t<\/div>\n\t\t<div class=\"elementor-element elementor-element-76d6598 e-flex e-con-boxed e-con e-parent\" data-id=\"76d6598\" data-element_type=\"container\" data-e-type=\"container\" data-settings=\"{&quot;jet_parallax_layout_list&quot;:[]}\">\n\t\t\t\t\t<div class=\"e-con-inner\">\n\t\t\t\t<div class=\"elementor-element elementor-element-17adeb5 elementor-widget elementor-widget-text-editor\" data-id=\"17adeb5\" data-element_type=\"widget\" data-e-type=\"widget\" data-widget_type=\"text-editor.default\">\n\t\t\t\t\t\t\t\t\t<p><strong>Merkmale des Obstgartens<\/strong><\/p><ul><li>Anbaufl\u00e4che: 10 Hektar, aufgeteilt in 8 Viertel, mit Heidelbeersorten wie Duke, Star, Legacy und Emerald.<\/li><li>Bepflanzungsdichte: Zwischen 3.333 und 4.200 Pflanzen pro Hektar.<\/li><li>Gesch\u00e4tzte Produktion: Etwa 100.000 Kilo pro Jahr, mit gestaffelten Ernten von Oktober bis Januar, ideal f\u00fcr den lokalen Markt oder den Export.<\/li><li>Variet\u00e4ten: Duke und Star (lizenzfrei), Legacy (hohe Produktion) und Emerald (Gro\u00dfkaliber).<\/li><\/ul>\t\t\t\t\t\t\t\t<\/div>\n\t\t\t\t\t<\/div>\n\t\t\t\t<\/div>\n\t\t<div class=\"elementor-element elementor-element-e37193d e-flex e-con-boxed e-con e-parent\" data-id=\"e37193d\" data-element_type=\"container\" data-e-type=\"container\" data-settings=\"{&quot;jet_parallax_layout_list&quot;:[]}\">\n\t\t\t\t\t<div class=\"e-con-inner\">\n\t\t\t\t<div class=\"elementor-element elementor-element-c6e6cc7 elementor-widget elementor-widget-text-editor\" data-id=\"c6e6cc7\" data-element_type=\"widget\" data-e-type=\"widget\" data-widget_type=\"text-editor.default\">\n\t\t\t\t\t\t\t\t\t<p><strong>Infrastruktur<\/strong><\/p><ul><li>Haus des Verwalters: 170 m\u00b2, solide Bauweise und praktisch neu, ideal, um es zu Ihrem Zuhause auf dem Land zu machen.<\/li><li>Kantine und Toiletten f\u00fcr die Arbeiter: 55 m\u00b2 gro\u00dfe Kantine mit getrennten Sanit\u00e4ranlagen f\u00fcr M\u00e4nner und Frauen.<\/li><li>Gro\u00dfe Verpackungshalle, ca. 55 m\u00b2.<\/li><li>Bew\u00e4sserungssystem: Halbmanuell mit Oberfl\u00e4chenwasserrechten von 50.000 m\u00b3 pro Monat.<\/li><li>2 Wasserreservoirs f\u00fcr die Bew\u00e4sserung, Motoren und Sonnenkollektoren<\/li><li>Zertifizierungen: Bis 2022, FSMA-Zertifizierungen und Ausfuhrgenehmigungen.<\/li><\/ul>\t\t\t\t\t\t\t\t<\/div>\n\t\t\t\t\t<\/div>\n\t\t\t\t<\/div>\n\t\t<div class=\"elementor-element elementor-element-5dcebcf e-flex e-con-boxed e-con e-parent\" data-id=\"5dcebcf\" data-element_type=\"container\" data-e-type=\"container\" data-settings=\"{&quot;jet_parallax_layout_list&quot;:[]}\">\n\t\t\t\t\t<div class=\"e-con-inner\">\n\t\t\t\t<div class=\"elementor-element elementor-element-d64420d elementor-widget elementor-widget-text-editor\" data-id=\"d64420d\" data-element_type=\"widget\" data-e-type=\"widget\" data-widget_type=\"text-editor.default\">\n\t\t\t\t\t\t\t\t\t<p><strong>Einzigartiger Lebensstil<\/strong><\/p>\n<p>Diese Farm in Pumanque, Colchagua, ist ideal f\u00fcr diejenigen, die von einem ruhigen Leben auf dem Lande tr\u00e4umen, umgeben von Natur und mit der M\u00f6glichkeit, sich selbst zu versorgen. Sie werden einen laufenden Betrieb genie\u00dfen k\u00f6nnen und gleichzeitig in einer privilegierten nat\u00fcrlichen Umgebung leben. Die strategische Lage erm\u00f6glicht es Ihnen au\u00dferdem, in der N\u00e4he von Sehensw\u00fcrdigkeiten wie Santa Cruz, dem Vichuqu\u00e9n-See und den Str\u00e4nden von Pichilemu zu wohnen, ideal f\u00fcr Wochenendausfl\u00fcge.  <\/p>\t\t\t\t\t\t\t\t<\/div>\n\t\t\t\t\t<\/div>\n\t\t\t\t<\/div>\n\t\t<div class=\"elementor-element elementor-element-5a4d1eb e-flex e-con-boxed e-con e-parent\" data-id=\"5a4d1eb\" data-element_type=\"container\" data-e-type=\"container\" data-settings=\"{&quot;jet_parallax_layout_list&quot;:[]}\">\n\t\t\t\t\t<div class=\"e-con-inner\">\n\t\t\t\t<div class=\"elementor-element elementor-element-e782e6d elementor-widget elementor-widget-text-editor\" data-id=\"e782e6d\" data-element_type=\"widget\" data-e-type=\"widget\" data-widget_type=\"text-editor.default\">\n\t\t\t\t\t\t\t\t\t<p><strong>Vorteile f\u00fcr Ihr neues Leben<\/strong><\/p><ul><li>Verbindung mit der Natur: Perfekt f\u00fcr alle, die eine Abwechslung im Leben, frische Luft und Ruhe suchen.<\/li><li>M\u00f6glichkeit zur Selbsterhaltung: Bauen Sie Ihre eigenen Lebensmittel an und verwalten Sie Ihren Garten als pers\u00f6nliches Projekt.<\/li><li>Strategische N\u00e4he: Genie\u00dfen Sie die Ruhe und den Frieden auf dem Lande, ohne zu weit von touristischen Attraktionen und Dienstleistungen entfernt zu sein.<\/li><\/ul>\t\t\t\t\t\t\t\t<\/div>\n\t\t\t\t\t<\/div>\n\t\t\t\t<\/div>\n\t\t<div class=\"elementor-element elementor-element-182e0b6 e-flex e-con-boxed e-con e-parent\" data-id=\"182e0b6\" data-element_type=\"container\" data-e-type=\"container\" data-settings=\"{&quot;jet_parallax_layout_list&quot;:[]}\">\n\t\t\t\t\t<div class=\"e-con-inner\">\n\t\t\t\t<div class=\"elementor-element elementor-element-25aefa5 elementor-widget elementor-widget-text-editor\" data-id=\"25aefa5\" data-element_type=\"widget\" data-e-type=\"widget\" data-widget_type=\"text-editor.default\">\n\t\t\t\t\t\t\t\t\t<p>Dieser Garten ist mehr als eine Investition: Er ist eine Einladung zu einem einzigartigen Landleben, mit der M\u00f6glichkeit, Ihr Zuhause mit einem funktionierenden landwirtschaftlichen Betrieb zu kombinieren.<\/p><p>Kontaktieren Sie uns f\u00fcr weitere Informationen und um einen Besuchstermin zu vereinbaren!<\/p>\t\t\t\t\t\t\t\t<\/div>\n\t\t\t\t\t<\/div>\n\t\t\t\t<\/div>\n\t\t\t\t<\/div>\n\t\t","protected":false},"excerpt":{"rendered":"<p>Landwirtschaftlicher Betrieb in Pumanque, Colchagua. Heidelbeerplantage mit einer Fl\u00e4che von 14,3 Hektar, 45 km von der Stadt Santa Cruz entfernt. Sie verf\u00fcgt \u00fcber alle f\u00fcr die Produktion notwendigen Einrichtungen, Wasserrechte und ein Verwalterhaus.  <\/p>\n","protected":false},"featured_media":37590,"template":"","meta":{"_acf_changed":false},"product_brand":[],"product_cat":[163],"product_tag":[235],"regiones":[227],"ciudades":[222,447],"class_list":{"0":"post-37660","1":"product","2":"type-product","3":"status-publish","4":"has-post-thumbnail","6":"product_cat-valparaiso-maule-de","7":"product_tag-felder","8":"regiones-valparaiso-maule","9":"ciudades-curico","10":"ciudades-santa-cruz","12":"first","13":"instock","14":"shipping-taxable","15":"purchasable","16":"product-type-simple"},"acf":[],"yoast_head":"<!-- This site is optimized with the Yoast SEO Premium plugin v26.0 (Yoast SEO v27.3) - https:\/\/yoast.com\/product\/yoast-seo-premium-wordpress\/ -->\n<title>Parzelle Fluss Petrohu\u00e9<\/title>\n<meta name=\"description\" content=\"Entdecken Sie diese Blaubeerplantage in Pumanque, 14,3 Hektar mit ertragreichen Sorten, komplette Infrastruktur, bereit zum Start.\" \/>\n<meta name=\"robots\" content=\"index, follow, max-snippet:-1, max-image-preview:large, max-video-preview:-1\" \/>\n<link rel=\"canonical\" href=\"https:\/\/produncan.cl\/de\/produkt\/potrero-largo-obstgarten-pumanque-region-ohiggins\/\" \/>\n<meta property=\"og:locale\" content=\"de_DE\" \/>\n<meta property=\"og:type\" content=\"article\" \/>\n<meta property=\"og:title\" content=\"Bauernhof in Pumanque, Potrero Largo - Colchagua - Region O&#039;Higgins\" \/>\n<meta property=\"og:description\" content=\"Heidelbeerplantage in Pumanque, 45 km westlich von Santa Cruz Colchagua. Er hat eine Gesamtfl\u00e4che von 14,3 Hektar, mit allen Einrichtungen f\u00fcr die Produktion, Wasserrechten und dem Haus des Verwalters.\" \/>\n<meta property=\"og:url\" content=\"https:\/\/produncan.cl\/de\/produkt\/potrero-largo-obstgarten-pumanque-region-ohiggins\/\" \/>\n<meta property=\"og:site_name\" content=\"Produncan\" \/>\n<meta property=\"article:publisher\" content=\"https:\/\/web.facebook.com\/produncanland\" \/>\n<meta property=\"article:modified_time\" content=\"2025-11-28T17:01:38+00:00\" \/>\n<meta property=\"og:image\" content=\"https:\/\/produncan.cl\/wp-content\/uploads\/2025\/01\/Huerto-Potrero-Largo.webp\" \/>\n<meta name=\"twitter:card\" content=\"summary_large_image\" \/>\n<meta name=\"twitter:label1\" content=\"Price\" \/>\n\t<meta name=\"twitter:data1\" content=\"USD417.500,00\" \/>\n\t<meta name=\"twitter:label2\" content=\"Availability\" \/>\n\t<meta name=\"twitter:data2\" content=\"In stock\" \/>\n<script type=\"application\/ld+json\" class=\"yoast-schema-graph\">{\"@context\":\"https:\\\/\\\/schema.org\",\"@graph\":[{\"@type\":\"WebPage\",\"@id\":\"https:\\\/\\\/produncan.cl\\\/de\\\/produkt\\\/potrero-largo-obstgarten-pumanque-region-ohiggins\\\/\",\"url\":\"https:\\\/\\\/produncan.cl\\\/de\\\/produkt\\\/potrero-largo-obstgarten-pumanque-region-ohiggins\\\/\",\"name\":\"Parzelle Fluss Petrohu\u00e9\",\"isPartOf\":{\"@id\":\"https:\\\/\\\/produncan.cl\\\/de\\\/#website\"},\"primaryImageOfPage\":{\"@id\":\"https:\\\/\\\/produncan.cl\\\/de\\\/produkt\\\/potrero-largo-obstgarten-pumanque-region-ohiggins\\\/#primaryimage\"},\"image\":{\"@id\":\"https:\\\/\\\/produncan.cl\\\/de\\\/produkt\\\/potrero-largo-obstgarten-pumanque-region-ohiggins\\\/#primaryimage\"},\"thumbnailUrl\":\"https:\\\/\\\/produncan.cl\\\/wp-content\\\/uploads\\\/2025\\\/01\\\/Huerto-Potrero-Largo.webp\",\"datePublished\":\"2025-01-08T16:35:09+00:00\",\"dateModified\":\"2025-11-28T17:01:38+00:00\",\"description\":\"Entdecken Sie diese Blaubeerplantage in Pumanque, 14,3 Hektar mit ertragreichen Sorten, komplette Infrastruktur, bereit zum Start.\",\"breadcrumb\":{\"@id\":\"https:\\\/\\\/produncan.cl\\\/de\\\/produkt\\\/potrero-largo-obstgarten-pumanque-region-ohiggins\\\/#breadcrumb\"},\"inLanguage\":\"de-DE\",\"potentialAction\":[{\"@type\":\"ReadAction\",\"target\":[\"https:\\\/\\\/produncan.cl\\\/de\\\/produkt\\\/potrero-largo-obstgarten-pumanque-region-ohiggins\\\/\"]}]},{\"@type\":\"ImageObject\",\"inLanguage\":\"de-DE\",\"@id\":\"https:\\\/\\\/produncan.cl\\\/de\\\/produkt\\\/potrero-largo-obstgarten-pumanque-region-ohiggins\\\/#primaryimage\",\"url\":\"https:\\\/\\\/produncan.cl\\\/wp-content\\\/uploads\\\/2025\\\/01\\\/Huerto-Potrero-Largo.webp\",\"contentUrl\":\"https:\\\/\\\/produncan.cl\\\/wp-content\\\/uploads\\\/2025\\\/01\\\/Huerto-Potrero-Largo.webp\",\"width\":800,\"height\":600,\"caption\":\"Langer Potrero Garten\"},{\"@type\":\"BreadcrumbList\",\"@id\":\"https:\\\/\\\/produncan.cl\\\/de\\\/produkt\\\/potrero-largo-obstgarten-pumanque-region-ohiggins\\\/#breadcrumb\",\"itemListElement\":[{\"@type\":\"ListItem\",\"position\":1,\"name\":\"Inicio\",\"item\":\"https:\\\/\\\/produncan.cl\\\/de\\\/\"},{\"@type\":\"ListItem\",\"position\":2,\"name\":\"Eigenschaften\",\"item\":\"https:\\\/\\\/produncan.cl\\\/propiedades\\\/\"},{\"@type\":\"ListItem\",\"position\":3,\"name\":\"Felder\",\"item\":\"https:\\\/\\\/produncan.cl\\\/de\\\/kategorie\\\/felder\\\/\"},{\"@type\":\"ListItem\",\"position\":4,\"name\":\"Bauernhof in Pumanque, Potrero Largo &#8211; Colchagua &#8211; Region O&#8217;Higgins\"}]},{\"@type\":\"WebSite\",\"@id\":\"https:\\\/\\\/produncan.cl\\\/de\\\/#website\",\"url\":\"https:\\\/\\\/produncan.cl\\\/de\\\/\",\"name\":\"Produncan\",\"description\":\"Wir begleiten Sie bei Ihrem Lebensprojekt!\",\"publisher\":{\"@id\":\"https:\\\/\\\/produncan.cl\\\/de\\\/#organization\"},\"potentialAction\":[{\"@type\":\"SearchAction\",\"target\":{\"@type\":\"EntryPoint\",\"urlTemplate\":\"https:\\\/\\\/produncan.cl\\\/de\\\/?s={search_term_string}\"},\"query-input\":{\"@type\":\"PropertyValueSpecification\",\"valueRequired\":true,\"valueName\":\"search_term_string\"}}],\"inLanguage\":\"de-DE\"},{\"@type\":\"Organization\",\"@id\":\"https:\\\/\\\/produncan.cl\\\/de\\\/#organization\",\"name\":\"Produncan\",\"url\":\"https:\\\/\\\/produncan.cl\\\/de\\\/\",\"logo\":{\"@type\":\"ImageObject\",\"inLanguage\":\"de-DE\",\"@id\":\"https:\\\/\\\/produncan.cl\\\/de\\\/#\\\/schema\\\/logo\\\/image\\\/\",\"url\":\"https:\\\/\\\/produncan.cl\\\/wp-content\\\/uploads\\\/2021\\\/03\\\/LOGO.jpeg\",\"contentUrl\":\"https:\\\/\\\/produncan.cl\\\/wp-content\\\/uploads\\\/2021\\\/03\\\/LOGO.jpeg\",\"width\":1280,\"height\":903,\"caption\":\"Produncan\"},\"image\":{\"@id\":\"https:\\\/\\\/produncan.cl\\\/de\\\/#\\\/schema\\\/logo\\\/image\\\/\"},\"sameAs\":[\"https:\\\/\\\/web.facebook.com\\\/produncanland\",\"https:\\\/\\\/www.instagram.com\\\/pro_duncan\\\/\",\"https:\\\/\\\/www.linkedin.com\\\/company\\\/produncan-lands\\\/\",\"https:\\\/\\\/www.youtube.com\\\/channel\\\/UCu7N-f3x0svkazD-Eew1-QQ\"],\"description\":\"En Produncan somos especialistas en la venta de terrenos en el sur de Chile. Proveemos estancias, campos, parcelas y hoteles.\",\"email\":\"info@produncan.cl\"}]}<\/script>\n<meta property=\"og:video\" content=\"https:\/\/www.youtube.com\/embed\/DS5mb6-OuB8\" \/>\n<meta property=\"og:video:type\" content=\"text\/html\" \/>\n<meta property=\"og:video:duration\" content=\"117\" \/>\n<meta property=\"og:video:width\" content=\"480\" \/>\n<meta property=\"og:video:height\" content=\"270\" \/>\n<meta property=\"ya:ovs:adult\" content=\"false\" \/>\n<meta property=\"ya:ovs:upload_date\" content=\"2025-01-08T16:35:09+00:00\" \/>\n<meta property=\"ya:ovs:allow_embed\" content=\"true\" \/>\n<meta property=\"product:price:amount\" content=\"417500.00\" \/>\n<meta property=\"product:price:currency\" content=\"USD\" \/>\n<meta property=\"og:availability\" content=\"instock\" \/>\n<meta property=\"product:availability\" content=\"instock\" \/>\n<meta property=\"product:condition\" content=\"new\" \/>\n<!-- \/ Yoast SEO Premium plugin. -->","yoast_head_json":{"title":"Parzelle Fluss Petrohu\u00e9","description":"Entdecken Sie diese Blaubeerplantage in Pumanque, 14,3 Hektar mit ertragreichen Sorten, komplette Infrastruktur, bereit zum Start.","robots":{"index":"index","follow":"follow","max-snippet":"max-snippet:-1","max-image-preview":"max-image-preview:large","max-video-preview":"max-video-preview:-1"},"canonical":"https:\/\/produncan.cl\/de\/produkt\/potrero-largo-obstgarten-pumanque-region-ohiggins\/","og_locale":"de_DE","og_type":"article","og_title":"Bauernhof in Pumanque, Potrero Largo - Colchagua - Region O'Higgins","og_description":"Heidelbeerplantage in Pumanque, 45 km westlich von Santa Cruz Colchagua. Er hat eine Gesamtfl\u00e4che von 14,3 Hektar, mit allen Einrichtungen f\u00fcr die Produktion, Wasserrechten und dem Haus des Verwalters.","og_url":"https:\/\/produncan.cl\/de\/produkt\/potrero-largo-obstgarten-pumanque-region-ohiggins\/","og_site_name":"Produncan","article_publisher":"https:\/\/web.facebook.com\/produncanland","article_modified_time":"2025-11-28T17:01:38+00:00","og_image":[{"url":"https:\/\/produncan.cl\/wp-content\/uploads\/2025\/01\/Huerto-Potrero-Largo.webp","type":"","width":"","height":""}],"twitter_card":"summary_large_image","twitter_misc":{"Price":"USD417.500,00","Availability":"In stock"},"schema":{"@context":"https:\/\/schema.org","@graph":[{"@type":"WebPage","@id":"https:\/\/produncan.cl\/de\/produkt\/potrero-largo-obstgarten-pumanque-region-ohiggins\/","url":"https:\/\/produncan.cl\/de\/produkt\/potrero-largo-obstgarten-pumanque-region-ohiggins\/","name":"Parzelle Fluss Petrohu\u00e9","isPartOf":{"@id":"https:\/\/produncan.cl\/de\/#website"},"primaryImageOfPage":{"@id":"https:\/\/produncan.cl\/de\/produkt\/potrero-largo-obstgarten-pumanque-region-ohiggins\/#primaryimage"},"image":{"@id":"https:\/\/produncan.cl\/de\/produkt\/potrero-largo-obstgarten-pumanque-region-ohiggins\/#primaryimage"},"thumbnailUrl":"https:\/\/produncan.cl\/wp-content\/uploads\/2025\/01\/Huerto-Potrero-Largo.webp","datePublished":"2025-01-08T16:35:09+00:00","dateModified":"2025-11-28T17:01:38+00:00","description":"Entdecken Sie diese Blaubeerplantage in Pumanque, 14,3 Hektar mit ertragreichen Sorten, komplette Infrastruktur, bereit zum Start.","breadcrumb":{"@id":"https:\/\/produncan.cl\/de\/produkt\/potrero-largo-obstgarten-pumanque-region-ohiggins\/#breadcrumb"},"inLanguage":"de-DE","potentialAction":[{"@type":"ReadAction","target":["https:\/\/produncan.cl\/de\/produkt\/potrero-largo-obstgarten-pumanque-region-ohiggins\/"]}]},{"@type":"ImageObject","inLanguage":"de-DE","@id":"https:\/\/produncan.cl\/de\/produkt\/potrero-largo-obstgarten-pumanque-region-ohiggins\/#primaryimage","url":"https:\/\/produncan.cl\/wp-content\/uploads\/2025\/01\/Huerto-Potrero-Largo.webp","contentUrl":"https:\/\/produncan.cl\/wp-content\/uploads\/2025\/01\/Huerto-Potrero-Largo.webp","width":800,"height":600,"caption":"Langer Potrero Garten"},{"@type":"BreadcrumbList","@id":"https:\/\/produncan.cl\/de\/produkt\/potrero-largo-obstgarten-pumanque-region-ohiggins\/#breadcrumb","itemListElement":[{"@type":"ListItem","position":1,"name":"Inicio","item":"https:\/\/produncan.cl\/de\/"},{"@type":"ListItem","position":2,"name":"Eigenschaften","item":"https:\/\/produncan.cl\/propiedades\/"},{"@type":"ListItem","position":3,"name":"Felder","item":"https:\/\/produncan.cl\/de\/kategorie\/felder\/"},{"@type":"ListItem","position":4,"name":"Bauernhof in Pumanque, Potrero Largo &#8211; Colchagua &#8211; Region O&#8217;Higgins"}]},{"@type":"WebSite","@id":"https:\/\/produncan.cl\/de\/#website","url":"https:\/\/produncan.cl\/de\/","name":"Produncan","description":"Wir begleiten Sie bei Ihrem Lebensprojekt!","publisher":{"@id":"https:\/\/produncan.cl\/de\/#organization"},"potentialAction":[{"@type":"SearchAction","target":{"@type":"EntryPoint","urlTemplate":"https:\/\/produncan.cl\/de\/?s={search_term_string}"},"query-input":{"@type":"PropertyValueSpecification","valueRequired":true,"valueName":"search_term_string"}}],"inLanguage":"de-DE"},{"@type":"Organization","@id":"https:\/\/produncan.cl\/de\/#organization","name":"Produncan","url":"https:\/\/produncan.cl\/de\/","logo":{"@type":"ImageObject","inLanguage":"de-DE","@id":"https:\/\/produncan.cl\/de\/#\/schema\/logo\/image\/","url":"https:\/\/produncan.cl\/wp-content\/uploads\/2021\/03\/LOGO.jpeg","contentUrl":"https:\/\/produncan.cl\/wp-content\/uploads\/2021\/03\/LOGO.jpeg","width":1280,"height":903,"caption":"Produncan"},"image":{"@id":"https:\/\/produncan.cl\/de\/#\/schema\/logo\/image\/"},"sameAs":["https:\/\/web.facebook.com\/produncanland","https:\/\/www.instagram.com\/pro_duncan\/","https:\/\/www.linkedin.com\/company\/produncan-lands\/","https:\/\/www.youtube.com\/channel\/UCu7N-f3x0svkazD-Eew1-QQ"],"description":"En Produncan somos especialistas en la venta de terrenos en el sur de Chile. Proveemos estancias, campos, parcelas y hoteles.","email":"info@produncan.cl"}]},"og_video":"https:\/\/www.youtube.com\/embed\/DS5mb6-OuB8","og_video_type":"text\/html","og_video_duration":"117","og_video_width":"480","og_video_height":"270","ya_ovs_adult":"false","ya_ovs_upload_date":"2025-01-08T16:35:09+00:00","ya_ovs_allow_embed":"true","product_price_amount":"417500.00","product_price_currency":"USD","og_availability":"instock","product_availability":"instock","product_condition":"new"},"_links":{"self":[{"href":"https:\/\/produncan.cl\/de\/wp-json\/wp\/v2\/product\/37660","targetHints":{"allow":["GET"]}}],"collection":[{"href":"https:\/\/produncan.cl\/de\/wp-json\/wp\/v2\/product"}],"about":[{"href":"https:\/\/produncan.cl\/de\/wp-json\/wp\/v2\/types\/product"}],"version-history":[{"count":2,"href":"https:\/\/produncan.cl\/de\/wp-json\/wp\/v2\/product\/37660\/revisions"}],"predecessor-version":[{"id":52373,"href":"https:\/\/produncan.cl\/de\/wp-json\/wp\/v2\/product\/37660\/revisions\/52373"}],"wp:featuredmedia":[{"embeddable":true,"href":"https:\/\/produncan.cl\/de\/wp-json\/wp\/v2\/media\/37590"}],"wp:attachment":[{"href":"https:\/\/produncan.cl\/de\/wp-json\/wp\/v2\/media?parent=37660"}],"wp:term":[{"taxonomy":"product_brand","embeddable":true,"href":"https:\/\/produncan.cl\/de\/wp-json\/wp\/v2\/product_brand?post=37660"},{"taxonomy":"product_cat","embeddable":true,"href":"https:\/\/produncan.cl\/de\/wp-json\/wp\/v2\/product_cat?post=37660"},{"taxonomy":"product_tag","embeddable":true,"href":"https:\/\/produncan.cl\/de\/wp-json\/wp\/v2\/product_tag?post=37660"},{"taxonomy":"regiones","embeddable":true,"href":"https:\/\/produncan.cl\/de\/wp-json\/wp\/v2\/regiones?post=37660"},{"taxonomy":"ciudades","embeddable":true,"href":"https:\/\/produncan.cl\/de\/wp-json\/wp\/v2\/ciudades?post=37660"}],"curies":[{"name":"wp","href":"https:\/\/api.w.org\/{rel}","templated":true}]}}