{"id":38389,"date":"2025-01-17T13:21:04","date_gmt":"2025-01-17T16:21:04","guid":{"rendered":"https:\/\/produncan.cl\/producto\/baugrundstueck-in-los-muermos-alto-canitas-region-los-lagos\/"},"modified":"2026-03-12T13:02:33","modified_gmt":"2026-03-12T16:02:33","slug":"baugrundstueck-in-los-muermos-alto-canitas-region-los-lagos","status":"publish","type":"product","link":"https:\/\/produncan.cl\/de\/produkt\/baugrundstueck-in-los-muermos-alto-canitas-region-los-lagos\/","title":{"rendered":"Baugrundst\u00fcck in Los Muermos, Alto Ca\u00f1itas &#8211; Region Los Lagos"},"content":{"rendered":"\t\t<div data-elementor-type=\"product-post\" data-elementor-id=\"38389\" class=\"elementor elementor-38389 elementor-38075\" data-elementor-post-type=\"product\">\n\t\t\t\t<div class=\"elementor-element elementor-element-a58a0e7 e-flex e-con-boxed e-con e-parent\" data-id=\"a58a0e7\" data-element_type=\"container\" data-e-type=\"container\" data-settings=\"{&quot;jet_parallax_layout_list&quot;:[]}\">\n\t\t\t\t\t<div class=\"e-con-inner\">\n\t\t\t\t<div class=\"elementor-element elementor-element-9114f2e elementor-widget elementor-widget-heading\" data-id=\"9114f2e\" data-element_type=\"widget\" data-e-type=\"widget\" data-widget_type=\"heading.default\">\n\t\t\t\t\t<h2 class=\"elementor-heading-title elementor-size-default\">Grundst\u00fcck 15 Minuten von Los Muermos mit Wiese und sch\u00f6ner Aussicht.<\/h2>\t\t\t\t<\/div>\n\t\t\t\t\t<\/div>\n\t\t\t\t<\/div>\n\t\t<div class=\"elementor-element elementor-element-8e566c1 e-flex e-con-boxed e-con e-parent\" data-id=\"8e566c1\" data-element_type=\"container\" data-e-type=\"container\" data-settings=\"{&quot;jet_parallax_layout_list&quot;:[]}\">\n\t\t\t\t\t<div class=\"e-con-inner\">\n\t\t\t\t<div class=\"elementor-element elementor-element-5ad7256 elementor-widget elementor-widget-text-editor\" data-id=\"5ad7256\" data-element_type=\"widget\" data-e-type=\"widget\" data-widget_type=\"text-editor.default\">\n\t\t\t\t\t\t\t\t\t<p>Dieses 2,27 Hektar gro\u00dfe Grundst\u00fcck in Ca\u00f1itas, Los Muermos, Estaci\u00f3n R\u00edo Frio, befindet sich in einem hochgelegenen, gesch\u00fctzten und privaten Gebiet, das einen wundersch\u00f6nen Panoramablick auf die Bergkette bietet. Das Anwesen verbindet das Beste des Landlebens mit einer strategischen und zug\u00e4nglichen Lage. Hier finden Sie einen einzigartigen Raum zum Leben oder zur Entwicklung Ihrer Projekte, mit der Ruhe der Landschaft, aber mit Anbindung an wichtige Punkte wie Los Muermos, 15 Minuten entfernt, und El Tepual Flughafen, nur 32 Minuten entfernt.  <\/p>\n<p>Merkmale des Bodens:<\/p>\n<ul>\n<li>Topografie: Sanft abfallende, rechteckige Fl\u00e4che, ideal f\u00fcr kleine Landwirtschafts-, Viehzucht- und Familienprojekte.<\/li>\n<li>Boden: Fruchtbar, ideal f\u00fcr ertragreiche Kulturen oder Gr\u00fcnland.\n<\/li>\n<\/ul>\n<p>Elektrizit\u00e4t und Wasser:<\/p>\n<ul>\n<li>Die Stromleitung ist nur 120 Meter vom Grundst\u00fcck entfernt.<\/li>\n<li>Wasser \u00fcber Agua Potable Rural APR (120 m entfernt) oder Tiefbrunnen (Kosten: ca. 7.000.000 $).\n<\/li>\n<\/ul>\n<p>Nat\u00fcrliche Umwelt:<\/p>\n<ul>\n<li>90% Gr\u00fcnland mit 10% einheimischen B\u00e4umen. Einheimische W\u00e4lder umgeben das Grundst\u00fcck. <\/li>\n<li>Spektakul\u00e4rer Blick auf die Bergkette und den Vulkan Osorno an seiner breitesten Stelle.<\/li>\n<li>Klima: Gem\u00e4\u00dfigt und regnerisch, ideal f\u00fcr die Erhaltung der Fruchtbarkeit des Bodens und den Genuss gr\u00fcner Landschaften das ganze Jahr \u00fcber.\n<\/li>\n<\/ul>\n<h4>Vorteile des Lebens im Sektor Alto de Ca\u00f1itas:<\/h4>\n<p>Strategische Verbindung:<\/p>\n<ul>\n<li>Nur wenige Minuten von Los Muermos und anderen interessanten Orten wie Puerto Varas und dem Lago Llanquihue entfernt.<\/li>\n<li>Hervorragender Zugang mit nur 120 Metern gut gepflegter Erschlie\u00dfungsstra\u00dfe.<\/li>\n<li>N\u00e4he zum Flughafen El Tepual: Perfekt f\u00fcr diejenigen, die h\u00e4ufig reisen m\u00fcssen.<\/li>\n<li>35 Minuten von Puerto Varas entfernt.\n<\/li>\n<\/ul>\n<p>Dienstleistungen und Telekommunikation:<\/p>\n<ul>\n<li>\u00d6ffentliche Verkehrsmittel sind in der Umgebung vorhanden.<\/li>\n<li>Telekommunikationssignal, ideal f\u00fcr alle, die Ruhe und Frieden suchen, ohne den Anschluss an die Welt zu verlieren.\n<\/li>\n<\/ul>\n<p>Nat\u00fcrliche Umgebung und Attraktionen in der N\u00e4he:<\/p>\n<ul>\n<li>Umgeben von den Fl\u00fcssen Llico und \u00d1adi und in der N\u00e4he der reizvollen Orte Estaquilla und Llico Bajo.\n<\/li>\n<\/ul>\n<p>Warum diese Immobilie w\u00e4hlen:<\/p>\n<ul>\n<li>Vielseitigkeit: Ideal f\u00fcr landwirtschaftliche, famili\u00e4re oder Investitionsprojekte.<\/li>\n<li>Landschaftliche Sch\u00f6nheit: Genie\u00dfen Sie wundersch\u00f6ne Aussichten und eine einzigartige Verbindung zur Natur.<\/li>\n<li>Erreichbarkeit: Eine privilegierte Lage im Herzen der Zehnten Region, die Ruhe und Entwicklung verbindet.\n<\/li>\n<\/ul>\n<p>Dies ist Ihre Gelegenheit, an einem Ort zu leben, der Natur, Ruhe und Konnektivit\u00e4t vereint. Kontaktieren Sie uns noch heute, um einen Besuchstermin zu vereinbaren und mehr \u00fcber diese unglaubliche Immobilie zu erfahren! <\/p>\n\t\t\t\t\t\t\t\t<\/div>\n\t\t\t\t\t<\/div>\n\t\t\t\t<\/div>\n\t\t\t\t<\/div>\n\t\t","protected":false},"excerpt":{"rendered":"<p>Grundst\u00fcck in Ca\u00f1itas, Los Muermos, R\u00edo Frio Station, 2,27 Hektar. \u00dcberwiegend Wiese, 10% einheimisch, sch\u00f6ner Blick auf die Bergkette, Wasser bei APR, 120 von Stromleitung und Asphalt.  32 Minuten vom Flughafen und 35 Minuten von Puerto Varas entfernt.<\/p>\n","protected":false},"featured_media":49365,"template":"","meta":{"_acf_changed":false},"product_brand":[],"product_cat":[104],"product_tag":[232],"regiones":[226],"ciudades":[216],"class_list":{"0":"post-38389","1":"product","2":"type-product","3":"status-publish","4":"has-post-thumbnail","6":"product_cat-ohiggins-los-lagos","7":"product_tag-grundstuecke","8":"regiones-nuble-los_lagos","9":"ciudades-los-muermos","11":"first","12":"outofstock","13":"sold-individually","14":"shipping-taxable","15":"product-type-simple"},"acf":[],"yoast_head":"<!-- This site is optimized with the Yoast SEO Premium plugin v26.0 (Yoast SEO v27.3) - https:\/\/yoast.com\/product\/yoast-seo-premium-wordpress\/ -->\n<title>Baugrundst\u00fcck in Los Muermos, Alto Ca\u00f1itas - Region Los Lagos - Produncan<\/title>\n<meta name=\"description\" content=\"Grundst\u00fcck in Ca\u00f1itas, Los Muermos, R\u00edo Frio Station, 2,27 Hektar. \u00dcberwiegend Wiese, 10% einheimisch, sch\u00f6ner Blick auf die Bergkette, Wasser bei APR, 120 von Stromleitung und Asphalt.\" \/>\n<meta name=\"robots\" content=\"index, follow, max-snippet:-1, max-image-preview:large, max-video-preview:-1\" \/>\n<link rel=\"canonical\" href=\"https:\/\/produncan.cl\/de\/produkt\/baugrundstueck-in-los-muermos-alto-canitas-region-los-lagos\/\" \/>\n<meta property=\"og:locale\" content=\"de_DE\" \/>\n<meta property=\"og:type\" content=\"article\" \/>\n<meta property=\"og:title\" content=\"Baugrundst\u00fcck in Los Muermos, Alto Ca\u00f1itas - Region Los Lagos\" \/>\n<meta property=\"og:description\" content=\"Grundst\u00fcck in Ca\u00f1itas, Los Muermos, R\u00edo Frio Station, 2,27 Hektar. \u00dcberwiegend Wiese, 10% einheimisch, sch\u00f6ner Blick auf die Bergkette, Wasser bei APR, 120 von Stromleitung und Asphalt.\" \/>\n<meta property=\"og:url\" content=\"https:\/\/produncan.cl\/de\/produkt\/baugrundstueck-in-los-muermos-alto-canitas-region-los-lagos\/\" \/>\n<meta property=\"og:site_name\" content=\"Produncan\" \/>\n<meta property=\"article:publisher\" content=\"https:\/\/web.facebook.com\/produncanland\" \/>\n<meta property=\"article:modified_time\" content=\"2026-03-12T16:02:33+00:00\" \/>\n<meta property=\"og:image\" content=\"https:\/\/produncan.cl\/wp-content\/uploads\/2025\/01\/Alto-Canitas-vendido.webp\" \/>\n\t<meta property=\"og:image:width\" content=\"600\" \/>\n\t<meta property=\"og:image:height\" content=\"450\" \/>\n\t<meta property=\"og:image:type\" content=\"image\/webp\" \/>\n<meta name=\"twitter:card\" content=\"summary_large_image\" \/>\n<meta name=\"twitter:label1\" content=\"Price\" \/>\n\t<meta name=\"twitter:data1\" content=\"\" \/>\n\t<meta name=\"twitter:label2\" content=\"Availability\" \/>\n\t<meta name=\"twitter:data2\" content=\"Out of stock\" \/>\n<script type=\"application\/ld+json\" class=\"yoast-schema-graph\">{\"@context\":\"https:\\\/\\\/schema.org\",\"@graph\":[{\"@type\":\"WebPage\",\"@id\":\"https:\\\/\\\/produncan.cl\\\/de\\\/produkt\\\/baugrundstueck-in-los-muermos-alto-canitas-region-los-lagos\\\/\",\"url\":\"https:\\\/\\\/produncan.cl\\\/de\\\/produkt\\\/baugrundstueck-in-los-muermos-alto-canitas-region-los-lagos\\\/\",\"name\":\"Baugrundst\u00fcck in Los Muermos, Alto Ca\u00f1itas - Region Los Lagos - Produncan\",\"isPartOf\":{\"@id\":\"https:\\\/\\\/produncan.cl\\\/de\\\/#website\"},\"primaryImageOfPage\":{\"@id\":\"https:\\\/\\\/produncan.cl\\\/de\\\/produkt\\\/baugrundstueck-in-los-muermos-alto-canitas-region-los-lagos\\\/#primaryimage\"},\"image\":{\"@id\":\"https:\\\/\\\/produncan.cl\\\/de\\\/produkt\\\/baugrundstueck-in-los-muermos-alto-canitas-region-los-lagos\\\/#primaryimage\"},\"thumbnailUrl\":\"https:\\\/\\\/produncan.cl\\\/wp-content\\\/uploads\\\/2025\\\/01\\\/Alto-Canitas-vendido.webp\",\"datePublished\":\"2025-01-17T16:21:04+00:00\",\"dateModified\":\"2026-03-12T16:02:33+00:00\",\"description\":\"Grundst\u00fcck in Ca\u00f1itas, Los Muermos, R\u00edo Frio Station, 2,27 Hektar. \u00dcberwiegend Wiese, 10% einheimisch, sch\u00f6ner Blick auf die Bergkette, Wasser bei APR, 120 von Stromleitung und Asphalt.\",\"breadcrumb\":{\"@id\":\"https:\\\/\\\/produncan.cl\\\/de\\\/produkt\\\/baugrundstueck-in-los-muermos-alto-canitas-region-los-lagos\\\/#breadcrumb\"},\"inLanguage\":\"de-DE\",\"potentialAction\":[{\"@type\":\"ReadAction\",\"target\":[\"https:\\\/\\\/produncan.cl\\\/de\\\/produkt\\\/baugrundstueck-in-los-muermos-alto-canitas-region-los-lagos\\\/\"]}]},{\"@type\":\"ImageObject\",\"inLanguage\":\"de-DE\",\"@id\":\"https:\\\/\\\/produncan.cl\\\/de\\\/produkt\\\/baugrundstueck-in-los-muermos-alto-canitas-region-los-lagos\\\/#primaryimage\",\"url\":\"https:\\\/\\\/produncan.cl\\\/wp-content\\\/uploads\\\/2025\\\/01\\\/Alto-Canitas-vendido.webp\",\"contentUrl\":\"https:\\\/\\\/produncan.cl\\\/wp-content\\\/uploads\\\/2025\\\/01\\\/Alto-Canitas-vendido.webp\",\"width\":600,\"height\":450,\"caption\":\"Hohe Ca\u00f1itas verkauft\"},{\"@type\":\"BreadcrumbList\",\"@id\":\"https:\\\/\\\/produncan.cl\\\/de\\\/produkt\\\/baugrundstueck-in-los-muermos-alto-canitas-region-los-lagos\\\/#breadcrumb\",\"itemListElement\":[{\"@type\":\"ListItem\",\"position\":1,\"name\":\"Inicio\",\"item\":\"https:\\\/\\\/produncan.cl\\\/de\\\/\"},{\"@type\":\"ListItem\",\"position\":2,\"name\":\"Eigenschaften\",\"item\":\"https:\\\/\\\/produncan.cl\\\/propiedades\\\/\"},{\"@type\":\"ListItem\",\"position\":3,\"name\":\"Grundst\u00fccke\",\"item\":\"https:\\\/\\\/produncan.cl\\\/de\\\/kategorie\\\/grundstuecke\\\/\"},{\"@type\":\"ListItem\",\"position\":4,\"name\":\"Baugrundst\u00fcck in Los Muermos, Alto Ca\u00f1itas &#8211; Region Los Lagos\"}]},{\"@type\":\"WebSite\",\"@id\":\"https:\\\/\\\/produncan.cl\\\/de\\\/#website\",\"url\":\"https:\\\/\\\/produncan.cl\\\/de\\\/\",\"name\":\"Produncan\",\"description\":\"Wir begleiten Sie bei Ihrem Lebensprojekt!\",\"publisher\":{\"@id\":\"https:\\\/\\\/produncan.cl\\\/de\\\/#organization\"},\"potentialAction\":[{\"@type\":\"SearchAction\",\"target\":{\"@type\":\"EntryPoint\",\"urlTemplate\":\"https:\\\/\\\/produncan.cl\\\/de\\\/?s={search_term_string}\"},\"query-input\":{\"@type\":\"PropertyValueSpecification\",\"valueRequired\":true,\"valueName\":\"search_term_string\"}}],\"inLanguage\":\"de-DE\"},{\"@type\":\"Organization\",\"@id\":\"https:\\\/\\\/produncan.cl\\\/de\\\/#organization\",\"name\":\"Produncan\",\"url\":\"https:\\\/\\\/produncan.cl\\\/de\\\/\",\"logo\":{\"@type\":\"ImageObject\",\"inLanguage\":\"de-DE\",\"@id\":\"https:\\\/\\\/produncan.cl\\\/de\\\/#\\\/schema\\\/logo\\\/image\\\/\",\"url\":\"https:\\\/\\\/produncan.cl\\\/wp-content\\\/uploads\\\/2021\\\/03\\\/LOGO.jpeg\",\"contentUrl\":\"https:\\\/\\\/produncan.cl\\\/wp-content\\\/uploads\\\/2021\\\/03\\\/LOGO.jpeg\",\"width\":1280,\"height\":903,\"caption\":\"Produncan\"},\"image\":{\"@id\":\"https:\\\/\\\/produncan.cl\\\/de\\\/#\\\/schema\\\/logo\\\/image\\\/\"},\"sameAs\":[\"https:\\\/\\\/web.facebook.com\\\/produncanland\",\"https:\\\/\\\/www.instagram.com\\\/pro_duncan\\\/\",\"https:\\\/\\\/www.linkedin.com\\\/company\\\/produncan-lands\\\/\",\"https:\\\/\\\/www.youtube.com\\\/channel\\\/UCu7N-f3x0svkazD-Eew1-QQ\"],\"description\":\"En Produncan somos especialistas en la venta de terrenos en el sur de Chile. Proveemos estancias, campos, parcelas y hoteles.\",\"email\":\"info@produncan.cl\"}]}<\/script>\n<meta property=\"og:video\" content=\"https:\/\/www.youtube.com\/embed\/X8GnrDgwY8s\" \/>\n<meta property=\"og:video:type\" content=\"text\/html\" \/>\n<meta property=\"og:video:duration\" content=\"87\" \/>\n<meta property=\"og:video:width\" content=\"480\" \/>\n<meta property=\"og:video:height\" content=\"270\" \/>\n<meta property=\"ya:ovs:adult\" content=\"false\" \/>\n<meta property=\"ya:ovs:upload_date\" content=\"2025-01-17T16:21:04+00:00\" \/>\n<meta property=\"ya:ovs:allow_embed\" content=\"true\" \/>\n<meta property=\"product:price:currency\" content=\"USD\" \/>\n<meta property=\"og:availability\" content=\"out of stock\" \/>\n<meta property=\"product:availability\" content=\"out of stock\" \/>\n<meta property=\"product:condition\" content=\"new\" \/>\n<!-- \/ Yoast SEO Premium plugin. -->","yoast_head_json":{"title":"Baugrundst\u00fcck in Los Muermos, Alto Ca\u00f1itas - Region Los Lagos - Produncan","description":"Grundst\u00fcck in Ca\u00f1itas, Los Muermos, R\u00edo Frio Station, 2,27 Hektar. \u00dcberwiegend Wiese, 10% einheimisch, sch\u00f6ner Blick auf die Bergkette, Wasser bei APR, 120 von Stromleitung und Asphalt.","robots":{"index":"index","follow":"follow","max-snippet":"max-snippet:-1","max-image-preview":"max-image-preview:large","max-video-preview":"max-video-preview:-1"},"canonical":"https:\/\/produncan.cl\/de\/produkt\/baugrundstueck-in-los-muermos-alto-canitas-region-los-lagos\/","og_locale":"de_DE","og_type":"article","og_title":"Baugrundst\u00fcck in Los Muermos, Alto Ca\u00f1itas - Region Los Lagos","og_description":"Grundst\u00fcck in Ca\u00f1itas, Los Muermos, R\u00edo Frio Station, 2,27 Hektar. \u00dcberwiegend Wiese, 10% einheimisch, sch\u00f6ner Blick auf die Bergkette, Wasser bei APR, 120 von Stromleitung und Asphalt.","og_url":"https:\/\/produncan.cl\/de\/produkt\/baugrundstueck-in-los-muermos-alto-canitas-region-los-lagos\/","og_site_name":"Produncan","article_publisher":"https:\/\/web.facebook.com\/produncanland","article_modified_time":"2026-03-12T16:02:33+00:00","og_image":[{"width":600,"height":450,"url":"https:\/\/produncan.cl\/wp-content\/uploads\/2025\/01\/Alto-Canitas-vendido.webp","type":"image\/webp"}],"twitter_card":"summary_large_image","twitter_misc":{"Price":"","Availability":"Out of stock"},"schema":{"@context":"https:\/\/schema.org","@graph":[{"@type":"WebPage","@id":"https:\/\/produncan.cl\/de\/produkt\/baugrundstueck-in-los-muermos-alto-canitas-region-los-lagos\/","url":"https:\/\/produncan.cl\/de\/produkt\/baugrundstueck-in-los-muermos-alto-canitas-region-los-lagos\/","name":"Baugrundst\u00fcck in Los Muermos, Alto Ca\u00f1itas - Region Los Lagos - Produncan","isPartOf":{"@id":"https:\/\/produncan.cl\/de\/#website"},"primaryImageOfPage":{"@id":"https:\/\/produncan.cl\/de\/produkt\/baugrundstueck-in-los-muermos-alto-canitas-region-los-lagos\/#primaryimage"},"image":{"@id":"https:\/\/produncan.cl\/de\/produkt\/baugrundstueck-in-los-muermos-alto-canitas-region-los-lagos\/#primaryimage"},"thumbnailUrl":"https:\/\/produncan.cl\/wp-content\/uploads\/2025\/01\/Alto-Canitas-vendido.webp","datePublished":"2025-01-17T16:21:04+00:00","dateModified":"2026-03-12T16:02:33+00:00","description":"Grundst\u00fcck in Ca\u00f1itas, Los Muermos, R\u00edo Frio Station, 2,27 Hektar. \u00dcberwiegend Wiese, 10% einheimisch, sch\u00f6ner Blick auf die Bergkette, Wasser bei APR, 120 von Stromleitung und Asphalt.","breadcrumb":{"@id":"https:\/\/produncan.cl\/de\/produkt\/baugrundstueck-in-los-muermos-alto-canitas-region-los-lagos\/#breadcrumb"},"inLanguage":"de-DE","potentialAction":[{"@type":"ReadAction","target":["https:\/\/produncan.cl\/de\/produkt\/baugrundstueck-in-los-muermos-alto-canitas-region-los-lagos\/"]}]},{"@type":"ImageObject","inLanguage":"de-DE","@id":"https:\/\/produncan.cl\/de\/produkt\/baugrundstueck-in-los-muermos-alto-canitas-region-los-lagos\/#primaryimage","url":"https:\/\/produncan.cl\/wp-content\/uploads\/2025\/01\/Alto-Canitas-vendido.webp","contentUrl":"https:\/\/produncan.cl\/wp-content\/uploads\/2025\/01\/Alto-Canitas-vendido.webp","width":600,"height":450,"caption":"Hohe Ca\u00f1itas verkauft"},{"@type":"BreadcrumbList","@id":"https:\/\/produncan.cl\/de\/produkt\/baugrundstueck-in-los-muermos-alto-canitas-region-los-lagos\/#breadcrumb","itemListElement":[{"@type":"ListItem","position":1,"name":"Inicio","item":"https:\/\/produncan.cl\/de\/"},{"@type":"ListItem","position":2,"name":"Eigenschaften","item":"https:\/\/produncan.cl\/propiedades\/"},{"@type":"ListItem","position":3,"name":"Grundst\u00fccke","item":"https:\/\/produncan.cl\/de\/kategorie\/grundstuecke\/"},{"@type":"ListItem","position":4,"name":"Baugrundst\u00fcck in Los Muermos, Alto Ca\u00f1itas &#8211; Region Los Lagos"}]},{"@type":"WebSite","@id":"https:\/\/produncan.cl\/de\/#website","url":"https:\/\/produncan.cl\/de\/","name":"Produncan","description":"Wir begleiten Sie bei Ihrem Lebensprojekt!","publisher":{"@id":"https:\/\/produncan.cl\/de\/#organization"},"potentialAction":[{"@type":"SearchAction","target":{"@type":"EntryPoint","urlTemplate":"https:\/\/produncan.cl\/de\/?s={search_term_string}"},"query-input":{"@type":"PropertyValueSpecification","valueRequired":true,"valueName":"search_term_string"}}],"inLanguage":"de-DE"},{"@type":"Organization","@id":"https:\/\/produncan.cl\/de\/#organization","name":"Produncan","url":"https:\/\/produncan.cl\/de\/","logo":{"@type":"ImageObject","inLanguage":"de-DE","@id":"https:\/\/produncan.cl\/de\/#\/schema\/logo\/image\/","url":"https:\/\/produncan.cl\/wp-content\/uploads\/2021\/03\/LOGO.jpeg","contentUrl":"https:\/\/produncan.cl\/wp-content\/uploads\/2021\/03\/LOGO.jpeg","width":1280,"height":903,"caption":"Produncan"},"image":{"@id":"https:\/\/produncan.cl\/de\/#\/schema\/logo\/image\/"},"sameAs":["https:\/\/web.facebook.com\/produncanland","https:\/\/www.instagram.com\/pro_duncan\/","https:\/\/www.linkedin.com\/company\/produncan-lands\/","https:\/\/www.youtube.com\/channel\/UCu7N-f3x0svkazD-Eew1-QQ"],"description":"En Produncan somos especialistas en la venta de terrenos en el sur de Chile. Proveemos estancias, campos, parcelas y hoteles.","email":"info@produncan.cl"}]},"og_video":"https:\/\/www.youtube.com\/embed\/X8GnrDgwY8s","og_video_type":"text\/html","og_video_duration":"87","og_video_width":"480","og_video_height":"270","ya_ovs_adult":"false","ya_ovs_upload_date":"2025-01-17T16:21:04+00:00","ya_ovs_allow_embed":"true","product_price_currency":"USD","og_availability":"out of stock","product_availability":"out of stock","product_condition":"new"},"_links":{"self":[{"href":"https:\/\/produncan.cl\/de\/wp-json\/wp\/v2\/product\/38389","targetHints":{"allow":["GET"]}}],"collection":[{"href":"https:\/\/produncan.cl\/de\/wp-json\/wp\/v2\/product"}],"about":[{"href":"https:\/\/produncan.cl\/de\/wp-json\/wp\/v2\/types\/product"}],"version-history":[{"count":3,"href":"https:\/\/produncan.cl\/de\/wp-json\/wp\/v2\/product\/38389\/revisions"}],"predecessor-version":[{"id":54871,"href":"https:\/\/produncan.cl\/de\/wp-json\/wp\/v2\/product\/38389\/revisions\/54871"}],"wp:featuredmedia":[{"embeddable":true,"href":"https:\/\/produncan.cl\/de\/wp-json\/wp\/v2\/media\/49365"}],"wp:attachment":[{"href":"https:\/\/produncan.cl\/de\/wp-json\/wp\/v2\/media?parent=38389"}],"wp:term":[{"taxonomy":"product_brand","embeddable":true,"href":"https:\/\/produncan.cl\/de\/wp-json\/wp\/v2\/product_brand?post=38389"},{"taxonomy":"product_cat","embeddable":true,"href":"https:\/\/produncan.cl\/de\/wp-json\/wp\/v2\/product_cat?post=38389"},{"taxonomy":"product_tag","embeddable":true,"href":"https:\/\/produncan.cl\/de\/wp-json\/wp\/v2\/product_tag?post=38389"},{"taxonomy":"regiones","embeddable":true,"href":"https:\/\/produncan.cl\/de\/wp-json\/wp\/v2\/regiones?post=38389"},{"taxonomy":"ciudades","embeddable":true,"href":"https:\/\/produncan.cl\/de\/wp-json\/wp\/v2\/ciudades?post=38389"}],"curies":[{"name":"wp","href":"https:\/\/api.w.org\/{rel}","templated":true}]}}