{"id":38497,"date":"2025-01-22T12:28:13","date_gmt":"2025-01-22T15:28:13","guid":{"rendered":"https:\/\/produncan.cl\/producto\/feld-in-canitas-los-muermos-canitas-estate-region-los-lagos\/"},"modified":"2026-03-12T13:02:49","modified_gmt":"2026-03-12T16:02:49","slug":"feld-in-canitas-los-muermos-canitas-estate-region-los-lagos","status":"publish","type":"product","link":"https:\/\/produncan.cl\/de\/produkt\/feld-in-canitas-los-muermos-canitas-estate-region-los-lagos\/","title":{"rendered":"Feld in Ca\u00f1itas, Los Muermos &#8211; Ca\u00f1itas Estate, Region Los Lagos"},"content":{"rendered":"\t\t<div data-elementor-type=\"product-post\" data-elementor-id=\"38497\" class=\"elementor elementor-38497 elementor-38393\" data-elementor-post-type=\"product\">\n\t\t\t\t<div class=\"elementor-element elementor-element-de1aeef e-flex e-con-boxed e-con e-parent\" data-id=\"de1aeef\" data-element_type=\"container\" data-e-type=\"container\" data-settings=\"{&quot;jet_parallax_layout_list&quot;:[]}\">\n\t\t\t\t\t<div class=\"e-con-inner\">\n\t\t\t\t<div class=\"elementor-element elementor-element-5ff6ed3 elementor-widget elementor-widget-heading\" data-id=\"5ff6ed3\" data-element_type=\"widget\" data-e-type=\"widget\" data-widget_type=\"heading.default\">\n\t\t\t\t\t<h2 class=\"elementor-heading-title elementor-size-default\">Investieren Sie in einen stadtnahen Bauernhof in Ca\u00f1itas!<\/h2>\t\t\t\t<\/div>\n\t\t\t\t\t<\/div>\n\t\t\t\t<\/div>\n\t\t<div class=\"elementor-element elementor-element-66b90a8 e-flex e-con-boxed e-con e-parent\" data-id=\"66b90a8\" data-element_type=\"container\" data-e-type=\"container\" data-settings=\"{&quot;jet_parallax_layout_list&quot;:[]}\">\n\t\t\t\t\t<div class=\"e-con-inner\">\n\t\t\t\t<div class=\"elementor-element elementor-element-466318f elementor-widget elementor-widget-text-editor\" data-id=\"466318f\" data-element_type=\"widget\" data-e-type=\"widget\" data-widget_type=\"text-editor.default\">\n\t\t\t\t\t\t\t\t\t<p>Entdecken Sie dieses sch\u00f6ne Grundst\u00fcck von <strong>17,06 Hektar<\/strong> im Sektor Ca\u00f1itas, Gemeinde Los Muermos, in der sch\u00f6nen Zehnten Region. Es ist ideal f\u00fcr diejenigen, die einen Raum zur Selbstversorgung suchen, der sich perfekt f\u00fcr die Aufzucht von Tieren oder den Aufbau kleiner Produktionsplantagen eignet. Die N\u00e4he zu <strong>Puerto Varas<\/strong> und dem <strong>Flughafen El Tepual<\/strong> (nur 30 Minuten entfernt) bietet die M\u00f6glichkeit, die Ruhe auf dem Land zu genie\u00dfen, ohne die Verbindung zur Stadt zu verlieren.  <\/p>\n<p><strong>Caracter\u00edsticas del Terreno<\/strong><\/p>\n<ul>\n<li><strong>Verkaufspreis:<\/strong> $204.000.000 CLP ($12.000.000 CLP pro Hektar).<\/li>\n<li><strong>Gesamtfl\u00e4che:<\/strong> 17,06 Hektar registriert.<\/li>\n<li><strong>Landnutzung:<\/strong> Landwirtschaft.<\/li>\n<li><strong>Topographie:<\/strong> Rechteckige und meist ebene Fl\u00e4che.<\/li>\n<li><strong>Bodenbeschaffenheit:<\/strong> 11,77 Hektar der vierten Kategorie von Trockenland. 5,29 Hektar trockenes Land der sechsten Kategorie. Fruchtbares Land, ideal f\u00fcr Ackerbau und Viehzucht.  <\/li>\n<\/ul><div><br><\/div>\n<p><strong>Dienstleistungen und M\u00f6glichkeiten<\/strong><\/p>\n<ul>\n<li><strong>Elektrizit\u00e4t:<\/strong>\n<ul>\n<li>Durchf\u00fchrbarkeit der Verbindung mit einem 1.200 Meter langen Mast.<\/li>\n<li>Es besteht die M\u00f6glichkeit, diesen Abstand auf 100 Meter zu verringern, indem man beim Nachbarn eine Dienstbarkeit beantragt.<\/li>\n<\/ul>\n<\/li>\n<li><strong>Wasser:<\/strong>\n<\/li><ul>\n<li>Durchf\u00fchrbarkeit des Anschlusses an das APR-System in 1.200 m H\u00f6he.<\/li>\n<li>Tiefbrunnen-Alternative (gesch\u00e4tzte Kosten: 7.000.000 $ CLP).<\/li>\n<\/ul>\n\n<\/ul><div><br><\/div>\n<p><strong>Nat\u00fcrliche Umwelt<\/strong><\/p>\n<ul>\n<li><strong>Am Wasser:<\/strong> 147 Meter vor dem <strong>Fluss<\/strong> \u00d1adi, ideal, um eine einzigartige nat\u00fcrliche Umgebung zu genie\u00dfen.<\/li>\n<li><strong>Vegetation:<\/strong> 80 % Gr\u00fcnland und 20 % einheimische B\u00e4ume (einschlie\u00dflich Pellinen und Obstb\u00e4ume wie Apfel und Pflaume).<\/li>\n<li><strong>Klima:<\/strong> Gem\u00e4\u00dfigt und regnerisch, ideal f\u00fcr die Erhaltung der Fruchtbarkeit des Bodens und den Genuss gr\u00fcner Landschaften das ganze Jahr \u00fcber.<\/li>\n<li><strong>Flora und Fauna:<\/strong> Pellines, Myrten, Tepas, Ulmos, Murta, Bandurrias, Chucaos, F\u00fcchse und andere typische Tiere der Zehnten Region.<\/li>\n<\/ul><div><br><\/div>\n<p><strong>Acceso y Conectividad<\/strong><\/p>\n<ul>\n<li><strong>Entfernung zum Asphalt:<\/strong> Derzeit 1.200 Meter durch eine eingetragene Grunddienstbarkeit. Diese Entfernung kann durch Beantragung einer neuen Grunddienstbarkeit beim Nachbarn auf nur 100 Meter verringert werden. <\/li>\n<li><strong>Die N\u00e4he zu Annehmlichkeiten und Attraktionen:<\/strong>\n<\/li><ul>\n<li>30 Minuten vom <strong>Flughafen El Tepual<\/strong> entfernt.<\/li>\n<li>\u00d6ffentliche Verkehrsmittel verf\u00fcgbar.<\/li>\n<li>Telekommunikationssignal in dem Gebiet.<\/li>\n<li>Nahe gelegene Sehensw\u00fcrdigkeiten: <strong>R\u00edo Llico<\/strong> und <strong>R\u00edo \u00d1adi<\/strong>.<\/li>\n<\/ul>\n\n<\/ul><div><br><\/div>\n<p><strong>Warum diese Immobilie w\u00e4hlen<\/strong><\/p>\n<p>Dieser Bauernhof in Ca\u00f1itas, Los Muermos, bietet eine perfekte Kombination aus Sch\u00f6nheit, Konnektivit\u00e4t und Vielseitigkeit. Er ist ideal f\u00fcr kleine Landwirtschafts- und Viehzuchtprojekte oder als Investition. Seine N\u00e4he zu St\u00e4dten wie Ca\u00f1itas, Estaci\u00f3n R\u00edo Fr\u00edo und wichtigen st\u00e4dtischen und touristischen Zentren macht es einzigartig auf dem Markt.  <\/p>\n<p><strong>Lassen Sie sich diese Gelegenheit nicht entgehen!<\/strong> Kontaktieren Sie uns noch heute, um einen Besichtigungstermin zu vereinbaren und mehr \u00fcber dieses unglaubliche Grundst\u00fcck in Ca\u00f1itas zu erfahren.<\/p>\t\t\t\t\t\t\t\t<\/div>\n\t\t\t\t\t<\/div>\n\t\t\t\t<\/div>\n\t\t\t\t<\/div>\n\t\t","protected":false},"excerpt":{"rendered":"<p>Bauernhof in Ca\u00f1itas, Los Muermos, von 17,06 Hektar. Flache Topographie, meist Wiese, Fluss und 32 Minuten vom Flughafen El Tepual in Puerto Montt. Ideal f\u00fcr kleine Viehzucht, landwirtschaftliche und selbstversorgende Projekte.  <\/p>\n","protected":false},"featured_media":49360,"template":"","meta":{"_acf_changed":false},"product_brand":[],"product_cat":[104],"product_tag":[235],"regiones":[226],"ciudades":[216],"class_list":{"0":"post-38497","1":"product","2":"type-product","3":"status-publish","4":"has-post-thumbnail","6":"product_cat-ohiggins-los-lagos","7":"product_tag-felder","8":"regiones-nuble-los_lagos","9":"ciudades-los-muermos","11":"first","12":"outofstock","13":"sold-individually","14":"shipping-taxable","15":"product-type-simple"},"acf":[],"yoast_head":"<!-- This site is optimized with the Yoast SEO Premium plugin v26.0 (Yoast SEO v27.3) - https:\/\/yoast.com\/product\/yoast-seo-premium-wordpress\/ -->\n<title>Landleben in Ca\u00f1itas, Los Muermos - Region Los Lagos<\/title>\n<meta name=\"description\" content=\"Feld in Ca\u00f1itas, Los Muermos, von 17,06 Hektar. Flache Topographie, \u00fcberwiegend Grasland. Ideal f\u00fcr Kleinviehhaltung und landwirtschaftliche Projekte.\" \/>\n<meta name=\"robots\" content=\"index, follow, max-snippet:-1, max-image-preview:large, max-video-preview:-1\" \/>\n<link rel=\"canonical\" href=\"https:\/\/produncan.cl\/de\/produkt\/feld-in-canitas-los-muermos-canitas-estate-region-los-lagos\/\" \/>\n<meta property=\"og:locale\" content=\"de_DE\" \/>\n<meta property=\"og:type\" content=\"article\" \/>\n<meta property=\"og:title\" content=\"Feld in Ca\u00f1itas, Los Muermos - Ca\u00f1itas Estate, Region Los Lagos\" \/>\n<meta property=\"og:description\" content=\"Bauernhof in Ca\u00f1itas, Los Muermos, von 17,06 Hektar. Flache Topographie, meist Wiese, Fluss und 32 Minuten vom Flughafen El Tepual in Puerto Montt. Ideal f\u00fcr kleine Viehzucht, landwirtschaftliche und selbstversorgende Projekte.\" \/>\n<meta property=\"og:url\" content=\"https:\/\/produncan.cl\/de\/produkt\/feld-in-canitas-los-muermos-canitas-estate-region-los-lagos\/\" \/>\n<meta property=\"og:site_name\" content=\"Produncan\" \/>\n<meta property=\"article:publisher\" content=\"https:\/\/web.facebook.com\/produncanland\" \/>\n<meta property=\"article:modified_time\" content=\"2026-03-12T16:02:49+00:00\" \/>\n<meta property=\"og:image\" content=\"https:\/\/produncan.cl\/wp-content\/uploads\/2025\/01\/Campo-en-Los-Muermos-Fundo-Canitas-Produncan.webp\" \/>\n<meta name=\"twitter:card\" content=\"summary_large_image\" \/>\n<meta name=\"twitter:label1\" content=\"Price\" \/>\n\t<meta name=\"twitter:data1\" content=\"\" \/>\n\t<meta name=\"twitter:label2\" content=\"Availability\" \/>\n\t<meta name=\"twitter:data2\" content=\"Out of stock\" \/>\n<script type=\"application\/ld+json\" class=\"yoast-schema-graph\">{\"@context\":\"https:\\\/\\\/schema.org\",\"@graph\":[{\"@type\":\"WebPage\",\"@id\":\"https:\\\/\\\/produncan.cl\\\/de\\\/produkt\\\/feld-in-canitas-los-muermos-canitas-estate-region-los-lagos\\\/\",\"url\":\"https:\\\/\\\/produncan.cl\\\/de\\\/produkt\\\/feld-in-canitas-los-muermos-canitas-estate-region-los-lagos\\\/\",\"name\":\"Landleben in Ca\u00f1itas, Los Muermos - Region Los Lagos\",\"isPartOf\":{\"@id\":\"https:\\\/\\\/produncan.cl\\\/de\\\/#website\"},\"primaryImageOfPage\":{\"@id\":\"https:\\\/\\\/produncan.cl\\\/de\\\/produkt\\\/feld-in-canitas-los-muermos-canitas-estate-region-los-lagos\\\/#primaryimage\"},\"image\":{\"@id\":\"https:\\\/\\\/produncan.cl\\\/de\\\/produkt\\\/feld-in-canitas-los-muermos-canitas-estate-region-los-lagos\\\/#primaryimage\"},\"thumbnailUrl\":\"https:\\\/\\\/produncan.cl\\\/wp-content\\\/uploads\\\/2025\\\/01\\\/Fundo-Canitas-vendido.webp\",\"datePublished\":\"2025-01-22T15:28:13+00:00\",\"dateModified\":\"2026-03-12T16:02:49+00:00\",\"description\":\"Feld in Ca\u00f1itas, Los Muermos, von 17,06 Hektar. Flache Topographie, \u00fcberwiegend Grasland. Ideal f\u00fcr Kleinviehhaltung und landwirtschaftliche Projekte.\",\"breadcrumb\":{\"@id\":\"https:\\\/\\\/produncan.cl\\\/de\\\/produkt\\\/feld-in-canitas-los-muermos-canitas-estate-region-los-lagos\\\/#breadcrumb\"},\"inLanguage\":\"de-DE\",\"potentialAction\":[{\"@type\":\"ReadAction\",\"target\":[\"https:\\\/\\\/produncan.cl\\\/de\\\/produkt\\\/feld-in-canitas-los-muermos-canitas-estate-region-los-lagos\\\/\"]}]},{\"@type\":\"ImageObject\",\"inLanguage\":\"de-DE\",\"@id\":\"https:\\\/\\\/produncan.cl\\\/de\\\/produkt\\\/feld-in-canitas-los-muermos-canitas-estate-region-los-lagos\\\/#primaryimage\",\"url\":\"https:\\\/\\\/produncan.cl\\\/wp-content\\\/uploads\\\/2025\\\/01\\\/Fundo-Canitas-vendido.webp\",\"contentUrl\":\"https:\\\/\\\/produncan.cl\\\/wp-content\\\/uploads\\\/2025\\\/01\\\/Fundo-Canitas-vendido.webp\",\"width\":600,\"height\":450,\"caption\":\"Fundo Ca\u00f1itas verkauft\"},{\"@type\":\"BreadcrumbList\",\"@id\":\"https:\\\/\\\/produncan.cl\\\/de\\\/produkt\\\/feld-in-canitas-los-muermos-canitas-estate-region-los-lagos\\\/#breadcrumb\",\"itemListElement\":[{\"@type\":\"ListItem\",\"position\":1,\"name\":\"Inicio\",\"item\":\"https:\\\/\\\/produncan.cl\\\/de\\\/\"},{\"@type\":\"ListItem\",\"position\":2,\"name\":\"Eigenschaften\",\"item\":\"https:\\\/\\\/produncan.cl\\\/propiedades\\\/\"},{\"@type\":\"ListItem\",\"position\":3,\"name\":\"Felder\",\"item\":\"https:\\\/\\\/produncan.cl\\\/de\\\/kategorie\\\/felder\\\/\"},{\"@type\":\"ListItem\",\"position\":4,\"name\":\"Feld in Ca\u00f1itas, Los Muermos &#8211; Ca\u00f1itas Estate, Region Los Lagos\"}]},{\"@type\":\"WebSite\",\"@id\":\"https:\\\/\\\/produncan.cl\\\/de\\\/#website\",\"url\":\"https:\\\/\\\/produncan.cl\\\/de\\\/\",\"name\":\"Produncan\",\"description\":\"Wir begleiten Sie bei Ihrem Lebensprojekt!\",\"publisher\":{\"@id\":\"https:\\\/\\\/produncan.cl\\\/de\\\/#organization\"},\"potentialAction\":[{\"@type\":\"SearchAction\",\"target\":{\"@type\":\"EntryPoint\",\"urlTemplate\":\"https:\\\/\\\/produncan.cl\\\/de\\\/?s={search_term_string}\"},\"query-input\":{\"@type\":\"PropertyValueSpecification\",\"valueRequired\":true,\"valueName\":\"search_term_string\"}}],\"inLanguage\":\"de-DE\"},{\"@type\":\"Organization\",\"@id\":\"https:\\\/\\\/produncan.cl\\\/de\\\/#organization\",\"name\":\"Produncan\",\"url\":\"https:\\\/\\\/produncan.cl\\\/de\\\/\",\"logo\":{\"@type\":\"ImageObject\",\"inLanguage\":\"de-DE\",\"@id\":\"https:\\\/\\\/produncan.cl\\\/de\\\/#\\\/schema\\\/logo\\\/image\\\/\",\"url\":\"https:\\\/\\\/produncan.cl\\\/wp-content\\\/uploads\\\/2021\\\/03\\\/LOGO.jpeg\",\"contentUrl\":\"https:\\\/\\\/produncan.cl\\\/wp-content\\\/uploads\\\/2021\\\/03\\\/LOGO.jpeg\",\"width\":1280,\"height\":903,\"caption\":\"Produncan\"},\"image\":{\"@id\":\"https:\\\/\\\/produncan.cl\\\/de\\\/#\\\/schema\\\/logo\\\/image\\\/\"},\"sameAs\":[\"https:\\\/\\\/web.facebook.com\\\/produncanland\",\"https:\\\/\\\/www.instagram.com\\\/pro_duncan\\\/\",\"https:\\\/\\\/www.linkedin.com\\\/company\\\/produncan-lands\\\/\",\"https:\\\/\\\/www.youtube.com\\\/channel\\\/UCu7N-f3x0svkazD-Eew1-QQ\"],\"description\":\"En Produncan somos especialistas en la venta de terrenos en el sur de Chile. Proveemos estancias, campos, parcelas y hoteles.\",\"email\":\"info@produncan.cl\"}]}<\/script>\n<meta property=\"og:video\" content=\"https:\/\/www.youtube.com\/embed\/DDk0duJvIbY\" \/>\n<meta property=\"og:video:type\" content=\"text\/html\" \/>\n<meta property=\"og:video:duration\" content=\"118\" \/>\n<meta property=\"og:video:width\" content=\"480\" \/>\n<meta property=\"og:video:height\" content=\"270\" \/>\n<meta property=\"ya:ovs:adult\" content=\"false\" \/>\n<meta property=\"ya:ovs:upload_date\" content=\"2025-01-22T15:28:13+00:00\" \/>\n<meta property=\"ya:ovs:allow_embed\" content=\"true\" \/>\n<meta property=\"product:price:currency\" content=\"USD\" \/>\n<meta property=\"og:availability\" content=\"out of stock\" \/>\n<meta property=\"product:availability\" content=\"out of stock\" \/>\n<meta property=\"product:condition\" content=\"new\" \/>\n<!-- \/ Yoast SEO Premium plugin. -->","yoast_head_json":{"title":"Landleben in Ca\u00f1itas, Los Muermos - Region Los Lagos","description":"Feld in Ca\u00f1itas, Los Muermos, von 17,06 Hektar. Flache Topographie, \u00fcberwiegend Grasland. Ideal f\u00fcr Kleinviehhaltung und landwirtschaftliche Projekte.","robots":{"index":"index","follow":"follow","max-snippet":"max-snippet:-1","max-image-preview":"max-image-preview:large","max-video-preview":"max-video-preview:-1"},"canonical":"https:\/\/produncan.cl\/de\/produkt\/feld-in-canitas-los-muermos-canitas-estate-region-los-lagos\/","og_locale":"de_DE","og_type":"article","og_title":"Feld in Ca\u00f1itas, Los Muermos - Ca\u00f1itas Estate, Region Los Lagos","og_description":"Bauernhof in Ca\u00f1itas, Los Muermos, von 17,06 Hektar. Flache Topographie, meist Wiese, Fluss und 32 Minuten vom Flughafen El Tepual in Puerto Montt. Ideal f\u00fcr kleine Viehzucht, landwirtschaftliche und selbstversorgende Projekte.","og_url":"https:\/\/produncan.cl\/de\/produkt\/feld-in-canitas-los-muermos-canitas-estate-region-los-lagos\/","og_site_name":"Produncan","article_publisher":"https:\/\/web.facebook.com\/produncanland","article_modified_time":"2026-03-12T16:02:49+00:00","og_image":[{"url":"https:\/\/produncan.cl\/wp-content\/uploads\/2025\/01\/Campo-en-Los-Muermos-Fundo-Canitas-Produncan.webp","type":"","width":"","height":""}],"twitter_card":"summary_large_image","twitter_misc":{"Price":"","Availability":"Out of stock"},"schema":{"@context":"https:\/\/schema.org","@graph":[{"@type":"WebPage","@id":"https:\/\/produncan.cl\/de\/produkt\/feld-in-canitas-los-muermos-canitas-estate-region-los-lagos\/","url":"https:\/\/produncan.cl\/de\/produkt\/feld-in-canitas-los-muermos-canitas-estate-region-los-lagos\/","name":"Landleben in Ca\u00f1itas, Los Muermos - Region Los Lagos","isPartOf":{"@id":"https:\/\/produncan.cl\/de\/#website"},"primaryImageOfPage":{"@id":"https:\/\/produncan.cl\/de\/produkt\/feld-in-canitas-los-muermos-canitas-estate-region-los-lagos\/#primaryimage"},"image":{"@id":"https:\/\/produncan.cl\/de\/produkt\/feld-in-canitas-los-muermos-canitas-estate-region-los-lagos\/#primaryimage"},"thumbnailUrl":"https:\/\/produncan.cl\/wp-content\/uploads\/2025\/01\/Fundo-Canitas-vendido.webp","datePublished":"2025-01-22T15:28:13+00:00","dateModified":"2026-03-12T16:02:49+00:00","description":"Feld in Ca\u00f1itas, Los Muermos, von 17,06 Hektar. Flache Topographie, \u00fcberwiegend Grasland. Ideal f\u00fcr Kleinviehhaltung und landwirtschaftliche Projekte.","breadcrumb":{"@id":"https:\/\/produncan.cl\/de\/produkt\/feld-in-canitas-los-muermos-canitas-estate-region-los-lagos\/#breadcrumb"},"inLanguage":"de-DE","potentialAction":[{"@type":"ReadAction","target":["https:\/\/produncan.cl\/de\/produkt\/feld-in-canitas-los-muermos-canitas-estate-region-los-lagos\/"]}]},{"@type":"ImageObject","inLanguage":"de-DE","@id":"https:\/\/produncan.cl\/de\/produkt\/feld-in-canitas-los-muermos-canitas-estate-region-los-lagos\/#primaryimage","url":"https:\/\/produncan.cl\/wp-content\/uploads\/2025\/01\/Fundo-Canitas-vendido.webp","contentUrl":"https:\/\/produncan.cl\/wp-content\/uploads\/2025\/01\/Fundo-Canitas-vendido.webp","width":600,"height":450,"caption":"Fundo Ca\u00f1itas verkauft"},{"@type":"BreadcrumbList","@id":"https:\/\/produncan.cl\/de\/produkt\/feld-in-canitas-los-muermos-canitas-estate-region-los-lagos\/#breadcrumb","itemListElement":[{"@type":"ListItem","position":1,"name":"Inicio","item":"https:\/\/produncan.cl\/de\/"},{"@type":"ListItem","position":2,"name":"Eigenschaften","item":"https:\/\/produncan.cl\/propiedades\/"},{"@type":"ListItem","position":3,"name":"Felder","item":"https:\/\/produncan.cl\/de\/kategorie\/felder\/"},{"@type":"ListItem","position":4,"name":"Feld in Ca\u00f1itas, Los Muermos &#8211; Ca\u00f1itas Estate, Region Los Lagos"}]},{"@type":"WebSite","@id":"https:\/\/produncan.cl\/de\/#website","url":"https:\/\/produncan.cl\/de\/","name":"Produncan","description":"Wir begleiten Sie bei Ihrem Lebensprojekt!","publisher":{"@id":"https:\/\/produncan.cl\/de\/#organization"},"potentialAction":[{"@type":"SearchAction","target":{"@type":"EntryPoint","urlTemplate":"https:\/\/produncan.cl\/de\/?s={search_term_string}"},"query-input":{"@type":"PropertyValueSpecification","valueRequired":true,"valueName":"search_term_string"}}],"inLanguage":"de-DE"},{"@type":"Organization","@id":"https:\/\/produncan.cl\/de\/#organization","name":"Produncan","url":"https:\/\/produncan.cl\/de\/","logo":{"@type":"ImageObject","inLanguage":"de-DE","@id":"https:\/\/produncan.cl\/de\/#\/schema\/logo\/image\/","url":"https:\/\/produncan.cl\/wp-content\/uploads\/2021\/03\/LOGO.jpeg","contentUrl":"https:\/\/produncan.cl\/wp-content\/uploads\/2021\/03\/LOGO.jpeg","width":1280,"height":903,"caption":"Produncan"},"image":{"@id":"https:\/\/produncan.cl\/de\/#\/schema\/logo\/image\/"},"sameAs":["https:\/\/web.facebook.com\/produncanland","https:\/\/www.instagram.com\/pro_duncan\/","https:\/\/www.linkedin.com\/company\/produncan-lands\/","https:\/\/www.youtube.com\/channel\/UCu7N-f3x0svkazD-Eew1-QQ"],"description":"En Produncan somos especialistas en la venta de terrenos en el sur de Chile. Proveemos estancias, campos, parcelas y hoteles.","email":"info@produncan.cl"}]},"og_video":"https:\/\/www.youtube.com\/embed\/DDk0duJvIbY","og_video_type":"text\/html","og_video_duration":"118","og_video_width":"480","og_video_height":"270","ya_ovs_adult":"false","ya_ovs_upload_date":"2025-01-22T15:28:13+00:00","ya_ovs_allow_embed":"true","product_price_currency":"USD","og_availability":"out of stock","product_availability":"out of stock","product_condition":"new"},"_links":{"self":[{"href":"https:\/\/produncan.cl\/de\/wp-json\/wp\/v2\/product\/38497","targetHints":{"allow":["GET"]}}],"collection":[{"href":"https:\/\/produncan.cl\/de\/wp-json\/wp\/v2\/product"}],"about":[{"href":"https:\/\/produncan.cl\/de\/wp-json\/wp\/v2\/types\/product"}],"version-history":[{"count":1,"href":"https:\/\/produncan.cl\/de\/wp-json\/wp\/v2\/product\/38497\/revisions"}],"predecessor-version":[{"id":52357,"href":"https:\/\/produncan.cl\/de\/wp-json\/wp\/v2\/product\/38497\/revisions\/52357"}],"wp:featuredmedia":[{"embeddable":true,"href":"https:\/\/produncan.cl\/de\/wp-json\/wp\/v2\/media\/49360"}],"wp:attachment":[{"href":"https:\/\/produncan.cl\/de\/wp-json\/wp\/v2\/media?parent=38497"}],"wp:term":[{"taxonomy":"product_brand","embeddable":true,"href":"https:\/\/produncan.cl\/de\/wp-json\/wp\/v2\/product_brand?post=38497"},{"taxonomy":"product_cat","embeddable":true,"href":"https:\/\/produncan.cl\/de\/wp-json\/wp\/v2\/product_cat?post=38497"},{"taxonomy":"product_tag","embeddable":true,"href":"https:\/\/produncan.cl\/de\/wp-json\/wp\/v2\/product_tag?post=38497"},{"taxonomy":"regiones","embeddable":true,"href":"https:\/\/produncan.cl\/de\/wp-json\/wp\/v2\/regiones?post=38497"},{"taxonomy":"ciudades","embeddable":true,"href":"https:\/\/produncan.cl\/de\/wp-json\/wp\/v2\/ciudades?post=38497"}],"curies":[{"name":"wp","href":"https:\/\/api.w.org\/{rel}","templated":true}]}}