{"id":38745,"date":"2025-01-27T18:54:09","date_gmt":"2025-01-27T21:54:09","guid":{"rendered":"https:\/\/produncan.cl\/producto\/landgut-mit-haus-in-fresia-tegualda-seengebiet\/"},"modified":"2025-12-04T17:09:11","modified_gmt":"2025-12-04T20:09:11","slug":"landgut-mit-haus-in-fresia-tegualda-seengebiet","status":"publish","type":"product","link":"https:\/\/produncan.cl\/de\/produkt\/landgut-mit-haus-in-fresia-tegualda-seengebiet\/","title":{"rendered":"Landgut mit Haus in Fresia &#8211; Tegualda, Seengebiet"},"content":{"rendered":"\t\t<div data-elementor-type=\"product-post\" data-elementor-id=\"38745\" class=\"elementor elementor-38745 elementor-38648\" data-elementor-post-type=\"product\">\n\t\t\t\t<div class=\"elementor-element elementor-element-1280a05 e-flex e-con-boxed e-con e-parent\" data-id=\"1280a05\" data-element_type=\"container\" data-e-type=\"container\" data-settings=\"{&quot;jet_parallax_layout_list&quot;:[]}\">\n\t\t\t\t\t<div class=\"e-con-inner\">\n\t\t\t\t<div class=\"elementor-element elementor-element-e62a0e8 elementor-widget elementor-widget-heading\" data-id=\"e62a0e8\" data-element_type=\"widget\" data-e-type=\"widget\" data-widget_type=\"heading.default\">\n\t\t\t\t\t<h2 class=\"elementor-heading-title elementor-size-default\">10,6 Hektar Feld mit Haus in Fresia<\/h2>\t\t\t\t<\/div>\n\t\t\t\t\t<\/div>\n\t\t\t\t<\/div>\n\t\t<div class=\"elementor-element elementor-element-2001cc7 e-flex e-con-boxed e-con e-parent\" data-id=\"2001cc7\" data-element_type=\"container\" data-e-type=\"container\" data-settings=\"{&quot;jet_parallax_layout_list&quot;:[]}\">\n\t\t\t\t\t<div class=\"e-con-inner\">\n\t\t\t\t<div class=\"elementor-element elementor-element-6c34a96 elementor-widget elementor-widget-text-editor\" data-id=\"6c34a96\" data-element_type=\"widget\" data-e-type=\"widget\" data-widget_type=\"text-editor.default\">\n\t\t\t\t\t\t\t\t\t<p>Im Sektor Alto Bonito, Tegualda, Gemeinde Fresia, Region Los Lagos, liegt dieses 10,6 Hektar gro\u00dfe Grundst\u00fcck mit einem Preis von 220.000.000 $, das sich ideal f\u00fcr kleine landwirtschaftliche oder viehwirtschaftliche Projekte eignet. Es ist umgeben von einheimischer Vegetation wie Coihues, Myrten, Haselnuss- und Obstb\u00e4umen und alten Apfelhainen. <\/p><p>Das Land ist flach mit sanften H\u00fcgeln, guter Sonneneinstrahlung, l\u00e4ndlichem Trinkwasser (APR), Crell-Strom und kompletter Umz\u00e4unung. Im S\u00fcden grenzt es an den Bach La Piedra, eine zus\u00e4tzliche Attraktion f\u00fcr diejenigen, die eine nat\u00fcrliche Umgebung suchen. <\/p><p>Das Camp in Tegualda umfasst ein 60 m\u00b2 gro\u00dfes Holzhaus aus dem Jahr 2015, mit 3 Schlafzimmern, 1 Badezimmer, Holzofen und Warmwassersystem mit Spule. Es hat auch einen Holzschuppen und eine halbe Wasser f\u00fcr die Lagerung. <\/p><p>Nur 2 km von der Landebahn entfernt, mit Zugang \u00fcber eine Schotterstra\u00dfe in ausgezeichnetem Zustand, ist diese Immobilie gut angebunden. Die Stadt Fresia ist nur wenige Minuten entfernt, w\u00e4hrend der n\u00e4chstgelegene Flughafen 1 Stunde entfernt ist. Au\u00dferdem ist das Gebiet gut an den \u00f6ffentlichen Nahverkehr und die Telekommunikation angebunden.  <\/p><p>In der N\u00e4he von Touristenattraktionen wie Frutillar, Puerto Varas und dem Nationalpark Alerce Andino bietet diese Immobilie eine hervorragende Gelegenheit f\u00fcr diejenigen, die Lebensqualit\u00e4t, Natur und Produktivit\u00e4t miteinander verbinden m\u00f6chten.<\/p><p>Kontaktieren Sie uns, um mehr \u00fcber diese einzigartige Gelegenheit zu erfahren!<\/p>\t\t\t\t\t\t\t\t<\/div>\n\t\t\t\t\t<\/div>\n\t\t\t\t<\/div>\n\t\t\t\t<\/div>\n\t\t","protected":false},"excerpt":{"rendered":"<p>Grundst\u00fcck mit Haus in Fresia mit 60 m\u00b2 Wohnfl\u00e4che, umgeben von Natur, Obstb\u00e4umen und einem Bach. Ideal f\u00fcr landwirtschaftliche Projekte, in der N\u00e4he von Fresia, Frutillar und dem Parque Alerce Andino. <\/p>\n","protected":false},"featured_media":38653,"template":"","meta":{"_acf_changed":false},"product_brand":[],"product_cat":[104],"product_tag":[235],"regiones":[226],"ciudades":[214],"class_list":{"0":"post-38745","1":"product","2":"type-product","3":"status-publish","4":"has-post-thumbnail","6":"product_cat-ohiggins-los-lagos","7":"product_tag-felder","8":"regiones-nuble-los_lagos","9":"ciudades-fresia","11":"first","12":"instock","13":"shipping-taxable","14":"purchasable","15":"product-type-simple"},"acf":[],"yoast_head":"<!-- This site is optimized with the Yoast SEO Premium plugin v26.0 (Yoast SEO v27.3) - https:\/\/yoast.com\/product\/yoast-seo-premium-wordpress\/ -->\n<title>Landgut mit Haus in Fresia - Tegualda, Seengebiet - Produncan<\/title>\n<meta name=\"description\" content=\"Feld mit Haus in Fresia von 10,6 Hektar mit Haus von 60 m\u00b2, umgeben von Natur, Obstb\u00e4umen und Flussm\u00fcndung. Ideal f\u00fcr landwirtschaftliche Projekte, in der N\u00e4he von Fresia.\" \/>\n<meta name=\"robots\" content=\"index, follow, max-snippet:-1, max-image-preview:large, max-video-preview:-1\" \/>\n<link rel=\"canonical\" href=\"https:\/\/produncan.cl\/de\/produkt\/landgut-mit-haus-in-fresia-tegualda-seengebiet\/\" \/>\n<meta property=\"og:locale\" content=\"de_DE\" \/>\n<meta property=\"og:type\" content=\"article\" \/>\n<meta property=\"og:title\" content=\"Landgut mit Haus in Fresia - Tegualda, Seengebiet\" \/>\n<meta property=\"og:description\" content=\"Feld mit Haus in Fresia von 10,6 Hektar mit Haus von 60 m\u00b2, umgeben von Natur, Obstb\u00e4umen und Flussm\u00fcndung. Ideal f\u00fcr landwirtschaftliche Projekte, in der N\u00e4he von Fresia.\" \/>\n<meta property=\"og:url\" content=\"https:\/\/produncan.cl\/de\/produkt\/landgut-mit-haus-in-fresia-tegualda-seengebiet\/\" \/>\n<meta property=\"og:site_name\" content=\"Produncan\" \/>\n<meta property=\"article:publisher\" content=\"https:\/\/web.facebook.com\/produncanland\" \/>\n<meta property=\"article:modified_time\" content=\"2025-12-04T20:09:11+00:00\" \/>\n<meta property=\"og:image\" content=\"https:\/\/produncan.cl\/wp-content\/uploads\/2025\/01\/Campo-en-Fresia-Tegualda.webp\" \/>\n<meta name=\"twitter:card\" content=\"summary_large_image\" \/>\n<meta name=\"twitter:label1\" content=\"Price\" \/>\n\t<meta name=\"twitter:data1\" content=\"USD239.200,00\" \/>\n\t<meta name=\"twitter:label2\" content=\"Availability\" \/>\n\t<meta name=\"twitter:data2\" content=\"In stock\" \/>\n<script type=\"application\/ld+json\" class=\"yoast-schema-graph\">{\"@context\":\"https:\\\/\\\/schema.org\",\"@graph\":[{\"@type\":\"WebPage\",\"@id\":\"https:\\\/\\\/produncan.cl\\\/de\\\/produkt\\\/landgut-mit-haus-in-fresia-tegualda-seengebiet\\\/\",\"url\":\"https:\\\/\\\/produncan.cl\\\/de\\\/produkt\\\/landgut-mit-haus-in-fresia-tegualda-seengebiet\\\/\",\"name\":\"Landgut mit Haus in Fresia - Tegualda, Seengebiet - Produncan\",\"isPartOf\":{\"@id\":\"https:\\\/\\\/produncan.cl\\\/de\\\/#website\"},\"primaryImageOfPage\":{\"@id\":\"https:\\\/\\\/produncan.cl\\\/de\\\/produkt\\\/landgut-mit-haus-in-fresia-tegualda-seengebiet\\\/#primaryimage\"},\"image\":{\"@id\":\"https:\\\/\\\/produncan.cl\\\/de\\\/produkt\\\/landgut-mit-haus-in-fresia-tegualda-seengebiet\\\/#primaryimage\"},\"thumbnailUrl\":\"https:\\\/\\\/produncan.cl\\\/wp-content\\\/uploads\\\/2025\\\/01\\\/Campo-en-Fresia-Tegualda.webp\",\"datePublished\":\"2025-01-27T21:54:09+00:00\",\"dateModified\":\"2025-12-04T20:09:11+00:00\",\"description\":\"Feld mit Haus in Fresia von 10,6 Hektar mit Haus von 60 m\u00b2, umgeben von Natur, Obstb\u00e4umen und Flussm\u00fcndung. Ideal f\u00fcr landwirtschaftliche Projekte, in der N\u00e4he von Fresia.\",\"breadcrumb\":{\"@id\":\"https:\\\/\\\/produncan.cl\\\/de\\\/produkt\\\/landgut-mit-haus-in-fresia-tegualda-seengebiet\\\/#breadcrumb\"},\"inLanguage\":\"de-DE\",\"potentialAction\":[{\"@type\":\"ReadAction\",\"target\":[\"https:\\\/\\\/produncan.cl\\\/de\\\/produkt\\\/landgut-mit-haus-in-fresia-tegualda-seengebiet\\\/\"]}]},{\"@type\":\"ImageObject\",\"inLanguage\":\"de-DE\",\"@id\":\"https:\\\/\\\/produncan.cl\\\/de\\\/produkt\\\/landgut-mit-haus-in-fresia-tegualda-seengebiet\\\/#primaryimage\",\"url\":\"https:\\\/\\\/produncan.cl\\\/wp-content\\\/uploads\\\/2025\\\/01\\\/Campo-en-Fresia-Tegualda.webp\",\"contentUrl\":\"https:\\\/\\\/produncan.cl\\\/wp-content\\\/uploads\\\/2025\\\/01\\\/Campo-en-Fresia-Tegualda.webp\",\"width\":800,\"height\":600,\"caption\":\"Feld in Fresia Tegualda\"},{\"@type\":\"BreadcrumbList\",\"@id\":\"https:\\\/\\\/produncan.cl\\\/de\\\/produkt\\\/landgut-mit-haus-in-fresia-tegualda-seengebiet\\\/#breadcrumb\",\"itemListElement\":[{\"@type\":\"ListItem\",\"position\":1,\"name\":\"Inicio\",\"item\":\"https:\\\/\\\/produncan.cl\\\/de\\\/\"},{\"@type\":\"ListItem\",\"position\":2,\"name\":\"Eigenschaften\",\"item\":\"https:\\\/\\\/produncan.cl\\\/propiedades\\\/\"},{\"@type\":\"ListItem\",\"position\":3,\"name\":\"Felder\",\"item\":\"https:\\\/\\\/produncan.cl\\\/de\\\/kategorie\\\/felder\\\/\"},{\"@type\":\"ListItem\",\"position\":4,\"name\":\"Landgut mit Haus in Fresia &#8211; Tegualda, Seengebiet\"}]},{\"@type\":\"WebSite\",\"@id\":\"https:\\\/\\\/produncan.cl\\\/de\\\/#website\",\"url\":\"https:\\\/\\\/produncan.cl\\\/de\\\/\",\"name\":\"Produncan\",\"description\":\"Wir begleiten Sie bei Ihrem Lebensprojekt!\",\"publisher\":{\"@id\":\"https:\\\/\\\/produncan.cl\\\/de\\\/#organization\"},\"potentialAction\":[{\"@type\":\"SearchAction\",\"target\":{\"@type\":\"EntryPoint\",\"urlTemplate\":\"https:\\\/\\\/produncan.cl\\\/de\\\/?s={search_term_string}\"},\"query-input\":{\"@type\":\"PropertyValueSpecification\",\"valueRequired\":true,\"valueName\":\"search_term_string\"}}],\"inLanguage\":\"de-DE\"},{\"@type\":\"Organization\",\"@id\":\"https:\\\/\\\/produncan.cl\\\/de\\\/#organization\",\"name\":\"Produncan\",\"url\":\"https:\\\/\\\/produncan.cl\\\/de\\\/\",\"logo\":{\"@type\":\"ImageObject\",\"inLanguage\":\"de-DE\",\"@id\":\"https:\\\/\\\/produncan.cl\\\/de\\\/#\\\/schema\\\/logo\\\/image\\\/\",\"url\":\"https:\\\/\\\/produncan.cl\\\/wp-content\\\/uploads\\\/2021\\\/03\\\/LOGO.jpeg\",\"contentUrl\":\"https:\\\/\\\/produncan.cl\\\/wp-content\\\/uploads\\\/2021\\\/03\\\/LOGO.jpeg\",\"width\":1280,\"height\":903,\"caption\":\"Produncan\"},\"image\":{\"@id\":\"https:\\\/\\\/produncan.cl\\\/de\\\/#\\\/schema\\\/logo\\\/image\\\/\"},\"sameAs\":[\"https:\\\/\\\/web.facebook.com\\\/produncanland\",\"https:\\\/\\\/www.instagram.com\\\/pro_duncan\\\/\",\"https:\\\/\\\/www.linkedin.com\\\/company\\\/produncan-lands\\\/\",\"https:\\\/\\\/www.youtube.com\\\/channel\\\/UCu7N-f3x0svkazD-Eew1-QQ\"],\"description\":\"En Produncan somos especialistas en la venta de terrenos en el sur de Chile. Proveemos estancias, campos, parcelas y hoteles.\",\"email\":\"info@produncan.cl\"}]}<\/script>\n<meta property=\"og:video\" content=\"https:\/\/www.youtube.com\/embed\/E5slOczUXcE\" \/>\n<meta property=\"og:video:type\" content=\"text\/html\" \/>\n<meta property=\"og:video:duration\" content=\"112\" \/>\n<meta property=\"og:video:width\" content=\"480\" \/>\n<meta property=\"og:video:height\" content=\"270\" \/>\n<meta property=\"ya:ovs:adult\" content=\"false\" \/>\n<meta property=\"ya:ovs:upload_date\" content=\"2025-01-27T21:54:09+00:00\" \/>\n<meta property=\"ya:ovs:allow_embed\" content=\"true\" \/>\n<meta property=\"product:price:amount\" content=\"239200.00\" \/>\n<meta property=\"product:price:currency\" content=\"USD\" \/>\n<meta property=\"og:availability\" content=\"instock\" \/>\n<meta property=\"product:availability\" content=\"instock\" \/>\n<meta property=\"product:condition\" content=\"new\" \/>\n<!-- \/ Yoast SEO Premium plugin. -->","yoast_head_json":{"title":"Landgut mit Haus in Fresia - Tegualda, Seengebiet - Produncan","description":"Feld mit Haus in Fresia von 10,6 Hektar mit Haus von 60 m\u00b2, umgeben von Natur, Obstb\u00e4umen und Flussm\u00fcndung. Ideal f\u00fcr landwirtschaftliche Projekte, in der N\u00e4he von Fresia.","robots":{"index":"index","follow":"follow","max-snippet":"max-snippet:-1","max-image-preview":"max-image-preview:large","max-video-preview":"max-video-preview:-1"},"canonical":"https:\/\/produncan.cl\/de\/produkt\/landgut-mit-haus-in-fresia-tegualda-seengebiet\/","og_locale":"de_DE","og_type":"article","og_title":"Landgut mit Haus in Fresia - Tegualda, Seengebiet","og_description":"Feld mit Haus in Fresia von 10,6 Hektar mit Haus von 60 m\u00b2, umgeben von Natur, Obstb\u00e4umen und Flussm\u00fcndung. Ideal f\u00fcr landwirtschaftliche Projekte, in der N\u00e4he von Fresia.","og_url":"https:\/\/produncan.cl\/de\/produkt\/landgut-mit-haus-in-fresia-tegualda-seengebiet\/","og_site_name":"Produncan","article_publisher":"https:\/\/web.facebook.com\/produncanland","article_modified_time":"2025-12-04T20:09:11+00:00","og_image":[{"url":"https:\/\/produncan.cl\/wp-content\/uploads\/2025\/01\/Campo-en-Fresia-Tegualda.webp","type":"","width":"","height":""}],"twitter_card":"summary_large_image","twitter_misc":{"Price":"USD239.200,00","Availability":"In stock"},"schema":{"@context":"https:\/\/schema.org","@graph":[{"@type":"WebPage","@id":"https:\/\/produncan.cl\/de\/produkt\/landgut-mit-haus-in-fresia-tegualda-seengebiet\/","url":"https:\/\/produncan.cl\/de\/produkt\/landgut-mit-haus-in-fresia-tegualda-seengebiet\/","name":"Landgut mit Haus in Fresia - Tegualda, Seengebiet - Produncan","isPartOf":{"@id":"https:\/\/produncan.cl\/de\/#website"},"primaryImageOfPage":{"@id":"https:\/\/produncan.cl\/de\/produkt\/landgut-mit-haus-in-fresia-tegualda-seengebiet\/#primaryimage"},"image":{"@id":"https:\/\/produncan.cl\/de\/produkt\/landgut-mit-haus-in-fresia-tegualda-seengebiet\/#primaryimage"},"thumbnailUrl":"https:\/\/produncan.cl\/wp-content\/uploads\/2025\/01\/Campo-en-Fresia-Tegualda.webp","datePublished":"2025-01-27T21:54:09+00:00","dateModified":"2025-12-04T20:09:11+00:00","description":"Feld mit Haus in Fresia von 10,6 Hektar mit Haus von 60 m\u00b2, umgeben von Natur, Obstb\u00e4umen und Flussm\u00fcndung. Ideal f\u00fcr landwirtschaftliche Projekte, in der N\u00e4he von Fresia.","breadcrumb":{"@id":"https:\/\/produncan.cl\/de\/produkt\/landgut-mit-haus-in-fresia-tegualda-seengebiet\/#breadcrumb"},"inLanguage":"de-DE","potentialAction":[{"@type":"ReadAction","target":["https:\/\/produncan.cl\/de\/produkt\/landgut-mit-haus-in-fresia-tegualda-seengebiet\/"]}]},{"@type":"ImageObject","inLanguage":"de-DE","@id":"https:\/\/produncan.cl\/de\/produkt\/landgut-mit-haus-in-fresia-tegualda-seengebiet\/#primaryimage","url":"https:\/\/produncan.cl\/wp-content\/uploads\/2025\/01\/Campo-en-Fresia-Tegualda.webp","contentUrl":"https:\/\/produncan.cl\/wp-content\/uploads\/2025\/01\/Campo-en-Fresia-Tegualda.webp","width":800,"height":600,"caption":"Feld in Fresia Tegualda"},{"@type":"BreadcrumbList","@id":"https:\/\/produncan.cl\/de\/produkt\/landgut-mit-haus-in-fresia-tegualda-seengebiet\/#breadcrumb","itemListElement":[{"@type":"ListItem","position":1,"name":"Inicio","item":"https:\/\/produncan.cl\/de\/"},{"@type":"ListItem","position":2,"name":"Eigenschaften","item":"https:\/\/produncan.cl\/propiedades\/"},{"@type":"ListItem","position":3,"name":"Felder","item":"https:\/\/produncan.cl\/de\/kategorie\/felder\/"},{"@type":"ListItem","position":4,"name":"Landgut mit Haus in Fresia &#8211; Tegualda, Seengebiet"}]},{"@type":"WebSite","@id":"https:\/\/produncan.cl\/de\/#website","url":"https:\/\/produncan.cl\/de\/","name":"Produncan","description":"Wir begleiten Sie bei Ihrem Lebensprojekt!","publisher":{"@id":"https:\/\/produncan.cl\/de\/#organization"},"potentialAction":[{"@type":"SearchAction","target":{"@type":"EntryPoint","urlTemplate":"https:\/\/produncan.cl\/de\/?s={search_term_string}"},"query-input":{"@type":"PropertyValueSpecification","valueRequired":true,"valueName":"search_term_string"}}],"inLanguage":"de-DE"},{"@type":"Organization","@id":"https:\/\/produncan.cl\/de\/#organization","name":"Produncan","url":"https:\/\/produncan.cl\/de\/","logo":{"@type":"ImageObject","inLanguage":"de-DE","@id":"https:\/\/produncan.cl\/de\/#\/schema\/logo\/image\/","url":"https:\/\/produncan.cl\/wp-content\/uploads\/2021\/03\/LOGO.jpeg","contentUrl":"https:\/\/produncan.cl\/wp-content\/uploads\/2021\/03\/LOGO.jpeg","width":1280,"height":903,"caption":"Produncan"},"image":{"@id":"https:\/\/produncan.cl\/de\/#\/schema\/logo\/image\/"},"sameAs":["https:\/\/web.facebook.com\/produncanland","https:\/\/www.instagram.com\/pro_duncan\/","https:\/\/www.linkedin.com\/company\/produncan-lands\/","https:\/\/www.youtube.com\/channel\/UCu7N-f3x0svkazD-Eew1-QQ"],"description":"En Produncan somos especialistas en la venta de terrenos en el sur de Chile. Proveemos estancias, campos, parcelas y hoteles.","email":"info@produncan.cl"}]},"og_video":"https:\/\/www.youtube.com\/embed\/E5slOczUXcE","og_video_type":"text\/html","og_video_duration":"112","og_video_width":"480","og_video_height":"270","ya_ovs_adult":"false","ya_ovs_upload_date":"2025-01-27T21:54:09+00:00","ya_ovs_allow_embed":"true","product_price_amount":"239200.00","product_price_currency":"USD","og_availability":"instock","product_availability":"instock","product_condition":"new"},"_links":{"self":[{"href":"https:\/\/produncan.cl\/de\/wp-json\/wp\/v2\/product\/38745","targetHints":{"allow":["GET"]}}],"collection":[{"href":"https:\/\/produncan.cl\/de\/wp-json\/wp\/v2\/product"}],"about":[{"href":"https:\/\/produncan.cl\/de\/wp-json\/wp\/v2\/types\/product"}],"version-history":[{"count":1,"href":"https:\/\/produncan.cl\/de\/wp-json\/wp\/v2\/product\/38745\/revisions"}],"predecessor-version":[{"id":52349,"href":"https:\/\/produncan.cl\/de\/wp-json\/wp\/v2\/product\/38745\/revisions\/52349"}],"wp:featuredmedia":[{"embeddable":true,"href":"https:\/\/produncan.cl\/de\/wp-json\/wp\/v2\/media\/38653"}],"wp:attachment":[{"href":"https:\/\/produncan.cl\/de\/wp-json\/wp\/v2\/media?parent=38745"}],"wp:term":[{"taxonomy":"product_brand","embeddable":true,"href":"https:\/\/produncan.cl\/de\/wp-json\/wp\/v2\/product_brand?post=38745"},{"taxonomy":"product_cat","embeddable":true,"href":"https:\/\/produncan.cl\/de\/wp-json\/wp\/v2\/product_cat?post=38745"},{"taxonomy":"product_tag","embeddable":true,"href":"https:\/\/produncan.cl\/de\/wp-json\/wp\/v2\/product_tag?post=38745"},{"taxonomy":"regiones","embeddable":true,"href":"https:\/\/produncan.cl\/de\/wp-json\/wp\/v2\/regiones?post=38745"},{"taxonomy":"ciudades","embeddable":true,"href":"https:\/\/produncan.cl\/de\/wp-json\/wp\/v2\/ciudades?post=38745"}],"curies":[{"name":"wp","href":"https:\/\/api.w.org\/{rel}","templated":true}]}}