{"id":39486,"date":"2025-03-14T13:50:44","date_gmt":"2025-03-14T16:50:44","guid":{"rendered":"https:\/\/produncan.cl\/producto\/grundstueck-in-purranque-maipue-region-los-lagos\/"},"modified":"2025-12-26T17:20:44","modified_gmt":"2025-12-26T20:20:44","slug":"grundstueck-in-purranque-maipue-region-los-lagos","status":"publish","type":"product","link":"https:\/\/produncan.cl\/de\/produkt\/grundstueck-in-purranque-maipue-region-los-lagos\/","title":{"rendered":"Grundst\u00fcck in Purranque &#8211; Maipue &#8211; Region Los Lagos"},"content":{"rendered":"\t\t<div data-elementor-type=\"product-post\" data-elementor-id=\"39486\" class=\"elementor elementor-39486 elementor-39366\" data-elementor-post-type=\"product\">\n\t\t\t\t<div class=\"elementor-element elementor-element-abb42a4 e-flex e-con-boxed e-con e-parent\" data-id=\"abb42a4\" data-element_type=\"container\" data-e-type=\"container\" data-settings=\"{&quot;jet_parallax_layout_list&quot;:[]}\">\n\t\t\t\t\t<div class=\"e-con-inner\">\n\t\t\t\t<div class=\"elementor-element elementor-element-cf28bd2 elementor-widget elementor-widget-heading\" data-id=\"cf28bd2\" data-element_type=\"widget\" data-e-type=\"widget\" data-widget_type=\"heading.default\">\n\t\t\t\t\t<h2 class=\"elementor-heading-title elementor-size-default\">Grundst\u00fcck in Purranque, Region der Seen, 4 Hektar ideal f\u00fcr ein Familienprojekt.<\/h2>\t\t\t\t<\/div>\n\t\t\t\t\t<\/div>\n\t\t\t\t<\/div>\n\t\t<div class=\"elementor-element elementor-element-7c8d94d e-flex e-con-boxed e-con e-parent\" data-id=\"7c8d94d\" data-element_type=\"container\" data-e-type=\"container\" data-settings=\"{&quot;jet_parallax_layout_list&quot;:[]}\">\n\t\t\t\t\t<div class=\"e-con-inner\">\n\t\t\t\t<div class=\"elementor-element elementor-element-e743448 elementor-widget elementor-widget-text-editor\" data-id=\"e743448\" data-element_type=\"widget\" data-e-type=\"widget\" data-widget_type=\"text-editor.default\">\n\t\t\t\t\t\t\t\t\t<p>Dies ist eine gute Gelegenheit, ein 4 Hektar gro\u00dfes Grundst\u00fcck in Purranque, Sektor Maipue, zu erwerben, das sich ideal f\u00fcr landwirtschaftliche Projekte zur Selbstversorgung oder f\u00fcr die Viehzucht im Familienma\u00dfstab eignet. Seine strategische Lage, nur 4 km von Concordia und 22 km von Purranque entfernt, macht es zu einer hervorragenden Investitionsm\u00f6glichkeit. Es besteht auch die M\u00f6glichkeit, weitere 4 Hektar mit einem kleinen Haus zu erwerben und so die Entwicklungsm\u00f6glichkeiten zu erweitern.  <\/p>\n<p>Das Grundst\u00fcck ist leicht abfallend und besteht zu 95 % aus Gr\u00fcnland und zu 5 % aus einheimischen B\u00e4umen und bietet eine privilegierte nat\u00fcrliche Umgebung und eine sch\u00f6ne Aussicht. Es ist ein idealer Ort f\u00fcr eine Familie, die aufs Land ziehen und ein selbsttragendes Projekt starten m\u00f6chte, um einen ruhigen Lebensstil in Kontakt mit der Natur zu genie\u00dfen. <\/p>\n<p>Strom ist in der N\u00e4he vorhanden, und der Eigent\u00fcmer verpflichtet sich, das Haus mit Strom zu versorgen. Obwohl es derzeit kein Wasser gibt, garantiert der Eigent\u00fcmer dessen Versorgung. Es ist an drei Seiten eingez\u00e4unt und verf\u00fcgt \u00fcber eine bestehende Zufahrtsm\u00f6glichkeit.  <\/p>\n<p>Die Zufahrt erfolgt \u00fcber eine Schotterstra\u00dfe in gutem Zustand, wobei ein kleiner Abschnitt noch verbessert werden muss. Der Ort ist nur eine Stunde von den Flugh\u00e4fen Osorno und Puerto Montt entfernt, verf\u00fcgt \u00fcber \u00f6ffentliche Verkehrsmittel und gute Telekommunikationsverbindungen. Die Umgebung bietet Attraktionen wie den Puyehue-Nationalpark, den Rupanco-See und das Llanquihue-Nationalreservat sowie den kulturellen Reichtum der Region mit St\u00e4tten wie der San-Sebastian-Kirche und der Route der Kolonisten.  <\/p>\n<p>Das gem\u00e4\u00dfigte ozeanische Klima garantiert milde Sommer mit Temperaturen von bis zu 25\u00b0C und k\u00fchle Winter mit reichlich Niederschlag, was es zu einem idealen Ort f\u00fcr landwirtschaftliche Aktivit\u00e4ten macht. Das Grundst\u00fcck befindet sich in einem wachsenden Gebiet, mit Zugang zu Dienstleistungen und einem gro\u00dfen Wertsteigerungspotenzial. Die Vielseitigkeit des Bodens macht es perfekt f\u00fcr verschiedene Projekte, ob f\u00fcr die landwirtschaftliche Produktion, Viehzucht oder l\u00e4ndlichen Tourismus.  <\/p>\n<p>Der Verkaufspreis betr\u00e4gt $120.000.000. Wenn Sie auf der Suche nach einem Grundst\u00fcck mit nat\u00fcrlicher Sch\u00f6nheit, hervorragender Lage und gro\u00dfen Wachstumsm\u00f6glichkeiten sind, ist dies eine ausgezeichnete Alternative. Kontaktieren Sie uns f\u00fcr weitere Informationen oder um eine Besichtigung zu vereinbaren.  <\/p>\n\t\t\t\t\t\t\t\t<\/div>\n\t\t\t\t\t<\/div>\n\t\t\t\t<\/div>\n\t\t\t\t<\/div>\n\t\t","protected":false},"excerpt":{"rendered":"<p>Grundst\u00fcck in Purranque, leicht h\u00fcgelig, gr\u00f6\u00dftenteils Wiese, Strom, Wasser, guter Empfang und sch\u00f6ne Aussicht auf die umliegenden Felder. M\u00f6glichkeit zum Kauf von 4 Hektar angrenzendem Land mit Haus. Eine Stunde vom Flughafen entfernt.  <\/p>\n","protected":false},"featured_media":39371,"template":"","meta":{"_acf_changed":false},"product_brand":[],"product_cat":[104],"product_tag":[235,232],"regiones":[226],"ciudades":[228,454],"class_list":{"0":"post-39486","1":"product","2":"type-product","3":"status-publish","4":"has-post-thumbnail","6":"product_cat-ohiggins-los-lagos","7":"product_tag-felder","8":"product_tag-grundstuecke","9":"regiones-nuble-los_lagos","10":"ciudades-frutillar","11":"ciudades-purranque","13":"first","14":"instock","15":"sold-individually","16":"shipping-taxable","17":"purchasable","18":"product-type-simple"},"acf":[],"yoast_head":"<!-- This site is optimized with the Yoast SEO Premium plugin v26.0 (Yoast SEO v27.3) - https:\/\/yoast.com\/product\/yoast-seo-premium-wordpress\/ -->\n<title>Grundst\u00fcck in Purranque - Maipue - Region Los Lagos - Produncan<\/title>\n<meta name=\"description\" content=\"Grundst\u00fcck in Purranque von 4 Hektar, sanfte H\u00e4nge, haupts\u00e4chlich Wiese, Strom, Wasser, gutes Signal und sch\u00f6ne Aussicht auf die benachbarten Felder.\" \/>\n<meta name=\"robots\" content=\"index, follow, max-snippet:-1, max-image-preview:large, max-video-preview:-1\" \/>\n<link rel=\"canonical\" href=\"https:\/\/produncan.cl\/de\/produkt\/grundstueck-in-purranque-maipue-region-los-lagos\/\" \/>\n<meta property=\"og:locale\" content=\"de_DE\" \/>\n<meta property=\"og:type\" content=\"article\" \/>\n<meta property=\"og:title\" content=\"Grundst\u00fcck in Purranque - Maipue - Region Los Lagos\" \/>\n<meta property=\"og:description\" content=\"Grundst\u00fcck in Purranque von 4 Hektar, sanfte H\u00e4nge, haupts\u00e4chlich Wiese, Strom, Wasser, gutes Signal und sch\u00f6ne Aussicht auf die benachbarten Felder.\" \/>\n<meta property=\"og:url\" content=\"https:\/\/produncan.cl\/de\/produkt\/grundstueck-in-purranque-maipue-region-los-lagos\/\" \/>\n<meta property=\"og:site_name\" content=\"Produncan\" \/>\n<meta property=\"article:publisher\" content=\"https:\/\/web.facebook.com\/produncanland\" \/>\n<meta property=\"article:modified_time\" content=\"2025-12-26T20:20:44+00:00\" \/>\n<meta property=\"og:image\" content=\"https:\/\/produncan.cl\/wp-content\/uploads\/2025\/03\/Parcela-en-venta-en-Purranque.webp\" \/>\n\t<meta property=\"og:image:width\" content=\"800\" \/>\n\t<meta property=\"og:image:height\" content=\"600\" \/>\n\t<meta property=\"og:image:type\" content=\"image\/webp\" \/>\n<meta name=\"twitter:card\" content=\"summary_large_image\" \/>\n<meta name=\"twitter:label1\" content=\"Price\" \/>\n\t<meta name=\"twitter:data1\" content=\"USD130.500,00\" \/>\n\t<meta name=\"twitter:label2\" content=\"Availability\" \/>\n\t<meta name=\"twitter:data2\" content=\"In stock\" \/>\n<script type=\"application\/ld+json\" class=\"yoast-schema-graph\">{\"@context\":\"https:\\\/\\\/schema.org\",\"@graph\":[{\"@type\":\"WebPage\",\"@id\":\"https:\\\/\\\/produncan.cl\\\/de\\\/produkt\\\/grundstueck-in-purranque-maipue-region-los-lagos\\\/\",\"url\":\"https:\\\/\\\/produncan.cl\\\/de\\\/produkt\\\/grundstueck-in-purranque-maipue-region-los-lagos\\\/\",\"name\":\"Grundst\u00fcck in Purranque - Maipue - Region Los Lagos - Produncan\",\"isPartOf\":{\"@id\":\"https:\\\/\\\/produncan.cl\\\/de\\\/#website\"},\"primaryImageOfPage\":{\"@id\":\"https:\\\/\\\/produncan.cl\\\/de\\\/produkt\\\/grundstueck-in-purranque-maipue-region-los-lagos\\\/#primaryimage\"},\"image\":{\"@id\":\"https:\\\/\\\/produncan.cl\\\/de\\\/produkt\\\/grundstueck-in-purranque-maipue-region-los-lagos\\\/#primaryimage\"},\"thumbnailUrl\":\"https:\\\/\\\/produncan.cl\\\/wp-content\\\/uploads\\\/2025\\\/03\\\/Parcela-en-venta-en-Purranque.webp\",\"datePublished\":\"2025-03-14T16:50:44+00:00\",\"dateModified\":\"2025-12-26T20:20:44+00:00\",\"description\":\"Grundst\u00fcck in Purranque von 4 Hektar, sanfte H\u00e4nge, haupts\u00e4chlich Wiese, Strom, Wasser, gutes Signal und sch\u00f6ne Aussicht auf die benachbarten Felder.\",\"breadcrumb\":{\"@id\":\"https:\\\/\\\/produncan.cl\\\/de\\\/produkt\\\/grundstueck-in-purranque-maipue-region-los-lagos\\\/#breadcrumb\"},\"inLanguage\":\"de-DE\",\"potentialAction\":[{\"@type\":\"ReadAction\",\"target\":[\"https:\\\/\\\/produncan.cl\\\/de\\\/produkt\\\/grundstueck-in-purranque-maipue-region-los-lagos\\\/\"]}]},{\"@type\":\"ImageObject\",\"inLanguage\":\"de-DE\",\"@id\":\"https:\\\/\\\/produncan.cl\\\/de\\\/produkt\\\/grundstueck-in-purranque-maipue-region-los-lagos\\\/#primaryimage\",\"url\":\"https:\\\/\\\/produncan.cl\\\/wp-content\\\/uploads\\\/2025\\\/03\\\/Parcela-en-venta-en-Purranque.webp\",\"contentUrl\":\"https:\\\/\\\/produncan.cl\\\/wp-content\\\/uploads\\\/2025\\\/03\\\/Parcela-en-venta-en-Purranque.webp\",\"width\":800,\"height\":600,\"caption\":\"Grundst\u00fcck zum Verkauf in Purranque\"},{\"@type\":\"BreadcrumbList\",\"@id\":\"https:\\\/\\\/produncan.cl\\\/de\\\/produkt\\\/grundstueck-in-purranque-maipue-region-los-lagos\\\/#breadcrumb\",\"itemListElement\":[{\"@type\":\"ListItem\",\"position\":1,\"name\":\"Inicio\",\"item\":\"https:\\\/\\\/produncan.cl\\\/de\\\/\"},{\"@type\":\"ListItem\",\"position\":2,\"name\":\"Eigenschaften\",\"item\":\"https:\\\/\\\/produncan.cl\\\/propiedades\\\/\"},{\"@type\":\"ListItem\",\"position\":3,\"name\":\"Felder\",\"item\":\"https:\\\/\\\/produncan.cl\\\/de\\\/kategorie\\\/felder\\\/\"},{\"@type\":\"ListItem\",\"position\":4,\"name\":\"Grundst\u00fcck in Purranque &#8211; Maipue &#8211; Region Los Lagos\"}]},{\"@type\":\"WebSite\",\"@id\":\"https:\\\/\\\/produncan.cl\\\/de\\\/#website\",\"url\":\"https:\\\/\\\/produncan.cl\\\/de\\\/\",\"name\":\"Produncan\",\"description\":\"Wir begleiten Sie bei Ihrem Lebensprojekt!\",\"publisher\":{\"@id\":\"https:\\\/\\\/produncan.cl\\\/de\\\/#organization\"},\"potentialAction\":[{\"@type\":\"SearchAction\",\"target\":{\"@type\":\"EntryPoint\",\"urlTemplate\":\"https:\\\/\\\/produncan.cl\\\/de\\\/?s={search_term_string}\"},\"query-input\":{\"@type\":\"PropertyValueSpecification\",\"valueRequired\":true,\"valueName\":\"search_term_string\"}}],\"inLanguage\":\"de-DE\"},{\"@type\":\"Organization\",\"@id\":\"https:\\\/\\\/produncan.cl\\\/de\\\/#organization\",\"name\":\"Produncan\",\"url\":\"https:\\\/\\\/produncan.cl\\\/de\\\/\",\"logo\":{\"@type\":\"ImageObject\",\"inLanguage\":\"de-DE\",\"@id\":\"https:\\\/\\\/produncan.cl\\\/de\\\/#\\\/schema\\\/logo\\\/image\\\/\",\"url\":\"https:\\\/\\\/produncan.cl\\\/wp-content\\\/uploads\\\/2021\\\/03\\\/LOGO.jpeg\",\"contentUrl\":\"https:\\\/\\\/produncan.cl\\\/wp-content\\\/uploads\\\/2021\\\/03\\\/LOGO.jpeg\",\"width\":1280,\"height\":903,\"caption\":\"Produncan\"},\"image\":{\"@id\":\"https:\\\/\\\/produncan.cl\\\/de\\\/#\\\/schema\\\/logo\\\/image\\\/\"},\"sameAs\":[\"https:\\\/\\\/web.facebook.com\\\/produncanland\",\"https:\\\/\\\/www.instagram.com\\\/pro_duncan\\\/\",\"https:\\\/\\\/www.linkedin.com\\\/company\\\/produncan-lands\\\/\",\"https:\\\/\\\/www.youtube.com\\\/channel\\\/UCu7N-f3x0svkazD-Eew1-QQ\"],\"description\":\"En Produncan somos especialistas en la venta de terrenos en el sur de Chile. Proveemos estancias, campos, parcelas y hoteles.\",\"email\":\"info@produncan.cl\"}]}<\/script>\n<meta property=\"og:video\" content=\"https:\/\/www.youtube.com\/embed\/nmgaaiuQkwE\" \/>\n<meta property=\"og:video:type\" content=\"text\/html\" \/>\n<meta property=\"og:video:duration\" content=\"66\" \/>\n<meta property=\"og:video:width\" content=\"480\" \/>\n<meta property=\"og:video:height\" content=\"270\" \/>\n<meta property=\"ya:ovs:adult\" content=\"false\" \/>\n<meta property=\"ya:ovs:upload_date\" content=\"2025-03-14T16:50:44+00:00\" \/>\n<meta property=\"ya:ovs:allow_embed\" content=\"true\" \/>\n<meta property=\"product:price:amount\" content=\"130500.00\" \/>\n<meta property=\"product:price:currency\" content=\"USD\" \/>\n<meta property=\"og:availability\" content=\"instock\" \/>\n<meta property=\"product:availability\" content=\"instock\" \/>\n<meta property=\"product:condition\" content=\"new\" \/>\n<!-- \/ Yoast SEO Premium plugin. -->","yoast_head_json":{"title":"Grundst\u00fcck in Purranque - Maipue - Region Los Lagos - Produncan","description":"Grundst\u00fcck in Purranque von 4 Hektar, sanfte H\u00e4nge, haupts\u00e4chlich Wiese, Strom, Wasser, gutes Signal und sch\u00f6ne Aussicht auf die benachbarten Felder.","robots":{"index":"index","follow":"follow","max-snippet":"max-snippet:-1","max-image-preview":"max-image-preview:large","max-video-preview":"max-video-preview:-1"},"canonical":"https:\/\/produncan.cl\/de\/produkt\/grundstueck-in-purranque-maipue-region-los-lagos\/","og_locale":"de_DE","og_type":"article","og_title":"Grundst\u00fcck in Purranque - Maipue - Region Los Lagos","og_description":"Grundst\u00fcck in Purranque von 4 Hektar, sanfte H\u00e4nge, haupts\u00e4chlich Wiese, Strom, Wasser, gutes Signal und sch\u00f6ne Aussicht auf die benachbarten Felder.","og_url":"https:\/\/produncan.cl\/de\/produkt\/grundstueck-in-purranque-maipue-region-los-lagos\/","og_site_name":"Produncan","article_publisher":"https:\/\/web.facebook.com\/produncanland","article_modified_time":"2025-12-26T20:20:44+00:00","og_image":[{"width":800,"height":600,"url":"https:\/\/produncan.cl\/wp-content\/uploads\/2025\/03\/Parcela-en-venta-en-Purranque.webp","type":"image\/webp"}],"twitter_card":"summary_large_image","twitter_misc":{"Price":"USD130.500,00","Availability":"In stock"},"schema":{"@context":"https:\/\/schema.org","@graph":[{"@type":"WebPage","@id":"https:\/\/produncan.cl\/de\/produkt\/grundstueck-in-purranque-maipue-region-los-lagos\/","url":"https:\/\/produncan.cl\/de\/produkt\/grundstueck-in-purranque-maipue-region-los-lagos\/","name":"Grundst\u00fcck in Purranque - Maipue - Region Los Lagos - Produncan","isPartOf":{"@id":"https:\/\/produncan.cl\/de\/#website"},"primaryImageOfPage":{"@id":"https:\/\/produncan.cl\/de\/produkt\/grundstueck-in-purranque-maipue-region-los-lagos\/#primaryimage"},"image":{"@id":"https:\/\/produncan.cl\/de\/produkt\/grundstueck-in-purranque-maipue-region-los-lagos\/#primaryimage"},"thumbnailUrl":"https:\/\/produncan.cl\/wp-content\/uploads\/2025\/03\/Parcela-en-venta-en-Purranque.webp","datePublished":"2025-03-14T16:50:44+00:00","dateModified":"2025-12-26T20:20:44+00:00","description":"Grundst\u00fcck in Purranque von 4 Hektar, sanfte H\u00e4nge, haupts\u00e4chlich Wiese, Strom, Wasser, gutes Signal und sch\u00f6ne Aussicht auf die benachbarten Felder.","breadcrumb":{"@id":"https:\/\/produncan.cl\/de\/produkt\/grundstueck-in-purranque-maipue-region-los-lagos\/#breadcrumb"},"inLanguage":"de-DE","potentialAction":[{"@type":"ReadAction","target":["https:\/\/produncan.cl\/de\/produkt\/grundstueck-in-purranque-maipue-region-los-lagos\/"]}]},{"@type":"ImageObject","inLanguage":"de-DE","@id":"https:\/\/produncan.cl\/de\/produkt\/grundstueck-in-purranque-maipue-region-los-lagos\/#primaryimage","url":"https:\/\/produncan.cl\/wp-content\/uploads\/2025\/03\/Parcela-en-venta-en-Purranque.webp","contentUrl":"https:\/\/produncan.cl\/wp-content\/uploads\/2025\/03\/Parcela-en-venta-en-Purranque.webp","width":800,"height":600,"caption":"Grundst\u00fcck zum Verkauf in Purranque"},{"@type":"BreadcrumbList","@id":"https:\/\/produncan.cl\/de\/produkt\/grundstueck-in-purranque-maipue-region-los-lagos\/#breadcrumb","itemListElement":[{"@type":"ListItem","position":1,"name":"Inicio","item":"https:\/\/produncan.cl\/de\/"},{"@type":"ListItem","position":2,"name":"Eigenschaften","item":"https:\/\/produncan.cl\/propiedades\/"},{"@type":"ListItem","position":3,"name":"Felder","item":"https:\/\/produncan.cl\/de\/kategorie\/felder\/"},{"@type":"ListItem","position":4,"name":"Grundst\u00fcck in Purranque &#8211; Maipue &#8211; Region Los Lagos"}]},{"@type":"WebSite","@id":"https:\/\/produncan.cl\/de\/#website","url":"https:\/\/produncan.cl\/de\/","name":"Produncan","description":"Wir begleiten Sie bei Ihrem Lebensprojekt!","publisher":{"@id":"https:\/\/produncan.cl\/de\/#organization"},"potentialAction":[{"@type":"SearchAction","target":{"@type":"EntryPoint","urlTemplate":"https:\/\/produncan.cl\/de\/?s={search_term_string}"},"query-input":{"@type":"PropertyValueSpecification","valueRequired":true,"valueName":"search_term_string"}}],"inLanguage":"de-DE"},{"@type":"Organization","@id":"https:\/\/produncan.cl\/de\/#organization","name":"Produncan","url":"https:\/\/produncan.cl\/de\/","logo":{"@type":"ImageObject","inLanguage":"de-DE","@id":"https:\/\/produncan.cl\/de\/#\/schema\/logo\/image\/","url":"https:\/\/produncan.cl\/wp-content\/uploads\/2021\/03\/LOGO.jpeg","contentUrl":"https:\/\/produncan.cl\/wp-content\/uploads\/2021\/03\/LOGO.jpeg","width":1280,"height":903,"caption":"Produncan"},"image":{"@id":"https:\/\/produncan.cl\/de\/#\/schema\/logo\/image\/"},"sameAs":["https:\/\/web.facebook.com\/produncanland","https:\/\/www.instagram.com\/pro_duncan\/","https:\/\/www.linkedin.com\/company\/produncan-lands\/","https:\/\/www.youtube.com\/channel\/UCu7N-f3x0svkazD-Eew1-QQ"],"description":"En Produncan somos especialistas en la venta de terrenos en el sur de Chile. Proveemos estancias, campos, parcelas y hoteles.","email":"info@produncan.cl"}]},"og_video":"https:\/\/www.youtube.com\/embed\/nmgaaiuQkwE","og_video_type":"text\/html","og_video_duration":"66","og_video_width":"480","og_video_height":"270","ya_ovs_adult":"false","ya_ovs_upload_date":"2025-03-14T16:50:44+00:00","ya_ovs_allow_embed":"true","product_price_amount":"130500.00","product_price_currency":"USD","og_availability":"instock","product_availability":"instock","product_condition":"new"},"_links":{"self":[{"href":"https:\/\/produncan.cl\/de\/wp-json\/wp\/v2\/product\/39486","targetHints":{"allow":["GET"]}}],"collection":[{"href":"https:\/\/produncan.cl\/de\/wp-json\/wp\/v2\/product"}],"about":[{"href":"https:\/\/produncan.cl\/de\/wp-json\/wp\/v2\/types\/product"}],"version-history":[{"count":2,"href":"https:\/\/produncan.cl\/de\/wp-json\/wp\/v2\/product\/39486\/revisions"}],"predecessor-version":[{"id":54152,"href":"https:\/\/produncan.cl\/de\/wp-json\/wp\/v2\/product\/39486\/revisions\/54152"}],"wp:featuredmedia":[{"embeddable":true,"href":"https:\/\/produncan.cl\/de\/wp-json\/wp\/v2\/media\/39371"}],"wp:attachment":[{"href":"https:\/\/produncan.cl\/de\/wp-json\/wp\/v2\/media?parent=39486"}],"wp:term":[{"taxonomy":"product_brand","embeddable":true,"href":"https:\/\/produncan.cl\/de\/wp-json\/wp\/v2\/product_brand?post=39486"},{"taxonomy":"product_cat","embeddable":true,"href":"https:\/\/produncan.cl\/de\/wp-json\/wp\/v2\/product_cat?post=39486"},{"taxonomy":"product_tag","embeddable":true,"href":"https:\/\/produncan.cl\/de\/wp-json\/wp\/v2\/product_tag?post=39486"},{"taxonomy":"regiones","embeddable":true,"href":"https:\/\/produncan.cl\/de\/wp-json\/wp\/v2\/regiones?post=39486"},{"taxonomy":"ciudades","embeddable":true,"href":"https:\/\/produncan.cl\/de\/wp-json\/wp\/v2\/ciudades?post=39486"}],"curies":[{"name":"wp","href":"https:\/\/api.w.org\/{rel}","templated":true}]}}