{"id":39490,"date":"2021-03-07T14:06:14","date_gmt":"2021-03-07T17:06:14","guid":{"rendered":"https:\/\/produncan.cl\/producto\/landleben-in-puerto-varas-santa-barbara-region-los-lagos\/"},"modified":"2026-01-16T18:16:20","modified_gmt":"2026-01-16T21:16:20","slug":"landleben-in-puerto-varas-santa-barbara-region-los-lagos","status":"publish","type":"product","link":"https:\/\/produncan.cl\/de\/produkt\/landleben-in-puerto-varas-santa-barbara-region-los-lagos\/","title":{"rendered":"Landleben in Puerto Varas &#8211; Santa Barbara, Region Los Lagos"},"content":{"rendered":"\t\t<div data-elementor-type=\"product-post\" data-elementor-id=\"39490\" class=\"elementor elementor-39490 elementor-39230\" data-elementor-post-type=\"product\">\n\t\t\t\t<div class=\"elementor-element elementor-element-fad493e e-flex e-con-boxed e-con e-parent\" data-id=\"fad493e\" data-element_type=\"container\" data-e-type=\"container\" data-settings=\"{&quot;jet_parallax_layout_list&quot;:[]}\">\n\t\t\t\t\t<div class=\"e-con-inner\">\n\t\t\t\t<div class=\"elementor-element elementor-element-4154fbe elementor-widget elementor-widget-heading\" data-id=\"4154fbe\" data-element_type=\"widget\" data-e-type=\"widget\" data-widget_type=\"heading.default\">\n\t\t\t\t\t<h2 class=\"elementor-heading-title elementor-size-default\">9 Hektar Land in Puerto Varas mit bezugsfertiger Infrastruktur!<\/h2>\t\t\t\t<\/div>\n\t\t\t\t\t<\/div>\n\t\t\t\t<\/div>\n\t\t<div class=\"elementor-element elementor-element-07015bf e-flex e-con-boxed e-con e-parent\" data-id=\"07015bf\" data-element_type=\"container\" data-e-type=\"container\" data-settings=\"{&quot;jet_parallax_layout_list&quot;:[]}\">\n\t\t\t\t\t<div class=\"e-con-inner\">\n\t\t\t\t<div class=\"elementor-element elementor-element-1114975 elementor-widget elementor-widget-text-editor\" data-id=\"1114975\" data-element_type=\"widget\" data-e-type=\"widget\" data-widget_type=\"text-editor.default\">\n\t\t\t\t\t\t\t\t\t<p>Campo Santa Barbara, Puerto Varas, hat eine Fl\u00e4che von 9 Hektar und bietet eine perfekte Kombination aus Konnektivit\u00e4t, Infrastruktur und privilegierter nat\u00fcrlicher Umgebung. Nur 30 Minuten von der Stadt und dem Flughafen El Tepual entfernt, mit Zugang \u00fcber eine asphaltierte Stra\u00dfe und nur 3,5 km Schotter in gutem Zustand, ist es eine hervorragende Alternative f\u00fcr Investitionen, Wohnsitz oder Entwicklung von produktiven Projekten.  Das Grundst\u00fcck wird mit einer nicht eingetragenen Dienstbarkeit verkauft, deren Eintragung in der Verantwortung des K\u00e4ufers liegt.<\/p>\n<p><strong>HERVORSTECHENDE MERKMALE<\/strong><\/p>\n<p>Das Grundst\u00fcck befindet sich in gro\u00dfer H\u00f6he und bietet einen sch\u00f6nen Blick auf die Vulkane und die Bergkette. Dar\u00fcber hinaus hat es eine Fl\u00e4che von 9 Hektar mit landwirtschaftlicher Nutzung und eine meist flache Topographie mit leichten Steigungen. Es verf\u00fcgt \u00fcber einphasigen Strom, der von Crell geliefert wird, und einen Anschluss f\u00fcr ein Wohnmobil. Die Wasserversorgung erfolgt \u00fcber ein Wasserrad mit Motorpumpen und einen Teich, der die Ressource auf dem gesamten Grundst\u00fcck verteilt. Au\u00dferdem ist das Grundst\u00fcck komplett mit einem Holz- und Eisentor eingez\u00e4unt und wird von einem Bach begrenzt, der auf einer Seite verl\u00e4uft.    <\/p>\n<p><strong>INSTALLATIONEN UND KONSTRUKTIONEN<\/strong><\/p>\n<p>Das Anwesen besteht aus vier Geb\u00e4uden mit einer Gesamtfl\u00e4che von 351,93 m\u00b2, die alle in einem ausgezeichneten Zustand und mit hochwertigen Materialien gebaut wurden.<\/p>\n<p>1) Haupthaus (93,51 m\u00b2 &#8211; Jahr 2011)<\/p>\n<ul>\n<li>2 Etagen, mit einem gro\u00dfen Hauptschlafzimmer und einem Hochparterre<\/li>\n<li>Integrierte offene K\u00fcche<\/li>\n<li>Langsame Verbrennungserw\u00e4rmung<\/li>\n<li>Warmwasser durch Fl\u00fcssiggas<\/li>\n<li>Verkauft voll m\u00f6bliert<\/li>\n<\/ul>\n<div> <\/div>\n<p>2) Hausmeisterhaus (70,42 m\u00b2 &#8211; Jahr 2013)<\/p>\n<ul>\n<li>2 Schlafzimmer, 1 Badezimmer, K\u00fcche und Wohn-Esszimmer<\/li>\n<li>Holzherd, Thermopaneel-Fenster, Holzstruktur<\/li>\n<\/ul>\n<div> <\/div>\n<p>3) Bodega de Alerce (69 m\u00b2)<\/p>\n<ul>\n<li>Rustikales Geb\u00e4ude mit 4 freistehenden Etagen, ideal f\u00fcr Lager und Waschk\u00fcche.<\/li>\n<\/ul>\n<div> <\/div>\n<p>4) Schafstall und H\u00fchnerstall (119 m\u00b2)<\/p>\n<ul>\n<li>K\u00fcrzlich gewartete Stahlkonstruktion<\/li>\n<\/ul>\n<div> <\/div>\n<p><strong>POTENZIAL UND CHANCEN<\/strong><\/p>\n<p>Dank des fruchtbaren Trumao-Bodens, der Weiden und des fr\u00fcheren Weizen- und Kartoffelanbaus ist dieses Grundst\u00fcck ideal f\u00fcr landwirtschaftliche und viehwirtschaftliche Projekte. Aufgrund seiner N\u00e4he zu Puerto Varas und den touristischen Attraktionen der Region ist es auch eine hervorragende Gelegenheit f\u00fcr den \u00d6kotourismus oder die Entwicklung von Wohngebieten. Es verf\u00fcgt \u00fcber eine gesicherte Anbindung, mit Telefonsignal im Haupthaus und der M\u00f6glichkeit, Satelliteninternet (Starlink) zu installieren, sowie \u00fcber eine sofort nutzbare Infrastruktur. <\/p>\n<p>Esta es una oportunidad \u00fanica para quienes buscan un campo con todas las comodidades en un entorno natural excepcional.<\/p>\n<p>Kontaktieren Sie uns f\u00fcr weitere Informationen oder um einen Besuch zu vereinbaren.<\/p>\n\t\t\t\t\t\t\t\t<\/div>\n\t\t\t\t\t<\/div>\n\t\t\t\t<\/div>\n\t\t\t\t<\/div>\n\t\t","protected":false},"excerpt":{"rendered":"<p>Grundst\u00fcck in Puerto Varas mit gro\u00dfartigem Blick auf die Bergkette. Es verf\u00fcgt \u00fcber Strom, Wasser, ein Haupthaus, ein Haus f\u00fcr den Hausmeister, einen Schafstall, einen H\u00fchnerstall und einen Lagerraum. Haupts\u00e4chlich Wiesen, flache Topografie und sanftes Gef\u00e4lle. 3,5 km von der asphaltierten Stra\u00dfe entfernt.   <\/p>\n","protected":false},"featured_media":52977,"template":"","meta":{"_acf_changed":false},"product_brand":[],"product_cat":[104],"product_tag":[235],"regiones":[226],"ciudades":[508,219],"class_list":{"0":"post-39490","1":"product","2":"type-product","3":"status-publish","4":"has-post-thumbnail","6":"product_cat-ohiggins-los-lagos","7":"product_tag-felder","8":"regiones-nuble-los_lagos","9":"ciudades-nueva-braunau","10":"ciudades-puerto-varas","12":"first","13":"outofstock","14":"sold-individually","15":"shipping-taxable","16":"product-type-simple"},"acf":[],"yoast_head":"<!-- This site is optimized with the Yoast SEO Premium plugin v26.0 (Yoast SEO v27.3) - https:\/\/yoast.com\/product\/yoast-seo-premium-wordpress\/ -->\n<title>Landleben in Puerto Varas - Santa Barbara, Region Los Lagos - Produncan<\/title>\n<meta name=\"description\" content=\"Bauernhof in Puerto Varas von 9 Hektar mit herrlichem Bergblick, Strom, Wasser, Haupthaus, Hausmeisterhaus, Schafstall, H\u00fchnerstall und einem Weinkeller.\" \/>\n<meta name=\"robots\" content=\"index, follow, max-snippet:-1, max-image-preview:large, max-video-preview:-1\" \/>\n<link rel=\"canonical\" href=\"https:\/\/produncan.cl\/de\/produkt\/landleben-in-puerto-varas-santa-barbara-region-los-lagos\/\" \/>\n<meta property=\"og:locale\" content=\"de_DE\" \/>\n<meta property=\"og:type\" content=\"article\" \/>\n<meta property=\"og:title\" content=\"Landleben in Puerto Varas - Santa Barbara, Region Los Lagos\" \/>\n<meta property=\"og:description\" content=\"Bauernhof in Puerto Varas von 9 Hektar mit herrlichem Bergblick, Strom, Wasser, Haupthaus, Hausmeisterhaus, Schafstall, H\u00fchnerstall und einem Weinkeller.\" \/>\n<meta property=\"og:url\" content=\"https:\/\/produncan.cl\/de\/produkt\/landleben-in-puerto-varas-santa-barbara-region-los-lagos\/\" \/>\n<meta property=\"og:site_name\" content=\"Produncan\" \/>\n<meta property=\"article:publisher\" content=\"https:\/\/web.facebook.com\/produncanland\" \/>\n<meta property=\"article:modified_time\" content=\"2026-01-16T21:16:20+00:00\" \/>\n<meta property=\"og:image\" content=\"https:\/\/produncan.cl\/wp-content\/uploads\/2025\/03\/Campo-Santa-Barbara-vendido.webp\" \/>\n\t<meta property=\"og:image:width\" content=\"600\" \/>\n\t<meta property=\"og:image:height\" content=\"450\" \/>\n\t<meta property=\"og:image:type\" content=\"image\/webp\" \/>\n<meta name=\"twitter:card\" content=\"summary_large_image\" \/>\n<meta name=\"twitter:label1\" content=\"Price\" \/>\n\t<meta name=\"twitter:data1\" content=\"\" \/>\n\t<meta name=\"twitter:label2\" content=\"Availability\" \/>\n\t<meta name=\"twitter:data2\" content=\"Out of stock\" \/>\n<script type=\"application\/ld+json\" class=\"yoast-schema-graph\">{\"@context\":\"https:\\\/\\\/schema.org\",\"@graph\":[{\"@type\":\"WebPage\",\"@id\":\"https:\\\/\\\/produncan.cl\\\/de\\\/produkt\\\/landleben-in-puerto-varas-santa-barbara-region-los-lagos\\\/\",\"url\":\"https:\\\/\\\/produncan.cl\\\/de\\\/produkt\\\/landleben-in-puerto-varas-santa-barbara-region-los-lagos\\\/\",\"name\":\"Landleben in Puerto Varas - Santa Barbara, Region Los Lagos - Produncan\",\"isPartOf\":{\"@id\":\"https:\\\/\\\/produncan.cl\\\/de\\\/#website\"},\"primaryImageOfPage\":{\"@id\":\"https:\\\/\\\/produncan.cl\\\/de\\\/produkt\\\/landleben-in-puerto-varas-santa-barbara-region-los-lagos\\\/#primaryimage\"},\"image\":{\"@id\":\"https:\\\/\\\/produncan.cl\\\/de\\\/produkt\\\/landleben-in-puerto-varas-santa-barbara-region-los-lagos\\\/#primaryimage\"},\"thumbnailUrl\":\"https:\\\/\\\/produncan.cl\\\/wp-content\\\/uploads\\\/2025\\\/03\\\/Campo-Santa-Barbara-vendido.webp\",\"datePublished\":\"2021-03-07T17:06:14+00:00\",\"dateModified\":\"2026-01-16T21:16:20+00:00\",\"description\":\"Bauernhof in Puerto Varas von 9 Hektar mit herrlichem Bergblick, Strom, Wasser, Haupthaus, Hausmeisterhaus, Schafstall, H\u00fchnerstall und einem Weinkeller.\",\"breadcrumb\":{\"@id\":\"https:\\\/\\\/produncan.cl\\\/de\\\/produkt\\\/landleben-in-puerto-varas-santa-barbara-region-los-lagos\\\/#breadcrumb\"},\"inLanguage\":\"de-DE\",\"potentialAction\":[{\"@type\":\"ReadAction\",\"target\":[\"https:\\\/\\\/produncan.cl\\\/de\\\/produkt\\\/landleben-in-puerto-varas-santa-barbara-region-los-lagos\\\/\"]}]},{\"@type\":\"ImageObject\",\"inLanguage\":\"de-DE\",\"@id\":\"https:\\\/\\\/produncan.cl\\\/de\\\/produkt\\\/landleben-in-puerto-varas-santa-barbara-region-los-lagos\\\/#primaryimage\",\"url\":\"https:\\\/\\\/produncan.cl\\\/wp-content\\\/uploads\\\/2025\\\/03\\\/Campo-Santa-Barbara-vendido.webp\",\"contentUrl\":\"https:\\\/\\\/produncan.cl\\\/wp-content\\\/uploads\\\/2025\\\/03\\\/Campo-Santa-Barbara-vendido.webp\",\"width\":600,\"height\":450,\"caption\":\"Campo Santa B\u00e1rbara vendido\"},{\"@type\":\"BreadcrumbList\",\"@id\":\"https:\\\/\\\/produncan.cl\\\/de\\\/produkt\\\/landleben-in-puerto-varas-santa-barbara-region-los-lagos\\\/#breadcrumb\",\"itemListElement\":[{\"@type\":\"ListItem\",\"position\":1,\"name\":\"Inicio\",\"item\":\"https:\\\/\\\/produncan.cl\\\/de\\\/\"},{\"@type\":\"ListItem\",\"position\":2,\"name\":\"Eigenschaften\",\"item\":\"https:\\\/\\\/produncan.cl\\\/propiedades\\\/\"},{\"@type\":\"ListItem\",\"position\":3,\"name\":\"Felder\",\"item\":\"https:\\\/\\\/produncan.cl\\\/de\\\/kategorie\\\/felder\\\/\"},{\"@type\":\"ListItem\",\"position\":4,\"name\":\"Landleben in Puerto Varas &#8211; Santa Barbara, Region Los Lagos\"}]},{\"@type\":\"WebSite\",\"@id\":\"https:\\\/\\\/produncan.cl\\\/de\\\/#website\",\"url\":\"https:\\\/\\\/produncan.cl\\\/de\\\/\",\"name\":\"Produncan\",\"description\":\"Wir begleiten Sie bei Ihrem Lebensprojekt!\",\"publisher\":{\"@id\":\"https:\\\/\\\/produncan.cl\\\/de\\\/#organization\"},\"potentialAction\":[{\"@type\":\"SearchAction\",\"target\":{\"@type\":\"EntryPoint\",\"urlTemplate\":\"https:\\\/\\\/produncan.cl\\\/de\\\/?s={search_term_string}\"},\"query-input\":{\"@type\":\"PropertyValueSpecification\",\"valueRequired\":true,\"valueName\":\"search_term_string\"}}],\"inLanguage\":\"de-DE\"},{\"@type\":\"Organization\",\"@id\":\"https:\\\/\\\/produncan.cl\\\/de\\\/#organization\",\"name\":\"Produncan\",\"url\":\"https:\\\/\\\/produncan.cl\\\/de\\\/\",\"logo\":{\"@type\":\"ImageObject\",\"inLanguage\":\"de-DE\",\"@id\":\"https:\\\/\\\/produncan.cl\\\/de\\\/#\\\/schema\\\/logo\\\/image\\\/\",\"url\":\"https:\\\/\\\/produncan.cl\\\/wp-content\\\/uploads\\\/2021\\\/03\\\/LOGO.jpeg\",\"contentUrl\":\"https:\\\/\\\/produncan.cl\\\/wp-content\\\/uploads\\\/2021\\\/03\\\/LOGO.jpeg\",\"width\":1280,\"height\":903,\"caption\":\"Produncan\"},\"image\":{\"@id\":\"https:\\\/\\\/produncan.cl\\\/de\\\/#\\\/schema\\\/logo\\\/image\\\/\"},\"sameAs\":[\"https:\\\/\\\/web.facebook.com\\\/produncanland\",\"https:\\\/\\\/www.instagram.com\\\/pro_duncan\\\/\",\"https:\\\/\\\/www.linkedin.com\\\/company\\\/produncan-lands\\\/\",\"https:\\\/\\\/www.youtube.com\\\/channel\\\/UCu7N-f3x0svkazD-Eew1-QQ\"],\"description\":\"En Produncan somos especialistas en la venta de terrenos en el sur de Chile. Proveemos estancias, campos, parcelas y hoteles.\",\"email\":\"info@produncan.cl\"}]}<\/script>\n<meta property=\"og:video\" content=\"https:\/\/www.youtube.com\/embed\/kZosrB73ae4\" \/>\n<meta property=\"og:video:type\" content=\"text\/html\" \/>\n<meta property=\"og:video:duration\" content=\"95\" \/>\n<meta property=\"og:video:width\" content=\"480\" \/>\n<meta property=\"og:video:height\" content=\"270\" \/>\n<meta property=\"ya:ovs:adult\" content=\"false\" \/>\n<meta property=\"ya:ovs:upload_date\" content=\"2021-03-07T17:06:14+00:00\" \/>\n<meta property=\"ya:ovs:allow_embed\" content=\"true\" \/>\n<meta property=\"product:price:currency\" content=\"USD\" \/>\n<meta property=\"og:availability\" content=\"out of stock\" \/>\n<meta property=\"product:availability\" content=\"out of stock\" \/>\n<meta property=\"product:condition\" content=\"new\" \/>\n<!-- \/ Yoast SEO Premium plugin. -->","yoast_head_json":{"title":"Landleben in Puerto Varas - Santa Barbara, Region Los Lagos - Produncan","description":"Bauernhof in Puerto Varas von 9 Hektar mit herrlichem Bergblick, Strom, Wasser, Haupthaus, Hausmeisterhaus, Schafstall, H\u00fchnerstall und einem Weinkeller.","robots":{"index":"index","follow":"follow","max-snippet":"max-snippet:-1","max-image-preview":"max-image-preview:large","max-video-preview":"max-video-preview:-1"},"canonical":"https:\/\/produncan.cl\/de\/produkt\/landleben-in-puerto-varas-santa-barbara-region-los-lagos\/","og_locale":"de_DE","og_type":"article","og_title":"Landleben in Puerto Varas - Santa Barbara, Region Los Lagos","og_description":"Bauernhof in Puerto Varas von 9 Hektar mit herrlichem Bergblick, Strom, Wasser, Haupthaus, Hausmeisterhaus, Schafstall, H\u00fchnerstall und einem Weinkeller.","og_url":"https:\/\/produncan.cl\/de\/produkt\/landleben-in-puerto-varas-santa-barbara-region-los-lagos\/","og_site_name":"Produncan","article_publisher":"https:\/\/web.facebook.com\/produncanland","article_modified_time":"2026-01-16T21:16:20+00:00","og_image":[{"width":600,"height":450,"url":"https:\/\/produncan.cl\/wp-content\/uploads\/2025\/03\/Campo-Santa-Barbara-vendido.webp","type":"image\/webp"}],"twitter_card":"summary_large_image","twitter_misc":{"Price":"","Availability":"Out of stock"},"schema":{"@context":"https:\/\/schema.org","@graph":[{"@type":"WebPage","@id":"https:\/\/produncan.cl\/de\/produkt\/landleben-in-puerto-varas-santa-barbara-region-los-lagos\/","url":"https:\/\/produncan.cl\/de\/produkt\/landleben-in-puerto-varas-santa-barbara-region-los-lagos\/","name":"Landleben in Puerto Varas - Santa Barbara, Region Los Lagos - Produncan","isPartOf":{"@id":"https:\/\/produncan.cl\/de\/#website"},"primaryImageOfPage":{"@id":"https:\/\/produncan.cl\/de\/produkt\/landleben-in-puerto-varas-santa-barbara-region-los-lagos\/#primaryimage"},"image":{"@id":"https:\/\/produncan.cl\/de\/produkt\/landleben-in-puerto-varas-santa-barbara-region-los-lagos\/#primaryimage"},"thumbnailUrl":"https:\/\/produncan.cl\/wp-content\/uploads\/2025\/03\/Campo-Santa-Barbara-vendido.webp","datePublished":"2021-03-07T17:06:14+00:00","dateModified":"2026-01-16T21:16:20+00:00","description":"Bauernhof in Puerto Varas von 9 Hektar mit herrlichem Bergblick, Strom, Wasser, Haupthaus, Hausmeisterhaus, Schafstall, H\u00fchnerstall und einem Weinkeller.","breadcrumb":{"@id":"https:\/\/produncan.cl\/de\/produkt\/landleben-in-puerto-varas-santa-barbara-region-los-lagos\/#breadcrumb"},"inLanguage":"de-DE","potentialAction":[{"@type":"ReadAction","target":["https:\/\/produncan.cl\/de\/produkt\/landleben-in-puerto-varas-santa-barbara-region-los-lagos\/"]}]},{"@type":"ImageObject","inLanguage":"de-DE","@id":"https:\/\/produncan.cl\/de\/produkt\/landleben-in-puerto-varas-santa-barbara-region-los-lagos\/#primaryimage","url":"https:\/\/produncan.cl\/wp-content\/uploads\/2025\/03\/Campo-Santa-Barbara-vendido.webp","contentUrl":"https:\/\/produncan.cl\/wp-content\/uploads\/2025\/03\/Campo-Santa-Barbara-vendido.webp","width":600,"height":450,"caption":"Campo Santa B\u00e1rbara vendido"},{"@type":"BreadcrumbList","@id":"https:\/\/produncan.cl\/de\/produkt\/landleben-in-puerto-varas-santa-barbara-region-los-lagos\/#breadcrumb","itemListElement":[{"@type":"ListItem","position":1,"name":"Inicio","item":"https:\/\/produncan.cl\/de\/"},{"@type":"ListItem","position":2,"name":"Eigenschaften","item":"https:\/\/produncan.cl\/propiedades\/"},{"@type":"ListItem","position":3,"name":"Felder","item":"https:\/\/produncan.cl\/de\/kategorie\/felder\/"},{"@type":"ListItem","position":4,"name":"Landleben in Puerto Varas &#8211; Santa Barbara, Region Los Lagos"}]},{"@type":"WebSite","@id":"https:\/\/produncan.cl\/de\/#website","url":"https:\/\/produncan.cl\/de\/","name":"Produncan","description":"Wir begleiten Sie bei Ihrem Lebensprojekt!","publisher":{"@id":"https:\/\/produncan.cl\/de\/#organization"},"potentialAction":[{"@type":"SearchAction","target":{"@type":"EntryPoint","urlTemplate":"https:\/\/produncan.cl\/de\/?s={search_term_string}"},"query-input":{"@type":"PropertyValueSpecification","valueRequired":true,"valueName":"search_term_string"}}],"inLanguage":"de-DE"},{"@type":"Organization","@id":"https:\/\/produncan.cl\/de\/#organization","name":"Produncan","url":"https:\/\/produncan.cl\/de\/","logo":{"@type":"ImageObject","inLanguage":"de-DE","@id":"https:\/\/produncan.cl\/de\/#\/schema\/logo\/image\/","url":"https:\/\/produncan.cl\/wp-content\/uploads\/2021\/03\/LOGO.jpeg","contentUrl":"https:\/\/produncan.cl\/wp-content\/uploads\/2021\/03\/LOGO.jpeg","width":1280,"height":903,"caption":"Produncan"},"image":{"@id":"https:\/\/produncan.cl\/de\/#\/schema\/logo\/image\/"},"sameAs":["https:\/\/web.facebook.com\/produncanland","https:\/\/www.instagram.com\/pro_duncan\/","https:\/\/www.linkedin.com\/company\/produncan-lands\/","https:\/\/www.youtube.com\/channel\/UCu7N-f3x0svkazD-Eew1-QQ"],"description":"En Produncan somos especialistas en la venta de terrenos en el sur de Chile. Proveemos estancias, campos, parcelas y hoteles.","email":"info@produncan.cl"}]},"og_video":"https:\/\/www.youtube.com\/embed\/kZosrB73ae4","og_video_type":"text\/html","og_video_duration":"95","og_video_width":"480","og_video_height":"270","ya_ovs_adult":"false","ya_ovs_upload_date":"2021-03-07T17:06:14+00:00","ya_ovs_allow_embed":"true","product_price_currency":"USD","og_availability":"out of stock","product_availability":"out of stock","product_condition":"new"},"_links":{"self":[{"href":"https:\/\/produncan.cl\/de\/wp-json\/wp\/v2\/product\/39490","targetHints":{"allow":["GET"]}}],"collection":[{"href":"https:\/\/produncan.cl\/de\/wp-json\/wp\/v2\/product"}],"about":[{"href":"https:\/\/produncan.cl\/de\/wp-json\/wp\/v2\/types\/product"}],"version-history":[{"count":4,"href":"https:\/\/produncan.cl\/de\/wp-json\/wp\/v2\/product\/39490\/revisions"}],"predecessor-version":[{"id":54475,"href":"https:\/\/produncan.cl\/de\/wp-json\/wp\/v2\/product\/39490\/revisions\/54475"}],"wp:featuredmedia":[{"embeddable":true,"href":"https:\/\/produncan.cl\/de\/wp-json\/wp\/v2\/media\/52977"}],"wp:attachment":[{"href":"https:\/\/produncan.cl\/de\/wp-json\/wp\/v2\/media?parent=39490"}],"wp:term":[{"taxonomy":"product_brand","embeddable":true,"href":"https:\/\/produncan.cl\/de\/wp-json\/wp\/v2\/product_brand?post=39490"},{"taxonomy":"product_cat","embeddable":true,"href":"https:\/\/produncan.cl\/de\/wp-json\/wp\/v2\/product_cat?post=39490"},{"taxonomy":"product_tag","embeddable":true,"href":"https:\/\/produncan.cl\/de\/wp-json\/wp\/v2\/product_tag?post=39490"},{"taxonomy":"regiones","embeddable":true,"href":"https:\/\/produncan.cl\/de\/wp-json\/wp\/v2\/regiones?post=39490"},{"taxonomy":"ciudades","embeddable":true,"href":"https:\/\/produncan.cl\/de\/wp-json\/wp\/v2\/ciudades?post=39490"}],"curies":[{"name":"wp","href":"https:\/\/api.w.org\/{rel}","templated":true}]}}