{"id":40325,"date":"2025-04-09T19:15:06","date_gmt":"2025-04-09T23:15:06","guid":{"rendered":"https:\/\/produncan.cl\/producto\/baugrundstueck-in-puerto-varas-los-riscos-ensenada\/"},"modified":"2025-11-24T15:49:02","modified_gmt":"2025-11-24T18:49:02","slug":"baugrundstueck-in-puerto-varas-los-riscos-ensenada","status":"publish","type":"product","link":"https:\/\/produncan.cl\/de\/produkt\/baugrundstueck-in-puerto-varas-los-riscos-ensenada\/","title":{"rendered":"Baugrundst\u00fcck in Puerto Varas &#8211; Los Riscos &#8211; Ensenada"},"content":{"rendered":"\t\t<div data-elementor-type=\"product-post\" data-elementor-id=\"40325\" class=\"elementor elementor-40325 elementor-40225\" data-elementor-post-type=\"product\">\n\t\t\t\t<div class=\"elementor-element elementor-element-7ee004c e-flex e-con-boxed e-con e-parent\" data-id=\"7ee004c\" data-element_type=\"container\" data-e-type=\"container\" data-settings=\"{&quot;jet_parallax_layout_list&quot;:[]}\">\n\t\t\t\t\t<div class=\"e-con-inner\">\n\t\t\t\t<div class=\"elementor-element elementor-element-6a7eac1 elementor-widget elementor-widget-heading\" data-id=\"6a7eac1\" data-element_type=\"widget\" data-e-type=\"widget\" data-widget_type=\"heading.default\">\n\t\t\t\t\t<h2 class=\"elementor-heading-title elementor-size-default\">Exklusives Grundst\u00fcck in Puerto Varas, Ensenada - Los Riscos. Nat\u00fcrliche Umgebung, Vulkane Blick und Alto Ebene Leben. <\/h2>\t\t\t\t<\/div>\n\t\t\t\t\t<\/div>\n\t\t\t\t<\/div>\n\t\t<div class=\"elementor-element elementor-element-f003f0f e-flex e-con-boxed e-con e-parent\" data-id=\"f003f0f\" data-element_type=\"container\" data-e-type=\"container\" data-settings=\"{&quot;jet_parallax_layout_list&quot;:[]}\">\n\t\t\t\t\t<div class=\"e-con-inner\">\n\t\t\t\t<div class=\"elementor-element elementor-element-2c83027 elementor-widget elementor-widget-text-editor\" data-id=\"2c83027\" data-element_type=\"widget\" data-e-type=\"widget\" data-widget_type=\"text-editor.default\">\n\t\t\t\t\t\t\t\t\t<p>Te presentamos una oportunidad \u00fanica para construir tu proyecto de vida en uno de los sectores m\u00e1s codiciados del sur de Chile: una espectacular parcela en Puerto Varas, Ensenada de 5.000 m\u00b2 ubicada en el consolidado y exclusivo condominio Los Riscos, a solo 40 minutos del aeropuerto y con excelente conectividad por camino asfaltado.<\/p><p><strong>Privilegierter Standort<\/strong><\/p><p>Zwischen Puerto Varas und Ensenada, im Herzen der Region Los Lagos, verbindet diese Immobilie perfekt Privatsph\u00e4re, Natur und Zug\u00e4nglichkeit. Vom Grundst\u00fcck aus genie\u00dfen Sie einen ungehinderten Blick auf die Vulkane Osorno und Calbuco und sind nur wenige Minuten von Naturattraktionen wie den Petrohu\u00e9-Wasserf\u00e4llen, dem Llanquihue-See und dem Vulkan Osorno entfernt. <\/p><p><strong>Herausragende Eigenschaften des Grundst\u00fccks in Puerto Varas, Los Riscos<\/strong><\/p><ul><li>Wert: UF 3.000<\/li><li>Flaches Land, ideal zum Bauen<\/li><li>Der urspr\u00fcngliche Wald wurde mit Arten wie Myrte und Boldos gerodet.<\/li><li>Reichhaltige Tierwelt: Schw\u00e4ne, Enten, Reiher, Papageien und Kolibris<\/li><li>Unterirdische Elektrizit\u00e4t und Trinkwasser<\/li><li>Ausgezeichnete Sonneneinstrahlung das ganze Jahr \u00fcber<\/li><li>Eigene Rolle und Verwendung Geh\u00e4use<\/li><li>Gemeinsame Ausgaben ab ca. 17.500 $.<\/li><li>Beitr\u00e4ge: 77.000 $ viertelj\u00e4hrlich ca.<\/li><\/ul><p> <\/p><p><strong>Ausstattung von Eigentumswohnungen:<\/strong><\/p><ul><li>Kontrollierter Zugang und elektrisches Tor<\/li><li>Interne Asphaltstra\u00dfen<\/li><li>Recht auf Nutzung des Strandes am Llanquihue-See<\/li><li>Vier Grillpl\u00e4tze mit Toiletten in Gemeinschaftsbereichen<\/li><li>Sorgf\u00e4ltige Landschaftsgestaltung und harmonische Umgebung<\/li><li>Etablierte Gemeinschaft mit anspruchsvoller Architektur<\/li><li>Eigent\u00fcmerausschuss und klare Gesch\u00e4ftsordnung<\/li><\/ul><p> <\/p><p>Ein Grundst\u00fcck in Puerto Varas, Los Riscos, entweder als Erst- oder Zweitwohnsitz, bietet nicht nur eine sichere Investition, sondern auch die M\u00f6glichkeit, in einer einzigartigen nat\u00fcrlichen Umgebung zu leben oder Urlaub zu machen, mit allen Annehmlichkeiten und dem R\u00fcckhalt eines konsolidierten Projekts.<\/p><p>Wenn Sie auf der Suche nach Ruhe, Natur und einer anspruchsvollen Gemeinde im S\u00fcden Chiles sind, ist dies die Gelegenheit, auf die Sie gewartet haben.<\/p><p>Kontaktieren Sie uns f\u00fcr weitere Informationen oder um einen Besuch zu vereinbaren.<\/p>\t\t\t\t\t\t\t\t<\/div>\n\t\t\t\t\t<\/div>\n\t\t\t\t<\/div>\n\t\t\t\t<\/div>\n\t\t","protected":false},"excerpt":{"rendered":"<p>Grundst\u00fcck in Puerto Varas an der Stra\u00dfe nach Ensenada, im Rahmen eines konsolidierten Projekts. Asphaltierte Urbanisation, unterirdische Elektrizit\u00e4t, Trinkwasser, Zugang zum See, Blick auf die Vulkane, H\u00e4user von hohem architektonischen Niveau, Landschaftsgestaltung. <\/p>\n","protected":false},"featured_media":40230,"template":"","meta":{"_acf_changed":false},"product_brand":[],"product_cat":[104],"product_tag":[232],"regiones":[226],"ciudades":[213,219],"class_list":{"0":"post-40325","1":"product","2":"type-product","3":"status-publish","4":"has-post-thumbnail","6":"product_cat-ohiggins-los-lagos","7":"product_tag-grundstuecke","8":"regiones-nuble-los_lagos","9":"ciudades-ensenada","10":"ciudades-puerto-varas","12":"first","13":"instock","14":"shipping-taxable","15":"purchasable","16":"product-type-simple"},"acf":[],"yoast_head":"<!-- This site is optimized with the Yoast SEO Premium plugin v26.0 (Yoast SEO v27.3) - https:\/\/yoast.com\/product\/yoast-seo-premium-wordpress\/ -->\n<title>Baugrundst\u00fcck in Puerto Varas - Los Riscos - Ensenada - Produncan<\/title>\n<meta name=\"description\" content=\"Grundst\u00fcck in Puerto Varas an der Stra\u00dfe nach Ensenada, im Rahmen eines konsolidierten Projekts. Asphaltierte Urbanisation, unterirdischer Strom, Trinkwasser, Zugang zum See.\" \/>\n<meta name=\"robots\" content=\"index, follow, max-snippet:-1, max-image-preview:large, max-video-preview:-1\" \/>\n<link rel=\"canonical\" href=\"https:\/\/produncan.cl\/de\/produkt\/baugrundstueck-in-puerto-varas-los-riscos-ensenada\/\" \/>\n<meta property=\"og:locale\" content=\"de_DE\" \/>\n<meta property=\"og:type\" content=\"article\" \/>\n<meta property=\"og:title\" content=\"Baugrundst\u00fcck in Puerto Varas - Los Riscos - Ensenada\" \/>\n<meta property=\"og:description\" content=\"Grundst\u00fcck in Puerto Varas an der Stra\u00dfe nach Ensenada, im Rahmen eines konsolidierten Projekts. Asphaltierte Urbanisation, unterirdischer Strom, Trinkwasser, Zugang zum See.\" \/>\n<meta property=\"og:url\" content=\"https:\/\/produncan.cl\/de\/produkt\/baugrundstueck-in-puerto-varas-los-riscos-ensenada\/\" \/>\n<meta property=\"og:site_name\" content=\"Produncan\" \/>\n<meta property=\"article:publisher\" content=\"https:\/\/web.facebook.com\/produncanland\" \/>\n<meta property=\"article:modified_time\" content=\"2025-11-24T18:49:02+00:00\" \/>\n<meta property=\"og:image\" content=\"https:\/\/produncan.cl\/wp-content\/uploads\/2025\/04\/Parcela-en-venta-Los-Riscos-Puerto-Varas.webp\" \/>\n\t<meta property=\"og:image:width\" content=\"800\" \/>\n\t<meta property=\"og:image:height\" content=\"600\" \/>\n\t<meta property=\"og:image:type\" content=\"image\/webp\" \/>\n<meta name=\"twitter:card\" content=\"summary_large_image\" \/>\n<meta name=\"twitter:label1\" content=\"Price\" \/>\n\t<meta name=\"twitter:data1\" content=\"USD124.000,00\" \/>\n\t<meta name=\"twitter:label2\" content=\"Availability\" \/>\n\t<meta name=\"twitter:data2\" content=\"In stock\" \/>\n<script type=\"application\/ld+json\" class=\"yoast-schema-graph\">{\"@context\":\"https:\\\/\\\/schema.org\",\"@graph\":[{\"@type\":\"WebPage\",\"@id\":\"https:\\\/\\\/produncan.cl\\\/de\\\/produkt\\\/baugrundstueck-in-puerto-varas-los-riscos-ensenada\\\/\",\"url\":\"https:\\\/\\\/produncan.cl\\\/de\\\/produkt\\\/baugrundstueck-in-puerto-varas-los-riscos-ensenada\\\/\",\"name\":\"Baugrundst\u00fcck in Puerto Varas - Los Riscos - Ensenada - Produncan\",\"isPartOf\":{\"@id\":\"https:\\\/\\\/produncan.cl\\\/de\\\/#website\"},\"primaryImageOfPage\":{\"@id\":\"https:\\\/\\\/produncan.cl\\\/de\\\/produkt\\\/baugrundstueck-in-puerto-varas-los-riscos-ensenada\\\/#primaryimage\"},\"image\":{\"@id\":\"https:\\\/\\\/produncan.cl\\\/de\\\/produkt\\\/baugrundstueck-in-puerto-varas-los-riscos-ensenada\\\/#primaryimage\"},\"thumbnailUrl\":\"https:\\\/\\\/produncan.cl\\\/wp-content\\\/uploads\\\/2025\\\/04\\\/Parcela-en-venta-Los-Riscos-Puerto-Varas.webp\",\"datePublished\":\"2025-04-09T23:15:06+00:00\",\"dateModified\":\"2025-11-24T18:49:02+00:00\",\"description\":\"Grundst\u00fcck in Puerto Varas an der Stra\u00dfe nach Ensenada, im Rahmen eines konsolidierten Projekts. Asphaltierte Urbanisation, unterirdischer Strom, Trinkwasser, Zugang zum See.\",\"breadcrumb\":{\"@id\":\"https:\\\/\\\/produncan.cl\\\/de\\\/produkt\\\/baugrundstueck-in-puerto-varas-los-riscos-ensenada\\\/#breadcrumb\"},\"inLanguage\":\"de-DE\",\"potentialAction\":[{\"@type\":\"ReadAction\",\"target\":[\"https:\\\/\\\/produncan.cl\\\/de\\\/produkt\\\/baugrundstueck-in-puerto-varas-los-riscos-ensenada\\\/\"]}]},{\"@type\":\"ImageObject\",\"inLanguage\":\"de-DE\",\"@id\":\"https:\\\/\\\/produncan.cl\\\/de\\\/produkt\\\/baugrundstueck-in-puerto-varas-los-riscos-ensenada\\\/#primaryimage\",\"url\":\"https:\\\/\\\/produncan.cl\\\/wp-content\\\/uploads\\\/2025\\\/04\\\/Parcela-en-venta-Los-Riscos-Puerto-Varas.webp\",\"contentUrl\":\"https:\\\/\\\/produncan.cl\\\/wp-content\\\/uploads\\\/2025\\\/04\\\/Parcela-en-venta-Los-Riscos-Puerto-Varas.webp\",\"width\":800,\"height\":600,\"caption\":\"Grundst\u00fcck zum Verkauf Los Risos Puerto Varas\"},{\"@type\":\"BreadcrumbList\",\"@id\":\"https:\\\/\\\/produncan.cl\\\/de\\\/produkt\\\/baugrundstueck-in-puerto-varas-los-riscos-ensenada\\\/#breadcrumb\",\"itemListElement\":[{\"@type\":\"ListItem\",\"position\":1,\"name\":\"Inicio\",\"item\":\"https:\\\/\\\/produncan.cl\\\/de\\\/\"},{\"@type\":\"ListItem\",\"position\":2,\"name\":\"Eigenschaften\",\"item\":\"https:\\\/\\\/produncan.cl\\\/propiedades\\\/\"},{\"@type\":\"ListItem\",\"position\":3,\"name\":\"Grundst\u00fccke\",\"item\":\"https:\\\/\\\/produncan.cl\\\/de\\\/kategorie\\\/grundstuecke\\\/\"},{\"@type\":\"ListItem\",\"position\":4,\"name\":\"Baugrundst\u00fcck in Puerto Varas &#8211; Los Riscos &#8211; Ensenada\"}]},{\"@type\":\"WebSite\",\"@id\":\"https:\\\/\\\/produncan.cl\\\/de\\\/#website\",\"url\":\"https:\\\/\\\/produncan.cl\\\/de\\\/\",\"name\":\"Produncan\",\"description\":\"Wir begleiten Sie bei Ihrem Lebensprojekt!\",\"publisher\":{\"@id\":\"https:\\\/\\\/produncan.cl\\\/de\\\/#organization\"},\"potentialAction\":[{\"@type\":\"SearchAction\",\"target\":{\"@type\":\"EntryPoint\",\"urlTemplate\":\"https:\\\/\\\/produncan.cl\\\/de\\\/?s={search_term_string}\"},\"query-input\":{\"@type\":\"PropertyValueSpecification\",\"valueRequired\":true,\"valueName\":\"search_term_string\"}}],\"inLanguage\":\"de-DE\"},{\"@type\":\"Organization\",\"@id\":\"https:\\\/\\\/produncan.cl\\\/de\\\/#organization\",\"name\":\"Produncan\",\"url\":\"https:\\\/\\\/produncan.cl\\\/de\\\/\",\"logo\":{\"@type\":\"ImageObject\",\"inLanguage\":\"de-DE\",\"@id\":\"https:\\\/\\\/produncan.cl\\\/de\\\/#\\\/schema\\\/logo\\\/image\\\/\",\"url\":\"https:\\\/\\\/produncan.cl\\\/wp-content\\\/uploads\\\/2021\\\/03\\\/LOGO.jpeg\",\"contentUrl\":\"https:\\\/\\\/produncan.cl\\\/wp-content\\\/uploads\\\/2021\\\/03\\\/LOGO.jpeg\",\"width\":1280,\"height\":903,\"caption\":\"Produncan\"},\"image\":{\"@id\":\"https:\\\/\\\/produncan.cl\\\/de\\\/#\\\/schema\\\/logo\\\/image\\\/\"},\"sameAs\":[\"https:\\\/\\\/web.facebook.com\\\/produncanland\",\"https:\\\/\\\/www.instagram.com\\\/pro_duncan\\\/\",\"https:\\\/\\\/www.linkedin.com\\\/company\\\/produncan-lands\\\/\",\"https:\\\/\\\/www.youtube.com\\\/channel\\\/UCu7N-f3x0svkazD-Eew1-QQ\"],\"description\":\"En Produncan somos especialistas en la venta de terrenos en el sur de Chile. Proveemos estancias, campos, parcelas y hoteles.\",\"email\":\"info@produncan.cl\"}]}<\/script>\n<meta property=\"og:video\" content=\"https:\/\/www.youtube.com\/embed\/uDx3Y3PQ08M\" \/>\n<meta property=\"og:video:type\" content=\"text\/html\" \/>\n<meta property=\"og:video:duration\" content=\"89\" \/>\n<meta property=\"og:video:width\" content=\"480\" \/>\n<meta property=\"og:video:height\" content=\"270\" \/>\n<meta property=\"ya:ovs:adult\" content=\"false\" \/>\n<meta property=\"ya:ovs:upload_date\" content=\"2025-04-09T23:15:06+00:00\" \/>\n<meta property=\"ya:ovs:allow_embed\" content=\"true\" \/>\n<meta property=\"product:price:amount\" content=\"124000.00\" \/>\n<meta property=\"product:price:currency\" content=\"USD\" \/>\n<meta property=\"og:availability\" content=\"instock\" \/>\n<meta property=\"product:availability\" content=\"instock\" \/>\n<meta property=\"product:condition\" content=\"new\" \/>\n<!-- \/ Yoast SEO Premium plugin. -->","yoast_head_json":{"title":"Baugrundst\u00fcck in Puerto Varas - Los Riscos - Ensenada - Produncan","description":"Grundst\u00fcck in Puerto Varas an der Stra\u00dfe nach Ensenada, im Rahmen eines konsolidierten Projekts. Asphaltierte Urbanisation, unterirdischer Strom, Trinkwasser, Zugang zum See.","robots":{"index":"index","follow":"follow","max-snippet":"max-snippet:-1","max-image-preview":"max-image-preview:large","max-video-preview":"max-video-preview:-1"},"canonical":"https:\/\/produncan.cl\/de\/produkt\/baugrundstueck-in-puerto-varas-los-riscos-ensenada\/","og_locale":"de_DE","og_type":"article","og_title":"Baugrundst\u00fcck in Puerto Varas - Los Riscos - Ensenada","og_description":"Grundst\u00fcck in Puerto Varas an der Stra\u00dfe nach Ensenada, im Rahmen eines konsolidierten Projekts. Asphaltierte Urbanisation, unterirdischer Strom, Trinkwasser, Zugang zum See.","og_url":"https:\/\/produncan.cl\/de\/produkt\/baugrundstueck-in-puerto-varas-los-riscos-ensenada\/","og_site_name":"Produncan","article_publisher":"https:\/\/web.facebook.com\/produncanland","article_modified_time":"2025-11-24T18:49:02+00:00","og_image":[{"width":800,"height":600,"url":"https:\/\/produncan.cl\/wp-content\/uploads\/2025\/04\/Parcela-en-venta-Los-Riscos-Puerto-Varas.webp","type":"image\/webp"}],"twitter_card":"summary_large_image","twitter_misc":{"Price":"USD124.000,00","Availability":"In stock"},"schema":{"@context":"https:\/\/schema.org","@graph":[{"@type":"WebPage","@id":"https:\/\/produncan.cl\/de\/produkt\/baugrundstueck-in-puerto-varas-los-riscos-ensenada\/","url":"https:\/\/produncan.cl\/de\/produkt\/baugrundstueck-in-puerto-varas-los-riscos-ensenada\/","name":"Baugrundst\u00fcck in Puerto Varas - Los Riscos - Ensenada - Produncan","isPartOf":{"@id":"https:\/\/produncan.cl\/de\/#website"},"primaryImageOfPage":{"@id":"https:\/\/produncan.cl\/de\/produkt\/baugrundstueck-in-puerto-varas-los-riscos-ensenada\/#primaryimage"},"image":{"@id":"https:\/\/produncan.cl\/de\/produkt\/baugrundstueck-in-puerto-varas-los-riscos-ensenada\/#primaryimage"},"thumbnailUrl":"https:\/\/produncan.cl\/wp-content\/uploads\/2025\/04\/Parcela-en-venta-Los-Riscos-Puerto-Varas.webp","datePublished":"2025-04-09T23:15:06+00:00","dateModified":"2025-11-24T18:49:02+00:00","description":"Grundst\u00fcck in Puerto Varas an der Stra\u00dfe nach Ensenada, im Rahmen eines konsolidierten Projekts. Asphaltierte Urbanisation, unterirdischer Strom, Trinkwasser, Zugang zum See.","breadcrumb":{"@id":"https:\/\/produncan.cl\/de\/produkt\/baugrundstueck-in-puerto-varas-los-riscos-ensenada\/#breadcrumb"},"inLanguage":"de-DE","potentialAction":[{"@type":"ReadAction","target":["https:\/\/produncan.cl\/de\/produkt\/baugrundstueck-in-puerto-varas-los-riscos-ensenada\/"]}]},{"@type":"ImageObject","inLanguage":"de-DE","@id":"https:\/\/produncan.cl\/de\/produkt\/baugrundstueck-in-puerto-varas-los-riscos-ensenada\/#primaryimage","url":"https:\/\/produncan.cl\/wp-content\/uploads\/2025\/04\/Parcela-en-venta-Los-Riscos-Puerto-Varas.webp","contentUrl":"https:\/\/produncan.cl\/wp-content\/uploads\/2025\/04\/Parcela-en-venta-Los-Riscos-Puerto-Varas.webp","width":800,"height":600,"caption":"Grundst\u00fcck zum Verkauf Los Risos Puerto Varas"},{"@type":"BreadcrumbList","@id":"https:\/\/produncan.cl\/de\/produkt\/baugrundstueck-in-puerto-varas-los-riscos-ensenada\/#breadcrumb","itemListElement":[{"@type":"ListItem","position":1,"name":"Inicio","item":"https:\/\/produncan.cl\/de\/"},{"@type":"ListItem","position":2,"name":"Eigenschaften","item":"https:\/\/produncan.cl\/propiedades\/"},{"@type":"ListItem","position":3,"name":"Grundst\u00fccke","item":"https:\/\/produncan.cl\/de\/kategorie\/grundstuecke\/"},{"@type":"ListItem","position":4,"name":"Baugrundst\u00fcck in Puerto Varas &#8211; Los Riscos &#8211; Ensenada"}]},{"@type":"WebSite","@id":"https:\/\/produncan.cl\/de\/#website","url":"https:\/\/produncan.cl\/de\/","name":"Produncan","description":"Wir begleiten Sie bei Ihrem Lebensprojekt!","publisher":{"@id":"https:\/\/produncan.cl\/de\/#organization"},"potentialAction":[{"@type":"SearchAction","target":{"@type":"EntryPoint","urlTemplate":"https:\/\/produncan.cl\/de\/?s={search_term_string}"},"query-input":{"@type":"PropertyValueSpecification","valueRequired":true,"valueName":"search_term_string"}}],"inLanguage":"de-DE"},{"@type":"Organization","@id":"https:\/\/produncan.cl\/de\/#organization","name":"Produncan","url":"https:\/\/produncan.cl\/de\/","logo":{"@type":"ImageObject","inLanguage":"de-DE","@id":"https:\/\/produncan.cl\/de\/#\/schema\/logo\/image\/","url":"https:\/\/produncan.cl\/wp-content\/uploads\/2021\/03\/LOGO.jpeg","contentUrl":"https:\/\/produncan.cl\/wp-content\/uploads\/2021\/03\/LOGO.jpeg","width":1280,"height":903,"caption":"Produncan"},"image":{"@id":"https:\/\/produncan.cl\/de\/#\/schema\/logo\/image\/"},"sameAs":["https:\/\/web.facebook.com\/produncanland","https:\/\/www.instagram.com\/pro_duncan\/","https:\/\/www.linkedin.com\/company\/produncan-lands\/","https:\/\/www.youtube.com\/channel\/UCu7N-f3x0svkazD-Eew1-QQ"],"description":"En Produncan somos especialistas en la venta de terrenos en el sur de Chile. Proveemos estancias, campos, parcelas y hoteles.","email":"info@produncan.cl"}]},"og_video":"https:\/\/www.youtube.com\/embed\/uDx3Y3PQ08M","og_video_type":"text\/html","og_video_duration":"89","og_video_width":"480","og_video_height":"270","ya_ovs_adult":"false","ya_ovs_upload_date":"2025-04-09T23:15:06+00:00","ya_ovs_allow_embed":"true","product_price_amount":"124000.00","product_price_currency":"USD","og_availability":"instock","product_availability":"instock","product_condition":"new"},"_links":{"self":[{"href":"https:\/\/produncan.cl\/de\/wp-json\/wp\/v2\/product\/40325","targetHints":{"allow":["GET"]}}],"collection":[{"href":"https:\/\/produncan.cl\/de\/wp-json\/wp\/v2\/product"}],"about":[{"href":"https:\/\/produncan.cl\/de\/wp-json\/wp\/v2\/types\/product"}],"version-history":[{"count":2,"href":"https:\/\/produncan.cl\/de\/wp-json\/wp\/v2\/product\/40325\/revisions"}],"predecessor-version":[{"id":52480,"href":"https:\/\/produncan.cl\/de\/wp-json\/wp\/v2\/product\/40325\/revisions\/52480"}],"wp:featuredmedia":[{"embeddable":true,"href":"https:\/\/produncan.cl\/de\/wp-json\/wp\/v2\/media\/40230"}],"wp:attachment":[{"href":"https:\/\/produncan.cl\/de\/wp-json\/wp\/v2\/media?parent=40325"}],"wp:term":[{"taxonomy":"product_brand","embeddable":true,"href":"https:\/\/produncan.cl\/de\/wp-json\/wp\/v2\/product_brand?post=40325"},{"taxonomy":"product_cat","embeddable":true,"href":"https:\/\/produncan.cl\/de\/wp-json\/wp\/v2\/product_cat?post=40325"},{"taxonomy":"product_tag","embeddable":true,"href":"https:\/\/produncan.cl\/de\/wp-json\/wp\/v2\/product_tag?post=40325"},{"taxonomy":"regiones","embeddable":true,"href":"https:\/\/produncan.cl\/de\/wp-json\/wp\/v2\/regiones?post=40325"},{"taxonomy":"ciudades","embeddable":true,"href":"https:\/\/produncan.cl\/de\/wp-json\/wp\/v2\/ciudades?post=40325"}],"curies":[{"name":"wp","href":"https:\/\/api.w.org\/{rel}","templated":true}]}}