{"id":40327,"date":"2025-04-02T18:53:22","date_gmt":"2025-04-02T21:53:22","guid":{"rendered":"https:\/\/produncan.cl\/producto\/grundstueck-in-cochamo-am-ufer-des-flusses-puelo-seengebiet\/"},"modified":"2026-04-16T18:17:11","modified_gmt":"2026-04-16T22:17:11","slug":"grundstueck-in-cochamo-am-ufer-des-flusses-puelo-seengebiet","status":"publish","type":"product","link":"https:\/\/produncan.cl\/de\/produkt\/grundstueck-in-cochamo-am-ufer-des-flusses-puelo-seengebiet\/","title":{"rendered":"Grundst\u00fcck in Cocham\u00f3 am Ufer des Flusses Puelo &#8211; Seengebiet"},"content":{"rendered":"\t\t<div data-elementor-type=\"product-post\" data-elementor-id=\"40327\" class=\"elementor elementor-40327 elementor-40085\" data-elementor-post-type=\"product\">\n\t\t\t\t<div class=\"elementor-element elementor-element-df5b680 e-flex e-con-boxed e-con e-parent\" data-id=\"df5b680\" data-element_type=\"container\" data-e-type=\"container\" data-settings=\"{&quot;jet_parallax_layout_list&quot;:[]}\">\n\t\t\t\t\t<div class=\"e-con-inner\">\n\t\t\t\t<div class=\"elementor-element elementor-element-0a7c916 elementor-widget elementor-widget-heading\" data-id=\"0a7c916\" data-element_type=\"widget\" data-e-type=\"widget\" data-widget_type=\"heading.default\">\n\t\t\t\t\t<h2 class=\"elementor-heading-title elementor-size-default\">Exklusive Grundst\u00fccke in Rio Puelo - Natur, Ruhe und Konnektivit\u00e4t<\/h2>\t\t\t\t<\/div>\n\t\t\t\t\t<\/div>\n\t\t\t\t<\/div>\n\t\t<div class=\"elementor-element elementor-element-2dc00bb e-flex e-con-boxed e-con e-parent\" data-id=\"2dc00bb\" data-element_type=\"container\" data-e-type=\"container\" data-settings=\"{&quot;jet_parallax_layout_list&quot;:[]}\">\n\t\t\t\t\t<div class=\"e-con-inner\">\n\t\t\t\t<div class=\"elementor-element elementor-element-e8b6d07 elementor-widget elementor-widget-text-editor\" data-id=\"e8b6d07\" data-element_type=\"widget\" data-e-type=\"widget\" data-widget_type=\"text-editor.default\">\n\t\t\t\t\t\t\t\t\t<p>Entdecken Sie die Gelegenheit, in eine unvergleichliche nat\u00fcrliche Umgebung im Gebiet des <strong>R\u00edo Puelo<\/strong> zu investieren, das f\u00fcr seine landschaftliche Sch\u00f6nheit und einzigartige Artenvielfalt bekannt ist. Dieses patagonische Paradies, umgeben von Bergen, einheimischen W\u00e4ldern und kristallklarem Wasser, ist ideal f\u00fcr alle, die Ruhe, Abenteuer und Verbundenheit mit der Natur suchen. <\/p>\n<p>Diese <strong>4 einzigartigen Grundst\u00fccke von je 5.000 m\u00b2<\/strong> liegen nur <strong>700 m von der Rollbahn entfernt<\/strong> und haben einen 50<strong> m langen exklusiven Zugang zum Fluss Puelo<\/strong>, der f\u00fcr seine <strong>Forellen- und Lachssportfischerei<\/strong> sowie f\u00fcr Aktivit\u00e4ten wie <strong>Rafting, Kajak- und Bootsfahrten<\/strong> bekannt ist.<\/p>\n<p><strong>Merkmale des Bodens :<\/strong><\/p>\n<ul>\n<li><strong>Privilegierte Lage:<\/strong> Am Tor zum Tagua-Tagua-Park im Biosph\u00e4renreservat des gem\u00e4\u00dfigten Regenwaldes der s\u00fcdlichen Anden.<\/li>\n<li><strong>Flaches Land in seiner Gesamtheit<\/strong>, das die Entwicklung von Wohn- oder Tourismusprojekten erm\u00f6glicht.<\/li>\n<li><strong>Zugang zu Strom nur 30 Meter entfernt<\/strong> (Saesa).<\/li>\n<li><strong>L\u00e4ndliche Wasserversorgung<\/strong> durch ein Wasserrad, das in Zukunft zu einem APR werden soll. Es ist m\u00f6glich, ein Wasserrad auf dem Grundst\u00fcck zu haben. <\/li>\n<li><strong>Nat\u00fcrliche Umgebung<\/strong>, haupts\u00e4chlich Grasland, einheimische B\u00e4ume, mit Myrtenb\u00e4umen am Flussufer.<\/li>\n<li><strong>Vielf\u00e4ltige lokale Fauna<\/strong>, mit der Anwesenheit von <strong>Huemules, F\u00fcchsen, Eisv\u00f6geln, Pud\u00faes, Reihern und Coypos<\/strong>.<\/li>\n<li><strong>Gute Sonneneinstrahlung<\/strong>, nach Norden zum Fluss hin ausgerichtet.<\/li>\n<\/ul>\n<p><strong>Ein Ort zum Leben oder Investieren<\/strong><\/p>\n<p>Dies ist ein <strong>ideales Umfeld f\u00fcr \u00d6kotourismus<\/strong>, nachhaltige Projekte oder einfach nur, um ein Leben in Kontakt mit der Natur zu genie\u00dfen. Das Gebiet verf\u00fcgt \u00fcber eine <strong>hervorragende Anbindung<\/strong>, nur <strong>70<\/strong><strong>Meter von der asphaltierten Stra\u00dfe entfernt<\/strong>, die das ganze Jahr \u00fcber einen bequemen Zugang erm\u00f6glicht. <\/p>\n<p><strong>Einzigartige Gelegenheit<\/strong><\/p>\n<p>Jedes Grundst\u00fcck ist f\u00fcr <strong>2.900 UF<\/strong> erh\u00e4ltlich, mit einem eigenen Grundbuch und der M\u00f6glichkeit des Verkaufs nach Einheiten. Drei von ihnen haben Zugang Dienstbarkeit registriert. Derzeit zahlen sie keine Beitr\u00e4ge.  <\/p>\n<p>Wenn Sie auf der Suche nach einem Grundst\u00fcck mit direktem Zugang zum <strong>Fluss Puelo<\/strong> sind, das von spektakul\u00e4ren Landschaften umgeben ist und <strong>ein hohes Tourismus- und Erholungspotenzial aufweist<\/strong>, dann ist dies Ihre Chance.<\/p>\n<p><strong>Kontaktieren Sie uns noch heute und sichern Sie sich Ihren Platz in diesem Naturparadies!<\/strong><\/p>\n\t\t\t\t\t\t\t\t<\/div>\n\t\t\t\t\t<\/div>\n\t\t\t\t<\/div>\n\t\t\t\t<\/div>\n\t\t","protected":false},"excerpt":{"rendered":"<p>Grundst\u00fcck in R\u00edo Puelo, Cocham\u00f3. Vier Grundst\u00fccke von 5.000 m\u00b2, jedes mit 50 Metern Flussufer. Privilegierte Lage nur 500 Meter von der asphaltierten Stra\u00dfe entfernt, mit Zugang zu Strom und APR. \u00dcberwiegend flaches Land und Wiesen.   <\/p>\n","protected":false},"featured_media":51792,"template":"","meta":{"_acf_changed":false},"product_brand":[],"product_cat":[104],"product_tag":[232,231],"regiones":[],"ciudades":[],"class_list":{"0":"post-40327","1":"product","2":"type-product","3":"status-publish","4":"has-post-thumbnail","6":"product_cat-ohiggins-los-lagos","7":"product_tag-grundstuecke","8":"product_tag-touristische-immobilien","10":"first","11":"instock","12":"shipping-taxable","13":"purchasable","14":"product-type-simple"},"acf":[],"yoast_head":"<!-- This site is optimized with the Yoast SEO Premium plugin v26.0 (Yoast SEO v27.4) - https:\/\/yoast.com\/product\/yoast-seo-premium-wordpress\/ -->\n<title>Grundst\u00fcck in Cocham\u00f3 am Ufer des Flusses Puelo - Seengebiet - Produncan<\/title>\n<meta name=\"description\" content=\"Grundst\u00fccke in Rio Puelo, Cocham\u00f3 (je 5.000 m\u00b2), 50 m vom Flussufer entfernt. 500 m von der asphaltierten Stra\u00dfe entfernt, mit Stromanschluss, APR und flachem Weideland.\" \/>\n<meta name=\"robots\" content=\"index, follow, max-snippet:-1, max-image-preview:large, max-video-preview:-1\" \/>\n<link rel=\"canonical\" href=\"https:\/\/produncan.cl\/de\/produkt\/grundstueck-in-cochamo-am-ufer-des-flusses-puelo-seengebiet\/\" \/>\n<meta property=\"og:locale\" content=\"de_DE\" \/>\n<meta property=\"og:type\" content=\"article\" \/>\n<meta property=\"og:title\" content=\"Grundst\u00fcck in Cocham\u00f3 am Ufer des Flusses Puelo - Seengebiet\" \/>\n<meta property=\"og:description\" content=\"Grundst\u00fccke in Rio Puelo, Cocham\u00f3 (je 5.000 m\u00b2), 50 m vom Flussufer entfernt. 500 m von der asphaltierten Stra\u00dfe entfernt, mit Stromanschluss, APR und flachem Weideland.\" \/>\n<meta property=\"og:url\" content=\"https:\/\/produncan.cl\/de\/produkt\/grundstueck-in-cochamo-am-ufer-des-flusses-puelo-seengebiet\/\" \/>\n<meta property=\"og:site_name\" content=\"Produncan\" \/>\n<meta property=\"article:publisher\" content=\"https:\/\/web.facebook.com\/produncanland\" \/>\n<meta property=\"article:modified_time\" content=\"2026-04-16T22:17:11+00:00\" \/>\n<meta property=\"og:image\" content=\"https:\/\/produncan.cl\/wp-content\/uploads\/2025\/04\/Parcela-Rio-Puelo-en-Cochamo.webp\" \/>\n<meta name=\"twitter:card\" content=\"summary_large_image\" \/>\n<meta name=\"twitter:label1\" content=\"Price\" \/>\n\t<meta name=\"twitter:data1\" content=\"USD152.800,00\" \/>\n\t<meta name=\"twitter:label2\" content=\"Availability\" \/>\n\t<meta name=\"twitter:data2\" content=\"In stock\" \/>\n<script type=\"application\/ld+json\" class=\"yoast-schema-graph\">{\"@context\":\"https:\\\/\\\/schema.org\",\"@graph\":[{\"@type\":\"WebPage\",\"@id\":\"https:\\\/\\\/produncan.cl\\\/de\\\/produkt\\\/grundstueck-in-cochamo-am-ufer-des-flusses-puelo-seengebiet\\\/\",\"url\":\"https:\\\/\\\/produncan.cl\\\/de\\\/produkt\\\/grundstueck-in-cochamo-am-ufer-des-flusses-puelo-seengebiet\\\/\",\"name\":\"Grundst\u00fcck in Cocham\u00f3 am Ufer des Flusses Puelo - Seengebiet - Produncan\",\"isPartOf\":{\"@id\":\"https:\\\/\\\/produncan.cl\\\/de\\\/#website\"},\"primaryImageOfPage\":{\"@id\":\"https:\\\/\\\/produncan.cl\\\/de\\\/produkt\\\/grundstueck-in-cochamo-am-ufer-des-flusses-puelo-seengebiet\\\/#primaryimage\"},\"image\":{\"@id\":\"https:\\\/\\\/produncan.cl\\\/de\\\/produkt\\\/grundstueck-in-cochamo-am-ufer-des-flusses-puelo-seengebiet\\\/#primaryimage\"},\"thumbnailUrl\":\"https:\\\/\\\/produncan.cl\\\/wp-content\\\/uploads\\\/2025\\\/04\\\/Parcelas-Rio-Puelo-en-Cochamo.webp\",\"datePublished\":\"2025-04-02T21:53:22+00:00\",\"dateModified\":\"2026-04-16T22:17:11+00:00\",\"description\":\"Grundst\u00fccke in Rio Puelo, Cocham\u00f3 (je 5.000 m\u00b2), 50 m vom Flussufer entfernt. 500 m von der asphaltierten Stra\u00dfe entfernt, mit Stromanschluss, APR und flachem Weideland.\",\"breadcrumb\":{\"@id\":\"https:\\\/\\\/produncan.cl\\\/de\\\/produkt\\\/grundstueck-in-cochamo-am-ufer-des-flusses-puelo-seengebiet\\\/#breadcrumb\"},\"inLanguage\":\"de-DE\",\"potentialAction\":[{\"@type\":\"ReadAction\",\"target\":[\"https:\\\/\\\/produncan.cl\\\/de\\\/produkt\\\/grundstueck-in-cochamo-am-ufer-des-flusses-puelo-seengebiet\\\/\"]}]},{\"@type\":\"ImageObject\",\"inLanguage\":\"de-DE\",\"@id\":\"https:\\\/\\\/produncan.cl\\\/de\\\/produkt\\\/grundstueck-in-cochamo-am-ufer-des-flusses-puelo-seengebiet\\\/#primaryimage\",\"url\":\"https:\\\/\\\/produncan.cl\\\/wp-content\\\/uploads\\\/2025\\\/04\\\/Parcelas-Rio-Puelo-en-Cochamo.webp\",\"contentUrl\":\"https:\\\/\\\/produncan.cl\\\/wp-content\\\/uploads\\\/2025\\\/04\\\/Parcelas-Rio-Puelo-en-Cochamo.webp\",\"width\":800,\"height\":600,\"caption\":\"Grundst\u00fccke von Rio Puelo in Cocham\u00f3\"},{\"@type\":\"BreadcrumbList\",\"@id\":\"https:\\\/\\\/produncan.cl\\\/de\\\/produkt\\\/grundstueck-in-cochamo-am-ufer-des-flusses-puelo-seengebiet\\\/#breadcrumb\",\"itemListElement\":[{\"@type\":\"ListItem\",\"position\":1,\"name\":\"Inicio\",\"item\":\"https:\\\/\\\/produncan.cl\\\/de\\\/\"},{\"@type\":\"ListItem\",\"position\":2,\"name\":\"Eigenschaften\",\"item\":\"https:\\\/\\\/produncan.cl\\\/propiedades\\\/\"},{\"@type\":\"ListItem\",\"position\":3,\"name\":\"Grundst\u00fccke\",\"item\":\"https:\\\/\\\/produncan.cl\\\/de\\\/kategorie\\\/grundstuecke\\\/\"},{\"@type\":\"ListItem\",\"position\":4,\"name\":\"Grundst\u00fcck in Cocham\u00f3 am Ufer des Flusses Puelo &#8211; Seengebiet\"}]},{\"@type\":\"WebSite\",\"@id\":\"https:\\\/\\\/produncan.cl\\\/de\\\/#website\",\"url\":\"https:\\\/\\\/produncan.cl\\\/de\\\/\",\"name\":\"Produncan\",\"description\":\"Wir begleiten Sie bei Ihrem Lebensprojekt!\",\"publisher\":{\"@id\":\"https:\\\/\\\/produncan.cl\\\/de\\\/#organization\"},\"potentialAction\":[{\"@type\":\"SearchAction\",\"target\":{\"@type\":\"EntryPoint\",\"urlTemplate\":\"https:\\\/\\\/produncan.cl\\\/de\\\/?s={search_term_string}\"},\"query-input\":{\"@type\":\"PropertyValueSpecification\",\"valueRequired\":true,\"valueName\":\"search_term_string\"}}],\"inLanguage\":\"de-DE\"},{\"@type\":\"Organization\",\"@id\":\"https:\\\/\\\/produncan.cl\\\/de\\\/#organization\",\"name\":\"Produncan\",\"url\":\"https:\\\/\\\/produncan.cl\\\/de\\\/\",\"logo\":{\"@type\":\"ImageObject\",\"inLanguage\":\"de-DE\",\"@id\":\"https:\\\/\\\/produncan.cl\\\/de\\\/#\\\/schema\\\/logo\\\/image\\\/\",\"url\":\"https:\\\/\\\/produncan.cl\\\/wp-content\\\/uploads\\\/2021\\\/03\\\/LOGO.jpeg\",\"contentUrl\":\"https:\\\/\\\/produncan.cl\\\/wp-content\\\/uploads\\\/2021\\\/03\\\/LOGO.jpeg\",\"width\":1280,\"height\":903,\"caption\":\"Produncan\"},\"image\":{\"@id\":\"https:\\\/\\\/produncan.cl\\\/de\\\/#\\\/schema\\\/logo\\\/image\\\/\"},\"sameAs\":[\"https:\\\/\\\/web.facebook.com\\\/produncanland\",\"https:\\\/\\\/www.instagram.com\\\/pro_duncan\\\/\",\"https:\\\/\\\/www.linkedin.com\\\/company\\\/produncan-lands\\\/\",\"https:\\\/\\\/www.youtube.com\\\/channel\\\/UCu7N-f3x0svkazD-Eew1-QQ\"],\"description\":\"En Produncan somos especialistas en la venta de terrenos en el sur de Chile. Proveemos estancias, campos, parcelas y hoteles.\",\"email\":\"info@produncan.cl\"}]}<\/script>\n<meta property=\"og:video\" content=\"https:\/\/www.youtube.com\/embed\/rGr8Rfsz6TQ\" \/>\n<meta property=\"og:video:type\" content=\"text\/html\" \/>\n<meta property=\"og:video:duration\" content=\"81\" \/>\n<meta property=\"og:video:width\" content=\"480\" \/>\n<meta property=\"og:video:height\" content=\"270\" \/>\n<meta property=\"ya:ovs:adult\" content=\"false\" \/>\n<meta property=\"ya:ovs:upload_date\" content=\"2025-04-02T21:53:22+00:00\" \/>\n<meta property=\"ya:ovs:allow_embed\" content=\"true\" \/>\n<meta property=\"product:price:amount\" content=\"152800.00\" \/>\n<meta property=\"product:price:currency\" content=\"USD\" \/>\n<meta property=\"og:availability\" content=\"instock\" \/>\n<meta property=\"product:availability\" content=\"instock\" \/>\n<meta property=\"product:condition\" content=\"new\" \/>\n<!-- \/ Yoast SEO Premium plugin. -->","yoast_head_json":{"title":"Grundst\u00fcck in Cocham\u00f3 am Ufer des Flusses Puelo - Seengebiet - Produncan","description":"Grundst\u00fccke in Rio Puelo, Cocham\u00f3 (je 5.000 m\u00b2), 50 m vom Flussufer entfernt. 500 m von der asphaltierten Stra\u00dfe entfernt, mit Stromanschluss, APR und flachem Weideland.","robots":{"index":"index","follow":"follow","max-snippet":"max-snippet:-1","max-image-preview":"max-image-preview:large","max-video-preview":"max-video-preview:-1"},"canonical":"https:\/\/produncan.cl\/de\/produkt\/grundstueck-in-cochamo-am-ufer-des-flusses-puelo-seengebiet\/","og_locale":"de_DE","og_type":"article","og_title":"Grundst\u00fcck in Cocham\u00f3 am Ufer des Flusses Puelo - Seengebiet","og_description":"Grundst\u00fccke in Rio Puelo, Cocham\u00f3 (je 5.000 m\u00b2), 50 m vom Flussufer entfernt. 500 m von der asphaltierten Stra\u00dfe entfernt, mit Stromanschluss, APR und flachem Weideland.","og_url":"https:\/\/produncan.cl\/de\/produkt\/grundstueck-in-cochamo-am-ufer-des-flusses-puelo-seengebiet\/","og_site_name":"Produncan","article_publisher":"https:\/\/web.facebook.com\/produncanland","article_modified_time":"2026-04-16T22:17:11+00:00","og_image":[{"url":"https:\/\/produncan.cl\/wp-content\/uploads\/2025\/04\/Parcela-Rio-Puelo-en-Cochamo.webp","type":"","width":"","height":""}],"twitter_card":"summary_large_image","twitter_misc":{"Price":"USD152.800,00","Availability":"In stock"},"schema":{"@context":"https:\/\/schema.org","@graph":[{"@type":"WebPage","@id":"https:\/\/produncan.cl\/de\/produkt\/grundstueck-in-cochamo-am-ufer-des-flusses-puelo-seengebiet\/","url":"https:\/\/produncan.cl\/de\/produkt\/grundstueck-in-cochamo-am-ufer-des-flusses-puelo-seengebiet\/","name":"Grundst\u00fcck in Cocham\u00f3 am Ufer des Flusses Puelo - Seengebiet - Produncan","isPartOf":{"@id":"https:\/\/produncan.cl\/de\/#website"},"primaryImageOfPage":{"@id":"https:\/\/produncan.cl\/de\/produkt\/grundstueck-in-cochamo-am-ufer-des-flusses-puelo-seengebiet\/#primaryimage"},"image":{"@id":"https:\/\/produncan.cl\/de\/produkt\/grundstueck-in-cochamo-am-ufer-des-flusses-puelo-seengebiet\/#primaryimage"},"thumbnailUrl":"https:\/\/produncan.cl\/wp-content\/uploads\/2025\/04\/Parcelas-Rio-Puelo-en-Cochamo.webp","datePublished":"2025-04-02T21:53:22+00:00","dateModified":"2026-04-16T22:17:11+00:00","description":"Grundst\u00fccke in Rio Puelo, Cocham\u00f3 (je 5.000 m\u00b2), 50 m vom Flussufer entfernt. 500 m von der asphaltierten Stra\u00dfe entfernt, mit Stromanschluss, APR und flachem Weideland.","breadcrumb":{"@id":"https:\/\/produncan.cl\/de\/produkt\/grundstueck-in-cochamo-am-ufer-des-flusses-puelo-seengebiet\/#breadcrumb"},"inLanguage":"de-DE","potentialAction":[{"@type":"ReadAction","target":["https:\/\/produncan.cl\/de\/produkt\/grundstueck-in-cochamo-am-ufer-des-flusses-puelo-seengebiet\/"]}]},{"@type":"ImageObject","inLanguage":"de-DE","@id":"https:\/\/produncan.cl\/de\/produkt\/grundstueck-in-cochamo-am-ufer-des-flusses-puelo-seengebiet\/#primaryimage","url":"https:\/\/produncan.cl\/wp-content\/uploads\/2025\/04\/Parcelas-Rio-Puelo-en-Cochamo.webp","contentUrl":"https:\/\/produncan.cl\/wp-content\/uploads\/2025\/04\/Parcelas-Rio-Puelo-en-Cochamo.webp","width":800,"height":600,"caption":"Grundst\u00fccke von Rio Puelo in Cocham\u00f3"},{"@type":"BreadcrumbList","@id":"https:\/\/produncan.cl\/de\/produkt\/grundstueck-in-cochamo-am-ufer-des-flusses-puelo-seengebiet\/#breadcrumb","itemListElement":[{"@type":"ListItem","position":1,"name":"Inicio","item":"https:\/\/produncan.cl\/de\/"},{"@type":"ListItem","position":2,"name":"Eigenschaften","item":"https:\/\/produncan.cl\/propiedades\/"},{"@type":"ListItem","position":3,"name":"Grundst\u00fccke","item":"https:\/\/produncan.cl\/de\/kategorie\/grundstuecke\/"},{"@type":"ListItem","position":4,"name":"Grundst\u00fcck in Cocham\u00f3 am Ufer des Flusses Puelo &#8211; Seengebiet"}]},{"@type":"WebSite","@id":"https:\/\/produncan.cl\/de\/#website","url":"https:\/\/produncan.cl\/de\/","name":"Produncan","description":"Wir begleiten Sie bei Ihrem Lebensprojekt!","publisher":{"@id":"https:\/\/produncan.cl\/de\/#organization"},"potentialAction":[{"@type":"SearchAction","target":{"@type":"EntryPoint","urlTemplate":"https:\/\/produncan.cl\/de\/?s={search_term_string}"},"query-input":{"@type":"PropertyValueSpecification","valueRequired":true,"valueName":"search_term_string"}}],"inLanguage":"de-DE"},{"@type":"Organization","@id":"https:\/\/produncan.cl\/de\/#organization","name":"Produncan","url":"https:\/\/produncan.cl\/de\/","logo":{"@type":"ImageObject","inLanguage":"de-DE","@id":"https:\/\/produncan.cl\/de\/#\/schema\/logo\/image\/","url":"https:\/\/produncan.cl\/wp-content\/uploads\/2021\/03\/LOGO.jpeg","contentUrl":"https:\/\/produncan.cl\/wp-content\/uploads\/2021\/03\/LOGO.jpeg","width":1280,"height":903,"caption":"Produncan"},"image":{"@id":"https:\/\/produncan.cl\/de\/#\/schema\/logo\/image\/"},"sameAs":["https:\/\/web.facebook.com\/produncanland","https:\/\/www.instagram.com\/pro_duncan\/","https:\/\/www.linkedin.com\/company\/produncan-lands\/","https:\/\/www.youtube.com\/channel\/UCu7N-f3x0svkazD-Eew1-QQ"],"description":"En Produncan somos especialistas en la venta de terrenos en el sur de Chile. Proveemos estancias, campos, parcelas y hoteles.","email":"info@produncan.cl"}]},"og_video":"https:\/\/www.youtube.com\/embed\/rGr8Rfsz6TQ","og_video_type":"text\/html","og_video_duration":"81","og_video_width":"480","og_video_height":"270","ya_ovs_adult":"false","ya_ovs_upload_date":"2025-04-02T21:53:22+00:00","ya_ovs_allow_embed":"true","product_price_amount":"152800.00","product_price_currency":"USD","og_availability":"instock","product_availability":"instock","product_condition":"new"},"_links":{"self":[{"href":"https:\/\/produncan.cl\/de\/wp-json\/wp\/v2\/product\/40327","targetHints":{"allow":["GET"]}}],"collection":[{"href":"https:\/\/produncan.cl\/de\/wp-json\/wp\/v2\/product"}],"about":[{"href":"https:\/\/produncan.cl\/de\/wp-json\/wp\/v2\/types\/product"}],"version-history":[{"count":3,"href":"https:\/\/produncan.cl\/de\/wp-json\/wp\/v2\/product\/40327\/revisions"}],"predecessor-version":[{"id":55157,"href":"https:\/\/produncan.cl\/de\/wp-json\/wp\/v2\/product\/40327\/revisions\/55157"}],"wp:featuredmedia":[{"embeddable":true,"href":"https:\/\/produncan.cl\/de\/wp-json\/wp\/v2\/media\/51792"}],"wp:attachment":[{"href":"https:\/\/produncan.cl\/de\/wp-json\/wp\/v2\/media?parent=40327"}],"wp:term":[{"taxonomy":"product_brand","embeddable":true,"href":"https:\/\/produncan.cl\/de\/wp-json\/wp\/v2\/product_brand?post=40327"},{"taxonomy":"product_cat","embeddable":true,"href":"https:\/\/produncan.cl\/de\/wp-json\/wp\/v2\/product_cat?post=40327"},{"taxonomy":"product_tag","embeddable":true,"href":"https:\/\/produncan.cl\/de\/wp-json\/wp\/v2\/product_tag?post=40327"},{"taxonomy":"regiones","embeddable":true,"href":"https:\/\/produncan.cl\/de\/wp-json\/wp\/v2\/regiones?post=40327"},{"taxonomy":"ciudades","embeddable":true,"href":"https:\/\/produncan.cl\/de\/wp-json\/wp\/v2\/ciudades?post=40327"}],"curies":[{"name":"wp","href":"https:\/\/api.w.org\/{rel}","templated":true}]}}