{"id":40329,"date":"2025-04-01T18:58:09","date_gmt":"2025-04-01T21:58:09","guid":{"rendered":"https:\/\/produncan.cl\/producto\/landleben-in-purranque-hueyusca-seengebiet\/"},"modified":"2026-01-16T18:16:20","modified_gmt":"2026-01-16T21:16:20","slug":"landleben-in-purranque-hueyusca-seengebiet","status":"publish","type":"product","link":"https:\/\/produncan.cl\/de\/produkt\/landleben-in-purranque-hueyusca-seengebiet\/","title":{"rendered":"Landleben in Purranque &#8211; Hueyusca &#8211; Seengebiet"},"content":{"rendered":"\t\t<div data-elementor-type=\"product-post\" data-elementor-id=\"40329\" class=\"elementor elementor-40329 elementor-39995\" data-elementor-post-type=\"product\">\n\t\t\t\t<div class=\"elementor-element elementor-element-5b39dc7 e-flex e-con-boxed e-con e-parent\" data-id=\"5b39dc7\" data-element_type=\"container\" data-e-type=\"container\" data-settings=\"{&quot;jet_parallax_layout_list&quot;:[]}\">\n\t\t\t\t\t<div class=\"e-con-inner\">\n\t\t\t\t<div class=\"elementor-element elementor-element-bffec5c elementor-widget elementor-widget-heading\" data-id=\"bffec5c\" data-element_type=\"widget\" data-e-type=\"widget\" data-widget_type=\"heading.default\">\n\t\t\t\t\t<h2 class=\"elementor-heading-title elementor-size-default\">Eine einzigartige Gelegenheit in Hueyusca, Purranque!<\/h2>\t\t\t\t<\/div>\n\t\t\t\t\t<\/div>\n\t\t\t\t<\/div>\n\t\t<div class=\"elementor-element elementor-element-9a31e25 e-flex e-con-boxed e-con e-parent\" data-id=\"9a31e25\" data-element_type=\"container\" data-e-type=\"container\" data-settings=\"{&quot;jet_parallax_layout_list&quot;:[]}\">\n\t\t\t\t\t<div class=\"e-con-inner\">\n\t\t\t\t<div class=\"elementor-element elementor-element-9fc7c01 elementor-widget elementor-widget-text-editor\" data-id=\"9fc7c01\" data-element_type=\"widget\" data-e-type=\"widget\" data-widget_type=\"text-editor.default\">\n\t\t\t\t\t\t\t\t\t<p>345 Hektar gro\u00dfes Feld in Purranque, am Anfang der majest\u00e4tischen Cordillera de la Costa, in der Gemeinde Purranque, Sektor Hueyusca. Ein wahres Naturheiligtum, dessen Oberfl\u00e4che zu 70 % von alten, nie ausgebeuteten B\u00e4umen bedeckt ist, was es zu einem idealen Ort f\u00fcr Naturschutz und \u00d6kotourismus macht. Wenn Sie einen Zufluchtsort inmitten der Natur mit Zugang zu Wasserressourcen und einer einzigartigen Artenvielfalt suchen, ist dies die perfekte Investition.  <\/p>\n<p><strong>Beste Lage und Erreichbarkeit<\/strong><\/p>\n<p>Dieser Bauernhof in Purranque liegt nur 38 km von Purranque und 1 Stunde und 20 Minuten vom Flughafen entfernt, was eine einfache und schnelle Anreise garantiert. Die Stra\u00dfe zum Grundst\u00fcck ist geschottert, mit direktem Zugang von einer \u00f6ffentlichen Stra\u00dfe und Transport zur Verf\u00fcgung 4,7 km entfernt. <\/p>\n<p><strong>Nat\u00fcrliche Ressourcen und \u00d6kosystem<\/strong><\/p>\n<ul>\n<li><strong>Hydrographie<\/strong>: Das Grundst\u00fcck grenzt im Norden an den Puquitrahue-Fluss (3,65 km) und im S\u00fcden an den Chivat\u00f3n-Bach (2 km), sowie an Quellen und andere B\u00e4che in seinem Verlauf.<\/li>\n<li><strong>Einheimische W\u00e4lder<\/strong>: Arten wie Ma\u00f1\u00edo, Coig\u00fce, Roble, Raul\u00ed, Tepa, Olivillo, Ulmo, Canelo und Alerce \u00fcberwiegen und schaffen ein unvergleichliches \u00d6kosystem f\u00fcr die lokale Flora und Fauna.<\/li>\n<li><strong>Topografie und Sonneneinstrahlung<\/strong>: Das H\u00fcgelland erm\u00f6glicht einen Panoramablick und eine hervorragende Sonnenausrichtung nach Nordosten und S\u00fcdwesten, was vielf\u00e4ltige Aktivit\u00e4ten beg\u00fcnstigt.<\/li>\n<\/ul>\n<p><strong>Investitionspotenzial<\/strong><\/p>\n<ul>\n<li><strong>Ideal f\u00fcr den Naturschutz<\/strong>: Mit seinen ausgedehnten Urw\u00e4ldern ist dieses Gebiet ideal f\u00fcr Naturschutz-, \u00d6kotourismus- oder nachhaltige Bewirtschaftungsprojekte.<\/li>\n<li><strong>Einzigartige Gelegenheit<\/strong>: Verkaufspreis von <strong>$4.000.000 pro Hektar<\/strong>.<\/li>\n<li><strong>Infrastruktur und Dienstleistungen<\/strong>: Die Stromversorgung ist nur 500 Meter entfernt und es gibt gute Telefonverbindungen.<\/li>\n<\/ul>\n<p><strong>Attraktionen in der N\u00e4he<\/strong><\/p>\n<p>Das Gebiet hat ein gem\u00e4\u00dfigtes ozeanisches Klima mit ganzj\u00e4hrig verteilten Niederschl\u00e4gen, was eine gr\u00fcne und artenreiche Umwelt beg\u00fcnstigt. Es liegt auch in der N\u00e4he von touristischen Zielen wie Guayusca an der K\u00fcste, Frutillar und der Stadt Purranque. <\/p>\n<p>Wenn Sie auf der Suche nach einem Grundst\u00fcck mit au\u00dfergew\u00f6hnlichem \u00f6kologischem Wert sind, das mit der Natur verbunden ist und ein gro\u00dfes Entwicklungspotenzial bietet, dann <strong>ist diese Farm in Hueyusca genau das Richtige f\u00fcr Sie<\/strong>. Kontaktieren Sie uns noch heute f\u00fcr weitere Informationen und vereinbaren Sie Ihren Besuch! <\/p>\n\t\t\t\t\t\t\t\t<\/div>\n\t\t\t\t\t<\/div>\n\t\t\t\t<\/div>\n\t\t\t\t<\/div>\n\t\t","protected":false},"excerpt":{"rendered":"<p>Grundst\u00fcck in Purranque, ideal f\u00fcr Naturschutzzwecke. Gute Erreichbarkeit, interne Zufahrtsstra\u00dfe, Stromanschluss in der N\u00e4he, grenzt an einen 3,65 km langen Fluss, S\u00fcmpfe, Quellen, 70 % nie abgeholzte Waldfl\u00e4che und guter Empfang. <\/p>\n","protected":false},"featured_media":40000,"template":"","meta":{"_acf_changed":false},"product_brand":[],"product_cat":[104],"product_tag":[235,234],"regiones":[226],"ciudades":[214,454,513],"class_list":{"0":"post-40329","1":"product","2":"type-product","3":"status-publish","4":"has-post-thumbnail","6":"product_cat-ohiggins-los-lagos","7":"product_tag-felder","8":"product_tag-felder-fuer-den-schutz","9":"regiones-nuble-los_lagos","10":"ciudades-fresia","11":"ciudades-purranque","12":"ciudades-tegualda","14":"first","15":"instock","16":"sold-individually","17":"shipping-taxable","18":"purchasable","19":"product-type-simple"},"acf":[],"yoast_head":"<!-- This site is optimized with the Yoast SEO Premium plugin v26.0 (Yoast SEO v27.3) - https:\/\/yoast.com\/product\/yoast-seo-premium-wordpress\/ -->\n<title>Landleben in Purranque - Hueyusca - Seengebiet - Produncan<\/title>\n<meta name=\"description\" content=\"Ein Feld in Purranque (345 ha), das sich ideal f\u00fcr den Naturschutz eignet: gute Zufahrt, Stra\u00dfe ins Landesinnere, Stromanschluss in der N\u00e4he, 70 % unerschlossener Wald und N\u00e4he zu Fluss und Flussm\u00fcndungen.\" \/>\n<meta name=\"robots\" content=\"index, follow, max-snippet:-1, max-image-preview:large, max-video-preview:-1\" \/>\n<link rel=\"canonical\" href=\"https:\/\/produncan.cl\/de\/produkt\/landleben-in-purranque-hueyusca-seengebiet\/\" \/>\n<meta property=\"og:locale\" content=\"de_DE\" \/>\n<meta property=\"og:type\" content=\"article\" \/>\n<meta property=\"og:title\" content=\"Landleben in Purranque - Hueyusca - Seengebiet\" \/>\n<meta property=\"og:description\" content=\"Feld in Purranque von 345 Hektar ideal f\u00fcr die Erhaltung. Es hat einen guten Zugang, Innen Stra\u00dfe, elektrische Post in der N\u00e4he, Grenzen mit Fluss f\u00fcr 3,65 km, M\u00fcndungen, Quellen, 70% Wald nie ausgebeutet und gutes Signal.\" \/>\n<meta property=\"og:url\" content=\"https:\/\/produncan.cl\/de\/produkt\/landleben-in-purranque-hueyusca-seengebiet\/\" \/>\n<meta property=\"og:site_name\" content=\"Produncan\" \/>\n<meta property=\"article:publisher\" content=\"https:\/\/web.facebook.com\/produncanland\" \/>\n<meta property=\"article:modified_time\" content=\"2026-01-16T21:16:20+00:00\" \/>\n<meta property=\"og:image\" content=\"https:\/\/produncan.cl\/wp-content\/uploads\/2025\/04\/Campo-en-Purranque-Hueyusca-en-venta.webp\" \/>\n<meta name=\"twitter:card\" content=\"summary_large_image\" \/>\n<meta name=\"twitter:label1\" content=\"Price\" \/>\n\t<meta name=\"twitter:data1\" content=\"USD750.100,00\" \/>\n\t<meta name=\"twitter:label2\" content=\"Availability\" \/>\n\t<meta name=\"twitter:data2\" content=\"In stock\" \/>\n<script type=\"application\/ld+json\" class=\"yoast-schema-graph\">{\"@context\":\"https:\\\/\\\/schema.org\",\"@graph\":[{\"@type\":\"WebPage\",\"@id\":\"https:\\\/\\\/produncan.cl\\\/de\\\/produkt\\\/landleben-in-purranque-hueyusca-seengebiet\\\/\",\"url\":\"https:\\\/\\\/produncan.cl\\\/de\\\/produkt\\\/landleben-in-purranque-hueyusca-seengebiet\\\/\",\"name\":\"Landleben in Purranque - Hueyusca - Seengebiet - Produncan\",\"isPartOf\":{\"@id\":\"https:\\\/\\\/produncan.cl\\\/de\\\/#website\"},\"primaryImageOfPage\":{\"@id\":\"https:\\\/\\\/produncan.cl\\\/de\\\/produkt\\\/landleben-in-purranque-hueyusca-seengebiet\\\/#primaryimage\"},\"image\":{\"@id\":\"https:\\\/\\\/produncan.cl\\\/de\\\/produkt\\\/landleben-in-purranque-hueyusca-seengebiet\\\/#primaryimage\"},\"thumbnailUrl\":\"https:\\\/\\\/produncan.cl\\\/wp-content\\\/uploads\\\/2025\\\/04\\\/Campo-en-Purranque-Hueyusca-en-venta.webp\",\"datePublished\":\"2025-04-01T21:58:09+00:00\",\"dateModified\":\"2026-01-16T21:16:20+00:00\",\"description\":\"Ein Feld in Purranque (345 ha), das sich ideal f\u00fcr den Naturschutz eignet: gute Zufahrt, Stra\u00dfe ins Landesinnere, Stromanschluss in der N\u00e4he, 70 % unerschlossener Wald und N\u00e4he zu Fluss und Flussm\u00fcndungen.\",\"breadcrumb\":{\"@id\":\"https:\\\/\\\/produncan.cl\\\/de\\\/produkt\\\/landleben-in-purranque-hueyusca-seengebiet\\\/#breadcrumb\"},\"inLanguage\":\"de-DE\",\"potentialAction\":[{\"@type\":\"ReadAction\",\"target\":[\"https:\\\/\\\/produncan.cl\\\/de\\\/produkt\\\/landleben-in-purranque-hueyusca-seengebiet\\\/\"]}]},{\"@type\":\"ImageObject\",\"inLanguage\":\"de-DE\",\"@id\":\"https:\\\/\\\/produncan.cl\\\/de\\\/produkt\\\/landleben-in-purranque-hueyusca-seengebiet\\\/#primaryimage\",\"url\":\"https:\\\/\\\/produncan.cl\\\/wp-content\\\/uploads\\\/2025\\\/04\\\/Campo-en-Purranque-Hueyusca-en-venta.webp\",\"contentUrl\":\"https:\\\/\\\/produncan.cl\\\/wp-content\\\/uploads\\\/2025\\\/04\\\/Campo-en-Purranque-Hueyusca-en-venta.webp\",\"width\":800,\"height\":600,\"caption\":\"Feld in Purranque Hueyusca zum Verkauf\"},{\"@type\":\"BreadcrumbList\",\"@id\":\"https:\\\/\\\/produncan.cl\\\/de\\\/produkt\\\/landleben-in-purranque-hueyusca-seengebiet\\\/#breadcrumb\",\"itemListElement\":[{\"@type\":\"ListItem\",\"position\":1,\"name\":\"Inicio\",\"item\":\"https:\\\/\\\/produncan.cl\\\/de\\\/\"},{\"@type\":\"ListItem\",\"position\":2,\"name\":\"Eigenschaften\",\"item\":\"https:\\\/\\\/produncan.cl\\\/propiedades\\\/\"},{\"@type\":\"ListItem\",\"position\":3,\"name\":\"Felder\",\"item\":\"https:\\\/\\\/produncan.cl\\\/de\\\/kategorie\\\/felder\\\/\"},{\"@type\":\"ListItem\",\"position\":4,\"name\":\"Landleben in Purranque &#8211; Hueyusca &#8211; Seengebiet\"}]},{\"@type\":\"WebSite\",\"@id\":\"https:\\\/\\\/produncan.cl\\\/de\\\/#website\",\"url\":\"https:\\\/\\\/produncan.cl\\\/de\\\/\",\"name\":\"Produncan\",\"description\":\"Wir begleiten Sie bei Ihrem Lebensprojekt!\",\"publisher\":{\"@id\":\"https:\\\/\\\/produncan.cl\\\/de\\\/#organization\"},\"potentialAction\":[{\"@type\":\"SearchAction\",\"target\":{\"@type\":\"EntryPoint\",\"urlTemplate\":\"https:\\\/\\\/produncan.cl\\\/de\\\/?s={search_term_string}\"},\"query-input\":{\"@type\":\"PropertyValueSpecification\",\"valueRequired\":true,\"valueName\":\"search_term_string\"}}],\"inLanguage\":\"de-DE\"},{\"@type\":\"Organization\",\"@id\":\"https:\\\/\\\/produncan.cl\\\/de\\\/#organization\",\"name\":\"Produncan\",\"url\":\"https:\\\/\\\/produncan.cl\\\/de\\\/\",\"logo\":{\"@type\":\"ImageObject\",\"inLanguage\":\"de-DE\",\"@id\":\"https:\\\/\\\/produncan.cl\\\/de\\\/#\\\/schema\\\/logo\\\/image\\\/\",\"url\":\"https:\\\/\\\/produncan.cl\\\/wp-content\\\/uploads\\\/2021\\\/03\\\/LOGO.jpeg\",\"contentUrl\":\"https:\\\/\\\/produncan.cl\\\/wp-content\\\/uploads\\\/2021\\\/03\\\/LOGO.jpeg\",\"width\":1280,\"height\":903,\"caption\":\"Produncan\"},\"image\":{\"@id\":\"https:\\\/\\\/produncan.cl\\\/de\\\/#\\\/schema\\\/logo\\\/image\\\/\"},\"sameAs\":[\"https:\\\/\\\/web.facebook.com\\\/produncanland\",\"https:\\\/\\\/www.instagram.com\\\/pro_duncan\\\/\",\"https:\\\/\\\/www.linkedin.com\\\/company\\\/produncan-lands\\\/\",\"https:\\\/\\\/www.youtube.com\\\/channel\\\/UCu7N-f3x0svkazD-Eew1-QQ\"],\"description\":\"En Produncan somos especialistas en la venta de terrenos en el sur de Chile. Proveemos estancias, campos, parcelas y hoteles.\",\"email\":\"info@produncan.cl\"}]}<\/script>\n<meta property=\"og:video\" content=\"https:\/\/www.youtube.com\/embed\/ayDseKrXAno\" \/>\n<meta property=\"og:video:type\" content=\"text\/html\" \/>\n<meta property=\"og:video:duration\" content=\"80\" \/>\n<meta property=\"og:video:width\" content=\"480\" \/>\n<meta property=\"og:video:height\" content=\"270\" \/>\n<meta property=\"ya:ovs:adult\" content=\"false\" \/>\n<meta property=\"ya:ovs:upload_date\" content=\"2025-04-01T21:58:09+00:00\" \/>\n<meta property=\"ya:ovs:allow_embed\" content=\"true\" \/>\n<meta property=\"product:price:amount\" content=\"750100.00\" \/>\n<meta property=\"product:price:currency\" content=\"USD\" \/>\n<meta property=\"og:availability\" content=\"instock\" \/>\n<meta property=\"product:availability\" content=\"instock\" \/>\n<meta property=\"product:condition\" content=\"new\" \/>\n<!-- \/ Yoast SEO Premium plugin. -->","yoast_head_json":{"title":"Landleben in Purranque - Hueyusca - Seengebiet - Produncan","description":"Ein Feld in Purranque (345 ha), das sich ideal f\u00fcr den Naturschutz eignet: gute Zufahrt, Stra\u00dfe ins Landesinnere, Stromanschluss in der N\u00e4he, 70 % unerschlossener Wald und N\u00e4he zu Fluss und Flussm\u00fcndungen.","robots":{"index":"index","follow":"follow","max-snippet":"max-snippet:-1","max-image-preview":"max-image-preview:large","max-video-preview":"max-video-preview:-1"},"canonical":"https:\/\/produncan.cl\/de\/produkt\/landleben-in-purranque-hueyusca-seengebiet\/","og_locale":"de_DE","og_type":"article","og_title":"Landleben in Purranque - Hueyusca - Seengebiet","og_description":"Feld in Purranque von 345 Hektar ideal f\u00fcr die Erhaltung. Es hat einen guten Zugang, Innen Stra\u00dfe, elektrische Post in der N\u00e4he, Grenzen mit Fluss f\u00fcr 3,65 km, M\u00fcndungen, Quellen, 70% Wald nie ausgebeutet und gutes Signal.","og_url":"https:\/\/produncan.cl\/de\/produkt\/landleben-in-purranque-hueyusca-seengebiet\/","og_site_name":"Produncan","article_publisher":"https:\/\/web.facebook.com\/produncanland","article_modified_time":"2026-01-16T21:16:20+00:00","og_image":[{"url":"https:\/\/produncan.cl\/wp-content\/uploads\/2025\/04\/Campo-en-Purranque-Hueyusca-en-venta.webp","type":"","width":"","height":""}],"twitter_card":"summary_large_image","twitter_misc":{"Price":"USD750.100,00","Availability":"In stock"},"schema":{"@context":"https:\/\/schema.org","@graph":[{"@type":"WebPage","@id":"https:\/\/produncan.cl\/de\/produkt\/landleben-in-purranque-hueyusca-seengebiet\/","url":"https:\/\/produncan.cl\/de\/produkt\/landleben-in-purranque-hueyusca-seengebiet\/","name":"Landleben in Purranque - Hueyusca - Seengebiet - Produncan","isPartOf":{"@id":"https:\/\/produncan.cl\/de\/#website"},"primaryImageOfPage":{"@id":"https:\/\/produncan.cl\/de\/produkt\/landleben-in-purranque-hueyusca-seengebiet\/#primaryimage"},"image":{"@id":"https:\/\/produncan.cl\/de\/produkt\/landleben-in-purranque-hueyusca-seengebiet\/#primaryimage"},"thumbnailUrl":"https:\/\/produncan.cl\/wp-content\/uploads\/2025\/04\/Campo-en-Purranque-Hueyusca-en-venta.webp","datePublished":"2025-04-01T21:58:09+00:00","dateModified":"2026-01-16T21:16:20+00:00","description":"Ein Feld in Purranque (345 ha), das sich ideal f\u00fcr den Naturschutz eignet: gute Zufahrt, Stra\u00dfe ins Landesinnere, Stromanschluss in der N\u00e4he, 70 % unerschlossener Wald und N\u00e4he zu Fluss und Flussm\u00fcndungen.","breadcrumb":{"@id":"https:\/\/produncan.cl\/de\/produkt\/landleben-in-purranque-hueyusca-seengebiet\/#breadcrumb"},"inLanguage":"de-DE","potentialAction":[{"@type":"ReadAction","target":["https:\/\/produncan.cl\/de\/produkt\/landleben-in-purranque-hueyusca-seengebiet\/"]}]},{"@type":"ImageObject","inLanguage":"de-DE","@id":"https:\/\/produncan.cl\/de\/produkt\/landleben-in-purranque-hueyusca-seengebiet\/#primaryimage","url":"https:\/\/produncan.cl\/wp-content\/uploads\/2025\/04\/Campo-en-Purranque-Hueyusca-en-venta.webp","contentUrl":"https:\/\/produncan.cl\/wp-content\/uploads\/2025\/04\/Campo-en-Purranque-Hueyusca-en-venta.webp","width":800,"height":600,"caption":"Feld in Purranque Hueyusca zum Verkauf"},{"@type":"BreadcrumbList","@id":"https:\/\/produncan.cl\/de\/produkt\/landleben-in-purranque-hueyusca-seengebiet\/#breadcrumb","itemListElement":[{"@type":"ListItem","position":1,"name":"Inicio","item":"https:\/\/produncan.cl\/de\/"},{"@type":"ListItem","position":2,"name":"Eigenschaften","item":"https:\/\/produncan.cl\/propiedades\/"},{"@type":"ListItem","position":3,"name":"Felder","item":"https:\/\/produncan.cl\/de\/kategorie\/felder\/"},{"@type":"ListItem","position":4,"name":"Landleben in Purranque &#8211; Hueyusca &#8211; Seengebiet"}]},{"@type":"WebSite","@id":"https:\/\/produncan.cl\/de\/#website","url":"https:\/\/produncan.cl\/de\/","name":"Produncan","description":"Wir begleiten Sie bei Ihrem Lebensprojekt!","publisher":{"@id":"https:\/\/produncan.cl\/de\/#organization"},"potentialAction":[{"@type":"SearchAction","target":{"@type":"EntryPoint","urlTemplate":"https:\/\/produncan.cl\/de\/?s={search_term_string}"},"query-input":{"@type":"PropertyValueSpecification","valueRequired":true,"valueName":"search_term_string"}}],"inLanguage":"de-DE"},{"@type":"Organization","@id":"https:\/\/produncan.cl\/de\/#organization","name":"Produncan","url":"https:\/\/produncan.cl\/de\/","logo":{"@type":"ImageObject","inLanguage":"de-DE","@id":"https:\/\/produncan.cl\/de\/#\/schema\/logo\/image\/","url":"https:\/\/produncan.cl\/wp-content\/uploads\/2021\/03\/LOGO.jpeg","contentUrl":"https:\/\/produncan.cl\/wp-content\/uploads\/2021\/03\/LOGO.jpeg","width":1280,"height":903,"caption":"Produncan"},"image":{"@id":"https:\/\/produncan.cl\/de\/#\/schema\/logo\/image\/"},"sameAs":["https:\/\/web.facebook.com\/produncanland","https:\/\/www.instagram.com\/pro_duncan\/","https:\/\/www.linkedin.com\/company\/produncan-lands\/","https:\/\/www.youtube.com\/channel\/UCu7N-f3x0svkazD-Eew1-QQ"],"description":"En Produncan somos especialistas en la venta de terrenos en el sur de Chile. Proveemos estancias, campos, parcelas y hoteles.","email":"info@produncan.cl"}]},"og_video":"https:\/\/www.youtube.com\/embed\/ayDseKrXAno","og_video_type":"text\/html","og_video_duration":"80","og_video_width":"480","og_video_height":"270","ya_ovs_adult":"false","ya_ovs_upload_date":"2025-04-01T21:58:09+00:00","ya_ovs_allow_embed":"true","product_price_amount":"750100.00","product_price_currency":"USD","og_availability":"instock","product_availability":"instock","product_condition":"new"},"_links":{"self":[{"href":"https:\/\/produncan.cl\/de\/wp-json\/wp\/v2\/product\/40329","targetHints":{"allow":["GET"]}}],"collection":[{"href":"https:\/\/produncan.cl\/de\/wp-json\/wp\/v2\/product"}],"about":[{"href":"https:\/\/produncan.cl\/de\/wp-json\/wp\/v2\/types\/product"}],"version-history":[{"count":4,"href":"https:\/\/produncan.cl\/de\/wp-json\/wp\/v2\/product\/40329\/revisions"}],"predecessor-version":[{"id":54467,"href":"https:\/\/produncan.cl\/de\/wp-json\/wp\/v2\/product\/40329\/revisions\/54467"}],"wp:featuredmedia":[{"embeddable":true,"href":"https:\/\/produncan.cl\/de\/wp-json\/wp\/v2\/media\/40000"}],"wp:attachment":[{"href":"https:\/\/produncan.cl\/de\/wp-json\/wp\/v2\/media?parent=40329"}],"wp:term":[{"taxonomy":"product_brand","embeddable":true,"href":"https:\/\/produncan.cl\/de\/wp-json\/wp\/v2\/product_brand?post=40329"},{"taxonomy":"product_cat","embeddable":true,"href":"https:\/\/produncan.cl\/de\/wp-json\/wp\/v2\/product_cat?post=40329"},{"taxonomy":"product_tag","embeddable":true,"href":"https:\/\/produncan.cl\/de\/wp-json\/wp\/v2\/product_tag?post=40329"},{"taxonomy":"regiones","embeddable":true,"href":"https:\/\/produncan.cl\/de\/wp-json\/wp\/v2\/regiones?post=40329"},{"taxonomy":"ciudades","embeddable":true,"href":"https:\/\/produncan.cl\/de\/wp-json\/wp\/v2\/ciudades?post=40329"}],"curies":[{"name":"wp","href":"https:\/\/api.w.org\/{rel}","templated":true}]}}