{"id":40331,"date":"2025-03-21T20:25:29","date_gmt":"2025-03-21T23:25:29","guid":{"rendered":"https:\/\/produncan.cl\/producto\/parcela-en-puerto-montt-piedra-azul-region-de-los-lagos\/"},"modified":"2025-11-28T13:59:28","modified_gmt":"2025-11-28T16:59:28","slug":"parcela-en-puerto-montt-piedra-azul-region-de-los-lagos","status":"publish","type":"product","link":"https:\/\/produncan.cl\/de\/produkt\/parcela-en-puerto-montt-piedra-azul-region-de-los-lagos\/","title":{"rendered":"Grundst\u00fcck in Puerto Montt &#8211; Blauer Stein, Region Los Lagos"},"content":{"rendered":"\t\t<div data-elementor-type=\"product-post\" data-elementor-id=\"40331\" class=\"elementor elementor-40331 elementor-39725\" data-elementor-post-type=\"product\">\n\t\t\t\t<div class=\"elementor-element elementor-element-9557f5c e-flex e-con-boxed e-con e-parent\" data-id=\"9557f5c\" data-element_type=\"container\" data-e-type=\"container\" data-settings=\"{&quot;jet_parallax_layout_list&quot;:[]}\">\n\t\t\t\t\t<div class=\"e-con-inner\">\n\t\t\t\t<div class=\"elementor-element elementor-element-454f9e6 elementor-widget elementor-widget-heading\" data-id=\"454f9e6\" data-element_type=\"widget\" data-e-type=\"widget\" data-widget_type=\"heading.default\">\n\t\t\t\t\t<h2 class=\"elementor-heading-title elementor-size-default\">Zwei Grundst\u00fccke mit Panoramablick zu verkaufen in Piedra Azul, Puerto Montt<\/h2>\t\t\t\t<\/div>\n\t\t\t\t\t<\/div>\n\t\t\t\t<\/div>\n\t\t<div class=\"elementor-element elementor-element-7b9d739 e-flex e-con-boxed e-con e-parent\" data-id=\"7b9d739\" data-element_type=\"container\" data-e-type=\"container\" data-settings=\"{&quot;jet_parallax_layout_list&quot;:[]}\">\n\t\t\t\t\t<div class=\"e-con-inner\">\n\t\t\t\t<div class=\"elementor-element elementor-element-85b32e1 elementor-widget elementor-widget-text-editor\" data-id=\"85b32e1\" data-element_type=\"widget\" data-e-type=\"widget\" data-widget_type=\"text-editor.default\">\n\t\t\t\t\t\t\t\t\t<p>Diese Grundst\u00fccke liegen in Piedra Azul in der Region Los Lagos und bieten einen unvergleichlichen Panoramablick auf das Meer und die Stadt Puerto Montt. Mit einer Fl\u00e4che von 0,5180 und 0,5175 Hektar stellen sie eine hervorragende Gelegenheit f\u00fcr diejenigen dar, die eine privilegierte nat\u00fcrliche Umgebung mit idealer Anbindung suchen. Der Verkaufspreis betr\u00e4gt jeweils $62.000.000.  <\/p><p>Seine strategische Lage, nur 20 Minuten von Puerto Montt und 40 Minuten vom Flughafen Tepual entfernt, erm\u00f6glicht einen einfachen Zugang zu Dienstleistungen und Annehmlichkeiten. Die Zufahrt zur Anlage erfolgt von der Route 7 \u00fcber eine etwa 2 km lange Schotterstra\u00dfe, die Privatsph\u00e4re garantiert, ohne die Anbindung zu beeintr\u00e4chtigen. Au\u00dferdem gibt es \u00f6ffentliche Verkehrsmittel auf der Stra\u00dfe nach Puerto Montt.  <\/p><p>Das Grundst\u00fcck zeichnet sich durch seine flache Topographie aus, ideal f\u00fcr den Bau eines Hauses mit gro\u00dfartigem Panoramablick. Die Ausrichtung nach Westen sorgt f\u00fcr eine hervorragende Sonneneinstrahlung das ganze Jahr \u00fcber. Das Vorhandensein von einheimischen W\u00e4ldern und lokaler Fauna, wie F\u00fcchsen, Hasen und Chucaos, schafft eine einzigartige und friedliche nat\u00fcrliche Umgebung.  <\/p><p>In Bezug auf die Dienstleistungen, die Parzelle hat Strom zur Verf\u00fcgung, fehlt nur die Installation der Verbindung und Z\u00e4hler. Es hat auch eine APR mit dem Wassernetz bereits installiert. Die Umz\u00e4unung ist teilweise installiert und begrenzt die Seite, die an die Zufahrtsstra\u00dfe grenzt, und es gibt ein Eingangstor, das f\u00fcr mehr Sicherheit sorgt.  <\/p><p>Die Umgebung bietet viele Natursch\u00f6nheiten, darunter die Carretera Austral, den Nationalpark Alerce Andino und den Chapo-See sowie einen atemberaubenden 180\u00b0-Blick auf den Reloncav\u00ed-Sund.<\/p><p>Verpassen Sie nicht die Gelegenheit, in diese exklusive Ecke von Patagonien zu investieren. Kontaktieren Sie uns f\u00fcr weitere Informationen und vereinbaren Sie noch heute Ihren Besuch. <\/p>\t\t\t\t\t\t\t\t<\/div>\n\t\t\t\t\t<\/div>\n\t\t\t\t<\/div>\n\t\t\t\t<\/div>\n\t\t","protected":false},"excerpt":{"rendered":"<p>Baugrundst\u00fcck in Piedra Azul, Puerto Montt, mit spektakul\u00e4rem Panoramablick auf das Meer. Es befindet sich in einem erh\u00f6hten Bereich, hat eine flache Topographie, \u00fcberwiegend Wiesen, Strom, Wasser und ausgezeichnete Telefon-Signal. <\/p>\n","protected":false},"featured_media":39730,"template":"","meta":{"_acf_changed":false},"product_brand":[],"product_cat":[104],"product_tag":[232],"regiones":[226],"ciudades":[218,219],"class_list":{"0":"post-40331","1":"product","2":"type-product","3":"status-publish","4":"has-post-thumbnail","6":"product_cat-ohiggins-los-lagos","7":"product_tag-grundstuecke","8":"regiones-nuble-los_lagos","9":"ciudades-puerto-montt","10":"ciudades-puerto-varas","12":"first","13":"instock","14":"shipping-taxable","15":"purchasable","16":"product-type-simple"},"acf":[],"yoast_head":"<!-- This site is optimized with the Yoast SEO Premium plugin v26.0 (Yoast SEO v27.3) - https:\/\/yoast.com\/product\/yoast-seo-premium-wordpress\/ -->\n<title>Grundst\u00fcck in Puerto Montt - Blauer Stein, Region Los Lagos - Produncan<\/title>\n<meta name=\"description\" content=\"Grundst\u00fcck in Piedra Azul, Puerto Montt, mit einem spektakul\u00e4ren Panoramablick auf das Meer. Es befindet sich in einem erh\u00f6hten Bereich, hat flache Topographie, Vorherrschung von Wiesen und ausgezeichnetes Telefonsignal.\" \/>\n<meta name=\"robots\" content=\"index, follow, max-snippet:-1, max-image-preview:large, max-video-preview:-1\" \/>\n<link rel=\"canonical\" href=\"https:\/\/produncan.cl\/de\/produkt\/parcela-en-puerto-montt-piedra-azul-region-de-los-lagos\/\" \/>\n<meta property=\"og:locale\" content=\"de_DE\" \/>\n<meta property=\"og:type\" content=\"article\" \/>\n<meta property=\"og:title\" content=\"Grundst\u00fcck in Puerto Montt - Blauer Stein, Region Los Lagos\" \/>\n<meta property=\"og:description\" content=\"Grundst\u00fcck in Piedra Azul, Puerto Montt, mit einem spektakul\u00e4ren Panoramablick auf das Meer. Es befindet sich in einem erh\u00f6hten Bereich, hat flache Topographie, Vorherrschung von Wiesen und ausgezeichnetes Telefonsignal.\" \/>\n<meta property=\"og:url\" content=\"https:\/\/produncan.cl\/de\/produkt\/parcela-en-puerto-montt-piedra-azul-region-de-los-lagos\/\" \/>\n<meta property=\"og:site_name\" content=\"Produncan\" \/>\n<meta property=\"article:publisher\" content=\"https:\/\/web.facebook.com\/produncanland\" \/>\n<meta property=\"article:modified_time\" content=\"2025-11-28T16:59:28+00:00\" \/>\n<meta property=\"og:image\" content=\"https:\/\/produncan.cl\/wp-content\/uploads\/2025\/03\/Parcela-en-venta-Piedra-Azul.webp\" \/>\n\t<meta property=\"og:image:width\" content=\"800\" \/>\n\t<meta property=\"og:image:height\" content=\"600\" \/>\n\t<meta property=\"og:image:type\" content=\"image\/webp\" \/>\n<meta name=\"twitter:card\" content=\"summary_large_image\" \/>\n<meta name=\"twitter:label1\" content=\"Price\" \/>\n\t<meta name=\"twitter:data1\" content=\"USD67.700,00\" \/>\n\t<meta name=\"twitter:label2\" content=\"Availability\" \/>\n\t<meta name=\"twitter:data2\" content=\"In stock\" \/>\n<script type=\"application\/ld+json\" class=\"yoast-schema-graph\">{\"@context\":\"https:\\\/\\\/schema.org\",\"@graph\":[{\"@type\":\"WebPage\",\"@id\":\"https:\\\/\\\/produncan.cl\\\/de\\\/produkt\\\/parcela-en-puerto-montt-piedra-azul-region-de-los-lagos\\\/\",\"url\":\"https:\\\/\\\/produncan.cl\\\/de\\\/produkt\\\/parcela-en-puerto-montt-piedra-azul-region-de-los-lagos\\\/\",\"name\":\"Grundst\u00fcck in Puerto Montt - Blauer Stein, Region Los Lagos - Produncan\",\"isPartOf\":{\"@id\":\"https:\\\/\\\/produncan.cl\\\/de\\\/#website\"},\"primaryImageOfPage\":{\"@id\":\"https:\\\/\\\/produncan.cl\\\/de\\\/produkt\\\/parcela-en-puerto-montt-piedra-azul-region-de-los-lagos\\\/#primaryimage\"},\"image\":{\"@id\":\"https:\\\/\\\/produncan.cl\\\/de\\\/produkt\\\/parcela-en-puerto-montt-piedra-azul-region-de-los-lagos\\\/#primaryimage\"},\"thumbnailUrl\":\"https:\\\/\\\/produncan.cl\\\/wp-content\\\/uploads\\\/2025\\\/03\\\/Parcela-en-venta-Piedra-Azul.webp\",\"datePublished\":\"2025-03-21T23:25:29+00:00\",\"dateModified\":\"2025-11-28T16:59:28+00:00\",\"description\":\"Grundst\u00fcck in Piedra Azul, Puerto Montt, mit einem spektakul\u00e4ren Panoramablick auf das Meer. Es befindet sich in einem erh\u00f6hten Bereich, hat flache Topographie, Vorherrschung von Wiesen und ausgezeichnetes Telefonsignal.\",\"breadcrumb\":{\"@id\":\"https:\\\/\\\/produncan.cl\\\/de\\\/produkt\\\/parcela-en-puerto-montt-piedra-azul-region-de-los-lagos\\\/#breadcrumb\"},\"inLanguage\":\"de-DE\",\"potentialAction\":[{\"@type\":\"ReadAction\",\"target\":[\"https:\\\/\\\/produncan.cl\\\/de\\\/produkt\\\/parcela-en-puerto-montt-piedra-azul-region-de-los-lagos\\\/\"]}]},{\"@type\":\"ImageObject\",\"inLanguage\":\"de-DE\",\"@id\":\"https:\\\/\\\/produncan.cl\\\/de\\\/produkt\\\/parcela-en-puerto-montt-piedra-azul-region-de-los-lagos\\\/#primaryimage\",\"url\":\"https:\\\/\\\/produncan.cl\\\/wp-content\\\/uploads\\\/2025\\\/03\\\/Parcela-en-venta-Piedra-Azul.webp\",\"contentUrl\":\"https:\\\/\\\/produncan.cl\\\/wp-content\\\/uploads\\\/2025\\\/03\\\/Parcela-en-venta-Piedra-Azul.webp\",\"width\":800,\"height\":600,\"caption\":\"Grundst\u00fcck zum Verkauf Blue Stone\"},{\"@type\":\"BreadcrumbList\",\"@id\":\"https:\\\/\\\/produncan.cl\\\/de\\\/produkt\\\/parcela-en-puerto-montt-piedra-azul-region-de-los-lagos\\\/#breadcrumb\",\"itemListElement\":[{\"@type\":\"ListItem\",\"position\":1,\"name\":\"Inicio\",\"item\":\"https:\\\/\\\/produncan.cl\\\/de\\\/\"},{\"@type\":\"ListItem\",\"position\":2,\"name\":\"Eigenschaften\",\"item\":\"https:\\\/\\\/produncan.cl\\\/propiedades\\\/\"},{\"@type\":\"ListItem\",\"position\":3,\"name\":\"Grundst\u00fccke\",\"item\":\"https:\\\/\\\/produncan.cl\\\/de\\\/kategorie\\\/grundstuecke\\\/\"},{\"@type\":\"ListItem\",\"position\":4,\"name\":\"Grundst\u00fcck in Puerto Montt &#8211; Blauer Stein, Region Los Lagos\"}]},{\"@type\":\"WebSite\",\"@id\":\"https:\\\/\\\/produncan.cl\\\/de\\\/#website\",\"url\":\"https:\\\/\\\/produncan.cl\\\/de\\\/\",\"name\":\"Produncan\",\"description\":\"Wir begleiten Sie bei Ihrem Lebensprojekt!\",\"publisher\":{\"@id\":\"https:\\\/\\\/produncan.cl\\\/de\\\/#organization\"},\"potentialAction\":[{\"@type\":\"SearchAction\",\"target\":{\"@type\":\"EntryPoint\",\"urlTemplate\":\"https:\\\/\\\/produncan.cl\\\/de\\\/?s={search_term_string}\"},\"query-input\":{\"@type\":\"PropertyValueSpecification\",\"valueRequired\":true,\"valueName\":\"search_term_string\"}}],\"inLanguage\":\"de-DE\"},{\"@type\":\"Organization\",\"@id\":\"https:\\\/\\\/produncan.cl\\\/de\\\/#organization\",\"name\":\"Produncan\",\"url\":\"https:\\\/\\\/produncan.cl\\\/de\\\/\",\"logo\":{\"@type\":\"ImageObject\",\"inLanguage\":\"de-DE\",\"@id\":\"https:\\\/\\\/produncan.cl\\\/de\\\/#\\\/schema\\\/logo\\\/image\\\/\",\"url\":\"https:\\\/\\\/produncan.cl\\\/wp-content\\\/uploads\\\/2021\\\/03\\\/LOGO.jpeg\",\"contentUrl\":\"https:\\\/\\\/produncan.cl\\\/wp-content\\\/uploads\\\/2021\\\/03\\\/LOGO.jpeg\",\"width\":1280,\"height\":903,\"caption\":\"Produncan\"},\"image\":{\"@id\":\"https:\\\/\\\/produncan.cl\\\/de\\\/#\\\/schema\\\/logo\\\/image\\\/\"},\"sameAs\":[\"https:\\\/\\\/web.facebook.com\\\/produncanland\",\"https:\\\/\\\/www.instagram.com\\\/pro_duncan\\\/\",\"https:\\\/\\\/www.linkedin.com\\\/company\\\/produncan-lands\\\/\",\"https:\\\/\\\/www.youtube.com\\\/channel\\\/UCu7N-f3x0svkazD-Eew1-QQ\"],\"description\":\"En Produncan somos especialistas en la venta de terrenos en el sur de Chile. Proveemos estancias, campos, parcelas y hoteles.\",\"email\":\"info@produncan.cl\"}]}<\/script>\n<meta property=\"og:video\" content=\"https:\/\/www.youtube.com\/embed\/Mq-w3BBk-nc\" \/>\n<meta property=\"og:video:type\" content=\"text\/html\" \/>\n<meta property=\"og:video:duration\" content=\"64\" \/>\n<meta property=\"og:video:width\" content=\"480\" \/>\n<meta property=\"og:video:height\" content=\"270\" \/>\n<meta property=\"ya:ovs:adult\" content=\"false\" \/>\n<meta property=\"ya:ovs:upload_date\" content=\"2025-03-21T23:25:29+00:00\" \/>\n<meta property=\"ya:ovs:allow_embed\" content=\"true\" \/>\n<meta property=\"product:price:amount\" content=\"67700.00\" \/>\n<meta property=\"product:price:currency\" content=\"USD\" \/>\n<meta property=\"og:availability\" content=\"instock\" \/>\n<meta property=\"product:availability\" content=\"instock\" \/>\n<meta property=\"product:condition\" content=\"new\" \/>\n<!-- \/ Yoast SEO Premium plugin. -->","yoast_head_json":{"title":"Grundst\u00fcck in Puerto Montt - Blauer Stein, Region Los Lagos - Produncan","description":"Grundst\u00fcck in Piedra Azul, Puerto Montt, mit einem spektakul\u00e4ren Panoramablick auf das Meer. Es befindet sich in einem erh\u00f6hten Bereich, hat flache Topographie, Vorherrschung von Wiesen und ausgezeichnetes Telefonsignal.","robots":{"index":"index","follow":"follow","max-snippet":"max-snippet:-1","max-image-preview":"max-image-preview:large","max-video-preview":"max-video-preview:-1"},"canonical":"https:\/\/produncan.cl\/de\/produkt\/parcela-en-puerto-montt-piedra-azul-region-de-los-lagos\/","og_locale":"de_DE","og_type":"article","og_title":"Grundst\u00fcck in Puerto Montt - Blauer Stein, Region Los Lagos","og_description":"Grundst\u00fcck in Piedra Azul, Puerto Montt, mit einem spektakul\u00e4ren Panoramablick auf das Meer. Es befindet sich in einem erh\u00f6hten Bereich, hat flache Topographie, Vorherrschung von Wiesen und ausgezeichnetes Telefonsignal.","og_url":"https:\/\/produncan.cl\/de\/produkt\/parcela-en-puerto-montt-piedra-azul-region-de-los-lagos\/","og_site_name":"Produncan","article_publisher":"https:\/\/web.facebook.com\/produncanland","article_modified_time":"2025-11-28T16:59:28+00:00","og_image":[{"width":800,"height":600,"url":"https:\/\/produncan.cl\/wp-content\/uploads\/2025\/03\/Parcela-en-venta-Piedra-Azul.webp","type":"image\/webp"}],"twitter_card":"summary_large_image","twitter_misc":{"Price":"USD67.700,00","Availability":"In stock"},"schema":{"@context":"https:\/\/schema.org","@graph":[{"@type":"WebPage","@id":"https:\/\/produncan.cl\/de\/produkt\/parcela-en-puerto-montt-piedra-azul-region-de-los-lagos\/","url":"https:\/\/produncan.cl\/de\/produkt\/parcela-en-puerto-montt-piedra-azul-region-de-los-lagos\/","name":"Grundst\u00fcck in Puerto Montt - Blauer Stein, Region Los Lagos - Produncan","isPartOf":{"@id":"https:\/\/produncan.cl\/de\/#website"},"primaryImageOfPage":{"@id":"https:\/\/produncan.cl\/de\/produkt\/parcela-en-puerto-montt-piedra-azul-region-de-los-lagos\/#primaryimage"},"image":{"@id":"https:\/\/produncan.cl\/de\/produkt\/parcela-en-puerto-montt-piedra-azul-region-de-los-lagos\/#primaryimage"},"thumbnailUrl":"https:\/\/produncan.cl\/wp-content\/uploads\/2025\/03\/Parcela-en-venta-Piedra-Azul.webp","datePublished":"2025-03-21T23:25:29+00:00","dateModified":"2025-11-28T16:59:28+00:00","description":"Grundst\u00fcck in Piedra Azul, Puerto Montt, mit einem spektakul\u00e4ren Panoramablick auf das Meer. Es befindet sich in einem erh\u00f6hten Bereich, hat flache Topographie, Vorherrschung von Wiesen und ausgezeichnetes Telefonsignal.","breadcrumb":{"@id":"https:\/\/produncan.cl\/de\/produkt\/parcela-en-puerto-montt-piedra-azul-region-de-los-lagos\/#breadcrumb"},"inLanguage":"de-DE","potentialAction":[{"@type":"ReadAction","target":["https:\/\/produncan.cl\/de\/produkt\/parcela-en-puerto-montt-piedra-azul-region-de-los-lagos\/"]}]},{"@type":"ImageObject","inLanguage":"de-DE","@id":"https:\/\/produncan.cl\/de\/produkt\/parcela-en-puerto-montt-piedra-azul-region-de-los-lagos\/#primaryimage","url":"https:\/\/produncan.cl\/wp-content\/uploads\/2025\/03\/Parcela-en-venta-Piedra-Azul.webp","contentUrl":"https:\/\/produncan.cl\/wp-content\/uploads\/2025\/03\/Parcela-en-venta-Piedra-Azul.webp","width":800,"height":600,"caption":"Grundst\u00fcck zum Verkauf Blue Stone"},{"@type":"BreadcrumbList","@id":"https:\/\/produncan.cl\/de\/produkt\/parcela-en-puerto-montt-piedra-azul-region-de-los-lagos\/#breadcrumb","itemListElement":[{"@type":"ListItem","position":1,"name":"Inicio","item":"https:\/\/produncan.cl\/de\/"},{"@type":"ListItem","position":2,"name":"Eigenschaften","item":"https:\/\/produncan.cl\/propiedades\/"},{"@type":"ListItem","position":3,"name":"Grundst\u00fccke","item":"https:\/\/produncan.cl\/de\/kategorie\/grundstuecke\/"},{"@type":"ListItem","position":4,"name":"Grundst\u00fcck in Puerto Montt &#8211; Blauer Stein, Region Los Lagos"}]},{"@type":"WebSite","@id":"https:\/\/produncan.cl\/de\/#website","url":"https:\/\/produncan.cl\/de\/","name":"Produncan","description":"Wir begleiten Sie bei Ihrem Lebensprojekt!","publisher":{"@id":"https:\/\/produncan.cl\/de\/#organization"},"potentialAction":[{"@type":"SearchAction","target":{"@type":"EntryPoint","urlTemplate":"https:\/\/produncan.cl\/de\/?s={search_term_string}"},"query-input":{"@type":"PropertyValueSpecification","valueRequired":true,"valueName":"search_term_string"}}],"inLanguage":"de-DE"},{"@type":"Organization","@id":"https:\/\/produncan.cl\/de\/#organization","name":"Produncan","url":"https:\/\/produncan.cl\/de\/","logo":{"@type":"ImageObject","inLanguage":"de-DE","@id":"https:\/\/produncan.cl\/de\/#\/schema\/logo\/image\/","url":"https:\/\/produncan.cl\/wp-content\/uploads\/2021\/03\/LOGO.jpeg","contentUrl":"https:\/\/produncan.cl\/wp-content\/uploads\/2021\/03\/LOGO.jpeg","width":1280,"height":903,"caption":"Produncan"},"image":{"@id":"https:\/\/produncan.cl\/de\/#\/schema\/logo\/image\/"},"sameAs":["https:\/\/web.facebook.com\/produncanland","https:\/\/www.instagram.com\/pro_duncan\/","https:\/\/www.linkedin.com\/company\/produncan-lands\/","https:\/\/www.youtube.com\/channel\/UCu7N-f3x0svkazD-Eew1-QQ"],"description":"En Produncan somos especialistas en la venta de terrenos en el sur de Chile. Proveemos estancias, campos, parcelas y hoteles.","email":"info@produncan.cl"}]},"og_video":"https:\/\/www.youtube.com\/embed\/Mq-w3BBk-nc","og_video_type":"text\/html","og_video_duration":"64","og_video_width":"480","og_video_height":"270","ya_ovs_adult":"false","ya_ovs_upload_date":"2025-03-21T23:25:29+00:00","ya_ovs_allow_embed":"true","product_price_amount":"67700.00","product_price_currency":"USD","og_availability":"instock","product_availability":"instock","product_condition":"new"},"_links":{"self":[{"href":"https:\/\/produncan.cl\/de\/wp-json\/wp\/v2\/product\/40331","targetHints":{"allow":["GET"]}}],"collection":[{"href":"https:\/\/produncan.cl\/de\/wp-json\/wp\/v2\/product"}],"about":[{"href":"https:\/\/produncan.cl\/de\/wp-json\/wp\/v2\/types\/product"}],"version-history":[{"count":2,"href":"https:\/\/produncan.cl\/de\/wp-json\/wp\/v2\/product\/40331\/revisions"}],"predecessor-version":[{"id":52508,"href":"https:\/\/produncan.cl\/de\/wp-json\/wp\/v2\/product\/40331\/revisions\/52508"}],"wp:featuredmedia":[{"embeddable":true,"href":"https:\/\/produncan.cl\/de\/wp-json\/wp\/v2\/media\/39730"}],"wp:attachment":[{"href":"https:\/\/produncan.cl\/de\/wp-json\/wp\/v2\/media?parent=40331"}],"wp:term":[{"taxonomy":"product_brand","embeddable":true,"href":"https:\/\/produncan.cl\/de\/wp-json\/wp\/v2\/product_brand?post=40331"},{"taxonomy":"product_cat","embeddable":true,"href":"https:\/\/produncan.cl\/de\/wp-json\/wp\/v2\/product_cat?post=40331"},{"taxonomy":"product_tag","embeddable":true,"href":"https:\/\/produncan.cl\/de\/wp-json\/wp\/v2\/product_tag?post=40331"},{"taxonomy":"regiones","embeddable":true,"href":"https:\/\/produncan.cl\/de\/wp-json\/wp\/v2\/regiones?post=40331"},{"taxonomy":"ciudades","embeddable":true,"href":"https:\/\/produncan.cl\/de\/wp-json\/wp\/v2\/ciudades?post=40331"}],"curies":[{"name":"wp","href":"https:\/\/api.w.org\/{rel}","templated":true}]}}