{"id":40630,"date":"2025-04-23T17:36:30","date_gmt":"2025-04-23T21:36:30","guid":{"rendered":"https:\/\/produncan.cl\/producto\/grundstueck-in-lepihue-maullin-region-los-lagos\/"},"modified":"2026-03-12T13:02:58","modified_gmt":"2026-03-12T16:02:58","slug":"grundstueck-in-lepihue-maullin-region-los-lagos","status":"publish","type":"product","link":"https:\/\/produncan.cl\/de\/produkt\/grundstueck-in-lepihue-maullin-region-los-lagos\/","title":{"rendered":"Grundst\u00fcck in Lepihu\u00e9 &#8211; Maull\u00edn, Region Los Lagos"},"content":{"rendered":"\t\t<div data-elementor-type=\"product-post\" data-elementor-id=\"40630\" class=\"elementor elementor-40630 elementor-40523\" data-elementor-post-type=\"product\">\n\t\t\t\t<div class=\"elementor-element elementor-element-99df4dd e-flex e-con-boxed e-con e-parent\" data-id=\"99df4dd\" data-element_type=\"container\" data-e-type=\"container\" data-settings=\"{&quot;jet_parallax_layout_list&quot;:[]}\">\n\t\t\t\t\t<div class=\"e-con-inner\">\n\t\t\t\t<div class=\"elementor-element elementor-element-fa0dcf3 elementor-widget elementor-widget-heading\" data-id=\"fa0dcf3\" data-element_type=\"widget\" data-e-type=\"widget\" data-widget_type=\"heading.default\">\n\t\t\t\t\t<h2 class=\"elementor-heading-title elementor-size-default\">Grundst\u00fcck von 1,4 Hektar in der N\u00e4he des Flusses Maull\u00edn in Lepihu\u00e9<\/h2>\t\t\t\t<\/div>\n\t\t\t\t\t<\/div>\n\t\t\t\t<\/div>\n\t\t<div class=\"elementor-element elementor-element-c83c878 e-flex e-con-boxed e-con e-parent\" data-id=\"c83c878\" data-element_type=\"container\" data-e-type=\"container\" data-settings=\"{&quot;jet_parallax_layout_list&quot;:[]}\">\n\t\t\t\t\t<div class=\"e-con-inner\">\n\t\t\t\t<div class=\"elementor-element elementor-element-2b0f762 elementor-widget elementor-widget-text-editor\" data-id=\"2b0f762\" data-element_type=\"widget\" data-e-type=\"widget\" data-widget_type=\"text-editor.default\">\n\t\t\t\t\t\t\t\t\t<p>In der ruhigen Gegend von Lepihu\u00e9, in der Gemeinde Maull\u00edn, Region Los Lagos, gelegen, stellt dieses 14.000 m\u00b2 gro\u00dfe landwirtschaftliche Grundst\u00fcck eine hervorragende Gelegenheit f\u00fcr diejenigen dar, die einen vollst\u00e4ndig nutzbaren Raum in Harmonie mit der Natur suchen. Mit direktem Zugang von einer \u00f6ffentlichen Stra\u00dfe und nur 270 Meter von der asphaltierten Stra\u00dfe entfernt, zeichnet sich das Grundst\u00fcck durch seine v\u00f6llig flache Topographie, optimale Sonneneinstrahlung und die N\u00e4he zu den wichtigsten Dienstleistungen aus und bietet die perfekte Balance zwischen Landleben und Konnektivit\u00e4t. <\/p>\n<p>Dieses Grundst\u00fcck in Maull\u00edn, Lepihu\u00e9, verf\u00fcgt \u00fcber ein eigenes Grundbuch, l\u00e4ndliches Trinkwasser und Strom durch die Firma Crell. Auf dem Grundst\u00fcck befinden sich zwei alte Geb\u00e4ude: ein Haus und ein Lagerhaus, beide mehr als 30 Jahre alt, die, obwohl nicht bewohnbar k\u00f6nnen als Grundlage f\u00fcr Neubauten oder Renovierungen verwendet werden. <\/p>\n<p>Die nat\u00fcrliche Umgebung ist eine der Hauptattraktionen dieses Grundst\u00fccks. Nur 280 Meter entfernt flie\u00dft der Fluss Maull\u00edn und in der N\u00e4he befinden sich die wertvollen Feuchtgebiete des sind die wertvollen Feuchtgebiete des Maull\u00edn-Flusses, ein Paradies f\u00fcr Liebhaber der Artenvielfalt und der Vogelbeobachtung, Dazu geh\u00f6ren Arten wie Flamingos im Winter, Zugv\u00f6gel, Wasserv\u00f6gel und K\u00fcstenv\u00f6gel. Das Gebiet beherbergt auch den Huillin, <a href=\"https:\/\/produncan.cl\/de\/schutz-des-fischotters-in-chile-strategien-und-herausforderungen\/\">eine gef\u00e4hrdete Art<\/a>.  <\/p>\n<p>Das Gel\u00e4nde ist teilweise mit Maschendraht und Stacheldraht eingez\u00e4unt und von einheimischer Vegetation wie Myrten, Lumas, Tepas und Temos umgeben. Aufgrund seiner landwirtschaftlichen Nutzung ist es ideal f\u00fcr die Entwicklung von Familienbetrieben und Viehzucht, wobei der \u00f6kologische Wert der Umwelt erhalten bleibt. <\/p>\n<p>Die Lage ist 56 Minuten vom Flughafen El Tepual und eine kurze Strecke von den Orten Maull\u00edn und Los Muermos entfernt. In der Umgebung sind Orte wie Playa Pangal, die Halbinsel Amortajado und der Strand Mar Brava in Carelmapu, ein Muss f\u00fcr Surfer und K\u00fcstentouristen, hervorzuheben. <\/p>\n<p>Eine hervorragende Gelegenheit, in Land mit landwirtschaftlichem Potenzial, einzigartiger Artenvielfalt und privilegiertem Zugang im S\u00fcden Chiles zu investieren &#8211; vereinbaren Sie einen Besichtigungstermin! <\/p>\n\t\t\t\t\t\t\t\t<\/div>\n\t\t\t\t\t<\/div>\n\t\t\t\t<\/div>\n\t\t\t\t<\/div>\n\t\t","protected":false},"excerpt":{"rendered":"<p>Grundst\u00fcck in Maull\u00edn, Lepihu\u00e9, 1,4 Hektar, 100% flache Wiese, Strom, l\u00e4ndliches Trinkwasser (APR), direkter Zugang von der \u00f6ffentlichen Stra\u00dfe und 270 m vom Asphalt. 280 m vom Fluss Maull\u00edn entfernt und in der N\u00e4he einzigartiger Natursch\u00f6nheiten. <\/p>\n","protected":false},"featured_media":54522,"template":"","meta":{"_acf_changed":false},"product_brand":[],"product_cat":[104],"product_tag":[232,231],"regiones":[226],"ciudades":[457],"class_list":{"0":"post-40630","1":"product","2":"type-product","3":"status-publish","4":"has-post-thumbnail","6":"product_cat-ohiggins-los-lagos","7":"product_tag-grundstuecke","8":"product_tag-touristische-immobilien","9":"regiones-nuble-los_lagos","10":"ciudades-maullin","12":"first","13":"outofstock","14":"shipping-taxable","15":"product-type-simple"},"acf":[],"yoast_head":"<!-- This site is optimized with the Yoast SEO Premium plugin v26.0 (Yoast SEO v27.3) - https:\/\/yoast.com\/product\/yoast-seo-premium-wordpress\/ -->\n<title>Grundst\u00fcck in Lepihu\u00e9 - Maull\u00edn, Region Los Lagos - Produncan<\/title>\n<meta name=\"description\" content=\"Grundst\u00fcck in Lepihu\u00e9 mit 1,75 Hektar, Strom, Trinkwasser und direktem Zugang von der Stra\u00dfe. Gelegen in der N\u00e4he des Flusses Maull\u00edn.\" \/>\n<meta name=\"robots\" content=\"index, follow, max-snippet:-1, max-image-preview:large, max-video-preview:-1\" \/>\n<link rel=\"canonical\" href=\"https:\/\/produncan.cl\/de\/produkt\/grundstueck-in-lepihue-maullin-region-los-lagos\/\" \/>\n<meta property=\"og:locale\" content=\"de_DE\" \/>\n<meta property=\"og:type\" content=\"article\" \/>\n<meta property=\"og:title\" content=\"Grundst\u00fcck in Lepihu\u00e9 - Maull\u00edn, Region Los Lagos\" \/>\n<meta property=\"og:description\" content=\"Grundst\u00fcck in Lepihu\u00e9 mit 1,75 Hektar, Strom, Trinkwasser und direktem Zugang von der Stra\u00dfe. Gelegen in der N\u00e4he des Flusses Maull\u00edn.\" \/>\n<meta property=\"og:url\" content=\"https:\/\/produncan.cl\/de\/produkt\/grundstueck-in-lepihue-maullin-region-los-lagos\/\" \/>\n<meta property=\"og:site_name\" content=\"Produncan\" \/>\n<meta property=\"article:publisher\" content=\"https:\/\/web.facebook.com\/produncanland\" \/>\n<meta property=\"article:modified_time\" content=\"2026-03-12T16:02:58+00:00\" \/>\n<meta property=\"og:image\" content=\"https:\/\/produncan.cl\/wp-content\/uploads\/2025\/04\/Parcela-Lepihue-Vendido.webp\" \/>\n\t<meta property=\"og:image:width\" content=\"600\" \/>\n\t<meta property=\"og:image:height\" content=\"450\" \/>\n\t<meta property=\"og:image:type\" content=\"image\/webp\" \/>\n<meta name=\"twitter:card\" content=\"summary_large_image\" \/>\n<meta name=\"twitter:label1\" content=\"Price\" \/>\n\t<meta name=\"twitter:data1\" content=\"\" \/>\n\t<meta name=\"twitter:label2\" content=\"Availability\" \/>\n\t<meta name=\"twitter:data2\" content=\"Out of stock\" \/>\n<script type=\"application\/ld+json\" class=\"yoast-schema-graph\">{\"@context\":\"https:\\\/\\\/schema.org\",\"@graph\":[{\"@type\":\"WebPage\",\"@id\":\"https:\\\/\\\/produncan.cl\\\/de\\\/produkt\\\/grundstueck-in-lepihue-maullin-region-los-lagos\\\/\",\"url\":\"https:\\\/\\\/produncan.cl\\\/de\\\/produkt\\\/grundstueck-in-lepihue-maullin-region-los-lagos\\\/\",\"name\":\"Grundst\u00fcck in Lepihu\u00e9 - Maull\u00edn, Region Los Lagos - Produncan\",\"isPartOf\":{\"@id\":\"https:\\\/\\\/produncan.cl\\\/de\\\/#website\"},\"primaryImageOfPage\":{\"@id\":\"https:\\\/\\\/produncan.cl\\\/de\\\/produkt\\\/grundstueck-in-lepihue-maullin-region-los-lagos\\\/#primaryimage\"},\"image\":{\"@id\":\"https:\\\/\\\/produncan.cl\\\/de\\\/produkt\\\/grundstueck-in-lepihue-maullin-region-los-lagos\\\/#primaryimage\"},\"thumbnailUrl\":\"https:\\\/\\\/produncan.cl\\\/wp-content\\\/uploads\\\/2025\\\/04\\\/Parcela-Lepihue-Vendido.webp\",\"datePublished\":\"2025-04-23T21:36:30+00:00\",\"dateModified\":\"2026-03-12T16:02:58+00:00\",\"description\":\"Grundst\u00fcck in Lepihu\u00e9 mit 1,75 Hektar, Strom, Trinkwasser und direktem Zugang von der Stra\u00dfe. Gelegen in der N\u00e4he des Flusses Maull\u00edn.\",\"breadcrumb\":{\"@id\":\"https:\\\/\\\/produncan.cl\\\/de\\\/produkt\\\/grundstueck-in-lepihue-maullin-region-los-lagos\\\/#breadcrumb\"},\"inLanguage\":\"de-DE\",\"potentialAction\":[{\"@type\":\"ReadAction\",\"target\":[\"https:\\\/\\\/produncan.cl\\\/de\\\/produkt\\\/grundstueck-in-lepihue-maullin-region-los-lagos\\\/\"]}]},{\"@type\":\"ImageObject\",\"inLanguage\":\"de-DE\",\"@id\":\"https:\\\/\\\/produncan.cl\\\/de\\\/produkt\\\/grundstueck-in-lepihue-maullin-region-los-lagos\\\/#primaryimage\",\"url\":\"https:\\\/\\\/produncan.cl\\\/wp-content\\\/uploads\\\/2025\\\/04\\\/Parcela-Lepihue-Vendido.webp\",\"contentUrl\":\"https:\\\/\\\/produncan.cl\\\/wp-content\\\/uploads\\\/2025\\\/04\\\/Parcela-Lepihue-Vendido.webp\",\"width\":600,\"height\":450,\"caption\":\"Parcela Lepihu\u00e9 Vendido\"},{\"@type\":\"BreadcrumbList\",\"@id\":\"https:\\\/\\\/produncan.cl\\\/de\\\/produkt\\\/grundstueck-in-lepihue-maullin-region-los-lagos\\\/#breadcrumb\",\"itemListElement\":[{\"@type\":\"ListItem\",\"position\":1,\"name\":\"Inicio\",\"item\":\"https:\\\/\\\/produncan.cl\\\/de\\\/\"},{\"@type\":\"ListItem\",\"position\":2,\"name\":\"Eigenschaften\",\"item\":\"https:\\\/\\\/produncan.cl\\\/propiedades\\\/\"},{\"@type\":\"ListItem\",\"position\":3,\"name\":\"Grundst\u00fccke\",\"item\":\"https:\\\/\\\/produncan.cl\\\/de\\\/kategorie\\\/grundstuecke\\\/\"},{\"@type\":\"ListItem\",\"position\":4,\"name\":\"Grundst\u00fcck in Lepihu\u00e9 &#8211; Maull\u00edn, Region Los Lagos\"}]},{\"@type\":\"WebSite\",\"@id\":\"https:\\\/\\\/produncan.cl\\\/de\\\/#website\",\"url\":\"https:\\\/\\\/produncan.cl\\\/de\\\/\",\"name\":\"Produncan\",\"description\":\"Wir begleiten Sie bei Ihrem Lebensprojekt!\",\"publisher\":{\"@id\":\"https:\\\/\\\/produncan.cl\\\/de\\\/#organization\"},\"potentialAction\":[{\"@type\":\"SearchAction\",\"target\":{\"@type\":\"EntryPoint\",\"urlTemplate\":\"https:\\\/\\\/produncan.cl\\\/de\\\/?s={search_term_string}\"},\"query-input\":{\"@type\":\"PropertyValueSpecification\",\"valueRequired\":true,\"valueName\":\"search_term_string\"}}],\"inLanguage\":\"de-DE\"},{\"@type\":\"Organization\",\"@id\":\"https:\\\/\\\/produncan.cl\\\/de\\\/#organization\",\"name\":\"Produncan\",\"url\":\"https:\\\/\\\/produncan.cl\\\/de\\\/\",\"logo\":{\"@type\":\"ImageObject\",\"inLanguage\":\"de-DE\",\"@id\":\"https:\\\/\\\/produncan.cl\\\/de\\\/#\\\/schema\\\/logo\\\/image\\\/\",\"url\":\"https:\\\/\\\/produncan.cl\\\/wp-content\\\/uploads\\\/2021\\\/03\\\/LOGO.jpeg\",\"contentUrl\":\"https:\\\/\\\/produncan.cl\\\/wp-content\\\/uploads\\\/2021\\\/03\\\/LOGO.jpeg\",\"width\":1280,\"height\":903,\"caption\":\"Produncan\"},\"image\":{\"@id\":\"https:\\\/\\\/produncan.cl\\\/de\\\/#\\\/schema\\\/logo\\\/image\\\/\"},\"sameAs\":[\"https:\\\/\\\/web.facebook.com\\\/produncanland\",\"https:\\\/\\\/www.instagram.com\\\/pro_duncan\\\/\",\"https:\\\/\\\/www.linkedin.com\\\/company\\\/produncan-lands\\\/\",\"https:\\\/\\\/www.youtube.com\\\/channel\\\/UCu7N-f3x0svkazD-Eew1-QQ\"],\"description\":\"En Produncan somos especialistas en la venta de terrenos en el sur de Chile. Proveemos estancias, campos, parcelas y hoteles.\",\"email\":\"info@produncan.cl\"}]}<\/script>\n<meta property=\"og:video\" content=\"https:\/\/www.youtube.com\/embed\/JChxyaVbzsM\" \/>\n<meta property=\"og:video:type\" content=\"text\/html\" \/>\n<meta property=\"og:video:duration\" content=\"64\" \/>\n<meta property=\"og:video:width\" content=\"480\" \/>\n<meta property=\"og:video:height\" content=\"270\" \/>\n<meta property=\"ya:ovs:adult\" content=\"false\" \/>\n<meta property=\"ya:ovs:upload_date\" content=\"2025-04-23T21:36:30+00:00\" \/>\n<meta property=\"ya:ovs:allow_embed\" content=\"true\" \/>\n<meta property=\"product:price:currency\" content=\"USD\" \/>\n<meta property=\"og:availability\" content=\"out of stock\" \/>\n<meta property=\"product:availability\" content=\"out of stock\" \/>\n<meta property=\"product:condition\" content=\"new\" \/>\n<!-- \/ Yoast SEO Premium plugin. -->","yoast_head_json":{"title":"Grundst\u00fcck in Lepihu\u00e9 - Maull\u00edn, Region Los Lagos - Produncan","description":"Grundst\u00fcck in Lepihu\u00e9 mit 1,75 Hektar, Strom, Trinkwasser und direktem Zugang von der Stra\u00dfe. Gelegen in der N\u00e4he des Flusses Maull\u00edn.","robots":{"index":"index","follow":"follow","max-snippet":"max-snippet:-1","max-image-preview":"max-image-preview:large","max-video-preview":"max-video-preview:-1"},"canonical":"https:\/\/produncan.cl\/de\/produkt\/grundstueck-in-lepihue-maullin-region-los-lagos\/","og_locale":"de_DE","og_type":"article","og_title":"Grundst\u00fcck in Lepihu\u00e9 - Maull\u00edn, Region Los Lagos","og_description":"Grundst\u00fcck in Lepihu\u00e9 mit 1,75 Hektar, Strom, Trinkwasser und direktem Zugang von der Stra\u00dfe. Gelegen in der N\u00e4he des Flusses Maull\u00edn.","og_url":"https:\/\/produncan.cl\/de\/produkt\/grundstueck-in-lepihue-maullin-region-los-lagos\/","og_site_name":"Produncan","article_publisher":"https:\/\/web.facebook.com\/produncanland","article_modified_time":"2026-03-12T16:02:58+00:00","og_image":[{"width":600,"height":450,"url":"https:\/\/produncan.cl\/wp-content\/uploads\/2025\/04\/Parcela-Lepihue-Vendido.webp","type":"image\/webp"}],"twitter_card":"summary_large_image","twitter_misc":{"Price":"","Availability":"Out of stock"},"schema":{"@context":"https:\/\/schema.org","@graph":[{"@type":"WebPage","@id":"https:\/\/produncan.cl\/de\/produkt\/grundstueck-in-lepihue-maullin-region-los-lagos\/","url":"https:\/\/produncan.cl\/de\/produkt\/grundstueck-in-lepihue-maullin-region-los-lagos\/","name":"Grundst\u00fcck in Lepihu\u00e9 - Maull\u00edn, Region Los Lagos - Produncan","isPartOf":{"@id":"https:\/\/produncan.cl\/de\/#website"},"primaryImageOfPage":{"@id":"https:\/\/produncan.cl\/de\/produkt\/grundstueck-in-lepihue-maullin-region-los-lagos\/#primaryimage"},"image":{"@id":"https:\/\/produncan.cl\/de\/produkt\/grundstueck-in-lepihue-maullin-region-los-lagos\/#primaryimage"},"thumbnailUrl":"https:\/\/produncan.cl\/wp-content\/uploads\/2025\/04\/Parcela-Lepihue-Vendido.webp","datePublished":"2025-04-23T21:36:30+00:00","dateModified":"2026-03-12T16:02:58+00:00","description":"Grundst\u00fcck in Lepihu\u00e9 mit 1,75 Hektar, Strom, Trinkwasser und direktem Zugang von der Stra\u00dfe. Gelegen in der N\u00e4he des Flusses Maull\u00edn.","breadcrumb":{"@id":"https:\/\/produncan.cl\/de\/produkt\/grundstueck-in-lepihue-maullin-region-los-lagos\/#breadcrumb"},"inLanguage":"de-DE","potentialAction":[{"@type":"ReadAction","target":["https:\/\/produncan.cl\/de\/produkt\/grundstueck-in-lepihue-maullin-region-los-lagos\/"]}]},{"@type":"ImageObject","inLanguage":"de-DE","@id":"https:\/\/produncan.cl\/de\/produkt\/grundstueck-in-lepihue-maullin-region-los-lagos\/#primaryimage","url":"https:\/\/produncan.cl\/wp-content\/uploads\/2025\/04\/Parcela-Lepihue-Vendido.webp","contentUrl":"https:\/\/produncan.cl\/wp-content\/uploads\/2025\/04\/Parcela-Lepihue-Vendido.webp","width":600,"height":450,"caption":"Parcela Lepihu\u00e9 Vendido"},{"@type":"BreadcrumbList","@id":"https:\/\/produncan.cl\/de\/produkt\/grundstueck-in-lepihue-maullin-region-los-lagos\/#breadcrumb","itemListElement":[{"@type":"ListItem","position":1,"name":"Inicio","item":"https:\/\/produncan.cl\/de\/"},{"@type":"ListItem","position":2,"name":"Eigenschaften","item":"https:\/\/produncan.cl\/propiedades\/"},{"@type":"ListItem","position":3,"name":"Grundst\u00fccke","item":"https:\/\/produncan.cl\/de\/kategorie\/grundstuecke\/"},{"@type":"ListItem","position":4,"name":"Grundst\u00fcck in Lepihu\u00e9 &#8211; Maull\u00edn, Region Los Lagos"}]},{"@type":"WebSite","@id":"https:\/\/produncan.cl\/de\/#website","url":"https:\/\/produncan.cl\/de\/","name":"Produncan","description":"Wir begleiten Sie bei Ihrem Lebensprojekt!","publisher":{"@id":"https:\/\/produncan.cl\/de\/#organization"},"potentialAction":[{"@type":"SearchAction","target":{"@type":"EntryPoint","urlTemplate":"https:\/\/produncan.cl\/de\/?s={search_term_string}"},"query-input":{"@type":"PropertyValueSpecification","valueRequired":true,"valueName":"search_term_string"}}],"inLanguage":"de-DE"},{"@type":"Organization","@id":"https:\/\/produncan.cl\/de\/#organization","name":"Produncan","url":"https:\/\/produncan.cl\/de\/","logo":{"@type":"ImageObject","inLanguage":"de-DE","@id":"https:\/\/produncan.cl\/de\/#\/schema\/logo\/image\/","url":"https:\/\/produncan.cl\/wp-content\/uploads\/2021\/03\/LOGO.jpeg","contentUrl":"https:\/\/produncan.cl\/wp-content\/uploads\/2021\/03\/LOGO.jpeg","width":1280,"height":903,"caption":"Produncan"},"image":{"@id":"https:\/\/produncan.cl\/de\/#\/schema\/logo\/image\/"},"sameAs":["https:\/\/web.facebook.com\/produncanland","https:\/\/www.instagram.com\/pro_duncan\/","https:\/\/www.linkedin.com\/company\/produncan-lands\/","https:\/\/www.youtube.com\/channel\/UCu7N-f3x0svkazD-Eew1-QQ"],"description":"En Produncan somos especialistas en la venta de terrenos en el sur de Chile. Proveemos estancias, campos, parcelas y hoteles.","email":"info@produncan.cl"}]},"og_video":"https:\/\/www.youtube.com\/embed\/JChxyaVbzsM","og_video_type":"text\/html","og_video_duration":"64","og_video_width":"480","og_video_height":"270","ya_ovs_adult":"false","ya_ovs_upload_date":"2025-04-23T21:36:30+00:00","ya_ovs_allow_embed":"true","product_price_currency":"USD","og_availability":"out of stock","product_availability":"out of stock","product_condition":"new"},"_links":{"self":[{"href":"https:\/\/produncan.cl\/de\/wp-json\/wp\/v2\/product\/40630","targetHints":{"allow":["GET"]}}],"collection":[{"href":"https:\/\/produncan.cl\/de\/wp-json\/wp\/v2\/product"}],"about":[{"href":"https:\/\/produncan.cl\/de\/wp-json\/wp\/v2\/types\/product"}],"version-history":[{"count":3,"href":"https:\/\/produncan.cl\/de\/wp-json\/wp\/v2\/product\/40630\/revisions"}],"predecessor-version":[{"id":54527,"href":"https:\/\/produncan.cl\/de\/wp-json\/wp\/v2\/product\/40630\/revisions\/54527"}],"wp:featuredmedia":[{"embeddable":true,"href":"https:\/\/produncan.cl\/de\/wp-json\/wp\/v2\/media\/54522"}],"wp:attachment":[{"href":"https:\/\/produncan.cl\/de\/wp-json\/wp\/v2\/media?parent=40630"}],"wp:term":[{"taxonomy":"product_brand","embeddable":true,"href":"https:\/\/produncan.cl\/de\/wp-json\/wp\/v2\/product_brand?post=40630"},{"taxonomy":"product_cat","embeddable":true,"href":"https:\/\/produncan.cl\/de\/wp-json\/wp\/v2\/product_cat?post=40630"},{"taxonomy":"product_tag","embeddable":true,"href":"https:\/\/produncan.cl\/de\/wp-json\/wp\/v2\/product_tag?post=40630"},{"taxonomy":"regiones","embeddable":true,"href":"https:\/\/produncan.cl\/de\/wp-json\/wp\/v2\/regiones?post=40630"},{"taxonomy":"ciudades","embeddable":true,"href":"https:\/\/produncan.cl\/de\/wp-json\/wp\/v2\/ciudades?post=40630"}],"curies":[{"name":"wp","href":"https:\/\/api.w.org\/{rel}","templated":true}]}}