{"id":40642,"date":"2025-04-21T18:35:39","date_gmt":"2025-04-21T22:35:39","guid":{"rendered":"https:\/\/produncan.cl\/producto\/knuil-wapachi-maoris-feld\/"},"modified":"2025-12-26T17:20:44","modified_gmt":"2025-12-26T20:20:44","slug":"knuil-wapachi-maoris-feld","status":"publish","type":"product","link":"https:\/\/produncan.cl\/de\/produkt\/knuil-wapachi-maoris-feld\/","title":{"rendered":"Knuil Wapachi-Maoris Feld"},"content":{"rendered":"\t\t<div data-elementor-type=\"product-post\" data-elementor-id=\"40642\" class=\"elementor elementor-40642 elementor-40417\" data-elementor-post-type=\"product\">\n\t\t\t\t<div class=\"elementor-element elementor-element-6cbbc12 e-flex e-con-boxed e-con e-parent\" data-id=\"6cbbc12\" data-element_type=\"container\" data-e-type=\"container\" data-settings=\"{&quot;jet_parallax_layout_list&quot;:[]}\">\n\t\t\t\t\t<div class=\"e-con-inner\">\n\t\t\t\t<div class=\"elementor-element elementor-element-e92b1ca elementor-widget elementor-widget-heading\" data-id=\"e92b1ca\" data-element_type=\"widget\" data-e-type=\"widget\" data-widget_type=\"heading.default\">\n\t\t\t\t\t<h2 class=\"elementor-heading-title elementor-size-default\">Feld in Quenuir von 6,35 Hektar mit Haus von 81m\u00b2 und Meerblick<\/h2>\t\t\t\t<\/div>\n\t\t\t\t\t<\/div>\n\t\t\t\t<\/div>\n\t\t<div class=\"elementor-element elementor-element-968f9aa e-flex e-con-boxed e-con e-parent\" data-id=\"968f9aa\" data-element_type=\"container\" data-e-type=\"container\" data-settings=\"{&quot;jet_parallax_layout_list&quot;:[]}\">\n\t\t\t\t\t<div class=\"e-con-inner\">\n\t\t\t\t<div class=\"elementor-element elementor-element-d44710d elementor-widget elementor-widget-text-editor\" data-id=\"d44710d\" data-element_type=\"widget\" data-e-type=\"widget\" data-widget_type=\"text-editor.default\">\n\t\t\t\t\t\t\t\t\t<p>Wir pr\u00e4sentieren eine au\u00dfergew\u00f6hnliche Immobilie in der N\u00e4he der K\u00fcste im Lake District. Dieses 6,35 Hektar gro\u00dfe Grundst\u00fcck mit einem Verkaufspreis von $130.000.000 befindet sich in einem hochgelegenen und privilegierten Sektor, der ihm einen spektakul\u00e4ren Panoramablick auf das Meer verleiht. Nur 4 Kilometer vom weitl\u00e4ufigen und unber\u00fchrten Strand von Puerto Godoy entfernt, bietet dieses Land die perfekte Balance zwischen Natur, Privatsph\u00e4re und Konnektivit\u00e4t.  <\/p>\n<p>Das Feld in Quenuir, Huapache, hat seine eigene Funktion und landwirtschaftliche Nutzung. Die Topographie ist flach und das Gel\u00e4nde besteht haupts\u00e4chlich aus offenen Wiesen und Fl\u00e4chen mit einheimischen, niedrig wachsenden, nachwachsenden B\u00e4umen. <\/p>\n<p>Das Grundst\u00fcck liegt auf einem Plateau und hat den ganzen Tag \u00fcber eine hervorragende Sonneneinstrahlung. Die Zufahrt erfolgt \u00fcber eine 300 m lange Dienstbarkeit, die an eine gut gepflegte Schotterstra\u00dfe anschlie\u00dft, die wiederum mit der asphaltierten Stra\u00dfe nach Quenuir verbunden ist. Die Stromversorgung erfolgt direkt am Eingang des Grundst\u00fccks durch das Versorgungsunternehmen SAESA.  <\/p>\n<p>Wenige Meter vom Haus entfernt befindet sich ein nat\u00fcrlicher Bach, der zwar im Sommer austrocknet, aber f\u00fcr die Wassergewinnung genutzt werden kann. Es wurde bereits eine Wasseruntersuchung durchgef\u00fchrt, die auf eine Wassertiefe von 5 bis 10 Metern hinweist. Diese Gegebenheiten sowie das milde Klima und die fruchtbare Umgebung machen das Grundst\u00fcck zu einer idealen Alternative f\u00fcr die Entwicklung von kleinen Landwirtschafts- oder Viehzuchtprojekten. <\/p>\n<p>Zum Camp in Quenuir geh\u00f6rt ein sch\u00f6nes, 2012 erbautes Haus mit 81 m\u00b2 Nutzfl\u00e4che, das von der traditionellen Mapuche-Architektur inspiriert ist. Es wurde mit Harth\u00f6lzern wie Oregon-Kiefer, Ma\u00f1\u00edo und Ulmo gebaut, was ihm W\u00e4rme und Charakter verleiht. Das einst\u00f6ckige Haus besteht aus drei Schlafzimmern, einem Badezimmer, das gerade fertiggestellt wird, einer offenen K\u00fcche mit einem Esszimmer f\u00fcr den t\u00e4glichen Gebrauch und gro\u00dfz\u00fcgigen R\u00e4umen, die die Integration einer zuk\u00fcnftigen Terrasse mit Meerblick erm\u00f6glichen. Die Fenster sind einfach verglast mit Ma\u00f1\u00edo-Rahmen und das Dach ist mit Asphaltdachziegeln gedeckt. Derzeit ist das Haus weder an Wasser noch an die Heizung angeschlossen, was die M\u00f6glichkeit er\u00f6ffnet, es nach dem Geschmack und den Bed\u00fcrfnissen des K\u00e4ufers auszustatten.    <\/p>\n<p>Die nat\u00fcrliche Umgebung dieses Anwesens ist wirklich privilegiert. Es ist nur 2,5 km von der Stadt Quenuir entfernt, die f\u00fcr ihre hervorragende Versorgung mit frischen Meeresfr\u00fcchten und grundlegenden Dienstleistungen bekannt ist. Es liegt au\u00dferdem zwischen dem Fluss Quenuir und dem Meer, was ein einzigartiges Mikroklima schafft, das sowohl f\u00fcr die landwirtschaftliche Entwicklung als auch f\u00fcr diejenigen, die einen Lebensstil in direktem Kontakt mit der Natur suchen, ideal ist.  <\/p>\n<p>Das Anwesen bietet eine sehr attraktive Kombination aus Meerblick, N\u00e4he zum Strand, Zugang zu Dienstleistungen, einheimischer Fauna und B\u00e4umen wie Ulmo und Arrayan. Dies macht es zu einer perfekten Alternative f\u00fcr Wohnzwecke sowie f\u00fcr Tourismus- oder Investitionsprojekte Investitions- oder Tourismusprojekte , die sich den einzigartigen Charme des chilenischen S\u00fcdens zunutze machen wollen. <\/p>\n<p>Kontaktieren Sie uns f\u00fcr weitere Informationen oder um einen Besuch zu vereinbaren. Dies k\u00f6nnte die Gelegenheit sein , auf die Sie gewartet haben. <\/p>\n\t\t\t\t\t\t\t\t<\/div>\n\t\t\t\t\t<\/div>\n\t\t\t\t<\/div>\n\t\t\t\t<\/div>\n\t\t","protected":false},"excerpt":{"rendered":"<p>Grundst\u00fcck in Quenuir mit Meerblick. Es verf\u00fcgt \u00fcber ein 81 m\u00b2 gro\u00dfes Haus, Strom, Signal, Bach, flaches Gel\u00e4nde, \u00fcberwiegend Wiese, niedrige einheimische B\u00e4ume und Telefonanschluss. <\/p>\n","protected":false},"featured_media":40423,"template":"","meta":{"_acf_changed":false},"product_brand":[],"product_cat":[104],"product_tag":[235,232],"regiones":[226],"ciudades":[457,456],"class_list":{"0":"post-40642","1":"product","2":"type-product","3":"status-publish","4":"has-post-thumbnail","6":"product_cat-ohiggins-los-lagos","7":"product_tag-felder","8":"product_tag-grundstuecke","9":"regiones-nuble-los_lagos","10":"ciudades-maullin","11":"ciudades-quenuir","13":"first","14":"instock","15":"shipping-taxable","16":"purchasable","17":"product-type-simple"},"acf":[],"yoast_head":"<!-- This site is optimized with the Yoast SEO Premium plugin v26.0 (Yoast SEO v27.3) - https:\/\/yoast.com\/product\/yoast-seo-premium-wordpress\/ -->\n<title>Knuil Wapachi-Maoris Feld - Produncan<\/title>\n<meta name=\"description\" content=\"Feld in Quenuir von 6,35 ha mit Meerblick, Haus von 81 m\u00b2, Strom, Telefonsignal, flaches Land mit Wiesen und niedrigem einheimischen Wald.\" \/>\n<meta name=\"robots\" content=\"index, follow, max-snippet:-1, max-image-preview:large, max-video-preview:-1\" \/>\n<link rel=\"canonical\" href=\"https:\/\/produncan.cl\/de\/produkt\/knuil-wapachi-maoris-feld\/\" \/>\n<meta property=\"og:locale\" content=\"de_DE\" \/>\n<meta property=\"og:type\" content=\"article\" \/>\n<meta property=\"og:title\" content=\"Knuil Wapachi-Maoris Feld\" \/>\n<meta property=\"og:description\" content=\"Feld in Quenuir von 6,35 ha mit Meerblick, Haus von 81 m\u00b2, Strom, Telefonsignal, flaches Land mit Wiesen und niedrigem einheimischen Wald.\" \/>\n<meta property=\"og:url\" content=\"https:\/\/produncan.cl\/de\/produkt\/knuil-wapachi-maoris-feld\/\" \/>\n<meta property=\"og:site_name\" content=\"Produncan\" \/>\n<meta property=\"article:publisher\" content=\"https:\/\/web.facebook.com\/produncanland\" \/>\n<meta property=\"article:modified_time\" content=\"2025-12-26T20:20:44+00:00\" \/>\n<meta property=\"og:image\" content=\"https:\/\/produncan.cl\/wp-content\/uploads\/2025\/04\/Campo-Huapache.webp\" \/>\n\t<meta property=\"og:image:width\" content=\"800\" \/>\n\t<meta property=\"og:image:height\" content=\"600\" \/>\n\t<meta property=\"og:image:type\" content=\"image\/webp\" \/>\n<meta name=\"twitter:card\" content=\"summary_large_image\" \/>\n<meta name=\"twitter:label1\" content=\"Price\" \/>\n\t<meta name=\"twitter:data1\" content=\"USD141.400,00\" \/>\n\t<meta name=\"twitter:label2\" content=\"Availability\" \/>\n\t<meta name=\"twitter:data2\" content=\"In stock\" \/>\n<script type=\"application\/ld+json\" class=\"yoast-schema-graph\">{\"@context\":\"https:\\\/\\\/schema.org\",\"@graph\":[{\"@type\":\"WebPage\",\"@id\":\"https:\\\/\\\/produncan.cl\\\/de\\\/produkt\\\/knuil-wapachi-maoris-feld\\\/\",\"url\":\"https:\\\/\\\/produncan.cl\\\/de\\\/produkt\\\/knuil-wapachi-maoris-feld\\\/\",\"name\":\"Knuil Wapachi-Maoris Feld - Produncan\",\"isPartOf\":{\"@id\":\"https:\\\/\\\/produncan.cl\\\/de\\\/#website\"},\"primaryImageOfPage\":{\"@id\":\"https:\\\/\\\/produncan.cl\\\/de\\\/produkt\\\/knuil-wapachi-maoris-feld\\\/#primaryimage\"},\"image\":{\"@id\":\"https:\\\/\\\/produncan.cl\\\/de\\\/produkt\\\/knuil-wapachi-maoris-feld\\\/#primaryimage\"},\"thumbnailUrl\":\"https:\\\/\\\/produncan.cl\\\/wp-content\\\/uploads\\\/2025\\\/04\\\/Campo-Huapache.webp\",\"datePublished\":\"2025-04-21T22:35:39+00:00\",\"dateModified\":\"2025-12-26T20:20:44+00:00\",\"description\":\"Feld in Quenuir von 6,35 ha mit Meerblick, Haus von 81 m\u00b2, Strom, Telefonsignal, flaches Land mit Wiesen und niedrigem einheimischen Wald.\",\"breadcrumb\":{\"@id\":\"https:\\\/\\\/produncan.cl\\\/de\\\/produkt\\\/knuil-wapachi-maoris-feld\\\/#breadcrumb\"},\"inLanguage\":\"de-DE\",\"potentialAction\":[{\"@type\":\"ReadAction\",\"target\":[\"https:\\\/\\\/produncan.cl\\\/de\\\/produkt\\\/knuil-wapachi-maoris-feld\\\/\"]}]},{\"@type\":\"ImageObject\",\"inLanguage\":\"de-DE\",\"@id\":\"https:\\\/\\\/produncan.cl\\\/de\\\/produkt\\\/knuil-wapachi-maoris-feld\\\/#primaryimage\",\"url\":\"https:\\\/\\\/produncan.cl\\\/wp-content\\\/uploads\\\/2025\\\/04\\\/Campo-Huapache.webp\",\"contentUrl\":\"https:\\\/\\\/produncan.cl\\\/wp-content\\\/uploads\\\/2025\\\/04\\\/Campo-Huapache.webp\",\"width\":800,\"height\":600,\"caption\":\"In den Warenkorb\"},{\"@type\":\"BreadcrumbList\",\"@id\":\"https:\\\/\\\/produncan.cl\\\/de\\\/produkt\\\/knuil-wapachi-maoris-feld\\\/#breadcrumb\",\"itemListElement\":[{\"@type\":\"ListItem\",\"position\":1,\"name\":\"Inicio\",\"item\":\"https:\\\/\\\/produncan.cl\\\/de\\\/\"},{\"@type\":\"ListItem\",\"position\":2,\"name\":\"Eigenschaften\",\"item\":\"https:\\\/\\\/produncan.cl\\\/propiedades\\\/\"},{\"@type\":\"ListItem\",\"position\":3,\"name\":\"Felder\",\"item\":\"https:\\\/\\\/produncan.cl\\\/de\\\/kategorie\\\/felder\\\/\"},{\"@type\":\"ListItem\",\"position\":4,\"name\":\"Knuil Wapachi-Maoris Feld\"}]},{\"@type\":\"WebSite\",\"@id\":\"https:\\\/\\\/produncan.cl\\\/de\\\/#website\",\"url\":\"https:\\\/\\\/produncan.cl\\\/de\\\/\",\"name\":\"Produncan\",\"description\":\"Wir begleiten Sie bei Ihrem Lebensprojekt!\",\"publisher\":{\"@id\":\"https:\\\/\\\/produncan.cl\\\/de\\\/#organization\"},\"potentialAction\":[{\"@type\":\"SearchAction\",\"target\":{\"@type\":\"EntryPoint\",\"urlTemplate\":\"https:\\\/\\\/produncan.cl\\\/de\\\/?s={search_term_string}\"},\"query-input\":{\"@type\":\"PropertyValueSpecification\",\"valueRequired\":true,\"valueName\":\"search_term_string\"}}],\"inLanguage\":\"de-DE\"},{\"@type\":\"Organization\",\"@id\":\"https:\\\/\\\/produncan.cl\\\/de\\\/#organization\",\"name\":\"Produncan\",\"url\":\"https:\\\/\\\/produncan.cl\\\/de\\\/\",\"logo\":{\"@type\":\"ImageObject\",\"inLanguage\":\"de-DE\",\"@id\":\"https:\\\/\\\/produncan.cl\\\/de\\\/#\\\/schema\\\/logo\\\/image\\\/\",\"url\":\"https:\\\/\\\/produncan.cl\\\/wp-content\\\/uploads\\\/2021\\\/03\\\/LOGO.jpeg\",\"contentUrl\":\"https:\\\/\\\/produncan.cl\\\/wp-content\\\/uploads\\\/2021\\\/03\\\/LOGO.jpeg\",\"width\":1280,\"height\":903,\"caption\":\"Produncan\"},\"image\":{\"@id\":\"https:\\\/\\\/produncan.cl\\\/de\\\/#\\\/schema\\\/logo\\\/image\\\/\"},\"sameAs\":[\"https:\\\/\\\/web.facebook.com\\\/produncanland\",\"https:\\\/\\\/www.instagram.com\\\/pro_duncan\\\/\",\"https:\\\/\\\/www.linkedin.com\\\/company\\\/produncan-lands\\\/\",\"https:\\\/\\\/www.youtube.com\\\/channel\\\/UCu7N-f3x0svkazD-Eew1-QQ\"],\"description\":\"En Produncan somos especialistas en la venta de terrenos en el sur de Chile. Proveemos estancias, campos, parcelas y hoteles.\",\"email\":\"info@produncan.cl\"}]}<\/script>\n<meta property=\"og:video\" content=\"https:\/\/www.youtube.com\/embed\/zgQPJyDtRjI\" \/>\n<meta property=\"og:video:type\" content=\"text\/html\" \/>\n<meta property=\"og:video:duration\" content=\"78\" \/>\n<meta property=\"og:video:width\" content=\"480\" \/>\n<meta property=\"og:video:height\" content=\"270\" \/>\n<meta property=\"ya:ovs:adult\" content=\"false\" \/>\n<meta property=\"ya:ovs:upload_date\" content=\"2025-04-21T22:35:39+00:00\" \/>\n<meta property=\"ya:ovs:allow_embed\" content=\"true\" \/>\n<meta property=\"product:price:amount\" content=\"141400.00\" \/>\n<meta property=\"product:price:currency\" content=\"USD\" \/>\n<meta property=\"og:availability\" content=\"instock\" \/>\n<meta property=\"product:availability\" content=\"instock\" \/>\n<meta property=\"product:condition\" content=\"new\" \/>\n<!-- \/ Yoast SEO Premium plugin. -->","yoast_head_json":{"title":"Knuil Wapachi-Maoris Feld - Produncan","description":"Feld in Quenuir von 6,35 ha mit Meerblick, Haus von 81 m\u00b2, Strom, Telefonsignal, flaches Land mit Wiesen und niedrigem einheimischen Wald.","robots":{"index":"index","follow":"follow","max-snippet":"max-snippet:-1","max-image-preview":"max-image-preview:large","max-video-preview":"max-video-preview:-1"},"canonical":"https:\/\/produncan.cl\/de\/produkt\/knuil-wapachi-maoris-feld\/","og_locale":"de_DE","og_type":"article","og_title":"Knuil Wapachi-Maoris Feld","og_description":"Feld in Quenuir von 6,35 ha mit Meerblick, Haus von 81 m\u00b2, Strom, Telefonsignal, flaches Land mit Wiesen und niedrigem einheimischen Wald.","og_url":"https:\/\/produncan.cl\/de\/produkt\/knuil-wapachi-maoris-feld\/","og_site_name":"Produncan","article_publisher":"https:\/\/web.facebook.com\/produncanland","article_modified_time":"2025-12-26T20:20:44+00:00","og_image":[{"width":800,"height":600,"url":"https:\/\/produncan.cl\/wp-content\/uploads\/2025\/04\/Campo-Huapache.webp","type":"image\/webp"}],"twitter_card":"summary_large_image","twitter_misc":{"Price":"USD141.400,00","Availability":"In stock"},"schema":{"@context":"https:\/\/schema.org","@graph":[{"@type":"WebPage","@id":"https:\/\/produncan.cl\/de\/produkt\/knuil-wapachi-maoris-feld\/","url":"https:\/\/produncan.cl\/de\/produkt\/knuil-wapachi-maoris-feld\/","name":"Knuil Wapachi-Maoris Feld - Produncan","isPartOf":{"@id":"https:\/\/produncan.cl\/de\/#website"},"primaryImageOfPage":{"@id":"https:\/\/produncan.cl\/de\/produkt\/knuil-wapachi-maoris-feld\/#primaryimage"},"image":{"@id":"https:\/\/produncan.cl\/de\/produkt\/knuil-wapachi-maoris-feld\/#primaryimage"},"thumbnailUrl":"https:\/\/produncan.cl\/wp-content\/uploads\/2025\/04\/Campo-Huapache.webp","datePublished":"2025-04-21T22:35:39+00:00","dateModified":"2025-12-26T20:20:44+00:00","description":"Feld in Quenuir von 6,35 ha mit Meerblick, Haus von 81 m\u00b2, Strom, Telefonsignal, flaches Land mit Wiesen und niedrigem einheimischen Wald.","breadcrumb":{"@id":"https:\/\/produncan.cl\/de\/produkt\/knuil-wapachi-maoris-feld\/#breadcrumb"},"inLanguage":"de-DE","potentialAction":[{"@type":"ReadAction","target":["https:\/\/produncan.cl\/de\/produkt\/knuil-wapachi-maoris-feld\/"]}]},{"@type":"ImageObject","inLanguage":"de-DE","@id":"https:\/\/produncan.cl\/de\/produkt\/knuil-wapachi-maoris-feld\/#primaryimage","url":"https:\/\/produncan.cl\/wp-content\/uploads\/2025\/04\/Campo-Huapache.webp","contentUrl":"https:\/\/produncan.cl\/wp-content\/uploads\/2025\/04\/Campo-Huapache.webp","width":800,"height":600,"caption":"In den Warenkorb"},{"@type":"BreadcrumbList","@id":"https:\/\/produncan.cl\/de\/produkt\/knuil-wapachi-maoris-feld\/#breadcrumb","itemListElement":[{"@type":"ListItem","position":1,"name":"Inicio","item":"https:\/\/produncan.cl\/de\/"},{"@type":"ListItem","position":2,"name":"Eigenschaften","item":"https:\/\/produncan.cl\/propiedades\/"},{"@type":"ListItem","position":3,"name":"Felder","item":"https:\/\/produncan.cl\/de\/kategorie\/felder\/"},{"@type":"ListItem","position":4,"name":"Knuil Wapachi-Maoris Feld"}]},{"@type":"WebSite","@id":"https:\/\/produncan.cl\/de\/#website","url":"https:\/\/produncan.cl\/de\/","name":"Produncan","description":"Wir begleiten Sie bei Ihrem Lebensprojekt!","publisher":{"@id":"https:\/\/produncan.cl\/de\/#organization"},"potentialAction":[{"@type":"SearchAction","target":{"@type":"EntryPoint","urlTemplate":"https:\/\/produncan.cl\/de\/?s={search_term_string}"},"query-input":{"@type":"PropertyValueSpecification","valueRequired":true,"valueName":"search_term_string"}}],"inLanguage":"de-DE"},{"@type":"Organization","@id":"https:\/\/produncan.cl\/de\/#organization","name":"Produncan","url":"https:\/\/produncan.cl\/de\/","logo":{"@type":"ImageObject","inLanguage":"de-DE","@id":"https:\/\/produncan.cl\/de\/#\/schema\/logo\/image\/","url":"https:\/\/produncan.cl\/wp-content\/uploads\/2021\/03\/LOGO.jpeg","contentUrl":"https:\/\/produncan.cl\/wp-content\/uploads\/2021\/03\/LOGO.jpeg","width":1280,"height":903,"caption":"Produncan"},"image":{"@id":"https:\/\/produncan.cl\/de\/#\/schema\/logo\/image\/"},"sameAs":["https:\/\/web.facebook.com\/produncanland","https:\/\/www.instagram.com\/pro_duncan\/","https:\/\/www.linkedin.com\/company\/produncan-lands\/","https:\/\/www.youtube.com\/channel\/UCu7N-f3x0svkazD-Eew1-QQ"],"description":"En Produncan somos especialistas en la venta de terrenos en el sur de Chile. Proveemos estancias, campos, parcelas y hoteles.","email":"info@produncan.cl"}]},"og_video":"https:\/\/www.youtube.com\/embed\/zgQPJyDtRjI","og_video_type":"text\/html","og_video_duration":"78","og_video_width":"480","og_video_height":"270","ya_ovs_adult":"false","ya_ovs_upload_date":"2025-04-21T22:35:39+00:00","ya_ovs_allow_embed":"true","product_price_amount":"141400.00","product_price_currency":"USD","og_availability":"instock","product_availability":"instock","product_condition":"new"},"_links":{"self":[{"href":"https:\/\/produncan.cl\/de\/wp-json\/wp\/v2\/product\/40642","targetHints":{"allow":["GET"]}}],"collection":[{"href":"https:\/\/produncan.cl\/de\/wp-json\/wp\/v2\/product"}],"about":[{"href":"https:\/\/produncan.cl\/de\/wp-json\/wp\/v2\/types\/product"}],"version-history":[{"count":1,"href":"https:\/\/produncan.cl\/de\/wp-json\/wp\/v2\/product\/40642\/revisions"}],"predecessor-version":[{"id":52473,"href":"https:\/\/produncan.cl\/de\/wp-json\/wp\/v2\/product\/40642\/revisions\/52473"}],"wp:featuredmedia":[{"embeddable":true,"href":"https:\/\/produncan.cl\/de\/wp-json\/wp\/v2\/media\/40423"}],"wp:attachment":[{"href":"https:\/\/produncan.cl\/de\/wp-json\/wp\/v2\/media?parent=40642"}],"wp:term":[{"taxonomy":"product_brand","embeddable":true,"href":"https:\/\/produncan.cl\/de\/wp-json\/wp\/v2\/product_brand?post=40642"},{"taxonomy":"product_cat","embeddable":true,"href":"https:\/\/produncan.cl\/de\/wp-json\/wp\/v2\/product_cat?post=40642"},{"taxonomy":"product_tag","embeddable":true,"href":"https:\/\/produncan.cl\/de\/wp-json\/wp\/v2\/product_tag?post=40642"},{"taxonomy":"regiones","embeddable":true,"href":"https:\/\/produncan.cl\/de\/wp-json\/wp\/v2\/regiones?post=40642"},{"taxonomy":"ciudades","embeddable":true,"href":"https:\/\/produncan.cl\/de\/wp-json\/wp\/v2\/ciudades?post=40642"}],"curies":[{"name":"wp","href":"https:\/\/api.w.org\/{rel}","templated":true}]}}