{"id":40855,"date":"2025-04-30T01:04:26","date_gmt":"2025-04-30T05:04:26","guid":{"rendered":"https:\/\/produncan.cl\/producto\/feld-in-maullin-rio-astillero-seengebiet\/"},"modified":"2025-12-26T17:20:44","modified_gmt":"2025-12-26T20:20:44","slug":"feld-in-maullin-rio-astillero-seengebiet","status":"publish","type":"product","link":"https:\/\/produncan.cl\/de\/produkt\/feld-in-maullin-rio-astillero-seengebiet\/","title":{"rendered":"Feld in Maull\u00edn &#8211; R\u00edo Astillero &#8211; Seengebiet"},"content":{"rendered":"\t\t<div data-elementor-type=\"product-post\" data-elementor-id=\"40855\" class=\"elementor elementor-40855 elementor-40685\" data-elementor-post-type=\"product\">\n\t\t\t\t<div class=\"elementor-element elementor-element-aaa8f84 e-flex e-con-boxed e-con e-parent\" data-id=\"aaa8f84\" data-element_type=\"container\" data-e-type=\"container\" data-settings=\"{&quot;jet_parallax_layout_list&quot;:[]}\">\n\t\t\t\t\t<div class=\"e-con-inner\">\n\t\t\t\t<div class=\"elementor-element elementor-element-2fd3897 elementor-widget elementor-widget-heading\" data-id=\"2fd3897\" data-element_type=\"widget\" data-e-type=\"widget\" data-widget_type=\"heading.default\">\n\t\t\t\t\t<h2 class=\"elementor-heading-title elementor-size-default\">4,07 Hektar Campito im R\u00edo Astillero - ein Naturjuwel an der K\u00fcste von Maull\u00edn<\/h2>\t\t\t\t<\/div>\n\t\t\t\t\t<\/div>\n\t\t\t\t<\/div>\n\t\t<div class=\"elementor-element elementor-element-9bde2bb e-flex e-con-boxed e-con e-parent\" data-id=\"9bde2bb\" data-element_type=\"container\" data-e-type=\"container\" data-settings=\"{&quot;jet_parallax_layout_list&quot;:[]}\">\n\t\t\t\t\t<div class=\"e-con-inner\">\n\t\t\t\t<div class=\"elementor-element elementor-element-1261e7c elementor-widget elementor-widget-text-editor\" data-id=\"1261e7c\" data-element_type=\"widget\" data-e-type=\"widget\" data-widget_type=\"text-editor.default\">\n\t\t\t\t\t\t\t\t\t<p>Im Sektor A\u00ednco, Gemeinde Maull\u00edn, Region Los Lagos gelegen, ist Campito R\u00edo Astillero ein einzigartiges Grundst\u00fcck von 4,07 Hektar, das eine unvergleichliche nat\u00fcrliche Umgebung bietet, mit 350 Metern direktem Ufer zum Meer und dem Fluss Astillero. Dieser Fluss ist f\u00fcr seine Artenvielfalt bekannt und beherbergt Flamingos, Schw\u00e4ne, F\u00fcchse, Monitos del monte del monte und andere f\u00fcr den S\u00fcden Chiles typische Arten. Das Grundst\u00fcck besteht aus einem sch\u00f6nen Garten und einem umgebenden einheimischen Wald mit Myrte, Maqui, Murta, Haselnuss und Ulmo-B\u00e4umen, die eine perfekte Umgebung f\u00fcr diejenigen schaffen, die Natur und Ruhe sch\u00e4tzen.  <\/p>\n<p>Dieser kleine Campingplatz in Maull\u00edn verf\u00fcgt \u00fcber ein rustikales Haus von 95 m\u00b2, das 2010 aus einheimischen H\u00f6lzern gebaut und mit L\u00e4rchenschindeln gedeckt wurde. Es hat eine offene K\u00fcche mit Holzheizung. Das Haus ist nach Westen ausgerichtet, so dass es den ganzen Tag \u00fcber eine hervorragende Sonneneinstrahlung hat. Trotz seines rustikalen Charakters ist es \u00fcber das Crell-Netz an das Stromnetz und an das l\u00e4ndliche Trinkwasser (APR) angeschlossen. Das Grundst\u00fcck wird landwirtschaftlich genutzt, und es besteht ein Verbot der Nutzungs\u00e4nderung, wodurch die Erhaltung der Umwelt gew\u00e4hrleistet ist. Das Grundst\u00fcck zahlt keine Steuern und ist \u00fcber eine Schotterstra\u00dfe in gutem Zustand erreichbar, die nur drei Kilometer von der Asphaltstra\u00dfe entfernt ist.     <\/p>\n<p>Von El Campito aus kann der Flughafen El Tepual in Puerto Montt in nur 50 Minuten erreicht werden. In der N\u00e4he befinden sich auch St\u00e4dte wie Pargua (9 km) und Carelmapu (10 km), und in 3 km Entfernung gibt es einen Telefonanschluss und Zugang zu \u00f6ffentlichen Verkehrsmitteln. Diese privilegierte Lage sowie die nat\u00fcrliche und landschaftliche Vielfalt machen es zu einer idealen Option f\u00fcr diejenigen, die einen Zufluchtsort in der Natur suchen, sowie f\u00fcr nachhaltige Tourismusprojekte oder Familienwohnsitze.  <\/p>\n<p>Mit einer Preisvorstellung von 400.000.000 $ stellt Campito R\u00edo Astillero eine hervorragende Gelegenheit dar, ein Strandgrundst\u00fcck in einer der unber\u00fchrtesten Gegenden im S\u00fcden Chiles zu erwerben. Eine Immobilie, die ein Leben in Kontakt mit dem Land, dem Meer und dem Wald bietet, in einer gesch\u00fctzten Umgebung mit einem \u00f6kologischen Reichtum, der schwer zu \u00fcbertreffen ist. <\/p>\t\t\t\t\t\t\t\t<\/div>\n\t\t\t\t\t<\/div>\n\t\t\t\t<\/div>\n\t\t\t\t<\/div>\n\t\t","protected":false},"excerpt":{"rendered":"<p>4,07 Hektar mit 350 Metern Meeresufer in Rio Astillero. Auf 50 Minuten vom Flughafen entfernt, meist asphaltierten Zugang. Es hat eine 95 m\u00b2 Haus, Strom, l\u00e4ndliche Trinkwasser (APR), gutes Signal und die N\u00e4he zu Pargua und Carelmapu.  <\/p>\n","protected":false},"featured_media":40690,"template":"","meta":{"_acf_changed":false},"product_brand":[],"product_cat":[104],"product_tag":[232,231],"regiones":[226],"ciudades":[446,457],"class_list":{"0":"post-40855","1":"product","2":"type-product","3":"status-publish","4":"has-post-thumbnail","6":"product_cat-ohiggins-los-lagos","7":"product_tag-grundstuecke","8":"product_tag-touristische-immobilien","9":"regiones-nuble-los_lagos","10":"ciudades-carelmapu","11":"ciudades-maullin","13":"first","14":"instock","15":"sold-individually","16":"shipping-taxable","17":"purchasable","18":"product-type-simple"},"acf":[],"yoast_head":"<!-- This site is optimized with the Yoast SEO Premium plugin v26.0 (Yoast SEO v27.3) - https:\/\/yoast.com\/product\/yoast-seo-premium-wordpress\/ -->\n<title>Feld in Maull\u00edn - R\u00edo Astillero - Seengebiet - Produncan<\/title>\n<meta name=\"description\" content=\"Kleiner Campingplatz von 4,07 ha mit 350 m Meeresufer in Rio Astillero. Haus 95 m\u00b2, APR, Strom, gutes Signal und 50 Minuten vom Flughafen entfernt, in der N\u00e4he von Pargua.\" \/>\n<meta name=\"robots\" content=\"index, follow, max-snippet:-1, max-image-preview:large, max-video-preview:-1\" \/>\n<link rel=\"canonical\" href=\"https:\/\/produncan.cl\/de\/produkt\/feld-in-maullin-rio-astillero-seengebiet\/\" \/>\n<meta property=\"og:locale\" content=\"de_DE\" \/>\n<meta property=\"og:type\" content=\"article\" \/>\n<meta property=\"og:title\" content=\"Feld in Maull\u00edn - R\u00edo Astillero - Seengebiet\" \/>\n<meta property=\"og:description\" content=\"Kleiner Campingplatz von 4,07 ha mit 350 m Meeresufer in Rio Astillero. Haus 95 m\u00b2, APR, Strom, gutes Signal und 50 Minuten vom Flughafen entfernt, in der N\u00e4he von Pargua.\" \/>\n<meta property=\"og:url\" content=\"https:\/\/produncan.cl\/de\/produkt\/feld-in-maullin-rio-astillero-seengebiet\/\" \/>\n<meta property=\"og:site_name\" content=\"Produncan\" \/>\n<meta property=\"article:publisher\" content=\"https:\/\/web.facebook.com\/produncanland\" \/>\n<meta property=\"article:modified_time\" content=\"2025-12-26T20:20:44+00:00\" \/>\n<meta property=\"og:image\" content=\"https:\/\/produncan.cl\/wp-content\/uploads\/2025\/04\/Campo-en-venta-en-Maullin-Rio-Astillero.webp\" \/>\n\t<meta property=\"og:image:width\" content=\"800\" \/>\n\t<meta property=\"og:image:height\" content=\"600\" \/>\n\t<meta property=\"og:image:type\" content=\"image\/webp\" \/>\n<meta name=\"twitter:card\" content=\"summary_large_image\" \/>\n<meta name=\"twitter:label1\" content=\"Price\" \/>\n\t<meta name=\"twitter:data1\" content=\"USD434.800,00\" \/>\n\t<meta name=\"twitter:label2\" content=\"Availability\" \/>\n\t<meta name=\"twitter:data2\" content=\"In stock\" \/>\n<script type=\"application\/ld+json\" class=\"yoast-schema-graph\">{\"@context\":\"https:\\\/\\\/schema.org\",\"@graph\":[{\"@type\":\"WebPage\",\"@id\":\"https:\\\/\\\/produncan.cl\\\/de\\\/produkt\\\/feld-in-maullin-rio-astillero-seengebiet\\\/\",\"url\":\"https:\\\/\\\/produncan.cl\\\/de\\\/produkt\\\/feld-in-maullin-rio-astillero-seengebiet\\\/\",\"name\":\"Feld in Maull\u00edn - R\u00edo Astillero - Seengebiet - Produncan\",\"isPartOf\":{\"@id\":\"https:\\\/\\\/produncan.cl\\\/de\\\/#website\"},\"primaryImageOfPage\":{\"@id\":\"https:\\\/\\\/produncan.cl\\\/de\\\/produkt\\\/feld-in-maullin-rio-astillero-seengebiet\\\/#primaryimage\"},\"image\":{\"@id\":\"https:\\\/\\\/produncan.cl\\\/de\\\/produkt\\\/feld-in-maullin-rio-astillero-seengebiet\\\/#primaryimage\"},\"thumbnailUrl\":\"https:\\\/\\\/produncan.cl\\\/wp-content\\\/uploads\\\/2025\\\/04\\\/Campo-en-venta-en-Maullin-Rio-Astillero.webp\",\"datePublished\":\"2025-04-30T05:04:26+00:00\",\"dateModified\":\"2025-12-26T20:20:44+00:00\",\"description\":\"Kleiner Campingplatz von 4,07 ha mit 350 m Meeresufer in Rio Astillero. Haus 95 m\u00b2, APR, Strom, gutes Signal und 50 Minuten vom Flughafen entfernt, in der N\u00e4he von Pargua.\",\"breadcrumb\":{\"@id\":\"https:\\\/\\\/produncan.cl\\\/de\\\/produkt\\\/feld-in-maullin-rio-astillero-seengebiet\\\/#breadcrumb\"},\"inLanguage\":\"de-DE\",\"potentialAction\":[{\"@type\":\"ReadAction\",\"target\":[\"https:\\\/\\\/produncan.cl\\\/de\\\/produkt\\\/feld-in-maullin-rio-astillero-seengebiet\\\/\"]}]},{\"@type\":\"ImageObject\",\"inLanguage\":\"de-DE\",\"@id\":\"https:\\\/\\\/produncan.cl\\\/de\\\/produkt\\\/feld-in-maullin-rio-astillero-seengebiet\\\/#primaryimage\",\"url\":\"https:\\\/\\\/produncan.cl\\\/wp-content\\\/uploads\\\/2025\\\/04\\\/Campo-en-venta-en-Maullin-Rio-Astillero.webp\",\"contentUrl\":\"https:\\\/\\\/produncan.cl\\\/wp-content\\\/uploads\\\/2025\\\/04\\\/Campo-en-venta-en-Maullin-Rio-Astillero.webp\",\"width\":800,\"height\":600,\"caption\":\"Feld zum Verkauf in Maullin River Shipyard\"},{\"@type\":\"BreadcrumbList\",\"@id\":\"https:\\\/\\\/produncan.cl\\\/de\\\/produkt\\\/feld-in-maullin-rio-astillero-seengebiet\\\/#breadcrumb\",\"itemListElement\":[{\"@type\":\"ListItem\",\"position\":1,\"name\":\"Inicio\",\"item\":\"https:\\\/\\\/produncan.cl\\\/de\\\/\"},{\"@type\":\"ListItem\",\"position\":2,\"name\":\"Eigenschaften\",\"item\":\"https:\\\/\\\/produncan.cl\\\/propiedades\\\/\"},{\"@type\":\"ListItem\",\"position\":3,\"name\":\"Grundst\u00fccke\",\"item\":\"https:\\\/\\\/produncan.cl\\\/de\\\/kategorie\\\/grundstuecke\\\/\"},{\"@type\":\"ListItem\",\"position\":4,\"name\":\"Feld in Maull\u00edn &#8211; R\u00edo Astillero &#8211; Seengebiet\"}]},{\"@type\":\"WebSite\",\"@id\":\"https:\\\/\\\/produncan.cl\\\/de\\\/#website\",\"url\":\"https:\\\/\\\/produncan.cl\\\/de\\\/\",\"name\":\"Produncan\",\"description\":\"Wir begleiten Sie bei Ihrem Lebensprojekt!\",\"publisher\":{\"@id\":\"https:\\\/\\\/produncan.cl\\\/de\\\/#organization\"},\"potentialAction\":[{\"@type\":\"SearchAction\",\"target\":{\"@type\":\"EntryPoint\",\"urlTemplate\":\"https:\\\/\\\/produncan.cl\\\/de\\\/?s={search_term_string}\"},\"query-input\":{\"@type\":\"PropertyValueSpecification\",\"valueRequired\":true,\"valueName\":\"search_term_string\"}}],\"inLanguage\":\"de-DE\"},{\"@type\":\"Organization\",\"@id\":\"https:\\\/\\\/produncan.cl\\\/de\\\/#organization\",\"name\":\"Produncan\",\"url\":\"https:\\\/\\\/produncan.cl\\\/de\\\/\",\"logo\":{\"@type\":\"ImageObject\",\"inLanguage\":\"de-DE\",\"@id\":\"https:\\\/\\\/produncan.cl\\\/de\\\/#\\\/schema\\\/logo\\\/image\\\/\",\"url\":\"https:\\\/\\\/produncan.cl\\\/wp-content\\\/uploads\\\/2021\\\/03\\\/LOGO.jpeg\",\"contentUrl\":\"https:\\\/\\\/produncan.cl\\\/wp-content\\\/uploads\\\/2021\\\/03\\\/LOGO.jpeg\",\"width\":1280,\"height\":903,\"caption\":\"Produncan\"},\"image\":{\"@id\":\"https:\\\/\\\/produncan.cl\\\/de\\\/#\\\/schema\\\/logo\\\/image\\\/\"},\"sameAs\":[\"https:\\\/\\\/web.facebook.com\\\/produncanland\",\"https:\\\/\\\/www.instagram.com\\\/pro_duncan\\\/\",\"https:\\\/\\\/www.linkedin.com\\\/company\\\/produncan-lands\\\/\",\"https:\\\/\\\/www.youtube.com\\\/channel\\\/UCu7N-f3x0svkazD-Eew1-QQ\"],\"description\":\"En Produncan somos especialistas en la venta de terrenos en el sur de Chile. Proveemos estancias, campos, parcelas y hoteles.\",\"email\":\"info@produncan.cl\"}]}<\/script>\n<meta property=\"og:video\" content=\"https:\/\/www.youtube.com\/embed\/O7OcqNMYbvo\" \/>\n<meta property=\"og:video:type\" content=\"text\/html\" \/>\n<meta property=\"og:video:duration\" content=\"64\" \/>\n<meta property=\"og:video:width\" content=\"480\" \/>\n<meta property=\"og:video:height\" content=\"270\" \/>\n<meta property=\"ya:ovs:adult\" content=\"false\" \/>\n<meta property=\"ya:ovs:upload_date\" content=\"2025-04-30T05:04:26+00:00\" \/>\n<meta property=\"ya:ovs:allow_embed\" content=\"true\" \/>\n<meta property=\"product:price:amount\" content=\"434800.00\" \/>\n<meta property=\"product:price:currency\" content=\"USD\" \/>\n<meta property=\"og:availability\" content=\"instock\" \/>\n<meta property=\"product:availability\" content=\"instock\" \/>\n<meta property=\"product:condition\" content=\"new\" \/>\n<!-- \/ Yoast SEO Premium plugin. -->","yoast_head_json":{"title":"Feld in Maull\u00edn - R\u00edo Astillero - Seengebiet - Produncan","description":"Kleiner Campingplatz von 4,07 ha mit 350 m Meeresufer in Rio Astillero. Haus 95 m\u00b2, APR, Strom, gutes Signal und 50 Minuten vom Flughafen entfernt, in der N\u00e4he von Pargua.","robots":{"index":"index","follow":"follow","max-snippet":"max-snippet:-1","max-image-preview":"max-image-preview:large","max-video-preview":"max-video-preview:-1"},"canonical":"https:\/\/produncan.cl\/de\/produkt\/feld-in-maullin-rio-astillero-seengebiet\/","og_locale":"de_DE","og_type":"article","og_title":"Feld in Maull\u00edn - R\u00edo Astillero - Seengebiet","og_description":"Kleiner Campingplatz von 4,07 ha mit 350 m Meeresufer in Rio Astillero. Haus 95 m\u00b2, APR, Strom, gutes Signal und 50 Minuten vom Flughafen entfernt, in der N\u00e4he von Pargua.","og_url":"https:\/\/produncan.cl\/de\/produkt\/feld-in-maullin-rio-astillero-seengebiet\/","og_site_name":"Produncan","article_publisher":"https:\/\/web.facebook.com\/produncanland","article_modified_time":"2025-12-26T20:20:44+00:00","og_image":[{"width":800,"height":600,"url":"https:\/\/produncan.cl\/wp-content\/uploads\/2025\/04\/Campo-en-venta-en-Maullin-Rio-Astillero.webp","type":"image\/webp"}],"twitter_card":"summary_large_image","twitter_misc":{"Price":"USD434.800,00","Availability":"In stock"},"schema":{"@context":"https:\/\/schema.org","@graph":[{"@type":"WebPage","@id":"https:\/\/produncan.cl\/de\/produkt\/feld-in-maullin-rio-astillero-seengebiet\/","url":"https:\/\/produncan.cl\/de\/produkt\/feld-in-maullin-rio-astillero-seengebiet\/","name":"Feld in Maull\u00edn - R\u00edo Astillero - Seengebiet - Produncan","isPartOf":{"@id":"https:\/\/produncan.cl\/de\/#website"},"primaryImageOfPage":{"@id":"https:\/\/produncan.cl\/de\/produkt\/feld-in-maullin-rio-astillero-seengebiet\/#primaryimage"},"image":{"@id":"https:\/\/produncan.cl\/de\/produkt\/feld-in-maullin-rio-astillero-seengebiet\/#primaryimage"},"thumbnailUrl":"https:\/\/produncan.cl\/wp-content\/uploads\/2025\/04\/Campo-en-venta-en-Maullin-Rio-Astillero.webp","datePublished":"2025-04-30T05:04:26+00:00","dateModified":"2025-12-26T20:20:44+00:00","description":"Kleiner Campingplatz von 4,07 ha mit 350 m Meeresufer in Rio Astillero. Haus 95 m\u00b2, APR, Strom, gutes Signal und 50 Minuten vom Flughafen entfernt, in der N\u00e4he von Pargua.","breadcrumb":{"@id":"https:\/\/produncan.cl\/de\/produkt\/feld-in-maullin-rio-astillero-seengebiet\/#breadcrumb"},"inLanguage":"de-DE","potentialAction":[{"@type":"ReadAction","target":["https:\/\/produncan.cl\/de\/produkt\/feld-in-maullin-rio-astillero-seengebiet\/"]}]},{"@type":"ImageObject","inLanguage":"de-DE","@id":"https:\/\/produncan.cl\/de\/produkt\/feld-in-maullin-rio-astillero-seengebiet\/#primaryimage","url":"https:\/\/produncan.cl\/wp-content\/uploads\/2025\/04\/Campo-en-venta-en-Maullin-Rio-Astillero.webp","contentUrl":"https:\/\/produncan.cl\/wp-content\/uploads\/2025\/04\/Campo-en-venta-en-Maullin-Rio-Astillero.webp","width":800,"height":600,"caption":"Feld zum Verkauf in Maullin River Shipyard"},{"@type":"BreadcrumbList","@id":"https:\/\/produncan.cl\/de\/produkt\/feld-in-maullin-rio-astillero-seengebiet\/#breadcrumb","itemListElement":[{"@type":"ListItem","position":1,"name":"Inicio","item":"https:\/\/produncan.cl\/de\/"},{"@type":"ListItem","position":2,"name":"Eigenschaften","item":"https:\/\/produncan.cl\/propiedades\/"},{"@type":"ListItem","position":3,"name":"Grundst\u00fccke","item":"https:\/\/produncan.cl\/de\/kategorie\/grundstuecke\/"},{"@type":"ListItem","position":4,"name":"Feld in Maull\u00edn &#8211; R\u00edo Astillero &#8211; Seengebiet"}]},{"@type":"WebSite","@id":"https:\/\/produncan.cl\/de\/#website","url":"https:\/\/produncan.cl\/de\/","name":"Produncan","description":"Wir begleiten Sie bei Ihrem Lebensprojekt!","publisher":{"@id":"https:\/\/produncan.cl\/de\/#organization"},"potentialAction":[{"@type":"SearchAction","target":{"@type":"EntryPoint","urlTemplate":"https:\/\/produncan.cl\/de\/?s={search_term_string}"},"query-input":{"@type":"PropertyValueSpecification","valueRequired":true,"valueName":"search_term_string"}}],"inLanguage":"de-DE"},{"@type":"Organization","@id":"https:\/\/produncan.cl\/de\/#organization","name":"Produncan","url":"https:\/\/produncan.cl\/de\/","logo":{"@type":"ImageObject","inLanguage":"de-DE","@id":"https:\/\/produncan.cl\/de\/#\/schema\/logo\/image\/","url":"https:\/\/produncan.cl\/wp-content\/uploads\/2021\/03\/LOGO.jpeg","contentUrl":"https:\/\/produncan.cl\/wp-content\/uploads\/2021\/03\/LOGO.jpeg","width":1280,"height":903,"caption":"Produncan"},"image":{"@id":"https:\/\/produncan.cl\/de\/#\/schema\/logo\/image\/"},"sameAs":["https:\/\/web.facebook.com\/produncanland","https:\/\/www.instagram.com\/pro_duncan\/","https:\/\/www.linkedin.com\/company\/produncan-lands\/","https:\/\/www.youtube.com\/channel\/UCu7N-f3x0svkazD-Eew1-QQ"],"description":"En Produncan somos especialistas en la venta de terrenos en el sur de Chile. Proveemos estancias, campos, parcelas y hoteles.","email":"info@produncan.cl"}]},"og_video":"https:\/\/www.youtube.com\/embed\/O7OcqNMYbvo","og_video_type":"text\/html","og_video_duration":"64","og_video_width":"480","og_video_height":"270","ya_ovs_adult":"false","ya_ovs_upload_date":"2025-04-30T05:04:26+00:00","ya_ovs_allow_embed":"true","product_price_amount":"434800.00","product_price_currency":"USD","og_availability":"instock","product_availability":"instock","product_condition":"new"},"_links":{"self":[{"href":"https:\/\/produncan.cl\/de\/wp-json\/wp\/v2\/product\/40855","targetHints":{"allow":["GET"]}}],"collection":[{"href":"https:\/\/produncan.cl\/de\/wp-json\/wp\/v2\/product"}],"about":[{"href":"https:\/\/produncan.cl\/de\/wp-json\/wp\/v2\/types\/product"}],"version-history":[{"count":2,"href":"https:\/\/produncan.cl\/de\/wp-json\/wp\/v2\/product\/40855\/revisions"}],"predecessor-version":[{"id":54160,"href":"https:\/\/produncan.cl\/de\/wp-json\/wp\/v2\/product\/40855\/revisions\/54160"}],"wp:featuredmedia":[{"embeddable":true,"href":"https:\/\/produncan.cl\/de\/wp-json\/wp\/v2\/media\/40690"}],"wp:attachment":[{"href":"https:\/\/produncan.cl\/de\/wp-json\/wp\/v2\/media?parent=40855"}],"wp:term":[{"taxonomy":"product_brand","embeddable":true,"href":"https:\/\/produncan.cl\/de\/wp-json\/wp\/v2\/product_brand?post=40855"},{"taxonomy":"product_cat","embeddable":true,"href":"https:\/\/produncan.cl\/de\/wp-json\/wp\/v2\/product_cat?post=40855"},{"taxonomy":"product_tag","embeddable":true,"href":"https:\/\/produncan.cl\/de\/wp-json\/wp\/v2\/product_tag?post=40855"},{"taxonomy":"regiones","embeddable":true,"href":"https:\/\/produncan.cl\/de\/wp-json\/wp\/v2\/regiones?post=40855"},{"taxonomy":"ciudades","embeddable":true,"href":"https:\/\/produncan.cl\/de\/wp-json\/wp\/v2\/ciudades?post=40855"}],"curies":[{"name":"wp","href":"https:\/\/api.w.org\/{rel}","templated":true}]}}