{"id":40940,"date":"2025-05-16T17:22:08","date_gmt":"2025-05-16T21:22:08","guid":{"rendered":"https:\/\/produncan.cl\/producto\/landleben-in-puerto-aysen-laguna-los-palos-region-aysen\/"},"modified":"2025-12-26T17:20:45","modified_gmt":"2025-12-26T20:20:45","slug":"landleben-in-puerto-aysen-laguna-los-palos-region-aysen","status":"publish","type":"product","link":"https:\/\/produncan.cl\/de\/produkt\/landleben-in-puerto-aysen-laguna-los-palos-region-aysen\/","title":{"rendered":"Landleben in Puerto Ays\u00e9n &#8211; Laguna Los Palos &#8211; Region Ays\u00e9n"},"content":{"rendered":"\t\t<div data-elementor-type=\"product-post\" data-elementor-id=\"40940\" class=\"elementor elementor-40940 elementor-40861\" data-elementor-post-type=\"product\">\n\t\t\t\t<div class=\"elementor-element elementor-element-f357e2c e-flex e-con-boxed e-con e-parent\" data-id=\"f357e2c\" data-element_type=\"container\" data-e-type=\"container\" data-settings=\"{&quot;jet_parallax_layout_list&quot;:[]}\">\n\t\t\t\t\t<div class=\"e-con-inner\">\n\t\t\t\t<div class=\"elementor-element elementor-element-69f5427 elementor-widget elementor-widget-heading\" data-id=\"69f5427\" data-element_type=\"widget\" data-e-type=\"widget\" data-widget_type=\"heading.default\">\n\t\t\t\t\t<h2 class=\"elementor-heading-title elementor-size-default\">Ein 390,6 Hektar gro\u00dfes Naturparadies mit enormem Tourismus- und Naturschutzpotenzial\nin Puerto Ays\u00e9n \n<\/h2>\t\t\t\t<\/div>\n\t\t\t\t\t<\/div>\n\t\t\t\t<\/div>\n\t\t<div class=\"elementor-element elementor-element-7d76716 e-flex e-con-boxed e-con e-parent\" data-id=\"7d76716\" data-element_type=\"container\" data-e-type=\"container\" data-settings=\"{&quot;jet_parallax_layout_list&quot;:[]}\">\n\t\t\t\t\t<div class=\"e-con-inner\">\n\t\t\t\t<div class=\"elementor-element elementor-element-a87864e elementor-widget elementor-widget-text-editor\" data-id=\"a87864e\" data-element_type=\"widget\" data-e-type=\"widget\" data-widget_type=\"text-editor.default\">\n\t\t\t\t\t\t\t\t\t<p>Das nur 17 Minuten von Puerto Ays\u00e9n entfernte Campo Laguna Los Palos ist eine einzigartige Gelegenheit f\u00fcr alle, die ein Tourismus-, Viehzucht- oder Naturschutzprojekt in einer der spektakul\u00e4rsten Naturlandschaften des chilenischen Patagoniens entwickeln m\u00f6chten. Das 390 Hektar gro\u00dfe Grundst\u00fcck vereint landschaftliche Sch\u00f6nheit, hervorragende Verkehrsanbindung und hohen Produktionswert. <\/p>\n<p>Das Landgut Puerto Ays\u00e9n, Laguna Los Palos, bietet eine Vielfalt an Landschaften, darunter \u00fcberwiegend flache Gebiete, mittlere H\u00e4nge, 400 Meter Ufer der Laguna Los Palos und etwa 700 Meter des Flusses Pangal, die alle nach Norden ausgerichtet sind, was eine hervorragende Sonneneinstrahlung und privilegierte Aussichten garantiert. Das Land wird f\u00fcr die Pferdezucht, Kajakfahren, Trekking und Fliegenfischen genutzt, was seine Vielseitigkeit sowohl f\u00fcr die Freizeitgestaltung als auch f\u00fcr produktive Aktivit\u00e4ten best\u00e4tigt. <\/p>\n<p>Der Besitz umfasst ca. 140 Hektar Urwald an Bergh\u00e4ngen mit Panoramablick, ca. 50 Hektar Wiesen und der Rest ist hochwertiges Futtergr\u00fcnland, das sich ideal f\u00fcr die strategische Umtriebsweide eignet. Diese Vielfalt an B\u00f6den erm\u00f6glicht es, die trockeneren Gebiete im Winter zu nutzen und die Wiesen im Sommer zu nutzen, wodurch es sich besonders f\u00fcr kleine und mittlere Erzeuger eignet, die Nachhaltigkeit und klimatische Anpassungsf\u00e4higkeit suchen. <\/p>\n<p>Es gibt bereits funktionale Bauten, wie ein bewohnbares Landhaus von 60 m\u00b2 und einen Schuppen von 70 m\u00b2. Das Grundst\u00fcck verf\u00fcgt \u00fcber ein eigenes Grundbuch, eine Umz\u00e4unung, eine Wasserversorgung (mit einem laufenden Projekt und einem provisorischen Zugang von der Lagune und den Flussm\u00fcndungen aus) und eine Stromversorgung, wobei der letzte Mast nur 300 Meter entfernt ist und die Kabel den Fluss \u00fcberqueren. Obwohl noch 1,5 Kilometer Stra\u00dfe gebaut werden m\u00fcssen, um das Lager direkt zu erreichen &#8211; wobei f\u00fcnf B\u00e4che zu \u00fcberqueren sind -, kann es derzeit \u00fcber den Pangal-Fluss erreicht werden.  <\/p>\n<p>Die Lage ist strategisch g\u00fcnstig. Das Feld geh\u00f6rt zur Gemeinde Puerto Ays\u00e9n, in der Region Ays\u00e9n del General Carlos Ib\u00e1\u00f1ez del Campo. Die \u00f6ffentliche Stra\u00dfe zur Boots\u00fcberfahrt ist geschottert und in ausgezeichnetem Zustand. Der Flughafen Balmaceda ist \u00fcber die Route 240 und die Carretera Austral in nur zwei Stunden zu erreichen. Puerto Ays\u00e9n entwickelt sich dank seiner N\u00e4he zu Coyhaique, seiner Anbindung an Puerto Chacabuco und seiner N\u00e4he zu interessanten Gebieten wie der Lagune von San Rafael und den s\u00fcdlichen Fjorden zu einem der vielversprechendsten Reiseziele in Patagonien.   <\/p>\n<p>Was die Artenvielfalt betrifft, so beherbergt die Landschaft einheimische Arten wie Coig\u00fces, Zypressen, Myrten, Schwarzdorn und Calafate. Die Fauna umfasst eine gro\u00dfe Vielfalt an V\u00f6geln &#8211; wie Enten, Bandurrias, Drosseln und Turmfalken &#8211; sowie Sichtungen von Pumas, Huemules und Fario und Regenbogenforellen in der Lagune. <\/p>\n<p>El Campo in Puerto Ays\u00e9n, Laguna Los Palos ist nicht einfach eine Immobilieninvestition, sondern die Gelegenheit, ein einzigartiges und nachhaltiges Projekt in einer der urspr\u00fcnglichsten Umgebungen mit dem gr\u00f6\u00dften Wachstumspotenzial im S\u00fcden Chiles zu entwickeln.<\/p>\n<p>Wir sind gerne bereit, Ihnen weitere Informationen, Pl\u00e4ne und Bilder zukommen zu lassen oder einen Besuch zu arrangieren. Dies ist eine einzigartige Gelegenheit im chilenischen Patagonien. <\/p>\n\t\t\t\t\t\t\t\t<\/div>\n\t\t\t\t\t<\/div>\n\t\t\t\t<\/div>\n\t\t\t\t<\/div>\n\t\t","protected":false},"excerpt":{"rendered":"<p>Land in Puerto Ays\u00e9n, mit 400 Metern Ufer am See und 700 Metern Ufer am Fluss. Mit Haus, Weinkeller, gr\u00f6\u00dftenteils offenen Wiesen und Auen und H\u00fcgel mit einheimischem Wald und spektakul\u00e4ren Aussichten. Ideal f\u00fcr Rotationsweidewirtschaft.  <\/p>\n","protected":false},"featured_media":40866,"template":"","meta":{"_acf_changed":false},"product_brand":[],"product_cat":[116],"product_tag":[235,231],"regiones":[225],"ciudades":[448],"class_list":{"0":"post-40940","1":"product","2":"type-product","3":"status-publish","4":"has-post-thumbnail","6":"product_cat-aysen-magallanes-de","7":"product_tag-felder","8":"product_tag-touristische-immobilien","9":"regiones-aysen-magallanes","10":"ciudades-puerto-aysen","12":"first","13":"instock","14":"sold-individually","15":"shipping-taxable","16":"purchasable","17":"product-type-simple"},"acf":[],"yoast_head":"<!-- This site is optimized with the Yoast SEO Premium plugin v26.0 (Yoast SEO v27.3) - https:\/\/yoast.com\/product\/yoast-seo-premium-wordpress\/ -->\n<title>Landleben in Puerto Ays\u00e9n - Laguna Los Palos - Region Ays\u00e9n - Produncan<\/title>\n<meta name=\"description\" content=\"Bauernhof in Puerto Ays\u00e9n, Laguna Los Palos: 391 ha mit 400 m See und 700 m Fluss. Wiesen, Weiden und H\u00fcgel mit einheimischem Wald, ideal f\u00fcr Rotationsweiden.\" \/>\n<meta name=\"robots\" content=\"index, follow, max-snippet:-1, max-image-preview:large, max-video-preview:-1\" \/>\n<link rel=\"canonical\" href=\"https:\/\/produncan.cl\/de\/produkt\/landleben-in-puerto-aysen-laguna-los-palos-region-aysen\/\" \/>\n<meta property=\"og:locale\" content=\"de_DE\" \/>\n<meta property=\"og:type\" content=\"article\" \/>\n<meta property=\"og:title\" content=\"Landleben in Puerto Ays\u00e9n - Laguna Los Palos - Region Ays\u00e9n\" \/>\n<meta property=\"og:description\" content=\"Bauernhof in Puerto Ays\u00e9n, Laguna Los Palos: 391 ha mit 400 m See und 700 m Fluss. Wiesen, Weiden und H\u00fcgel mit einheimischem Wald, ideal f\u00fcr Rotationsweiden.\" \/>\n<meta property=\"og:url\" content=\"https:\/\/produncan.cl\/de\/produkt\/landleben-in-puerto-aysen-laguna-los-palos-region-aysen\/\" \/>\n<meta property=\"og:site_name\" content=\"Produncan\" \/>\n<meta property=\"article:publisher\" content=\"https:\/\/web.facebook.com\/produncanland\" \/>\n<meta property=\"article:modified_time\" content=\"2025-12-26T20:20:45+00:00\" \/>\n<meta property=\"og:image\" content=\"https:\/\/produncan.cl\/wp-content\/uploads\/2025\/05\/Campo-Laguna-Los-Palos-Puerto-Aysen.webp\" \/>\n<meta name=\"twitter:card\" content=\"summary_large_image\" \/>\n<meta name=\"twitter:label1\" content=\"Price\" \/>\n\t<meta name=\"twitter:data1\" content=\"USD1.273.800,00\" \/>\n\t<meta name=\"twitter:label2\" content=\"Availability\" \/>\n\t<meta name=\"twitter:data2\" content=\"In stock\" \/>\n<script type=\"application\/ld+json\" class=\"yoast-schema-graph\">{\"@context\":\"https:\\\/\\\/schema.org\",\"@graph\":[{\"@type\":\"WebPage\",\"@id\":\"https:\\\/\\\/produncan.cl\\\/de\\\/produkt\\\/landleben-in-puerto-aysen-laguna-los-palos-region-aysen\\\/\",\"url\":\"https:\\\/\\\/produncan.cl\\\/de\\\/produkt\\\/landleben-in-puerto-aysen-laguna-los-palos-region-aysen\\\/\",\"name\":\"Landleben in Puerto Ays\u00e9n - Laguna Los Palos - Region Ays\u00e9n - Produncan\",\"isPartOf\":{\"@id\":\"https:\\\/\\\/produncan.cl\\\/de\\\/#website\"},\"primaryImageOfPage\":{\"@id\":\"https:\\\/\\\/produncan.cl\\\/de\\\/produkt\\\/landleben-in-puerto-aysen-laguna-los-palos-region-aysen\\\/#primaryimage\"},\"image\":{\"@id\":\"https:\\\/\\\/produncan.cl\\\/de\\\/produkt\\\/landleben-in-puerto-aysen-laguna-los-palos-region-aysen\\\/#primaryimage\"},\"thumbnailUrl\":\"https:\\\/\\\/produncan.cl\\\/wp-content\\\/uploads\\\/2025\\\/05\\\/Campo-Laguna-Los-Palos-Puerto-Aysen.webp\",\"datePublished\":\"2025-05-16T21:22:08+00:00\",\"dateModified\":\"2025-12-26T20:20:45+00:00\",\"description\":\"Bauernhof in Puerto Ays\u00e9n, Laguna Los Palos: 391 ha mit 400 m See und 700 m Fluss. Wiesen, Weiden und H\u00fcgel mit einheimischem Wald, ideal f\u00fcr Rotationsweiden.\",\"breadcrumb\":{\"@id\":\"https:\\\/\\\/produncan.cl\\\/de\\\/produkt\\\/landleben-in-puerto-aysen-laguna-los-palos-region-aysen\\\/#breadcrumb\"},\"inLanguage\":\"de-DE\",\"potentialAction\":[{\"@type\":\"ReadAction\",\"target\":[\"https:\\\/\\\/produncan.cl\\\/de\\\/produkt\\\/landleben-in-puerto-aysen-laguna-los-palos-region-aysen\\\/\"]}]},{\"@type\":\"ImageObject\",\"inLanguage\":\"de-DE\",\"@id\":\"https:\\\/\\\/produncan.cl\\\/de\\\/produkt\\\/landleben-in-puerto-aysen-laguna-los-palos-region-aysen\\\/#primaryimage\",\"url\":\"https:\\\/\\\/produncan.cl\\\/wp-content\\\/uploads\\\/2025\\\/05\\\/Campo-Laguna-Los-Palos-Puerto-Aysen.webp\",\"contentUrl\":\"https:\\\/\\\/produncan.cl\\\/wp-content\\\/uploads\\\/2025\\\/05\\\/Campo-Laguna-Los-Palos-Puerto-Aysen.webp\",\"width\":800,\"height\":600,\"caption\":\"Campo Laguna Los Palos Puerto Aysen\"},{\"@type\":\"BreadcrumbList\",\"@id\":\"https:\\\/\\\/produncan.cl\\\/de\\\/produkt\\\/landleben-in-puerto-aysen-laguna-los-palos-region-aysen\\\/#breadcrumb\",\"itemListElement\":[{\"@type\":\"ListItem\",\"position\":1,\"name\":\"Inicio\",\"item\":\"https:\\\/\\\/produncan.cl\\\/de\\\/\"},{\"@type\":\"ListItem\",\"position\":2,\"name\":\"Eigenschaften\",\"item\":\"https:\\\/\\\/produncan.cl\\\/propiedades\\\/\"},{\"@type\":\"ListItem\",\"position\":3,\"name\":\"Felder\",\"item\":\"https:\\\/\\\/produncan.cl\\\/de\\\/kategorie\\\/felder\\\/\"},{\"@type\":\"ListItem\",\"position\":4,\"name\":\"Landleben in Puerto Ays\u00e9n &#8211; Laguna Los Palos &#8211; Region Ays\u00e9n\"}]},{\"@type\":\"WebSite\",\"@id\":\"https:\\\/\\\/produncan.cl\\\/de\\\/#website\",\"url\":\"https:\\\/\\\/produncan.cl\\\/de\\\/\",\"name\":\"Produncan\",\"description\":\"Wir begleiten Sie bei Ihrem Lebensprojekt!\",\"publisher\":{\"@id\":\"https:\\\/\\\/produncan.cl\\\/de\\\/#organization\"},\"potentialAction\":[{\"@type\":\"SearchAction\",\"target\":{\"@type\":\"EntryPoint\",\"urlTemplate\":\"https:\\\/\\\/produncan.cl\\\/de\\\/?s={search_term_string}\"},\"query-input\":{\"@type\":\"PropertyValueSpecification\",\"valueRequired\":true,\"valueName\":\"search_term_string\"}}],\"inLanguage\":\"de-DE\"},{\"@type\":\"Organization\",\"@id\":\"https:\\\/\\\/produncan.cl\\\/de\\\/#organization\",\"name\":\"Produncan\",\"url\":\"https:\\\/\\\/produncan.cl\\\/de\\\/\",\"logo\":{\"@type\":\"ImageObject\",\"inLanguage\":\"de-DE\",\"@id\":\"https:\\\/\\\/produncan.cl\\\/de\\\/#\\\/schema\\\/logo\\\/image\\\/\",\"url\":\"https:\\\/\\\/produncan.cl\\\/wp-content\\\/uploads\\\/2021\\\/03\\\/LOGO.jpeg\",\"contentUrl\":\"https:\\\/\\\/produncan.cl\\\/wp-content\\\/uploads\\\/2021\\\/03\\\/LOGO.jpeg\",\"width\":1280,\"height\":903,\"caption\":\"Produncan\"},\"image\":{\"@id\":\"https:\\\/\\\/produncan.cl\\\/de\\\/#\\\/schema\\\/logo\\\/image\\\/\"},\"sameAs\":[\"https:\\\/\\\/web.facebook.com\\\/produncanland\",\"https:\\\/\\\/www.instagram.com\\\/pro_duncan\\\/\",\"https:\\\/\\\/www.linkedin.com\\\/company\\\/produncan-lands\\\/\",\"https:\\\/\\\/www.youtube.com\\\/channel\\\/UCu7N-f3x0svkazD-Eew1-QQ\"],\"description\":\"En Produncan somos especialistas en la venta de terrenos en el sur de Chile. Proveemos estancias, campos, parcelas y hoteles.\",\"email\":\"info@produncan.cl\"}]}<\/script>\n<meta property=\"og:video\" content=\"https:\/\/www.youtube.com\/embed\/jAxegchs258\" \/>\n<meta property=\"og:video:type\" content=\"text\/html\" \/>\n<meta property=\"og:video:duration\" content=\"68\" \/>\n<meta property=\"og:video:width\" content=\"480\" \/>\n<meta property=\"og:video:height\" content=\"270\" \/>\n<meta property=\"ya:ovs:adult\" content=\"false\" \/>\n<meta property=\"ya:ovs:upload_date\" content=\"2025-05-16T21:22:08+00:00\" \/>\n<meta property=\"ya:ovs:allow_embed\" content=\"true\" \/>\n<meta property=\"product:price:amount\" content=\"1273800.00\" \/>\n<meta property=\"product:price:currency\" content=\"USD\" \/>\n<meta property=\"og:availability\" content=\"instock\" \/>\n<meta property=\"product:availability\" content=\"instock\" \/>\n<meta property=\"product:condition\" content=\"new\" \/>\n<!-- \/ Yoast SEO Premium plugin. -->","yoast_head_json":{"title":"Landleben in Puerto Ays\u00e9n - Laguna Los Palos - Region Ays\u00e9n - Produncan","description":"Bauernhof in Puerto Ays\u00e9n, Laguna Los Palos: 391 ha mit 400 m See und 700 m Fluss. Wiesen, Weiden und H\u00fcgel mit einheimischem Wald, ideal f\u00fcr Rotationsweiden.","robots":{"index":"index","follow":"follow","max-snippet":"max-snippet:-1","max-image-preview":"max-image-preview:large","max-video-preview":"max-video-preview:-1"},"canonical":"https:\/\/produncan.cl\/de\/produkt\/landleben-in-puerto-aysen-laguna-los-palos-region-aysen\/","og_locale":"de_DE","og_type":"article","og_title":"Landleben in Puerto Ays\u00e9n - Laguna Los Palos - Region Ays\u00e9n","og_description":"Bauernhof in Puerto Ays\u00e9n, Laguna Los Palos: 391 ha mit 400 m See und 700 m Fluss. Wiesen, Weiden und H\u00fcgel mit einheimischem Wald, ideal f\u00fcr Rotationsweiden.","og_url":"https:\/\/produncan.cl\/de\/produkt\/landleben-in-puerto-aysen-laguna-los-palos-region-aysen\/","og_site_name":"Produncan","article_publisher":"https:\/\/web.facebook.com\/produncanland","article_modified_time":"2025-12-26T20:20:45+00:00","og_image":[{"url":"https:\/\/produncan.cl\/wp-content\/uploads\/2025\/05\/Campo-Laguna-Los-Palos-Puerto-Aysen.webp","type":"","width":"","height":""}],"twitter_card":"summary_large_image","twitter_misc":{"Price":"USD1.273.800,00","Availability":"In stock"},"schema":{"@context":"https:\/\/schema.org","@graph":[{"@type":"WebPage","@id":"https:\/\/produncan.cl\/de\/produkt\/landleben-in-puerto-aysen-laguna-los-palos-region-aysen\/","url":"https:\/\/produncan.cl\/de\/produkt\/landleben-in-puerto-aysen-laguna-los-palos-region-aysen\/","name":"Landleben in Puerto Ays\u00e9n - Laguna Los Palos - Region Ays\u00e9n - Produncan","isPartOf":{"@id":"https:\/\/produncan.cl\/de\/#website"},"primaryImageOfPage":{"@id":"https:\/\/produncan.cl\/de\/produkt\/landleben-in-puerto-aysen-laguna-los-palos-region-aysen\/#primaryimage"},"image":{"@id":"https:\/\/produncan.cl\/de\/produkt\/landleben-in-puerto-aysen-laguna-los-palos-region-aysen\/#primaryimage"},"thumbnailUrl":"https:\/\/produncan.cl\/wp-content\/uploads\/2025\/05\/Campo-Laguna-Los-Palos-Puerto-Aysen.webp","datePublished":"2025-05-16T21:22:08+00:00","dateModified":"2025-12-26T20:20:45+00:00","description":"Bauernhof in Puerto Ays\u00e9n, Laguna Los Palos: 391 ha mit 400 m See und 700 m Fluss. Wiesen, Weiden und H\u00fcgel mit einheimischem Wald, ideal f\u00fcr Rotationsweiden.","breadcrumb":{"@id":"https:\/\/produncan.cl\/de\/produkt\/landleben-in-puerto-aysen-laguna-los-palos-region-aysen\/#breadcrumb"},"inLanguage":"de-DE","potentialAction":[{"@type":"ReadAction","target":["https:\/\/produncan.cl\/de\/produkt\/landleben-in-puerto-aysen-laguna-los-palos-region-aysen\/"]}]},{"@type":"ImageObject","inLanguage":"de-DE","@id":"https:\/\/produncan.cl\/de\/produkt\/landleben-in-puerto-aysen-laguna-los-palos-region-aysen\/#primaryimage","url":"https:\/\/produncan.cl\/wp-content\/uploads\/2025\/05\/Campo-Laguna-Los-Palos-Puerto-Aysen.webp","contentUrl":"https:\/\/produncan.cl\/wp-content\/uploads\/2025\/05\/Campo-Laguna-Los-Palos-Puerto-Aysen.webp","width":800,"height":600,"caption":"Campo Laguna Los Palos Puerto Aysen"},{"@type":"BreadcrumbList","@id":"https:\/\/produncan.cl\/de\/produkt\/landleben-in-puerto-aysen-laguna-los-palos-region-aysen\/#breadcrumb","itemListElement":[{"@type":"ListItem","position":1,"name":"Inicio","item":"https:\/\/produncan.cl\/de\/"},{"@type":"ListItem","position":2,"name":"Eigenschaften","item":"https:\/\/produncan.cl\/propiedades\/"},{"@type":"ListItem","position":3,"name":"Felder","item":"https:\/\/produncan.cl\/de\/kategorie\/felder\/"},{"@type":"ListItem","position":4,"name":"Landleben in Puerto Ays\u00e9n &#8211; Laguna Los Palos &#8211; Region Ays\u00e9n"}]},{"@type":"WebSite","@id":"https:\/\/produncan.cl\/de\/#website","url":"https:\/\/produncan.cl\/de\/","name":"Produncan","description":"Wir begleiten Sie bei Ihrem Lebensprojekt!","publisher":{"@id":"https:\/\/produncan.cl\/de\/#organization"},"potentialAction":[{"@type":"SearchAction","target":{"@type":"EntryPoint","urlTemplate":"https:\/\/produncan.cl\/de\/?s={search_term_string}"},"query-input":{"@type":"PropertyValueSpecification","valueRequired":true,"valueName":"search_term_string"}}],"inLanguage":"de-DE"},{"@type":"Organization","@id":"https:\/\/produncan.cl\/de\/#organization","name":"Produncan","url":"https:\/\/produncan.cl\/de\/","logo":{"@type":"ImageObject","inLanguage":"de-DE","@id":"https:\/\/produncan.cl\/de\/#\/schema\/logo\/image\/","url":"https:\/\/produncan.cl\/wp-content\/uploads\/2021\/03\/LOGO.jpeg","contentUrl":"https:\/\/produncan.cl\/wp-content\/uploads\/2021\/03\/LOGO.jpeg","width":1280,"height":903,"caption":"Produncan"},"image":{"@id":"https:\/\/produncan.cl\/de\/#\/schema\/logo\/image\/"},"sameAs":["https:\/\/web.facebook.com\/produncanland","https:\/\/www.instagram.com\/pro_duncan\/","https:\/\/www.linkedin.com\/company\/produncan-lands\/","https:\/\/www.youtube.com\/channel\/UCu7N-f3x0svkazD-Eew1-QQ"],"description":"En Produncan somos especialistas en la venta de terrenos en el sur de Chile. Proveemos estancias, campos, parcelas y hoteles.","email":"info@produncan.cl"}]},"og_video":"https:\/\/www.youtube.com\/embed\/jAxegchs258","og_video_type":"text\/html","og_video_duration":"68","og_video_width":"480","og_video_height":"270","ya_ovs_adult":"false","ya_ovs_upload_date":"2025-05-16T21:22:08+00:00","ya_ovs_allow_embed":"true","product_price_amount":"1273800.00","product_price_currency":"USD","og_availability":"instock","product_availability":"instock","product_condition":"new"},"_links":{"self":[{"href":"https:\/\/produncan.cl\/de\/wp-json\/wp\/v2\/product\/40940","targetHints":{"allow":["GET"]}}],"collection":[{"href":"https:\/\/produncan.cl\/de\/wp-json\/wp\/v2\/product"}],"about":[{"href":"https:\/\/produncan.cl\/de\/wp-json\/wp\/v2\/types\/product"}],"version-history":[{"count":2,"href":"https:\/\/produncan.cl\/de\/wp-json\/wp\/v2\/product\/40940\/revisions"}],"predecessor-version":[{"id":54164,"href":"https:\/\/produncan.cl\/de\/wp-json\/wp\/v2\/product\/40940\/revisions\/54164"}],"wp:featuredmedia":[{"embeddable":true,"href":"https:\/\/produncan.cl\/de\/wp-json\/wp\/v2\/media\/40866"}],"wp:attachment":[{"href":"https:\/\/produncan.cl\/de\/wp-json\/wp\/v2\/media?parent=40940"}],"wp:term":[{"taxonomy":"product_brand","embeddable":true,"href":"https:\/\/produncan.cl\/de\/wp-json\/wp\/v2\/product_brand?post=40940"},{"taxonomy":"product_cat","embeddable":true,"href":"https:\/\/produncan.cl\/de\/wp-json\/wp\/v2\/product_cat?post=40940"},{"taxonomy":"product_tag","embeddable":true,"href":"https:\/\/produncan.cl\/de\/wp-json\/wp\/v2\/product_tag?post=40940"},{"taxonomy":"regiones","embeddable":true,"href":"https:\/\/produncan.cl\/de\/wp-json\/wp\/v2\/regiones?post=40940"},{"taxonomy":"ciudades","embeddable":true,"href":"https:\/\/produncan.cl\/de\/wp-json\/wp\/v2\/ciudades?post=40940"}],"curies":[{"name":"wp","href":"https:\/\/api.w.org\/{rel}","templated":true}]}}