{"id":41154,"date":"2025-05-20T15:17:20","date_gmt":"2025-05-20T19:17:20","guid":{"rendered":"https:\/\/produncan.cl\/producto\/haus-in-lomas-de-pilauco-osorno-region-los-lagos\/"},"modified":"2026-03-12T13:02:24","modified_gmt":"2026-03-12T16:02:24","slug":"haus-in-lomas-de-pilauco-osorno-region-los-lagos","status":"publish","type":"product","link":"https:\/\/produncan.cl\/de\/produkt\/haus-in-lomas-de-pilauco-osorno-region-los-lagos\/","title":{"rendered":"Haus in Lomas de Pilauco, Osorno &#8211; Region Los Lagos"},"content":{"rendered":"\t\t<div data-elementor-type=\"product-post\" data-elementor-id=\"41154\" class=\"elementor elementor-41154 elementor-41011\" data-elementor-post-type=\"product\">\n\t\t\t\t<div class=\"elementor-element elementor-element-a31da8b e-flex e-con-boxed e-con e-parent\" data-id=\"a31da8b\" data-element_type=\"container\" data-e-type=\"container\" data-settings=\"{&quot;jet_parallax_layout_list&quot;:[]}\">\n\t\t\t\t\t<div class=\"e-con-inner\">\n\t\t\t\t\t<\/div>\n\t\t\t\t<\/div>\n\t\t<div class=\"elementor-element elementor-element-7590807 e-flex e-con-boxed e-con e-parent\" data-id=\"7590807\" data-element_type=\"container\" data-e-type=\"container\" data-settings=\"{&quot;jet_parallax_layout_list&quot;:[]}\">\n\t\t\t\t\t<div class=\"e-con-inner\">\n\t\t\t\t<div class=\"elementor-element elementor-element-b8e5493 elementor-widget elementor-widget-text-editor\" data-id=\"b8e5493\" data-element_type=\"widget\" data-e-type=\"widget\" data-widget_type=\"text-editor.default\">\n\t\t\t\t\t\t\t\t\t<p>Wir pr\u00e4sentieren eine exklusive Immobilie in der konsolidierten und privilegierten Wohnanlage Lomas de Pilauco, n\u00f6rdlich der Stadt Osorno. Hier ist die Ruhe der nat\u00fcrlichen Umgebung des s\u00fcdlichen Chile perfekt mit der Konnektivit\u00e4t und N\u00e4he zur Stadt kombiniert und bietet einen unvergleichlichen Lebensstil. <\/p>\n<p>Die Wohnanlage Lomas de Pilauco hat einen direkten Zugang von der asphaltierten Stra\u00dfe und ist nur 5 Minuten vom Zentrum von Osorno und 20 Minuten vom Flughafen entfernt, was sie zu einer ausgezeichneten Alternative sowohl zum Wohnen als auch f\u00fcr Investitionen macht.<\/p>\n<p>Ein Haus, um das Leben zu genie\u00dfen<\/p>\n<p>Das Anwesen umfasst ein gem\u00fctliches Haus von insgesamt 260 m\u00b2, mit hochwertigen Materialien gebaut und f\u00fcr Familienkomfort konzipiert. Es hat: <\/p>\n<ul>\n<li>5000m2 Land.<\/li>\n<li>5 Schlafzimmer: 3 Hauptschlafzimmer, 1 B\u00fcro und 1 Dienstzimmer.<\/li>\n<li>4 komplette Badezimmer, davon eines mit Bad, eines f\u00fcr die Schlafzimmer, eines f\u00fcr Besucher und eines f\u00fcr den Service.<\/li>\n<li>Geschlossene K\u00fcche mit t\u00e4glichem Esszimmer, Speisekammer und Loggia, die als Waschk\u00fcche eingerichtet ist.<\/li>\n<li>Ger\u00e4umiges Wohnzimmer mit Nord-West-Ausrichtung, ideal f\u00fcr die Nutzung des nat\u00fcrlichen Lichts.<\/li>\n<li>25 m\u00b2 Terrasse mit Ofen, ideal f\u00fcr Versammlungen im Freien.<\/li>\n<li>Keller von 40 m\u00b2, einschlie\u00dflich Holzschuppen, und ein Gew\u00e4chshaus von 3&#215;6 m.<\/li>\n<li>2 Warmwasserbereiter, Holz- und Gaskessel und Thermopanel-Fenster sorgen f\u00fcr eine stets angenehme Raumtemperatur.<\/li>\n<li>\u00dcberdachter Parkplatz f\u00fcr zwei Autos und zus\u00e4tzlicher Platz f\u00fcr weitere Fahrzeuge.<\/li>\n<li>Komplette Umz\u00e4unung mit Holztor und ferngesteuerter Verriegelung.<\/li>\n<\/ul>\n<div> <\/div>\n<p>Das Haus in Lomas de Pilauco wurde im Jahr 2015 gebaut und hat kommunalen Empfang und Genehmigungen auf dem neuesten Stand, die eine solide Investition ohne \u00dcberraschungen gew\u00e4hrleistet.<\/p>\n<p>Nat\u00fcrliche Umwelt und hohe Konnektivit\u00e4t<\/p>\n<p>Lomas de Pilauco zeichnet sich durch seine 24\/7-Sicherheit, den kontrollierten Zugang, die CCTV-Kameras und die Schotterstra\u00dfen im Inneren in ausgezeichnetem Zustand aus. Die Wohnanlage verf\u00fcgt \u00fcber konsolidierte Grundst\u00fccke, moderne Wohnungen und grenzt an ein neues Sportzentrum mit Paddle-Tennis- und Fu\u00dfballpl\u00e4tzen, die einen Mehrwert und Lebensqualit\u00e4t bieten. <\/p>\n<p>Das Grundst\u00fcck in Lomas de Pilauco ist gr\u00f6\u00dftenteils flach, mit einer leichten Neigung , die einen sch\u00f6nen Blick auf den Zugang bietet. Es genie\u00dft eine Umgebung mit einheimischen B\u00e4umen, copihues und Obstb\u00e4ume, gute Sonneneinstrahlung und grundlegende Dienstleistungen wie behandeltes Trinkwasser, einphasigen Strom, Internet und Kabel-TV (Telsur). <\/p>\n<p>Verkaufswert: 11.980 UF<\/p>\n<p>Gesch\u00e4tzte Beitr\u00e4ge: 300.000 $ pro Quartal.<\/p>\n<p>Egal, ob Sie auf der Suche nach einem dauerhaften Wohnsitz, einem Zweitwohnsitz oder einer hochwertigen Investition sind, diese Immobilie in Lomas de Pilauco ist eine einzigartige Gelegenheit, im S\u00fcden mit Stil, Sicherheit und voller Anbindung zu leben.<\/p>\n<p>Wenn Sie einen Besuchstermin vereinbaren oder weitere Informationen erhalten m\u00f6chten,kontaktieren Sie uns noch heute! <\/p>\n\t\t\t\t\t\t\t\t<\/div>\n\t\t\t\t\t<\/div>\n\t\t\t\t<\/div>\n\t\t\t\t<\/div>\n\t\t","protected":false},"excerpt":{"rendered":"<p>Haus in Lomas de Pilauco, Osorno. 260 m\u00b2. Mit 5 Schlafzimmern, 4 B\u00e4dern, Trinkwasser, Strom und kommunaler Rezeption. Innerhalb eines konsolidierten Projekts, 5 Minuten vom Zentrum entfernt. 24\/7-Sicherheitsdienst und angrenzend an das Sport Center.    <\/p>\n","protected":false},"featured_media":51855,"template":"","meta":{"_acf_changed":false},"product_brand":[],"product_cat":[104],"product_tag":[232,443],"regiones":[226],"ciudades":[217],"class_list":{"0":"post-41154","1":"product","2":"type-product","3":"status-publish","4":"has-post-thumbnail","6":"product_cat-ohiggins-los-lagos","7":"product_tag-grundstuecke","8":"product_tag-stadtische-immobilien","9":"regiones-nuble-los_lagos","10":"ciudades-osorno","12":"first","13":"outofstock","14":"shipping-taxable","15":"product-type-simple"},"acf":[],"yoast_head":"<!-- This site is optimized with the Yoast SEO Premium plugin v26.0 (Yoast SEO v27.3) - https:\/\/yoast.com\/product\/yoast-seo-premium-wordpress\/ -->\n<title>Haus in Lomas de Pilauco, Osorno - Region Los Lagos - Produncan<\/title>\n<meta name=\"description\" content=\"Haus in Lomas de Pilauco, Osorno: 260 m\u00b2 auf einem Grundst\u00fcck von 5.000 m\u00b2, 5 Schlafzimmer, 4 B\u00e4der, Trinkwasser, kommunale Rezeption, 24\/7 Sicherheit und in der N\u00e4he des Sportzentrums.\" \/>\n<meta name=\"robots\" content=\"index, follow, max-snippet:-1, max-image-preview:large, max-video-preview:-1\" \/>\n<link rel=\"canonical\" href=\"https:\/\/produncan.cl\/de\/produkt\/haus-in-lomas-de-pilauco-osorno-region-los-lagos\/\" \/>\n<meta property=\"og:locale\" content=\"de_DE\" \/>\n<meta property=\"og:type\" content=\"article\" \/>\n<meta property=\"og:title\" content=\"Haus in Lomas de Pilauco, Osorno - Region Los Lagos\" \/>\n<meta property=\"og:description\" content=\"Haus in Lomas de Pilauco, Osorno: 260 m\u00b2 auf einem Grundst\u00fcck von 5.000 m\u00b2, 5 Schlafzimmer, 4 B\u00e4der, Trinkwasser, kommunale Rezeption, 24\/7 Sicherheit und in der N\u00e4he des Sportzentrums.\" \/>\n<meta property=\"og:url\" content=\"https:\/\/produncan.cl\/de\/produkt\/haus-in-lomas-de-pilauco-osorno-region-los-lagos\/\" \/>\n<meta property=\"og:site_name\" content=\"Produncan\" \/>\n<meta property=\"article:publisher\" content=\"https:\/\/web.facebook.com\/produncanland\" \/>\n<meta property=\"article:modified_time\" content=\"2026-03-12T16:02:24+00:00\" \/>\n<meta property=\"og:image\" content=\"https:\/\/produncan.cl\/wp-content\/uploads\/2025\/05\/Lomas-de-Pilauco-Vendido.webp\" \/>\n\t<meta property=\"og:image:width\" content=\"600\" \/>\n\t<meta property=\"og:image:height\" content=\"450\" \/>\n\t<meta property=\"og:image:type\" content=\"image\/webp\" \/>\n<meta name=\"twitter:card\" content=\"summary_large_image\" \/>\n<meta name=\"twitter:label1\" content=\"Price\" \/>\n\t<meta name=\"twitter:data1\" content=\"\" \/>\n\t<meta name=\"twitter:label2\" content=\"Availability\" \/>\n\t<meta name=\"twitter:data2\" content=\"Out of stock\" \/>\n<script type=\"application\/ld+json\" class=\"yoast-schema-graph\">{\"@context\":\"https:\\\/\\\/schema.org\",\"@graph\":[{\"@type\":\"WebPage\",\"@id\":\"https:\\\/\\\/produncan.cl\\\/de\\\/produkt\\\/haus-in-lomas-de-pilauco-osorno-region-los-lagos\\\/\",\"url\":\"https:\\\/\\\/produncan.cl\\\/de\\\/produkt\\\/haus-in-lomas-de-pilauco-osorno-region-los-lagos\\\/\",\"name\":\"Haus in Lomas de Pilauco, Osorno - Region Los Lagos - Produncan\",\"isPartOf\":{\"@id\":\"https:\\\/\\\/produncan.cl\\\/de\\\/#website\"},\"primaryImageOfPage\":{\"@id\":\"https:\\\/\\\/produncan.cl\\\/de\\\/produkt\\\/haus-in-lomas-de-pilauco-osorno-region-los-lagos\\\/#primaryimage\"},\"image\":{\"@id\":\"https:\\\/\\\/produncan.cl\\\/de\\\/produkt\\\/haus-in-lomas-de-pilauco-osorno-region-los-lagos\\\/#primaryimage\"},\"thumbnailUrl\":\"https:\\\/\\\/produncan.cl\\\/wp-content\\\/uploads\\\/2025\\\/05\\\/Lomas-de-Pilauco-Vendido.webp\",\"datePublished\":\"2025-05-20T19:17:20+00:00\",\"dateModified\":\"2026-03-12T16:02:24+00:00\",\"description\":\"Haus in Lomas de Pilauco, Osorno: 260 m\u00b2 auf einem Grundst\u00fcck von 5.000 m\u00b2, 5 Schlafzimmer, 4 B\u00e4der, Trinkwasser, kommunale Rezeption, 24\\\/7 Sicherheit und in der N\u00e4he des Sportzentrums.\",\"breadcrumb\":{\"@id\":\"https:\\\/\\\/produncan.cl\\\/de\\\/produkt\\\/haus-in-lomas-de-pilauco-osorno-region-los-lagos\\\/#breadcrumb\"},\"inLanguage\":\"de-DE\",\"potentialAction\":[{\"@type\":\"ReadAction\",\"target\":[\"https:\\\/\\\/produncan.cl\\\/de\\\/produkt\\\/haus-in-lomas-de-pilauco-osorno-region-los-lagos\\\/\"]}]},{\"@type\":\"ImageObject\",\"inLanguage\":\"de-DE\",\"@id\":\"https:\\\/\\\/produncan.cl\\\/de\\\/produkt\\\/haus-in-lomas-de-pilauco-osorno-region-los-lagos\\\/#primaryimage\",\"url\":\"https:\\\/\\\/produncan.cl\\\/wp-content\\\/uploads\\\/2025\\\/05\\\/Lomas-de-Pilauco-Vendido.webp\",\"contentUrl\":\"https:\\\/\\\/produncan.cl\\\/wp-content\\\/uploads\\\/2025\\\/05\\\/Lomas-de-Pilauco-Vendido.webp\",\"width\":600,\"height\":450,\"caption\":\"Lomas de Pilauco Vendido\"},{\"@type\":\"BreadcrumbList\",\"@id\":\"https:\\\/\\\/produncan.cl\\\/de\\\/produkt\\\/haus-in-lomas-de-pilauco-osorno-region-los-lagos\\\/#breadcrumb\",\"itemListElement\":[{\"@type\":\"ListItem\",\"position\":1,\"name\":\"Inicio\",\"item\":\"https:\\\/\\\/produncan.cl\\\/de\\\/\"},{\"@type\":\"ListItem\",\"position\":2,\"name\":\"Eigenschaften\",\"item\":\"https:\\\/\\\/produncan.cl\\\/propiedades\\\/\"},{\"@type\":\"ListItem\",\"position\":3,\"name\":\"Grundst\u00fccke\",\"item\":\"https:\\\/\\\/produncan.cl\\\/de\\\/kategorie\\\/grundstuecke\\\/\"},{\"@type\":\"ListItem\",\"position\":4,\"name\":\"Haus in Lomas de Pilauco, Osorno &#8211; Region Los Lagos\"}]},{\"@type\":\"WebSite\",\"@id\":\"https:\\\/\\\/produncan.cl\\\/de\\\/#website\",\"url\":\"https:\\\/\\\/produncan.cl\\\/de\\\/\",\"name\":\"Produncan\",\"description\":\"Wir begleiten Sie bei Ihrem Lebensprojekt!\",\"publisher\":{\"@id\":\"https:\\\/\\\/produncan.cl\\\/de\\\/#organization\"},\"potentialAction\":[{\"@type\":\"SearchAction\",\"target\":{\"@type\":\"EntryPoint\",\"urlTemplate\":\"https:\\\/\\\/produncan.cl\\\/de\\\/?s={search_term_string}\"},\"query-input\":{\"@type\":\"PropertyValueSpecification\",\"valueRequired\":true,\"valueName\":\"search_term_string\"}}],\"inLanguage\":\"de-DE\"},{\"@type\":\"Organization\",\"@id\":\"https:\\\/\\\/produncan.cl\\\/de\\\/#organization\",\"name\":\"Produncan\",\"url\":\"https:\\\/\\\/produncan.cl\\\/de\\\/\",\"logo\":{\"@type\":\"ImageObject\",\"inLanguage\":\"de-DE\",\"@id\":\"https:\\\/\\\/produncan.cl\\\/de\\\/#\\\/schema\\\/logo\\\/image\\\/\",\"url\":\"https:\\\/\\\/produncan.cl\\\/wp-content\\\/uploads\\\/2021\\\/03\\\/LOGO.jpeg\",\"contentUrl\":\"https:\\\/\\\/produncan.cl\\\/wp-content\\\/uploads\\\/2021\\\/03\\\/LOGO.jpeg\",\"width\":1280,\"height\":903,\"caption\":\"Produncan\"},\"image\":{\"@id\":\"https:\\\/\\\/produncan.cl\\\/de\\\/#\\\/schema\\\/logo\\\/image\\\/\"},\"sameAs\":[\"https:\\\/\\\/web.facebook.com\\\/produncanland\",\"https:\\\/\\\/www.instagram.com\\\/pro_duncan\\\/\",\"https:\\\/\\\/www.linkedin.com\\\/company\\\/produncan-lands\\\/\",\"https:\\\/\\\/www.youtube.com\\\/channel\\\/UCu7N-f3x0svkazD-Eew1-QQ\"],\"description\":\"En Produncan somos especialistas en la venta de terrenos en el sur de Chile. Proveemos estancias, campos, parcelas y hoteles.\",\"email\":\"info@produncan.cl\"}]}<\/script>\n<meta property=\"og:video\" content=\"https:\/\/www.youtube.com\/embed\/Gw-o9cy-f5E\" \/>\n<meta property=\"og:video:type\" content=\"text\/html\" \/>\n<meta property=\"og:video:duration\" content=\"62\" \/>\n<meta property=\"og:video:width\" content=\"480\" \/>\n<meta property=\"og:video:height\" content=\"270\" \/>\n<meta property=\"ya:ovs:adult\" content=\"false\" \/>\n<meta property=\"ya:ovs:upload_date\" content=\"2025-05-20T19:17:20+00:00\" \/>\n<meta property=\"ya:ovs:allow_embed\" content=\"true\" \/>\n<meta property=\"product:price:currency\" content=\"USD\" \/>\n<meta property=\"og:availability\" content=\"out of stock\" \/>\n<meta property=\"product:availability\" content=\"out of stock\" \/>\n<meta property=\"product:condition\" content=\"new\" \/>\n<!-- \/ Yoast SEO Premium plugin. -->","yoast_head_json":{"title":"Haus in Lomas de Pilauco, Osorno - Region Los Lagos - Produncan","description":"Haus in Lomas de Pilauco, Osorno: 260 m\u00b2 auf einem Grundst\u00fcck von 5.000 m\u00b2, 5 Schlafzimmer, 4 B\u00e4der, Trinkwasser, kommunale Rezeption, 24\/7 Sicherheit und in der N\u00e4he des Sportzentrums.","robots":{"index":"index","follow":"follow","max-snippet":"max-snippet:-1","max-image-preview":"max-image-preview:large","max-video-preview":"max-video-preview:-1"},"canonical":"https:\/\/produncan.cl\/de\/produkt\/haus-in-lomas-de-pilauco-osorno-region-los-lagos\/","og_locale":"de_DE","og_type":"article","og_title":"Haus in Lomas de Pilauco, Osorno - Region Los Lagos","og_description":"Haus in Lomas de Pilauco, Osorno: 260 m\u00b2 auf einem Grundst\u00fcck von 5.000 m\u00b2, 5 Schlafzimmer, 4 B\u00e4der, Trinkwasser, kommunale Rezeption, 24\/7 Sicherheit und in der N\u00e4he des Sportzentrums.","og_url":"https:\/\/produncan.cl\/de\/produkt\/haus-in-lomas-de-pilauco-osorno-region-los-lagos\/","og_site_name":"Produncan","article_publisher":"https:\/\/web.facebook.com\/produncanland","article_modified_time":"2026-03-12T16:02:24+00:00","og_image":[{"width":600,"height":450,"url":"https:\/\/produncan.cl\/wp-content\/uploads\/2025\/05\/Lomas-de-Pilauco-Vendido.webp","type":"image\/webp"}],"twitter_card":"summary_large_image","twitter_misc":{"Price":"","Availability":"Out of stock"},"schema":{"@context":"https:\/\/schema.org","@graph":[{"@type":"WebPage","@id":"https:\/\/produncan.cl\/de\/produkt\/haus-in-lomas-de-pilauco-osorno-region-los-lagos\/","url":"https:\/\/produncan.cl\/de\/produkt\/haus-in-lomas-de-pilauco-osorno-region-los-lagos\/","name":"Haus in Lomas de Pilauco, Osorno - Region Los Lagos - Produncan","isPartOf":{"@id":"https:\/\/produncan.cl\/de\/#website"},"primaryImageOfPage":{"@id":"https:\/\/produncan.cl\/de\/produkt\/haus-in-lomas-de-pilauco-osorno-region-los-lagos\/#primaryimage"},"image":{"@id":"https:\/\/produncan.cl\/de\/produkt\/haus-in-lomas-de-pilauco-osorno-region-los-lagos\/#primaryimage"},"thumbnailUrl":"https:\/\/produncan.cl\/wp-content\/uploads\/2025\/05\/Lomas-de-Pilauco-Vendido.webp","datePublished":"2025-05-20T19:17:20+00:00","dateModified":"2026-03-12T16:02:24+00:00","description":"Haus in Lomas de Pilauco, Osorno: 260 m\u00b2 auf einem Grundst\u00fcck von 5.000 m\u00b2, 5 Schlafzimmer, 4 B\u00e4der, Trinkwasser, kommunale Rezeption, 24\/7 Sicherheit und in der N\u00e4he des Sportzentrums.","breadcrumb":{"@id":"https:\/\/produncan.cl\/de\/produkt\/haus-in-lomas-de-pilauco-osorno-region-los-lagos\/#breadcrumb"},"inLanguage":"de-DE","potentialAction":[{"@type":"ReadAction","target":["https:\/\/produncan.cl\/de\/produkt\/haus-in-lomas-de-pilauco-osorno-region-los-lagos\/"]}]},{"@type":"ImageObject","inLanguage":"de-DE","@id":"https:\/\/produncan.cl\/de\/produkt\/haus-in-lomas-de-pilauco-osorno-region-los-lagos\/#primaryimage","url":"https:\/\/produncan.cl\/wp-content\/uploads\/2025\/05\/Lomas-de-Pilauco-Vendido.webp","contentUrl":"https:\/\/produncan.cl\/wp-content\/uploads\/2025\/05\/Lomas-de-Pilauco-Vendido.webp","width":600,"height":450,"caption":"Lomas de Pilauco Vendido"},{"@type":"BreadcrumbList","@id":"https:\/\/produncan.cl\/de\/produkt\/haus-in-lomas-de-pilauco-osorno-region-los-lagos\/#breadcrumb","itemListElement":[{"@type":"ListItem","position":1,"name":"Inicio","item":"https:\/\/produncan.cl\/de\/"},{"@type":"ListItem","position":2,"name":"Eigenschaften","item":"https:\/\/produncan.cl\/propiedades\/"},{"@type":"ListItem","position":3,"name":"Grundst\u00fccke","item":"https:\/\/produncan.cl\/de\/kategorie\/grundstuecke\/"},{"@type":"ListItem","position":4,"name":"Haus in Lomas de Pilauco, Osorno &#8211; Region Los Lagos"}]},{"@type":"WebSite","@id":"https:\/\/produncan.cl\/de\/#website","url":"https:\/\/produncan.cl\/de\/","name":"Produncan","description":"Wir begleiten Sie bei Ihrem Lebensprojekt!","publisher":{"@id":"https:\/\/produncan.cl\/de\/#organization"},"potentialAction":[{"@type":"SearchAction","target":{"@type":"EntryPoint","urlTemplate":"https:\/\/produncan.cl\/de\/?s={search_term_string}"},"query-input":{"@type":"PropertyValueSpecification","valueRequired":true,"valueName":"search_term_string"}}],"inLanguage":"de-DE"},{"@type":"Organization","@id":"https:\/\/produncan.cl\/de\/#organization","name":"Produncan","url":"https:\/\/produncan.cl\/de\/","logo":{"@type":"ImageObject","inLanguage":"de-DE","@id":"https:\/\/produncan.cl\/de\/#\/schema\/logo\/image\/","url":"https:\/\/produncan.cl\/wp-content\/uploads\/2021\/03\/LOGO.jpeg","contentUrl":"https:\/\/produncan.cl\/wp-content\/uploads\/2021\/03\/LOGO.jpeg","width":1280,"height":903,"caption":"Produncan"},"image":{"@id":"https:\/\/produncan.cl\/de\/#\/schema\/logo\/image\/"},"sameAs":["https:\/\/web.facebook.com\/produncanland","https:\/\/www.instagram.com\/pro_duncan\/","https:\/\/www.linkedin.com\/company\/produncan-lands\/","https:\/\/www.youtube.com\/channel\/UCu7N-f3x0svkazD-Eew1-QQ"],"description":"En Produncan somos especialistas en la venta de terrenos en el sur de Chile. Proveemos estancias, campos, parcelas y hoteles.","email":"info@produncan.cl"}]},"og_video":"https:\/\/www.youtube.com\/embed\/Gw-o9cy-f5E","og_video_type":"text\/html","og_video_duration":"62","og_video_width":"480","og_video_height":"270","ya_ovs_adult":"false","ya_ovs_upload_date":"2025-05-20T19:17:20+00:00","ya_ovs_allow_embed":"true","product_price_currency":"USD","og_availability":"out of stock","product_availability":"out of stock","product_condition":"new"},"_links":{"self":[{"href":"https:\/\/produncan.cl\/de\/wp-json\/wp\/v2\/product\/41154","targetHints":{"allow":["GET"]}}],"collection":[{"href":"https:\/\/produncan.cl\/de\/wp-json\/wp\/v2\/product"}],"about":[{"href":"https:\/\/produncan.cl\/de\/wp-json\/wp\/v2\/types\/product"}],"version-history":[{"count":2,"href":"https:\/\/produncan.cl\/de\/wp-json\/wp\/v2\/product\/41154\/revisions"}],"predecessor-version":[{"id":54866,"href":"https:\/\/produncan.cl\/de\/wp-json\/wp\/v2\/product\/41154\/revisions\/54866"}],"wp:featuredmedia":[{"embeddable":true,"href":"https:\/\/produncan.cl\/de\/wp-json\/wp\/v2\/media\/51855"}],"wp:attachment":[{"href":"https:\/\/produncan.cl\/de\/wp-json\/wp\/v2\/media?parent=41154"}],"wp:term":[{"taxonomy":"product_brand","embeddable":true,"href":"https:\/\/produncan.cl\/de\/wp-json\/wp\/v2\/product_brand?post=41154"},{"taxonomy":"product_cat","embeddable":true,"href":"https:\/\/produncan.cl\/de\/wp-json\/wp\/v2\/product_cat?post=41154"},{"taxonomy":"product_tag","embeddable":true,"href":"https:\/\/produncan.cl\/de\/wp-json\/wp\/v2\/product_tag?post=41154"},{"taxonomy":"regiones","embeddable":true,"href":"https:\/\/produncan.cl\/de\/wp-json\/wp\/v2\/regiones?post=41154"},{"taxonomy":"ciudades","embeddable":true,"href":"https:\/\/produncan.cl\/de\/wp-json\/wp\/v2\/ciudades?post=41154"}],"curies":[{"name":"wp","href":"https:\/\/api.w.org\/{rel}","templated":true}]}}