{"id":41647,"date":"2025-05-22T19:00:41","date_gmt":"2025-05-22T23:00:41","guid":{"rendered":"https:\/\/produncan.cl\/producto\/landleben-in-puerto-varas-bosque-los-chaquihues-seengebiet\/"},"modified":"2025-11-05T11:59:42","modified_gmt":"2025-11-05T14:59:42","slug":"landleben-in-puerto-varas-bosque-los-chaquihues-seengebiet","status":"publish","type":"product","link":"https:\/\/produncan.cl\/de\/produkt\/landleben-in-puerto-varas-bosque-los-chaquihues-seengebiet\/","title":{"rendered":"Landleben in Puerto Varas, Bosque los Chaquihues &#8211; Seengebiet"},"content":{"rendered":"\t\t<div data-elementor-type=\"product-post\" data-elementor-id=\"41647\" class=\"elementor elementor-41647 elementor-41156\" data-elementor-post-type=\"product\">\n\t\t\t\t<div class=\"elementor-element elementor-element-1de29af e-flex e-con-boxed e-con e-parent\" data-id=\"1de29af\" data-element_type=\"container\" data-e-type=\"container\" data-settings=\"{&quot;jet_parallax_layout_list&quot;:[]}\">\n\t\t\t\t\t<div class=\"e-con-inner\">\n\t\t\t\t<div class=\"elementor-element elementor-element-28abb86 elementor-widget elementor-widget-heading\" data-id=\"28abb86\" data-element_type=\"widget\" data-e-type=\"widget\" data-widget_type=\"heading.default\">\n\t\t\t\t\t<h2 class=\"elementor-heading-title elementor-size-default\">Leben Sie in Ihrem eigenen 27,22 Hektar gro\u00dfen Schutzgebiet mit Blick auf den Llanquihue-See!<\/h2>\t\t\t\t<\/div>\n\t\t\t\t\t<\/div>\n\t\t\t\t<\/div>\n\t\t<div class=\"elementor-element elementor-element-50d2e3b e-flex e-con-boxed e-con e-parent\" data-id=\"50d2e3b\" data-element_type=\"container\" data-e-type=\"container\" data-settings=\"{&quot;jet_parallax_layout_list&quot;:[]}\">\n\t\t\t\t\t<div class=\"e-con-inner\">\n\t\t\t\t<div class=\"elementor-element elementor-element-255723a elementor-widget elementor-widget-text-editor\" data-id=\"255723a\" data-element_type=\"widget\" data-e-type=\"widget\" data-widget_type=\"text-editor.default\">\n\t\t\t\t\t\t\t\t\t<p>Ein einzigartiger Wald, bereit zum Genie\u00dfen<\/p><p>Stellen Sie sich vor, Sie wachen umgeben von einheimischen Jahrtausendv\u00f6lkern &#8211; darunter der \u00e4lteste Ulmo der Gegend &#8211; in einem Wald auf, der gr\u00f6\u00dftenteils flach, sauber und auf seinen Pfaden leicht zu durchqueren ist. Hier offenbart jeder Schritt den Reichtum der einheimischen Arten: Ma\u00f1\u00edo, Coig\u00fce, Luma, Array\u00e1n, Olivillo und mehr. <\/p><p>Unvergleichliche Panoramablicke<\/p><p>Der Wald von Chaquihues grenzt auf zwei Seiten an den Fluss La Poza und im Osten an eine Flussm\u00fcndung. Au\u00dferdem bietet er einen privilegierten Blick auf den Llanquihue-See, der von einem nat\u00fcrlichen Bachlauf gekr\u00f6nt wird, der unvergessliche Postkarten des Beckens bietet. <\/p><p>Dienstleistungen und Konnektivit\u00e4t<\/p><ul><li>Elektrizit\u00e4t: Unterirdischer Anschluss und Z\u00e4hler bereit zur Installation.<\/li><li>Wasser: 45-m-Brunnen in Betrieb im September-Oktober 2025.<\/li><li>Zugang: 6,5 km Schotterstra\u00dfe (Asphaltierung in Arbeit) und garantierte Dienstbarkeit.<\/li><li>Telekommunikation: IP Patagonien Glasfaser.<\/li><li>Transport: 50 Minuten vom Flughafen El Tepual entfernt und mit \u00f6ffentlichen Verkehrsmitteln in unmittelbarer N\u00e4he.<br><br><\/li><\/ul><p>Eine lebendige Umgebung<\/p><p>Hier entfaltet sich die Tierwelt in ihrer ganzen Pracht: Pud\u00faes, F\u00fcchse, Chucao, Huet-huet und eine Vielzahl von V\u00f6geln , die zwischen den B\u00e4umen tanzen. Ein echtes \u00d6kosystem , das Ihre Investition in ein nat\u00fcrliches Verm\u00e4chtnis verwandelt. <\/p><p>Verwendung und Regulierung<\/p><ul><li>Gebiet: Land- und Forstwirtschaft (keine Nutzungs\u00e4nderung zul\u00e4ssig).<\/li><li>Ideal f\u00fcr: Naturschutzprojekte, Naturtourismus oder ein Wohnsitz inmitten der Tierwelt.<\/li><li>Bauwerke mit Managementplan.<\/li><li>Umz\u00e4unung: Teilweise Umz\u00e4unung.<br><br><\/li><\/ul><p>Dieses Grundst\u00fcck stellt aufgrund seiner einzigartigen Lage und Eigenschaften eine einmalige Gelegenheit dar. Es gibt keine anderen \u00e4hnlichen Grundst\u00fccke zwischen Puerto Varas und Ensenada, die die M\u00f6glichkeit bieten, inmitten eines Urwalds zu leben, mit privilegierter Aussicht und nur wenige Minuten vom Stadtzentrum entfernt. Dar\u00fcber hinaus handelt es sich um eine sichere Investition, mit einer eigenen Rolle und einfachem Zugang zu grundlegenden Dienstleistungen, was Projektion, Ruhe und langfristige Wertsteigerung garantiert.  <\/p><p>Setzen Sie sich noch heute mit uns in Verbindung und beginnen Sie mit der Planung Ihres Projekts in diesem St\u00fcck patagonischen Paradieses.<\/p>\t\t\t\t\t\t\t\t<\/div>\n\t\t\t\t\t<\/div>\n\t\t\t\t<\/div>\n\t\t\t\t<\/div>\n\t\t","protected":false},"excerpt":{"rendered":"<p>Feld in Puerto Varas. Wald alter Weg nach Ensenada. Verf\u00fcgt \u00fcber Zugang bequem, Strom, Wasser, Glasfaser und 6 km von der asphaltierten Stra\u00dfe entfernt. Urspr\u00fcngliche alte, gro\u00dfartige Aussicht auf das Becken des Sees und N\u00e4he zur Stadt.   <\/p>\n","protected":false},"featured_media":41161,"template":"","meta":{"_acf_changed":false},"product_brand":[],"product_cat":[104],"product_tag":[235,234],"regiones":[226],"ciudades":[219],"class_list":{"0":"post-41647","1":"product","2":"type-product","3":"status-publish","4":"has-post-thumbnail","6":"product_cat-ohiggins-los-lagos","7":"product_tag-felder","8":"product_tag-felder-fuer-den-schutz","9":"regiones-nuble-los_lagos","10":"ciudades-puerto-varas","12":"first","13":"instock","14":"shipping-taxable","15":"purchasable","16":"product-type-simple"},"acf":[],"yoast_head":"<!-- This site is optimized with the Yoast SEO Premium plugin v26.0 (Yoast SEO v27.3) - https:\/\/yoast.com\/product\/yoast-seo-premium-wordpress\/ -->\n<title>Feld in Puerto Varas, Bosque los Chaquihues - Produncan<\/title>\n<meta name=\"description\" content=\"Grundst\u00fcck von 27,22 ha in Puerto Varas, an der Stra\u00dfe nach Ensenada. Alter einheimischer Wald, Blick auf das Seebecken, Wasser, Strom, Glasfaserkabel und 6 km vom B\u00fcrgersteig entfernt.\" \/>\n<meta name=\"robots\" content=\"index, follow, max-snippet:-1, max-image-preview:large, max-video-preview:-1\" \/>\n<link rel=\"canonical\" href=\"https:\/\/produncan.cl\/de\/produkt\/landleben-in-puerto-varas-bosque-los-chaquihues-seengebiet\/\" \/>\n<meta property=\"og:locale\" content=\"de_DE\" \/>\n<meta property=\"og:type\" content=\"article\" \/>\n<meta property=\"og:title\" content=\"Landleben in Puerto Varas, Bosque los Chaquihues - Seengebiet\" \/>\n<meta property=\"og:description\" content=\"Grundst\u00fcck von 27,22 ha in Puerto Varas, an der Stra\u00dfe nach Ensenada. Alter einheimischer Wald, Blick auf das Seebecken, Wasser, Strom, Glasfaserkabel und 6 km vom B\u00fcrgersteig entfernt.\" \/>\n<meta property=\"og:url\" content=\"https:\/\/produncan.cl\/de\/produkt\/landleben-in-puerto-varas-bosque-los-chaquihues-seengebiet\/\" \/>\n<meta property=\"og:site_name\" content=\"Produncan\" \/>\n<meta property=\"article:publisher\" content=\"https:\/\/web.facebook.com\/produncanland\" \/>\n<meta property=\"article:modified_time\" content=\"2025-11-05T14:59:42+00:00\" \/>\n<meta property=\"og:image\" content=\"https:\/\/produncan.cl\/wp-content\/uploads\/2025\/05\/Campo-en-venta-Bosque-Chaquihues-Puerto-Varas.webp\" \/>\n<meta name=\"twitter:card\" content=\"summary_large_image\" \/>\n<meta name=\"twitter:label1\" content=\"Price\" \/>\n\t<meta name=\"twitter:data1\" content=\"USD414.300,00\" \/>\n\t<meta name=\"twitter:label2\" content=\"Availability\" \/>\n\t<meta name=\"twitter:data2\" content=\"In stock\" \/>\n<script type=\"application\/ld+json\" class=\"yoast-schema-graph\">{\"@context\":\"https:\\\/\\\/schema.org\",\"@graph\":[{\"@type\":\"WebPage\",\"@id\":\"https:\\\/\\\/produncan.cl\\\/de\\\/produkt\\\/landleben-in-puerto-varas-bosque-los-chaquihues-seengebiet\\\/\",\"url\":\"https:\\\/\\\/produncan.cl\\\/de\\\/produkt\\\/landleben-in-puerto-varas-bosque-los-chaquihues-seengebiet\\\/\",\"name\":\"Feld in Puerto Varas, Bosque los Chaquihues - Produncan\",\"isPartOf\":{\"@id\":\"https:\\\/\\\/produncan.cl\\\/de\\\/#website\"},\"primaryImageOfPage\":{\"@id\":\"https:\\\/\\\/produncan.cl\\\/de\\\/produkt\\\/landleben-in-puerto-varas-bosque-los-chaquihues-seengebiet\\\/#primaryimage\"},\"image\":{\"@id\":\"https:\\\/\\\/produncan.cl\\\/de\\\/produkt\\\/landleben-in-puerto-varas-bosque-los-chaquihues-seengebiet\\\/#primaryimage\"},\"thumbnailUrl\":\"https:\\\/\\\/produncan.cl\\\/wp-content\\\/uploads\\\/2025\\\/05\\\/Campo-en-venta-Bosque-Chaquihues-Puerto-Varas.webp\",\"datePublished\":\"2025-05-22T23:00:41+00:00\",\"dateModified\":\"2025-11-05T14:59:42+00:00\",\"description\":\"Grundst\u00fcck von 27,22 ha in Puerto Varas, an der Stra\u00dfe nach Ensenada. Alter einheimischer Wald, Blick auf das Seebecken, Wasser, Strom, Glasfaserkabel und 6 km vom B\u00fcrgersteig entfernt.\",\"breadcrumb\":{\"@id\":\"https:\\\/\\\/produncan.cl\\\/de\\\/produkt\\\/landleben-in-puerto-varas-bosque-los-chaquihues-seengebiet\\\/#breadcrumb\"},\"inLanguage\":\"de-DE\",\"potentialAction\":[{\"@type\":\"ReadAction\",\"target\":[\"https:\\\/\\\/produncan.cl\\\/de\\\/produkt\\\/landleben-in-puerto-varas-bosque-los-chaquihues-seengebiet\\\/\"]}]},{\"@type\":\"ImageObject\",\"inLanguage\":\"de-DE\",\"@id\":\"https:\\\/\\\/produncan.cl\\\/de\\\/produkt\\\/landleben-in-puerto-varas-bosque-los-chaquihues-seengebiet\\\/#primaryimage\",\"url\":\"https:\\\/\\\/produncan.cl\\\/wp-content\\\/uploads\\\/2025\\\/05\\\/Campo-en-venta-Bosque-Chaquihues-Puerto-Varas.webp\",\"contentUrl\":\"https:\\\/\\\/produncan.cl\\\/wp-content\\\/uploads\\\/2025\\\/05\\\/Campo-en-venta-Bosque-Chaquihues-Puerto-Varas.webp\",\"width\":800,\"height\":600,\"caption\":\"Feld zum Verkauf Bosque Chaquihues Puerto Varas\"},{\"@type\":\"BreadcrumbList\",\"@id\":\"https:\\\/\\\/produncan.cl\\\/de\\\/produkt\\\/landleben-in-puerto-varas-bosque-los-chaquihues-seengebiet\\\/#breadcrumb\",\"itemListElement\":[{\"@type\":\"ListItem\",\"position\":1,\"name\":\"Inicio\",\"item\":\"https:\\\/\\\/produncan.cl\\\/de\\\/\"},{\"@type\":\"ListItem\",\"position\":2,\"name\":\"Eigenschaften\",\"item\":\"https:\\\/\\\/produncan.cl\\\/propiedades\\\/\"},{\"@type\":\"ListItem\",\"position\":3,\"name\":\"Felder\",\"item\":\"https:\\\/\\\/produncan.cl\\\/de\\\/kategorie\\\/felder\\\/\"},{\"@type\":\"ListItem\",\"position\":4,\"name\":\"Landleben in Puerto Varas, Bosque los Chaquihues &#8211; Seengebiet\"}]},{\"@type\":\"WebSite\",\"@id\":\"https:\\\/\\\/produncan.cl\\\/de\\\/#website\",\"url\":\"https:\\\/\\\/produncan.cl\\\/de\\\/\",\"name\":\"Produncan\",\"description\":\"Wir begleiten Sie bei Ihrem Lebensprojekt!\",\"publisher\":{\"@id\":\"https:\\\/\\\/produncan.cl\\\/de\\\/#organization\"},\"potentialAction\":[{\"@type\":\"SearchAction\",\"target\":{\"@type\":\"EntryPoint\",\"urlTemplate\":\"https:\\\/\\\/produncan.cl\\\/de\\\/?s={search_term_string}\"},\"query-input\":{\"@type\":\"PropertyValueSpecification\",\"valueRequired\":true,\"valueName\":\"search_term_string\"}}],\"inLanguage\":\"de-DE\"},{\"@type\":\"Organization\",\"@id\":\"https:\\\/\\\/produncan.cl\\\/de\\\/#organization\",\"name\":\"Produncan\",\"url\":\"https:\\\/\\\/produncan.cl\\\/de\\\/\",\"logo\":{\"@type\":\"ImageObject\",\"inLanguage\":\"de-DE\",\"@id\":\"https:\\\/\\\/produncan.cl\\\/de\\\/#\\\/schema\\\/logo\\\/image\\\/\",\"url\":\"https:\\\/\\\/produncan.cl\\\/wp-content\\\/uploads\\\/2021\\\/03\\\/LOGO.jpeg\",\"contentUrl\":\"https:\\\/\\\/produncan.cl\\\/wp-content\\\/uploads\\\/2021\\\/03\\\/LOGO.jpeg\",\"width\":1280,\"height\":903,\"caption\":\"Produncan\"},\"image\":{\"@id\":\"https:\\\/\\\/produncan.cl\\\/de\\\/#\\\/schema\\\/logo\\\/image\\\/\"},\"sameAs\":[\"https:\\\/\\\/web.facebook.com\\\/produncanland\",\"https:\\\/\\\/www.instagram.com\\\/pro_duncan\\\/\",\"https:\\\/\\\/www.linkedin.com\\\/company\\\/produncan-lands\\\/\",\"https:\\\/\\\/www.youtube.com\\\/channel\\\/UCu7N-f3x0svkazD-Eew1-QQ\"],\"description\":\"En Produncan somos especialistas en la venta de terrenos en el sur de Chile. Proveemos estancias, campos, parcelas y hoteles.\",\"email\":\"info@produncan.cl\"}]}<\/script>\n<meta property=\"og:video\" content=\"https:\/\/www.youtube.com\/embed\/3hCbI9UaRhQ\" \/>\n<meta property=\"og:video:type\" content=\"text\/html\" \/>\n<meta property=\"og:video:duration\" content=\"65\" \/>\n<meta property=\"og:video:width\" content=\"480\" \/>\n<meta property=\"og:video:height\" content=\"270\" \/>\n<meta property=\"ya:ovs:adult\" content=\"false\" \/>\n<meta property=\"ya:ovs:upload_date\" content=\"2025-05-22T23:00:41+00:00\" \/>\n<meta property=\"ya:ovs:allow_embed\" content=\"true\" \/>\n<meta property=\"product:price:amount\" content=\"414300.00\" \/>\n<meta property=\"product:price:currency\" content=\"USD\" \/>\n<meta property=\"og:availability\" content=\"instock\" \/>\n<meta property=\"product:availability\" content=\"instock\" \/>\n<meta property=\"product:condition\" content=\"new\" \/>\n<!-- \/ Yoast SEO Premium plugin. -->","yoast_head_json":{"title":"Feld in Puerto Varas, Bosque los Chaquihues - Produncan","description":"Grundst\u00fcck von 27,22 ha in Puerto Varas, an der Stra\u00dfe nach Ensenada. Alter einheimischer Wald, Blick auf das Seebecken, Wasser, Strom, Glasfaserkabel und 6 km vom B\u00fcrgersteig entfernt.","robots":{"index":"index","follow":"follow","max-snippet":"max-snippet:-1","max-image-preview":"max-image-preview:large","max-video-preview":"max-video-preview:-1"},"canonical":"https:\/\/produncan.cl\/de\/produkt\/landleben-in-puerto-varas-bosque-los-chaquihues-seengebiet\/","og_locale":"de_DE","og_type":"article","og_title":"Landleben in Puerto Varas, Bosque los Chaquihues - Seengebiet","og_description":"Grundst\u00fcck von 27,22 ha in Puerto Varas, an der Stra\u00dfe nach Ensenada. Alter einheimischer Wald, Blick auf das Seebecken, Wasser, Strom, Glasfaserkabel und 6 km vom B\u00fcrgersteig entfernt.","og_url":"https:\/\/produncan.cl\/de\/produkt\/landleben-in-puerto-varas-bosque-los-chaquihues-seengebiet\/","og_site_name":"Produncan","article_publisher":"https:\/\/web.facebook.com\/produncanland","article_modified_time":"2025-11-05T14:59:42+00:00","og_image":[{"url":"https:\/\/produncan.cl\/wp-content\/uploads\/2025\/05\/Campo-en-venta-Bosque-Chaquihues-Puerto-Varas.webp","type":"","width":"","height":""}],"twitter_card":"summary_large_image","twitter_misc":{"Price":"USD414.300,00","Availability":"In stock"},"schema":{"@context":"https:\/\/schema.org","@graph":[{"@type":"WebPage","@id":"https:\/\/produncan.cl\/de\/produkt\/landleben-in-puerto-varas-bosque-los-chaquihues-seengebiet\/","url":"https:\/\/produncan.cl\/de\/produkt\/landleben-in-puerto-varas-bosque-los-chaquihues-seengebiet\/","name":"Feld in Puerto Varas, Bosque los Chaquihues - Produncan","isPartOf":{"@id":"https:\/\/produncan.cl\/de\/#website"},"primaryImageOfPage":{"@id":"https:\/\/produncan.cl\/de\/produkt\/landleben-in-puerto-varas-bosque-los-chaquihues-seengebiet\/#primaryimage"},"image":{"@id":"https:\/\/produncan.cl\/de\/produkt\/landleben-in-puerto-varas-bosque-los-chaquihues-seengebiet\/#primaryimage"},"thumbnailUrl":"https:\/\/produncan.cl\/wp-content\/uploads\/2025\/05\/Campo-en-venta-Bosque-Chaquihues-Puerto-Varas.webp","datePublished":"2025-05-22T23:00:41+00:00","dateModified":"2025-11-05T14:59:42+00:00","description":"Grundst\u00fcck von 27,22 ha in Puerto Varas, an der Stra\u00dfe nach Ensenada. Alter einheimischer Wald, Blick auf das Seebecken, Wasser, Strom, Glasfaserkabel und 6 km vom B\u00fcrgersteig entfernt.","breadcrumb":{"@id":"https:\/\/produncan.cl\/de\/produkt\/landleben-in-puerto-varas-bosque-los-chaquihues-seengebiet\/#breadcrumb"},"inLanguage":"de-DE","potentialAction":[{"@type":"ReadAction","target":["https:\/\/produncan.cl\/de\/produkt\/landleben-in-puerto-varas-bosque-los-chaquihues-seengebiet\/"]}]},{"@type":"ImageObject","inLanguage":"de-DE","@id":"https:\/\/produncan.cl\/de\/produkt\/landleben-in-puerto-varas-bosque-los-chaquihues-seengebiet\/#primaryimage","url":"https:\/\/produncan.cl\/wp-content\/uploads\/2025\/05\/Campo-en-venta-Bosque-Chaquihues-Puerto-Varas.webp","contentUrl":"https:\/\/produncan.cl\/wp-content\/uploads\/2025\/05\/Campo-en-venta-Bosque-Chaquihues-Puerto-Varas.webp","width":800,"height":600,"caption":"Feld zum Verkauf Bosque Chaquihues Puerto Varas"},{"@type":"BreadcrumbList","@id":"https:\/\/produncan.cl\/de\/produkt\/landleben-in-puerto-varas-bosque-los-chaquihues-seengebiet\/#breadcrumb","itemListElement":[{"@type":"ListItem","position":1,"name":"Inicio","item":"https:\/\/produncan.cl\/de\/"},{"@type":"ListItem","position":2,"name":"Eigenschaften","item":"https:\/\/produncan.cl\/propiedades\/"},{"@type":"ListItem","position":3,"name":"Felder","item":"https:\/\/produncan.cl\/de\/kategorie\/felder\/"},{"@type":"ListItem","position":4,"name":"Landleben in Puerto Varas, Bosque los Chaquihues &#8211; Seengebiet"}]},{"@type":"WebSite","@id":"https:\/\/produncan.cl\/de\/#website","url":"https:\/\/produncan.cl\/de\/","name":"Produncan","description":"Wir begleiten Sie bei Ihrem Lebensprojekt!","publisher":{"@id":"https:\/\/produncan.cl\/de\/#organization"},"potentialAction":[{"@type":"SearchAction","target":{"@type":"EntryPoint","urlTemplate":"https:\/\/produncan.cl\/de\/?s={search_term_string}"},"query-input":{"@type":"PropertyValueSpecification","valueRequired":true,"valueName":"search_term_string"}}],"inLanguage":"de-DE"},{"@type":"Organization","@id":"https:\/\/produncan.cl\/de\/#organization","name":"Produncan","url":"https:\/\/produncan.cl\/de\/","logo":{"@type":"ImageObject","inLanguage":"de-DE","@id":"https:\/\/produncan.cl\/de\/#\/schema\/logo\/image\/","url":"https:\/\/produncan.cl\/wp-content\/uploads\/2021\/03\/LOGO.jpeg","contentUrl":"https:\/\/produncan.cl\/wp-content\/uploads\/2021\/03\/LOGO.jpeg","width":1280,"height":903,"caption":"Produncan"},"image":{"@id":"https:\/\/produncan.cl\/de\/#\/schema\/logo\/image\/"},"sameAs":["https:\/\/web.facebook.com\/produncanland","https:\/\/www.instagram.com\/pro_duncan\/","https:\/\/www.linkedin.com\/company\/produncan-lands\/","https:\/\/www.youtube.com\/channel\/UCu7N-f3x0svkazD-Eew1-QQ"],"description":"En Produncan somos especialistas en la venta de terrenos en el sur de Chile. Proveemos estancias, campos, parcelas y hoteles.","email":"info@produncan.cl"}]},"og_video":"https:\/\/www.youtube.com\/embed\/3hCbI9UaRhQ","og_video_type":"text\/html","og_video_duration":"65","og_video_width":"480","og_video_height":"270","ya_ovs_adult":"false","ya_ovs_upload_date":"2025-05-22T23:00:41+00:00","ya_ovs_allow_embed":"true","product_price_amount":"414300.00","product_price_currency":"USD","og_availability":"instock","product_availability":"instock","product_condition":"new"},"_links":{"self":[{"href":"https:\/\/produncan.cl\/de\/wp-json\/wp\/v2\/product\/41647","targetHints":{"allow":["GET"]}}],"collection":[{"href":"https:\/\/produncan.cl\/de\/wp-json\/wp\/v2\/product"}],"about":[{"href":"https:\/\/produncan.cl\/de\/wp-json\/wp\/v2\/types\/product"}],"version-history":[{"count":1,"href":"https:\/\/produncan.cl\/de\/wp-json\/wp\/v2\/product\/41647\/revisions"}],"predecessor-version":[{"id":51654,"href":"https:\/\/produncan.cl\/de\/wp-json\/wp\/v2\/product\/41647\/revisions\/51654"}],"wp:featuredmedia":[{"embeddable":true,"href":"https:\/\/produncan.cl\/de\/wp-json\/wp\/v2\/media\/41161"}],"wp:attachment":[{"href":"https:\/\/produncan.cl\/de\/wp-json\/wp\/v2\/media?parent=41647"}],"wp:term":[{"taxonomy":"product_brand","embeddable":true,"href":"https:\/\/produncan.cl\/de\/wp-json\/wp\/v2\/product_brand?post=41647"},{"taxonomy":"product_cat","embeddable":true,"href":"https:\/\/produncan.cl\/de\/wp-json\/wp\/v2\/product_cat?post=41647"},{"taxonomy":"product_tag","embeddable":true,"href":"https:\/\/produncan.cl\/de\/wp-json\/wp\/v2\/product_tag?post=41647"},{"taxonomy":"regiones","embeddable":true,"href":"https:\/\/produncan.cl\/de\/wp-json\/wp\/v2\/regiones?post=41647"},{"taxonomy":"ciudades","embeddable":true,"href":"https:\/\/produncan.cl\/de\/wp-json\/wp\/v2\/ciudades?post=41647"}],"curies":[{"name":"wp","href":"https:\/\/api.w.org\/{rel}","templated":true}]}}