{"id":41649,"date":"2025-05-23T19:56:13","date_gmt":"2025-05-23T23:56:13","guid":{"rendered":"https:\/\/produncan.cl\/producto\/grundstueck-in-futrono-vista-hermosa-lago-ranco-region-fluesse\/"},"modified":"2025-11-05T11:59:42","modified_gmt":"2025-11-05T14:59:42","slug":"grundstueck-in-futrono-vista-hermosa-lago-ranco-region-fluesse","status":"publish","type":"product","link":"https:\/\/produncan.cl\/de\/produkt\/grundstueck-in-futrono-vista-hermosa-lago-ranco-region-fluesse\/","title":{"rendered":"Grundst\u00fcck in Futrono, Vista Hermosa &#8211; Lago Ranco &#8211; Region Fl\u00fcsse"},"content":{"rendered":"\t\t<div data-elementor-type=\"product-post\" data-elementor-id=\"41649\" class=\"elementor elementor-41649 elementor-41258\" data-elementor-post-type=\"product\">\n\t\t\t\t<div class=\"elementor-element elementor-element-2309f75 e-flex e-con-boxed e-con e-parent\" data-id=\"2309f75\" data-element_type=\"container\" data-e-type=\"container\" data-settings=\"{&quot;jet_parallax_layout_list&quot;:[]}\">\n\t\t\t\t\t<div class=\"e-con-inner\">\n\t\t\t\t<div class=\"elementor-element elementor-element-b928a54 elementor-widget elementor-widget-heading\" data-id=\"b928a54\" data-element_type=\"widget\" data-e-type=\"widget\" data-widget_type=\"heading.default\">\n\t\t\t\t\t<h2 class=\"elementor-heading-title elementor-size-default\">1,5 Hektar flache Pr\u00e4rie mit Wasser, Bew\u00e4sserungsrechten und Anschlussm\u00f6glichkeiten in Futrono<\/h2>\t\t\t\t<\/div>\n\t\t\t\t\t<\/div>\n\t\t\t\t<\/div>\n\t\t<div class=\"elementor-element elementor-element-9f75533 e-flex e-con-boxed e-con e-parent\" data-id=\"9f75533\" data-element_type=\"container\" data-e-type=\"container\" data-settings=\"{&quot;jet_parallax_layout_list&quot;:[]}\">\n\t\t\t\t\t<div class=\"e-con-inner\">\n\t\t\t\t<div class=\"elementor-element elementor-element-ec766b9 elementor-widget elementor-widget-text-editor\" data-id=\"ec766b9\" data-element_type=\"widget\" data-e-type=\"widget\" data-widget_type=\"text-editor.default\">\n\t\t\t\t\t\t\t\t\t<p>Im Sektor Vista Hermosa in der Gemeinde Futrono gelegen, bietet dieses 1,5 Hektar gro\u00dfe Grundst\u00fcck eine ruhige, l\u00e4ndliche Umgebung mit guter Sonneneinstrahlung und einer v\u00f6llig flachen Topographie, ideal f\u00fcr landwirtschaftliche Projekte, Wohn- oder Erholungsprojekte.<\/p><p>Das Grundst\u00fcck in Futrono, Lago Ranco, verf\u00fcgt \u00fcber eigenes Land, wird von einem 67 Meter langen Bew\u00e4sserungskanal durchquert und verf\u00fcgt \u00fcber Oberfl\u00e4chenwasserrechte, was den Zugang zu dieser grundlegenden Ressource garantiert. Dar\u00fcber hinaus wird die offizielle Einbindung in das APR-System f\u00fcr dieses Jahr vorbereitet, der Brunnen ist bereit zur Installation. <\/p><p>Das Stromnetz von Saesa verl\u00e4uft nur 20 Meter entfernt, was den Anschluss erleichtert. Das Grundst\u00fcck ist nicht bebaut, verf\u00fcgt aber \u00fcber eine Umz\u00e4unung mit Stacheldraht, eine eingetragene Grunddienstbarkeit und einen einfachen Zugang \u00fcber eine geschotterte \u00f6ffentliche Stra\u00dfe in ausgezeichnetem Zustand und eine letzte Grunddienstbarkeit von nur 200 Metern. <\/p><p>Dieses Grundst\u00fcck in Futrono ist nur 3,7 km vom Asphalt, 10 Minuten vom Lago Ranco (Sektor Bah\u00eda Coique), 10 km vom Zentrum von Futrono und etwa 1 Stunde vom Flughafen entfernt. Auch die digitale Anbindung ist mit einem guten Mobilfunksignal gut gel\u00f6st. <\/p><p>Es gibt keine gemeinsamen Kosten oder Nutzungsbeschr\u00e4nkungen, und es werden keine Steuern gezahlt. Das Grundst\u00fcck ist von nat\u00fcrlichem Gr\u00fcnland bedeckt, mit einigen einheimischen B\u00e4umen und Str\u00e4uchern am Eingang, was es ideal f\u00fcr diejenigen macht, die ein leicht erschlossenes Grundst\u00fcck suchen, das nicht zu einem Aufteilungsprojekt geh\u00f6rt. <\/p><p>Eine ausgezeichnete Gelegenheit f\u00fcr diejenigen, die Ruhe, landwirtschaftliche Projektion oder Wohnsitz in einer privilegierten nat\u00fcrlichen Umgebung, mit der N\u00e4he zu Dienstleistungen, Konnektivit\u00e4t und touristischen Attraktionen suchen.<\/p><p>Kontaktieren Sie uns, um Ihren Besuch zu planen und diese einzigartige Ecke des Lake District zu entdecken!<\/p>\t\t\t\t\t\t\t\t<\/div>\n\t\t\t\t\t<\/div>\n\t\t\t\t<\/div>\n\t\t\t\t<\/div>\n\t\t","protected":false},"excerpt":{"rendered":"<p>Grundst\u00fcck in Futrono, Lago Ranco von 1,5 Hektar. Flache Topographie und gr\u00f6\u00dftenteils von Wiese bedeckt, guter Zugang, Strom, Wasserrechte und APR. Nur 3,7 km von Asphalt, 10 Minuten von Futrono und eine Stunde vom Flughafen entfernt.  <\/p>\n","protected":false},"featured_media":41263,"template":"","meta":{"_acf_changed":false},"product_brand":[],"product_cat":[104],"product_tag":[232],"regiones":[226],"ciudades":[459],"class_list":{"0":"post-41649","1":"product","2":"type-product","3":"status-publish","4":"has-post-thumbnail","6":"product_cat-ohiggins-los-lagos","7":"product_tag-grundstuecke","8":"regiones-nuble-los_lagos","9":"ciudades-futrono","11":"first","12":"instock","13":"shipping-taxable","14":"purchasable","15":"product-type-simple"},"acf":[],"yoast_head":"<!-- This site is optimized with the Yoast SEO Premium plugin v26.0 (Yoast SEO v27.3) - https:\/\/yoast.com\/product\/yoast-seo-premium-wordpress\/ -->\n<title>Grundst\u00fcck in Futrono, Vista Hermosa - Lago Ranco - Produncan<\/title>\n<meta name=\"description\" content=\"Baugrundst\u00fcck in Futrono, Lago Ranco. Flaches Land mit Wiese, guter Zugang, Strom, APR und Wasserrechte. Auf 3,7 km von Asphalt und 10 Minuten von Futrono.\" \/>\n<meta name=\"robots\" content=\"index, follow, max-snippet:-1, max-image-preview:large, max-video-preview:-1\" \/>\n<link rel=\"canonical\" href=\"https:\/\/produncan.cl\/de\/produkt\/grundstueck-in-futrono-vista-hermosa-lago-ranco-region-fluesse\/\" \/>\n<meta property=\"og:locale\" content=\"de_DE\" \/>\n<meta property=\"og:type\" content=\"article\" \/>\n<meta property=\"og:title\" content=\"Grundst\u00fcck in Futrono, Vista Hermosa - Lago Ranco - Region Fl\u00fcsse\" \/>\n<meta property=\"og:description\" content=\"Baugrundst\u00fcck in Futrono, Lago Ranco. Flaches Land mit Wiese, guter Zugang, Strom, APR und Wasserrechte. Auf 3,7 km von Asphalt und 10 Minuten von Futrono.\" \/>\n<meta property=\"og:url\" content=\"https:\/\/produncan.cl\/de\/produkt\/grundstueck-in-futrono-vista-hermosa-lago-ranco-region-fluesse\/\" \/>\n<meta property=\"og:site_name\" content=\"Produncan\" \/>\n<meta property=\"article:publisher\" content=\"https:\/\/web.facebook.com\/produncanland\" \/>\n<meta property=\"article:modified_time\" content=\"2025-11-05T14:59:42+00:00\" \/>\n<meta property=\"og:image\" content=\"https:\/\/produncan.cl\/wp-content\/uploads\/2025\/05\/PARCELA-VISTA-HERMOSA.webp\" \/>\n\t<meta property=\"og:image:width\" content=\"800\" \/>\n\t<meta property=\"og:image:height\" content=\"600\" \/>\n\t<meta property=\"og:image:type\" content=\"image\/webp\" \/>\n<meta name=\"twitter:card\" content=\"summary_large_image\" \/>\n<meta name=\"twitter:label1\" content=\"Price\" \/>\n\t<meta name=\"twitter:data1\" content=\"USD119.600,00\" \/>\n\t<meta name=\"twitter:label2\" content=\"Availability\" \/>\n\t<meta name=\"twitter:data2\" content=\"In stock\" \/>\n<script type=\"application\/ld+json\" class=\"yoast-schema-graph\">{\"@context\":\"https:\\\/\\\/schema.org\",\"@graph\":[{\"@type\":\"WebPage\",\"@id\":\"https:\\\/\\\/produncan.cl\\\/de\\\/produkt\\\/grundstueck-in-futrono-vista-hermosa-lago-ranco-region-fluesse\\\/\",\"url\":\"https:\\\/\\\/produncan.cl\\\/de\\\/produkt\\\/grundstueck-in-futrono-vista-hermosa-lago-ranco-region-fluesse\\\/\",\"name\":\"Grundst\u00fcck in Futrono, Vista Hermosa - Lago Ranco - Produncan\",\"isPartOf\":{\"@id\":\"https:\\\/\\\/produncan.cl\\\/de\\\/#website\"},\"primaryImageOfPage\":{\"@id\":\"https:\\\/\\\/produncan.cl\\\/de\\\/produkt\\\/grundstueck-in-futrono-vista-hermosa-lago-ranco-region-fluesse\\\/#primaryimage\"},\"image\":{\"@id\":\"https:\\\/\\\/produncan.cl\\\/de\\\/produkt\\\/grundstueck-in-futrono-vista-hermosa-lago-ranco-region-fluesse\\\/#primaryimage\"},\"thumbnailUrl\":\"https:\\\/\\\/produncan.cl\\\/wp-content\\\/uploads\\\/2025\\\/05\\\/PARCELA-VISTA-HERMOSA.webp\",\"datePublished\":\"2025-05-23T23:56:13+00:00\",\"dateModified\":\"2025-11-05T14:59:42+00:00\",\"description\":\"Baugrundst\u00fcck in Futrono, Lago Ranco. Flaches Land mit Wiese, guter Zugang, Strom, APR und Wasserrechte. Auf 3,7 km von Asphalt und 10 Minuten von Futrono.\",\"breadcrumb\":{\"@id\":\"https:\\\/\\\/produncan.cl\\\/de\\\/produkt\\\/grundstueck-in-futrono-vista-hermosa-lago-ranco-region-fluesse\\\/#breadcrumb\"},\"inLanguage\":\"de-DE\",\"potentialAction\":[{\"@type\":\"ReadAction\",\"target\":[\"https:\\\/\\\/produncan.cl\\\/de\\\/produkt\\\/grundstueck-in-futrono-vista-hermosa-lago-ranco-region-fluesse\\\/\"]}]},{\"@type\":\"ImageObject\",\"inLanguage\":\"de-DE\",\"@id\":\"https:\\\/\\\/produncan.cl\\\/de\\\/produkt\\\/grundstueck-in-futrono-vista-hermosa-lago-ranco-region-fluesse\\\/#primaryimage\",\"url\":\"https:\\\/\\\/produncan.cl\\\/wp-content\\\/uploads\\\/2025\\\/05\\\/PARCELA-VISTA-HERMOSA.webp\",\"contentUrl\":\"https:\\\/\\\/produncan.cl\\\/wp-content\\\/uploads\\\/2025\\\/05\\\/PARCELA-VISTA-HERMOSA.webp\",\"width\":800,\"height\":600,\"caption\":\"- Ja.\"},{\"@type\":\"BreadcrumbList\",\"@id\":\"https:\\\/\\\/produncan.cl\\\/de\\\/produkt\\\/grundstueck-in-futrono-vista-hermosa-lago-ranco-region-fluesse\\\/#breadcrumb\",\"itemListElement\":[{\"@type\":\"ListItem\",\"position\":1,\"name\":\"Inicio\",\"item\":\"https:\\\/\\\/produncan.cl\\\/de\\\/\"},{\"@type\":\"ListItem\",\"position\":2,\"name\":\"Eigenschaften\",\"item\":\"https:\\\/\\\/produncan.cl\\\/propiedades\\\/\"},{\"@type\":\"ListItem\",\"position\":3,\"name\":\"Grundst\u00fccke\",\"item\":\"https:\\\/\\\/produncan.cl\\\/de\\\/kategorie\\\/grundstuecke\\\/\"},{\"@type\":\"ListItem\",\"position\":4,\"name\":\"Grundst\u00fcck in Futrono, Vista Hermosa &#8211; Lago Ranco &#8211; Region Fl\u00fcsse\"}]},{\"@type\":\"WebSite\",\"@id\":\"https:\\\/\\\/produncan.cl\\\/de\\\/#website\",\"url\":\"https:\\\/\\\/produncan.cl\\\/de\\\/\",\"name\":\"Produncan\",\"description\":\"Wir begleiten Sie bei Ihrem Lebensprojekt!\",\"publisher\":{\"@id\":\"https:\\\/\\\/produncan.cl\\\/de\\\/#organization\"},\"potentialAction\":[{\"@type\":\"SearchAction\",\"target\":{\"@type\":\"EntryPoint\",\"urlTemplate\":\"https:\\\/\\\/produncan.cl\\\/de\\\/?s={search_term_string}\"},\"query-input\":{\"@type\":\"PropertyValueSpecification\",\"valueRequired\":true,\"valueName\":\"search_term_string\"}}],\"inLanguage\":\"de-DE\"},{\"@type\":\"Organization\",\"@id\":\"https:\\\/\\\/produncan.cl\\\/de\\\/#organization\",\"name\":\"Produncan\",\"url\":\"https:\\\/\\\/produncan.cl\\\/de\\\/\",\"logo\":{\"@type\":\"ImageObject\",\"inLanguage\":\"de-DE\",\"@id\":\"https:\\\/\\\/produncan.cl\\\/de\\\/#\\\/schema\\\/logo\\\/image\\\/\",\"url\":\"https:\\\/\\\/produncan.cl\\\/wp-content\\\/uploads\\\/2021\\\/03\\\/LOGO.jpeg\",\"contentUrl\":\"https:\\\/\\\/produncan.cl\\\/wp-content\\\/uploads\\\/2021\\\/03\\\/LOGO.jpeg\",\"width\":1280,\"height\":903,\"caption\":\"Produncan\"},\"image\":{\"@id\":\"https:\\\/\\\/produncan.cl\\\/de\\\/#\\\/schema\\\/logo\\\/image\\\/\"},\"sameAs\":[\"https:\\\/\\\/web.facebook.com\\\/produncanland\",\"https:\\\/\\\/www.instagram.com\\\/pro_duncan\\\/\",\"https:\\\/\\\/www.linkedin.com\\\/company\\\/produncan-lands\\\/\",\"https:\\\/\\\/www.youtube.com\\\/channel\\\/UCu7N-f3x0svkazD-Eew1-QQ\"],\"description\":\"En Produncan somos especialistas en la venta de terrenos en el sur de Chile. Proveemos estancias, campos, parcelas y hoteles.\",\"email\":\"info@produncan.cl\"}]}<\/script>\n<meta property=\"og:video\" content=\"https:\/\/www.youtube.com\/embed\/zsySYa5r-bw\" \/>\n<meta property=\"og:video:type\" content=\"text\/html\" \/>\n<meta property=\"og:video:duration\" content=\"69\" \/>\n<meta property=\"og:video:width\" content=\"480\" \/>\n<meta property=\"og:video:height\" content=\"270\" \/>\n<meta property=\"ya:ovs:adult\" content=\"false\" \/>\n<meta property=\"ya:ovs:upload_date\" content=\"2025-05-23T23:56:13+00:00\" \/>\n<meta property=\"ya:ovs:allow_embed\" content=\"true\" \/>\n<meta property=\"product:price:amount\" content=\"119600.00\" \/>\n<meta property=\"product:price:currency\" content=\"USD\" \/>\n<meta property=\"og:availability\" content=\"instock\" \/>\n<meta property=\"product:availability\" content=\"instock\" \/>\n<meta property=\"product:condition\" content=\"new\" \/>\n<!-- \/ Yoast SEO Premium plugin. -->","yoast_head_json":{"title":"Grundst\u00fcck in Futrono, Vista Hermosa - Lago Ranco - Produncan","description":"Baugrundst\u00fcck in Futrono, Lago Ranco. Flaches Land mit Wiese, guter Zugang, Strom, APR und Wasserrechte. Auf 3,7 km von Asphalt und 10 Minuten von Futrono.","robots":{"index":"index","follow":"follow","max-snippet":"max-snippet:-1","max-image-preview":"max-image-preview:large","max-video-preview":"max-video-preview:-1"},"canonical":"https:\/\/produncan.cl\/de\/produkt\/grundstueck-in-futrono-vista-hermosa-lago-ranco-region-fluesse\/","og_locale":"de_DE","og_type":"article","og_title":"Grundst\u00fcck in Futrono, Vista Hermosa - Lago Ranco - Region Fl\u00fcsse","og_description":"Baugrundst\u00fcck in Futrono, Lago Ranco. Flaches Land mit Wiese, guter Zugang, Strom, APR und Wasserrechte. Auf 3,7 km von Asphalt und 10 Minuten von Futrono.","og_url":"https:\/\/produncan.cl\/de\/produkt\/grundstueck-in-futrono-vista-hermosa-lago-ranco-region-fluesse\/","og_site_name":"Produncan","article_publisher":"https:\/\/web.facebook.com\/produncanland","article_modified_time":"2025-11-05T14:59:42+00:00","og_image":[{"width":800,"height":600,"url":"https:\/\/produncan.cl\/wp-content\/uploads\/2025\/05\/PARCELA-VISTA-HERMOSA.webp","type":"image\/webp"}],"twitter_card":"summary_large_image","twitter_misc":{"Price":"USD119.600,00","Availability":"In stock"},"schema":{"@context":"https:\/\/schema.org","@graph":[{"@type":"WebPage","@id":"https:\/\/produncan.cl\/de\/produkt\/grundstueck-in-futrono-vista-hermosa-lago-ranco-region-fluesse\/","url":"https:\/\/produncan.cl\/de\/produkt\/grundstueck-in-futrono-vista-hermosa-lago-ranco-region-fluesse\/","name":"Grundst\u00fcck in Futrono, Vista Hermosa - Lago Ranco - Produncan","isPartOf":{"@id":"https:\/\/produncan.cl\/de\/#website"},"primaryImageOfPage":{"@id":"https:\/\/produncan.cl\/de\/produkt\/grundstueck-in-futrono-vista-hermosa-lago-ranco-region-fluesse\/#primaryimage"},"image":{"@id":"https:\/\/produncan.cl\/de\/produkt\/grundstueck-in-futrono-vista-hermosa-lago-ranco-region-fluesse\/#primaryimage"},"thumbnailUrl":"https:\/\/produncan.cl\/wp-content\/uploads\/2025\/05\/PARCELA-VISTA-HERMOSA.webp","datePublished":"2025-05-23T23:56:13+00:00","dateModified":"2025-11-05T14:59:42+00:00","description":"Baugrundst\u00fcck in Futrono, Lago Ranco. Flaches Land mit Wiese, guter Zugang, Strom, APR und Wasserrechte. Auf 3,7 km von Asphalt und 10 Minuten von Futrono.","breadcrumb":{"@id":"https:\/\/produncan.cl\/de\/produkt\/grundstueck-in-futrono-vista-hermosa-lago-ranco-region-fluesse\/#breadcrumb"},"inLanguage":"de-DE","potentialAction":[{"@type":"ReadAction","target":["https:\/\/produncan.cl\/de\/produkt\/grundstueck-in-futrono-vista-hermosa-lago-ranco-region-fluesse\/"]}]},{"@type":"ImageObject","inLanguage":"de-DE","@id":"https:\/\/produncan.cl\/de\/produkt\/grundstueck-in-futrono-vista-hermosa-lago-ranco-region-fluesse\/#primaryimage","url":"https:\/\/produncan.cl\/wp-content\/uploads\/2025\/05\/PARCELA-VISTA-HERMOSA.webp","contentUrl":"https:\/\/produncan.cl\/wp-content\/uploads\/2025\/05\/PARCELA-VISTA-HERMOSA.webp","width":800,"height":600,"caption":"- Ja."},{"@type":"BreadcrumbList","@id":"https:\/\/produncan.cl\/de\/produkt\/grundstueck-in-futrono-vista-hermosa-lago-ranco-region-fluesse\/#breadcrumb","itemListElement":[{"@type":"ListItem","position":1,"name":"Inicio","item":"https:\/\/produncan.cl\/de\/"},{"@type":"ListItem","position":2,"name":"Eigenschaften","item":"https:\/\/produncan.cl\/propiedades\/"},{"@type":"ListItem","position":3,"name":"Grundst\u00fccke","item":"https:\/\/produncan.cl\/de\/kategorie\/grundstuecke\/"},{"@type":"ListItem","position":4,"name":"Grundst\u00fcck in Futrono, Vista Hermosa &#8211; Lago Ranco &#8211; Region Fl\u00fcsse"}]},{"@type":"WebSite","@id":"https:\/\/produncan.cl\/de\/#website","url":"https:\/\/produncan.cl\/de\/","name":"Produncan","description":"Wir begleiten Sie bei Ihrem Lebensprojekt!","publisher":{"@id":"https:\/\/produncan.cl\/de\/#organization"},"potentialAction":[{"@type":"SearchAction","target":{"@type":"EntryPoint","urlTemplate":"https:\/\/produncan.cl\/de\/?s={search_term_string}"},"query-input":{"@type":"PropertyValueSpecification","valueRequired":true,"valueName":"search_term_string"}}],"inLanguage":"de-DE"},{"@type":"Organization","@id":"https:\/\/produncan.cl\/de\/#organization","name":"Produncan","url":"https:\/\/produncan.cl\/de\/","logo":{"@type":"ImageObject","inLanguage":"de-DE","@id":"https:\/\/produncan.cl\/de\/#\/schema\/logo\/image\/","url":"https:\/\/produncan.cl\/wp-content\/uploads\/2021\/03\/LOGO.jpeg","contentUrl":"https:\/\/produncan.cl\/wp-content\/uploads\/2021\/03\/LOGO.jpeg","width":1280,"height":903,"caption":"Produncan"},"image":{"@id":"https:\/\/produncan.cl\/de\/#\/schema\/logo\/image\/"},"sameAs":["https:\/\/web.facebook.com\/produncanland","https:\/\/www.instagram.com\/pro_duncan\/","https:\/\/www.linkedin.com\/company\/produncan-lands\/","https:\/\/www.youtube.com\/channel\/UCu7N-f3x0svkazD-Eew1-QQ"],"description":"En Produncan somos especialistas en la venta de terrenos en el sur de Chile. Proveemos estancias, campos, parcelas y hoteles.","email":"info@produncan.cl"}]},"og_video":"https:\/\/www.youtube.com\/embed\/zsySYa5r-bw","og_video_type":"text\/html","og_video_duration":"69","og_video_width":"480","og_video_height":"270","ya_ovs_adult":"false","ya_ovs_upload_date":"2025-05-23T23:56:13+00:00","ya_ovs_allow_embed":"true","product_price_amount":"119600.00","product_price_currency":"USD","og_availability":"instock","product_availability":"instock","product_condition":"new"},"_links":{"self":[{"href":"https:\/\/produncan.cl\/de\/wp-json\/wp\/v2\/product\/41649","targetHints":{"allow":["GET"]}}],"collection":[{"href":"https:\/\/produncan.cl\/de\/wp-json\/wp\/v2\/product"}],"about":[{"href":"https:\/\/produncan.cl\/de\/wp-json\/wp\/v2\/types\/product"}],"version-history":[{"count":2,"href":"https:\/\/produncan.cl\/de\/wp-json\/wp\/v2\/product\/41649\/revisions"}],"predecessor-version":[{"id":51650,"href":"https:\/\/produncan.cl\/de\/wp-json\/wp\/v2\/product\/41649\/revisions\/51650"}],"wp:featuredmedia":[{"embeddable":true,"href":"https:\/\/produncan.cl\/de\/wp-json\/wp\/v2\/media\/41263"}],"wp:attachment":[{"href":"https:\/\/produncan.cl\/de\/wp-json\/wp\/v2\/media?parent=41649"}],"wp:term":[{"taxonomy":"product_brand","embeddable":true,"href":"https:\/\/produncan.cl\/de\/wp-json\/wp\/v2\/product_brand?post=41649"},{"taxonomy":"product_cat","embeddable":true,"href":"https:\/\/produncan.cl\/de\/wp-json\/wp\/v2\/product_cat?post=41649"},{"taxonomy":"product_tag","embeddable":true,"href":"https:\/\/produncan.cl\/de\/wp-json\/wp\/v2\/product_tag?post=41649"},{"taxonomy":"regiones","embeddable":true,"href":"https:\/\/produncan.cl\/de\/wp-json\/wp\/v2\/regiones?post=41649"},{"taxonomy":"ciudades","embeddable":true,"href":"https:\/\/produncan.cl\/de\/wp-json\/wp\/v2\/ciudades?post=41649"}],"curies":[{"name":"wp","href":"https:\/\/api.w.org\/{rel}","templated":true}]}}