{"id":42081,"date":"2025-06-18T13:50:43","date_gmt":"2025-06-18T17:50:43","guid":{"rendered":"https:\/\/produncan.cl\/producto\/feld-im-maihue-see-chabranco-wald-futrono-region-los-rios\/"},"modified":"2025-11-05T11:59:41","modified_gmt":"2025-11-05T14:59:41","slug":"feld-im-maihue-see-chabranco-wald-futrono-region-los-rios","status":"publish","type":"product","link":"https:\/\/produncan.cl\/de\/produkt\/feld-im-maihue-see-chabranco-wald-futrono-region-los-rios\/","title":{"rendered":"Feld im Maihue-See, Chabranco-Wald &#8211; Futrono, Region Los R\u00edos."},"content":{"rendered":"\t\t<div data-elementor-type=\"product-post\" data-elementor-id=\"42081\" class=\"elementor elementor-42081 elementor-41722\" data-elementor-post-type=\"product\">\n\t\t\t\t<div class=\"elementor-element elementor-element-f50729b e-flex e-con-boxed e-con e-parent\" data-id=\"f50729b\" data-element_type=\"container\" data-e-type=\"container\" data-settings=\"{&quot;jet_parallax_layout_list&quot;:[]}\">\n\t\t\t\t\t<div class=\"e-con-inner\">\n\t\t\t\t<div class=\"elementor-element elementor-element-727e8dd elementor-widget elementor-widget-heading\" data-id=\"727e8dd\" data-element_type=\"widget\" data-e-type=\"widget\" data-widget_type=\"heading.default\">\n\t\t\t\t\t<h2 class=\"elementor-heading-title elementor-size-default\">Einzigartige Gelegenheit im Herzen der Kordilleren: 421 Hektar am Maihue-See<\/h2>\t\t\t\t<\/div>\n\t\t\t\t\t<\/div>\n\t\t\t\t<\/div>\n\t\t<div class=\"elementor-element elementor-element-8fbd67f e-flex e-con-boxed e-con e-parent\" data-id=\"8fbd67f\" data-element_type=\"container\" data-e-type=\"container\" data-settings=\"{&quot;jet_parallax_layout_list&quot;:[]}\">\n\t\t\t\t\t<div class=\"e-con-inner\">\n\t\t\t\t<div class=\"elementor-element elementor-element-a8209e4 elementor-widget elementor-widget-text-editor\" data-id=\"a8209e4\" data-element_type=\"widget\" data-e-type=\"widget\" data-widget_type=\"text-editor.default\">\n\t\t\t\t\t\t\t\t\t<p>In der Region Los Rios, wo das Hochgebirge mit dem Zauber des Urwalds verschmilzt, bieten wir dieses au\u00dfergew\u00f6hnliche Grundst\u00fcck von 421 Hektar im Sektor Chabranco am Maihue-See, nur 30 Minuten von Llif\u00e9n und 1 Stunde von Futrono entfernt, zum Verkauf an.<\/p><p>Die Farm am Lago Maihue, Bosque Chabranco, die zum historischen Fundo Maihue geh\u00f6rte, liegt in einer bergigen Gegend mit ebenen Fl\u00e4chen in der H\u00f6he, die einen unvergleichlichen Blick auf den Vulkan Choshuenco, den Villarrica, den Lago Maihue und die majest\u00e4tische Bergkette der Anden bieten, in einer Umgebung nahe der Grenze zu Argentinien.<\/p><p>Es zeichnet sich durch seinen nat\u00fcrlichen Reichtum aus: ein \u00d6kosystem mit von oben herabfallenden S\u00fcmpfen, Wasserquellen, altem Urwald, in dem emblematische Arten wie Coig\u00fces, Canelos, Lengas, Hualles und eine f\u00fcr den s\u00fcdlichen Teil des Landes typische Vielfalt an Flora und Fauna leben. Das Grundst\u00fcck verf\u00fcgt \u00fcber eine rechtlich verankerte Zufahrtsberechtigung, und die Stra\u00dfe zum Sektor Chabranco ist vollst\u00e4ndig asphaltiert, was die Anbindung und die Nutzbarkeit f\u00fcr verschiedene Projekte erleichtert. <\/p><p>Aufgrund seiner Eigenschaften ist dieses Feld am Lago Maihue, Futrono, ideal f\u00fcr Naturschutzprojekte, Naturtourismus, R\u00fcckzugszentren, Bergh\u00fctten, Glamping oder einfach als Investition in eine unber\u00fchrte Umgebung im S\u00fcden Chiles. Die Dokumentation ist in Ordnung und bereit zum Verkauf. <\/p><p>Der Wert pro Hektar betr\u00e4gt 3.500.000 CLP, mit einem Gesamtreferenzwert von 1.473.500.000 CLP.<\/p><p>Es handelt sich nicht nur um eine Immobilie, sondern um eine Gelegenheit, am Schutz des chilenischen Naturerbes mitzuwirken, und zwar mit einem Projekt, das einen Sinn, eine Vision und eine Verbindung zum Wesentlichen hat.<\/p><p>Kontaktieren Sie uns f\u00fcr weitere Informationen, Koordinaten oder um einen Besuch vor Ort zu vereinbaren.<\/p>\t\t\t\t\t\t\t\t<\/div>\n\t\t\t\t\t<\/div>\n\t\t\t\t<\/div>\n\t\t\t\t<\/div>\n\t\t","protected":false},"excerpt":{"rendered":"<p>Grundst\u00fcck am Lago Maihue, Futrono: mit heimischem Wald, Blick auf Vulkane, Flussm\u00fcndungen und einzigartiger Artenvielfalt. Ideal f\u00fcr Naturschutzprojekte, \u00d6kotourismus, Retreat-Zentren oder Glamping. <\/p>\n","protected":false},"featured_media":41753,"template":"","meta":{"_acf_changed":false},"product_brand":[],"product_cat":[104],"product_tag":[234],"regiones":[226],"ciudades":[459],"class_list":{"0":"post-42081","1":"product","2":"type-product","3":"status-publish","4":"has-post-thumbnail","6":"product_cat-ohiggins-los-lagos","7":"product_tag-felder-fuer-den-schutz","8":"regiones-nuble-los_lagos","9":"ciudades-futrono","11":"first","12":"instock","13":"shipping-taxable","14":"purchasable","15":"product-type-simple"},"acf":[],"yoast_head":"<!-- This site is optimized with the Yoast SEO Premium plugin v26.0 (Yoast SEO v27.3) - https:\/\/yoast.com\/product\/yoast-seo-premium-wordpress\/ -->\n<title>Feld am Maihue See - Chabranco Wald, Futrono - Produncan<\/title>\n<meta name=\"description\" content=\"Farm in Lago Maihue, Futrono: 421 ha mit Blick auf Vulkane und See, Urwald, Feuchtgebiete, legaler Zugang und asphaltierte Stra\u00dfe. F\u00fcr Naturschutz oder Tourismus.\" \/>\n<meta name=\"robots\" content=\"index, follow, max-snippet:-1, max-image-preview:large, max-video-preview:-1\" \/>\n<link rel=\"canonical\" href=\"https:\/\/produncan.cl\/de\/produkt\/feld-im-maihue-see-chabranco-wald-futrono-region-los-rios\/\" \/>\n<meta property=\"og:locale\" content=\"de_DE\" \/>\n<meta property=\"og:type\" content=\"article\" \/>\n<meta property=\"og:title\" content=\"Feld im Maihue-See, Chabranco-Wald - Futrono, Region Los R\u00edos.\" \/>\n<meta property=\"og:description\" content=\"Farm in Lago Maihue, Futrono: 421 Hektar einheimischer Wald, Blick auf Vulkane, Flussm\u00fcndungen und einzigartige Artenvielfalt. Sie hat einen asphaltierten Zugang und eine eingetragene Grunddienstbarkeit. Ideal f\u00fcr Naturschutzprojekte, \u00d6kotourismus, R\u00fcckzugszentren oder Glamping.\" \/>\n<meta property=\"og:url\" content=\"https:\/\/produncan.cl\/de\/produkt\/feld-im-maihue-see-chabranco-wald-futrono-region-los-rios\/\" \/>\n<meta property=\"og:site_name\" content=\"Produncan\" \/>\n<meta property=\"article:publisher\" content=\"https:\/\/web.facebook.com\/produncanland\" \/>\n<meta property=\"article:modified_time\" content=\"2025-11-05T14:59:41+00:00\" \/>\n<meta property=\"og:image\" content=\"https:\/\/produncan.cl\/wp-content\/uploads\/2025\/06\/Bosque-Chabranco.webp\" \/>\n<meta name=\"twitter:card\" content=\"summary_large_image\" \/>\n<meta name=\"twitter:label1\" content=\"Price\" \/>\n\t<meta name=\"twitter:data1\" content=\"USD915.300,00\" \/>\n\t<meta name=\"twitter:label2\" content=\"Availability\" \/>\n\t<meta name=\"twitter:data2\" content=\"In stock\" \/>\n<script type=\"application\/ld+json\" class=\"yoast-schema-graph\">{\"@context\":\"https:\\\/\\\/schema.org\",\"@graph\":[{\"@type\":\"WebPage\",\"@id\":\"https:\\\/\\\/produncan.cl\\\/de\\\/produkt\\\/feld-im-maihue-see-chabranco-wald-futrono-region-los-rios\\\/\",\"url\":\"https:\\\/\\\/produncan.cl\\\/de\\\/produkt\\\/feld-im-maihue-see-chabranco-wald-futrono-region-los-rios\\\/\",\"name\":\"Feld am Maihue See - Chabranco Wald, Futrono - Produncan\",\"isPartOf\":{\"@id\":\"https:\\\/\\\/produncan.cl\\\/de\\\/#website\"},\"primaryImageOfPage\":{\"@id\":\"https:\\\/\\\/produncan.cl\\\/de\\\/produkt\\\/feld-im-maihue-see-chabranco-wald-futrono-region-los-rios\\\/#primaryimage\"},\"image\":{\"@id\":\"https:\\\/\\\/produncan.cl\\\/de\\\/produkt\\\/feld-im-maihue-see-chabranco-wald-futrono-region-los-rios\\\/#primaryimage\"},\"thumbnailUrl\":\"https:\\\/\\\/produncan.cl\\\/wp-content\\\/uploads\\\/2025\\\/06\\\/Bosque-Chabranco.webp\",\"datePublished\":\"2025-06-18T17:50:43+00:00\",\"dateModified\":\"2025-11-05T14:59:41+00:00\",\"description\":\"Farm in Lago Maihue, Futrono: 421 ha mit Blick auf Vulkane und See, Urwald, Feuchtgebiete, legaler Zugang und asphaltierte Stra\u00dfe. F\u00fcr Naturschutz oder Tourismus.\",\"breadcrumb\":{\"@id\":\"https:\\\/\\\/produncan.cl\\\/de\\\/produkt\\\/feld-im-maihue-see-chabranco-wald-futrono-region-los-rios\\\/#breadcrumb\"},\"inLanguage\":\"de-DE\",\"potentialAction\":[{\"@type\":\"ReadAction\",\"target\":[\"https:\\\/\\\/produncan.cl\\\/de\\\/produkt\\\/feld-im-maihue-see-chabranco-wald-futrono-region-los-rios\\\/\"]}]},{\"@type\":\"ImageObject\",\"inLanguage\":\"de-DE\",\"@id\":\"https:\\\/\\\/produncan.cl\\\/de\\\/produkt\\\/feld-im-maihue-see-chabranco-wald-futrono-region-los-rios\\\/#primaryimage\",\"url\":\"https:\\\/\\\/produncan.cl\\\/wp-content\\\/uploads\\\/2025\\\/06\\\/Bosque-Chabranco.webp\",\"contentUrl\":\"https:\\\/\\\/produncan.cl\\\/wp-content\\\/uploads\\\/2025\\\/06\\\/Bosque-Chabranco.webp\",\"width\":800,\"height\":600,\"caption\":\"Bosque Chabranco\"},{\"@type\":\"BreadcrumbList\",\"@id\":\"https:\\\/\\\/produncan.cl\\\/de\\\/produkt\\\/feld-im-maihue-see-chabranco-wald-futrono-region-los-rios\\\/#breadcrumb\",\"itemListElement\":[{\"@type\":\"ListItem\",\"position\":1,\"name\":\"Inicio\",\"item\":\"https:\\\/\\\/produncan.cl\\\/de\\\/\"},{\"@type\":\"ListItem\",\"position\":2,\"name\":\"Eigenschaften\",\"item\":\"https:\\\/\\\/produncan.cl\\\/propiedades\\\/\"},{\"@type\":\"ListItem\",\"position\":3,\"name\":\"Felder f\u00fcr die Erhaltung\",\"item\":\"https:\\\/\\\/produncan.cl\\\/de\\\/kategorie\\\/felder-fuer-den-schutz\\\/\"},{\"@type\":\"ListItem\",\"position\":4,\"name\":\"Feld im Maihue-See, Chabranco-Wald &#8211; Futrono, Region Los R\u00edos.\"}]},{\"@type\":\"WebSite\",\"@id\":\"https:\\\/\\\/produncan.cl\\\/de\\\/#website\",\"url\":\"https:\\\/\\\/produncan.cl\\\/de\\\/\",\"name\":\"Produncan\",\"description\":\"Wir begleiten Sie bei Ihrem Lebensprojekt!\",\"publisher\":{\"@id\":\"https:\\\/\\\/produncan.cl\\\/de\\\/#organization\"},\"potentialAction\":[{\"@type\":\"SearchAction\",\"target\":{\"@type\":\"EntryPoint\",\"urlTemplate\":\"https:\\\/\\\/produncan.cl\\\/de\\\/?s={search_term_string}\"},\"query-input\":{\"@type\":\"PropertyValueSpecification\",\"valueRequired\":true,\"valueName\":\"search_term_string\"}}],\"inLanguage\":\"de-DE\"},{\"@type\":\"Organization\",\"@id\":\"https:\\\/\\\/produncan.cl\\\/de\\\/#organization\",\"name\":\"Produncan\",\"url\":\"https:\\\/\\\/produncan.cl\\\/de\\\/\",\"logo\":{\"@type\":\"ImageObject\",\"inLanguage\":\"de-DE\",\"@id\":\"https:\\\/\\\/produncan.cl\\\/de\\\/#\\\/schema\\\/logo\\\/image\\\/\",\"url\":\"https:\\\/\\\/produncan.cl\\\/wp-content\\\/uploads\\\/2021\\\/03\\\/LOGO.jpeg\",\"contentUrl\":\"https:\\\/\\\/produncan.cl\\\/wp-content\\\/uploads\\\/2021\\\/03\\\/LOGO.jpeg\",\"width\":1280,\"height\":903,\"caption\":\"Produncan\"},\"image\":{\"@id\":\"https:\\\/\\\/produncan.cl\\\/de\\\/#\\\/schema\\\/logo\\\/image\\\/\"},\"sameAs\":[\"https:\\\/\\\/web.facebook.com\\\/produncanland\",\"https:\\\/\\\/www.instagram.com\\\/pro_duncan\\\/\",\"https:\\\/\\\/www.linkedin.com\\\/company\\\/produncan-lands\\\/\",\"https:\\\/\\\/www.youtube.com\\\/channel\\\/UCu7N-f3x0svkazD-Eew1-QQ\"],\"description\":\"En Produncan somos especialistas en la venta de terrenos en el sur de Chile. Proveemos estancias, campos, parcelas y hoteles.\",\"email\":\"info@produncan.cl\"}]}<\/script>\n<meta property=\"og:video\" content=\"https:\/\/www.youtube.com\/embed\/GoZdUOHDQGk\" \/>\n<meta property=\"og:video:type\" content=\"text\/html\" \/>\n<meta property=\"og:video:duration\" content=\"67\" \/>\n<meta property=\"og:video:width\" content=\"480\" \/>\n<meta property=\"og:video:height\" content=\"270\" \/>\n<meta property=\"ya:ovs:adult\" content=\"false\" \/>\n<meta property=\"ya:ovs:upload_date\" content=\"2025-06-18T17:50:43+00:00\" \/>\n<meta property=\"ya:ovs:allow_embed\" content=\"true\" \/>\n<meta property=\"product:price:amount\" content=\"915300.00\" \/>\n<meta property=\"product:price:currency\" content=\"USD\" \/>\n<meta property=\"og:availability\" content=\"instock\" \/>\n<meta property=\"product:availability\" content=\"instock\" \/>\n<meta property=\"product:condition\" content=\"new\" \/>\n<!-- \/ Yoast SEO Premium plugin. -->","yoast_head_json":{"title":"Feld am Maihue See - Chabranco Wald, Futrono - Produncan","description":"Farm in Lago Maihue, Futrono: 421 ha mit Blick auf Vulkane und See, Urwald, Feuchtgebiete, legaler Zugang und asphaltierte Stra\u00dfe. F\u00fcr Naturschutz oder Tourismus.","robots":{"index":"index","follow":"follow","max-snippet":"max-snippet:-1","max-image-preview":"max-image-preview:large","max-video-preview":"max-video-preview:-1"},"canonical":"https:\/\/produncan.cl\/de\/produkt\/feld-im-maihue-see-chabranco-wald-futrono-region-los-rios\/","og_locale":"de_DE","og_type":"article","og_title":"Feld im Maihue-See, Chabranco-Wald - Futrono, Region Los R\u00edos.","og_description":"Farm in Lago Maihue, Futrono: 421 Hektar einheimischer Wald, Blick auf Vulkane, Flussm\u00fcndungen und einzigartige Artenvielfalt. Sie hat einen asphaltierten Zugang und eine eingetragene Grunddienstbarkeit. Ideal f\u00fcr Naturschutzprojekte, \u00d6kotourismus, R\u00fcckzugszentren oder Glamping.","og_url":"https:\/\/produncan.cl\/de\/produkt\/feld-im-maihue-see-chabranco-wald-futrono-region-los-rios\/","og_site_name":"Produncan","article_publisher":"https:\/\/web.facebook.com\/produncanland","article_modified_time":"2025-11-05T14:59:41+00:00","og_image":[{"url":"https:\/\/produncan.cl\/wp-content\/uploads\/2025\/06\/Bosque-Chabranco.webp","type":"","width":"","height":""}],"twitter_card":"summary_large_image","twitter_misc":{"Price":"USD915.300,00","Availability":"In stock"},"schema":{"@context":"https:\/\/schema.org","@graph":[{"@type":"WebPage","@id":"https:\/\/produncan.cl\/de\/produkt\/feld-im-maihue-see-chabranco-wald-futrono-region-los-rios\/","url":"https:\/\/produncan.cl\/de\/produkt\/feld-im-maihue-see-chabranco-wald-futrono-region-los-rios\/","name":"Feld am Maihue See - Chabranco Wald, Futrono - Produncan","isPartOf":{"@id":"https:\/\/produncan.cl\/de\/#website"},"primaryImageOfPage":{"@id":"https:\/\/produncan.cl\/de\/produkt\/feld-im-maihue-see-chabranco-wald-futrono-region-los-rios\/#primaryimage"},"image":{"@id":"https:\/\/produncan.cl\/de\/produkt\/feld-im-maihue-see-chabranco-wald-futrono-region-los-rios\/#primaryimage"},"thumbnailUrl":"https:\/\/produncan.cl\/wp-content\/uploads\/2025\/06\/Bosque-Chabranco.webp","datePublished":"2025-06-18T17:50:43+00:00","dateModified":"2025-11-05T14:59:41+00:00","description":"Farm in Lago Maihue, Futrono: 421 ha mit Blick auf Vulkane und See, Urwald, Feuchtgebiete, legaler Zugang und asphaltierte Stra\u00dfe. F\u00fcr Naturschutz oder Tourismus.","breadcrumb":{"@id":"https:\/\/produncan.cl\/de\/produkt\/feld-im-maihue-see-chabranco-wald-futrono-region-los-rios\/#breadcrumb"},"inLanguage":"de-DE","potentialAction":[{"@type":"ReadAction","target":["https:\/\/produncan.cl\/de\/produkt\/feld-im-maihue-see-chabranco-wald-futrono-region-los-rios\/"]}]},{"@type":"ImageObject","inLanguage":"de-DE","@id":"https:\/\/produncan.cl\/de\/produkt\/feld-im-maihue-see-chabranco-wald-futrono-region-los-rios\/#primaryimage","url":"https:\/\/produncan.cl\/wp-content\/uploads\/2025\/06\/Bosque-Chabranco.webp","contentUrl":"https:\/\/produncan.cl\/wp-content\/uploads\/2025\/06\/Bosque-Chabranco.webp","width":800,"height":600,"caption":"Bosque Chabranco"},{"@type":"BreadcrumbList","@id":"https:\/\/produncan.cl\/de\/produkt\/feld-im-maihue-see-chabranco-wald-futrono-region-los-rios\/#breadcrumb","itemListElement":[{"@type":"ListItem","position":1,"name":"Inicio","item":"https:\/\/produncan.cl\/de\/"},{"@type":"ListItem","position":2,"name":"Eigenschaften","item":"https:\/\/produncan.cl\/propiedades\/"},{"@type":"ListItem","position":3,"name":"Felder f\u00fcr die Erhaltung","item":"https:\/\/produncan.cl\/de\/kategorie\/felder-fuer-den-schutz\/"},{"@type":"ListItem","position":4,"name":"Feld im Maihue-See, Chabranco-Wald &#8211; Futrono, Region Los R\u00edos."}]},{"@type":"WebSite","@id":"https:\/\/produncan.cl\/de\/#website","url":"https:\/\/produncan.cl\/de\/","name":"Produncan","description":"Wir begleiten Sie bei Ihrem Lebensprojekt!","publisher":{"@id":"https:\/\/produncan.cl\/de\/#organization"},"potentialAction":[{"@type":"SearchAction","target":{"@type":"EntryPoint","urlTemplate":"https:\/\/produncan.cl\/de\/?s={search_term_string}"},"query-input":{"@type":"PropertyValueSpecification","valueRequired":true,"valueName":"search_term_string"}}],"inLanguage":"de-DE"},{"@type":"Organization","@id":"https:\/\/produncan.cl\/de\/#organization","name":"Produncan","url":"https:\/\/produncan.cl\/de\/","logo":{"@type":"ImageObject","inLanguage":"de-DE","@id":"https:\/\/produncan.cl\/de\/#\/schema\/logo\/image\/","url":"https:\/\/produncan.cl\/wp-content\/uploads\/2021\/03\/LOGO.jpeg","contentUrl":"https:\/\/produncan.cl\/wp-content\/uploads\/2021\/03\/LOGO.jpeg","width":1280,"height":903,"caption":"Produncan"},"image":{"@id":"https:\/\/produncan.cl\/de\/#\/schema\/logo\/image\/"},"sameAs":["https:\/\/web.facebook.com\/produncanland","https:\/\/www.instagram.com\/pro_duncan\/","https:\/\/www.linkedin.com\/company\/produncan-lands\/","https:\/\/www.youtube.com\/channel\/UCu7N-f3x0svkazD-Eew1-QQ"],"description":"En Produncan somos especialistas en la venta de terrenos en el sur de Chile. Proveemos estancias, campos, parcelas y hoteles.","email":"info@produncan.cl"}]},"og_video":"https:\/\/www.youtube.com\/embed\/GoZdUOHDQGk","og_video_type":"text\/html","og_video_duration":"67","og_video_width":"480","og_video_height":"270","ya_ovs_adult":"false","ya_ovs_upload_date":"2025-06-18T17:50:43+00:00","ya_ovs_allow_embed":"true","product_price_amount":"915300.00","product_price_currency":"USD","og_availability":"instock","product_availability":"instock","product_condition":"new"},"_links":{"self":[{"href":"https:\/\/produncan.cl\/de\/wp-json\/wp\/v2\/product\/42081","targetHints":{"allow":["GET"]}}],"collection":[{"href":"https:\/\/produncan.cl\/de\/wp-json\/wp\/v2\/product"}],"about":[{"href":"https:\/\/produncan.cl\/de\/wp-json\/wp\/v2\/types\/product"}],"version-history":[{"count":1,"href":"https:\/\/produncan.cl\/de\/wp-json\/wp\/v2\/product\/42081\/revisions"}],"predecessor-version":[{"id":51634,"href":"https:\/\/produncan.cl\/de\/wp-json\/wp\/v2\/product\/42081\/revisions\/51634"}],"wp:featuredmedia":[{"embeddable":true,"href":"https:\/\/produncan.cl\/de\/wp-json\/wp\/v2\/media\/41753"}],"wp:attachment":[{"href":"https:\/\/produncan.cl\/de\/wp-json\/wp\/v2\/media?parent=42081"}],"wp:term":[{"taxonomy":"product_brand","embeddable":true,"href":"https:\/\/produncan.cl\/de\/wp-json\/wp\/v2\/product_brand?post=42081"},{"taxonomy":"product_cat","embeddable":true,"href":"https:\/\/produncan.cl\/de\/wp-json\/wp\/v2\/product_cat?post=42081"},{"taxonomy":"product_tag","embeddable":true,"href":"https:\/\/produncan.cl\/de\/wp-json\/wp\/v2\/product_tag?post=42081"},{"taxonomy":"regiones","embeddable":true,"href":"https:\/\/produncan.cl\/de\/wp-json\/wp\/v2\/regiones?post=42081"},{"taxonomy":"ciudades","embeddable":true,"href":"https:\/\/produncan.cl\/de\/wp-json\/wp\/v2\/ciudades?post=42081"}],"curies":[{"name":"wp","href":"https:\/\/api.w.org\/{rel}","templated":true}]}}