{"id":42398,"date":"2025-06-24T12:53:51","date_gmt":"2025-06-24T16:53:51","guid":{"rendered":"https:\/\/produncan.cl\/producto\/grundstueck-in-puerto-aysen-rio-simpson-region-aysen\/"},"modified":"2025-12-26T17:18:46","modified_gmt":"2025-12-26T20:18:46","slug":"grundstueck-in-puerto-aysen-rio-simpson-region-aysen","status":"publish","type":"product","link":"https:\/\/produncan.cl\/de\/produkt\/grundstueck-in-puerto-aysen-rio-simpson-region-aysen\/","title":{"rendered":"Grundst\u00fcck in Puerto Ays\u00e9n, R\u00edo Simpson &#8211; Region Ays\u00e9n"},"content":{"rendered":"\t\t<div data-elementor-type=\"product-post\" data-elementor-id=\"42398\" class=\"elementor elementor-42398 elementor-42083\" data-elementor-post-type=\"product\">\n\t\t\t\t<div class=\"elementor-element elementor-element-167ff31 e-flex e-con-boxed e-con e-parent\" data-id=\"167ff31\" data-element_type=\"container\" data-e-type=\"container\" data-settings=\"{&quot;jet_parallax_layout_list&quot;:[]}\">\n\t\t\t\t\t<div class=\"e-con-inner\">\n\t\t\t\t<div class=\"elementor-element elementor-element-dddd029 elementor-widget elementor-widget-heading\" data-id=\"dddd029\" data-element_type=\"widget\" data-e-type=\"widget\" data-widget_type=\"heading.default\">\n\t\t\t\t\t<h2 class=\"elementor-heading-title elementor-size-default\">Einzigartiges 1,43-Hektar-Grundst\u00fcck: Konnektivit\u00e4t und Potenzial an einem Ort<\/h2>\t\t\t\t<\/div>\n\t\t\t\t\t<\/div>\n\t\t\t\t<\/div>\n\t\t<div class=\"elementor-element elementor-element-56cccb4 e-flex e-con-boxed e-con e-parent\" data-id=\"56cccb4\" data-element_type=\"container\" data-e-type=\"container\" data-settings=\"{&quot;jet_parallax_layout_list&quot;:[]}\">\n\t\t\t\t\t<div class=\"e-con-inner\">\n\t\t\t\t<div class=\"elementor-element elementor-element-a6e01db elementor-widget elementor-widget-text-editor\" data-id=\"a6e01db\" data-element_type=\"widget\" data-e-type=\"widget\" data-widget_type=\"text-editor.default\">\n\t\t\t\t\t\t\t\t\t<p>In einer privilegierten Umgebung und nur wenige Schritte von einem wichtigen Fluss entfernt gelegen, ist dieses 1,43 Hektar gro\u00dfe Grundst\u00fcck in Ays\u00e9n eine hervorragende Alternative f\u00fcr diejenigen, die ein Grundst\u00fcck mit guter Erreichbarkeit und gro\u00dfem Vorsprung suchen. Die Zufahrt erfolgt direkt von einer \u00f6ffentlichen Stra\u00dfe aus, und es ist nur 1 km von der asphaltierten Stra\u00dfe entfernt, die Coyhaique mit Puerto Ays\u00e9n verbindet, was eine bequeme Anreise das ganze Jahr \u00fcber garantiert. <\/p>\n<p>Dieses Grundst\u00fcck in Ays\u00e9n ist individuell und befindet sich nicht in einer Unterteilung. Es ist vollst\u00e4ndig gerodet und bereit, mit dem Bau zu beginnen. Die \u00fcberwiegend flache Topographie, die N\u00e4he zum Simpson River und die imposanten nat\u00fcrlichen Formationen schaffen eine Umgebung von gro\u00dfer landschaftlicher Sch\u00f6nheit. Die einheimische Vegetation am Rand sorgt f\u00fcr Privatsph\u00e4re und ein nat\u00fcrliches Umfeld, w\u00e4hrend der Rest des Grundst\u00fccks frei bleibt, was jede Art von Erschlie\u00dfung erm\u00f6glicht.   <\/p>\n<p>Es verf\u00fcgt \u00fcber ein eigenes Grundbuch, und der Anschluss an das Stromnetz ist mit Masten in 1 km Entfernung gut realisierbar. Au\u00dferdem gibt es ein gutes Telekommunikationssignal und \u00f6ffentliche Verkehrsmittel in der N\u00e4he, was die Anbindung weiter verbessert. <\/p>\n<p>Seine Lage am Rande einer ruhigen Landstra\u00dfe und ganz in der N\u00e4he der Hauptstra\u00dfe macht es einfach, Wohn- und Tourismusprojekte zu entwickeln. Ob Sie sich eine H\u00fctte, ein Haus oder ein kleines Unternehmen vorstellen, dieses Grundst\u00fcck bietet alle Voraussetzungen, um es zu verwirklichen. Die N\u00e4he zum Fluss versch\u00f6nert nicht nur die Landschaft, sondern er\u00f6ffnet auch M\u00f6glichkeiten f\u00fcr Aktivit\u00e4ten wie Fliegenfischen und Naturtourismus.  <\/p>\n<p>In der Umgebung gibt es Attraktionen wie den Velo de la Novia, die Cascada de la Virgen und verschiedene Felsformationen, die den landschaftlichen Wert des Ortes noch erh\u00f6hen. Die n\u00e4chstgelegenen St\u00e4dte sind Puerto Ays\u00e9n und Coyhaique, und das Camp ist ca. 2 Stunden vom Flughafen Balmaceda entfernt, was es erm\u00f6glicht, Natur und Anbindung an den Rest des Landes zu verbinden. <\/p>\n<p>Dieses Grundst\u00fcck in Ays\u00e9n ist eine <strong> einmaligeGelegenheit im chilenischen Patagonien<\/strong> f\u00fcr alle , die von einem eigenen Refugium mit spektakul\u00e4rer Aussicht, einfachem Zugang und N\u00e4he zu st\u00e4dtischen Zentren und Dienstleistungen tr\u00e4umen.<\/p>\n<p><strong>Nehmen Sie Kontakt mit uns auf und besuchen Sie diesen sch\u00f6nen Ort.<\/strong> Ihr Projekt kann hier beginnen.<\/p>\n\t\t\t\t\t\t\t\t<\/div>\n\t\t\t\t\t<\/div>\n\t\t\t\t<\/div>\n\t\t\t\t<\/div>\n\t\t","protected":false},"excerpt":{"rendered":"<p>Grundst\u00fcck in Ays\u00e9n von 1,43 Hektar, 30 Minuten von Coyhaique, mit direktem Zugang von der \u00f6ffentlichen Stra\u00dfe, 1 km von der Autobahn, Schritte von Simpson Fluss, gutes Signal, mit Fundamenten bereit zu bauen. Einzigartige Menge, kein Projekt. <\/p>\n","protected":false},"featured_media":42088,"template":"","meta":{"_acf_changed":false},"product_brand":[],"product_cat":[116],"product_tag":[232,231],"regiones":[225],"ciudades":[209,448],"class_list":{"0":"post-42398","1":"product","2":"type-product","3":"status-publish","4":"has-post-thumbnail","6":"product_cat-aysen-magallanes-de","7":"product_tag-grundstuecke","8":"product_tag-touristische-immobilien","9":"regiones-aysen-magallanes","10":"ciudades-coyhaique","11":"ciudades-puerto-aysen","13":"first","14":"instock","15":"shipping-taxable","16":"purchasable","17":"product-type-simple"},"acf":[],"yoast_head":"<!-- This site is optimized with the Yoast SEO Premium plugin v26.0 (Yoast SEO v27.3) - https:\/\/yoast.com\/product\/yoast-seo-premium-wordpress\/ -->\n<title>Grundst\u00fcck in Puerto Ays\u00e9n, Simpson River, Ays\u00e9n Region - Produncan<\/title>\n<meta name=\"description\" content=\"Grundst\u00fcck von 1,43 ha in Ays\u00e9n, flach, in der N\u00e4he des Flusses Simpson und 1 km vom B\u00fcrgersteig. Direkter Zugang, eigene Rolle, gute Konnektivit\u00e4t und einzigartige nat\u00fcrliche Umgebung.\" \/>\n<meta name=\"robots\" content=\"index, follow, max-snippet:-1, max-image-preview:large, max-video-preview:-1\" \/>\n<link rel=\"canonical\" href=\"https:\/\/produncan.cl\/de\/produkt\/grundstueck-in-puerto-aysen-rio-simpson-region-aysen\/\" \/>\n<meta property=\"og:locale\" content=\"de_DE\" \/>\n<meta property=\"og:type\" content=\"article\" \/>\n<meta property=\"og:title\" content=\"Grundst\u00fcck in Puerto Ays\u00e9n, R\u00edo Simpson - Region Ays\u00e9n\" \/>\n<meta property=\"og:description\" content=\"Grundst\u00fcck von 1,43 ha in Ays\u00e9n, flach, in der N\u00e4he des Flusses Simpson und 1 km vom B\u00fcrgersteig. Direkter Zugang, eigene Rolle, gute Konnektivit\u00e4t und einzigartige nat\u00fcrliche Umgebung.\" \/>\n<meta property=\"og:url\" content=\"https:\/\/produncan.cl\/de\/produkt\/grundstueck-in-puerto-aysen-rio-simpson-region-aysen\/\" \/>\n<meta property=\"og:site_name\" content=\"Produncan\" \/>\n<meta property=\"article:publisher\" content=\"https:\/\/web.facebook.com\/produncanland\" \/>\n<meta property=\"article:modified_time\" content=\"2025-12-26T20:18:46+00:00\" \/>\n<meta property=\"og:image\" content=\"https:\/\/produncan.cl\/wp-content\/uploads\/2025\/06\/Lote-Caracoles-Puerto-Aysen.webp\" \/>\n\t<meta property=\"og:image:width\" content=\"800\" \/>\n\t<meta property=\"og:image:height\" content=\"600\" \/>\n\t<meta property=\"og:image:type\" content=\"image\/webp\" \/>\n<meta name=\"twitter:card\" content=\"summary_large_image\" \/>\n<meta name=\"twitter:label1\" content=\"Price\" \/>\n\t<meta name=\"twitter:data1\" content=\"USD59.800,00\" \/>\n\t<meta name=\"twitter:label2\" content=\"Availability\" \/>\n\t<meta name=\"twitter:data2\" content=\"In stock\" \/>\n<script type=\"application\/ld+json\" class=\"yoast-schema-graph\">{\"@context\":\"https:\\\/\\\/schema.org\",\"@graph\":[{\"@type\":\"WebPage\",\"@id\":\"https:\\\/\\\/produncan.cl\\\/de\\\/produkt\\\/grundstueck-in-puerto-aysen-rio-simpson-region-aysen\\\/\",\"url\":\"https:\\\/\\\/produncan.cl\\\/de\\\/produkt\\\/grundstueck-in-puerto-aysen-rio-simpson-region-aysen\\\/\",\"name\":\"Grundst\u00fcck in Puerto Ays\u00e9n, Simpson River, Ays\u00e9n Region - Produncan\",\"isPartOf\":{\"@id\":\"https:\\\/\\\/produncan.cl\\\/de\\\/#website\"},\"primaryImageOfPage\":{\"@id\":\"https:\\\/\\\/produncan.cl\\\/de\\\/produkt\\\/grundstueck-in-puerto-aysen-rio-simpson-region-aysen\\\/#primaryimage\"},\"image\":{\"@id\":\"https:\\\/\\\/produncan.cl\\\/de\\\/produkt\\\/grundstueck-in-puerto-aysen-rio-simpson-region-aysen\\\/#primaryimage\"},\"thumbnailUrl\":\"https:\\\/\\\/produncan.cl\\\/wp-content\\\/uploads\\\/2025\\\/06\\\/Lote-Caracoles-Puerto-Aysen.webp\",\"datePublished\":\"2025-06-24T16:53:51+00:00\",\"dateModified\":\"2025-12-26T20:18:46+00:00\",\"description\":\"Grundst\u00fcck von 1,43 ha in Ays\u00e9n, flach, in der N\u00e4he des Flusses Simpson und 1 km vom B\u00fcrgersteig. Direkter Zugang, eigene Rolle, gute Konnektivit\u00e4t und einzigartige nat\u00fcrliche Umgebung.\",\"breadcrumb\":{\"@id\":\"https:\\\/\\\/produncan.cl\\\/de\\\/produkt\\\/grundstueck-in-puerto-aysen-rio-simpson-region-aysen\\\/#breadcrumb\"},\"inLanguage\":\"de-DE\",\"potentialAction\":[{\"@type\":\"ReadAction\",\"target\":[\"https:\\\/\\\/produncan.cl\\\/de\\\/produkt\\\/grundstueck-in-puerto-aysen-rio-simpson-region-aysen\\\/\"]}]},{\"@type\":\"ImageObject\",\"inLanguage\":\"de-DE\",\"@id\":\"https:\\\/\\\/produncan.cl\\\/de\\\/produkt\\\/grundstueck-in-puerto-aysen-rio-simpson-region-aysen\\\/#primaryimage\",\"url\":\"https:\\\/\\\/produncan.cl\\\/wp-content\\\/uploads\\\/2025\\\/06\\\/Lote-Caracoles-Puerto-Aysen.webp\",\"contentUrl\":\"https:\\\/\\\/produncan.cl\\\/wp-content\\\/uploads\\\/2025\\\/06\\\/Lote-Caracoles-Puerto-Aysen.webp\",\"width\":800,\"height\":600,\"caption\":\"Lote Caracoles Puerto Aysen\"},{\"@type\":\"BreadcrumbList\",\"@id\":\"https:\\\/\\\/produncan.cl\\\/de\\\/produkt\\\/grundstueck-in-puerto-aysen-rio-simpson-region-aysen\\\/#breadcrumb\",\"itemListElement\":[{\"@type\":\"ListItem\",\"position\":1,\"name\":\"Inicio\",\"item\":\"https:\\\/\\\/produncan.cl\\\/de\\\/\"},{\"@type\":\"ListItem\",\"position\":2,\"name\":\"Eigenschaften\",\"item\":\"https:\\\/\\\/produncan.cl\\\/propiedades\\\/\"},{\"@type\":\"ListItem\",\"position\":3,\"name\":\"Grundst\u00fccke\",\"item\":\"https:\\\/\\\/produncan.cl\\\/de\\\/kategorie\\\/grundstuecke\\\/\"},{\"@type\":\"ListItem\",\"position\":4,\"name\":\"Grundst\u00fcck in Puerto Ays\u00e9n, R\u00edo Simpson &#8211; Region Ays\u00e9n\"}]},{\"@type\":\"WebSite\",\"@id\":\"https:\\\/\\\/produncan.cl\\\/de\\\/#website\",\"url\":\"https:\\\/\\\/produncan.cl\\\/de\\\/\",\"name\":\"Produncan\",\"description\":\"Wir begleiten Sie bei Ihrem Lebensprojekt!\",\"publisher\":{\"@id\":\"https:\\\/\\\/produncan.cl\\\/de\\\/#organization\"},\"potentialAction\":[{\"@type\":\"SearchAction\",\"target\":{\"@type\":\"EntryPoint\",\"urlTemplate\":\"https:\\\/\\\/produncan.cl\\\/de\\\/?s={search_term_string}\"},\"query-input\":{\"@type\":\"PropertyValueSpecification\",\"valueRequired\":true,\"valueName\":\"search_term_string\"}}],\"inLanguage\":\"de-DE\"},{\"@type\":\"Organization\",\"@id\":\"https:\\\/\\\/produncan.cl\\\/de\\\/#organization\",\"name\":\"Produncan\",\"url\":\"https:\\\/\\\/produncan.cl\\\/de\\\/\",\"logo\":{\"@type\":\"ImageObject\",\"inLanguage\":\"de-DE\",\"@id\":\"https:\\\/\\\/produncan.cl\\\/de\\\/#\\\/schema\\\/logo\\\/image\\\/\",\"url\":\"https:\\\/\\\/produncan.cl\\\/wp-content\\\/uploads\\\/2021\\\/03\\\/LOGO.jpeg\",\"contentUrl\":\"https:\\\/\\\/produncan.cl\\\/wp-content\\\/uploads\\\/2021\\\/03\\\/LOGO.jpeg\",\"width\":1280,\"height\":903,\"caption\":\"Produncan\"},\"image\":{\"@id\":\"https:\\\/\\\/produncan.cl\\\/de\\\/#\\\/schema\\\/logo\\\/image\\\/\"},\"sameAs\":[\"https:\\\/\\\/web.facebook.com\\\/produncanland\",\"https:\\\/\\\/www.instagram.com\\\/pro_duncan\\\/\",\"https:\\\/\\\/www.linkedin.com\\\/company\\\/produncan-lands\\\/\",\"https:\\\/\\\/www.youtube.com\\\/channel\\\/UCu7N-f3x0svkazD-Eew1-QQ\"],\"description\":\"En Produncan somos especialistas en la venta de terrenos en el sur de Chile. Proveemos estancias, campos, parcelas y hoteles.\",\"email\":\"info@produncan.cl\"}]}<\/script>\n<meta property=\"og:video\" content=\"https:\/\/www.youtube.com\/embed\/PhGOVC6AlXY\" \/>\n<meta property=\"og:video:type\" content=\"text\/html\" \/>\n<meta property=\"og:video:duration\" content=\"65\" \/>\n<meta property=\"og:video:width\" content=\"480\" \/>\n<meta property=\"og:video:height\" content=\"270\" \/>\n<meta property=\"ya:ovs:adult\" content=\"false\" \/>\n<meta property=\"ya:ovs:upload_date\" content=\"2025-06-24T16:53:51+00:00\" \/>\n<meta property=\"ya:ovs:allow_embed\" content=\"true\" \/>\n<meta property=\"product:price:amount\" content=\"59800.00\" \/>\n<meta property=\"product:price:currency\" content=\"USD\" \/>\n<meta property=\"og:availability\" content=\"instock\" \/>\n<meta property=\"product:availability\" content=\"instock\" \/>\n<meta property=\"product:condition\" content=\"new\" \/>\n<!-- \/ Yoast SEO Premium plugin. -->","yoast_head_json":{"title":"Grundst\u00fcck in Puerto Ays\u00e9n, Simpson River, Ays\u00e9n Region - Produncan","description":"Grundst\u00fcck von 1,43 ha in Ays\u00e9n, flach, in der N\u00e4he des Flusses Simpson und 1 km vom B\u00fcrgersteig. Direkter Zugang, eigene Rolle, gute Konnektivit\u00e4t und einzigartige nat\u00fcrliche Umgebung.","robots":{"index":"index","follow":"follow","max-snippet":"max-snippet:-1","max-image-preview":"max-image-preview:large","max-video-preview":"max-video-preview:-1"},"canonical":"https:\/\/produncan.cl\/de\/produkt\/grundstueck-in-puerto-aysen-rio-simpson-region-aysen\/","og_locale":"de_DE","og_type":"article","og_title":"Grundst\u00fcck in Puerto Ays\u00e9n, R\u00edo Simpson - Region Ays\u00e9n","og_description":"Grundst\u00fcck von 1,43 ha in Ays\u00e9n, flach, in der N\u00e4he des Flusses Simpson und 1 km vom B\u00fcrgersteig. Direkter Zugang, eigene Rolle, gute Konnektivit\u00e4t und einzigartige nat\u00fcrliche Umgebung.","og_url":"https:\/\/produncan.cl\/de\/produkt\/grundstueck-in-puerto-aysen-rio-simpson-region-aysen\/","og_site_name":"Produncan","article_publisher":"https:\/\/web.facebook.com\/produncanland","article_modified_time":"2025-12-26T20:18:46+00:00","og_image":[{"width":800,"height":600,"url":"https:\/\/produncan.cl\/wp-content\/uploads\/2025\/06\/Lote-Caracoles-Puerto-Aysen.webp","type":"image\/webp"}],"twitter_card":"summary_large_image","twitter_misc":{"Price":"USD59.800,00","Availability":"In stock"},"schema":{"@context":"https:\/\/schema.org","@graph":[{"@type":"WebPage","@id":"https:\/\/produncan.cl\/de\/produkt\/grundstueck-in-puerto-aysen-rio-simpson-region-aysen\/","url":"https:\/\/produncan.cl\/de\/produkt\/grundstueck-in-puerto-aysen-rio-simpson-region-aysen\/","name":"Grundst\u00fcck in Puerto Ays\u00e9n, Simpson River, Ays\u00e9n Region - Produncan","isPartOf":{"@id":"https:\/\/produncan.cl\/de\/#website"},"primaryImageOfPage":{"@id":"https:\/\/produncan.cl\/de\/produkt\/grundstueck-in-puerto-aysen-rio-simpson-region-aysen\/#primaryimage"},"image":{"@id":"https:\/\/produncan.cl\/de\/produkt\/grundstueck-in-puerto-aysen-rio-simpson-region-aysen\/#primaryimage"},"thumbnailUrl":"https:\/\/produncan.cl\/wp-content\/uploads\/2025\/06\/Lote-Caracoles-Puerto-Aysen.webp","datePublished":"2025-06-24T16:53:51+00:00","dateModified":"2025-12-26T20:18:46+00:00","description":"Grundst\u00fcck von 1,43 ha in Ays\u00e9n, flach, in der N\u00e4he des Flusses Simpson und 1 km vom B\u00fcrgersteig. Direkter Zugang, eigene Rolle, gute Konnektivit\u00e4t und einzigartige nat\u00fcrliche Umgebung.","breadcrumb":{"@id":"https:\/\/produncan.cl\/de\/produkt\/grundstueck-in-puerto-aysen-rio-simpson-region-aysen\/#breadcrumb"},"inLanguage":"de-DE","potentialAction":[{"@type":"ReadAction","target":["https:\/\/produncan.cl\/de\/produkt\/grundstueck-in-puerto-aysen-rio-simpson-region-aysen\/"]}]},{"@type":"ImageObject","inLanguage":"de-DE","@id":"https:\/\/produncan.cl\/de\/produkt\/grundstueck-in-puerto-aysen-rio-simpson-region-aysen\/#primaryimage","url":"https:\/\/produncan.cl\/wp-content\/uploads\/2025\/06\/Lote-Caracoles-Puerto-Aysen.webp","contentUrl":"https:\/\/produncan.cl\/wp-content\/uploads\/2025\/06\/Lote-Caracoles-Puerto-Aysen.webp","width":800,"height":600,"caption":"Lote Caracoles Puerto Aysen"},{"@type":"BreadcrumbList","@id":"https:\/\/produncan.cl\/de\/produkt\/grundstueck-in-puerto-aysen-rio-simpson-region-aysen\/#breadcrumb","itemListElement":[{"@type":"ListItem","position":1,"name":"Inicio","item":"https:\/\/produncan.cl\/de\/"},{"@type":"ListItem","position":2,"name":"Eigenschaften","item":"https:\/\/produncan.cl\/propiedades\/"},{"@type":"ListItem","position":3,"name":"Grundst\u00fccke","item":"https:\/\/produncan.cl\/de\/kategorie\/grundstuecke\/"},{"@type":"ListItem","position":4,"name":"Grundst\u00fcck in Puerto Ays\u00e9n, R\u00edo Simpson &#8211; Region Ays\u00e9n"}]},{"@type":"WebSite","@id":"https:\/\/produncan.cl\/de\/#website","url":"https:\/\/produncan.cl\/de\/","name":"Produncan","description":"Wir begleiten Sie bei Ihrem Lebensprojekt!","publisher":{"@id":"https:\/\/produncan.cl\/de\/#organization"},"potentialAction":[{"@type":"SearchAction","target":{"@type":"EntryPoint","urlTemplate":"https:\/\/produncan.cl\/de\/?s={search_term_string}"},"query-input":{"@type":"PropertyValueSpecification","valueRequired":true,"valueName":"search_term_string"}}],"inLanguage":"de-DE"},{"@type":"Organization","@id":"https:\/\/produncan.cl\/de\/#organization","name":"Produncan","url":"https:\/\/produncan.cl\/de\/","logo":{"@type":"ImageObject","inLanguage":"de-DE","@id":"https:\/\/produncan.cl\/de\/#\/schema\/logo\/image\/","url":"https:\/\/produncan.cl\/wp-content\/uploads\/2021\/03\/LOGO.jpeg","contentUrl":"https:\/\/produncan.cl\/wp-content\/uploads\/2021\/03\/LOGO.jpeg","width":1280,"height":903,"caption":"Produncan"},"image":{"@id":"https:\/\/produncan.cl\/de\/#\/schema\/logo\/image\/"},"sameAs":["https:\/\/web.facebook.com\/produncanland","https:\/\/www.instagram.com\/pro_duncan\/","https:\/\/www.linkedin.com\/company\/produncan-lands\/","https:\/\/www.youtube.com\/channel\/UCu7N-f3x0svkazD-Eew1-QQ"],"description":"En Produncan somos especialistas en la venta de terrenos en el sur de Chile. Proveemos estancias, campos, parcelas y hoteles.","email":"info@produncan.cl"}]},"og_video":"https:\/\/www.youtube.com\/embed\/PhGOVC6AlXY","og_video_type":"text\/html","og_video_duration":"65","og_video_width":"480","og_video_height":"270","ya_ovs_adult":"false","ya_ovs_upload_date":"2025-06-24T16:53:51+00:00","ya_ovs_allow_embed":"true","product_price_amount":"59800.00","product_price_currency":"USD","og_availability":"instock","product_availability":"instock","product_condition":"new"},"_links":{"self":[{"href":"https:\/\/produncan.cl\/de\/wp-json\/wp\/v2\/product\/42398","targetHints":{"allow":["GET"]}}],"collection":[{"href":"https:\/\/produncan.cl\/de\/wp-json\/wp\/v2\/product"}],"about":[{"href":"https:\/\/produncan.cl\/de\/wp-json\/wp\/v2\/types\/product"}],"version-history":[{"count":3,"href":"https:\/\/produncan.cl\/de\/wp-json\/wp\/v2\/product\/42398\/revisions"}],"predecessor-version":[{"id":54108,"href":"https:\/\/produncan.cl\/de\/wp-json\/wp\/v2\/product\/42398\/revisions\/54108"}],"wp:featuredmedia":[{"embeddable":true,"href":"https:\/\/produncan.cl\/de\/wp-json\/wp\/v2\/media\/42088"}],"wp:attachment":[{"href":"https:\/\/produncan.cl\/de\/wp-json\/wp\/v2\/media?parent=42398"}],"wp:term":[{"taxonomy":"product_brand","embeddable":true,"href":"https:\/\/produncan.cl\/de\/wp-json\/wp\/v2\/product_brand?post=42398"},{"taxonomy":"product_cat","embeddable":true,"href":"https:\/\/produncan.cl\/de\/wp-json\/wp\/v2\/product_cat?post=42398"},{"taxonomy":"product_tag","embeddable":true,"href":"https:\/\/produncan.cl\/de\/wp-json\/wp\/v2\/product_tag?post=42398"},{"taxonomy":"regiones","embeddable":true,"href":"https:\/\/produncan.cl\/de\/wp-json\/wp\/v2\/regiones?post=42398"},{"taxonomy":"ciudades","embeddable":true,"href":"https:\/\/produncan.cl\/de\/wp-json\/wp\/v2\/ciudades?post=42398"}],"curies":[{"name":"wp","href":"https:\/\/api.w.org\/{rel}","templated":true}]}}