{"id":42400,"date":"2025-06-24T16:43:58","date_gmt":"2025-06-24T20:43:58","guid":{"rendered":"https:\/\/produncan.cl\/producto\/bauernhof-in-los-muermos-el-escondido-region-der-seen\/"},"modified":"2025-11-24T13:16:49","modified_gmt":"2025-11-24T16:16:49","slug":"bauernhof-in-los-muermos-el-escondido-region-der-seen","status":"publish","type":"product","link":"https:\/\/produncan.cl\/de\/produkt\/bauernhof-in-los-muermos-el-escondido-region-der-seen\/","title":{"rendered":"Bauernhof in Los Muermos, El Escondido &#8211; Region der Seen"},"content":{"rendered":"\t\t<div data-elementor-type=\"product-post\" data-elementor-id=\"42400\" class=\"elementor elementor-42400 elementor-42158\" data-elementor-post-type=\"product\">\n\t\t\t\t<div class=\"elementor-element elementor-element-dc7afe4 e-flex e-con-boxed e-con e-parent\" data-id=\"dc7afe4\" data-element_type=\"container\" data-e-type=\"container\" data-settings=\"{&quot;jet_parallax_layout_list&quot;:[]}\">\n\t\t\t\t\t<div class=\"e-con-inner\">\n\t\t\t\t<div class=\"elementor-element elementor-element-d1438d5 elementor-widget elementor-widget-heading\" data-id=\"d1438d5\" data-element_type=\"widget\" data-e-type=\"widget\" data-widget_type=\"heading.default\">\n\t\t\t\t\t<h2 class=\"elementor-heading-title elementor-size-default\">69,3 flache Hektar mit herrlichem Panoramablick auf den Fluss Maull\u00edn.<\/h2>\t\t\t\t<\/div>\n\t\t\t\t\t<\/div>\n\t\t\t\t<\/div>\n\t\t<div class=\"elementor-element elementor-element-4e7d710 e-flex e-con-boxed e-con e-parent\" data-id=\"4e7d710\" data-element_type=\"container\" data-e-type=\"container\" data-settings=\"{&quot;jet_parallax_layout_list&quot;:[]}\">\n\t\t\t\t\t<div class=\"e-con-inner\">\n\t\t\t\t<div class=\"elementor-element elementor-element-75c9704 elementor-widget elementor-widget-text-editor\" data-id=\"75c9704\" data-element_type=\"widget\" data-e-type=\"widget\" data-widget_type=\"text-editor.default\">\n\t\t\t\t\t\t\t\t\t<p>Dieser <strong>69,3 Hektar gro\u00dfe<\/strong> Bauernhof in Los Muermos, nur wenige Schritte vom majest\u00e4tischen Fluss Maull\u00edn entfernt, vereint Natur, Wasserreichtum und eine hervorragende Anbindung. Mit seiner flachen Topografie und einem kleinen H\u00fcgel, der im oberen Teil Wiesen und einen Panoramablick auf den Fluss und die umliegende Landschaft bietet, ist er ideal f\u00fcr die Entwicklung von landwirtschaftlichen Projekten, Viehzucht oder sogar Tourismusinitiativen, bei denen das Leben im Freien und der Kontakt zur Natur im Vordergrund stehen. <br><br><strong>Das Grundst\u00fcck<\/strong> ist vollst\u00e4ndig eingez\u00e4unt und hat direkten Zugang, ohne Dienstbarkeiten, nur <strong>8,6 km von der asphaltierten Stra\u00dfe<\/strong> und etwa <strong>1 Stunde vom Flughafen entfernt<\/strong>. Die N\u00e4he zu <strong>Los Muermos (16 km)<\/strong> garantiert den Zugang zu Dienstleistungen, ohne auf die Privatsph\u00e4re und die Ruhe der Landschaft zu verzichten. <br><br>Mit <strong>ausgezeichneter Sonneneinstrahlung<\/strong>, 90 % der Fl\u00e4che in sauberen Wiesen, einheimischen B\u00e4umen wie Hualle und einer reichen Artenvielfalt verf\u00fcgt der Hof \u00fcber <strong>reichlich Brunnenwasser<\/strong>, ein Bew\u00e4sserungssystem durch Kan\u00e4le, <strong>einphasigen Strom<\/strong>, eine Tr\u00e4nke, einen Korral, ein Lagerhaus und <strong>ein Haupthaus mit Keller<\/strong> in sehr gutem Zustand. Das Telekommunikationssignal ist gut, so dass selbst in einer l\u00e4ndlichen Umgebung eine fl\u00fcssige Verbindung m\u00f6glich ist. <br><br>Diese Farm in Los Muermos unterliegt keinen Beschr\u00e4nkungen oder Verboten und befindet sich au\u00dferhalb der indigenen Gebiete. Sie erfordert keinen Waldbewirtschaftungsplan und <strong>wird landwirtschaftlich und f\u00fcr die Viehzucht genutzt<\/strong>, was sie zu einer hervorragenden Investition f\u00fcr diejenigen macht, die Produktivit\u00e4t, nat\u00fcrliche Sch\u00f6nheit und eine strategische Lage suchen. <br><br><strong>Wert: $1.178.100.000<\/strong> (entspricht $17 Millionen pro Hektar)<br><br>Wenn Sie von einem fruchtbaren Ort voller Leben, Wasser und M\u00f6glichkeiten im S\u00fcden Chiles tr\u00e4umen, dann ist diese Farm in Los Muermos, am Ufer des Maull\u00edn-Flusses, eine einzigartige Gelegenheit.<br><br><strong>Kontaktieren Sie uns f\u00fcr weitere Informationen oder um einen Besuch zu vereinbaren.<\/strong><\/p>\t\t\t\t\t\t\t\t<\/div>\n\t\t\t\t\t<\/div>\n\t\t\t\t<\/div>\n\t\t\t\t<\/div>\n\t\t","protected":false},"excerpt":{"rendered":"<p>Feld von 69,3 Hektar in der N\u00e4he des Maull\u00edn-Flusses, Los Muermos. Flache Topographie, 90% Weide, Strom, Signal, Bach, Zugang ohne Dienstbarkeit, Einrichtungen und ein kleiner H\u00fcgel mit herrlichem Blick auf den Maull\u00edn-Fluss. <\/p>\n","protected":false},"featured_media":42163,"template":"","meta":{"_acf_changed":false},"product_brand":[],"product_cat":[104],"product_tag":[235],"regiones":[226],"ciudades":[216,457],"class_list":{"0":"post-42400","1":"product","2":"type-product","3":"status-publish","4":"has-post-thumbnail","6":"product_cat-ohiggins-los-lagos","7":"product_tag-felder","8":"regiones-nuble-los_lagos","9":"ciudades-los-muermos","10":"ciudades-maullin","12":"first","13":"instock","14":"shipping-taxable","15":"purchasable","16":"product-type-simple"},"acf":[],"yoast_head":"<!-- This site is optimized with the Yoast SEO Premium plugin v26.0 (Yoast SEO v27.4) - https:\/\/yoast.com\/product\/yoast-seo-premium-wordpress\/ -->\n<title>Bauernhof in Los Muermos, El Escondido - Region der Seen - Produncan<\/title>\n<meta name=\"description\" content=\"Feld von 69,3 ha in Los Muermos, flach, mit Blick auf den Fluss Maull\u00edn. Wiesen, reichlich Wasser, Strom, Haus, Korral und direkter Zugang 8,6 km vom B\u00fcrgersteig entfernt.\" \/>\n<meta name=\"robots\" content=\"index, follow, max-snippet:-1, max-image-preview:large, max-video-preview:-1\" \/>\n<link rel=\"canonical\" href=\"https:\/\/produncan.cl\/de\/produkt\/bauernhof-in-los-muermos-el-escondido-region-der-seen\/\" \/>\n<meta property=\"og:locale\" content=\"de_DE\" \/>\n<meta property=\"og:type\" content=\"article\" \/>\n<meta property=\"og:title\" content=\"Bauernhof in Los Muermos, El Escondido - Region der Seen\" \/>\n<meta property=\"og:description\" content=\"Feld von 69,3 ha in Los Muermos, flach, mit Blick auf den Fluss Maull\u00edn. Wiesen, reichlich Wasser, Strom, Haus, Korral und direkten Zugang zu 8,6 km von B\u00fcrgersteig.\" \/>\n<meta property=\"og:url\" content=\"https:\/\/produncan.cl\/de\/produkt\/bauernhof-in-los-muermos-el-escondido-region-der-seen\/\" \/>\n<meta property=\"og:site_name\" content=\"Produncan\" \/>\n<meta property=\"article:publisher\" content=\"https:\/\/web.facebook.com\/produncanland\" \/>\n<meta property=\"article:modified_time\" content=\"2025-11-24T16:16:49+00:00\" \/>\n<meta property=\"og:image\" content=\"https:\/\/produncan.cl\/wp-content\/uploads\/2025\/06\/Campo-El-Escondido.webp\" \/>\n<meta name=\"twitter:card\" content=\"summary_large_image\" \/>\n<meta name=\"twitter:label1\" content=\"Price\" \/>\n\t<meta name=\"twitter:data1\" content=\"USD1.323.100,00\" \/>\n\t<meta name=\"twitter:label2\" content=\"Availability\" \/>\n\t<meta name=\"twitter:data2\" content=\"In stock\" \/>\n<script type=\"application\/ld+json\" class=\"yoast-schema-graph\">{\"@context\":\"https:\\\/\\\/schema.org\",\"@graph\":[{\"@type\":\"WebPage\",\"@id\":\"https:\\\/\\\/produncan.cl\\\/de\\\/produkt\\\/bauernhof-in-los-muermos-el-escondido-region-der-seen\\\/\",\"url\":\"https:\\\/\\\/produncan.cl\\\/de\\\/produkt\\\/bauernhof-in-los-muermos-el-escondido-region-der-seen\\\/\",\"name\":\"Bauernhof in Los Muermos, El Escondido - Region der Seen - Produncan\",\"isPartOf\":{\"@id\":\"https:\\\/\\\/produncan.cl\\\/de\\\/#website\"},\"primaryImageOfPage\":{\"@id\":\"https:\\\/\\\/produncan.cl\\\/de\\\/produkt\\\/bauernhof-in-los-muermos-el-escondido-region-der-seen\\\/#primaryimage\"},\"image\":{\"@id\":\"https:\\\/\\\/produncan.cl\\\/de\\\/produkt\\\/bauernhof-in-los-muermos-el-escondido-region-der-seen\\\/#primaryimage\"},\"thumbnailUrl\":\"https:\\\/\\\/produncan.cl\\\/wp-content\\\/uploads\\\/2025\\\/06\\\/Campo-El-Escondido.webp\",\"datePublished\":\"2025-06-24T20:43:58+00:00\",\"dateModified\":\"2025-11-24T16:16:49+00:00\",\"description\":\"Feld von 69,3 ha in Los Muermos, flach, mit Blick auf den Fluss Maull\u00edn. Wiesen, reichlich Wasser, Strom, Haus, Korral und direkter Zugang 8,6 km vom B\u00fcrgersteig entfernt.\",\"breadcrumb\":{\"@id\":\"https:\\\/\\\/produncan.cl\\\/de\\\/produkt\\\/bauernhof-in-los-muermos-el-escondido-region-der-seen\\\/#breadcrumb\"},\"inLanguage\":\"de-DE\",\"potentialAction\":[{\"@type\":\"ReadAction\",\"target\":[\"https:\\\/\\\/produncan.cl\\\/de\\\/produkt\\\/bauernhof-in-los-muermos-el-escondido-region-der-seen\\\/\"]}]},{\"@type\":\"ImageObject\",\"inLanguage\":\"de-DE\",\"@id\":\"https:\\\/\\\/produncan.cl\\\/de\\\/produkt\\\/bauernhof-in-los-muermos-el-escondido-region-der-seen\\\/#primaryimage\",\"url\":\"https:\\\/\\\/produncan.cl\\\/wp-content\\\/uploads\\\/2025\\\/06\\\/Campo-El-Escondido.webp\",\"contentUrl\":\"https:\\\/\\\/produncan.cl\\\/wp-content\\\/uploads\\\/2025\\\/06\\\/Campo-El-Escondido.webp\",\"width\":800,\"height\":600,\"caption\":\"Campo El Escondido\"},{\"@type\":\"BreadcrumbList\",\"@id\":\"https:\\\/\\\/produncan.cl\\\/de\\\/produkt\\\/bauernhof-in-los-muermos-el-escondido-region-der-seen\\\/#breadcrumb\",\"itemListElement\":[{\"@type\":\"ListItem\",\"position\":1,\"name\":\"Inicio\",\"item\":\"https:\\\/\\\/produncan.cl\\\/de\\\/\"},{\"@type\":\"ListItem\",\"position\":2,\"name\":\"Eigenschaften\",\"item\":\"https:\\\/\\\/produncan.cl\\\/propiedades\\\/\"},{\"@type\":\"ListItem\",\"position\":3,\"name\":\"Felder\",\"item\":\"https:\\\/\\\/produncan.cl\\\/de\\\/kategorie\\\/felder\\\/\"},{\"@type\":\"ListItem\",\"position\":4,\"name\":\"Bauernhof in Los Muermos, El Escondido &#8211; Region der Seen\"}]},{\"@type\":\"WebSite\",\"@id\":\"https:\\\/\\\/produncan.cl\\\/de\\\/#website\",\"url\":\"https:\\\/\\\/produncan.cl\\\/de\\\/\",\"name\":\"Produncan\",\"description\":\"Wir begleiten Sie bei Ihrem Lebensprojekt!\",\"publisher\":{\"@id\":\"https:\\\/\\\/produncan.cl\\\/de\\\/#organization\"},\"potentialAction\":[{\"@type\":\"SearchAction\",\"target\":{\"@type\":\"EntryPoint\",\"urlTemplate\":\"https:\\\/\\\/produncan.cl\\\/de\\\/?s={search_term_string}\"},\"query-input\":{\"@type\":\"PropertyValueSpecification\",\"valueRequired\":true,\"valueName\":\"search_term_string\"}}],\"inLanguage\":\"de-DE\"},{\"@type\":\"Organization\",\"@id\":\"https:\\\/\\\/produncan.cl\\\/de\\\/#organization\",\"name\":\"Produncan\",\"url\":\"https:\\\/\\\/produncan.cl\\\/de\\\/\",\"logo\":{\"@type\":\"ImageObject\",\"inLanguage\":\"de-DE\",\"@id\":\"https:\\\/\\\/produncan.cl\\\/de\\\/#\\\/schema\\\/logo\\\/image\\\/\",\"url\":\"https:\\\/\\\/produncan.cl\\\/wp-content\\\/uploads\\\/2021\\\/03\\\/LOGO.jpeg\",\"contentUrl\":\"https:\\\/\\\/produncan.cl\\\/wp-content\\\/uploads\\\/2021\\\/03\\\/LOGO.jpeg\",\"width\":1280,\"height\":903,\"caption\":\"Produncan\"},\"image\":{\"@id\":\"https:\\\/\\\/produncan.cl\\\/de\\\/#\\\/schema\\\/logo\\\/image\\\/\"},\"sameAs\":[\"https:\\\/\\\/web.facebook.com\\\/produncanland\",\"https:\\\/\\\/www.instagram.com\\\/pro_duncan\\\/\",\"https:\\\/\\\/www.linkedin.com\\\/company\\\/produncan-lands\\\/\",\"https:\\\/\\\/www.youtube.com\\\/channel\\\/UCu7N-f3x0svkazD-Eew1-QQ\"],\"description\":\"En Produncan somos especialistas en la venta de terrenos en el sur de Chile. Proveemos estancias, campos, parcelas y hoteles.\",\"email\":\"info@produncan.cl\"}]}<\/script>\n<meta property=\"og:video\" content=\"https:\/\/www.youtube.com\/embed\/M2rkLKr0DxY\" \/>\n<meta property=\"og:video:type\" content=\"text\/html\" \/>\n<meta property=\"og:video:duration\" content=\"66\" \/>\n<meta property=\"og:video:width\" content=\"480\" \/>\n<meta property=\"og:video:height\" content=\"270\" \/>\n<meta property=\"ya:ovs:adult\" content=\"false\" \/>\n<meta property=\"ya:ovs:upload_date\" content=\"2025-06-24T20:43:58+00:00\" \/>\n<meta property=\"ya:ovs:allow_embed\" content=\"true\" \/>\n<meta property=\"product:price:amount\" content=\"1323100.00\" \/>\n<meta property=\"product:price:currency\" content=\"USD\" \/>\n<meta property=\"og:availability\" content=\"instock\" \/>\n<meta property=\"product:availability\" content=\"instock\" \/>\n<meta property=\"product:condition\" content=\"new\" \/>\n<!-- \/ Yoast SEO Premium plugin. -->","yoast_head_json":{"title":"Bauernhof in Los Muermos, El Escondido - Region der Seen - Produncan","description":"Feld von 69,3 ha in Los Muermos, flach, mit Blick auf den Fluss Maull\u00edn. Wiesen, reichlich Wasser, Strom, Haus, Korral und direkter Zugang 8,6 km vom B\u00fcrgersteig entfernt.","robots":{"index":"index","follow":"follow","max-snippet":"max-snippet:-1","max-image-preview":"max-image-preview:large","max-video-preview":"max-video-preview:-1"},"canonical":"https:\/\/produncan.cl\/de\/produkt\/bauernhof-in-los-muermos-el-escondido-region-der-seen\/","og_locale":"de_DE","og_type":"article","og_title":"Bauernhof in Los Muermos, El Escondido - Region der Seen","og_description":"Feld von 69,3 ha in Los Muermos, flach, mit Blick auf den Fluss Maull\u00edn. Wiesen, reichlich Wasser, Strom, Haus, Korral und direkten Zugang zu 8,6 km von B\u00fcrgersteig.","og_url":"https:\/\/produncan.cl\/de\/produkt\/bauernhof-in-los-muermos-el-escondido-region-der-seen\/","og_site_name":"Produncan","article_publisher":"https:\/\/web.facebook.com\/produncanland","article_modified_time":"2025-11-24T16:16:49+00:00","og_image":[{"url":"https:\/\/produncan.cl\/wp-content\/uploads\/2025\/06\/Campo-El-Escondido.webp","type":"","width":"","height":""}],"twitter_card":"summary_large_image","twitter_misc":{"Price":"USD1.323.100,00","Availability":"In stock"},"schema":{"@context":"https:\/\/schema.org","@graph":[{"@type":"WebPage","@id":"https:\/\/produncan.cl\/de\/produkt\/bauernhof-in-los-muermos-el-escondido-region-der-seen\/","url":"https:\/\/produncan.cl\/de\/produkt\/bauernhof-in-los-muermos-el-escondido-region-der-seen\/","name":"Bauernhof in Los Muermos, El Escondido - Region der Seen - Produncan","isPartOf":{"@id":"https:\/\/produncan.cl\/de\/#website"},"primaryImageOfPage":{"@id":"https:\/\/produncan.cl\/de\/produkt\/bauernhof-in-los-muermos-el-escondido-region-der-seen\/#primaryimage"},"image":{"@id":"https:\/\/produncan.cl\/de\/produkt\/bauernhof-in-los-muermos-el-escondido-region-der-seen\/#primaryimage"},"thumbnailUrl":"https:\/\/produncan.cl\/wp-content\/uploads\/2025\/06\/Campo-El-Escondido.webp","datePublished":"2025-06-24T20:43:58+00:00","dateModified":"2025-11-24T16:16:49+00:00","description":"Feld von 69,3 ha in Los Muermos, flach, mit Blick auf den Fluss Maull\u00edn. Wiesen, reichlich Wasser, Strom, Haus, Korral und direkter Zugang 8,6 km vom B\u00fcrgersteig entfernt.","breadcrumb":{"@id":"https:\/\/produncan.cl\/de\/produkt\/bauernhof-in-los-muermos-el-escondido-region-der-seen\/#breadcrumb"},"inLanguage":"de-DE","potentialAction":[{"@type":"ReadAction","target":["https:\/\/produncan.cl\/de\/produkt\/bauernhof-in-los-muermos-el-escondido-region-der-seen\/"]}]},{"@type":"ImageObject","inLanguage":"de-DE","@id":"https:\/\/produncan.cl\/de\/produkt\/bauernhof-in-los-muermos-el-escondido-region-der-seen\/#primaryimage","url":"https:\/\/produncan.cl\/wp-content\/uploads\/2025\/06\/Campo-El-Escondido.webp","contentUrl":"https:\/\/produncan.cl\/wp-content\/uploads\/2025\/06\/Campo-El-Escondido.webp","width":800,"height":600,"caption":"Campo El Escondido"},{"@type":"BreadcrumbList","@id":"https:\/\/produncan.cl\/de\/produkt\/bauernhof-in-los-muermos-el-escondido-region-der-seen\/#breadcrumb","itemListElement":[{"@type":"ListItem","position":1,"name":"Inicio","item":"https:\/\/produncan.cl\/de\/"},{"@type":"ListItem","position":2,"name":"Eigenschaften","item":"https:\/\/produncan.cl\/propiedades\/"},{"@type":"ListItem","position":3,"name":"Felder","item":"https:\/\/produncan.cl\/de\/kategorie\/felder\/"},{"@type":"ListItem","position":4,"name":"Bauernhof in Los Muermos, El Escondido &#8211; Region der Seen"}]},{"@type":"WebSite","@id":"https:\/\/produncan.cl\/de\/#website","url":"https:\/\/produncan.cl\/de\/","name":"Produncan","description":"Wir begleiten Sie bei Ihrem Lebensprojekt!","publisher":{"@id":"https:\/\/produncan.cl\/de\/#organization"},"potentialAction":[{"@type":"SearchAction","target":{"@type":"EntryPoint","urlTemplate":"https:\/\/produncan.cl\/de\/?s={search_term_string}"},"query-input":{"@type":"PropertyValueSpecification","valueRequired":true,"valueName":"search_term_string"}}],"inLanguage":"de-DE"},{"@type":"Organization","@id":"https:\/\/produncan.cl\/de\/#organization","name":"Produncan","url":"https:\/\/produncan.cl\/de\/","logo":{"@type":"ImageObject","inLanguage":"de-DE","@id":"https:\/\/produncan.cl\/de\/#\/schema\/logo\/image\/","url":"https:\/\/produncan.cl\/wp-content\/uploads\/2021\/03\/LOGO.jpeg","contentUrl":"https:\/\/produncan.cl\/wp-content\/uploads\/2021\/03\/LOGO.jpeg","width":1280,"height":903,"caption":"Produncan"},"image":{"@id":"https:\/\/produncan.cl\/de\/#\/schema\/logo\/image\/"},"sameAs":["https:\/\/web.facebook.com\/produncanland","https:\/\/www.instagram.com\/pro_duncan\/","https:\/\/www.linkedin.com\/company\/produncan-lands\/","https:\/\/www.youtube.com\/channel\/UCu7N-f3x0svkazD-Eew1-QQ"],"description":"En Produncan somos especialistas en la venta de terrenos en el sur de Chile. Proveemos estancias, campos, parcelas y hoteles.","email":"info@produncan.cl"}]},"og_video":"https:\/\/www.youtube.com\/embed\/M2rkLKr0DxY","og_video_type":"text\/html","og_video_duration":"66","og_video_width":"480","og_video_height":"270","ya_ovs_adult":"false","ya_ovs_upload_date":"2025-06-24T20:43:58+00:00","ya_ovs_allow_embed":"true","product_price_amount":"1323100.00","product_price_currency":"USD","og_availability":"instock","product_availability":"instock","product_condition":"new"},"_links":{"self":[{"href":"https:\/\/produncan.cl\/de\/wp-json\/wp\/v2\/product\/42400","targetHints":{"allow":["GET"]}}],"collection":[{"href":"https:\/\/produncan.cl\/de\/wp-json\/wp\/v2\/product"}],"about":[{"href":"https:\/\/produncan.cl\/de\/wp-json\/wp\/v2\/types\/product"}],"version-history":[{"count":2,"href":"https:\/\/produncan.cl\/de\/wp-json\/wp\/v2\/product\/42400\/revisions"}],"predecessor-version":[{"id":52339,"href":"https:\/\/produncan.cl\/de\/wp-json\/wp\/v2\/product\/42400\/revisions\/52339"}],"wp:featuredmedia":[{"embeddable":true,"href":"https:\/\/produncan.cl\/de\/wp-json\/wp\/v2\/media\/42163"}],"wp:attachment":[{"href":"https:\/\/produncan.cl\/de\/wp-json\/wp\/v2\/media?parent=42400"}],"wp:term":[{"taxonomy":"product_brand","embeddable":true,"href":"https:\/\/produncan.cl\/de\/wp-json\/wp\/v2\/product_brand?post=42400"},{"taxonomy":"product_cat","embeddable":true,"href":"https:\/\/produncan.cl\/de\/wp-json\/wp\/v2\/product_cat?post=42400"},{"taxonomy":"product_tag","embeddable":true,"href":"https:\/\/produncan.cl\/de\/wp-json\/wp\/v2\/product_tag?post=42400"},{"taxonomy":"regiones","embeddable":true,"href":"https:\/\/produncan.cl\/de\/wp-json\/wp\/v2\/regiones?post=42400"},{"taxonomy":"ciudades","embeddable":true,"href":"https:\/\/produncan.cl\/de\/wp-json\/wp\/v2\/ciudades?post=42400"}],"curies":[{"name":"wp","href":"https:\/\/api.w.org\/{rel}","templated":true}]}}