{"id":42402,"date":"2025-07-02T23:52:45","date_gmt":"2025-07-03T03:52:45","guid":{"rendered":"https:\/\/produncan.cl\/producto\/estancia-la-angostura-argentinischer-see-santa-cruz\/"},"modified":"2025-11-05T11:58:45","modified_gmt":"2025-11-05T14:58:45","slug":"estancia-la-angostura-argentinischer-see-santa-cruz","status":"publish","type":"product","link":"https:\/\/produncan.cl\/de\/produkt\/estancia-la-angostura-argentinischer-see-santa-cruz\/","title":{"rendered":"Estancia La Angostura &#8211; Argentinischer See, Santa Cruz"},"content":{"rendered":"\t\t<div data-elementor-type=\"product-post\" data-elementor-id=\"42402\" class=\"elementor elementor-42402 elementor-42301\" data-elementor-post-type=\"product\">\n\t\t\t\t<div class=\"elementor-element elementor-element-3a802d3 e-flex e-con-boxed e-con e-parent\" data-id=\"3a802d3\" data-element_type=\"container\" data-e-type=\"container\" data-settings=\"{&quot;jet_parallax_layout_list&quot;:[]}\">\n\t\t\t\t\t<div class=\"e-con-inner\">\n\t\t\t\t<div class=\"elementor-element elementor-element-88b39fd elementor-widget elementor-widget-heading\" data-id=\"88b39fd\" data-element_type=\"widget\" data-e-type=\"widget\" data-widget_type=\"heading.default\">\n\t\t\t\t\t<h2 class=\"elementor-heading-title elementor-size-default\">23.662 Hektar an den Ufern des Lago Argentino und mit Blick auf die Stadt El Calafate.<\/h2>\t\t\t\t<\/div>\n\t\t\t\t\t<\/div>\n\t\t\t\t<\/div>\n\t\t<div class=\"elementor-element elementor-element-ab97ae9 e-flex e-con-boxed e-con e-parent\" data-id=\"ab97ae9\" data-element_type=\"container\" data-e-type=\"container\" data-settings=\"{&quot;jet_parallax_layout_list&quot;:[]}\">\n\t\t\t\t\t<div class=\"e-con-inner\">\n\t\t\t\t<div class=\"elementor-element elementor-element-a756bec elementor-widget elementor-widget-text-editor\" data-id=\"a756bec\" data-element_type=\"widget\" data-e-type=\"widget\" data-widget_type=\"text-editor.default\">\n\t\t\t\t\t\t\t\t\t<p>Stellen Sie sich ein Gebiet vor, das so gro\u00df ist, dass die Tage l\u00e4nger zu werden scheinen und sich Patagonien in seiner ganzen Pracht zeigt. Das ist die Estancia am Lago Argentino, La Angostura: 23.662 Hektar, die 10 Kilometer K\u00fcste am Lago Argentino mit Blick auf die Stadt El Calafate, Berge, die den Horizont umarmen, den Ca\u00f1ad\u00f3n de los Potros und endlose Weiden, auf denen bis zu 3.500 Schafe und 600 K\u00fche frei grasen, vereinen. <\/p>\n<p><strong>Eine nat\u00fcrliche Leinwand f\u00fcr mehrere Projekte<\/strong><\/p>\n<ul>\n<li>Erlaubte Unterteilung: Die Vorschriften erlauben die Unterteilung und den Verkauf kleinerer Grundst\u00fccke, die sich ideal f\u00fcr die Entwicklung von Makrogrundst\u00fccken f\u00fcr den Tourismus oder den gehobenen Wohnbau eignen.<\/li>\n<li>Wasserressourcen: Der Bach El Turbio, mehrere Lagunen und M\u00fchlen sichern die Wasserversorgung der Ranch und f\u00f6rdern die Artenvielfalt.<\/li>\n<li>Sonneneinstrahlung und patagonische Winde: perfekt f\u00fcr die Integration von erneuerbaren Energien aus Wind und Sonne.<\/li>\n<li>Langfristig angelegte Infrastruktur<\/li>\n<li>Haupthaus von 300 m\u00b2 (englischer Stil), bereit, restauriert und in eine Boutique-Lodge oder einen Familienurlaub umgewandelt zu werden.<\/li>\n<li>Schafstall, Wartungsschuppen mit Grube, Korral und Hochtank: vom ersten Tag an betriebsbereit.<\/li>\n<li>Unabh\u00e4ngige Unterk\u00fcnfte f\u00fcr die Vorarbeiter und Mannschaften sowie eine Zwischenstation auf der Ranch , die das Tor zum Abenteuertourismus \u00f6ffnet.<br><br><\/li>\n<\/ul>\n<p><strong>Strategische Lage mit patagonischer Seele<\/strong><\/p>\n<p>Nur 83 km von El Calafate (1 Stunde vom Flughafen) und 21 km von der Ruta 40 entfernt auf einer Stra\u00dfe in ausgezeichnetem Zustand. Von hier aus sind der Perito-Moreno-Gletscher, El Chalt\u00e9n und Estancia Cristina nat\u00fcrliche Ausflugsziele. Das 4G-Signal erreicht den Rumpf und Starlink kann f\u00fcr Premium-Konnektivit\u00e4t installiert werden.  <\/p>\n<p><strong>Eine Landschaft, die vor Leben pulsiert<\/strong><\/p>\n<p>Goldener Coir\u00f3n, Romerillo und Calafate f\u00e4rben die Steppe; Guanacos, F\u00fcchse und Pumas kreuzen den Blick des Besuchers; die Pappeln und Weiden des Rumpfes bieten Schutz bei Sonnenuntergang. Das Klima ist kalt und trocken, mit 150-300 mm Jahresniederschlag: ideal f\u00fcr Schafe mit feiner Wolle und magere Rinder. <\/p>\n<p><strong>Investitionspotenzial und Verm\u00e4chtnis<\/strong><\/p>\n<p>Die Estancia am Lago Argentino, La Angostura, hat ihre eigene Rolle und ist ohne Einschr\u00e4nkungen oder Hypotheken. La Angostura ist mehr als nur Land: Es ist ein Anwesen, das sich im Wert vervielfachen wird. Von einer exklusiven Lodge f\u00fcr Fliegenfischer \u00fcber ein Makrogrundst\u00fcck am See bis hin zu einem Elite-Rinderzuchtbetrieb &#8211; die M\u00f6glichkeiten konzentrieren sich auf einen einzigen Punkt: das letzte gro\u00dfe, unber\u00fchrte St\u00fcck Land am gr\u00f6\u00dften patagonischen See Argentiniens.  <\/p>\n<p><strong>Machen Sie ein St\u00fcck tiefes Patagonien zu Ihrem eigenen.<\/strong><\/p>\n<p>Setzen Sie sich mit uns in Verbindung, um weitere Informationen zu erhalten, eine private Besichtigung zu vereinbaren oder ma\u00dfgeschneiderte Investitionsm\u00f6glichkeiten zu erkunden. Estancia La Angostura wartet darauf, dass Sie die n\u00e4chste gro\u00dfe Geschichte an den Ufern des Lago Argentino schreiben. <\/p>\t\t\t\t\t\t\t\t<\/div>\n\t\t\t\t\t<\/div>\n\t\t\t\t<\/div>\n\t\t\t\t<\/div>\n\t\t","protected":false},"excerpt":{"rendered":"<p>Estancia am Argentinischen See. Mit 10 km Seeufer und Blick auf die Stadt El Calafate. Die Anlage im englischen Stil bietet Platz f\u00fcr 3.500 Schafe und 600 Rinder und liegt 21 km von der Route 40 entfernt.   In der N\u00e4he von El Chalt\u00e9n.<\/p>\n","protected":false},"featured_media":42306,"template":"","meta":{"_acf_changed":false},"product_brand":[],"product_cat":[466],"product_tag":[235,234,231],"regiones":[462],"ciudades":[],"class_list":{"0":"post-42402","1":"product","2":"type-product","3":"status-publish","4":"has-post-thumbnail","6":"product_cat-argentinien","7":"product_tag-felder","8":"product_tag-felder-fuer-den-schutz","9":"product_tag-touristische-immobilien","10":"regiones-argentina","12":"first","13":"instock","14":"shipping-taxable","15":"purchasable","16":"product-type-simple"},"acf":[],"yoast_head":"<!-- This site is optimized with the Yoast SEO Premium plugin v26.0 (Yoast SEO v27.3) - https:\/\/yoast.com\/product\/yoast-seo-premium-wordpress\/ -->\n<title>Estancia La Angostura - Argentinischer See, Santa Cruz - Produncan<\/title>\n<meta name=\"description\" content=\"Estancia von 23.662 ha im Lago Argentino, mit 10 km Ufer, Blick auf El Calafate, Viehkapazit\u00e4t und englischen Bauten. Bei 21 km von der Ruta 40.\" \/>\n<meta name=\"robots\" content=\"index, follow, max-snippet:-1, max-image-preview:large, max-video-preview:-1\" \/>\n<link rel=\"canonical\" href=\"https:\/\/produncan.cl\/de\/produkt\/estancia-la-angostura-argentinischer-see-santa-cruz\/\" \/>\n<meta property=\"og:locale\" content=\"de_DE\" \/>\n<meta property=\"og:type\" content=\"article\" \/>\n<meta property=\"og:title\" content=\"Estancia La Angostura - Argentinischer See, Santa Cruz\" \/>\n<meta property=\"og:description\" content=\"Estancia von 23.662 ha im Lago Argentino, mit 10 km Ufer, Blick auf El Calafate, Viehkapazit\u00e4t und englischen Bauten. Bei 21 km von der Ruta 40.\" \/>\n<meta property=\"og:url\" content=\"https:\/\/produncan.cl\/de\/produkt\/estancia-la-angostura-argentinischer-see-santa-cruz\/\" \/>\n<meta property=\"og:site_name\" content=\"Produncan\" \/>\n<meta property=\"article:publisher\" content=\"https:\/\/web.facebook.com\/produncanland\" \/>\n<meta property=\"article:modified_time\" content=\"2025-11-05T14:58:45+00:00\" \/>\n<meta property=\"og:image\" content=\"https:\/\/produncan.cl\/wp-content\/uploads\/2025\/07\/Estancia-en-venta-La-Angostura.webp\" \/>\n\t<meta property=\"og:image:width\" content=\"800\" \/>\n\t<meta property=\"og:image:height\" content=\"600\" \/>\n\t<meta property=\"og:image:type\" content=\"image\/webp\" \/>\n<meta name=\"twitter:card\" content=\"summary_large_image\" \/>\n<meta name=\"twitter:label1\" content=\"Price\" \/>\n\t<meta name=\"twitter:data1\" content=\"USD5.036.200,00\" \/>\n\t<meta name=\"twitter:label2\" content=\"Availability\" \/>\n\t<meta name=\"twitter:data2\" content=\"In stock\" \/>\n<script type=\"application\/ld+json\" class=\"yoast-schema-graph\">{\"@context\":\"https:\\\/\\\/schema.org\",\"@graph\":[{\"@type\":\"WebPage\",\"@id\":\"https:\\\/\\\/produncan.cl\\\/de\\\/produkt\\\/estancia-la-angostura-argentinischer-see-santa-cruz\\\/\",\"url\":\"https:\\\/\\\/produncan.cl\\\/de\\\/produkt\\\/estancia-la-angostura-argentinischer-see-santa-cruz\\\/\",\"name\":\"Estancia La Angostura - Argentinischer See, Santa Cruz - Produncan\",\"isPartOf\":{\"@id\":\"https:\\\/\\\/produncan.cl\\\/de\\\/#website\"},\"primaryImageOfPage\":{\"@id\":\"https:\\\/\\\/produncan.cl\\\/de\\\/produkt\\\/estancia-la-angostura-argentinischer-see-santa-cruz\\\/#primaryimage\"},\"image\":{\"@id\":\"https:\\\/\\\/produncan.cl\\\/de\\\/produkt\\\/estancia-la-angostura-argentinischer-see-santa-cruz\\\/#primaryimage\"},\"thumbnailUrl\":\"https:\\\/\\\/produncan.cl\\\/wp-content\\\/uploads\\\/2025\\\/07\\\/Estancia-en-venta-La-Angostura.webp\",\"datePublished\":\"2025-07-03T03:52:45+00:00\",\"dateModified\":\"2025-11-05T14:58:45+00:00\",\"description\":\"Estancia von 23.662 ha im Lago Argentino, mit 10 km Ufer, Blick auf El Calafate, Viehkapazit\u00e4t und englischen Bauten. Bei 21 km von der Ruta 40.\",\"breadcrumb\":{\"@id\":\"https:\\\/\\\/produncan.cl\\\/de\\\/produkt\\\/estancia-la-angostura-argentinischer-see-santa-cruz\\\/#breadcrumb\"},\"inLanguage\":\"de-DE\",\"potentialAction\":[{\"@type\":\"ReadAction\",\"target\":[\"https:\\\/\\\/produncan.cl\\\/de\\\/produkt\\\/estancia-la-angostura-argentinischer-see-santa-cruz\\\/\"]}]},{\"@type\":\"ImageObject\",\"inLanguage\":\"de-DE\",\"@id\":\"https:\\\/\\\/produncan.cl\\\/de\\\/produkt\\\/estancia-la-angostura-argentinischer-see-santa-cruz\\\/#primaryimage\",\"url\":\"https:\\\/\\\/produncan.cl\\\/wp-content\\\/uploads\\\/2025\\\/07\\\/Estancia-en-venta-La-Angostura.webp\",\"contentUrl\":\"https:\\\/\\\/produncan.cl\\\/wp-content\\\/uploads\\\/2025\\\/07\\\/Estancia-en-venta-La-Angostura.webp\",\"width\":800,\"height\":600,\"caption\":\"Verkaufen La Angostura\"},{\"@type\":\"BreadcrumbList\",\"@id\":\"https:\\\/\\\/produncan.cl\\\/de\\\/produkt\\\/estancia-la-angostura-argentinischer-see-santa-cruz\\\/#breadcrumb\",\"itemListElement\":[{\"@type\":\"ListItem\",\"position\":1,\"name\":\"Inicio\",\"item\":\"https:\\\/\\\/produncan.cl\\\/de\\\/\"},{\"@type\":\"ListItem\",\"position\":2,\"name\":\"Eigenschaften\",\"item\":\"https:\\\/\\\/produncan.cl\\\/propiedades\\\/\"},{\"@type\":\"ListItem\",\"position\":3,\"name\":\"Felder\",\"item\":\"https:\\\/\\\/produncan.cl\\\/de\\\/kategorie\\\/felder\\\/\"},{\"@type\":\"ListItem\",\"position\":4,\"name\":\"Estancia La Angostura &#8211; Argentinischer See, Santa Cruz\"}]},{\"@type\":\"WebSite\",\"@id\":\"https:\\\/\\\/produncan.cl\\\/de\\\/#website\",\"url\":\"https:\\\/\\\/produncan.cl\\\/de\\\/\",\"name\":\"Produncan\",\"description\":\"Wir begleiten Sie bei Ihrem Lebensprojekt!\",\"publisher\":{\"@id\":\"https:\\\/\\\/produncan.cl\\\/de\\\/#organization\"},\"potentialAction\":[{\"@type\":\"SearchAction\",\"target\":{\"@type\":\"EntryPoint\",\"urlTemplate\":\"https:\\\/\\\/produncan.cl\\\/de\\\/?s={search_term_string}\"},\"query-input\":{\"@type\":\"PropertyValueSpecification\",\"valueRequired\":true,\"valueName\":\"search_term_string\"}}],\"inLanguage\":\"de-DE\"},{\"@type\":\"Organization\",\"@id\":\"https:\\\/\\\/produncan.cl\\\/de\\\/#organization\",\"name\":\"Produncan\",\"url\":\"https:\\\/\\\/produncan.cl\\\/de\\\/\",\"logo\":{\"@type\":\"ImageObject\",\"inLanguage\":\"de-DE\",\"@id\":\"https:\\\/\\\/produncan.cl\\\/de\\\/#\\\/schema\\\/logo\\\/image\\\/\",\"url\":\"https:\\\/\\\/produncan.cl\\\/wp-content\\\/uploads\\\/2021\\\/03\\\/LOGO.jpeg\",\"contentUrl\":\"https:\\\/\\\/produncan.cl\\\/wp-content\\\/uploads\\\/2021\\\/03\\\/LOGO.jpeg\",\"width\":1280,\"height\":903,\"caption\":\"Produncan\"},\"image\":{\"@id\":\"https:\\\/\\\/produncan.cl\\\/de\\\/#\\\/schema\\\/logo\\\/image\\\/\"},\"sameAs\":[\"https:\\\/\\\/web.facebook.com\\\/produncanland\",\"https:\\\/\\\/www.instagram.com\\\/pro_duncan\\\/\",\"https:\\\/\\\/www.linkedin.com\\\/company\\\/produncan-lands\\\/\",\"https:\\\/\\\/www.youtube.com\\\/channel\\\/UCu7N-f3x0svkazD-Eew1-QQ\"],\"description\":\"En Produncan somos especialistas en la venta de terrenos en el sur de Chile. Proveemos estancias, campos, parcelas y hoteles.\",\"email\":\"info@produncan.cl\"}]}<\/script>\n<meta property=\"og:video\" content=\"https:\/\/www.youtube.com\/embed\/-eVUwIWjn5k\" \/>\n<meta property=\"og:video:type\" content=\"text\/html\" \/>\n<meta property=\"og:video:duration\" content=\"93\" \/>\n<meta property=\"og:video:width\" content=\"480\" \/>\n<meta property=\"og:video:height\" content=\"270\" \/>\n<meta property=\"ya:ovs:adult\" content=\"false\" \/>\n<meta property=\"ya:ovs:upload_date\" content=\"2025-07-03T03:52:45+00:00\" \/>\n<meta property=\"ya:ovs:allow_embed\" content=\"true\" \/>\n<meta property=\"product:price:amount\" content=\"5036200.00\" \/>\n<meta property=\"product:price:currency\" content=\"USD\" \/>\n<meta property=\"og:availability\" content=\"instock\" \/>\n<meta property=\"product:availability\" content=\"instock\" \/>\n<meta property=\"product:condition\" content=\"new\" \/>\n<!-- \/ Yoast SEO Premium plugin. -->","yoast_head_json":{"title":"Estancia La Angostura - Argentinischer See, Santa Cruz - Produncan","description":"Estancia von 23.662 ha im Lago Argentino, mit 10 km Ufer, Blick auf El Calafate, Viehkapazit\u00e4t und englischen Bauten. Bei 21 km von der Ruta 40.","robots":{"index":"index","follow":"follow","max-snippet":"max-snippet:-1","max-image-preview":"max-image-preview:large","max-video-preview":"max-video-preview:-1"},"canonical":"https:\/\/produncan.cl\/de\/produkt\/estancia-la-angostura-argentinischer-see-santa-cruz\/","og_locale":"de_DE","og_type":"article","og_title":"Estancia La Angostura - Argentinischer See, Santa Cruz","og_description":"Estancia von 23.662 ha im Lago Argentino, mit 10 km Ufer, Blick auf El Calafate, Viehkapazit\u00e4t und englischen Bauten. Bei 21 km von der Ruta 40.","og_url":"https:\/\/produncan.cl\/de\/produkt\/estancia-la-angostura-argentinischer-see-santa-cruz\/","og_site_name":"Produncan","article_publisher":"https:\/\/web.facebook.com\/produncanland","article_modified_time":"2025-11-05T14:58:45+00:00","og_image":[{"width":800,"height":600,"url":"https:\/\/produncan.cl\/wp-content\/uploads\/2025\/07\/Estancia-en-venta-La-Angostura.webp","type":"image\/webp"}],"twitter_card":"summary_large_image","twitter_misc":{"Price":"USD5.036.200,00","Availability":"In stock"},"schema":{"@context":"https:\/\/schema.org","@graph":[{"@type":"WebPage","@id":"https:\/\/produncan.cl\/de\/produkt\/estancia-la-angostura-argentinischer-see-santa-cruz\/","url":"https:\/\/produncan.cl\/de\/produkt\/estancia-la-angostura-argentinischer-see-santa-cruz\/","name":"Estancia La Angostura - Argentinischer See, Santa Cruz - Produncan","isPartOf":{"@id":"https:\/\/produncan.cl\/de\/#website"},"primaryImageOfPage":{"@id":"https:\/\/produncan.cl\/de\/produkt\/estancia-la-angostura-argentinischer-see-santa-cruz\/#primaryimage"},"image":{"@id":"https:\/\/produncan.cl\/de\/produkt\/estancia-la-angostura-argentinischer-see-santa-cruz\/#primaryimage"},"thumbnailUrl":"https:\/\/produncan.cl\/wp-content\/uploads\/2025\/07\/Estancia-en-venta-La-Angostura.webp","datePublished":"2025-07-03T03:52:45+00:00","dateModified":"2025-11-05T14:58:45+00:00","description":"Estancia von 23.662 ha im Lago Argentino, mit 10 km Ufer, Blick auf El Calafate, Viehkapazit\u00e4t und englischen Bauten. Bei 21 km von der Ruta 40.","breadcrumb":{"@id":"https:\/\/produncan.cl\/de\/produkt\/estancia-la-angostura-argentinischer-see-santa-cruz\/#breadcrumb"},"inLanguage":"de-DE","potentialAction":[{"@type":"ReadAction","target":["https:\/\/produncan.cl\/de\/produkt\/estancia-la-angostura-argentinischer-see-santa-cruz\/"]}]},{"@type":"ImageObject","inLanguage":"de-DE","@id":"https:\/\/produncan.cl\/de\/produkt\/estancia-la-angostura-argentinischer-see-santa-cruz\/#primaryimage","url":"https:\/\/produncan.cl\/wp-content\/uploads\/2025\/07\/Estancia-en-venta-La-Angostura.webp","contentUrl":"https:\/\/produncan.cl\/wp-content\/uploads\/2025\/07\/Estancia-en-venta-La-Angostura.webp","width":800,"height":600,"caption":"Verkaufen La Angostura"},{"@type":"BreadcrumbList","@id":"https:\/\/produncan.cl\/de\/produkt\/estancia-la-angostura-argentinischer-see-santa-cruz\/#breadcrumb","itemListElement":[{"@type":"ListItem","position":1,"name":"Inicio","item":"https:\/\/produncan.cl\/de\/"},{"@type":"ListItem","position":2,"name":"Eigenschaften","item":"https:\/\/produncan.cl\/propiedades\/"},{"@type":"ListItem","position":3,"name":"Felder","item":"https:\/\/produncan.cl\/de\/kategorie\/felder\/"},{"@type":"ListItem","position":4,"name":"Estancia La Angostura &#8211; Argentinischer See, Santa Cruz"}]},{"@type":"WebSite","@id":"https:\/\/produncan.cl\/de\/#website","url":"https:\/\/produncan.cl\/de\/","name":"Produncan","description":"Wir begleiten Sie bei Ihrem Lebensprojekt!","publisher":{"@id":"https:\/\/produncan.cl\/de\/#organization"},"potentialAction":[{"@type":"SearchAction","target":{"@type":"EntryPoint","urlTemplate":"https:\/\/produncan.cl\/de\/?s={search_term_string}"},"query-input":{"@type":"PropertyValueSpecification","valueRequired":true,"valueName":"search_term_string"}}],"inLanguage":"de-DE"},{"@type":"Organization","@id":"https:\/\/produncan.cl\/de\/#organization","name":"Produncan","url":"https:\/\/produncan.cl\/de\/","logo":{"@type":"ImageObject","inLanguage":"de-DE","@id":"https:\/\/produncan.cl\/de\/#\/schema\/logo\/image\/","url":"https:\/\/produncan.cl\/wp-content\/uploads\/2021\/03\/LOGO.jpeg","contentUrl":"https:\/\/produncan.cl\/wp-content\/uploads\/2021\/03\/LOGO.jpeg","width":1280,"height":903,"caption":"Produncan"},"image":{"@id":"https:\/\/produncan.cl\/de\/#\/schema\/logo\/image\/"},"sameAs":["https:\/\/web.facebook.com\/produncanland","https:\/\/www.instagram.com\/pro_duncan\/","https:\/\/www.linkedin.com\/company\/produncan-lands\/","https:\/\/www.youtube.com\/channel\/UCu7N-f3x0svkazD-Eew1-QQ"],"description":"En Produncan somos especialistas en la venta de terrenos en el sur de Chile. Proveemos estancias, campos, parcelas y hoteles.","email":"info@produncan.cl"}]},"og_video":"https:\/\/www.youtube.com\/embed\/-eVUwIWjn5k","og_video_type":"text\/html","og_video_duration":"93","og_video_width":"480","og_video_height":"270","ya_ovs_adult":"false","ya_ovs_upload_date":"2025-07-03T03:52:45+00:00","ya_ovs_allow_embed":"true","product_price_amount":"5036200.00","product_price_currency":"USD","og_availability":"instock","product_availability":"instock","product_condition":"new"},"_links":{"self":[{"href":"https:\/\/produncan.cl\/de\/wp-json\/wp\/v2\/product\/42402","targetHints":{"allow":["GET"]}}],"collection":[{"href":"https:\/\/produncan.cl\/de\/wp-json\/wp\/v2\/product"}],"about":[{"href":"https:\/\/produncan.cl\/de\/wp-json\/wp\/v2\/types\/product"}],"version-history":[{"count":1,"href":"https:\/\/produncan.cl\/de\/wp-json\/wp\/v2\/product\/42402\/revisions"}],"predecessor-version":[{"id":51622,"href":"https:\/\/produncan.cl\/de\/wp-json\/wp\/v2\/product\/42402\/revisions\/51622"}],"wp:featuredmedia":[{"embeddable":true,"href":"https:\/\/produncan.cl\/de\/wp-json\/wp\/v2\/media\/42306"}],"wp:attachment":[{"href":"https:\/\/produncan.cl\/de\/wp-json\/wp\/v2\/media?parent=42402"}],"wp:term":[{"taxonomy":"product_brand","embeddable":true,"href":"https:\/\/produncan.cl\/de\/wp-json\/wp\/v2\/product_brand?post=42402"},{"taxonomy":"product_cat","embeddable":true,"href":"https:\/\/produncan.cl\/de\/wp-json\/wp\/v2\/product_cat?post=42402"},{"taxonomy":"product_tag","embeddable":true,"href":"https:\/\/produncan.cl\/de\/wp-json\/wp\/v2\/product_tag?post=42402"},{"taxonomy":"regiones","embeddable":true,"href":"https:\/\/produncan.cl\/de\/wp-json\/wp\/v2\/regiones?post=42402"},{"taxonomy":"ciudades","embeddable":true,"href":"https:\/\/produncan.cl\/de\/wp-json\/wp\/v2\/ciudades?post=42402"}],"curies":[{"name":"wp","href":"https:\/\/api.w.org\/{rel}","templated":true}]}}