{"id":43679,"date":"2025-07-08T12:26:20","date_gmt":"2025-07-08T16:26:20","guid":{"rendered":"https:\/\/produncan.cl\/producto\/parzelle-rio-norte-region-aysen\/"},"modified":"2025-11-24T11:29:54","modified_gmt":"2025-11-24T14:29:54","slug":"parzelle-rio-norte-region-aysen","status":"publish","type":"product","link":"https:\/\/produncan.cl\/de\/produkt\/parzelle-rio-norte-region-aysen\/","title":{"rendered":"Parzelle R\u00edo Norte &#8211; Region Ays\u00e9n"},"content":{"rendered":"\t\t<div data-elementor-type=\"product-post\" data-elementor-id=\"43679\" class=\"elementor elementor-43679 elementor-42534\" data-elementor-post-type=\"product\">\n\t\t\t\t<div class=\"elementor-element elementor-element-4cc0570 e-flex e-con-boxed e-con e-parent\" data-id=\"4cc0570\" data-element_type=\"container\" data-e-type=\"container\" data-settings=\"{&quot;jet_parallax_layout_list&quot;:[]}\">\n\t\t\t\t\t<div class=\"e-con-inner\">\n\t\t\t\t<div class=\"elementor-element elementor-element-d4bd3f4 elementor-widget elementor-widget-heading\" data-id=\"d4bd3f4\" data-element_type=\"widget\" data-e-type=\"widget\" data-widget_type=\"heading.default\">\n\t\t\t\t\t<h2 class=\"elementor-heading-title elementor-size-default\">1 Hektar mit 300 Metern Flussufer, 2 Stunden von Coyhaique entfernt. <\/h2>\t\t\t\t<\/div>\n\t\t\t\t\t<\/div>\n\t\t\t\t<\/div>\n\t\t<div class=\"elementor-element elementor-element-58d15a0 e-flex e-con-boxed e-con e-parent\" data-id=\"58d15a0\" data-element_type=\"container\" data-e-type=\"container\" data-settings=\"{&quot;jet_parallax_layout_list&quot;:[]}\">\n\t\t\t\t\t<div class=\"e-con-inner\">\n\t\t\t\t<div class=\"elementor-element elementor-element-f1df884 elementor-widget elementor-widget-text-editor\" data-id=\"f1df884\" data-element_type=\"widget\" data-e-type=\"widget\" data-widget_type=\"text-editor.default\">\n\t\t\t\t\t\t\t\t\t<p>Stellen Sie sich vor, Sie wachen jeden Morgen mit dem Rauschen des Nordflusses auf, haben eine Fliegenrute in der Hand und sehen die imposanten patagonischen Berge am Horizont. Dieses einzigartige, ein Hektar gro\u00dfe Grundst\u00fcck bietet Ihnen 300 Meter privates Flussufer in einer der urspr\u00fcnglichsten und unber\u00fchrtesten Gegenden der Region Ays\u00e9n, ideal f\u00fcr Liebhaber des Fliegenfischens, des Lebens im Freien und der absoluten Ruhe. <\/p>\n<p>Das Grundst\u00fcck in R\u00edo Norte, Ays\u00e9n, ist v\u00f6llig eben und nutzbar. Es ist nicht Teil eines parzellierten Projekts, was mehr Unabh\u00e4ngigkeit und Freiheit f\u00fcr die Entwicklung eines privaten Wohnsitzes, einer H\u00fctte oder einfach zum Genie\u00dfen bedeutet. Derzeit gibt es in dem Gebiet keinen Strom, aber es gibt subventionierte erneuerbare Energie in dem Gebiet. Die Leitung verl\u00e4uft in 9 Kilometern Entfernung, und mit der Entwicklung des Sektors wird es auch Strom geben. Der Zugang zu dem Grundst\u00fcck erfolgt derzeit \u00fcber die Stra\u00dfe eines angrenzenden Grundst\u00fccks, aber es gibt eine 400 Meter lange Grunddienstbarkeit, die gerade eingetragen wird. Sobald der Kauf und Verkauf abgeschlossen ist, wird die Dienstbarkeit formell aktiviert.     <\/p>\n<p>Die vorherrschende Flora umfasst Lenga, \u00f1irre, Calafate, Mata Negra, Klee und Strau\u00dfgras, w\u00e4hrend die Fauna reichhaltig und vielf\u00e4ltig ist, mit der Anwesenheit von Kondoren, Pumas, Hirschen, F\u00fcchsen und einer gro\u00dfen Vielfalt an V\u00f6geln wie Chucaos, Huet huets, Spechten und Coliparados.<\/p>\n<p>In der N\u00e4he finden Sie grundlegende Dienstleistungen wie ein Postamt, eine Kirche, eine Schule, ein Lebensmittelgesch\u00e4ft und eine benachbarte Bank sowie zahlreiche Naturattraktionen wie Valle de la Luna, Laguna Brava, Lago Norte, Cerro Catedral, Lago Misterioso, Lago Zapato und Laguna Arados. In diesen Gebieten kann man Sportfischen, Reiten und Trekking betreiben und mehrere Lodges und Jagdh\u00fctten besuchen. <\/p>\n<p>Die N\u00e4he zur internationalen Route , die den Alto R\u00edo Senguer in Argentinien verbindet , verleiht dem Gebiet einen wichtigen strategischen Wert und er\u00f6ffnet M\u00f6glichkeiten f\u00fcr den binationalen Tourismus. Die Landschaften bestehen aus \u00fcppigen einheimischen W\u00e4ldern, Gebirgsketten sediment\u00e4ren Ursprungs und einzigartigen geologischen Formationen, was dieses Gebiet auch zu einem Paradies f\u00fcr Geologen und Naturforscher macht. <\/p>\n<p>Dieses Grundst\u00fcck in R\u00edo Norte, Ays\u00e9n, stellt eine einzigartige Gelegenheit f\u00fcr diejenigen dar, die in eine Immobilie mit gro\u00dfem Potenzial in einer Umgebung von atemberaubender Sch\u00f6nheit, mit absoluter Privatsph\u00e4re und gleichzeitig guter Anbindung investieren m\u00f6chten. Ob Sie ein Traumhaus bauen, ein Tourismusprojekt entwickeln oder einfach nur eine Ecke Patagoniens sch\u00fctzen wollen, dieses Grundst\u00fcck hat alles, was n\u00f6tig ist, um ein echtes pers\u00f6nliches Juwel zu werden. <\/p>\n<p>Kontaktieren Sie uns und lernen Sie dieses au\u00dfergew\u00f6hnliche Terrain kennen. Es k\u00f6nnte der Anfang Ihrer Geschichte im tiefen Patagonien sein. <\/p>\t\t\t\t\t\t\t\t<\/div>\n\t\t\t\t\t<\/div>\n\t\t\t\t<\/div>\n\t\t\t\t<\/div>\n\t\t","protected":false},"excerpt":{"rendered":"<p>Grundst\u00fcck in Rio Norte, Ays\u00e9n. Mit 300 Metern Flussufer. Einzigartiges, flachesLand, ideal f\u00fcr Liebhaber des Fliegenfischens. Zwei Stunden n\u00f6rdlich von Coyhaique. In der N\u00e4he der internationalen Route Alto Rio Senguer in Argentinien.    <\/p>\n","protected":false},"featured_media":42540,"template":"","meta":{"_acf_changed":false},"product_brand":[],"product_cat":[116],"product_tag":[232,231],"regiones":[225],"ciudades":[209],"class_list":{"0":"post-43679","1":"product","2":"type-product","3":"status-publish","4":"has-post-thumbnail","6":"product_cat-aysen-magallanes-de","7":"product_tag-grundstuecke","8":"product_tag-touristische-immobilien","9":"regiones-aysen-magallanes","10":"ciudades-coyhaique","12":"first","13":"instock","14":"shipping-taxable","15":"purchasable","16":"product-type-simple"},"acf":[],"yoast_head":"<!-- This site is optimized with the Yoast SEO Premium plugin v26.0 (Yoast SEO v27.3) - https:\/\/yoast.com\/product\/yoast-seo-premium-wordpress\/ -->\n<title>Parzelle R\u00edo Norte - Region Ays\u00e9n - Produncan<\/title>\n<meta name=\"description\" content=\"Grundst\u00fcck von 1 ha in Rio Norte, Ays\u00e9n, mit 300 m Uferl\u00e4nge. Flaches Land, ideal zum Fliegenfischen. 2 Stunden von Coyhaique und in der N\u00e4he der Route zum Alto Rio Senguer.\" \/>\n<meta name=\"robots\" content=\"index, follow, max-snippet:-1, max-image-preview:large, max-video-preview:-1\" \/>\n<link rel=\"canonical\" href=\"https:\/\/produncan.cl\/de\/produkt\/parzelle-rio-norte-region-aysen\/\" \/>\n<meta property=\"og:locale\" content=\"de_DE\" \/>\n<meta property=\"og:type\" content=\"article\" \/>\n<meta property=\"og:title\" content=\"Parzelle R\u00edo Norte - Region Ays\u00e9n\" \/>\n<meta property=\"og:description\" content=\"1 ha gro\u00dfes Grundst\u00fcck in R\u00edo Norte, Ays\u00e9n, mit 300 m Uferlinie. Flaches Gel\u00e4nde, ideal zum Fliegenfischen. 2 Stunden von Coyhaique entfernt und in der N\u00e4he der Route nach Alto R\u00edo Senguer.\" \/>\n<meta property=\"og:url\" content=\"https:\/\/produncan.cl\/de\/produkt\/parzelle-rio-norte-region-aysen\/\" \/>\n<meta property=\"og:site_name\" content=\"Produncan\" \/>\n<meta property=\"article:publisher\" content=\"https:\/\/web.facebook.com\/produncanland\" \/>\n<meta property=\"article:modified_time\" content=\"2025-11-24T14:29:54+00:00\" \/>\n<meta property=\"og:image\" content=\"https:\/\/produncan.cl\/wp-content\/uploads\/2025\/07\/Lote-en-venta-Rio-Norte.webp\" \/>\n<meta name=\"twitter:card\" content=\"summary_large_image\" \/>\n<meta name=\"twitter:label1\" content=\"Price\" \/>\n\t<meta name=\"twitter:data1\" content=\"USD38.100,00\" \/>\n\t<meta name=\"twitter:label2\" content=\"Availability\" \/>\n\t<meta name=\"twitter:data2\" content=\"In stock\" \/>\n<script type=\"application\/ld+json\" class=\"yoast-schema-graph\">{\"@context\":\"https:\\\/\\\/schema.org\",\"@graph\":[{\"@type\":\"WebPage\",\"@id\":\"https:\\\/\\\/produncan.cl\\\/de\\\/produkt\\\/parzelle-rio-norte-region-aysen\\\/\",\"url\":\"https:\\\/\\\/produncan.cl\\\/de\\\/produkt\\\/parzelle-rio-norte-region-aysen\\\/\",\"name\":\"Parzelle R\u00edo Norte - Region Ays\u00e9n - Produncan\",\"isPartOf\":{\"@id\":\"https:\\\/\\\/produncan.cl\\\/de\\\/#website\"},\"primaryImageOfPage\":{\"@id\":\"https:\\\/\\\/produncan.cl\\\/de\\\/produkt\\\/parzelle-rio-norte-region-aysen\\\/#primaryimage\"},\"image\":{\"@id\":\"https:\\\/\\\/produncan.cl\\\/de\\\/produkt\\\/parzelle-rio-norte-region-aysen\\\/#primaryimage\"},\"thumbnailUrl\":\"https:\\\/\\\/produncan.cl\\\/wp-content\\\/uploads\\\/2025\\\/07\\\/Lote-en-venta-Rio-Norte.webp\",\"datePublished\":\"2025-07-08T16:26:20+00:00\",\"dateModified\":\"2025-11-24T14:29:54+00:00\",\"description\":\"Grundst\u00fcck von 1 ha in Rio Norte, Ays\u00e9n, mit 300 m Uferl\u00e4nge. Flaches Land, ideal zum Fliegenfischen. 2 Stunden von Coyhaique und in der N\u00e4he der Route zum Alto Rio Senguer.\",\"breadcrumb\":{\"@id\":\"https:\\\/\\\/produncan.cl\\\/de\\\/produkt\\\/parzelle-rio-norte-region-aysen\\\/#breadcrumb\"},\"inLanguage\":\"de-DE\",\"potentialAction\":[{\"@type\":\"ReadAction\",\"target\":[\"https:\\\/\\\/produncan.cl\\\/de\\\/produkt\\\/parzelle-rio-norte-region-aysen\\\/\"]}]},{\"@type\":\"ImageObject\",\"inLanguage\":\"de-DE\",\"@id\":\"https:\\\/\\\/produncan.cl\\\/de\\\/produkt\\\/parzelle-rio-norte-region-aysen\\\/#primaryimage\",\"url\":\"https:\\\/\\\/produncan.cl\\\/wp-content\\\/uploads\\\/2025\\\/07\\\/Lote-en-venta-Rio-Norte.webp\",\"contentUrl\":\"https:\\\/\\\/produncan.cl\\\/wp-content\\\/uploads\\\/2025\\\/07\\\/Lote-en-venta-Rio-Norte.webp\",\"width\":800,\"height\":600},{\"@type\":\"BreadcrumbList\",\"@id\":\"https:\\\/\\\/produncan.cl\\\/de\\\/produkt\\\/parzelle-rio-norte-region-aysen\\\/#breadcrumb\",\"itemListElement\":[{\"@type\":\"ListItem\",\"position\":1,\"name\":\"Inicio\",\"item\":\"https:\\\/\\\/produncan.cl\\\/de\\\/\"},{\"@type\":\"ListItem\",\"position\":2,\"name\":\"Eigenschaften\",\"item\":\"https:\\\/\\\/produncan.cl\\\/propiedades\\\/\"},{\"@type\":\"ListItem\",\"position\":3,\"name\":\"Grundst\u00fccke\",\"item\":\"https:\\\/\\\/produncan.cl\\\/de\\\/kategorie\\\/grundstuecke\\\/\"},{\"@type\":\"ListItem\",\"position\":4,\"name\":\"Parzelle R\u00edo Norte &#8211; Region Ays\u00e9n\"}]},{\"@type\":\"WebSite\",\"@id\":\"https:\\\/\\\/produncan.cl\\\/de\\\/#website\",\"url\":\"https:\\\/\\\/produncan.cl\\\/de\\\/\",\"name\":\"Produncan\",\"description\":\"Wir begleiten Sie bei Ihrem Lebensprojekt!\",\"publisher\":{\"@id\":\"https:\\\/\\\/produncan.cl\\\/de\\\/#organization\"},\"potentialAction\":[{\"@type\":\"SearchAction\",\"target\":{\"@type\":\"EntryPoint\",\"urlTemplate\":\"https:\\\/\\\/produncan.cl\\\/de\\\/?s={search_term_string}\"},\"query-input\":{\"@type\":\"PropertyValueSpecification\",\"valueRequired\":true,\"valueName\":\"search_term_string\"}}],\"inLanguage\":\"de-DE\"},{\"@type\":\"Organization\",\"@id\":\"https:\\\/\\\/produncan.cl\\\/de\\\/#organization\",\"name\":\"Produncan\",\"url\":\"https:\\\/\\\/produncan.cl\\\/de\\\/\",\"logo\":{\"@type\":\"ImageObject\",\"inLanguage\":\"de-DE\",\"@id\":\"https:\\\/\\\/produncan.cl\\\/de\\\/#\\\/schema\\\/logo\\\/image\\\/\",\"url\":\"https:\\\/\\\/produncan.cl\\\/wp-content\\\/uploads\\\/2021\\\/03\\\/LOGO.jpeg\",\"contentUrl\":\"https:\\\/\\\/produncan.cl\\\/wp-content\\\/uploads\\\/2021\\\/03\\\/LOGO.jpeg\",\"width\":1280,\"height\":903,\"caption\":\"Produncan\"},\"image\":{\"@id\":\"https:\\\/\\\/produncan.cl\\\/de\\\/#\\\/schema\\\/logo\\\/image\\\/\"},\"sameAs\":[\"https:\\\/\\\/web.facebook.com\\\/produncanland\",\"https:\\\/\\\/www.instagram.com\\\/pro_duncan\\\/\",\"https:\\\/\\\/www.linkedin.com\\\/company\\\/produncan-lands\\\/\",\"https:\\\/\\\/www.youtube.com\\\/channel\\\/UCu7N-f3x0svkazD-Eew1-QQ\"],\"description\":\"En Produncan somos especialistas en la venta de terrenos en el sur de Chile. Proveemos estancias, campos, parcelas y hoteles.\",\"email\":\"info@produncan.cl\"}]}<\/script>\n<meta property=\"og:video\" content=\"https:\/\/www.youtube.com\/embed\/CRrEcnTZBFE\" \/>\n<meta property=\"og:video:type\" content=\"text\/html\" \/>\n<meta property=\"og:video:duration\" content=\"68\" \/>\n<meta property=\"og:video:width\" content=\"480\" \/>\n<meta property=\"og:video:height\" content=\"270\" \/>\n<meta property=\"ya:ovs:adult\" content=\"false\" \/>\n<meta property=\"ya:ovs:upload_date\" content=\"2025-07-08T16:26:20+00:00\" \/>\n<meta property=\"ya:ovs:allow_embed\" content=\"true\" \/>\n<meta property=\"product:price:amount\" content=\"38100.00\" \/>\n<meta property=\"product:price:currency\" content=\"USD\" \/>\n<meta property=\"og:availability\" content=\"instock\" \/>\n<meta property=\"product:availability\" content=\"instock\" \/>\n<meta property=\"product:condition\" content=\"new\" \/>\n<!-- \/ Yoast SEO Premium plugin. -->","yoast_head_json":{"title":"Parzelle R\u00edo Norte - Region Ays\u00e9n - Produncan","description":"Grundst\u00fcck von 1 ha in Rio Norte, Ays\u00e9n, mit 300 m Uferl\u00e4nge. Flaches Land, ideal zum Fliegenfischen. 2 Stunden von Coyhaique und in der N\u00e4he der Route zum Alto Rio Senguer.","robots":{"index":"index","follow":"follow","max-snippet":"max-snippet:-1","max-image-preview":"max-image-preview:large","max-video-preview":"max-video-preview:-1"},"canonical":"https:\/\/produncan.cl\/de\/produkt\/parzelle-rio-norte-region-aysen\/","og_locale":"de_DE","og_type":"article","og_title":"Parzelle R\u00edo Norte - Region Ays\u00e9n","og_description":"1 ha gro\u00dfes Grundst\u00fcck in R\u00edo Norte, Ays\u00e9n, mit 300 m Uferlinie. Flaches Gel\u00e4nde, ideal zum Fliegenfischen. 2 Stunden von Coyhaique entfernt und in der N\u00e4he der Route nach Alto R\u00edo Senguer.","og_url":"https:\/\/produncan.cl\/de\/produkt\/parzelle-rio-norte-region-aysen\/","og_site_name":"Produncan","article_publisher":"https:\/\/web.facebook.com\/produncanland","article_modified_time":"2025-11-24T14:29:54+00:00","og_image":[{"url":"https:\/\/produncan.cl\/wp-content\/uploads\/2025\/07\/Lote-en-venta-Rio-Norte.webp","type":"","width":"","height":""}],"twitter_card":"summary_large_image","twitter_misc":{"Price":"USD38.100,00","Availability":"In stock"},"schema":{"@context":"https:\/\/schema.org","@graph":[{"@type":"WebPage","@id":"https:\/\/produncan.cl\/de\/produkt\/parzelle-rio-norte-region-aysen\/","url":"https:\/\/produncan.cl\/de\/produkt\/parzelle-rio-norte-region-aysen\/","name":"Parzelle R\u00edo Norte - Region Ays\u00e9n - Produncan","isPartOf":{"@id":"https:\/\/produncan.cl\/de\/#website"},"primaryImageOfPage":{"@id":"https:\/\/produncan.cl\/de\/produkt\/parzelle-rio-norte-region-aysen\/#primaryimage"},"image":{"@id":"https:\/\/produncan.cl\/de\/produkt\/parzelle-rio-norte-region-aysen\/#primaryimage"},"thumbnailUrl":"https:\/\/produncan.cl\/wp-content\/uploads\/2025\/07\/Lote-en-venta-Rio-Norte.webp","datePublished":"2025-07-08T16:26:20+00:00","dateModified":"2025-11-24T14:29:54+00:00","description":"Grundst\u00fcck von 1 ha in Rio Norte, Ays\u00e9n, mit 300 m Uferl\u00e4nge. Flaches Land, ideal zum Fliegenfischen. 2 Stunden von Coyhaique und in der N\u00e4he der Route zum Alto Rio Senguer.","breadcrumb":{"@id":"https:\/\/produncan.cl\/de\/produkt\/parzelle-rio-norte-region-aysen\/#breadcrumb"},"inLanguage":"de-DE","potentialAction":[{"@type":"ReadAction","target":["https:\/\/produncan.cl\/de\/produkt\/parzelle-rio-norte-region-aysen\/"]}]},{"@type":"ImageObject","inLanguage":"de-DE","@id":"https:\/\/produncan.cl\/de\/produkt\/parzelle-rio-norte-region-aysen\/#primaryimage","url":"https:\/\/produncan.cl\/wp-content\/uploads\/2025\/07\/Lote-en-venta-Rio-Norte.webp","contentUrl":"https:\/\/produncan.cl\/wp-content\/uploads\/2025\/07\/Lote-en-venta-Rio-Norte.webp","width":800,"height":600},{"@type":"BreadcrumbList","@id":"https:\/\/produncan.cl\/de\/produkt\/parzelle-rio-norte-region-aysen\/#breadcrumb","itemListElement":[{"@type":"ListItem","position":1,"name":"Inicio","item":"https:\/\/produncan.cl\/de\/"},{"@type":"ListItem","position":2,"name":"Eigenschaften","item":"https:\/\/produncan.cl\/propiedades\/"},{"@type":"ListItem","position":3,"name":"Grundst\u00fccke","item":"https:\/\/produncan.cl\/de\/kategorie\/grundstuecke\/"},{"@type":"ListItem","position":4,"name":"Parzelle R\u00edo Norte &#8211; Region Ays\u00e9n"}]},{"@type":"WebSite","@id":"https:\/\/produncan.cl\/de\/#website","url":"https:\/\/produncan.cl\/de\/","name":"Produncan","description":"Wir begleiten Sie bei Ihrem Lebensprojekt!","publisher":{"@id":"https:\/\/produncan.cl\/de\/#organization"},"potentialAction":[{"@type":"SearchAction","target":{"@type":"EntryPoint","urlTemplate":"https:\/\/produncan.cl\/de\/?s={search_term_string}"},"query-input":{"@type":"PropertyValueSpecification","valueRequired":true,"valueName":"search_term_string"}}],"inLanguage":"de-DE"},{"@type":"Organization","@id":"https:\/\/produncan.cl\/de\/#organization","name":"Produncan","url":"https:\/\/produncan.cl\/de\/","logo":{"@type":"ImageObject","inLanguage":"de-DE","@id":"https:\/\/produncan.cl\/de\/#\/schema\/logo\/image\/","url":"https:\/\/produncan.cl\/wp-content\/uploads\/2021\/03\/LOGO.jpeg","contentUrl":"https:\/\/produncan.cl\/wp-content\/uploads\/2021\/03\/LOGO.jpeg","width":1280,"height":903,"caption":"Produncan"},"image":{"@id":"https:\/\/produncan.cl\/de\/#\/schema\/logo\/image\/"},"sameAs":["https:\/\/web.facebook.com\/produncanland","https:\/\/www.instagram.com\/pro_duncan\/","https:\/\/www.linkedin.com\/company\/produncan-lands\/","https:\/\/www.youtube.com\/channel\/UCu7N-f3x0svkazD-Eew1-QQ"],"description":"En Produncan somos especialistas en la venta de terrenos en el sur de Chile. Proveemos estancias, campos, parcelas y hoteles.","email":"info@produncan.cl"}]},"og_video":"https:\/\/www.youtube.com\/embed\/CRrEcnTZBFE","og_video_type":"text\/html","og_video_duration":"68","og_video_width":"480","og_video_height":"270","ya_ovs_adult":"false","ya_ovs_upload_date":"2025-07-08T16:26:20+00:00","ya_ovs_allow_embed":"true","product_price_amount":"38100.00","product_price_currency":"USD","og_availability":"instock","product_availability":"instock","product_condition":"new"},"_links":{"self":[{"href":"https:\/\/produncan.cl\/de\/wp-json\/wp\/v2\/product\/43679","targetHints":{"allow":["GET"]}}],"collection":[{"href":"https:\/\/produncan.cl\/de\/wp-json\/wp\/v2\/product"}],"about":[{"href":"https:\/\/produncan.cl\/de\/wp-json\/wp\/v2\/types\/product"}],"version-history":[{"count":1,"href":"https:\/\/produncan.cl\/de\/wp-json\/wp\/v2\/product\/43679\/revisions"}],"predecessor-version":[{"id":52261,"href":"https:\/\/produncan.cl\/de\/wp-json\/wp\/v2\/product\/43679\/revisions\/52261"}],"wp:featuredmedia":[{"embeddable":true,"href":"https:\/\/produncan.cl\/de\/wp-json\/wp\/v2\/media\/42540"}],"wp:attachment":[{"href":"https:\/\/produncan.cl\/de\/wp-json\/wp\/v2\/media?parent=43679"}],"wp:term":[{"taxonomy":"product_brand","embeddable":true,"href":"https:\/\/produncan.cl\/de\/wp-json\/wp\/v2\/product_brand?post=43679"},{"taxonomy":"product_cat","embeddable":true,"href":"https:\/\/produncan.cl\/de\/wp-json\/wp\/v2\/product_cat?post=43679"},{"taxonomy":"product_tag","embeddable":true,"href":"https:\/\/produncan.cl\/de\/wp-json\/wp\/v2\/product_tag?post=43679"},{"taxonomy":"regiones","embeddable":true,"href":"https:\/\/produncan.cl\/de\/wp-json\/wp\/v2\/regiones?post=43679"},{"taxonomy":"ciudades","embeddable":true,"href":"https:\/\/produncan.cl\/de\/wp-json\/wp\/v2\/ciudades?post=43679"}],"curies":[{"name":"wp","href":"https:\/\/api.w.org\/{rel}","templated":true}]}}