{"id":44290,"date":"2025-07-15T18:04:40","date_gmt":"2025-07-15T22:04:40","guid":{"rendered":"https:\/\/produncan.cl\/producto\/bauernhof-in-la-union-loncotregua-region-los-rios\/"},"modified":"2026-03-12T18:33:43","modified_gmt":"2026-03-12T21:33:43","slug":"bauernhof-in-la-union-loncotregua-region-los-rios","status":"publish","type":"product","link":"https:\/\/produncan.cl\/de\/produkt\/bauernhof-in-la-union-loncotregua-region-los-rios\/","title":{"rendered":"Bauernhof in La Uni\u00f3n, Loncotregua &#8211; Region Los R\u00edos"},"content":{"rendered":"\t\t<div data-elementor-type=\"product-post\" data-elementor-id=\"44290\" class=\"elementor elementor-44290 elementor-44170\" data-elementor-post-type=\"product\">\n\t\t\t\t<div class=\"elementor-element elementor-element-2ce973d e-flex e-con-boxed e-con e-parent\" data-id=\"2ce973d\" data-element_type=\"container\" data-e-type=\"container\" data-settings=\"{&quot;jet_parallax_layout_list&quot;:[]}\">\n\t\t\t\t\t<div class=\"e-con-inner\">\n\t\t\t\t<div class=\"elementor-element elementor-element-49a0653 elementor-widget elementor-widget-heading\" data-id=\"49a0653\" data-element_type=\"widget\" data-e-type=\"widget\" data-widget_type=\"heading.default\">\n\t\t\t\t\t<h2 class=\"elementor-heading-title elementor-size-default\">109,63 Hektar Chancen und Sch\u00f6nheit am Rande einer Stadt mit s\u00fcdlicher Tradition<\/h2>\t\t\t\t<\/div>\n\t\t\t\t\t<\/div>\n\t\t\t\t<\/div>\n\t\t<div class=\"elementor-element elementor-element-6dd9d00 e-flex e-con-boxed e-con e-parent\" data-id=\"6dd9d00\" data-element_type=\"container\" data-e-type=\"container\" data-settings=\"{&quot;jet_parallax_layout_list&quot;:[]}\">\n\t\t\t\t\t<div class=\"e-con-inner\">\n\t\t\t\t<div class=\"elementor-element elementor-element-b4e359f elementor-widget elementor-widget-text-editor\" data-id=\"b4e359f\" data-element_type=\"widget\" data-e-type=\"widget\" data-widget_type=\"text-editor.default\">\n\t\t\t\t\t\t\t\t\t<p>Im gr\u00fcnen Herzen der Region Los R\u00edos, nur 14 Minuten von der Stadt La Uni\u00f3n entfernt, liegt ein Bauernhof, der alles bietet: Landschaft, Produktivit\u00e4t, Verbundenheit und eine Umgebung, die dazu einl\u00e4dt, mit Ruhe und Sinn zu leben. Campo Loncotregua ist nicht nur ein l\u00e4ndliches Anwesen, sondern eine Einladung, ein Lebensprojekt in einer der sch\u00f6nsten und fruchtbarsten Gegenden im S\u00fcden Chiles zu verwirklichen. <\/p>\n<p>Die Landschaft in La Uni\u00f3n, Loncotregua, hat eine Topographie mit sanften H\u00fcgeln, die sich zu einem unvergesslichen Panoramablick \u00f6ffnen. Sie bietet gute Bedingungen f\u00fcr Ackerbau und Viehzucht. Die Sonneneinstrahlung ist das ganze Jahr \u00fcber hervorragend, da es in der N\u00e4he keine H\u00fcgel oder Berge gibt, die Schatten spenden, und die \u00f6stliche Ausrichtung des Gel\u00e4ndes bedeutet, dass jeder Sonnenstrahl fr\u00fch am Morgen genossen werden kann. Die Vegetation gliedert sich in gro\u00dfe produktive Wiesen und Gebiete mit einheimischen W\u00e4ldern, in denen es nur wenige Kiefern und \u00fcberwiegend einheimische Arten gibt.   <\/p>\n<p>Es hat 109,63 Hektar mit landwirtschaftlicher Nutzung (ca. 70% Wiese), in zwei unabh\u00e4ngigen Rollen verteilt. Das Grundst\u00fcck hat einen direkten Zugang von der \u00f6ffentlichen Stra\u00dfe, und gibt keine Dienstbarkeit zu anderen Eigenschaften. Es verf\u00fcgt \u00fcber einen einphasigen Stromanschluss, ein gutes Signal und ist nur 1,3 km von der asphaltierten Stra\u00dfe entfernt, bevor es auf einen Schotterweg in ausgezeichnetem Zustand trifft, der gerade asphaltiert wird. Diese Anbindung sowie die N\u00e4he zu Dienstleistungen, \u00f6ffentlichen Verkehrsmitteln und Telekommunikation machen es zu einem privilegierten Standort f\u00fcr alle, die Ruhe suchen, ohne auf Komfort zu verzichten.   <\/p>\n<p>Das Feld in La Uni\u00f3n, Loncotregua, wird von einer gro\u00dfen Quelle gespeist, die im Inneren des Grundst\u00fccks entspringt und zu einer Flussm\u00fcndung wird, die auf einer L\u00e4nge von 1,35 km an die Flussm\u00fcndung von Radimadi grenzt. Das Verfahren zur Beantragung eines dauerhaften Verbrauchsrechts von 12 Litern pro Sekunde hat bereits begonnen, wodurch eine wichtige Wasserressource f\u00fcr die produktive Entwicklung des Grundst\u00fccks gesichert wird. <\/p>\n<p>Die Infrastruktur umfasst einen Stall mit einer Kapazit\u00e4t f\u00fcr 200 Rinder, Tr\u00e4nken und Innengehege, so dass der Betrieb leicht zu f\u00fchren ist. Er grenzt nicht an bewaldetes Land; seine Nachbarn sind bekannte Landwirte und Viehz\u00fcchter in der Gegend, was ein gesundes, sicheres und produktives Umfeld f\u00f6rdert. <\/p>\n<p>Das Klima in diesem Gebiet ist gem\u00e4\u00dfigt und regnerisch mit starkem ozeanischem Einfluss. Die Jahreszeiten sind gut definiert, mit milden Wintern und angenehmen Sommern, was das Wachstum der nat\u00fcrlichen Weiden und das Wohlergehen der Tiere beg\u00fcnstigt. Diese klimatischen Bedingungen, zusammen mit der Qualit\u00e4t des Bodens und dem Zugang zu Wasser, machen diesen Betrieb zu einer Investition mit hoher Rentabilit\u00e4t.  <\/p>\n<p>Der Bauernhof Loncotregua wird f\u00fcr 28.000 UF zum Kauf angeboten. Eine einzigartige Gelegenheit f\u00fcr diejenigen, die einen Ort suchen, an dem Land, Landschaft und Ruhe zusammenkommen, um produktive, famili\u00e4re oder Freizeitprojekte in voller Harmonie mit der Natur zu verwirklichen. <\/p>\n<p>Wenn Sie es vor Ort kennen lernen m\u00f6chten, vereinbaren Sie bitte einen Besuchstermin. Wir begleiten Sie gerne bei jedem Schritt. <\/p>\n\t\t\t\t\t\t\t\t<\/div>\n\t\t\t\t\t<\/div>\n\t\t\t\t<\/div>\n\t\t\t\t<\/div>\n\t\t","protected":false},"excerpt":{"rendered":"<p>Landwirtschaftlicher Betrieb f\u00fcr Ackerbau und Viehzucht, 14 Minuten von der Stadt La Uni\u00f3n entfernt. Er verf\u00fcgt \u00fcber eine asphaltierte Zufahrt, keine Dienstbarkeiten, 70 % Weideland, ein h\u00fcgeliges Relief mit Panoramablick, Quellen und B\u00e4che sowie eine Infrastruktur f\u00fcr Viehzucht und Landwirtschaft.  <\/p>\n","protected":false},"featured_media":44175,"template":"","meta":{"_acf_changed":false},"product_brand":[],"product_cat":[104],"product_tag":[235],"regiones":[226],"ciudades":[215,217,509],"class_list":{"0":"post-44290","1":"product","2":"type-product","3":"status-publish","4":"has-post-thumbnail","6":"product_cat-ohiggins-los-lagos","7":"product_tag-felder","8":"regiones-nuble-los_lagos","9":"ciudades-la-union","10":"ciudades-osorno","11":"ciudades-rio-bueno","13":"first","14":"instock","15":"shipping-taxable","16":"purchasable","17":"product-type-simple"},"acf":[],"yoast_head":"<!-- This site is optimized with the Yoast SEO Premium plugin v26.0 (Yoast SEO v27.3) - https:\/\/yoast.com\/product\/yoast-seo-premium-wordpress\/ -->\n<title>Bauernhof in La Uni\u00f3n, Loncotregua - Region Los R\u00edos - Produncan<\/title>\n<meta name=\"description\" content=\"Landwirtschafts- und Viehzuchtbetrieb 14 Minuten von La Uni\u00f3n entfernt, mit asphaltierter Zufahrt, 70% Wiesen, Panoramablick, H\u00e4ngen, S\u00fcmpfen und Viehzuchtinfrastruktur.\" \/>\n<meta name=\"robots\" content=\"index, follow, max-snippet:-1, max-image-preview:large, max-video-preview:-1\" \/>\n<link rel=\"canonical\" href=\"https:\/\/produncan.cl\/de\/produkt\/bauernhof-in-la-union-loncotregua-region-los-rios\/\" \/>\n<meta property=\"og:locale\" content=\"de_DE\" \/>\n<meta property=\"og:type\" content=\"article\" \/>\n<meta property=\"og:title\" content=\"Bauernhof in La Uni\u00f3n, Loncotregua - Region Los R\u00edos\" \/>\n<meta property=\"og:description\" content=\"Ackerbau- und Viehzuchtbetrieb 14 Minuten von der Stadt La Uni\u00f3n entfernt. Mit asphaltierten Zugang, keine Dienstbarkeiten, 70% Wiesen, h\u00fcgelige Topographie, Panoramablick, H\u00e4nge, Flussm\u00fcndungen, Infrastruktur f\u00fcr Vieh und gutes Signal.\" \/>\n<meta property=\"og:url\" content=\"https:\/\/produncan.cl\/de\/produkt\/bauernhof-in-la-union-loncotregua-region-los-rios\/\" \/>\n<meta property=\"og:site_name\" content=\"Produncan\" \/>\n<meta property=\"article:publisher\" content=\"https:\/\/web.facebook.com\/produncanland\" \/>\n<meta property=\"article:modified_time\" content=\"2026-03-12T21:33:43+00:00\" \/>\n<meta property=\"og:image\" content=\"https:\/\/produncan.cl\/wp-content\/uploads\/2025\/07\/Campo-Loncotregua-La-Union.webp\" \/>\n<meta name=\"twitter:card\" content=\"summary_large_image\" \/>\n<meta name=\"twitter:label1\" content=\"Price\" \/>\n\t<meta name=\"twitter:data1\" content=\"USD1.549.200,00\" \/>\n\t<meta name=\"twitter:label2\" content=\"Availability\" \/>\n\t<meta name=\"twitter:data2\" content=\"In stock\" \/>\n<script type=\"application\/ld+json\" class=\"yoast-schema-graph\">{\"@context\":\"https:\\\/\\\/schema.org\",\"@graph\":[{\"@type\":\"WebPage\",\"@id\":\"https:\\\/\\\/produncan.cl\\\/de\\\/produkt\\\/bauernhof-in-la-union-loncotregua-region-los-rios\\\/\",\"url\":\"https:\\\/\\\/produncan.cl\\\/de\\\/produkt\\\/bauernhof-in-la-union-loncotregua-region-los-rios\\\/\",\"name\":\"Bauernhof in La Uni\u00f3n, Loncotregua - Region Los R\u00edos - Produncan\",\"isPartOf\":{\"@id\":\"https:\\\/\\\/produncan.cl\\\/de\\\/#website\"},\"primaryImageOfPage\":{\"@id\":\"https:\\\/\\\/produncan.cl\\\/de\\\/produkt\\\/bauernhof-in-la-union-loncotregua-region-los-rios\\\/#primaryimage\"},\"image\":{\"@id\":\"https:\\\/\\\/produncan.cl\\\/de\\\/produkt\\\/bauernhof-in-la-union-loncotregua-region-los-rios\\\/#primaryimage\"},\"thumbnailUrl\":\"https:\\\/\\\/produncan.cl\\\/wp-content\\\/uploads\\\/2025\\\/07\\\/Campo-Loncotregua-La-Union.webp\",\"datePublished\":\"2025-07-15T22:04:40+00:00\",\"dateModified\":\"2026-03-12T21:33:43+00:00\",\"description\":\"Landwirtschafts- und Viehzuchtbetrieb 14 Minuten von La Uni\u00f3n entfernt, mit asphaltierter Zufahrt, 70% Wiesen, Panoramablick, H\u00e4ngen, S\u00fcmpfen und Viehzuchtinfrastruktur.\",\"breadcrumb\":{\"@id\":\"https:\\\/\\\/produncan.cl\\\/de\\\/produkt\\\/bauernhof-in-la-union-loncotregua-region-los-rios\\\/#breadcrumb\"},\"inLanguage\":\"de-DE\",\"potentialAction\":[{\"@type\":\"ReadAction\",\"target\":[\"https:\\\/\\\/produncan.cl\\\/de\\\/produkt\\\/bauernhof-in-la-union-loncotregua-region-los-rios\\\/\"]}]},{\"@type\":\"ImageObject\",\"inLanguage\":\"de-DE\",\"@id\":\"https:\\\/\\\/produncan.cl\\\/de\\\/produkt\\\/bauernhof-in-la-union-loncotregua-region-los-rios\\\/#primaryimage\",\"url\":\"https:\\\/\\\/produncan.cl\\\/wp-content\\\/uploads\\\/2025\\\/07\\\/Campo-Loncotregua-La-Union.webp\",\"contentUrl\":\"https:\\\/\\\/produncan.cl\\\/wp-content\\\/uploads\\\/2025\\\/07\\\/Campo-Loncotregua-La-Union.webp\",\"width\":800,\"height\":600,\"caption\":\"Die Union\"},{\"@type\":\"BreadcrumbList\",\"@id\":\"https:\\\/\\\/produncan.cl\\\/de\\\/produkt\\\/bauernhof-in-la-union-loncotregua-region-los-rios\\\/#breadcrumb\",\"itemListElement\":[{\"@type\":\"ListItem\",\"position\":1,\"name\":\"Inicio\",\"item\":\"https:\\\/\\\/produncan.cl\\\/de\\\/\"},{\"@type\":\"ListItem\",\"position\":2,\"name\":\"Eigenschaften\",\"item\":\"https:\\\/\\\/produncan.cl\\\/propiedades\\\/\"},{\"@type\":\"ListItem\",\"position\":3,\"name\":\"Felder\",\"item\":\"https:\\\/\\\/produncan.cl\\\/de\\\/kategorie\\\/felder\\\/\"},{\"@type\":\"ListItem\",\"position\":4,\"name\":\"Bauernhof in La Uni\u00f3n, Loncotregua &#8211; Region Los R\u00edos\"}]},{\"@type\":\"WebSite\",\"@id\":\"https:\\\/\\\/produncan.cl\\\/de\\\/#website\",\"url\":\"https:\\\/\\\/produncan.cl\\\/de\\\/\",\"name\":\"Produncan\",\"description\":\"Wir begleiten Sie bei Ihrem Lebensprojekt!\",\"publisher\":{\"@id\":\"https:\\\/\\\/produncan.cl\\\/de\\\/#organization\"},\"potentialAction\":[{\"@type\":\"SearchAction\",\"target\":{\"@type\":\"EntryPoint\",\"urlTemplate\":\"https:\\\/\\\/produncan.cl\\\/de\\\/?s={search_term_string}\"},\"query-input\":{\"@type\":\"PropertyValueSpecification\",\"valueRequired\":true,\"valueName\":\"search_term_string\"}}],\"inLanguage\":\"de-DE\"},{\"@type\":\"Organization\",\"@id\":\"https:\\\/\\\/produncan.cl\\\/de\\\/#organization\",\"name\":\"Produncan\",\"url\":\"https:\\\/\\\/produncan.cl\\\/de\\\/\",\"logo\":{\"@type\":\"ImageObject\",\"inLanguage\":\"de-DE\",\"@id\":\"https:\\\/\\\/produncan.cl\\\/de\\\/#\\\/schema\\\/logo\\\/image\\\/\",\"url\":\"https:\\\/\\\/produncan.cl\\\/wp-content\\\/uploads\\\/2021\\\/03\\\/LOGO.jpeg\",\"contentUrl\":\"https:\\\/\\\/produncan.cl\\\/wp-content\\\/uploads\\\/2021\\\/03\\\/LOGO.jpeg\",\"width\":1280,\"height\":903,\"caption\":\"Produncan\"},\"image\":{\"@id\":\"https:\\\/\\\/produncan.cl\\\/de\\\/#\\\/schema\\\/logo\\\/image\\\/\"},\"sameAs\":[\"https:\\\/\\\/web.facebook.com\\\/produncanland\",\"https:\\\/\\\/www.instagram.com\\\/pro_duncan\\\/\",\"https:\\\/\\\/www.linkedin.com\\\/company\\\/produncan-lands\\\/\",\"https:\\\/\\\/www.youtube.com\\\/channel\\\/UCu7N-f3x0svkazD-Eew1-QQ\"],\"description\":\"En Produncan somos especialistas en la venta de terrenos en el sur de Chile. Proveemos estancias, campos, parcelas y hoteles.\",\"email\":\"info@produncan.cl\"}]}<\/script>\n<meta property=\"og:video\" content=\"https:\/\/www.youtube.com\/embed\/XT-evLv9UXc\" \/>\n<meta property=\"og:video:type\" content=\"text\/html\" \/>\n<meta property=\"og:video:duration\" content=\"72\" \/>\n<meta property=\"og:video:width\" content=\"480\" \/>\n<meta property=\"og:video:height\" content=\"270\" \/>\n<meta property=\"ya:ovs:adult\" content=\"false\" \/>\n<meta property=\"ya:ovs:upload_date\" content=\"2025-07-15T22:04:40+00:00\" \/>\n<meta property=\"ya:ovs:allow_embed\" content=\"true\" \/>\n<meta property=\"product:price:amount\" content=\"1549200.00\" \/>\n<meta property=\"product:price:currency\" content=\"USD\" \/>\n<meta property=\"og:availability\" content=\"instock\" \/>\n<meta property=\"product:availability\" content=\"instock\" \/>\n<meta property=\"product:condition\" content=\"new\" \/>\n<!-- \/ Yoast SEO Premium plugin. -->","yoast_head_json":{"title":"Bauernhof in La Uni\u00f3n, Loncotregua - Region Los R\u00edos - Produncan","description":"Landwirtschafts- und Viehzuchtbetrieb 14 Minuten von La Uni\u00f3n entfernt, mit asphaltierter Zufahrt, 70% Wiesen, Panoramablick, H\u00e4ngen, S\u00fcmpfen und Viehzuchtinfrastruktur.","robots":{"index":"index","follow":"follow","max-snippet":"max-snippet:-1","max-image-preview":"max-image-preview:large","max-video-preview":"max-video-preview:-1"},"canonical":"https:\/\/produncan.cl\/de\/produkt\/bauernhof-in-la-union-loncotregua-region-los-rios\/","og_locale":"de_DE","og_type":"article","og_title":"Bauernhof in La Uni\u00f3n, Loncotregua - Region Los R\u00edos","og_description":"Ackerbau- und Viehzuchtbetrieb 14 Minuten von der Stadt La Uni\u00f3n entfernt. Mit asphaltierten Zugang, keine Dienstbarkeiten, 70% Wiesen, h\u00fcgelige Topographie, Panoramablick, H\u00e4nge, Flussm\u00fcndungen, Infrastruktur f\u00fcr Vieh und gutes Signal.","og_url":"https:\/\/produncan.cl\/de\/produkt\/bauernhof-in-la-union-loncotregua-region-los-rios\/","og_site_name":"Produncan","article_publisher":"https:\/\/web.facebook.com\/produncanland","article_modified_time":"2026-03-12T21:33:43+00:00","og_image":[{"url":"https:\/\/produncan.cl\/wp-content\/uploads\/2025\/07\/Campo-Loncotregua-La-Union.webp","type":"","width":"","height":""}],"twitter_card":"summary_large_image","twitter_misc":{"Price":"USD1.549.200,00","Availability":"In stock"},"schema":{"@context":"https:\/\/schema.org","@graph":[{"@type":"WebPage","@id":"https:\/\/produncan.cl\/de\/produkt\/bauernhof-in-la-union-loncotregua-region-los-rios\/","url":"https:\/\/produncan.cl\/de\/produkt\/bauernhof-in-la-union-loncotregua-region-los-rios\/","name":"Bauernhof in La Uni\u00f3n, Loncotregua - Region Los R\u00edos - Produncan","isPartOf":{"@id":"https:\/\/produncan.cl\/de\/#website"},"primaryImageOfPage":{"@id":"https:\/\/produncan.cl\/de\/produkt\/bauernhof-in-la-union-loncotregua-region-los-rios\/#primaryimage"},"image":{"@id":"https:\/\/produncan.cl\/de\/produkt\/bauernhof-in-la-union-loncotregua-region-los-rios\/#primaryimage"},"thumbnailUrl":"https:\/\/produncan.cl\/wp-content\/uploads\/2025\/07\/Campo-Loncotregua-La-Union.webp","datePublished":"2025-07-15T22:04:40+00:00","dateModified":"2026-03-12T21:33:43+00:00","description":"Landwirtschafts- und Viehzuchtbetrieb 14 Minuten von La Uni\u00f3n entfernt, mit asphaltierter Zufahrt, 70% Wiesen, Panoramablick, H\u00e4ngen, S\u00fcmpfen und Viehzuchtinfrastruktur.","breadcrumb":{"@id":"https:\/\/produncan.cl\/de\/produkt\/bauernhof-in-la-union-loncotregua-region-los-rios\/#breadcrumb"},"inLanguage":"de-DE","potentialAction":[{"@type":"ReadAction","target":["https:\/\/produncan.cl\/de\/produkt\/bauernhof-in-la-union-loncotregua-region-los-rios\/"]}]},{"@type":"ImageObject","inLanguage":"de-DE","@id":"https:\/\/produncan.cl\/de\/produkt\/bauernhof-in-la-union-loncotregua-region-los-rios\/#primaryimage","url":"https:\/\/produncan.cl\/wp-content\/uploads\/2025\/07\/Campo-Loncotregua-La-Union.webp","contentUrl":"https:\/\/produncan.cl\/wp-content\/uploads\/2025\/07\/Campo-Loncotregua-La-Union.webp","width":800,"height":600,"caption":"Die Union"},{"@type":"BreadcrumbList","@id":"https:\/\/produncan.cl\/de\/produkt\/bauernhof-in-la-union-loncotregua-region-los-rios\/#breadcrumb","itemListElement":[{"@type":"ListItem","position":1,"name":"Inicio","item":"https:\/\/produncan.cl\/de\/"},{"@type":"ListItem","position":2,"name":"Eigenschaften","item":"https:\/\/produncan.cl\/propiedades\/"},{"@type":"ListItem","position":3,"name":"Felder","item":"https:\/\/produncan.cl\/de\/kategorie\/felder\/"},{"@type":"ListItem","position":4,"name":"Bauernhof in La Uni\u00f3n, Loncotregua &#8211; Region Los R\u00edos"}]},{"@type":"WebSite","@id":"https:\/\/produncan.cl\/de\/#website","url":"https:\/\/produncan.cl\/de\/","name":"Produncan","description":"Wir begleiten Sie bei Ihrem Lebensprojekt!","publisher":{"@id":"https:\/\/produncan.cl\/de\/#organization"},"potentialAction":[{"@type":"SearchAction","target":{"@type":"EntryPoint","urlTemplate":"https:\/\/produncan.cl\/de\/?s={search_term_string}"},"query-input":{"@type":"PropertyValueSpecification","valueRequired":true,"valueName":"search_term_string"}}],"inLanguage":"de-DE"},{"@type":"Organization","@id":"https:\/\/produncan.cl\/de\/#organization","name":"Produncan","url":"https:\/\/produncan.cl\/de\/","logo":{"@type":"ImageObject","inLanguage":"de-DE","@id":"https:\/\/produncan.cl\/de\/#\/schema\/logo\/image\/","url":"https:\/\/produncan.cl\/wp-content\/uploads\/2021\/03\/LOGO.jpeg","contentUrl":"https:\/\/produncan.cl\/wp-content\/uploads\/2021\/03\/LOGO.jpeg","width":1280,"height":903,"caption":"Produncan"},"image":{"@id":"https:\/\/produncan.cl\/de\/#\/schema\/logo\/image\/"},"sameAs":["https:\/\/web.facebook.com\/produncanland","https:\/\/www.instagram.com\/pro_duncan\/","https:\/\/www.linkedin.com\/company\/produncan-lands\/","https:\/\/www.youtube.com\/channel\/UCu7N-f3x0svkazD-Eew1-QQ"],"description":"En Produncan somos especialistas en la venta de terrenos en el sur de Chile. Proveemos estancias, campos, parcelas y hoteles.","email":"info@produncan.cl"}]},"og_video":"https:\/\/www.youtube.com\/embed\/XT-evLv9UXc","og_video_type":"text\/html","og_video_duration":"72","og_video_width":"480","og_video_height":"270","ya_ovs_adult":"false","ya_ovs_upload_date":"2025-07-15T22:04:40+00:00","ya_ovs_allow_embed":"true","product_price_amount":"1549200.00","product_price_currency":"USD","og_availability":"instock","product_availability":"instock","product_condition":"new"},"_links":{"self":[{"href":"https:\/\/produncan.cl\/de\/wp-json\/wp\/v2\/product\/44290","targetHints":{"allow":["GET"]}}],"collection":[{"href":"https:\/\/produncan.cl\/de\/wp-json\/wp\/v2\/product"}],"about":[{"href":"https:\/\/produncan.cl\/de\/wp-json\/wp\/v2\/types\/product"}],"version-history":[{"count":3,"href":"https:\/\/produncan.cl\/de\/wp-json\/wp\/v2\/product\/44290\/revisions"}],"predecessor-version":[{"id":54917,"href":"https:\/\/produncan.cl\/de\/wp-json\/wp\/v2\/product\/44290\/revisions\/54917"}],"wp:featuredmedia":[{"embeddable":true,"href":"https:\/\/produncan.cl\/de\/wp-json\/wp\/v2\/media\/44175"}],"wp:attachment":[{"href":"https:\/\/produncan.cl\/de\/wp-json\/wp\/v2\/media?parent=44290"}],"wp:term":[{"taxonomy":"product_brand","embeddable":true,"href":"https:\/\/produncan.cl\/de\/wp-json\/wp\/v2\/product_brand?post=44290"},{"taxonomy":"product_cat","embeddable":true,"href":"https:\/\/produncan.cl\/de\/wp-json\/wp\/v2\/product_cat?post=44290"},{"taxonomy":"product_tag","embeddable":true,"href":"https:\/\/produncan.cl\/de\/wp-json\/wp\/v2\/product_tag?post=44290"},{"taxonomy":"regiones","embeddable":true,"href":"https:\/\/produncan.cl\/de\/wp-json\/wp\/v2\/regiones?post=44290"},{"taxonomy":"ciudades","embeddable":true,"href":"https:\/\/produncan.cl\/de\/wp-json\/wp\/v2\/ciudades?post=44290"}],"curies":[{"name":"wp","href":"https:\/\/api.w.org\/{rel}","templated":true}]}}