{"id":44292,"date":"2025-07-11T14:37:40","date_gmt":"2025-07-11T18:37:40","guid":{"rendered":"https:\/\/produncan.cl\/producto\/landleben-in-purranque-camarones-seengebiet\/"},"modified":"2025-11-24T13:16:49","modified_gmt":"2025-11-24T16:16:49","slug":"landleben-in-purranque-camarones-seengebiet","status":"publish","type":"product","link":"https:\/\/produncan.cl\/de\/produkt\/landleben-in-purranque-camarones-seengebiet\/","title":{"rendered":"Landleben in Purranque, Camarones &#8211; Seengebiet"},"content":{"rendered":"\t\t<div data-elementor-type=\"product-post\" data-elementor-id=\"44292\" class=\"elementor elementor-44292 elementor-43941\" data-elementor-post-type=\"product\">\n\t\t\t\t<div class=\"elementor-element elementor-element-74c7642 e-flex e-con-boxed e-con e-parent\" data-id=\"74c7642\" data-element_type=\"container\" data-e-type=\"container\" data-settings=\"{&quot;jet_parallax_layout_list&quot;:[]}\">\n\t\t\t\t\t<div class=\"e-con-inner\">\n\t\t\t\t<div class=\"elementor-element elementor-element-b7c4be4 elementor-widget elementor-widget-heading\" data-id=\"b7c4be4\" data-element_type=\"widget\" data-e-type=\"widget\" data-widget_type=\"heading.default\">\n\t\t\t\t\t<h2 class=\"elementor-heading-title elementor-size-default\">476 produktive Hektar im gr\u00fcnen Patagonien warten auf Sie<\/h2>\t\t\t\t<\/div>\n\t\t\t\t\t<\/div>\n\t\t\t\t<\/div>\n\t\t<div class=\"elementor-element elementor-element-fa715a8 e-flex e-con-boxed e-con e-parent\" data-id=\"fa715a8\" data-element_type=\"container\" data-e-type=\"container\" data-settings=\"{&quot;jet_parallax_layout_list&quot;:[]}\">\n\t\t\t\t\t<div class=\"e-con-inner\">\n\t\t\t\t<div class=\"elementor-element elementor-element-83ed8ae elementor-widget elementor-widget-text-editor\" data-id=\"83ed8ae\" data-element_type=\"widget\" data-e-type=\"widget\" data-widget_type=\"text-editor.default\">\n\t\t\t\t\t\t\t\t\t<p data-start=\"285\" data-end=\"690\">In der Gemeinde Purranque wird ein Landwirtschafts- und Viehzuchtbetrieb von 476 Hektar zum Verkauf angeboten, voll funktionsf\u00e4hig, mit Einrichtungen, Vieh und Wasserrechten. Dies ist eine einmalige Gelegenheit, nicht nur ein St\u00fcck Land zu erwerben, sondern ein Lebensprojekt in einer der fruchtbarsten, strategisch wichtigsten und sch\u00f6nsten Gegenden im S\u00fcden Chiles. <\/p><p data-start=\"692\" data-end=\"1230\">Der landwirtschaftliche Betrieb in Purranque, Sektor Camarones, ist in zwei Sektoren von 360 bzw. 117 Hektar aufgeteilt, die durch eine nur 1,5 Kilometer lange Dienstbarkeit voneinander getrennt sind, was eine effiziente Nutzung beider Einheiten erm\u00f6glicht. Seine Lage ist privilegiert: nur eine Stunde und zwanzig Minuten vom Flughafen El Tepual entfernt, mit einfachem Zugang \u00fcber Landstra\u00dfen und umgeben von Natur, Geschichte und l\u00e4ndlicher Tradition. Durch die N\u00e4he zu Hueyusca und der Pazifikk\u00fcste befindet sie sich in einem geografischen Umfeld mit hervorragender Anbindung und Aussicht.  <\/p><p data-start=\"1232\" data-end=\"1741\">Das Grundst\u00fcck zeichnet sich durch seinen au\u00dfergew\u00f6hnlichen Wasserreichtum aus, denn es grenzt auf mehr als sechs Kilometern an die Fl\u00fcsse La Plata und Hueyusca. Au\u00dferdem verf\u00fcgt es \u00fcber zwei bei der Direcci\u00f3n General de Aguas eingetragene Wasserrechte, die eine Wassermenge von 50 Litern pro Sekunde garantieren, was es zu einem wertvollen Aktivposten sowohl f\u00fcr die intensive Produktion als auch f\u00fcr die Diversifizierung des Anbaus oder f\u00fcr Erholungsaktivit\u00e4ten macht. Die nat\u00fcrliche Bew\u00e4sserung durch die Camanchaca, die an der K\u00fcste entspringt, steigert das landwirtschaftliche Potenzial zus\u00e4tzlich.  <\/p><p data-start=\"1743\" data-end=\"2230\">Was die Infrastruktur betrifft, so ist der Betrieb vollst\u00e4ndig ausgestattet, um den Betrieb ohne Unterbrechung fortzuf\u00fchren. Er verf\u00fcgt \u00fcber Dreiphasenstrom, einen Brunnen, ein B\u00fcro, ein B\u00fcro, eine Meisterkabine, sechs Arbeiterh\u00e4user, St\u00e4lle, einen Schuppen, ein K\u00e4lberhaus und einen Melkstand mit einer Kapazit\u00e4t von 10 Einheiten. Der Viehbestand ist voll entwickelt und umfasst mehr als 360 Rinder, darunter tr\u00e4chtige Milchk\u00fche, F\u00e4rsen, K\u00e4lber, Bullen und eine Angus-Zuchtlinie, sowie Pferde.  <\/p><p data-start=\"2232\" data-end=\"2698\">Je nach Sektor bedecken Wiesen 70-90 % der Fl\u00e4che, erg\u00e4nzt durch einheimische W\u00e4lder mit Arten wie Ulmen, Lorbeer, Eichen und Haselnuss. Das gem\u00e4\u00dfigte Regenklima mit ozeanischen Einfl\u00fcssen schafft ein perfektes Gleichgewicht zwischen Feuchtigkeit, milden Temperaturen und fruchtbaren B\u00f6den. Die Jahreszeiten sind klar definiert, ohne starke Extreme, was eine konstante und nachhaltige Viehzucht und landwirtschaftliche Produktion w\u00e4hrend des ganzen Jahres erm\u00f6glicht.  <\/p><p data-start=\"2700\" data-end=\"3031\">Dieses Feld in Purranque hat keine gesetzlichen Beschr\u00e4nkungen, noch indigene Betroffenheit, noch Einschr\u00e4nkungen f\u00fcr die Unterteilung. Es wird mit neun registrierten Rollen verkauft, ohne Schulden oder Verbote. Sein Verkaufswert ist $15.000.000 pro Hektar und es wird schl\u00fcsselfertig verkauft, einschlie\u00dflich aller Inventar, Wasserrechte und laufenden Betrieb.  <\/p><p data-start=\"3033\" data-end=\"3413\">F\u00fcr diejenigen, die nach einer soliden Investition, einem sinnvollen Familienprojekt oder einfach nur nach der Bewahrung eines unber\u00fchrten St\u00fccks S\u00fcdchile suchen, stellt diese Farm viel mehr als nur eine kommerzielle Gelegenheit dar. Er ist das Tor zu einem Leben, das mit dem Land, der Produktion und der Landschaft verbunden ist. Hier werden die Tage im Rhythmus der Natur gelebt, die Arbeit hat einen Sinn und die Umgebung ist friedlich.  <\/p><p data-start=\"3415\" data-end=\"3569\">Kontaktieren Sie uns f\u00fcr weitere Informationen oder um eine private Besichtigung zu vereinbaren. Diese Immobilie k\u00f6nnte der Beginn Ihrer n\u00e4chsten gro\u00dfen Patagonien-Geschichte sein. <\/p>\t\t\t\t\t\t\t\t<\/div>\n\t\t\t\t\t<\/div>\n\t\t\t\t<\/div>\n\t\t\t\t<\/div>\n\t\t","protected":false},"excerpt":{"rendered":"<p>Milch- und Viehbetrieb in Purranque. Mit Einrichtungen, Drehstrom, 6 Kilometern Fluss, eingetragenen Wasserrechten und 80 % Weideland. Wird schl\u00fcsselfertig mit allem inklusive verkauft.  <\/p>\n","protected":false},"featured_media":43951,"template":"","meta":{"_acf_changed":false},"product_brand":[],"product_cat":[104],"product_tag":[235],"regiones":[226],"ciudades":[214,454],"class_list":{"0":"post-44292","1":"product","2":"type-product","3":"status-publish","4":"has-post-thumbnail","6":"product_cat-ohiggins-los-lagos","7":"product_tag-felder","8":"regiones-nuble-los_lagos","9":"ciudades-fresia","10":"ciudades-purranque","12":"first","13":"instock","14":"shipping-taxable","15":"purchasable","16":"product-type-simple"},"acf":[],"yoast_head":"<!-- This site is optimized with the Yoast SEO Premium plugin v26.0 (Yoast SEO v27.3) - https:\/\/yoast.com\/product\/yoast-seo-premium-wordpress\/ -->\n<title>Landleben in Purranque, Camarones - Seengebiet - Produncan<\/title>\n<meta name=\"description\" content=\"Milchviehbetrieb in Purranque von 476 ha, mit 6 km Fluss, Wasserrechte, dreiphasig, 80% Wiesen und Einrichtungen. Turnkey-Verkauf mit allem, was enthalten ist.\" \/>\n<meta name=\"robots\" content=\"index, follow, max-snippet:-1, max-image-preview:large, max-video-preview:-1\" \/>\n<link rel=\"canonical\" href=\"https:\/\/produncan.cl\/de\/produkt\/landleben-in-purranque-camarones-seengebiet\/\" \/>\n<meta property=\"og:locale\" content=\"de_DE\" \/>\n<meta property=\"og:type\" content=\"article\" \/>\n<meta property=\"og:title\" content=\"Landleben in Purranque, Camarones - Seengebiet\" \/>\n<meta property=\"og:description\" content=\"Dairy and livestock farm in Purranque covering 476 hectares. Includes facilities, three-phase power, 6 km of riverfront, registered water rights, and 80% pastureland. Turnkey sale with everything included.\" \/>\n<meta property=\"og:url\" content=\"https:\/\/produncan.cl\/de\/produkt\/landleben-in-purranque-camarones-seengebiet\/\" \/>\n<meta property=\"og:site_name\" content=\"Produncan\" \/>\n<meta property=\"article:publisher\" content=\"https:\/\/web.facebook.com\/produncanland\" \/>\n<meta property=\"article:modified_time\" content=\"2025-11-24T16:16:49+00:00\" \/>\n<meta property=\"og:image\" content=\"https:\/\/produncan.cl\/wp-content\/uploads\/2025\/07\/Campo-Fundo-Camarones-Purranque-copia.webp\" \/>\n<meta name=\"twitter:card\" content=\"summary_large_image\" \/>\n<meta name=\"twitter:label1\" content=\"Price\" \/>\n\t<meta name=\"twitter:data1\" content=\"USD7.761.200,00\" \/>\n\t<meta name=\"twitter:label2\" content=\"Availability\" \/>\n\t<meta name=\"twitter:data2\" content=\"In stock\" \/>\n<script type=\"application\/ld+json\" class=\"yoast-schema-graph\">{\"@context\":\"https:\\\/\\\/schema.org\",\"@graph\":[{\"@type\":\"WebPage\",\"@id\":\"https:\\\/\\\/produncan.cl\\\/de\\\/produkt\\\/landleben-in-purranque-camarones-seengebiet\\\/\",\"url\":\"https:\\\/\\\/produncan.cl\\\/de\\\/produkt\\\/landleben-in-purranque-camarones-seengebiet\\\/\",\"name\":\"Landleben in Purranque, Camarones - Seengebiet - Produncan\",\"isPartOf\":{\"@id\":\"https:\\\/\\\/produncan.cl\\\/de\\\/#website\"},\"primaryImageOfPage\":{\"@id\":\"https:\\\/\\\/produncan.cl\\\/de\\\/produkt\\\/landleben-in-purranque-camarones-seengebiet\\\/#primaryimage\"},\"image\":{\"@id\":\"https:\\\/\\\/produncan.cl\\\/de\\\/produkt\\\/landleben-in-purranque-camarones-seengebiet\\\/#primaryimage\"},\"thumbnailUrl\":\"https:\\\/\\\/produncan.cl\\\/wp-content\\\/uploads\\\/2025\\\/07\\\/Campo-Fundo-Camarones-Purranque-copia.webp\",\"datePublished\":\"2025-07-11T18:37:40+00:00\",\"dateModified\":\"2025-11-24T16:16:49+00:00\",\"description\":\"Milchviehbetrieb in Purranque von 476 ha, mit 6 km Fluss, Wasserrechte, dreiphasig, 80% Wiesen und Einrichtungen. Turnkey-Verkauf mit allem, was enthalten ist.\",\"breadcrumb\":{\"@id\":\"https:\\\/\\\/produncan.cl\\\/de\\\/produkt\\\/landleben-in-purranque-camarones-seengebiet\\\/#breadcrumb\"},\"inLanguage\":\"de-DE\",\"potentialAction\":[{\"@type\":\"ReadAction\",\"target\":[\"https:\\\/\\\/produncan.cl\\\/de\\\/produkt\\\/landleben-in-purranque-camarones-seengebiet\\\/\"]}]},{\"@type\":\"ImageObject\",\"inLanguage\":\"de-DE\",\"@id\":\"https:\\\/\\\/produncan.cl\\\/de\\\/produkt\\\/landleben-in-purranque-camarones-seengebiet\\\/#primaryimage\",\"url\":\"https:\\\/\\\/produncan.cl\\\/wp-content\\\/uploads\\\/2025\\\/07\\\/Campo-Fundo-Camarones-Purranque-copia.webp\",\"contentUrl\":\"https:\\\/\\\/produncan.cl\\\/wp-content\\\/uploads\\\/2025\\\/07\\\/Campo-Fundo-Camarones-Purranque-copia.webp\",\"width\":800,\"height\":600,\"caption\":\"Campo Fundo Camarones Purranque Kopie\"},{\"@type\":\"BreadcrumbList\",\"@id\":\"https:\\\/\\\/produncan.cl\\\/de\\\/produkt\\\/landleben-in-purranque-camarones-seengebiet\\\/#breadcrumb\",\"itemListElement\":[{\"@type\":\"ListItem\",\"position\":1,\"name\":\"Inicio\",\"item\":\"https:\\\/\\\/produncan.cl\\\/de\\\/\"},{\"@type\":\"ListItem\",\"position\":2,\"name\":\"Eigenschaften\",\"item\":\"https:\\\/\\\/produncan.cl\\\/propiedades\\\/\"},{\"@type\":\"ListItem\",\"position\":3,\"name\":\"Felder\",\"item\":\"https:\\\/\\\/produncan.cl\\\/de\\\/kategorie\\\/felder\\\/\"},{\"@type\":\"ListItem\",\"position\":4,\"name\":\"Landleben in Purranque, Camarones &#8211; Seengebiet\"}]},{\"@type\":\"WebSite\",\"@id\":\"https:\\\/\\\/produncan.cl\\\/de\\\/#website\",\"url\":\"https:\\\/\\\/produncan.cl\\\/de\\\/\",\"name\":\"Produncan\",\"description\":\"Wir begleiten Sie bei Ihrem Lebensprojekt!\",\"publisher\":{\"@id\":\"https:\\\/\\\/produncan.cl\\\/de\\\/#organization\"},\"potentialAction\":[{\"@type\":\"SearchAction\",\"target\":{\"@type\":\"EntryPoint\",\"urlTemplate\":\"https:\\\/\\\/produncan.cl\\\/de\\\/?s={search_term_string}\"},\"query-input\":{\"@type\":\"PropertyValueSpecification\",\"valueRequired\":true,\"valueName\":\"search_term_string\"}}],\"inLanguage\":\"de-DE\"},{\"@type\":\"Organization\",\"@id\":\"https:\\\/\\\/produncan.cl\\\/de\\\/#organization\",\"name\":\"Produncan\",\"url\":\"https:\\\/\\\/produncan.cl\\\/de\\\/\",\"logo\":{\"@type\":\"ImageObject\",\"inLanguage\":\"de-DE\",\"@id\":\"https:\\\/\\\/produncan.cl\\\/de\\\/#\\\/schema\\\/logo\\\/image\\\/\",\"url\":\"https:\\\/\\\/produncan.cl\\\/wp-content\\\/uploads\\\/2021\\\/03\\\/LOGO.jpeg\",\"contentUrl\":\"https:\\\/\\\/produncan.cl\\\/wp-content\\\/uploads\\\/2021\\\/03\\\/LOGO.jpeg\",\"width\":1280,\"height\":903,\"caption\":\"Produncan\"},\"image\":{\"@id\":\"https:\\\/\\\/produncan.cl\\\/de\\\/#\\\/schema\\\/logo\\\/image\\\/\"},\"sameAs\":[\"https:\\\/\\\/web.facebook.com\\\/produncanland\",\"https:\\\/\\\/www.instagram.com\\\/pro_duncan\\\/\",\"https:\\\/\\\/www.linkedin.com\\\/company\\\/produncan-lands\\\/\",\"https:\\\/\\\/www.youtube.com\\\/channel\\\/UCu7N-f3x0svkazD-Eew1-QQ\"],\"description\":\"En Produncan somos especialistas en la venta de terrenos en el sur de Chile. Proveemos estancias, campos, parcelas y hoteles.\",\"email\":\"info@produncan.cl\"}]}<\/script>\n<meta property=\"og:video\" content=\"https:\/\/www.youtube.com\/embed\/CTFU3YpPMTc\" \/>\n<meta property=\"og:video:type\" content=\"text\/html\" \/>\n<meta property=\"og:video:duration\" content=\"77\" \/>\n<meta property=\"og:video:width\" content=\"480\" \/>\n<meta property=\"og:video:height\" content=\"270\" \/>\n<meta property=\"ya:ovs:adult\" content=\"false\" \/>\n<meta property=\"ya:ovs:upload_date\" content=\"2025-07-11T18:37:40+00:00\" \/>\n<meta property=\"ya:ovs:allow_embed\" content=\"true\" \/>\n<meta property=\"product:price:amount\" content=\"7761200.00\" \/>\n<meta property=\"product:price:currency\" content=\"USD\" \/>\n<meta property=\"og:availability\" content=\"instock\" \/>\n<meta property=\"product:availability\" content=\"instock\" \/>\n<meta property=\"product:condition\" content=\"new\" \/>\n<!-- \/ Yoast SEO Premium plugin. -->","yoast_head_json":{"title":"Landleben in Purranque, Camarones - Seengebiet - Produncan","description":"Milchviehbetrieb in Purranque von 476 ha, mit 6 km Fluss, Wasserrechte, dreiphasig, 80% Wiesen und Einrichtungen. Turnkey-Verkauf mit allem, was enthalten ist.","robots":{"index":"index","follow":"follow","max-snippet":"max-snippet:-1","max-image-preview":"max-image-preview:large","max-video-preview":"max-video-preview:-1"},"canonical":"https:\/\/produncan.cl\/de\/produkt\/landleben-in-purranque-camarones-seengebiet\/","og_locale":"de_DE","og_type":"article","og_title":"Landleben in Purranque, Camarones - Seengebiet","og_description":"Dairy and livestock farm in Purranque covering 476 hectares. Includes facilities, three-phase power, 6 km of riverfront, registered water rights, and 80% pastureland. Turnkey sale with everything included.","og_url":"https:\/\/produncan.cl\/de\/produkt\/landleben-in-purranque-camarones-seengebiet\/","og_site_name":"Produncan","article_publisher":"https:\/\/web.facebook.com\/produncanland","article_modified_time":"2025-11-24T16:16:49+00:00","og_image":[{"url":"https:\/\/produncan.cl\/wp-content\/uploads\/2025\/07\/Campo-Fundo-Camarones-Purranque-copia.webp","type":"","width":"","height":""}],"twitter_card":"summary_large_image","twitter_misc":{"Price":"USD7.761.200,00","Availability":"In stock"},"schema":{"@context":"https:\/\/schema.org","@graph":[{"@type":"WebPage","@id":"https:\/\/produncan.cl\/de\/produkt\/landleben-in-purranque-camarones-seengebiet\/","url":"https:\/\/produncan.cl\/de\/produkt\/landleben-in-purranque-camarones-seengebiet\/","name":"Landleben in Purranque, Camarones - Seengebiet - Produncan","isPartOf":{"@id":"https:\/\/produncan.cl\/de\/#website"},"primaryImageOfPage":{"@id":"https:\/\/produncan.cl\/de\/produkt\/landleben-in-purranque-camarones-seengebiet\/#primaryimage"},"image":{"@id":"https:\/\/produncan.cl\/de\/produkt\/landleben-in-purranque-camarones-seengebiet\/#primaryimage"},"thumbnailUrl":"https:\/\/produncan.cl\/wp-content\/uploads\/2025\/07\/Campo-Fundo-Camarones-Purranque-copia.webp","datePublished":"2025-07-11T18:37:40+00:00","dateModified":"2025-11-24T16:16:49+00:00","description":"Milchviehbetrieb in Purranque von 476 ha, mit 6 km Fluss, Wasserrechte, dreiphasig, 80% Wiesen und Einrichtungen. Turnkey-Verkauf mit allem, was enthalten ist.","breadcrumb":{"@id":"https:\/\/produncan.cl\/de\/produkt\/landleben-in-purranque-camarones-seengebiet\/#breadcrumb"},"inLanguage":"de-DE","potentialAction":[{"@type":"ReadAction","target":["https:\/\/produncan.cl\/de\/produkt\/landleben-in-purranque-camarones-seengebiet\/"]}]},{"@type":"ImageObject","inLanguage":"de-DE","@id":"https:\/\/produncan.cl\/de\/produkt\/landleben-in-purranque-camarones-seengebiet\/#primaryimage","url":"https:\/\/produncan.cl\/wp-content\/uploads\/2025\/07\/Campo-Fundo-Camarones-Purranque-copia.webp","contentUrl":"https:\/\/produncan.cl\/wp-content\/uploads\/2025\/07\/Campo-Fundo-Camarones-Purranque-copia.webp","width":800,"height":600,"caption":"Campo Fundo Camarones Purranque Kopie"},{"@type":"BreadcrumbList","@id":"https:\/\/produncan.cl\/de\/produkt\/landleben-in-purranque-camarones-seengebiet\/#breadcrumb","itemListElement":[{"@type":"ListItem","position":1,"name":"Inicio","item":"https:\/\/produncan.cl\/de\/"},{"@type":"ListItem","position":2,"name":"Eigenschaften","item":"https:\/\/produncan.cl\/propiedades\/"},{"@type":"ListItem","position":3,"name":"Felder","item":"https:\/\/produncan.cl\/de\/kategorie\/felder\/"},{"@type":"ListItem","position":4,"name":"Landleben in Purranque, Camarones &#8211; Seengebiet"}]},{"@type":"WebSite","@id":"https:\/\/produncan.cl\/de\/#website","url":"https:\/\/produncan.cl\/de\/","name":"Produncan","description":"Wir begleiten Sie bei Ihrem Lebensprojekt!","publisher":{"@id":"https:\/\/produncan.cl\/de\/#organization"},"potentialAction":[{"@type":"SearchAction","target":{"@type":"EntryPoint","urlTemplate":"https:\/\/produncan.cl\/de\/?s={search_term_string}"},"query-input":{"@type":"PropertyValueSpecification","valueRequired":true,"valueName":"search_term_string"}}],"inLanguage":"de-DE"},{"@type":"Organization","@id":"https:\/\/produncan.cl\/de\/#organization","name":"Produncan","url":"https:\/\/produncan.cl\/de\/","logo":{"@type":"ImageObject","inLanguage":"de-DE","@id":"https:\/\/produncan.cl\/de\/#\/schema\/logo\/image\/","url":"https:\/\/produncan.cl\/wp-content\/uploads\/2021\/03\/LOGO.jpeg","contentUrl":"https:\/\/produncan.cl\/wp-content\/uploads\/2021\/03\/LOGO.jpeg","width":1280,"height":903,"caption":"Produncan"},"image":{"@id":"https:\/\/produncan.cl\/de\/#\/schema\/logo\/image\/"},"sameAs":["https:\/\/web.facebook.com\/produncanland","https:\/\/www.instagram.com\/pro_duncan\/","https:\/\/www.linkedin.com\/company\/produncan-lands\/","https:\/\/www.youtube.com\/channel\/UCu7N-f3x0svkazD-Eew1-QQ"],"description":"En Produncan somos especialistas en la venta de terrenos en el sur de Chile. Proveemos estancias, campos, parcelas y hoteles.","email":"info@produncan.cl"}]},"og_video":"https:\/\/www.youtube.com\/embed\/CTFU3YpPMTc","og_video_type":"text\/html","og_video_duration":"77","og_video_width":"480","og_video_height":"270","ya_ovs_adult":"false","ya_ovs_upload_date":"2025-07-11T18:37:40+00:00","ya_ovs_allow_embed":"true","product_price_amount":"7761200.00","product_price_currency":"USD","og_availability":"instock","product_availability":"instock","product_condition":"new"},"_links":{"self":[{"href":"https:\/\/produncan.cl\/de\/wp-json\/wp\/v2\/product\/44292","targetHints":{"allow":["GET"]}}],"collection":[{"href":"https:\/\/produncan.cl\/de\/wp-json\/wp\/v2\/product"}],"about":[{"href":"https:\/\/produncan.cl\/de\/wp-json\/wp\/v2\/types\/product"}],"version-history":[{"count":2,"href":"https:\/\/produncan.cl\/de\/wp-json\/wp\/v2\/product\/44292\/revisions"}],"predecessor-version":[{"id":52331,"href":"https:\/\/produncan.cl\/de\/wp-json\/wp\/v2\/product\/44292\/revisions\/52331"}],"wp:featuredmedia":[{"embeddable":true,"href":"https:\/\/produncan.cl\/de\/wp-json\/wp\/v2\/media\/43951"}],"wp:attachment":[{"href":"https:\/\/produncan.cl\/de\/wp-json\/wp\/v2\/media?parent=44292"}],"wp:term":[{"taxonomy":"product_brand","embeddable":true,"href":"https:\/\/produncan.cl\/de\/wp-json\/wp\/v2\/product_brand?post=44292"},{"taxonomy":"product_cat","embeddable":true,"href":"https:\/\/produncan.cl\/de\/wp-json\/wp\/v2\/product_cat?post=44292"},{"taxonomy":"product_tag","embeddable":true,"href":"https:\/\/produncan.cl\/de\/wp-json\/wp\/v2\/product_tag?post=44292"},{"taxonomy":"regiones","embeddable":true,"href":"https:\/\/produncan.cl\/de\/wp-json\/wp\/v2\/regiones?post=44292"},{"taxonomy":"ciudades","embeddable":true,"href":"https:\/\/produncan.cl\/de\/wp-json\/wp\/v2\/ciudades?post=44292"}],"curies":[{"name":"wp","href":"https:\/\/api.w.org\/{rel}","templated":true}]}}