{"id":44681,"date":"2025-07-21T18:52:24","date_gmt":"2025-07-21T22:52:24","guid":{"rendered":"https:\/\/produncan.cl\/producto\/hotel-boutique-riquelme-region-la-union-los-rios\/"},"modified":"2025-11-24T13:16:48","modified_gmt":"2025-11-24T16:16:48","slug":"hotel-boutique-riquelme-region-la-union-los-rios","status":"publish","type":"product","link":"https:\/\/produncan.cl\/de\/produkt\/hotel-boutique-riquelme-region-la-union-los-rios\/","title":{"rendered":"Hotel Boutique Riquelme, Region La Uni\u00f3n &#8211; Los R\u00edos"},"content":{"rendered":"\t\t<div data-elementor-type=\"product-post\" data-elementor-id=\"44681\" class=\"elementor elementor-44681 elementor-44572\" data-elementor-post-type=\"product\">\n\t\t\t\t<div class=\"elementor-element elementor-element-710c91e e-flex e-con-boxed e-con e-parent\" data-id=\"710c91e\" data-element_type=\"container\" data-e-type=\"container\" data-settings=\"{&quot;jet_parallax_layout_list&quot;:[]}\">\n\t\t\t\t\t<div class=\"e-con-inner\">\n\t\t\t\t<div class=\"elementor-element elementor-element-44a3a7b elementor-widget elementor-widget-heading\" data-id=\"44a3a7b\" data-element_type=\"widget\" data-e-type=\"widget\" data-widget_type=\"heading.default\">\n\t\t\t\t\t<h2 class=\"elementor-heading-title elementor-size-default\">Eleganz und Geschichte im Herzen von La Union<\/h2>\t\t\t\t<\/div>\n\t\t\t\t\t<\/div>\n\t\t\t\t<\/div>\n\t\t<div class=\"elementor-element elementor-element-82b1c04 e-flex e-con-boxed e-con e-parent\" data-id=\"82b1c04\" data-element_type=\"container\" data-e-type=\"container\" data-settings=\"{&quot;jet_parallax_layout_list&quot;:[]}\">\n\t\t\t\t\t<div class=\"e-con-inner\">\n\t\t\t\t<div class=\"elementor-element elementor-element-da8b697 elementor-widget elementor-widget-text-editor\" data-id=\"da8b697\" data-element_type=\"widget\" data-e-type=\"widget\" data-widget_type=\"text-editor.default\">\n\t\t\t\t\t\t\t\t\t<p>Im Herzen der Stadt La Uni\u00f3n steht eine exklusive Immobilie zum Verkauf: das Hotel Boutique Riquelme, ein historisches Herrenhaus aus dem Jahr 1900, das 2018 komplett renoviert wurde. Die Immobilie wurde in einem eleganten klassischen Stil restauriert, wobei glamour\u00f6se Akzente und barocke Details integriert wurden, die ihren einzigartigen Charakter unterstreichen. Die Preisvorstellung ist $2.500.000.000, umg\u00e4nglich.  <\/p><p>Das Haus mit einer bebauten Fl\u00e4che von 875 m\u00b2 auf einem Grundst\u00fcck von 703 m\u00b2 verteilt sich auf drei Ebenen und verf\u00fcgt \u00fcber Details wie Innent\u00fcren aus Pell\u00edn, Treppen mit Handl\u00e4ufen aus demselben Material, B\u00f6den und W\u00e4nde aus Lorbeer, importierte schmiedeeiserne Gel\u00e4nder und eine sorgf\u00e4ltige Restaurierung der urspr\u00fcnglichen Eingangst\u00fcr. Die Renovierung umfasste ein komplettes Untergeschoss, Anbauten, ein drittes Stockwerk, Fenster, ein neues Dach und eine moderne Au\u00dfenverkleidung aus Faserzement. <\/p><p>Das Boutique-Hotel verf\u00fcgt \u00fcber 13 Zimmer, von denen derzeit 10 f\u00fcr die Hotelnutzung geeignet sind, alle mit eigenem Bad, Sesseln, Sesseln, Schreibtischen und 55-Zoll-Fernsehern. Die Zimmer sind mit Rosen Super-King-Matratzen und Betten ausgestattet, die speziell f\u00fcr Frau Nora angefertigt wurden. Es gibt drei Schlafzimmer mit eigenem Bad, die privat genutzt werden, eines davon als B\u00fcro. Au\u00dferdem gibt es eine 80 m\u00b2 gro\u00dfe Privatwohnung mit einer Halbinselk\u00fcche, einem Doppelzimmer mit begehbarem Kleiderschrank und einem ger\u00e4umigen Wohnzimmer, im gleichen architektonischen Stil wie das Haus, mit B\u00f6den und W\u00e4nden aus Lorbeer.   <\/p><p>Im ersten Stock gibt es zwei gro\u00dfe R\u00e4ume, die derzeit als Speisesaal, Fr\u00fchst\u00fccksraum und Caf\u00e9 genutzt werden und jeweils Platz f\u00fcr 30 Personen bieten. Einer von ihnen hat eine K\u00fcche, Speisekammer und Bad. Es gibt auch eine Waschk\u00fcche und einen Abstellraum f\u00fcr W\u00e4sche. Das Anwesen verf\u00fcgt \u00fcber eine Schreinerei, ein Warmwassersystem mit einem \u00d6lkessel und ein doppeltes System f\u00fcr Trinkwasser und Strom f\u00fcr das Hotel und die Wohnung.   <\/p><p>Es zeichnet sich unter anderem durch seine N\u00e4he zum Hauptplatz, seine privilegierte Lage und den Zugang zu grundlegenden Dienstleistungen wie \u00f6ffentlichen Verkehrsmitteln, Superm\u00e4rkten, Kliniken und Schulen aus. Die Immobilie verf\u00fcgt \u00fcber zwei Parkpl\u00e4tze mit einer Kapazit\u00e4t von bis zu 10 Fahrzeugen, einen modernen Aufzug in den dritten Stock, eine Terrasse im ersten Stock und ein Sicherheitssystem mit Innen- und Au\u00dfenkameras, Summer, Alarmanlage und Trocken- und Nassnetzwerk in allen Etagen. <\/p><p>Das Boutique-Hotel verf\u00fcgt \u00fcber eine st\u00e4dtische Rezeption und hat eine Lizenz f\u00fcr Unterkunft und Alkohol. Derzeit kostet es 138.000 $ pro Paar inklusive Fr\u00fchst\u00fcck und ist im Internet, in sozialen Netzwerken, auf Google Maps und bei Booking vertreten. Au\u00dferdem wurde es von SERNATUR als erstes zertifiziertes Boutique-Hotel in der Region Los R\u00edos anerkannt.  <\/p><p>Diese Immobilie wird voll m\u00f6bliert verkauft (abz\u00fcglich der pers\u00f6nlichen antiken M\u00f6bel) und ist ideal, um als Hotel weitergef\u00fchrt zu werden. Es ist auch f\u00fcr B\u00fcros, Kliniken oder andere kommerzielle Zwecke geeignet. Es wird mit dem gesamten betrieblichen Know-how, dem Namen und der konsolidierten Marke \u00fcbertragen und bietet eine einzigartige Investitionsm\u00f6glichkeit im S\u00fcden Chiles, die Geschichte, Luxus und eine strategische Lage vereint.  <\/p><p>Kontaktieren Sie uns f\u00fcr weitere Informationen \u00fcber diese erstaunliche Immobilie!<\/p>\t\t\t\t\t\t\t\t<\/div>\n\t\t\t\t\t<\/div>\n\t\t\t\t<\/div>\n\t\t\t\t<\/div>\n\t\t","protected":false},"excerpt":{"rendered":"<p>Boutique-Hotel in La Uni\u00f3n. 875 m\u00b2 Nutzfl\u00e4che auf 3 Etagen, renoviert im Jahr 2018. 13 Zimmer in Suiten, 1 Apartment, 2 Salons, Aufzug, alles verkleidet in Holz einheimisch, Gel\u00e4nder aus Eisen geschmiedet. In der besten Lage.   <\/p>\n","protected":false},"featured_media":44577,"template":"","meta":{"_acf_changed":false},"product_brand":[],"product_cat":[104],"product_tag":[443,231],"regiones":[226],"ciudades":[215,217,509],"class_list":{"0":"post-44681","1":"product","2":"type-product","3":"status-publish","4":"has-post-thumbnail","6":"product_cat-ohiggins-los-lagos","7":"product_tag-stadtische-immobilien","8":"product_tag-touristische-immobilien","9":"regiones-nuble-los_lagos","10":"ciudades-la-union","11":"ciudades-osorno","12":"ciudades-rio-bueno","14":"first","15":"instock","16":"shipping-taxable","17":"purchasable","18":"product-type-simple"},"acf":[],"yoast_head":"<!-- This site is optimized with the Yoast SEO Premium plugin v26.0 (Yoast SEO v27.3) - https:\/\/yoast.com\/product\/yoast-seo-premium-wordpress\/ -->\n<title>Hotel Boutique Riquelme, Region La Uni\u00f3n - Los R\u00edos - Produncan<\/title>\n<meta name=\"description\" content=\"Boutique-Hotel in La Uni\u00f3n mit 875 m\u00b2, 13 Zimmern mit Bad, Apartment, Aufenthaltsr\u00e4umen und Aufzug. Renoviert im Jahr 2018, verkleidet mit einheimischem Holz und toller Lage.\" \/>\n<meta name=\"robots\" content=\"index, follow, max-snippet:-1, max-image-preview:large, max-video-preview:-1\" \/>\n<link rel=\"canonical\" href=\"https:\/\/produncan.cl\/de\/produkt\/hotel-boutique-riquelme-region-la-union-los-rios\/\" \/>\n<meta property=\"og:locale\" content=\"de_DE\" \/>\n<meta property=\"og:type\" content=\"article\" \/>\n<meta property=\"og:title\" content=\"Hotel Boutique Riquelme, Region La Uni\u00f3n - Los R\u00edos\" \/>\n<meta property=\"og:description\" content=\"Boutique-Hotel in La Uni\u00f3n. 875m2 n\u00fctzlich auf 3 Etagen, im Jahr 2018 umgestaltet. 13 en-suite Schlafzimmer, 1 Wohnung, 2 Wohnzimmer, Aufzug, alle in heimischem Holz verkleidet, schmiedeeiserne Gel\u00e4nder. In bester Lage.\" \/>\n<meta property=\"og:url\" content=\"https:\/\/produncan.cl\/de\/produkt\/hotel-boutique-riquelme-region-la-union-los-rios\/\" \/>\n<meta property=\"og:site_name\" content=\"Produncan\" \/>\n<meta property=\"article:publisher\" content=\"https:\/\/web.facebook.com\/produncanland\" \/>\n<meta property=\"article:modified_time\" content=\"2025-11-24T16:16:48+00:00\" \/>\n<meta property=\"og:image\" content=\"https:\/\/produncan.cl\/wp-content\/uploads\/2025\/07\/Hotel-Riquelme-La-Union.webp\" \/>\n<meta name=\"twitter:card\" content=\"summary_large_image\" \/>\n<meta name=\"twitter:label1\" content=\"Price\" \/>\n\t<meta name=\"twitter:data1\" content=\"USD2.717.500,00\" \/>\n\t<meta name=\"twitter:label2\" content=\"Availability\" \/>\n\t<meta name=\"twitter:data2\" content=\"In stock\" \/>\n<script type=\"application\/ld+json\" class=\"yoast-schema-graph\">{\"@context\":\"https:\\\/\\\/schema.org\",\"@graph\":[{\"@type\":\"WebPage\",\"@id\":\"https:\\\/\\\/produncan.cl\\\/de\\\/produkt\\\/hotel-boutique-riquelme-region-la-union-los-rios\\\/\",\"url\":\"https:\\\/\\\/produncan.cl\\\/de\\\/produkt\\\/hotel-boutique-riquelme-region-la-union-los-rios\\\/\",\"name\":\"Hotel Boutique Riquelme, Region La Uni\u00f3n - Los R\u00edos - Produncan\",\"isPartOf\":{\"@id\":\"https:\\\/\\\/produncan.cl\\\/de\\\/#website\"},\"primaryImageOfPage\":{\"@id\":\"https:\\\/\\\/produncan.cl\\\/de\\\/produkt\\\/hotel-boutique-riquelme-region-la-union-los-rios\\\/#primaryimage\"},\"image\":{\"@id\":\"https:\\\/\\\/produncan.cl\\\/de\\\/produkt\\\/hotel-boutique-riquelme-region-la-union-los-rios\\\/#primaryimage\"},\"thumbnailUrl\":\"https:\\\/\\\/produncan.cl\\\/wp-content\\\/uploads\\\/2025\\\/07\\\/Hotel-Riquelme-La-Union.webp\",\"datePublished\":\"2025-07-21T22:52:24+00:00\",\"dateModified\":\"2025-11-24T16:16:48+00:00\",\"description\":\"Boutique-Hotel in La Uni\u00f3n mit 875 m\u00b2, 13 Zimmern mit Bad, Apartment, Aufenthaltsr\u00e4umen und Aufzug. Renoviert im Jahr 2018, verkleidet mit einheimischem Holz und toller Lage.\",\"breadcrumb\":{\"@id\":\"https:\\\/\\\/produncan.cl\\\/de\\\/produkt\\\/hotel-boutique-riquelme-region-la-union-los-rios\\\/#breadcrumb\"},\"inLanguage\":\"de-DE\",\"potentialAction\":[{\"@type\":\"ReadAction\",\"target\":[\"https:\\\/\\\/produncan.cl\\\/de\\\/produkt\\\/hotel-boutique-riquelme-region-la-union-los-rios\\\/\"]}]},{\"@type\":\"ImageObject\",\"inLanguage\":\"de-DE\",\"@id\":\"https:\\\/\\\/produncan.cl\\\/de\\\/produkt\\\/hotel-boutique-riquelme-region-la-union-los-rios\\\/#primaryimage\",\"url\":\"https:\\\/\\\/produncan.cl\\\/wp-content\\\/uploads\\\/2025\\\/07\\\/Hotel-Riquelme-La-Union.webp\",\"contentUrl\":\"https:\\\/\\\/produncan.cl\\\/wp-content\\\/uploads\\\/2025\\\/07\\\/Hotel-Riquelme-La-Union.webp\",\"width\":800,\"height\":600,\"caption\":\"Hotel Riquelme La Union\"},{\"@type\":\"BreadcrumbList\",\"@id\":\"https:\\\/\\\/produncan.cl\\\/de\\\/produkt\\\/hotel-boutique-riquelme-region-la-union-los-rios\\\/#breadcrumb\",\"itemListElement\":[{\"@type\":\"ListItem\",\"position\":1,\"name\":\"Inicio\",\"item\":\"https:\\\/\\\/produncan.cl\\\/de\\\/\"},{\"@type\":\"ListItem\",\"position\":2,\"name\":\"Eigenschaften\",\"item\":\"https:\\\/\\\/produncan.cl\\\/propiedades\\\/\"},{\"@type\":\"ListItem\",\"position\":3,\"name\":\"St\u00e4dtische Immobilien\",\"item\":\"https:\\\/\\\/produncan.cl\\\/de\\\/kategorie\\\/stadtische-immobilien\\\/\"},{\"@type\":\"ListItem\",\"position\":4,\"name\":\"Hotel Boutique Riquelme, Region La Uni\u00f3n &#8211; Los R\u00edos\"}]},{\"@type\":\"WebSite\",\"@id\":\"https:\\\/\\\/produncan.cl\\\/de\\\/#website\",\"url\":\"https:\\\/\\\/produncan.cl\\\/de\\\/\",\"name\":\"Produncan\",\"description\":\"Wir begleiten Sie bei Ihrem Lebensprojekt!\",\"publisher\":{\"@id\":\"https:\\\/\\\/produncan.cl\\\/de\\\/#organization\"},\"potentialAction\":[{\"@type\":\"SearchAction\",\"target\":{\"@type\":\"EntryPoint\",\"urlTemplate\":\"https:\\\/\\\/produncan.cl\\\/de\\\/?s={search_term_string}\"},\"query-input\":{\"@type\":\"PropertyValueSpecification\",\"valueRequired\":true,\"valueName\":\"search_term_string\"}}],\"inLanguage\":\"de-DE\"},{\"@type\":\"Organization\",\"@id\":\"https:\\\/\\\/produncan.cl\\\/de\\\/#organization\",\"name\":\"Produncan\",\"url\":\"https:\\\/\\\/produncan.cl\\\/de\\\/\",\"logo\":{\"@type\":\"ImageObject\",\"inLanguage\":\"de-DE\",\"@id\":\"https:\\\/\\\/produncan.cl\\\/de\\\/#\\\/schema\\\/logo\\\/image\\\/\",\"url\":\"https:\\\/\\\/produncan.cl\\\/wp-content\\\/uploads\\\/2021\\\/03\\\/LOGO.jpeg\",\"contentUrl\":\"https:\\\/\\\/produncan.cl\\\/wp-content\\\/uploads\\\/2021\\\/03\\\/LOGO.jpeg\",\"width\":1280,\"height\":903,\"caption\":\"Produncan\"},\"image\":{\"@id\":\"https:\\\/\\\/produncan.cl\\\/de\\\/#\\\/schema\\\/logo\\\/image\\\/\"},\"sameAs\":[\"https:\\\/\\\/web.facebook.com\\\/produncanland\",\"https:\\\/\\\/www.instagram.com\\\/pro_duncan\\\/\",\"https:\\\/\\\/www.linkedin.com\\\/company\\\/produncan-lands\\\/\",\"https:\\\/\\\/www.youtube.com\\\/channel\\\/UCu7N-f3x0svkazD-Eew1-QQ\"],\"description\":\"En Produncan somos especialistas en la venta de terrenos en el sur de Chile. Proveemos estancias, campos, parcelas y hoteles.\",\"email\":\"info@produncan.cl\"}]}<\/script>\n<meta property=\"og:video\" content=\"https:\/\/www.youtube.com\/embed\/QMVgW1cxSs0\" \/>\n<meta property=\"og:video:type\" content=\"text\/html\" \/>\n<meta property=\"og:video:duration\" content=\"82\" \/>\n<meta property=\"og:video:width\" content=\"480\" \/>\n<meta property=\"og:video:height\" content=\"270\" \/>\n<meta property=\"ya:ovs:adult\" content=\"false\" \/>\n<meta property=\"ya:ovs:upload_date\" content=\"2025-07-21T22:52:24+00:00\" \/>\n<meta property=\"ya:ovs:allow_embed\" content=\"true\" \/>\n<meta property=\"product:price:amount\" content=\"2717500.00\" \/>\n<meta property=\"product:price:currency\" content=\"USD\" \/>\n<meta property=\"og:availability\" content=\"instock\" \/>\n<meta property=\"product:availability\" content=\"instock\" \/>\n<meta property=\"product:condition\" content=\"new\" \/>\n<!-- \/ Yoast SEO Premium plugin. -->","yoast_head_json":{"title":"Hotel Boutique Riquelme, Region La Uni\u00f3n - Los R\u00edos - Produncan","description":"Boutique-Hotel in La Uni\u00f3n mit 875 m\u00b2, 13 Zimmern mit Bad, Apartment, Aufenthaltsr\u00e4umen und Aufzug. Renoviert im Jahr 2018, verkleidet mit einheimischem Holz und toller Lage.","robots":{"index":"index","follow":"follow","max-snippet":"max-snippet:-1","max-image-preview":"max-image-preview:large","max-video-preview":"max-video-preview:-1"},"canonical":"https:\/\/produncan.cl\/de\/produkt\/hotel-boutique-riquelme-region-la-union-los-rios\/","og_locale":"de_DE","og_type":"article","og_title":"Hotel Boutique Riquelme, Region La Uni\u00f3n - Los R\u00edos","og_description":"Boutique-Hotel in La Uni\u00f3n. 875m2 n\u00fctzlich auf 3 Etagen, im Jahr 2018 umgestaltet. 13 en-suite Schlafzimmer, 1 Wohnung, 2 Wohnzimmer, Aufzug, alle in heimischem Holz verkleidet, schmiedeeiserne Gel\u00e4nder. In bester Lage.","og_url":"https:\/\/produncan.cl\/de\/produkt\/hotel-boutique-riquelme-region-la-union-los-rios\/","og_site_name":"Produncan","article_publisher":"https:\/\/web.facebook.com\/produncanland","article_modified_time":"2025-11-24T16:16:48+00:00","og_image":[{"url":"https:\/\/produncan.cl\/wp-content\/uploads\/2025\/07\/Hotel-Riquelme-La-Union.webp","type":"","width":"","height":""}],"twitter_card":"summary_large_image","twitter_misc":{"Price":"USD2.717.500,00","Availability":"In stock"},"schema":{"@context":"https:\/\/schema.org","@graph":[{"@type":"WebPage","@id":"https:\/\/produncan.cl\/de\/produkt\/hotel-boutique-riquelme-region-la-union-los-rios\/","url":"https:\/\/produncan.cl\/de\/produkt\/hotel-boutique-riquelme-region-la-union-los-rios\/","name":"Hotel Boutique Riquelme, Region La Uni\u00f3n - Los R\u00edos - Produncan","isPartOf":{"@id":"https:\/\/produncan.cl\/de\/#website"},"primaryImageOfPage":{"@id":"https:\/\/produncan.cl\/de\/produkt\/hotel-boutique-riquelme-region-la-union-los-rios\/#primaryimage"},"image":{"@id":"https:\/\/produncan.cl\/de\/produkt\/hotel-boutique-riquelme-region-la-union-los-rios\/#primaryimage"},"thumbnailUrl":"https:\/\/produncan.cl\/wp-content\/uploads\/2025\/07\/Hotel-Riquelme-La-Union.webp","datePublished":"2025-07-21T22:52:24+00:00","dateModified":"2025-11-24T16:16:48+00:00","description":"Boutique-Hotel in La Uni\u00f3n mit 875 m\u00b2, 13 Zimmern mit Bad, Apartment, Aufenthaltsr\u00e4umen und Aufzug. Renoviert im Jahr 2018, verkleidet mit einheimischem Holz und toller Lage.","breadcrumb":{"@id":"https:\/\/produncan.cl\/de\/produkt\/hotel-boutique-riquelme-region-la-union-los-rios\/#breadcrumb"},"inLanguage":"de-DE","potentialAction":[{"@type":"ReadAction","target":["https:\/\/produncan.cl\/de\/produkt\/hotel-boutique-riquelme-region-la-union-los-rios\/"]}]},{"@type":"ImageObject","inLanguage":"de-DE","@id":"https:\/\/produncan.cl\/de\/produkt\/hotel-boutique-riquelme-region-la-union-los-rios\/#primaryimage","url":"https:\/\/produncan.cl\/wp-content\/uploads\/2025\/07\/Hotel-Riquelme-La-Union.webp","contentUrl":"https:\/\/produncan.cl\/wp-content\/uploads\/2025\/07\/Hotel-Riquelme-La-Union.webp","width":800,"height":600,"caption":"Hotel Riquelme La Union"},{"@type":"BreadcrumbList","@id":"https:\/\/produncan.cl\/de\/produkt\/hotel-boutique-riquelme-region-la-union-los-rios\/#breadcrumb","itemListElement":[{"@type":"ListItem","position":1,"name":"Inicio","item":"https:\/\/produncan.cl\/de\/"},{"@type":"ListItem","position":2,"name":"Eigenschaften","item":"https:\/\/produncan.cl\/propiedades\/"},{"@type":"ListItem","position":3,"name":"St\u00e4dtische Immobilien","item":"https:\/\/produncan.cl\/de\/kategorie\/stadtische-immobilien\/"},{"@type":"ListItem","position":4,"name":"Hotel Boutique Riquelme, Region La Uni\u00f3n &#8211; Los R\u00edos"}]},{"@type":"WebSite","@id":"https:\/\/produncan.cl\/de\/#website","url":"https:\/\/produncan.cl\/de\/","name":"Produncan","description":"Wir begleiten Sie bei Ihrem Lebensprojekt!","publisher":{"@id":"https:\/\/produncan.cl\/de\/#organization"},"potentialAction":[{"@type":"SearchAction","target":{"@type":"EntryPoint","urlTemplate":"https:\/\/produncan.cl\/de\/?s={search_term_string}"},"query-input":{"@type":"PropertyValueSpecification","valueRequired":true,"valueName":"search_term_string"}}],"inLanguage":"de-DE"},{"@type":"Organization","@id":"https:\/\/produncan.cl\/de\/#organization","name":"Produncan","url":"https:\/\/produncan.cl\/de\/","logo":{"@type":"ImageObject","inLanguage":"de-DE","@id":"https:\/\/produncan.cl\/de\/#\/schema\/logo\/image\/","url":"https:\/\/produncan.cl\/wp-content\/uploads\/2021\/03\/LOGO.jpeg","contentUrl":"https:\/\/produncan.cl\/wp-content\/uploads\/2021\/03\/LOGO.jpeg","width":1280,"height":903,"caption":"Produncan"},"image":{"@id":"https:\/\/produncan.cl\/de\/#\/schema\/logo\/image\/"},"sameAs":["https:\/\/web.facebook.com\/produncanland","https:\/\/www.instagram.com\/pro_duncan\/","https:\/\/www.linkedin.com\/company\/produncan-lands\/","https:\/\/www.youtube.com\/channel\/UCu7N-f3x0svkazD-Eew1-QQ"],"description":"En Produncan somos especialistas en la venta de terrenos en el sur de Chile. Proveemos estancias, campos, parcelas y hoteles.","email":"info@produncan.cl"}]},"og_video":"https:\/\/www.youtube.com\/embed\/QMVgW1cxSs0","og_video_type":"text\/html","og_video_duration":"82","og_video_width":"480","og_video_height":"270","ya_ovs_adult":"false","ya_ovs_upload_date":"2025-07-21T22:52:24+00:00","ya_ovs_allow_embed":"true","product_price_amount":"2717500.00","product_price_currency":"USD","og_availability":"instock","product_availability":"instock","product_condition":"new"},"_links":{"self":[{"href":"https:\/\/produncan.cl\/de\/wp-json\/wp\/v2\/product\/44681","targetHints":{"allow":["GET"]}}],"collection":[{"href":"https:\/\/produncan.cl\/de\/wp-json\/wp\/v2\/product"}],"about":[{"href":"https:\/\/produncan.cl\/de\/wp-json\/wp\/v2\/types\/product"}],"version-history":[{"count":1,"href":"https:\/\/produncan.cl\/de\/wp-json\/wp\/v2\/product\/44681\/revisions"}],"predecessor-version":[{"id":52315,"href":"https:\/\/produncan.cl\/de\/wp-json\/wp\/v2\/product\/44681\/revisions\/52315"}],"wp:featuredmedia":[{"embeddable":true,"href":"https:\/\/produncan.cl\/de\/wp-json\/wp\/v2\/media\/44577"}],"wp:attachment":[{"href":"https:\/\/produncan.cl\/de\/wp-json\/wp\/v2\/media?parent=44681"}],"wp:term":[{"taxonomy":"product_brand","embeddable":true,"href":"https:\/\/produncan.cl\/de\/wp-json\/wp\/v2\/product_brand?post=44681"},{"taxonomy":"product_cat","embeddable":true,"href":"https:\/\/produncan.cl\/de\/wp-json\/wp\/v2\/product_cat?post=44681"},{"taxonomy":"product_tag","embeddable":true,"href":"https:\/\/produncan.cl\/de\/wp-json\/wp\/v2\/product_tag?post=44681"},{"taxonomy":"regiones","embeddable":true,"href":"https:\/\/produncan.cl\/de\/wp-json\/wp\/v2\/regiones?post=44681"},{"taxonomy":"ciudades","embeddable":true,"href":"https:\/\/produncan.cl\/de\/wp-json\/wp\/v2\/ciudades?post=44681"}],"curies":[{"name":"wp","href":"https:\/\/api.w.org\/{rel}","templated":true}]}}