{"id":47308,"date":"2025-08-05T12:38:13","date_gmt":"2025-08-05T16:38:13","guid":{"rendered":"https:\/\/produncan.cl\/producto\/hotel-in-puerto-aysen-lodge-rio-claro-region-aysen\/"},"modified":"2025-11-24T13:16:47","modified_gmt":"2025-11-24T16:16:47","slug":"hotel-in-puerto-aysen-lodge-rio-claro-region-aysen","status":"publish","type":"product","link":"https:\/\/produncan.cl\/de\/produkt\/hotel-in-puerto-aysen-lodge-rio-claro-region-aysen\/","title":{"rendered":"Hotel in Puerto Ays\u00e9n, Lodge R\u00edo Claro \u2013 Region Ays\u00e9n"},"content":{"rendered":"\t\t<div data-elementor-type=\"product-post\" data-elementor-id=\"47308\" class=\"elementor elementor-47308 elementor-45636\" data-elementor-post-type=\"product\">\n\t\t\t\t<div class=\"elementor-element elementor-element-2fff62a e-flex e-con-boxed e-con e-parent\" data-id=\"2fff62a\" data-element_type=\"container\" data-e-type=\"container\" data-settings=\"{&quot;jet_parallax_layout_list&quot;:[]}\">\n\t\t\t\t\t<div class=\"e-con-inner\">\n\t\t\t\t<div class=\"elementor-element elementor-element-2653dfe elementor-widget elementor-widget-heading\" data-id=\"2653dfe\" data-element_type=\"widget\" data-e-type=\"widget\" data-widget_type=\"heading.default\">\n\t\t\t\t\t<h2 class=\"elementor-heading-title elementor-size-default\">Investieren Sie in ein etabliertes Tourismusunternehmen in Patagonien!<\/h2>\t\t\t\t<\/div>\n\t\t\t\t\t<\/div>\n\t\t\t\t<\/div>\n\t\t<div class=\"elementor-element elementor-element-893524a e-flex e-con-boxed e-con e-parent\" data-id=\"893524a\" data-element_type=\"container\" data-e-type=\"container\" data-settings=\"{&quot;jet_parallax_layout_list&quot;:[]}\">\n\t\t\t\t\t<div class=\"e-con-inner\">\n\t\t\t\t<div class=\"elementor-element elementor-element-5a1b2e5 elementor-widget elementor-widget-text-editor\" data-id=\"5a1b2e5\" data-element_type=\"widget\" data-e-type=\"widget\" data-widget_type=\"text-editor.default\">\n\t\t\t\t\t\t\t\t\t<p>Nur 7 km von Puerto Ays\u00e9n entfernt und mit einer fast vollst\u00e4ndig asphaltierten Zufahrt bietet die Lodge R\u00edo Claro eine einzigartige Gelegenheit f\u00fcr Investoren aus der Tourismusbranche, die Rentabilit\u00e4t, Natur und gute Verkehrsanbindung miteinander verbinden m\u00f6chten. Schl\u00fcsselfertiger Verkauf. <\/p><p>Diese charmante Lodge in Puerto Ays\u00e9n mit wundersch\u00f6nem Blick auf das Tal und die Stadt wurde sorgf\u00e4ltig gestaltet, um ihren G\u00e4sten ein warmes und gem\u00fctliches Erlebnis zu bieten. Dank ihrer erstklassigen Infrastruktur und ihrem ausgezeichneten Ruf z\u00e4hlt sie zu den am besten bewerteten Unterk\u00fcnften der Region (9,4 bei Reisen zu zweit) und ist auf Tourismusportalen, SERNATUR und in Berichten von El Mercurio prominent vertreten. <\/p><p><strong>Gesamtfl\u00e4che von 337 m\u00b2 auf einem Grundst\u00fcck von 5.000 m\u00b2:<\/strong><\/p><ul><li>Herrenhaus im Chalet-Stil: 143,59 m\u00b2 \u2013 3 Schlafzimmer, 2 Badezimmer (1 en suite), Wohnzimmer, halboffene K\u00fcche.<\/li><li>H\u00fctte R\u00edo Ays\u00e9n: 71,55 m\u00b2 \u2013 2 Schlafzimmer, komplettes Badezimmer, private Terrasse und Whirlpool (Hot Tub).<\/li><li>H\u00fctte R\u00edo Pangal: 64,65 m\u00b2 \u2013 1 Schlafzimmer, komplettes Badezimmer, Terrasse und Whirlpool (Hot Tub).<\/li><li>Gro\u00dfer Grillplatz mit doppelter Deckenh\u00f6he: 57,21 m\u00b2 mit 19 m\u00b2 Terrasse, ideal als Empfangsbereich, Cafeteria oder Besprechungsraum.<\/li><li>Wohn-\/Besprechungszimmer mit Platz f\u00fcr 15 Personen.<\/li><li>1 Keller mit ca. 7 m\u00b2 Fl\u00e4che.<br><br><\/li><\/ul><p><strong>Besondere Merkmale:<\/strong><\/p><ul><li>Kostenloses WLAN und guter Mobilfunkempfang (Movistar und andere).<\/li><li>Parkplatz f\u00fcr 8 Fahrzeuge.<\/li><li>Privilegierter n\u00e4chtlicher Blick auf die Lichter von Puerto Ays\u00e9n.<\/li><li>Gasheizung und Warmwasser (mit Gasco-Vertrag).<\/li><li>Thermopane-Fenster, Porzellanfliesenb\u00f6den und Laminatb\u00f6den.<\/li><li>Wasserversorgung \u00fcber Brunnen mit sanit\u00e4ren Einrichtungen.<\/li><li>Ober- und unterirdische Stromleitungen (Edelaysen).<\/li><li>Gemeindeamt und g\u00fcltige Gewerbeberechtigung.<\/li><li>Nordostausrichtung, mit ausgezeichneter Helligkeit und Morgensonne.<\/li><li>Nur 1 Stunde und 52 Minuten vom Flughafen Balmaceda entfernt.<br><br><\/li><\/ul><p><strong>Wichtige Informationen f\u00fcr Investoren:<\/strong><\/p><ul><li>Einkommen durchschnittlich pro Saison: 42 Millionen CLP$ Millionen j\u00e4hrlich.<\/li><li>Durchschnittlicher Tagespreis: 140.000 CLP.<\/li><li>Gro\u00dfes Expansionspotenzial (die Lodge wurde noch nicht zu ihrer maximalen Kapazit\u00e4t genutzt).<\/li><li>Das Hotel liegt in einer Region mit wachsendem touristischen Interesse, in der N\u00e4he von Sehensw\u00fcrdigkeiten wie dem Wasserfall Cascada Le\u00f3n, dem See Lago Los Palos, dem Fluss R\u00edo Ays\u00e9n und der Bucht Bah\u00eda Acantilada.<br><br><\/li><\/ul><p>Diese Lodge in Puerto Ays\u00e9n ist nicht nur ein Zufluchtsort f\u00fcr Naturliebhaber und Ruhesuchende, sondern auch eine sichere und strategisch g\u00fcnstige Investition in einer der unber\u00fchrtesten und meistbesuchten Regionen S\u00fcdchiles. Dank ihrer hervorragenden Anbindung, hochwertigen Infrastruktur und ihrem Wachstumspotenzial ist sie ein wahres Juwel unter den Hotels in Chile-Patagonien. <\/p><p>M\u00f6chten Sie das Datenblatt und Bilder erhalten oder einen virtuellen Besichtigungstermin vereinbaren? Kontaktieren Sie uns noch heute und lassen Sie sich diese Gelegenheit nicht entgehen. <\/p>\t\t\t\t\t\t\t\t<\/div>\n\t\t\t\t\t<\/div>\n\t\t\t\t<\/div>\n\t\t\t\t<\/div>\n\t\t","protected":false},"excerpt":{"rendered":"<p>Lodge in Puerto Ays\u00e9n mit 337 m\u00b2 Nutzfl\u00e4che. Zwei moderne H\u00fctten, ein Chalet, Grillplatz, Wohnzimmer, Parkpl\u00e4tze, gro\u00dfartiger Panoramablick, Zufahrt \u00fcber asphaltierte Stra\u00dfe. Mit Geb\u00e4uden, Wasseranschluss und der besten Bewertung auf Booking.  <\/p>\n","protected":false},"featured_media":45659,"template":"","meta":{"_acf_changed":false},"product_brand":[],"product_cat":[116],"product_tag":[232,231],"regiones":[225],"ciudades":[209,448],"class_list":{"0":"post-47308","1":"product","2":"type-product","3":"status-publish","4":"has-post-thumbnail","6":"product_cat-aysen-magallanes-de","7":"product_tag-grundstuecke","8":"product_tag-touristische-immobilien","9":"regiones-aysen-magallanes","10":"ciudades-coyhaique","11":"ciudades-puerto-aysen","13":"first","14":"instock","15":"shipping-taxable","16":"purchasable","17":"product-type-simple"},"acf":[],"yoast_head":"<!-- This site is optimized with the Yoast SEO Premium plugin v26.0 (Yoast SEO v27.3) - https:\/\/yoast.com\/product\/yoast-seo-premium-wordpress\/ -->\n<title>Hotel in Puerto Ays\u00e9n, Lodge R\u00edo Claro \u2013 Region Ays\u00e9n - Produncan<\/title>\n<meta name=\"description\" content=\"Lodge in Puerto Ays\u00e9n mit 337 m\u00b2 Fl\u00e4che, mit H\u00fctten, Chalet, Grillplatz und Panoramablick. Asphaltierte Zufahrt, Wasseranschluss und hohe Bewertung auf Booking.\" \/>\n<meta name=\"robots\" content=\"index, follow, max-snippet:-1, max-image-preview:large, max-video-preview:-1\" \/>\n<link rel=\"canonical\" href=\"https:\/\/produncan.cl\/de\/produkt\/hotel-in-puerto-aysen-lodge-rio-claro-region-aysen\/\" \/>\n<meta property=\"og:locale\" content=\"de_DE\" \/>\n<meta property=\"og:type\" content=\"article\" \/>\n<meta property=\"og:title\" content=\"Hotel in Puerto Ays\u00e9n, Lodge R\u00edo Claro \u2013 Region Ays\u00e9n\" \/>\n<meta property=\"og:description\" content=\"Lodge in Puerto Ays\u00e9n mit 337 m\u00b2 Fl\u00e4che, mit H\u00fctten, Chalet, Grillplatz und Panoramablick. Asphaltierte Zufahrt, Wasseranschluss und hohe Bewertung auf Booking.\" \/>\n<meta property=\"og:url\" content=\"https:\/\/produncan.cl\/de\/produkt\/hotel-in-puerto-aysen-lodge-rio-claro-region-aysen\/\" \/>\n<meta property=\"og:site_name\" content=\"Produncan\" \/>\n<meta property=\"article:publisher\" content=\"https:\/\/web.facebook.com\/produncanland\" \/>\n<meta property=\"article:modified_time\" content=\"2025-11-24T16:16:47+00:00\" \/>\n<meta property=\"og:image\" content=\"https:\/\/produncan.cl\/wp-content\/uploads\/2025\/08\/Lodge-Rio-Claro-Puerto-Aysen.webp\" \/>\n\t<meta property=\"og:image:width\" content=\"800\" \/>\n\t<meta property=\"og:image:height\" content=\"600\" \/>\n\t<meta property=\"og:image:type\" content=\"image\/webp\" \/>\n<meta name=\"twitter:card\" content=\"summary_large_image\" \/>\n<meta name=\"twitter:label1\" content=\"Price\" \/>\n\t<meta name=\"twitter:data1\" content=\"USD719.600,00\" \/>\n\t<meta name=\"twitter:label2\" content=\"Availability\" \/>\n\t<meta name=\"twitter:data2\" content=\"In stock\" \/>\n<script type=\"application\/ld+json\" class=\"yoast-schema-graph\">{\"@context\":\"https:\\\/\\\/schema.org\",\"@graph\":[{\"@type\":\"WebPage\",\"@id\":\"https:\\\/\\\/produncan.cl\\\/de\\\/produkt\\\/hotel-in-puerto-aysen-lodge-rio-claro-region-aysen\\\/\",\"url\":\"https:\\\/\\\/produncan.cl\\\/de\\\/produkt\\\/hotel-in-puerto-aysen-lodge-rio-claro-region-aysen\\\/\",\"name\":\"Hotel in Puerto Ays\u00e9n, Lodge R\u00edo Claro \u2013 Region Ays\u00e9n - Produncan\",\"isPartOf\":{\"@id\":\"https:\\\/\\\/produncan.cl\\\/de\\\/#website\"},\"primaryImageOfPage\":{\"@id\":\"https:\\\/\\\/produncan.cl\\\/de\\\/produkt\\\/hotel-in-puerto-aysen-lodge-rio-claro-region-aysen\\\/#primaryimage\"},\"image\":{\"@id\":\"https:\\\/\\\/produncan.cl\\\/de\\\/produkt\\\/hotel-in-puerto-aysen-lodge-rio-claro-region-aysen\\\/#primaryimage\"},\"thumbnailUrl\":\"https:\\\/\\\/produncan.cl\\\/wp-content\\\/uploads\\\/2025\\\/08\\\/Lodge-Rio-Claro-Puerto-Aysen.webp\",\"datePublished\":\"2025-08-05T16:38:13+00:00\",\"dateModified\":\"2025-11-24T16:16:47+00:00\",\"description\":\"Lodge in Puerto Ays\u00e9n mit 337 m\u00b2 Fl\u00e4che, mit H\u00fctten, Chalet, Grillplatz und Panoramablick. Asphaltierte Zufahrt, Wasseranschluss und hohe Bewertung auf Booking.\",\"breadcrumb\":{\"@id\":\"https:\\\/\\\/produncan.cl\\\/de\\\/produkt\\\/hotel-in-puerto-aysen-lodge-rio-claro-region-aysen\\\/#breadcrumb\"},\"inLanguage\":\"de-DE\",\"potentialAction\":[{\"@type\":\"ReadAction\",\"target\":[\"https:\\\/\\\/produncan.cl\\\/de\\\/produkt\\\/hotel-in-puerto-aysen-lodge-rio-claro-region-aysen\\\/\"]}]},{\"@type\":\"ImageObject\",\"inLanguage\":\"de-DE\",\"@id\":\"https:\\\/\\\/produncan.cl\\\/de\\\/produkt\\\/hotel-in-puerto-aysen-lodge-rio-claro-region-aysen\\\/#primaryimage\",\"url\":\"https:\\\/\\\/produncan.cl\\\/wp-content\\\/uploads\\\/2025\\\/08\\\/Lodge-Rio-Claro-Puerto-Aysen.webp\",\"contentUrl\":\"https:\\\/\\\/produncan.cl\\\/wp-content\\\/uploads\\\/2025\\\/08\\\/Lodge-Rio-Claro-Puerto-Aysen.webp\",\"width\":800,\"height\":600,\"caption\":\"Lodge R\u00edo Claro Puerto Ays\u00e9n\"},{\"@type\":\"BreadcrumbList\",\"@id\":\"https:\\\/\\\/produncan.cl\\\/de\\\/produkt\\\/hotel-in-puerto-aysen-lodge-rio-claro-region-aysen\\\/#breadcrumb\",\"itemListElement\":[{\"@type\":\"ListItem\",\"position\":1,\"name\":\"Inicio\",\"item\":\"https:\\\/\\\/produncan.cl\\\/de\\\/\"},{\"@type\":\"ListItem\",\"position\":2,\"name\":\"Eigenschaften\",\"item\":\"https:\\\/\\\/produncan.cl\\\/propiedades\\\/\"},{\"@type\":\"ListItem\",\"position\":3,\"name\":\"Grundst\u00fccke\",\"item\":\"https:\\\/\\\/produncan.cl\\\/de\\\/kategorie\\\/grundstuecke\\\/\"},{\"@type\":\"ListItem\",\"position\":4,\"name\":\"Hotel in Puerto Ays\u00e9n, Lodge R\u00edo Claro \u2013 Region Ays\u00e9n\"}]},{\"@type\":\"WebSite\",\"@id\":\"https:\\\/\\\/produncan.cl\\\/de\\\/#website\",\"url\":\"https:\\\/\\\/produncan.cl\\\/de\\\/\",\"name\":\"Produncan\",\"description\":\"Wir begleiten Sie bei Ihrem Lebensprojekt!\",\"publisher\":{\"@id\":\"https:\\\/\\\/produncan.cl\\\/de\\\/#organization\"},\"potentialAction\":[{\"@type\":\"SearchAction\",\"target\":{\"@type\":\"EntryPoint\",\"urlTemplate\":\"https:\\\/\\\/produncan.cl\\\/de\\\/?s={search_term_string}\"},\"query-input\":{\"@type\":\"PropertyValueSpecification\",\"valueRequired\":true,\"valueName\":\"search_term_string\"}}],\"inLanguage\":\"de-DE\"},{\"@type\":\"Organization\",\"@id\":\"https:\\\/\\\/produncan.cl\\\/de\\\/#organization\",\"name\":\"Produncan\",\"url\":\"https:\\\/\\\/produncan.cl\\\/de\\\/\",\"logo\":{\"@type\":\"ImageObject\",\"inLanguage\":\"de-DE\",\"@id\":\"https:\\\/\\\/produncan.cl\\\/de\\\/#\\\/schema\\\/logo\\\/image\\\/\",\"url\":\"https:\\\/\\\/produncan.cl\\\/wp-content\\\/uploads\\\/2021\\\/03\\\/LOGO.jpeg\",\"contentUrl\":\"https:\\\/\\\/produncan.cl\\\/wp-content\\\/uploads\\\/2021\\\/03\\\/LOGO.jpeg\",\"width\":1280,\"height\":903,\"caption\":\"Produncan\"},\"image\":{\"@id\":\"https:\\\/\\\/produncan.cl\\\/de\\\/#\\\/schema\\\/logo\\\/image\\\/\"},\"sameAs\":[\"https:\\\/\\\/web.facebook.com\\\/produncanland\",\"https:\\\/\\\/www.instagram.com\\\/pro_duncan\\\/\",\"https:\\\/\\\/www.linkedin.com\\\/company\\\/produncan-lands\\\/\",\"https:\\\/\\\/www.youtube.com\\\/channel\\\/UCu7N-f3x0svkazD-Eew1-QQ\"],\"description\":\"En Produncan somos especialistas en la venta de terrenos en el sur de Chile. Proveemos estancias, campos, parcelas y hoteles.\",\"email\":\"info@produncan.cl\"}]}<\/script>\n<meta property=\"og:video\" content=\"https:\/\/www.youtube.com\/embed\/Flgjao5Xk1U\" \/>\n<meta property=\"og:video:type\" content=\"text\/html\" \/>\n<meta property=\"og:video:duration\" content=\"71\" \/>\n<meta property=\"og:video:width\" content=\"480\" \/>\n<meta property=\"og:video:height\" content=\"270\" \/>\n<meta property=\"ya:ovs:adult\" content=\"false\" \/>\n<meta property=\"ya:ovs:upload_date\" content=\"2025-08-05T16:38:13+00:00\" \/>\n<meta property=\"ya:ovs:allow_embed\" content=\"true\" \/>\n<meta property=\"product:price:amount\" content=\"719600.00\" \/>\n<meta property=\"product:price:currency\" content=\"USD\" \/>\n<meta property=\"og:availability\" content=\"instock\" \/>\n<meta property=\"product:availability\" content=\"instock\" \/>\n<meta property=\"product:condition\" content=\"new\" \/>\n<!-- \/ Yoast SEO Premium plugin. -->","yoast_head_json":{"title":"Hotel in Puerto Ays\u00e9n, Lodge R\u00edo Claro \u2013 Region Ays\u00e9n - Produncan","description":"Lodge in Puerto Ays\u00e9n mit 337 m\u00b2 Fl\u00e4che, mit H\u00fctten, Chalet, Grillplatz und Panoramablick. Asphaltierte Zufahrt, Wasseranschluss und hohe Bewertung auf Booking.","robots":{"index":"index","follow":"follow","max-snippet":"max-snippet:-1","max-image-preview":"max-image-preview:large","max-video-preview":"max-video-preview:-1"},"canonical":"https:\/\/produncan.cl\/de\/produkt\/hotel-in-puerto-aysen-lodge-rio-claro-region-aysen\/","og_locale":"de_DE","og_type":"article","og_title":"Hotel in Puerto Ays\u00e9n, Lodge R\u00edo Claro \u2013 Region Ays\u00e9n","og_description":"Lodge in Puerto Ays\u00e9n mit 337 m\u00b2 Fl\u00e4che, mit H\u00fctten, Chalet, Grillplatz und Panoramablick. Asphaltierte Zufahrt, Wasseranschluss und hohe Bewertung auf Booking.","og_url":"https:\/\/produncan.cl\/de\/produkt\/hotel-in-puerto-aysen-lodge-rio-claro-region-aysen\/","og_site_name":"Produncan","article_publisher":"https:\/\/web.facebook.com\/produncanland","article_modified_time":"2025-11-24T16:16:47+00:00","og_image":[{"width":800,"height":600,"url":"https:\/\/produncan.cl\/wp-content\/uploads\/2025\/08\/Lodge-Rio-Claro-Puerto-Aysen.webp","type":"image\/webp"}],"twitter_card":"summary_large_image","twitter_misc":{"Price":"USD719.600,00","Availability":"In stock"},"schema":{"@context":"https:\/\/schema.org","@graph":[{"@type":"WebPage","@id":"https:\/\/produncan.cl\/de\/produkt\/hotel-in-puerto-aysen-lodge-rio-claro-region-aysen\/","url":"https:\/\/produncan.cl\/de\/produkt\/hotel-in-puerto-aysen-lodge-rio-claro-region-aysen\/","name":"Hotel in Puerto Ays\u00e9n, Lodge R\u00edo Claro \u2013 Region Ays\u00e9n - Produncan","isPartOf":{"@id":"https:\/\/produncan.cl\/de\/#website"},"primaryImageOfPage":{"@id":"https:\/\/produncan.cl\/de\/produkt\/hotel-in-puerto-aysen-lodge-rio-claro-region-aysen\/#primaryimage"},"image":{"@id":"https:\/\/produncan.cl\/de\/produkt\/hotel-in-puerto-aysen-lodge-rio-claro-region-aysen\/#primaryimage"},"thumbnailUrl":"https:\/\/produncan.cl\/wp-content\/uploads\/2025\/08\/Lodge-Rio-Claro-Puerto-Aysen.webp","datePublished":"2025-08-05T16:38:13+00:00","dateModified":"2025-11-24T16:16:47+00:00","description":"Lodge in Puerto Ays\u00e9n mit 337 m\u00b2 Fl\u00e4che, mit H\u00fctten, Chalet, Grillplatz und Panoramablick. Asphaltierte Zufahrt, Wasseranschluss und hohe Bewertung auf Booking.","breadcrumb":{"@id":"https:\/\/produncan.cl\/de\/produkt\/hotel-in-puerto-aysen-lodge-rio-claro-region-aysen\/#breadcrumb"},"inLanguage":"de-DE","potentialAction":[{"@type":"ReadAction","target":["https:\/\/produncan.cl\/de\/produkt\/hotel-in-puerto-aysen-lodge-rio-claro-region-aysen\/"]}]},{"@type":"ImageObject","inLanguage":"de-DE","@id":"https:\/\/produncan.cl\/de\/produkt\/hotel-in-puerto-aysen-lodge-rio-claro-region-aysen\/#primaryimage","url":"https:\/\/produncan.cl\/wp-content\/uploads\/2025\/08\/Lodge-Rio-Claro-Puerto-Aysen.webp","contentUrl":"https:\/\/produncan.cl\/wp-content\/uploads\/2025\/08\/Lodge-Rio-Claro-Puerto-Aysen.webp","width":800,"height":600,"caption":"Lodge R\u00edo Claro Puerto Ays\u00e9n"},{"@type":"BreadcrumbList","@id":"https:\/\/produncan.cl\/de\/produkt\/hotel-in-puerto-aysen-lodge-rio-claro-region-aysen\/#breadcrumb","itemListElement":[{"@type":"ListItem","position":1,"name":"Inicio","item":"https:\/\/produncan.cl\/de\/"},{"@type":"ListItem","position":2,"name":"Eigenschaften","item":"https:\/\/produncan.cl\/propiedades\/"},{"@type":"ListItem","position":3,"name":"Grundst\u00fccke","item":"https:\/\/produncan.cl\/de\/kategorie\/grundstuecke\/"},{"@type":"ListItem","position":4,"name":"Hotel in Puerto Ays\u00e9n, Lodge R\u00edo Claro \u2013 Region Ays\u00e9n"}]},{"@type":"WebSite","@id":"https:\/\/produncan.cl\/de\/#website","url":"https:\/\/produncan.cl\/de\/","name":"Produncan","description":"Wir begleiten Sie bei Ihrem Lebensprojekt!","publisher":{"@id":"https:\/\/produncan.cl\/de\/#organization"},"potentialAction":[{"@type":"SearchAction","target":{"@type":"EntryPoint","urlTemplate":"https:\/\/produncan.cl\/de\/?s={search_term_string}"},"query-input":{"@type":"PropertyValueSpecification","valueRequired":true,"valueName":"search_term_string"}}],"inLanguage":"de-DE"},{"@type":"Organization","@id":"https:\/\/produncan.cl\/de\/#organization","name":"Produncan","url":"https:\/\/produncan.cl\/de\/","logo":{"@type":"ImageObject","inLanguage":"de-DE","@id":"https:\/\/produncan.cl\/de\/#\/schema\/logo\/image\/","url":"https:\/\/produncan.cl\/wp-content\/uploads\/2021\/03\/LOGO.jpeg","contentUrl":"https:\/\/produncan.cl\/wp-content\/uploads\/2021\/03\/LOGO.jpeg","width":1280,"height":903,"caption":"Produncan"},"image":{"@id":"https:\/\/produncan.cl\/de\/#\/schema\/logo\/image\/"},"sameAs":["https:\/\/web.facebook.com\/produncanland","https:\/\/www.instagram.com\/pro_duncan\/","https:\/\/www.linkedin.com\/company\/produncan-lands\/","https:\/\/www.youtube.com\/channel\/UCu7N-f3x0svkazD-Eew1-QQ"],"description":"En Produncan somos especialistas en la venta de terrenos en el sur de Chile. Proveemos estancias, campos, parcelas y hoteles.","email":"info@produncan.cl"}]},"og_video":"https:\/\/www.youtube.com\/embed\/Flgjao5Xk1U","og_video_type":"text\/html","og_video_duration":"71","og_video_width":"480","og_video_height":"270","ya_ovs_adult":"false","ya_ovs_upload_date":"2025-08-05T16:38:13+00:00","ya_ovs_allow_embed":"true","product_price_amount":"719600.00","product_price_currency":"USD","og_availability":"instock","product_availability":"instock","product_condition":"new"},"_links":{"self":[{"href":"https:\/\/produncan.cl\/de\/wp-json\/wp\/v2\/product\/47308","targetHints":{"allow":["GET"]}}],"collection":[{"href":"https:\/\/produncan.cl\/de\/wp-json\/wp\/v2\/product"}],"about":[{"href":"https:\/\/produncan.cl\/de\/wp-json\/wp\/v2\/types\/product"}],"version-history":[{"count":2,"href":"https:\/\/produncan.cl\/de\/wp-json\/wp\/v2\/product\/47308\/revisions"}],"predecessor-version":[{"id":52307,"href":"https:\/\/produncan.cl\/de\/wp-json\/wp\/v2\/product\/47308\/revisions\/52307"}],"wp:featuredmedia":[{"embeddable":true,"href":"https:\/\/produncan.cl\/de\/wp-json\/wp\/v2\/media\/45659"}],"wp:attachment":[{"href":"https:\/\/produncan.cl\/de\/wp-json\/wp\/v2\/media?parent=47308"}],"wp:term":[{"taxonomy":"product_brand","embeddable":true,"href":"https:\/\/produncan.cl\/de\/wp-json\/wp\/v2\/product_brand?post=47308"},{"taxonomy":"product_cat","embeddable":true,"href":"https:\/\/produncan.cl\/de\/wp-json\/wp\/v2\/product_cat?post=47308"},{"taxonomy":"product_tag","embeddable":true,"href":"https:\/\/produncan.cl\/de\/wp-json\/wp\/v2\/product_tag?post=47308"},{"taxonomy":"regiones","embeddable":true,"href":"https:\/\/produncan.cl\/de\/wp-json\/wp\/v2\/regiones?post=47308"},{"taxonomy":"ciudades","embeddable":true,"href":"https:\/\/produncan.cl\/de\/wp-json\/wp\/v2\/ciudades?post=47308"}],"curies":[{"name":"wp","href":"https:\/\/api.w.org\/{rel}","templated":true}]}}