{"id":47310,"date":"2025-07-29T17:17:18","date_gmt":"2025-07-29T21:17:18","guid":{"rendered":"https:\/\/produncan.cl\/producto\/grundstueck-in-lago-inferior-llanada-grande-region-los-lagos\/"},"modified":"2025-11-24T13:16:48","modified_gmt":"2025-11-24T16:16:48","slug":"grundstueck-in-lago-inferior-llanada-grande-region-los-lagos","status":"publish","type":"product","link":"https:\/\/produncan.cl\/de\/produkt\/grundstueck-in-lago-inferior-llanada-grande-region-los-lagos\/","title":{"rendered":"Grundst\u00fcck in Lago Inferior, Llanada Grande \u2013 Region Los Lagos"},"content":{"rendered":"\t\t<div data-elementor-type=\"product-post\" data-elementor-id=\"47310\" class=\"elementor elementor-47310 elementor-45114\" data-elementor-post-type=\"product\">\n\t\t\t\t<div class=\"elementor-element elementor-element-90e07e3 e-flex e-con-boxed e-con e-parent\" data-id=\"90e07e3\" data-element_type=\"container\" data-e-type=\"container\" data-settings=\"{&quot;jet_parallax_layout_list&quot;:[]}\">\n\t\t\t\t\t<div class=\"e-con-inner\">\n\t\t\t\t<div class=\"elementor-element elementor-element-42f6754 elementor-widget elementor-widget-heading\" data-id=\"42f6754\" data-element_type=\"widget\" data-e-type=\"widget\" data-widget_type=\"heading.default\">\n\t\t\t\t\t<h2 class=\"elementor-heading-title elementor-size-default\">20 Hektar mit 400 Metern Seeufer in Nordpatagonien<\/h2>\t\t\t\t<\/div>\n\t\t\t\t\t<\/div>\n\t\t\t\t<\/div>\n\t\t<div class=\"elementor-element elementor-element-bf33935 e-flex e-con-boxed e-con e-parent\" data-id=\"bf33935\" data-element_type=\"container\" data-e-type=\"container\" data-settings=\"{&quot;jet_parallax_layout_list&quot;:[]}\">\n\t\t\t\t\t<div class=\"e-con-inner\">\n\t\t\t\t<div class=\"elementor-element elementor-element-f1b1143 elementor-widget elementor-widget-text-editor\" data-id=\"f1b1143\" data-element_type=\"widget\" data-e-type=\"widget\" data-widget_type=\"text-editor.default\">\n\t\t\t\t\t\t\t\t\t<p>Wenn Sie auf der Suche nach einem wirklich einzigartigen Grundst\u00fcck mit direktem Zugang zu einem der unber\u00fchrtesten Seen im chilenischen Patagonien sind, ist dies Ihre Chance.<\/p><p>In der Gemeinde Cocham\u00f3 befindet sich dieser Gletschersee, aus dem der ber\u00fchmte R\u00edo Puelo entspringt. Dieses 20 Hektar gro\u00dfe Grundst\u00fcck liegt nur wenige Schritte von der argentinischen Grenze entfernt und bietet eine au\u00dfergew\u00f6hnliche Naturlandschaft, ideal f\u00fcr diejenigen, die ein touristisches oder \u00f6kologisches Projekt oder einen Zweitwohnsitz inmitten der Natur entwickeln m\u00f6chten. <\/p><h4><strong>Einzigartige Naturlandschaft<\/strong><\/h4><p>Dieses Grundst\u00fcck am Lago Inferior, zweiter Corral Llanada Grande, weist eine unregelm\u00e4\u00dfige Topografie mit mittleren Gef\u00e4llen auf, die bis zu einem 400 Meter breiten Streifen am Seeufer abfallen, wo sich ein perfekter Platz f\u00fcr den Bau eines Hauses mit unverbautem Blick auf das kristallklare Wasser des Lago Inferior bietet. Das Grundst\u00fcck ist zu 50 % von einem dichten, alten Naturwald bedeckt, in dem Arten wie Coig\u00fces, Lenga, Guaitecas-Zypressen und Ulmen wachsen, begleitet von einem Unterholz aus Farnen, Moosen und Flechten. <\/p><p>Der Rest des Gel\u00e4ndes besteht aus einer Mischung aus felsigen Gebieten und geschichtetem Lehmboden, wie er f\u00fcr die Gletscher- und Flussablagerungen der Region typisch ist. Dieses Gleichgewicht zwischen Vegetation und Geografie l\u00e4sst von einer Entwicklung tr\u00e4umen, die die Umwelt sch\u00fctzt und sie gleichzeitig respektvoll und intelligent nutzt. <\/p><h4><strong>Isolation, Sch\u00f6nheit und Potenzial<\/strong><\/h4><p>Das Grundst\u00fcck verf\u00fcgt derzeit \u00fcber keine Grundversorgung, was es ideal f\u00fcr diejenigen macht, die ein autarkes Projekt suchen. Es gibt nat\u00fcrliche Wasserquellen, die die Einrichtung eines eigenen Wassersystems erm\u00f6glichen, und die Energieversorgung kann durch erneuerbare Energiequellen wie Sonnenkollektoren sichergestellt werden. <\/p><p>Die gute Sonneneinstrahlung (Nordostausrichtung), die exklusive Erreichbarkeit (nur mit dem Boot, zu Fu\u00df oder mit dem Quad) und die Entfernung zur Urbanisation garantieren ein Ma\u00df an Privatsph\u00e4re und Kontakt zur Natur, das man selten findet.<\/p><p>Die lokale Tierwelt umfasst Arten wie Pudus, Eisv\u00f6gel, Berg\u00e4ffchen, Hasen, Forellen und Kolibris, was die Attraktivit\u00e4t f\u00fcr Projekte erh\u00f6ht, die sich auf Wildtierbeobachtung, Freizeitangeln oder Retreats zum tiefen Abschalten konzentrieren.<\/p><h4><strong>Zugang und Lage<\/strong><\/h4><p>Der Zugang zum Gel\u00e4nde erfolgt dort, wo die \u00f6ffentliche Stra\u00dfe endet und der Lago Inferior beginnt. Von hier aus gelangt man mit dem Boot in 15 bis 20 Minuten entlang der K\u00fcste oder zu Fu\u00df oder mit dem Quad \u00fcber einen Pfad auf einem Feldweg dorthin. Obwohl die Stra\u00dfe noch nicht bis dorthin f\u00fchrt, ist bereits eine Verl\u00e4ngerung der Landstra\u00dfe geplant, wodurch sich die Anbindung in K\u00fcrze deutlich verbessern wird. F\u00fcr die Zukunft ist geplant, dass die Stra\u00dfe eine Verbindung nach Argentinien herstellt.   <\/p><p>Das Gel\u00e4nde liegt etwa vier Stunden vom Flughafen El Tepual in Puerto Montt entfernt und ist \u00fcber zwei malerische Routen zu erreichen, die \u00fcber F\u00e4hren, durch T\u00e4ler, an Seen und durch patagonische W\u00e4lder f\u00fchren. Es ist auch m\u00f6glich, mit einem Kleinflugzeug zum Flugplatz Llanada Grande zu fliegen, wodurch sich die Transferzeiten erheblich verk\u00fcrzen. <\/p><p>Die Ortschaft Llanada Grande liegt 30 Kilometer entfernt und bietet alles Notwendige an Versorgungsg\u00fctern. Weiter entfernt liegen Cocham\u00f3 und Puelo, wo alle grundlegenden Dienstleistungen verf\u00fcgbar sind. In der N\u00e4he gibt es zahlreiche Naturattraktionen wie den Lago Las Rocas, den Lago Azul und den Lago Puelo sowie El Bols\u00f3n auf der argentinischen Seite.  <\/p><p>Das Grundst\u00fcck in Lago Inferior, Llanada Grande, ist registriert und besteht aus den Parzellen A und B. Zwischen beiden Parzellen verl\u00e4uft eine Zufahrtsstra\u00dfe. Das Grundst\u00fcck unterliegt keinen Beschr\u00e4nkungen und es gibt keine bestehenden Geb\u00e4ude. Derzeitige Bodennutzung: Brachland.  <\/p><p>Investieren Sie in eine Immobilie mit Zukunftspotenzial, Sch\u00f6nheit und authentischem patagonischem Charakter.<\/p><p>Ideal f\u00fcr alle, die in die Natur investieren, ein Projekt mit Identit\u00e4t entwickeln und Teil einer unber\u00fchrten Landschaft sein m\u00f6chten, fernab vom L\u00e4rm, aber voller Leben.<\/p><p>Kontaktieren Sie uns f\u00fcr weitere Informationen. Dies ist eine einmalige Gelegenheit f\u00fcr Vision\u00e4re und Liebhaber Patagoniens. <\/p>\t\t\t\t\t\t\t\t<\/div>\n\t\t\t\t\t<\/div>\n\t\t\t\t<\/div>\n\t\t\t\t<\/div>\n\t\t","protected":false},"excerpt":{"rendered":"<p>Grundst\u00fcck in Lago Inferior, Llanada Grande, mit 400 Metern Seeufer. Erreichbar mit dem Boot in 15 Minuten oder \u00fcber einen Feldweg mit dem Quad. Ein einzigartiger Ort f\u00fcr Liebhaber der unber\u00fchrten Natur, nur wenige Schritte von der Grenze zu Argentinien entfernt.   <\/p>\n","protected":false},"featured_media":45126,"template":"","meta":{"_acf_changed":false},"product_brand":[],"product_cat":[104],"product_tag":[235,231],"regiones":[226],"ciudades":[455,510,218],"class_list":{"0":"post-47310","1":"product","2":"type-product","3":"status-publish","4":"has-post-thumbnail","6":"product_cat-ohiggins-los-lagos","7":"product_tag-felder","8":"product_tag-touristische-immobilien","9":"regiones-nuble-los_lagos","10":"ciudades-cochamo","11":"ciudades-llanada-grande","12":"ciudades-puerto-montt","14":"first","15":"instock","16":"shipping-taxable","17":"purchasable","18":"product-type-simple"},"acf":[],"yoast_head":"<!-- This site is optimized with the Yoast SEO Premium plugin v26.0 (Yoast SEO v27.4) - https:\/\/yoast.com\/product\/yoast-seo-premium-wordpress\/ -->\n<title>Grundst\u00fcck in Lago Inferior, Llanada Grande \u2013 Region Los Lagos - Produncan<\/title>\n<meta name=\"description\" content=\"Grundst\u00fcck in Lago Inferior, Llanada Grande, mit 400 m Uferlinie. Zugang mit Boot oder Quad. Unber\u00fchrte Natur, in der N\u00e4he der Grenze zu Argentinien.\" \/>\n<meta name=\"robots\" content=\"index, follow, max-snippet:-1, max-image-preview:large, max-video-preview:-1\" \/>\n<link rel=\"canonical\" href=\"https:\/\/produncan.cl\/de\/produkt\/grundstueck-in-lago-inferior-llanada-grande-region-los-lagos\/\" \/>\n<meta property=\"og:locale\" content=\"de_DE\" \/>\n<meta property=\"og:type\" content=\"article\" \/>\n<meta property=\"og:title\" content=\"Grundst\u00fcck in Lago Inferior, Llanada Grande \u2013 Region Los Lagos\" \/>\n<meta property=\"og:description\" content=\"Grundst\u00fcck in Lago Inferior, Llanada Grande, mit 400 m Uferlinie. Zugang mit Boot oder Quad. Unber\u00fchrte Natur, in der N\u00e4he der Grenze zu Argentinien.\" \/>\n<meta property=\"og:url\" content=\"https:\/\/produncan.cl\/de\/produkt\/grundstueck-in-lago-inferior-llanada-grande-region-los-lagos\/\" \/>\n<meta property=\"og:site_name\" content=\"Produncan\" \/>\n<meta property=\"article:publisher\" content=\"https:\/\/web.facebook.com\/produncanland\" \/>\n<meta property=\"article:modified_time\" content=\"2025-11-24T16:16:48+00:00\" \/>\n<meta property=\"og:image\" content=\"https:\/\/produncan.cl\/wp-content\/uploads\/2025\/07\/Terreno-en-venta-Lago-Inferior.webp\" \/>\n\t<meta property=\"og:image:width\" content=\"800\" \/>\n\t<meta property=\"og:image:height\" content=\"600\" \/>\n\t<meta property=\"og:image:type\" content=\"image\/webp\" \/>\n<meta name=\"twitter:card\" content=\"summary_large_image\" \/>\n<meta name=\"twitter:label1\" content=\"Price\" \/>\n\t<meta name=\"twitter:data1\" content=\"USD375.100,00\" \/>\n\t<meta name=\"twitter:label2\" content=\"Availability\" \/>\n\t<meta name=\"twitter:data2\" content=\"In stock\" \/>\n<script type=\"application\/ld+json\" class=\"yoast-schema-graph\">{\"@context\":\"https:\\\/\\\/schema.org\",\"@graph\":[{\"@type\":\"WebPage\",\"@id\":\"https:\\\/\\\/produncan.cl\\\/de\\\/produkt\\\/grundstueck-in-lago-inferior-llanada-grande-region-los-lagos\\\/\",\"url\":\"https:\\\/\\\/produncan.cl\\\/de\\\/produkt\\\/grundstueck-in-lago-inferior-llanada-grande-region-los-lagos\\\/\",\"name\":\"Grundst\u00fcck in Lago Inferior, Llanada Grande \u2013 Region Los Lagos - Produncan\",\"isPartOf\":{\"@id\":\"https:\\\/\\\/produncan.cl\\\/de\\\/#website\"},\"primaryImageOfPage\":{\"@id\":\"https:\\\/\\\/produncan.cl\\\/de\\\/produkt\\\/grundstueck-in-lago-inferior-llanada-grande-region-los-lagos\\\/#primaryimage\"},\"image\":{\"@id\":\"https:\\\/\\\/produncan.cl\\\/de\\\/produkt\\\/grundstueck-in-lago-inferior-llanada-grande-region-los-lagos\\\/#primaryimage\"},\"thumbnailUrl\":\"https:\\\/\\\/produncan.cl\\\/wp-content\\\/uploads\\\/2025\\\/07\\\/Terreno-en-venta-Lago-Inferior.webp\",\"datePublished\":\"2025-07-29T21:17:18+00:00\",\"dateModified\":\"2025-11-24T16:16:48+00:00\",\"description\":\"Grundst\u00fcck in Lago Inferior, Llanada Grande, mit 400 m Uferlinie. Zugang mit Boot oder Quad. Unber\u00fchrte Natur, in der N\u00e4he der Grenze zu Argentinien.\",\"breadcrumb\":{\"@id\":\"https:\\\/\\\/produncan.cl\\\/de\\\/produkt\\\/grundstueck-in-lago-inferior-llanada-grande-region-los-lagos\\\/#breadcrumb\"},\"inLanguage\":\"de-DE\",\"potentialAction\":[{\"@type\":\"ReadAction\",\"target\":[\"https:\\\/\\\/produncan.cl\\\/de\\\/produkt\\\/grundstueck-in-lago-inferior-llanada-grande-region-los-lagos\\\/\"]}]},{\"@type\":\"ImageObject\",\"inLanguage\":\"de-DE\",\"@id\":\"https:\\\/\\\/produncan.cl\\\/de\\\/produkt\\\/grundstueck-in-lago-inferior-llanada-grande-region-los-lagos\\\/#primaryimage\",\"url\":\"https:\\\/\\\/produncan.cl\\\/wp-content\\\/uploads\\\/2025\\\/07\\\/Terreno-en-venta-Lago-Inferior.webp\",\"contentUrl\":\"https:\\\/\\\/produncan.cl\\\/wp-content\\\/uploads\\\/2025\\\/07\\\/Terreno-en-venta-Lago-Inferior.webp\",\"width\":800,\"height\":600,\"caption\":\"Land verkauf Lower Lake\"},{\"@type\":\"BreadcrumbList\",\"@id\":\"https:\\\/\\\/produncan.cl\\\/de\\\/produkt\\\/grundstueck-in-lago-inferior-llanada-grande-region-los-lagos\\\/#breadcrumb\",\"itemListElement\":[{\"@type\":\"ListItem\",\"position\":1,\"name\":\"Inicio\",\"item\":\"https:\\\/\\\/produncan.cl\\\/de\\\/\"},{\"@type\":\"ListItem\",\"position\":2,\"name\":\"Eigenschaften\",\"item\":\"https:\\\/\\\/produncan.cl\\\/propiedades\\\/\"},{\"@type\":\"ListItem\",\"position\":3,\"name\":\"Felder\",\"item\":\"https:\\\/\\\/produncan.cl\\\/de\\\/kategorie\\\/felder\\\/\"},{\"@type\":\"ListItem\",\"position\":4,\"name\":\"Grundst\u00fcck in Lago Inferior, Llanada Grande \u2013 Region Los Lagos\"}]},{\"@type\":\"WebSite\",\"@id\":\"https:\\\/\\\/produncan.cl\\\/de\\\/#website\",\"url\":\"https:\\\/\\\/produncan.cl\\\/de\\\/\",\"name\":\"Produncan\",\"description\":\"Wir begleiten Sie bei Ihrem Lebensprojekt!\",\"publisher\":{\"@id\":\"https:\\\/\\\/produncan.cl\\\/de\\\/#organization\"},\"potentialAction\":[{\"@type\":\"SearchAction\",\"target\":{\"@type\":\"EntryPoint\",\"urlTemplate\":\"https:\\\/\\\/produncan.cl\\\/de\\\/?s={search_term_string}\"},\"query-input\":{\"@type\":\"PropertyValueSpecification\",\"valueRequired\":true,\"valueName\":\"search_term_string\"}}],\"inLanguage\":\"de-DE\"},{\"@type\":\"Organization\",\"@id\":\"https:\\\/\\\/produncan.cl\\\/de\\\/#organization\",\"name\":\"Produncan\",\"url\":\"https:\\\/\\\/produncan.cl\\\/de\\\/\",\"logo\":{\"@type\":\"ImageObject\",\"inLanguage\":\"de-DE\",\"@id\":\"https:\\\/\\\/produncan.cl\\\/de\\\/#\\\/schema\\\/logo\\\/image\\\/\",\"url\":\"https:\\\/\\\/produncan.cl\\\/wp-content\\\/uploads\\\/2021\\\/03\\\/LOGO.jpeg\",\"contentUrl\":\"https:\\\/\\\/produncan.cl\\\/wp-content\\\/uploads\\\/2021\\\/03\\\/LOGO.jpeg\",\"width\":1280,\"height\":903,\"caption\":\"Produncan\"},\"image\":{\"@id\":\"https:\\\/\\\/produncan.cl\\\/de\\\/#\\\/schema\\\/logo\\\/image\\\/\"},\"sameAs\":[\"https:\\\/\\\/web.facebook.com\\\/produncanland\",\"https:\\\/\\\/www.instagram.com\\\/pro_duncan\\\/\",\"https:\\\/\\\/www.linkedin.com\\\/company\\\/produncan-lands\\\/\",\"https:\\\/\\\/www.youtube.com\\\/channel\\\/UCu7N-f3x0svkazD-Eew1-QQ\"],\"description\":\"En Produncan somos especialistas en la venta de terrenos en el sur de Chile. Proveemos estancias, campos, parcelas y hoteles.\",\"email\":\"info@produncan.cl\"}]}<\/script>\n<meta property=\"og:video\" content=\"https:\/\/www.youtube.com\/embed\/_e--sTiL5ec\" \/>\n<meta property=\"og:video:type\" content=\"text\/html\" \/>\n<meta property=\"og:video:duration\" content=\"71\" \/>\n<meta property=\"og:video:width\" content=\"480\" \/>\n<meta property=\"og:video:height\" content=\"270\" \/>\n<meta property=\"ya:ovs:adult\" content=\"false\" \/>\n<meta property=\"ya:ovs:upload_date\" content=\"2025-07-29T21:17:18+00:00\" \/>\n<meta property=\"ya:ovs:allow_embed\" content=\"true\" \/>\n<meta property=\"product:price:amount\" content=\"375100.00\" \/>\n<meta property=\"product:price:currency\" content=\"USD\" \/>\n<meta property=\"og:availability\" content=\"instock\" \/>\n<meta property=\"product:availability\" content=\"instock\" \/>\n<meta property=\"product:condition\" content=\"new\" \/>\n<!-- \/ Yoast SEO Premium plugin. -->","yoast_head_json":{"title":"Grundst\u00fcck in Lago Inferior, Llanada Grande \u2013 Region Los Lagos - Produncan","description":"Grundst\u00fcck in Lago Inferior, Llanada Grande, mit 400 m Uferlinie. Zugang mit Boot oder Quad. Unber\u00fchrte Natur, in der N\u00e4he der Grenze zu Argentinien.","robots":{"index":"index","follow":"follow","max-snippet":"max-snippet:-1","max-image-preview":"max-image-preview:large","max-video-preview":"max-video-preview:-1"},"canonical":"https:\/\/produncan.cl\/de\/produkt\/grundstueck-in-lago-inferior-llanada-grande-region-los-lagos\/","og_locale":"de_DE","og_type":"article","og_title":"Grundst\u00fcck in Lago Inferior, Llanada Grande \u2013 Region Los Lagos","og_description":"Grundst\u00fcck in Lago Inferior, Llanada Grande, mit 400 m Uferlinie. Zugang mit Boot oder Quad. Unber\u00fchrte Natur, in der N\u00e4he der Grenze zu Argentinien.","og_url":"https:\/\/produncan.cl\/de\/produkt\/grundstueck-in-lago-inferior-llanada-grande-region-los-lagos\/","og_site_name":"Produncan","article_publisher":"https:\/\/web.facebook.com\/produncanland","article_modified_time":"2025-11-24T16:16:48+00:00","og_image":[{"width":800,"height":600,"url":"https:\/\/produncan.cl\/wp-content\/uploads\/2025\/07\/Terreno-en-venta-Lago-Inferior.webp","type":"image\/webp"}],"twitter_card":"summary_large_image","twitter_misc":{"Price":"USD375.100,00","Availability":"In stock"},"schema":{"@context":"https:\/\/schema.org","@graph":[{"@type":"WebPage","@id":"https:\/\/produncan.cl\/de\/produkt\/grundstueck-in-lago-inferior-llanada-grande-region-los-lagos\/","url":"https:\/\/produncan.cl\/de\/produkt\/grundstueck-in-lago-inferior-llanada-grande-region-los-lagos\/","name":"Grundst\u00fcck in Lago Inferior, Llanada Grande \u2013 Region Los Lagos - Produncan","isPartOf":{"@id":"https:\/\/produncan.cl\/de\/#website"},"primaryImageOfPage":{"@id":"https:\/\/produncan.cl\/de\/produkt\/grundstueck-in-lago-inferior-llanada-grande-region-los-lagos\/#primaryimage"},"image":{"@id":"https:\/\/produncan.cl\/de\/produkt\/grundstueck-in-lago-inferior-llanada-grande-region-los-lagos\/#primaryimage"},"thumbnailUrl":"https:\/\/produncan.cl\/wp-content\/uploads\/2025\/07\/Terreno-en-venta-Lago-Inferior.webp","datePublished":"2025-07-29T21:17:18+00:00","dateModified":"2025-11-24T16:16:48+00:00","description":"Grundst\u00fcck in Lago Inferior, Llanada Grande, mit 400 m Uferlinie. Zugang mit Boot oder Quad. Unber\u00fchrte Natur, in der N\u00e4he der Grenze zu Argentinien.","breadcrumb":{"@id":"https:\/\/produncan.cl\/de\/produkt\/grundstueck-in-lago-inferior-llanada-grande-region-los-lagos\/#breadcrumb"},"inLanguage":"de-DE","potentialAction":[{"@type":"ReadAction","target":["https:\/\/produncan.cl\/de\/produkt\/grundstueck-in-lago-inferior-llanada-grande-region-los-lagos\/"]}]},{"@type":"ImageObject","inLanguage":"de-DE","@id":"https:\/\/produncan.cl\/de\/produkt\/grundstueck-in-lago-inferior-llanada-grande-region-los-lagos\/#primaryimage","url":"https:\/\/produncan.cl\/wp-content\/uploads\/2025\/07\/Terreno-en-venta-Lago-Inferior.webp","contentUrl":"https:\/\/produncan.cl\/wp-content\/uploads\/2025\/07\/Terreno-en-venta-Lago-Inferior.webp","width":800,"height":600,"caption":"Land verkauf Lower Lake"},{"@type":"BreadcrumbList","@id":"https:\/\/produncan.cl\/de\/produkt\/grundstueck-in-lago-inferior-llanada-grande-region-los-lagos\/#breadcrumb","itemListElement":[{"@type":"ListItem","position":1,"name":"Inicio","item":"https:\/\/produncan.cl\/de\/"},{"@type":"ListItem","position":2,"name":"Eigenschaften","item":"https:\/\/produncan.cl\/propiedades\/"},{"@type":"ListItem","position":3,"name":"Felder","item":"https:\/\/produncan.cl\/de\/kategorie\/felder\/"},{"@type":"ListItem","position":4,"name":"Grundst\u00fcck in Lago Inferior, Llanada Grande \u2013 Region Los Lagos"}]},{"@type":"WebSite","@id":"https:\/\/produncan.cl\/de\/#website","url":"https:\/\/produncan.cl\/de\/","name":"Produncan","description":"Wir begleiten Sie bei Ihrem Lebensprojekt!","publisher":{"@id":"https:\/\/produncan.cl\/de\/#organization"},"potentialAction":[{"@type":"SearchAction","target":{"@type":"EntryPoint","urlTemplate":"https:\/\/produncan.cl\/de\/?s={search_term_string}"},"query-input":{"@type":"PropertyValueSpecification","valueRequired":true,"valueName":"search_term_string"}}],"inLanguage":"de-DE"},{"@type":"Organization","@id":"https:\/\/produncan.cl\/de\/#organization","name":"Produncan","url":"https:\/\/produncan.cl\/de\/","logo":{"@type":"ImageObject","inLanguage":"de-DE","@id":"https:\/\/produncan.cl\/de\/#\/schema\/logo\/image\/","url":"https:\/\/produncan.cl\/wp-content\/uploads\/2021\/03\/LOGO.jpeg","contentUrl":"https:\/\/produncan.cl\/wp-content\/uploads\/2021\/03\/LOGO.jpeg","width":1280,"height":903,"caption":"Produncan"},"image":{"@id":"https:\/\/produncan.cl\/de\/#\/schema\/logo\/image\/"},"sameAs":["https:\/\/web.facebook.com\/produncanland","https:\/\/www.instagram.com\/pro_duncan\/","https:\/\/www.linkedin.com\/company\/produncan-lands\/","https:\/\/www.youtube.com\/channel\/UCu7N-f3x0svkazD-Eew1-QQ"],"description":"En Produncan somos especialistas en la venta de terrenos en el sur de Chile. Proveemos estancias, campos, parcelas y hoteles.","email":"info@produncan.cl"}]},"og_video":"https:\/\/www.youtube.com\/embed\/_e--sTiL5ec","og_video_type":"text\/html","og_video_duration":"71","og_video_width":"480","og_video_height":"270","ya_ovs_adult":"false","ya_ovs_upload_date":"2025-07-29T21:17:18+00:00","ya_ovs_allow_embed":"true","product_price_amount":"375100.00","product_price_currency":"USD","og_availability":"instock","product_availability":"instock","product_condition":"new"},"_links":{"self":[{"href":"https:\/\/produncan.cl\/de\/wp-json\/wp\/v2\/product\/47310","targetHints":{"allow":["GET"]}}],"collection":[{"href":"https:\/\/produncan.cl\/de\/wp-json\/wp\/v2\/product"}],"about":[{"href":"https:\/\/produncan.cl\/de\/wp-json\/wp\/v2\/types\/product"}],"version-history":[{"count":1,"href":"https:\/\/produncan.cl\/de\/wp-json\/wp\/v2\/product\/47310\/revisions"}],"predecessor-version":[{"id":52311,"href":"https:\/\/produncan.cl\/de\/wp-json\/wp\/v2\/product\/47310\/revisions\/52311"}],"wp:featuredmedia":[{"embeddable":true,"href":"https:\/\/produncan.cl\/de\/wp-json\/wp\/v2\/media\/45126"}],"wp:attachment":[{"href":"https:\/\/produncan.cl\/de\/wp-json\/wp\/v2\/media?parent=47310"}],"wp:term":[{"taxonomy":"product_brand","embeddable":true,"href":"https:\/\/produncan.cl\/de\/wp-json\/wp\/v2\/product_brand?post=47310"},{"taxonomy":"product_cat","embeddable":true,"href":"https:\/\/produncan.cl\/de\/wp-json\/wp\/v2\/product_cat?post=47310"},{"taxonomy":"product_tag","embeddable":true,"href":"https:\/\/produncan.cl\/de\/wp-json\/wp\/v2\/product_tag?post=47310"},{"taxonomy":"regiones","embeddable":true,"href":"https:\/\/produncan.cl\/de\/wp-json\/wp\/v2\/regiones?post=47310"},{"taxonomy":"ciudades","embeddable":true,"href":"https:\/\/produncan.cl\/de\/wp-json\/wp\/v2\/ciudades?post=47310"}],"curies":[{"name":"wp","href":"https:\/\/api.w.org\/{rel}","templated":true}]}}