{"id":47603,"date":"2025-08-11T18:44:34","date_gmt":"2025-08-11T22:44:34","guid":{"rendered":"https:\/\/produncan.cl\/producto\/grundstueck-in-puerto-varas-las-tranqueras-region-los-lagos\/"},"modified":"2025-11-20T13:21:03","modified_gmt":"2025-11-20T16:21:03","slug":"grundstueck-in-puerto-varas-las-tranqueras-region-los-lagos","status":"publish","type":"product","link":"https:\/\/produncan.cl\/de\/produkt\/grundstueck-in-puerto-varas-las-tranqueras-region-los-lagos\/","title":{"rendered":"Grundst\u00fcck in Puerto Varas, Las Tranqueras \u2013 Region Los Lagos"},"content":{"rendered":"\t\t<div data-elementor-type=\"product-post\" data-elementor-id=\"47603\" class=\"elementor elementor-47603 elementor-47523\" data-elementor-post-type=\"product\">\n\t\t\t\t<div class=\"elementor-element elementor-element-7c77baf e-flex e-con-boxed e-con e-parent\" data-id=\"7c77baf\" data-element_type=\"container\" data-e-type=\"container\" data-settings=\"{&quot;jet_parallax_layout_list&quot;:[]}\">\n\t\t\t\t\t<div class=\"e-con-inner\">\n\t\t\t\t<div class=\"elementor-element elementor-element-4f2d9be elementor-widget elementor-widget-heading\" data-id=\"4f2d9be\" data-element_type=\"widget\" data-e-type=\"widget\" data-widget_type=\"heading.default\">\n\t\t\t\t\t<h2 class=\"elementor-heading-title elementor-size-default\">Erwerben Sie ein Grundst\u00fcck mit Rabatt im exklusiven Projekt Las Tranqueras.<\/h2>\t\t\t\t<\/div>\n\t\t\t\t\t<\/div>\n\t\t\t\t<\/div>\n\t\t<div class=\"elementor-element elementor-element-2b21fb9 e-flex e-con-boxed e-con e-parent\" data-id=\"2b21fb9\" data-element_type=\"container\" data-e-type=\"container\" data-settings=\"{&quot;jet_parallax_layout_list&quot;:[]}\">\n\t\t\t\t\t<div class=\"e-con-inner\">\n\t\t\t\t<div class=\"elementor-element elementor-element-d02cb4a elementor-widget elementor-widget-text-editor\" data-id=\"d02cb4a\" data-element_type=\"widget\" data-e-type=\"widget\" data-widget_type=\"text-editor.default\">\n\t\t\t\t\t\t\t\t\t<p>Dieses Grundst\u00fcck mit einer Fl\u00e4che von 5.000 m\u00b2 liegt am Ortsausgang von Puerto Varas auf dem Weg nach Ensenada und ist Teil des konsolidierten Projekts Las Tranqueras, das sich in einer der privilegiertesten Gegenden der X. Region befindet. Das Projekt Las Tranqueras wurde mit viel Engagement konzipiert und bietet ein ideales Umfeld f\u00fcr Familien, die auf der Suche nach einem ersten Eigenheim in Puerto Varas sind. <\/p><p><strong>Ein einzigartiges Viertel, umgeben von nat\u00fcrlicher Sch\u00f6nheit<\/strong><\/p><p>Auf diesem Grundst\u00fcck in Puerto Varas genie\u00dfen Sie heimischen Wald, weitl\u00e4ufige Gr\u00fcnfl\u00e4chen und spektakul\u00e4re Ausblicke. Alles ist darauf ausgerichtet, dass Sie im Einklang mit der Umgebung leben und einen ruhigen, sicheren Lebensstil entwickeln k\u00f6nnen, der sich auf das Wesentliche konzentriert. <\/p><p><strong>Infrastruktur auf hohem Niveau<\/strong><\/p><ul><li>Elektrizit\u00e4t unterirdisch<\/li><li>Kontrollierter Zugang und elektrische Tore in jeder Etappe<\/li><li>Stra\u00dfen asphaltiert<\/li><li>Platz mit Spielger\u00e4ten f\u00fcr Kinder<\/li><li>Lagune mit Enten<\/li><li>Gemeinschaftlicher Grillplatz f\u00fcr Versammlungen und Feiern<br><br><\/li><\/ul><p><strong>Natur und Sport direkt vor Ihrer Haust\u00fcr<\/strong><\/p><p>Wandern Sie auf Pfaden mitten im Urwald, die sich perfekt zum Trekking, Joggen, Mountainbiken oder Reiten eignen.<\/p><p><strong>Exklusives Reitzentrum<\/strong><\/p><p>Genie\u00dfen Sie Reitunterricht f\u00fcr Kinder und Erwachsene, Ausritte auf Ponys, Workshops im Sommer, Coaching mit Pferden, Ausritte mit F\u00fchrung und Service f\u00fcr Unterbringung und Versorgung f\u00fcr Ihr Pferd.<\/p><p><strong>Strategische Lage<\/strong><\/p><p>Nur 13 km vom Zentrum von Puerto Varas und 35 km vom Flughafen El Tepual entfernt, mit direkter Anbindung a9&gt; direkten Zugang zur Ruta 225 , die entlang des Lago Llanquihue verl\u00e4uft. Eine ruhige Wohnumgebung umgeben von Grundst\u00fccken mit H\u00e4usern von hohem Standard. <\/p><p><strong>Einmalige Gelegenheit Einzigartig<\/strong><\/p><p>Der Eigent\u00fcmer bietet dieses einzigartige Grundst\u00fcck in Puerto Varas zu einem Sonderpreis unterhalb des Marktwerts an. Ein idealer Zeitpunkt, um zu investieren und sich Ihren Platz in diesem exklusiven Projekt zu sichern. <\/p><p>Grundst\u00fcck Las Tranqueras, wo Natur, Komfort und Lebensqualit\u00e4t aufeinander treffen.<\/p><p>Kontaktieren Sie uns und fordern Sie weitere Informationen an!<\/p>\t\t\t\t\t\t\t\t<\/div>\n\t\t\t\t\t<\/div>\n\t\t\t\t<\/div>\n\t\t\t\t<\/div>\n\t\t","protected":false},"excerpt":{"rendered":"<p>Grundst\u00fcck in Puerto Varas, 13 Kilometer vom Zentrum entfernt. Kontrollierter Zugang, asphaltierte Stra\u00dfe, Reitclub, Lagune und Landschaftsgestaltung. Innerhalb eines konsolidierten Projekts, ideal als Erstwohnsitz. Nutzen Sie den Rabatt.    <\/p>\n","protected":false},"featured_media":47528,"template":"","meta":{"_acf_changed":false},"product_brand":[],"product_cat":[104],"product_tag":[232],"regiones":[226],"ciudades":[219],"class_list":{"0":"post-47603","1":"product","2":"type-product","3":"status-publish","4":"has-post-thumbnail","6":"product_cat-ohiggins-los-lagos","7":"product_tag-grundstuecke","8":"regiones-nuble-los_lagos","9":"ciudades-puerto-varas","11":"first","12":"instock","13":"shipping-taxable","14":"purchasable","15":"product-type-simple"},"acf":[],"yoast_head":"<!-- This site is optimized with the Yoast SEO Premium plugin v26.0 (Yoast SEO v27.3) - https:\/\/yoast.com\/product\/yoast-seo-premium-wordpress\/ -->\n<title>Grundst\u00fcck in Puerto Varas, Las Tranqueras \u2013 Region Los Lagos - Produncan<\/title>\n<meta name=\"description\" content=\"Grundst\u00fcck in Puerto Varas, 13 km vom Zentrum entfernt, in einem konsolidierten Projekt mit kontrolliertem Zugang, Reitclub, Lagune und Landschaftsgestaltung. Ideal als Erstwohnsitz.\" \/>\n<meta name=\"robots\" content=\"index, follow, max-snippet:-1, max-image-preview:large, max-video-preview:-1\" \/>\n<link rel=\"canonical\" href=\"https:\/\/produncan.cl\/de\/produkt\/grundstueck-in-puerto-varas-las-tranqueras-region-los-lagos\/\" \/>\n<meta property=\"og:locale\" content=\"de_DE\" \/>\n<meta property=\"og:type\" content=\"article\" \/>\n<meta property=\"og:title\" content=\"Grundst\u00fcck in Puerto Varas, Las Tranqueras \u2013 Region Los Lagos\" \/>\n<meta property=\"og:description\" content=\"Grundst\u00fcck in Puerto Varas, 13 km vom Zentrum entfernt, in einem konsolidierten Projekt mit kontrolliertem Zugang, Reitclub, Lagune und Landschaftsgestaltung. Ideal als Erstwohnsitz.\" \/>\n<meta property=\"og:url\" content=\"https:\/\/produncan.cl\/de\/produkt\/grundstueck-in-puerto-varas-las-tranqueras-region-los-lagos\/\" \/>\n<meta property=\"og:site_name\" content=\"Produncan\" \/>\n<meta property=\"article:publisher\" content=\"https:\/\/web.facebook.com\/produncanland\" \/>\n<meta property=\"article:modified_time\" content=\"2025-11-20T16:21:03+00:00\" \/>\n<meta property=\"og:image\" content=\"https:\/\/produncan.cl\/wp-content\/uploads\/2025\/08\/Parcela-Las-Tranqueras-Puerto-Varas.webp\" \/>\n\t<meta property=\"og:image:width\" content=\"800\" \/>\n\t<meta property=\"og:image:height\" content=\"600\" \/>\n\t<meta property=\"og:image:type\" content=\"image\/webp\" \/>\n<meta name=\"twitter:card\" content=\"summary_large_image\" \/>\n<meta name=\"twitter:label1\" content=\"Price\" \/>\n\t<meta name=\"twitter:data1\" content=\"USD179.400,00\" \/>\n\t<meta name=\"twitter:label2\" content=\"Availability\" \/>\n\t<meta name=\"twitter:data2\" content=\"In stock\" \/>\n<script type=\"application\/ld+json\" class=\"yoast-schema-graph\">{\"@context\":\"https:\\\/\\\/schema.org\",\"@graph\":[{\"@type\":\"WebPage\",\"@id\":\"https:\\\/\\\/produncan.cl\\\/de\\\/produkt\\\/grundstueck-in-puerto-varas-las-tranqueras-region-los-lagos\\\/\",\"url\":\"https:\\\/\\\/produncan.cl\\\/de\\\/produkt\\\/grundstueck-in-puerto-varas-las-tranqueras-region-los-lagos\\\/\",\"name\":\"Grundst\u00fcck in Puerto Varas, Las Tranqueras \u2013 Region Los Lagos - Produncan\",\"isPartOf\":{\"@id\":\"https:\\\/\\\/produncan.cl\\\/de\\\/#website\"},\"primaryImageOfPage\":{\"@id\":\"https:\\\/\\\/produncan.cl\\\/de\\\/produkt\\\/grundstueck-in-puerto-varas-las-tranqueras-region-los-lagos\\\/#primaryimage\"},\"image\":{\"@id\":\"https:\\\/\\\/produncan.cl\\\/de\\\/produkt\\\/grundstueck-in-puerto-varas-las-tranqueras-region-los-lagos\\\/#primaryimage\"},\"thumbnailUrl\":\"https:\\\/\\\/produncan.cl\\\/wp-content\\\/uploads\\\/2025\\\/08\\\/Parcela-Las-Tranqueras-Puerto-Varas.webp\",\"datePublished\":\"2025-08-11T22:44:34+00:00\",\"dateModified\":\"2025-11-20T16:21:03+00:00\",\"description\":\"Grundst\u00fcck in Puerto Varas, 13 km vom Zentrum entfernt, in einem konsolidierten Projekt mit kontrolliertem Zugang, Reitclub, Lagune und Landschaftsgestaltung. Ideal als Erstwohnsitz.\",\"breadcrumb\":{\"@id\":\"https:\\\/\\\/produncan.cl\\\/de\\\/produkt\\\/grundstueck-in-puerto-varas-las-tranqueras-region-los-lagos\\\/#breadcrumb\"},\"inLanguage\":\"de-DE\",\"potentialAction\":[{\"@type\":\"ReadAction\",\"target\":[\"https:\\\/\\\/produncan.cl\\\/de\\\/produkt\\\/grundstueck-in-puerto-varas-las-tranqueras-region-los-lagos\\\/\"]}]},{\"@type\":\"ImageObject\",\"inLanguage\":\"de-DE\",\"@id\":\"https:\\\/\\\/produncan.cl\\\/de\\\/produkt\\\/grundstueck-in-puerto-varas-las-tranqueras-region-los-lagos\\\/#primaryimage\",\"url\":\"https:\\\/\\\/produncan.cl\\\/wp-content\\\/uploads\\\/2025\\\/08\\\/Parcela-Las-Tranqueras-Puerto-Varas.webp\",\"contentUrl\":\"https:\\\/\\\/produncan.cl\\\/wp-content\\\/uploads\\\/2025\\\/08\\\/Parcela-Las-Tranqueras-Puerto-Varas.webp\",\"width\":800,\"height\":600,\"caption\":\"Grundst\u00fcck Las Tranqueras Puerto Varas\"},{\"@type\":\"BreadcrumbList\",\"@id\":\"https:\\\/\\\/produncan.cl\\\/de\\\/produkt\\\/grundstueck-in-puerto-varas-las-tranqueras-region-los-lagos\\\/#breadcrumb\",\"itemListElement\":[{\"@type\":\"ListItem\",\"position\":1,\"name\":\"Inicio\",\"item\":\"https:\\\/\\\/produncan.cl\\\/de\\\/\"},{\"@type\":\"ListItem\",\"position\":2,\"name\":\"Eigenschaften\",\"item\":\"https:\\\/\\\/produncan.cl\\\/propiedades\\\/\"},{\"@type\":\"ListItem\",\"position\":3,\"name\":\"Grundst\u00fccke\",\"item\":\"https:\\\/\\\/produncan.cl\\\/de\\\/kategorie\\\/grundstuecke\\\/\"},{\"@type\":\"ListItem\",\"position\":4,\"name\":\"Grundst\u00fcck in Puerto Varas, Las Tranqueras \u2013 Region Los Lagos\"}]},{\"@type\":\"WebSite\",\"@id\":\"https:\\\/\\\/produncan.cl\\\/de\\\/#website\",\"url\":\"https:\\\/\\\/produncan.cl\\\/de\\\/\",\"name\":\"Produncan\",\"description\":\"Wir begleiten Sie bei Ihrem Lebensprojekt!\",\"publisher\":{\"@id\":\"https:\\\/\\\/produncan.cl\\\/de\\\/#organization\"},\"potentialAction\":[{\"@type\":\"SearchAction\",\"target\":{\"@type\":\"EntryPoint\",\"urlTemplate\":\"https:\\\/\\\/produncan.cl\\\/de\\\/?s={search_term_string}\"},\"query-input\":{\"@type\":\"PropertyValueSpecification\",\"valueRequired\":true,\"valueName\":\"search_term_string\"}}],\"inLanguage\":\"de-DE\"},{\"@type\":\"Organization\",\"@id\":\"https:\\\/\\\/produncan.cl\\\/de\\\/#organization\",\"name\":\"Produncan\",\"url\":\"https:\\\/\\\/produncan.cl\\\/de\\\/\",\"logo\":{\"@type\":\"ImageObject\",\"inLanguage\":\"de-DE\",\"@id\":\"https:\\\/\\\/produncan.cl\\\/de\\\/#\\\/schema\\\/logo\\\/image\\\/\",\"url\":\"https:\\\/\\\/produncan.cl\\\/wp-content\\\/uploads\\\/2021\\\/03\\\/LOGO.jpeg\",\"contentUrl\":\"https:\\\/\\\/produncan.cl\\\/wp-content\\\/uploads\\\/2021\\\/03\\\/LOGO.jpeg\",\"width\":1280,\"height\":903,\"caption\":\"Produncan\"},\"image\":{\"@id\":\"https:\\\/\\\/produncan.cl\\\/de\\\/#\\\/schema\\\/logo\\\/image\\\/\"},\"sameAs\":[\"https:\\\/\\\/web.facebook.com\\\/produncanland\",\"https:\\\/\\\/www.instagram.com\\\/pro_duncan\\\/\",\"https:\\\/\\\/www.linkedin.com\\\/company\\\/produncan-lands\\\/\",\"https:\\\/\\\/www.youtube.com\\\/channel\\\/UCu7N-f3x0svkazD-Eew1-QQ\"],\"description\":\"En Produncan somos especialistas en la venta de terrenos en el sur de Chile. Proveemos estancias, campos, parcelas y hoteles.\",\"email\":\"info@produncan.cl\"}]}<\/script>\n<meta property=\"og:video\" content=\"https:\/\/www.youtube.com\/embed\/gdZLsNGvYw4\" \/>\n<meta property=\"og:video:type\" content=\"text\/html\" \/>\n<meta property=\"og:video:duration\" content=\"77\" \/>\n<meta property=\"og:video:width\" content=\"480\" \/>\n<meta property=\"og:video:height\" content=\"270\" \/>\n<meta property=\"ya:ovs:adult\" content=\"false\" \/>\n<meta property=\"ya:ovs:upload_date\" content=\"2025-08-11T22:44:34+00:00\" \/>\n<meta property=\"ya:ovs:allow_embed\" content=\"true\" \/>\n<meta property=\"product:price:amount\" content=\"179400.00\" \/>\n<meta property=\"product:price:currency\" content=\"USD\" \/>\n<meta property=\"og:availability\" content=\"instock\" \/>\n<meta property=\"product:availability\" content=\"instock\" \/>\n<meta property=\"product:condition\" content=\"new\" \/>\n<!-- \/ Yoast SEO Premium plugin. -->","yoast_head_json":{"title":"Grundst\u00fcck in Puerto Varas, Las Tranqueras \u2013 Region Los Lagos - Produncan","description":"Grundst\u00fcck in Puerto Varas, 13 km vom Zentrum entfernt, in einem konsolidierten Projekt mit kontrolliertem Zugang, Reitclub, Lagune und Landschaftsgestaltung. Ideal als Erstwohnsitz.","robots":{"index":"index","follow":"follow","max-snippet":"max-snippet:-1","max-image-preview":"max-image-preview:large","max-video-preview":"max-video-preview:-1"},"canonical":"https:\/\/produncan.cl\/de\/produkt\/grundstueck-in-puerto-varas-las-tranqueras-region-los-lagos\/","og_locale":"de_DE","og_type":"article","og_title":"Grundst\u00fcck in Puerto Varas, Las Tranqueras \u2013 Region Los Lagos","og_description":"Grundst\u00fcck in Puerto Varas, 13 km vom Zentrum entfernt, in einem konsolidierten Projekt mit kontrolliertem Zugang, Reitclub, Lagune und Landschaftsgestaltung. Ideal als Erstwohnsitz.","og_url":"https:\/\/produncan.cl\/de\/produkt\/grundstueck-in-puerto-varas-las-tranqueras-region-los-lagos\/","og_site_name":"Produncan","article_publisher":"https:\/\/web.facebook.com\/produncanland","article_modified_time":"2025-11-20T16:21:03+00:00","og_image":[{"width":800,"height":600,"url":"https:\/\/produncan.cl\/wp-content\/uploads\/2025\/08\/Parcela-Las-Tranqueras-Puerto-Varas.webp","type":"image\/webp"}],"twitter_card":"summary_large_image","twitter_misc":{"Price":"USD179.400,00","Availability":"In stock"},"schema":{"@context":"https:\/\/schema.org","@graph":[{"@type":"WebPage","@id":"https:\/\/produncan.cl\/de\/produkt\/grundstueck-in-puerto-varas-las-tranqueras-region-los-lagos\/","url":"https:\/\/produncan.cl\/de\/produkt\/grundstueck-in-puerto-varas-las-tranqueras-region-los-lagos\/","name":"Grundst\u00fcck in Puerto Varas, Las Tranqueras \u2013 Region Los Lagos - Produncan","isPartOf":{"@id":"https:\/\/produncan.cl\/de\/#website"},"primaryImageOfPage":{"@id":"https:\/\/produncan.cl\/de\/produkt\/grundstueck-in-puerto-varas-las-tranqueras-region-los-lagos\/#primaryimage"},"image":{"@id":"https:\/\/produncan.cl\/de\/produkt\/grundstueck-in-puerto-varas-las-tranqueras-region-los-lagos\/#primaryimage"},"thumbnailUrl":"https:\/\/produncan.cl\/wp-content\/uploads\/2025\/08\/Parcela-Las-Tranqueras-Puerto-Varas.webp","datePublished":"2025-08-11T22:44:34+00:00","dateModified":"2025-11-20T16:21:03+00:00","description":"Grundst\u00fcck in Puerto Varas, 13 km vom Zentrum entfernt, in einem konsolidierten Projekt mit kontrolliertem Zugang, Reitclub, Lagune und Landschaftsgestaltung. Ideal als Erstwohnsitz.","breadcrumb":{"@id":"https:\/\/produncan.cl\/de\/produkt\/grundstueck-in-puerto-varas-las-tranqueras-region-los-lagos\/#breadcrumb"},"inLanguage":"de-DE","potentialAction":[{"@type":"ReadAction","target":["https:\/\/produncan.cl\/de\/produkt\/grundstueck-in-puerto-varas-las-tranqueras-region-los-lagos\/"]}]},{"@type":"ImageObject","inLanguage":"de-DE","@id":"https:\/\/produncan.cl\/de\/produkt\/grundstueck-in-puerto-varas-las-tranqueras-region-los-lagos\/#primaryimage","url":"https:\/\/produncan.cl\/wp-content\/uploads\/2025\/08\/Parcela-Las-Tranqueras-Puerto-Varas.webp","contentUrl":"https:\/\/produncan.cl\/wp-content\/uploads\/2025\/08\/Parcela-Las-Tranqueras-Puerto-Varas.webp","width":800,"height":600,"caption":"Grundst\u00fcck Las Tranqueras Puerto Varas"},{"@type":"BreadcrumbList","@id":"https:\/\/produncan.cl\/de\/produkt\/grundstueck-in-puerto-varas-las-tranqueras-region-los-lagos\/#breadcrumb","itemListElement":[{"@type":"ListItem","position":1,"name":"Inicio","item":"https:\/\/produncan.cl\/de\/"},{"@type":"ListItem","position":2,"name":"Eigenschaften","item":"https:\/\/produncan.cl\/propiedades\/"},{"@type":"ListItem","position":3,"name":"Grundst\u00fccke","item":"https:\/\/produncan.cl\/de\/kategorie\/grundstuecke\/"},{"@type":"ListItem","position":4,"name":"Grundst\u00fcck in Puerto Varas, Las Tranqueras \u2013 Region Los Lagos"}]},{"@type":"WebSite","@id":"https:\/\/produncan.cl\/de\/#website","url":"https:\/\/produncan.cl\/de\/","name":"Produncan","description":"Wir begleiten Sie bei Ihrem Lebensprojekt!","publisher":{"@id":"https:\/\/produncan.cl\/de\/#organization"},"potentialAction":[{"@type":"SearchAction","target":{"@type":"EntryPoint","urlTemplate":"https:\/\/produncan.cl\/de\/?s={search_term_string}"},"query-input":{"@type":"PropertyValueSpecification","valueRequired":true,"valueName":"search_term_string"}}],"inLanguage":"de-DE"},{"@type":"Organization","@id":"https:\/\/produncan.cl\/de\/#organization","name":"Produncan","url":"https:\/\/produncan.cl\/de\/","logo":{"@type":"ImageObject","inLanguage":"de-DE","@id":"https:\/\/produncan.cl\/de\/#\/schema\/logo\/image\/","url":"https:\/\/produncan.cl\/wp-content\/uploads\/2021\/03\/LOGO.jpeg","contentUrl":"https:\/\/produncan.cl\/wp-content\/uploads\/2021\/03\/LOGO.jpeg","width":1280,"height":903,"caption":"Produncan"},"image":{"@id":"https:\/\/produncan.cl\/de\/#\/schema\/logo\/image\/"},"sameAs":["https:\/\/web.facebook.com\/produncanland","https:\/\/www.instagram.com\/pro_duncan\/","https:\/\/www.linkedin.com\/company\/produncan-lands\/","https:\/\/www.youtube.com\/channel\/UCu7N-f3x0svkazD-Eew1-QQ"],"description":"En Produncan somos especialistas en la venta de terrenos en el sur de Chile. Proveemos estancias, campos, parcelas y hoteles.","email":"info@produncan.cl"}]},"og_video":"https:\/\/www.youtube.com\/embed\/gdZLsNGvYw4","og_video_type":"text\/html","og_video_duration":"77","og_video_width":"480","og_video_height":"270","ya_ovs_adult":"false","ya_ovs_upload_date":"2025-08-11T22:44:34+00:00","ya_ovs_allow_embed":"true","product_price_amount":"179400.00","product_price_currency":"USD","og_availability":"instock","product_availability":"instock","product_condition":"new"},"_links":{"self":[{"href":"https:\/\/produncan.cl\/de\/wp-json\/wp\/v2\/product\/47603","targetHints":{"allow":["GET"]}}],"collection":[{"href":"https:\/\/produncan.cl\/de\/wp-json\/wp\/v2\/product"}],"about":[{"href":"https:\/\/produncan.cl\/de\/wp-json\/wp\/v2\/types\/product"}],"version-history":[{"count":2,"href":"https:\/\/produncan.cl\/de\/wp-json\/wp\/v2\/product\/47603\/revisions"}],"predecessor-version":[{"id":52024,"href":"https:\/\/produncan.cl\/de\/wp-json\/wp\/v2\/product\/47603\/revisions\/52024"}],"wp:featuredmedia":[{"embeddable":true,"href":"https:\/\/produncan.cl\/de\/wp-json\/wp\/v2\/media\/47528"}],"wp:attachment":[{"href":"https:\/\/produncan.cl\/de\/wp-json\/wp\/v2\/media?parent=47603"}],"wp:term":[{"taxonomy":"product_brand","embeddable":true,"href":"https:\/\/produncan.cl\/de\/wp-json\/wp\/v2\/product_brand?post=47603"},{"taxonomy":"product_cat","embeddable":true,"href":"https:\/\/produncan.cl\/de\/wp-json\/wp\/v2\/product_cat?post=47603"},{"taxonomy":"product_tag","embeddable":true,"href":"https:\/\/produncan.cl\/de\/wp-json\/wp\/v2\/product_tag?post=47603"},{"taxonomy":"regiones","embeddable":true,"href":"https:\/\/produncan.cl\/de\/wp-json\/wp\/v2\/regiones?post=47603"},{"taxonomy":"ciudades","embeddable":true,"href":"https:\/\/produncan.cl\/de\/wp-json\/wp\/v2\/ciudades?post=47603"}],"curies":[{"name":"wp","href":"https:\/\/api.w.org\/{rel}","templated":true}]}}