{"id":48114,"date":"2025-08-12T18:41:46","date_gmt":"2025-08-12T22:41:46","guid":{"rendered":"https:\/\/produncan.cl\/producto\/haus-in-puerto-montt-panitao-bajo-region-los-lagos\/"},"modified":"2025-11-24T15:48:00","modified_gmt":"2025-11-24T18:48:00","slug":"haus-in-puerto-montt-panitao-bajo-region-los-lagos","status":"publish","type":"product","link":"https:\/\/produncan.cl\/de\/produkt\/haus-in-puerto-montt-panitao-bajo-region-los-lagos\/","title":{"rendered":"Haus in Puerto Montt, Panitao Bajo &#8211; Region Los Lagos"},"content":{"rendered":"\t\t<div data-elementor-type=\"product-post\" data-elementor-id=\"48114\" class=\"elementor elementor-48114 elementor-47615\" data-elementor-post-type=\"product\">\n\t\t\t\t<div class=\"elementor-element elementor-element-8369799 e-flex e-con-boxed e-con e-parent\" data-id=\"8369799\" data-element_type=\"container\" data-e-type=\"container\" data-settings=\"{&quot;jet_parallax_layout_list&quot;:[]}\">\n\t\t\t\t\t<div class=\"e-con-inner\">\n\t\t\t\t<div class=\"elementor-element elementor-element-29613c2 elementor-widget elementor-widget-heading\" data-id=\"29613c2\" data-element_type=\"widget\" data-e-type=\"widget\" data-widget_type=\"heading.default\">\n\t\t\t\t\t<h2 class=\"elementor-heading-title elementor-size-default\">Direkter Zugang zum Meer auf diesem Grundst\u00fcck mit neuem Haus <\/h2>\t\t\t\t<\/div>\n\t\t\t\t\t<\/div>\n\t\t\t\t<\/div>\n\t\t<div class=\"elementor-element elementor-element-6ac983b e-flex e-con-boxed e-con e-parent\" data-id=\"6ac983b\" data-element_type=\"container\" data-e-type=\"container\" data-settings=\"{&quot;jet_parallax_layout_list&quot;:[]}\">\n\t\t\t\t\t<div class=\"e-con-inner\">\n\t\t\t\t<div class=\"elementor-element elementor-element-5c85175 elementor-widget elementor-widget-text-editor\" data-id=\"5c85175\" data-element_type=\"widget\" data-e-type=\"widget\" data-widget_type=\"text-editor.default\">\n\t\t\t\t\t\t\t\t\t<p>Entdecken Sie diese unglaubliche Gelegenheit in Panitao Bajo, einem ruhigen, sicheren und naturbelassenen Sektor, s\u00fcdlich von Puerto Montt. Hier finden Sie die perfekte Kombination zwischen Privatsph\u00e4re, Konnektivit\u00e4t und malerischen Sch\u00f6nheit: Panoramablick auf das Meer, Anwesenheit von einheimischen Fauna wie schwarz-halsigen Schw\u00e4ne und eine Umgebung, die Ruhe und Outdoor-Leben einl\u00e4dt.<\/p><p>Das Haus in Puerto Montt, Panitao Bajo, ist nur 20-25 Minuten vom Zentrum von Puerto Montt und dem Flughafen El Tepual entfernt, mit schnellem Zugang von der Route 5 ist diese Unterkunft in der N\u00e4he von allem, aber weit genug, um die Ruhe zu genie\u00dfen. Die lokale Gemeinschaft ist aktiv und organisiert und feiert traditionelle Veranstaltungen wie das Fest des Bieres mit typischer Gastronomie, Live-Musik und Handwerk.<\/p><h4>Eigenschaften des Feldes<\/h4><ul><li>Fl\u00e4che: 5.000 m 2 mit 20,15 m von der K\u00fcstenfront.<\/li><li>Flaches Land im Haus- und Kellerbereich und sanfte H\u00e4nge im heimischen Waldgebiet, die einen unglaublichen Blick und neue Entwicklungsm\u00f6glichkeiten bieten.<\/li><li>Saesa Strom mit TE1 Zertifizierung.<\/li><li>eigenes Wasser mit Topfsystem und Pool von 3.000 Liter; Verbindung zu APR in Prozess.<\/li><li>Neue perimetrale Schlie\u00dfung von Acma mesh mit Holz und lebenden Z\u00e4une von Zypressen.<\/li><li>Gute Sonneneinstrahlung.<br\/><br\/><\/li><\/ul><h4>Merkmale des Hauses in Puerto Montt, Panitao Bajo<\/h4><ul><li>Erbaut 2025, 140 m 2 auf einer Etage.<\/li><li>4 Schlafzimmer, 2 Badezimmer, Hauptschlafzimmer en suite mit begehbarer Schrank.<\/li><li>Halboffene K\u00fcche mit t\u00e4glichem Esszimmer und Speisekammer.<\/li><li>Wohnzimmer und Wohnzimmer mit schwimmendem Boden und Walnuss-Thermopanelfenster.<\/li><li>22.35 m 2 Terrasse mit Sicherheitsnetz.<\/li><li>Parkplatz f\u00fcr 3 Fahrzeuge und 10 m 2 Keller.<\/li><li>Holzheizung, Starlink Satelliten-Internet, Sicherheitskameras (CCTV) und Au\u00dfenleuchte.<br\/><br\/><\/li><\/ul><h4>Umgebung und Sehensw\u00fcrdigkeiten<\/h4><p>Strand vor dem Haus neben Sehensw\u00fcrdigkeiten wie Huelmo, Calbuco, Ilque und die Huar und Maillen Inseln.<\/p><p>Wenn Sie eine Immobilie mit direktem Zugang zum Meer, neues Haus, privilegierte nat\u00fcrliche Umgebung und unschlagbare Konnektivit\u00e4t suchen, ist dies Ihre Chance zu leben oder in einen Sektor mit hoher touristischer und Wohnprojektion in Puerto Montt zu investieren.<\/p><p>Kontaktieren Sie uns heute, um einen Besuch zu koordinieren und sich in diesen Ort zu verlieben.<\/p><p><\/p>\t\t\t\t\t\t\t\t<\/div>\n\t\t\t\t\t<\/div>\n\t\t\t\t<\/div>\n\t\t\t\t<\/div>\n\t\t","protected":false},"excerpt":{"rendered":"<p>Haus in Puerto Montt Grundst\u00fcck vor dem Meer. Erbaut auf 2025, Oberfl\u00e4che 140m2, 4 Schlafzimmer, 2 B\u00e4der, guter Zugang, Strom, Wasser und totale Privatsph\u00e4re. Es hat Sektor mit nativem Wald und sch\u00f6nem Panoramablick. <\/p>\n","protected":false},"featured_media":47620,"template":"","meta":{"_acf_changed":false},"product_brand":[],"product_cat":[104],"product_tag":[232,231],"regiones":[226],"ciudades":[506,218,219],"class_list":{"0":"post-48114","1":"product","2":"type-product","3":"status-publish","4":"has-post-thumbnail","6":"product_cat-ohiggins-los-lagos","7":"product_tag-grundstuecke","8":"product_tag-touristische-immobilien","9":"regiones-nuble-los_lagos","10":"ciudades-calbuco","11":"ciudades-puerto-montt","12":"ciudades-puerto-varas","14":"first","15":"instock","16":"shipping-taxable","17":"purchasable","18":"product-type-simple"},"acf":[],"yoast_head":"<!-- This site is optimized with the Yoast SEO Premium plugin v26.0 (Yoast SEO v27.3) - https:\/\/yoast.com\/product\/yoast-seo-premium-wordpress\/ -->\n<title>Haus in Puerto Montt, Panitao Bajo - Region Los Lagos - Produncan<\/title>\n<meta name=\"description\" content=\"Haus in Puerto Montt von 140 m 2, 4 Schlafzimmer und 2 Badezimmer, auf dem Grundst\u00fcck gegen\u00fcber dem Meer mit nativem Wald, Panoramablick, Wasser, Licht, guter Zugang und Privatsph\u00e4re.\" \/>\n<meta name=\"robots\" content=\"index, follow, max-snippet:-1, max-image-preview:large, max-video-preview:-1\" \/>\n<link rel=\"canonical\" href=\"https:\/\/produncan.cl\/de\/produkt\/haus-in-puerto-montt-panitao-bajo-region-los-lagos\/\" \/>\n<meta property=\"og:locale\" content=\"de_DE\" \/>\n<meta property=\"og:type\" content=\"article\" \/>\n<meta property=\"og:title\" content=\"Haus in Puerto Montt, Panitao Bajo - Region Los Lagos\" \/>\n<meta property=\"og:description\" content=\"Haus in Puerto Montt Grundst\u00fcck vor dem Meer. Erbaut auf 2025, Oberfl\u00e4che 140m2, 4 Schlafzimmer, 2 B\u00e4der, guter Zugang, Strom, Wasser und totale Privatsph\u00e4re. Es hat Sektor mit nativem Wald und sch\u00f6nem Panoramablick.\" \/>\n<meta property=\"og:url\" content=\"https:\/\/produncan.cl\/de\/produkt\/haus-in-puerto-montt-panitao-bajo-region-los-lagos\/\" \/>\n<meta property=\"og:site_name\" content=\"Produncan\" \/>\n<meta property=\"article:publisher\" content=\"https:\/\/web.facebook.com\/produncanland\" \/>\n<meta property=\"article:modified_time\" content=\"2025-11-24T18:48:00+00:00\" \/>\n<meta property=\"og:image\" content=\"https:\/\/produncan.cl\/wp-content\/uploads\/2025\/08\/Parcela-Panitao-Bajo-Puerto-Montt.webp\" \/>\n<meta name=\"twitter:card\" content=\"summary_large_image\" \/>\n<meta name=\"twitter:label1\" content=\"Price\" \/>\n\t<meta name=\"twitter:data1\" content=\"USD289.200,00\" \/>\n\t<meta name=\"twitter:label2\" content=\"Availability\" \/>\n\t<meta name=\"twitter:data2\" content=\"In stock\" \/>\n<script type=\"application\/ld+json\" class=\"yoast-schema-graph\">{\"@context\":\"https:\\\/\\\/schema.org\",\"@graph\":[{\"@type\":\"WebPage\",\"@id\":\"https:\\\/\\\/produncan.cl\\\/de\\\/produkt\\\/haus-in-puerto-montt-panitao-bajo-region-los-lagos\\\/\",\"url\":\"https:\\\/\\\/produncan.cl\\\/de\\\/produkt\\\/haus-in-puerto-montt-panitao-bajo-region-los-lagos\\\/\",\"name\":\"Haus in Puerto Montt, Panitao Bajo - Region Los Lagos - Produncan\",\"isPartOf\":{\"@id\":\"https:\\\/\\\/produncan.cl\\\/de\\\/#website\"},\"primaryImageOfPage\":{\"@id\":\"https:\\\/\\\/produncan.cl\\\/de\\\/produkt\\\/haus-in-puerto-montt-panitao-bajo-region-los-lagos\\\/#primaryimage\"},\"image\":{\"@id\":\"https:\\\/\\\/produncan.cl\\\/de\\\/produkt\\\/haus-in-puerto-montt-panitao-bajo-region-los-lagos\\\/#primaryimage\"},\"thumbnailUrl\":\"https:\\\/\\\/produncan.cl\\\/wp-content\\\/uploads\\\/2025\\\/08\\\/Parcela-Panitao-Bajo-Puerto-Montt.webp\",\"datePublished\":\"2025-08-12T22:41:46+00:00\",\"dateModified\":\"2025-11-24T18:48:00+00:00\",\"description\":\"Haus in Puerto Montt von 140 m 2, 4 Schlafzimmer und 2 Badezimmer, auf dem Grundst\u00fcck gegen\u00fcber dem Meer mit nativem Wald, Panoramablick, Wasser, Licht, guter Zugang und Privatsph\u00e4re.\",\"breadcrumb\":{\"@id\":\"https:\\\/\\\/produncan.cl\\\/de\\\/produkt\\\/haus-in-puerto-montt-panitao-bajo-region-los-lagos\\\/#breadcrumb\"},\"inLanguage\":\"de-DE\",\"potentialAction\":[{\"@type\":\"ReadAction\",\"target\":[\"https:\\\/\\\/produncan.cl\\\/de\\\/produkt\\\/haus-in-puerto-montt-panitao-bajo-region-los-lagos\\\/\"]}]},{\"@type\":\"ImageObject\",\"inLanguage\":\"de-DE\",\"@id\":\"https:\\\/\\\/produncan.cl\\\/de\\\/produkt\\\/haus-in-puerto-montt-panitao-bajo-region-los-lagos\\\/#primaryimage\",\"url\":\"https:\\\/\\\/produncan.cl\\\/wp-content\\\/uploads\\\/2025\\\/08\\\/Parcela-Panitao-Bajo-Puerto-Montt.webp\",\"contentUrl\":\"https:\\\/\\\/produncan.cl\\\/wp-content\\\/uploads\\\/2025\\\/08\\\/Parcela-Panitao-Bajo-Puerto-Montt.webp\",\"width\":800,\"height\":600,\"caption\":\"Panitao Grundst\u00fcck unter Puerto Monts\"},{\"@type\":\"BreadcrumbList\",\"@id\":\"https:\\\/\\\/produncan.cl\\\/de\\\/produkt\\\/haus-in-puerto-montt-panitao-bajo-region-los-lagos\\\/#breadcrumb\",\"itemListElement\":[{\"@type\":\"ListItem\",\"position\":1,\"name\":\"Inicio\",\"item\":\"https:\\\/\\\/produncan.cl\\\/de\\\/\"},{\"@type\":\"ListItem\",\"position\":2,\"name\":\"Eigenschaften\",\"item\":\"https:\\\/\\\/produncan.cl\\\/propiedades\\\/\"},{\"@type\":\"ListItem\",\"position\":3,\"name\":\"Grundst\u00fccke\",\"item\":\"https:\\\/\\\/produncan.cl\\\/de\\\/kategorie\\\/grundstuecke\\\/\"},{\"@type\":\"ListItem\",\"position\":4,\"name\":\"Haus in Puerto Montt, Panitao Bajo &#8211; Region Los Lagos\"}]},{\"@type\":\"WebSite\",\"@id\":\"https:\\\/\\\/produncan.cl\\\/de\\\/#website\",\"url\":\"https:\\\/\\\/produncan.cl\\\/de\\\/\",\"name\":\"Produncan\",\"description\":\"Wir begleiten Sie bei Ihrem Lebensprojekt!\",\"publisher\":{\"@id\":\"https:\\\/\\\/produncan.cl\\\/de\\\/#organization\"},\"potentialAction\":[{\"@type\":\"SearchAction\",\"target\":{\"@type\":\"EntryPoint\",\"urlTemplate\":\"https:\\\/\\\/produncan.cl\\\/de\\\/?s={search_term_string}\"},\"query-input\":{\"@type\":\"PropertyValueSpecification\",\"valueRequired\":true,\"valueName\":\"search_term_string\"}}],\"inLanguage\":\"de-DE\"},{\"@type\":\"Organization\",\"@id\":\"https:\\\/\\\/produncan.cl\\\/de\\\/#organization\",\"name\":\"Produncan\",\"url\":\"https:\\\/\\\/produncan.cl\\\/de\\\/\",\"logo\":{\"@type\":\"ImageObject\",\"inLanguage\":\"de-DE\",\"@id\":\"https:\\\/\\\/produncan.cl\\\/de\\\/#\\\/schema\\\/logo\\\/image\\\/\",\"url\":\"https:\\\/\\\/produncan.cl\\\/wp-content\\\/uploads\\\/2021\\\/03\\\/LOGO.jpeg\",\"contentUrl\":\"https:\\\/\\\/produncan.cl\\\/wp-content\\\/uploads\\\/2021\\\/03\\\/LOGO.jpeg\",\"width\":1280,\"height\":903,\"caption\":\"Produncan\"},\"image\":{\"@id\":\"https:\\\/\\\/produncan.cl\\\/de\\\/#\\\/schema\\\/logo\\\/image\\\/\"},\"sameAs\":[\"https:\\\/\\\/web.facebook.com\\\/produncanland\",\"https:\\\/\\\/www.instagram.com\\\/pro_duncan\\\/\",\"https:\\\/\\\/www.linkedin.com\\\/company\\\/produncan-lands\\\/\",\"https:\\\/\\\/www.youtube.com\\\/channel\\\/UCu7N-f3x0svkazD-Eew1-QQ\"],\"description\":\"En Produncan somos especialistas en la venta de terrenos en el sur de Chile. Proveemos estancias, campos, parcelas y hoteles.\",\"email\":\"info@produncan.cl\"}]}<\/script>\n<meta property=\"og:video\" content=\"https:\/\/www.youtube.com\/embed\/eI0EJ6RDO5I\" \/>\n<meta property=\"og:video:type\" content=\"text\/html\" \/>\n<meta property=\"og:video:duration\" content=\"76\" \/>\n<meta property=\"og:video:width\" content=\"480\" \/>\n<meta property=\"og:video:height\" content=\"270\" \/>\n<meta property=\"ya:ovs:adult\" content=\"false\" \/>\n<meta property=\"ya:ovs:upload_date\" content=\"2025-08-12T22:41:46+00:00\" \/>\n<meta property=\"ya:ovs:allow_embed\" content=\"true\" \/>\n<meta property=\"product:price:amount\" content=\"289200.00\" \/>\n<meta property=\"product:price:currency\" content=\"USD\" \/>\n<meta property=\"og:availability\" content=\"instock\" \/>\n<meta property=\"product:availability\" content=\"instock\" \/>\n<meta property=\"product:condition\" content=\"new\" \/>\n<!-- \/ Yoast SEO Premium plugin. -->","yoast_head_json":{"title":"Haus in Puerto Montt, Panitao Bajo - Region Los Lagos - Produncan","description":"Haus in Puerto Montt von 140 m 2, 4 Schlafzimmer und 2 Badezimmer, auf dem Grundst\u00fcck gegen\u00fcber dem Meer mit nativem Wald, Panoramablick, Wasser, Licht, guter Zugang und Privatsph\u00e4re.","robots":{"index":"index","follow":"follow","max-snippet":"max-snippet:-1","max-image-preview":"max-image-preview:large","max-video-preview":"max-video-preview:-1"},"canonical":"https:\/\/produncan.cl\/de\/produkt\/haus-in-puerto-montt-panitao-bajo-region-los-lagos\/","og_locale":"de_DE","og_type":"article","og_title":"Haus in Puerto Montt, Panitao Bajo - Region Los Lagos","og_description":"Haus in Puerto Montt Grundst\u00fcck vor dem Meer. Erbaut auf 2025, Oberfl\u00e4che 140m2, 4 Schlafzimmer, 2 B\u00e4der, guter Zugang, Strom, Wasser und totale Privatsph\u00e4re. Es hat Sektor mit nativem Wald und sch\u00f6nem Panoramablick.","og_url":"https:\/\/produncan.cl\/de\/produkt\/haus-in-puerto-montt-panitao-bajo-region-los-lagos\/","og_site_name":"Produncan","article_publisher":"https:\/\/web.facebook.com\/produncanland","article_modified_time":"2025-11-24T18:48:00+00:00","og_image":[{"url":"https:\/\/produncan.cl\/wp-content\/uploads\/2025\/08\/Parcela-Panitao-Bajo-Puerto-Montt.webp","type":"","width":"","height":""}],"twitter_card":"summary_large_image","twitter_misc":{"Price":"USD289.200,00","Availability":"In stock"},"schema":{"@context":"https:\/\/schema.org","@graph":[{"@type":"WebPage","@id":"https:\/\/produncan.cl\/de\/produkt\/haus-in-puerto-montt-panitao-bajo-region-los-lagos\/","url":"https:\/\/produncan.cl\/de\/produkt\/haus-in-puerto-montt-panitao-bajo-region-los-lagos\/","name":"Haus in Puerto Montt, Panitao Bajo - Region Los Lagos - Produncan","isPartOf":{"@id":"https:\/\/produncan.cl\/de\/#website"},"primaryImageOfPage":{"@id":"https:\/\/produncan.cl\/de\/produkt\/haus-in-puerto-montt-panitao-bajo-region-los-lagos\/#primaryimage"},"image":{"@id":"https:\/\/produncan.cl\/de\/produkt\/haus-in-puerto-montt-panitao-bajo-region-los-lagos\/#primaryimage"},"thumbnailUrl":"https:\/\/produncan.cl\/wp-content\/uploads\/2025\/08\/Parcela-Panitao-Bajo-Puerto-Montt.webp","datePublished":"2025-08-12T22:41:46+00:00","dateModified":"2025-11-24T18:48:00+00:00","description":"Haus in Puerto Montt von 140 m 2, 4 Schlafzimmer und 2 Badezimmer, auf dem Grundst\u00fcck gegen\u00fcber dem Meer mit nativem Wald, Panoramablick, Wasser, Licht, guter Zugang und Privatsph\u00e4re.","breadcrumb":{"@id":"https:\/\/produncan.cl\/de\/produkt\/haus-in-puerto-montt-panitao-bajo-region-los-lagos\/#breadcrumb"},"inLanguage":"de-DE","potentialAction":[{"@type":"ReadAction","target":["https:\/\/produncan.cl\/de\/produkt\/haus-in-puerto-montt-panitao-bajo-region-los-lagos\/"]}]},{"@type":"ImageObject","inLanguage":"de-DE","@id":"https:\/\/produncan.cl\/de\/produkt\/haus-in-puerto-montt-panitao-bajo-region-los-lagos\/#primaryimage","url":"https:\/\/produncan.cl\/wp-content\/uploads\/2025\/08\/Parcela-Panitao-Bajo-Puerto-Montt.webp","contentUrl":"https:\/\/produncan.cl\/wp-content\/uploads\/2025\/08\/Parcela-Panitao-Bajo-Puerto-Montt.webp","width":800,"height":600,"caption":"Panitao Grundst\u00fcck unter Puerto Monts"},{"@type":"BreadcrumbList","@id":"https:\/\/produncan.cl\/de\/produkt\/haus-in-puerto-montt-panitao-bajo-region-los-lagos\/#breadcrumb","itemListElement":[{"@type":"ListItem","position":1,"name":"Inicio","item":"https:\/\/produncan.cl\/de\/"},{"@type":"ListItem","position":2,"name":"Eigenschaften","item":"https:\/\/produncan.cl\/propiedades\/"},{"@type":"ListItem","position":3,"name":"Grundst\u00fccke","item":"https:\/\/produncan.cl\/de\/kategorie\/grundstuecke\/"},{"@type":"ListItem","position":4,"name":"Haus in Puerto Montt, Panitao Bajo &#8211; Region Los Lagos"}]},{"@type":"WebSite","@id":"https:\/\/produncan.cl\/de\/#website","url":"https:\/\/produncan.cl\/de\/","name":"Produncan","description":"Wir begleiten Sie bei Ihrem Lebensprojekt!","publisher":{"@id":"https:\/\/produncan.cl\/de\/#organization"},"potentialAction":[{"@type":"SearchAction","target":{"@type":"EntryPoint","urlTemplate":"https:\/\/produncan.cl\/de\/?s={search_term_string}"},"query-input":{"@type":"PropertyValueSpecification","valueRequired":true,"valueName":"search_term_string"}}],"inLanguage":"de-DE"},{"@type":"Organization","@id":"https:\/\/produncan.cl\/de\/#organization","name":"Produncan","url":"https:\/\/produncan.cl\/de\/","logo":{"@type":"ImageObject","inLanguage":"de-DE","@id":"https:\/\/produncan.cl\/de\/#\/schema\/logo\/image\/","url":"https:\/\/produncan.cl\/wp-content\/uploads\/2021\/03\/LOGO.jpeg","contentUrl":"https:\/\/produncan.cl\/wp-content\/uploads\/2021\/03\/LOGO.jpeg","width":1280,"height":903,"caption":"Produncan"},"image":{"@id":"https:\/\/produncan.cl\/de\/#\/schema\/logo\/image\/"},"sameAs":["https:\/\/web.facebook.com\/produncanland","https:\/\/www.instagram.com\/pro_duncan\/","https:\/\/www.linkedin.com\/company\/produncan-lands\/","https:\/\/www.youtube.com\/channel\/UCu7N-f3x0svkazD-Eew1-QQ"],"description":"En Produncan somos especialistas en la venta de terrenos en el sur de Chile. Proveemos estancias, campos, parcelas y hoteles.","email":"info@produncan.cl"}]},"og_video":"https:\/\/www.youtube.com\/embed\/eI0EJ6RDO5I","og_video_type":"text\/html","og_video_duration":"76","og_video_width":"480","og_video_height":"270","ya_ovs_adult":"false","ya_ovs_upload_date":"2025-08-12T22:41:46+00:00","ya_ovs_allow_embed":"true","product_price_amount":"289200.00","product_price_currency":"USD","og_availability":"instock","product_availability":"instock","product_condition":"new"},"_links":{"self":[{"href":"https:\/\/produncan.cl\/de\/wp-json\/wp\/v2\/product\/48114","targetHints":{"allow":["GET"]}}],"collection":[{"href":"https:\/\/produncan.cl\/de\/wp-json\/wp\/v2\/product"}],"about":[{"href":"https:\/\/produncan.cl\/de\/wp-json\/wp\/v2\/types\/product"}],"version-history":[{"count":2,"href":"https:\/\/produncan.cl\/de\/wp-json\/wp\/v2\/product\/48114\/revisions"}],"predecessor-version":[{"id":52457,"href":"https:\/\/produncan.cl\/de\/wp-json\/wp\/v2\/product\/48114\/revisions\/52457"}],"wp:featuredmedia":[{"embeddable":true,"href":"https:\/\/produncan.cl\/de\/wp-json\/wp\/v2\/media\/47620"}],"wp:attachment":[{"href":"https:\/\/produncan.cl\/de\/wp-json\/wp\/v2\/media?parent=48114"}],"wp:term":[{"taxonomy":"product_brand","embeddable":true,"href":"https:\/\/produncan.cl\/de\/wp-json\/wp\/v2\/product_brand?post=48114"},{"taxonomy":"product_cat","embeddable":true,"href":"https:\/\/produncan.cl\/de\/wp-json\/wp\/v2\/product_cat?post=48114"},{"taxonomy":"product_tag","embeddable":true,"href":"https:\/\/produncan.cl\/de\/wp-json\/wp\/v2\/product_tag?post=48114"},{"taxonomy":"regiones","embeddable":true,"href":"https:\/\/produncan.cl\/de\/wp-json\/wp\/v2\/regiones?post=48114"},{"taxonomy":"ciudades","embeddable":true,"href":"https:\/\/produncan.cl\/de\/wp-json\/wp\/v2\/ciudades?post=48114"}],"curies":[{"name":"wp","href":"https:\/\/api.w.org\/{rel}","templated":true}]}}