{"id":48744,"date":"2025-08-19T21:52:39","date_gmt":"2025-08-20T01:52:39","guid":{"rendered":"https:\/\/produncan.cl\/producto\/lotsen-in-rio-bueno-el-boquial-los-rios-region\/"},"modified":"2025-12-04T17:18:11","modified_gmt":"2025-12-04T20:18:11","slug":"lotsen-in-rio-bueno-el-boquial-los-rios-region","status":"publish","type":"product","link":"https:\/\/produncan.cl\/de\/produkt\/lotsen-in-rio-bueno-el-boquial-los-rios-region\/","title":{"rendered":"Lotsen in Rio Bueno, El Boquial \u2013 Region Los R\u00edos"},"content":{"rendered":"\t\t<div data-elementor-type=\"product-post\" data-elementor-id=\"48744\" class=\"elementor elementor-48744 elementor-48467\" data-elementor-post-type=\"product\">\n\t\t\t\t<div class=\"elementor-element elementor-element-b095869 e-flex e-con-boxed e-con e-parent\" data-id=\"b095869\" data-element_type=\"container\" data-e-type=\"container\" data-settings=\"{&quot;jet_parallax_layout_list&quot;:[]}\">\n\t\t\t\t\t<div class=\"e-con-inner\">\n\t\t\t\t<div class=\"elementor-element elementor-element-a162f5b elementor-widget elementor-widget-heading\" data-id=\"a162f5b\" data-element_type=\"widget\" data-e-type=\"widget\" data-widget_type=\"heading.default\">\n\t\t\t\t\t<h2 class=\"elementor-heading-title elementor-size-default\">Holen Sie sich Ihre Traumlandschaft mit perfekter Wiese und herrlichem Blick auf den Vulkan Puntiaguo und Osorno<\/h2>\t\t\t\t<\/div>\n\t\t\t\t\t<\/div>\n\t\t\t\t<\/div>\n\t\t<div class=\"elementor-element elementor-element-1f6c052 e-flex e-con-boxed e-con e-parent\" data-id=\"1f6c052\" data-element_type=\"container\" data-e-type=\"container\" data-settings=\"{&quot;jet_parallax_layout_list&quot;:[]}\">\n\t\t\t\t\t<div class=\"e-con-inner\">\n\t\t\t\t<div class=\"elementor-element elementor-element-cf3ab1f elementor-widget elementor-widget-text-editor\" data-id=\"cf3ab1f\" data-element_type=\"widget\" data-e-type=\"widget\" data-widget_type=\"text-editor.default\">\n\t\t\t\t\t\t\t\t\t<p>Entdecken Sie eine einzigartige Investitionsm\u00f6glichkeit im S\u00fcden Chiles: 5 spektakul\u00e4re Grundst\u00fccke von 3,89 bis 4,89 Hektar, mit direktem Zugang von der \u00f6ffentlichen Stra\u00dfe und angrenzend an den wundersch\u00f6nen Fluss Chirre.<\/p><p>Jedes Grundst\u00fcck kombiniert saubere, flache Wiesen, die sich ideal f\u00fcr landwirtschaftliche oder Freizeitprojekte eignen, mit einem kleinen, offenen und lichten Naturwald, der bis zum Flussufer reicht. Dar\u00fcber hinaus bieten alle Grundst\u00fccke einen privilegierten Blick auf die Bergkette und die Vulkane Puntiagudo und Osorno in einer landschaftlich reizvollen Umgebung, ganz in der N\u00e4he der exklusiven Seen Puyehue und Ranco, zwei der beliebtesten Reiseziele im S\u00fcden Chiles. <\/p><h4>Hauptmerkmale<\/h4><ul><li>Fl\u00e4chen von 3,89 bis 4,89 Hektar<\/li><li>Werte ab 99 Millionen CLP<\/li><li>Wasser Grundwasser in nur 4 Metern Tiefe (M\u00f6glichkeit eines Sch\u00f6pfrads oder Brunnens)<\/li><li>Elektrischer Anschluss mit Kundennummer installiert, bereit zur \u00dcbergabe<\/li><li>Internetverbindung (Starlink und 4G) und guter Mobilfunkempfang<\/li><li>Grundst\u00fccke mit Umz\u00e4unungen, Empfehlungen f\u00fcr Verbesserungen in bestimmten Bereichen<\/li><li>Geb\u00e4ude auf einigen Grundst\u00fccken (H\u00fctte, Keller und Schuppen)<\/li><\/ul><h4>Verf\u00fcgbare Grundst\u00fccke<\/h4><ul><li>Grundst\u00fcck 1: 3,89 ha \u2013 99 Millionen CLP<\/li><li>Grundst\u00fcck 2: 4,89 ha \u2013 mit H\u00fctte und Weinkeller \u2013 129 Millionen CLP<\/li><li>Grundst\u00fcck 3: 4,89 ha \u2013 mit Schuppen \u2013 119 Millionen CLP<\/li><li>Grundst\u00fcck 4: 4,89 ha \u2013 mit Schuppen \u2013 119 Millionen CLP<\/li><li>Los 5: Verkauft<\/li><\/ul><h4>Privilegierter Standort<\/h4><ul><li>Zwischen dem See Puyehue und dem See Ranco<\/li><li>40 Minuten von Entre Lagos und 1 Stunde von Osorno entfernt<\/li><li>Weniger als 1 Stunde vom Flughafen Osorno entfernt<\/li><li>Bushaltestelle nur 3 km entfernt<\/li><\/ul><h4>Nat\u00fcrliche Umgebung<\/h4><ul><li>Weitgehend flache Topografie mit Wiesen und heimischem Waldbestand<\/li><li>Angrenzend an den Fluss Chirre<\/li><li>Gem\u00e4\u00dfigtes, regnerisches Klima: milde Sommer und winter mit reichlich Niederschlag, ideal f\u00fcr Landwirtschaft und Erholung<\/li><\/ul><p>Diese Grundst\u00fccke in R\u00edo Bueno, El Boquial, sind die perfekte Mischung aus Natur, Anbindung und Exklusivit\u00e4t. Ob zum Wohnen, f\u00fcr den Urlaub oder als Investition \u2013 hier finden Sie einen Ort mit hohem Potenzial und einer unvergleichlichen Lebensqualit\u00e4t. <\/p><p>Kontaktieren Sie uns und vereinbaren Sie einen Besuchstermin!<\/p>\t\t\t\t\t\t\t\t<\/div>\n\t\t\t\t\t<\/div>\n\t\t\t\t<\/div>\n\t\t\t\t<\/div>\n\t\t","protected":false},"excerpt":{"rendered":"<p>Grundst\u00fccke in R\u00edo Bueno zwischen dem Puyehue-See und dem Ranco-See. Direkter Zugang von der \u00f6ffentlichen Stra\u00dfe, Stromanschluss, flache Wiesen, kleiner Naturwald und angrenzend an einen Fluss. Spektakul\u00e4re Aussicht auf die Vulkane Puntiagudo und Osorno.   <\/p>\n","protected":false},"featured_media":48477,"template":"","meta":{"_acf_changed":false},"product_brand":[],"product_cat":[104],"product_tag":[235,232,231],"regiones":[226],"ciudades":[217,509],"class_list":{"0":"post-48744","1":"product","2":"type-product","3":"status-publish","4":"has-post-thumbnail","6":"product_cat-ohiggins-los-lagos","7":"product_tag-felder","8":"product_tag-grundstuecke","9":"product_tag-touristische-immobilien","10":"regiones-nuble-los_lagos","11":"ciudades-osorno","12":"ciudades-rio-bueno","14":"first","15":"instock","16":"shipping-taxable","17":"purchasable","18":"product-type-simple"},"acf":[],"yoast_head":"<!-- This site is optimized with the Yoast SEO Premium plugin v26.0 (Yoast SEO v27.4) - https:\/\/yoast.com\/product\/yoast-seo-premium-wordpress\/ -->\n<title>Lotsen in Rio Bueno, El Boquial \u2013 Region Los R\u00edos - Produncan<\/title>\n<meta name=\"description\" content=\"Grundst\u00fccke in R\u00edo Bueno zwischen den Seen Puyehue und Ranco, mit \u00f6ffentlichem Zugang, Stromanschluss, flachen Wiesen, heimischem Wald und Fluss. Spektakul\u00e4re Aussicht auf Vulkane.\" \/>\n<meta name=\"robots\" content=\"index, follow, max-snippet:-1, max-image-preview:large, max-video-preview:-1\" \/>\n<link rel=\"canonical\" href=\"https:\/\/produncan.cl\/de\/produkt\/lotsen-in-rio-bueno-el-boquial-los-rios-region\/\" \/>\n<meta property=\"og:locale\" content=\"de_DE\" \/>\n<meta property=\"og:type\" content=\"article\" \/>\n<meta property=\"og:title\" content=\"Lotsen in Rio Bueno, El Boquial \u2013 Region Los R\u00edos\" \/>\n<meta property=\"og:description\" content=\"Grundst\u00fccke in R\u00edo Bueno zwischen den Seen Puyehue und Ranco, mit \u00f6ffentlichem Zugang, Stromanschluss, flachen Wiesen, heimischem Wald und Fluss. Spektakul\u00e4re Aussicht auf Vulkane.\" \/>\n<meta property=\"og:url\" content=\"https:\/\/produncan.cl\/de\/produkt\/lotsen-in-rio-bueno-el-boquial-los-rios-region\/\" \/>\n<meta property=\"og:site_name\" content=\"Produncan\" \/>\n<meta property=\"article:publisher\" content=\"https:\/\/web.facebook.com\/produncanland\" \/>\n<meta property=\"article:modified_time\" content=\"2025-12-04T20:18:11+00:00\" \/>\n<meta property=\"og:image\" content=\"https:\/\/produncan.cl\/wp-content\/uploads\/2025\/08\/Campito-en-venta-El-Boquial-Rio-Bueno.webp\" \/>\n\t<meta property=\"og:image:width\" content=\"800\" \/>\n\t<meta property=\"og:image:height\" content=\"600\" \/>\n\t<meta property=\"og:image:type\" content=\"image\/webp\" \/>\n<meta name=\"twitter:card\" content=\"summary_large_image\" \/>\n<meta name=\"twitter:label1\" content=\"Price\" \/>\n\t<meta name=\"twitter:data1\" content=\"USD133.700,00\" \/>\n\t<meta name=\"twitter:label2\" content=\"Availability\" \/>\n\t<meta name=\"twitter:data2\" content=\"In stock\" \/>\n<script type=\"application\/ld+json\" class=\"yoast-schema-graph\">{\"@context\":\"https:\\\/\\\/schema.org\",\"@graph\":[{\"@type\":\"WebPage\",\"@id\":\"https:\\\/\\\/produncan.cl\\\/de\\\/produkt\\\/lotsen-in-rio-bueno-el-boquial-los-rios-region\\\/\",\"url\":\"https:\\\/\\\/produncan.cl\\\/de\\\/produkt\\\/lotsen-in-rio-bueno-el-boquial-los-rios-region\\\/\",\"name\":\"Lotsen in Rio Bueno, El Boquial \u2013 Region Los R\u00edos - Produncan\",\"isPartOf\":{\"@id\":\"https:\\\/\\\/produncan.cl\\\/de\\\/#website\"},\"primaryImageOfPage\":{\"@id\":\"https:\\\/\\\/produncan.cl\\\/de\\\/produkt\\\/lotsen-in-rio-bueno-el-boquial-los-rios-region\\\/#primaryimage\"},\"image\":{\"@id\":\"https:\\\/\\\/produncan.cl\\\/de\\\/produkt\\\/lotsen-in-rio-bueno-el-boquial-los-rios-region\\\/#primaryimage\"},\"thumbnailUrl\":\"https:\\\/\\\/produncan.cl\\\/wp-content\\\/uploads\\\/2025\\\/08\\\/Campito-en-venta-El-Boquial-Rio-Bueno.webp\",\"datePublished\":\"2025-08-20T01:52:39+00:00\",\"dateModified\":\"2025-12-04T20:18:11+00:00\",\"description\":\"Grundst\u00fccke in R\u00edo Bueno zwischen den Seen Puyehue und Ranco, mit \u00f6ffentlichem Zugang, Stromanschluss, flachen Wiesen, heimischem Wald und Fluss. Spektakul\u00e4re Aussicht auf Vulkane.\",\"breadcrumb\":{\"@id\":\"https:\\\/\\\/produncan.cl\\\/de\\\/produkt\\\/lotsen-in-rio-bueno-el-boquial-los-rios-region\\\/#breadcrumb\"},\"inLanguage\":\"de-DE\",\"potentialAction\":[{\"@type\":\"ReadAction\",\"target\":[\"https:\\\/\\\/produncan.cl\\\/de\\\/produkt\\\/lotsen-in-rio-bueno-el-boquial-los-rios-region\\\/\"]}]},{\"@type\":\"ImageObject\",\"inLanguage\":\"de-DE\",\"@id\":\"https:\\\/\\\/produncan.cl\\\/de\\\/produkt\\\/lotsen-in-rio-bueno-el-boquial-los-rios-region\\\/#primaryimage\",\"url\":\"https:\\\/\\\/produncan.cl\\\/wp-content\\\/uploads\\\/2025\\\/08\\\/Campito-en-venta-El-Boquial-Rio-Bueno.webp\",\"contentUrl\":\"https:\\\/\\\/produncan.cl\\\/wp-content\\\/uploads\\\/2025\\\/08\\\/Campito-en-venta-El-Boquial-Rio-Bueno.webp\",\"width\":800,\"height\":600,\"caption\":\"Campus zum Verkauf El Boquial R\u00edo Bueno\"},{\"@type\":\"BreadcrumbList\",\"@id\":\"https:\\\/\\\/produncan.cl\\\/de\\\/produkt\\\/lotsen-in-rio-bueno-el-boquial-los-rios-region\\\/#breadcrumb\",\"itemListElement\":[{\"@type\":\"ListItem\",\"position\":1,\"name\":\"Inicio\",\"item\":\"https:\\\/\\\/produncan.cl\\\/de\\\/\"},{\"@type\":\"ListItem\",\"position\":2,\"name\":\"Eigenschaften\",\"item\":\"https:\\\/\\\/produncan.cl\\\/propiedades\\\/\"},{\"@type\":\"ListItem\",\"position\":3,\"name\":\"Felder\",\"item\":\"https:\\\/\\\/produncan.cl\\\/de\\\/kategorie\\\/felder\\\/\"},{\"@type\":\"ListItem\",\"position\":4,\"name\":\"Lotsen in Rio Bueno, El Boquial \u2013 Region Los R\u00edos\"}]},{\"@type\":\"WebSite\",\"@id\":\"https:\\\/\\\/produncan.cl\\\/de\\\/#website\",\"url\":\"https:\\\/\\\/produncan.cl\\\/de\\\/\",\"name\":\"Produncan\",\"description\":\"Wir begleiten Sie bei Ihrem Lebensprojekt!\",\"publisher\":{\"@id\":\"https:\\\/\\\/produncan.cl\\\/de\\\/#organization\"},\"potentialAction\":[{\"@type\":\"SearchAction\",\"target\":{\"@type\":\"EntryPoint\",\"urlTemplate\":\"https:\\\/\\\/produncan.cl\\\/de\\\/?s={search_term_string}\"},\"query-input\":{\"@type\":\"PropertyValueSpecification\",\"valueRequired\":true,\"valueName\":\"search_term_string\"}}],\"inLanguage\":\"de-DE\"},{\"@type\":\"Organization\",\"@id\":\"https:\\\/\\\/produncan.cl\\\/de\\\/#organization\",\"name\":\"Produncan\",\"url\":\"https:\\\/\\\/produncan.cl\\\/de\\\/\",\"logo\":{\"@type\":\"ImageObject\",\"inLanguage\":\"de-DE\",\"@id\":\"https:\\\/\\\/produncan.cl\\\/de\\\/#\\\/schema\\\/logo\\\/image\\\/\",\"url\":\"https:\\\/\\\/produncan.cl\\\/wp-content\\\/uploads\\\/2021\\\/03\\\/LOGO.jpeg\",\"contentUrl\":\"https:\\\/\\\/produncan.cl\\\/wp-content\\\/uploads\\\/2021\\\/03\\\/LOGO.jpeg\",\"width\":1280,\"height\":903,\"caption\":\"Produncan\"},\"image\":{\"@id\":\"https:\\\/\\\/produncan.cl\\\/de\\\/#\\\/schema\\\/logo\\\/image\\\/\"},\"sameAs\":[\"https:\\\/\\\/web.facebook.com\\\/produncanland\",\"https:\\\/\\\/www.instagram.com\\\/pro_duncan\\\/\",\"https:\\\/\\\/www.linkedin.com\\\/company\\\/produncan-lands\\\/\",\"https:\\\/\\\/www.youtube.com\\\/channel\\\/UCu7N-f3x0svkazD-Eew1-QQ\"],\"description\":\"En Produncan somos especialistas en la venta de terrenos en el sur de Chile. Proveemos estancias, campos, parcelas y hoteles.\",\"email\":\"info@produncan.cl\"}]}<\/script>\n<meta property=\"og:video\" content=\"https:\/\/www.youtube.com\/embed\/hlnM9Ty_HUQ\" \/>\n<meta property=\"og:video:type\" content=\"text\/html\" \/>\n<meta property=\"og:video:duration\" content=\"76\" \/>\n<meta property=\"og:video:width\" content=\"480\" \/>\n<meta property=\"og:video:height\" content=\"270\" \/>\n<meta property=\"ya:ovs:adult\" content=\"false\" \/>\n<meta property=\"ya:ovs:upload_date\" content=\"2025-08-20T01:52:39+00:00\" \/>\n<meta property=\"ya:ovs:allow_embed\" content=\"true\" \/>\n<meta property=\"product:price:amount\" content=\"133700.00\" \/>\n<meta property=\"product:price:currency\" content=\"USD\" \/>\n<meta property=\"og:availability\" content=\"instock\" \/>\n<meta property=\"product:availability\" content=\"instock\" \/>\n<meta property=\"product:condition\" content=\"new\" \/>\n<!-- \/ Yoast SEO Premium plugin. -->","yoast_head_json":{"title":"Lotsen in Rio Bueno, El Boquial \u2013 Region Los R\u00edos - Produncan","description":"Grundst\u00fccke in R\u00edo Bueno zwischen den Seen Puyehue und Ranco, mit \u00f6ffentlichem Zugang, Stromanschluss, flachen Wiesen, heimischem Wald und Fluss. Spektakul\u00e4re Aussicht auf Vulkane.","robots":{"index":"index","follow":"follow","max-snippet":"max-snippet:-1","max-image-preview":"max-image-preview:large","max-video-preview":"max-video-preview:-1"},"canonical":"https:\/\/produncan.cl\/de\/produkt\/lotsen-in-rio-bueno-el-boquial-los-rios-region\/","og_locale":"de_DE","og_type":"article","og_title":"Lotsen in Rio Bueno, El Boquial \u2013 Region Los R\u00edos","og_description":"Grundst\u00fccke in R\u00edo Bueno zwischen den Seen Puyehue und Ranco, mit \u00f6ffentlichem Zugang, Stromanschluss, flachen Wiesen, heimischem Wald und Fluss. Spektakul\u00e4re Aussicht auf Vulkane.","og_url":"https:\/\/produncan.cl\/de\/produkt\/lotsen-in-rio-bueno-el-boquial-los-rios-region\/","og_site_name":"Produncan","article_publisher":"https:\/\/web.facebook.com\/produncanland","article_modified_time":"2025-12-04T20:18:11+00:00","og_image":[{"width":800,"height":600,"url":"https:\/\/produncan.cl\/wp-content\/uploads\/2025\/08\/Campito-en-venta-El-Boquial-Rio-Bueno.webp","type":"image\/webp"}],"twitter_card":"summary_large_image","twitter_misc":{"Price":"USD133.700,00","Availability":"In stock"},"schema":{"@context":"https:\/\/schema.org","@graph":[{"@type":"WebPage","@id":"https:\/\/produncan.cl\/de\/produkt\/lotsen-in-rio-bueno-el-boquial-los-rios-region\/","url":"https:\/\/produncan.cl\/de\/produkt\/lotsen-in-rio-bueno-el-boquial-los-rios-region\/","name":"Lotsen in Rio Bueno, El Boquial \u2013 Region Los R\u00edos - Produncan","isPartOf":{"@id":"https:\/\/produncan.cl\/de\/#website"},"primaryImageOfPage":{"@id":"https:\/\/produncan.cl\/de\/produkt\/lotsen-in-rio-bueno-el-boquial-los-rios-region\/#primaryimage"},"image":{"@id":"https:\/\/produncan.cl\/de\/produkt\/lotsen-in-rio-bueno-el-boquial-los-rios-region\/#primaryimage"},"thumbnailUrl":"https:\/\/produncan.cl\/wp-content\/uploads\/2025\/08\/Campito-en-venta-El-Boquial-Rio-Bueno.webp","datePublished":"2025-08-20T01:52:39+00:00","dateModified":"2025-12-04T20:18:11+00:00","description":"Grundst\u00fccke in R\u00edo Bueno zwischen den Seen Puyehue und Ranco, mit \u00f6ffentlichem Zugang, Stromanschluss, flachen Wiesen, heimischem Wald und Fluss. Spektakul\u00e4re Aussicht auf Vulkane.","breadcrumb":{"@id":"https:\/\/produncan.cl\/de\/produkt\/lotsen-in-rio-bueno-el-boquial-los-rios-region\/#breadcrumb"},"inLanguage":"de-DE","potentialAction":[{"@type":"ReadAction","target":["https:\/\/produncan.cl\/de\/produkt\/lotsen-in-rio-bueno-el-boquial-los-rios-region\/"]}]},{"@type":"ImageObject","inLanguage":"de-DE","@id":"https:\/\/produncan.cl\/de\/produkt\/lotsen-in-rio-bueno-el-boquial-los-rios-region\/#primaryimage","url":"https:\/\/produncan.cl\/wp-content\/uploads\/2025\/08\/Campito-en-venta-El-Boquial-Rio-Bueno.webp","contentUrl":"https:\/\/produncan.cl\/wp-content\/uploads\/2025\/08\/Campito-en-venta-El-Boquial-Rio-Bueno.webp","width":800,"height":600,"caption":"Campus zum Verkauf El Boquial R\u00edo Bueno"},{"@type":"BreadcrumbList","@id":"https:\/\/produncan.cl\/de\/produkt\/lotsen-in-rio-bueno-el-boquial-los-rios-region\/#breadcrumb","itemListElement":[{"@type":"ListItem","position":1,"name":"Inicio","item":"https:\/\/produncan.cl\/de\/"},{"@type":"ListItem","position":2,"name":"Eigenschaften","item":"https:\/\/produncan.cl\/propiedades\/"},{"@type":"ListItem","position":3,"name":"Felder","item":"https:\/\/produncan.cl\/de\/kategorie\/felder\/"},{"@type":"ListItem","position":4,"name":"Lotsen in Rio Bueno, El Boquial \u2013 Region Los R\u00edos"}]},{"@type":"WebSite","@id":"https:\/\/produncan.cl\/de\/#website","url":"https:\/\/produncan.cl\/de\/","name":"Produncan","description":"Wir begleiten Sie bei Ihrem Lebensprojekt!","publisher":{"@id":"https:\/\/produncan.cl\/de\/#organization"},"potentialAction":[{"@type":"SearchAction","target":{"@type":"EntryPoint","urlTemplate":"https:\/\/produncan.cl\/de\/?s={search_term_string}"},"query-input":{"@type":"PropertyValueSpecification","valueRequired":true,"valueName":"search_term_string"}}],"inLanguage":"de-DE"},{"@type":"Organization","@id":"https:\/\/produncan.cl\/de\/#organization","name":"Produncan","url":"https:\/\/produncan.cl\/de\/","logo":{"@type":"ImageObject","inLanguage":"de-DE","@id":"https:\/\/produncan.cl\/de\/#\/schema\/logo\/image\/","url":"https:\/\/produncan.cl\/wp-content\/uploads\/2021\/03\/LOGO.jpeg","contentUrl":"https:\/\/produncan.cl\/wp-content\/uploads\/2021\/03\/LOGO.jpeg","width":1280,"height":903,"caption":"Produncan"},"image":{"@id":"https:\/\/produncan.cl\/de\/#\/schema\/logo\/image\/"},"sameAs":["https:\/\/web.facebook.com\/produncanland","https:\/\/www.instagram.com\/pro_duncan\/","https:\/\/www.linkedin.com\/company\/produncan-lands\/","https:\/\/www.youtube.com\/channel\/UCu7N-f3x0svkazD-Eew1-QQ"],"description":"En Produncan somos especialistas en la venta de terrenos en el sur de Chile. Proveemos estancias, campos, parcelas y hoteles.","email":"info@produncan.cl"}]},"og_video":"https:\/\/www.youtube.com\/embed\/hlnM9Ty_HUQ","og_video_type":"text\/html","og_video_duration":"76","og_video_width":"480","og_video_height":"270","ya_ovs_adult":"false","ya_ovs_upload_date":"2025-08-20T01:52:39+00:00","ya_ovs_allow_embed":"true","product_price_amount":"133700.00","product_price_currency":"USD","og_availability":"instock","product_availability":"instock","product_condition":"new"},"_links":{"self":[{"href":"https:\/\/produncan.cl\/de\/wp-json\/wp\/v2\/product\/48744","targetHints":{"allow":["GET"]}}],"collection":[{"href":"https:\/\/produncan.cl\/de\/wp-json\/wp\/v2\/product"}],"about":[{"href":"https:\/\/produncan.cl\/de\/wp-json\/wp\/v2\/types\/product"}],"version-history":[{"count":1,"href":"https:\/\/produncan.cl\/de\/wp-json\/wp\/v2\/product\/48744\/revisions"}],"predecessor-version":[{"id":52449,"href":"https:\/\/produncan.cl\/de\/wp-json\/wp\/v2\/product\/48744\/revisions\/52449"}],"wp:featuredmedia":[{"embeddable":true,"href":"https:\/\/produncan.cl\/de\/wp-json\/wp\/v2\/media\/48477"}],"wp:attachment":[{"href":"https:\/\/produncan.cl\/de\/wp-json\/wp\/v2\/media?parent=48744"}],"wp:term":[{"taxonomy":"product_brand","embeddable":true,"href":"https:\/\/produncan.cl\/de\/wp-json\/wp\/v2\/product_brand?post=48744"},{"taxonomy":"product_cat","embeddable":true,"href":"https:\/\/produncan.cl\/de\/wp-json\/wp\/v2\/product_cat?post=48744"},{"taxonomy":"product_tag","embeddable":true,"href":"https:\/\/produncan.cl\/de\/wp-json\/wp\/v2\/product_tag?post=48744"},{"taxonomy":"regiones","embeddable":true,"href":"https:\/\/produncan.cl\/de\/wp-json\/wp\/v2\/regiones?post=48744"},{"taxonomy":"ciudades","embeddable":true,"href":"https:\/\/produncan.cl\/de\/wp-json\/wp\/v2\/ciudades?post=48744"}],"curies":[{"name":"wp","href":"https:\/\/api.w.org\/{rel}","templated":true}]}}