{"id":49281,"date":"2025-08-27T13:53:42","date_gmt":"2025-08-27T17:53:42","guid":{"rendered":"https:\/\/produncan.cl\/producto\/grundstueck-in-chamiza-puerto-montt-region-los-lagos\/"},"modified":"2025-12-26T17:18:46","modified_gmt":"2025-12-26T20:18:46","slug":"grundstueck-in-chamiza-puerto-montt-region-los-lagos","status":"publish","type":"product","link":"https:\/\/produncan.cl\/de\/produkt\/grundstueck-in-chamiza-puerto-montt-region-los-lagos\/","title":{"rendered":"Grundst\u00fcck in Chamiza, Puerto Montt \u2013 Region Los Lagos"},"content":{"rendered":"\t\t<div data-elementor-type=\"product-post\" data-elementor-id=\"49281\" class=\"elementor elementor-49281 elementor-49167\" data-elementor-post-type=\"product\">\n\t\t\t\t<div class=\"elementor-element elementor-element-8bdb2e4 e-flex e-con-boxed e-con e-parent\" data-id=\"8bdb2e4\" data-element_type=\"container\" data-e-type=\"container\" data-settings=\"{&quot;jet_parallax_layout_list&quot;:[]}\">\n\t\t\t\t\t<div class=\"e-con-inner\">\n\t\t\t\t<div class=\"elementor-element elementor-element-c94c255 elementor-widget elementor-widget-heading\" data-id=\"c94c255\" data-element_type=\"widget\" data-e-type=\"widget\" data-widget_type=\"heading.default\">\n\t\t\t\t\t<h2 class=\"elementor-heading-title elementor-size-default\">Wachen Sie jeden Morgen mit dem Rauschen des Flusses zu Ihren F\u00fc\u00dfen auf.<\/h2>\t\t\t\t<\/div>\n\t\t\t\t\t<\/div>\n\t\t\t\t<\/div>\n\t\t<div class=\"elementor-element elementor-element-a81ed59 e-flex e-con-boxed e-con e-parent\" data-id=\"a81ed59\" data-element_type=\"container\" data-e-type=\"container\" data-settings=\"{&quot;jet_parallax_layout_list&quot;:[]}\">\n\t\t\t\t\t<div class=\"e-con-inner\">\n\t\t\t\t<div class=\"elementor-element elementor-element-6309fef elementor-widget elementor-widget-text-editor\" data-id=\"6309fef\" data-element_type=\"widget\" data-e-type=\"widget\" data-widget_type=\"text-editor.default\">\n\t\t\t\t\t\t\t\t\t<p>Mit der Bergkette am Horizont und der Ruhe einer einzigartigen nat\u00fcrlichen Umgebung, nur wenige Minuten von Puerto Montt entfernt, werden zwei aneinandergrenzende Grundst\u00fccke in Chamiza angeboten, die nicht nur ein Grundst\u00fcck sind, sondern eine Einladung, das Leben Ihrer Tr\u00e4ume zu verwirklichen, umgeben von Sch\u00f6nheit, Komfort und Zukunftsperspektiven.<\/p>\n<p>Beide Grundst\u00fccke sind direkt \u00fcber eine asphaltierte \u00f6ffentliche Stra\u00dfe erreichbar und bieten die Sicherheit einer schnellen Anbindung, ohne dabei die Ruhe zu verlieren, die nur das Land bieten kann. Ihre offenen Wiesen verbinden sich mit einem kleinen Wald und dem Flussufer und bieten eine ideale nat\u00fcrliche Umgebung f\u00fcr Familien-, Tourismus- oder Investitionsprojekte. <\/p>\n<p>Das erste Grundst\u00fcck in Chamiza ist 5.000 m\u00b2 gro\u00df und wird f\u00fcr 4.000 UF verkauft. Es ist flach, leicht zu bebauen und perfekt, um Ihr Zuhause oder Ihr Unternehmen zum Leben zu erwecken. Das zweite Grundst\u00fcck in Chamiza ist 8.900 m\u00b2 gro\u00df und wird f\u00fcr 5.000 UF verkauft. Es ist gr\u00f6\u00dfer, verf\u00fcgt \u00fcber eine Schlucht mit herrlichem Blick auf den Fluss und die Bergkette und hat einen einzigartigen Charme f\u00fcr diejenigen, die etwas Besonderes suchen.   <\/p>\n<p>Beide verf\u00fcgen \u00fcber Strom und ein anschlussfertiges Wassernetz, das aus einem Tiefbrunnen mit hohem Durchfluss gespeist wird.<\/p>\n<p>Die Lage garantiert den ganzen Tag \u00fcber Tageslicht, ohne dass H\u00fcgel Schatten werfen. Dar\u00fcber hinaus bietet die Umgebung unvergleichliche Attraktionen: den Chapo-See, den Alerce Andino-Park, den Llanquihue-See und den direkten Zugang zur magischen Carretera Austral. <\/p>\n<p>Dank der guten Verkehrsanbindung ist die Stadt Puerto Montt nur 20 Minuten entfernt, der Flughafen El Tepual 50 Minuten und es gibt \u00f6ffentliche Verkehrsmittel in der N\u00e4he mit direkter Anbindung an die Ruta 7.<\/p>\n<p>Ohne Vorbauten oder Gemeinschaftskosten ist jedes Grundst\u00fcck eine leere Leinwand, auf der Sie Ihren Lebensstil, Ihr Tourismusgesch\u00e4ft oder Ihren pers\u00f6nlichen R\u00fcckzugsort gestalten k\u00f6nnen. Mit erschwinglichen Beitr\u00e4gen und der Gewissheit, eine eigene Rolle zu spielen, bieten diese Grundst\u00fccke eine einzigartige Gelegenheit, in eine Gegend mit hohem Wertzuwachs und steigender Nachfrage zu investieren. <\/p>\n<p>Der Erwerb eines Grundst\u00fccks in Chamiza ist nicht nur der Kauf eines Grundst\u00fccks, sondern \u00f6ffnet die T\u00fcr zu einem erf\u00fcllteren Lebensstil, in Kontakt mit der Natur und mit dem Vorteil, nur wenige Minuten von der Stadt entfernt zu sein.<\/p>\n<p>Kontaktieren Sie uns und entdecken Sie, wie diese Grundst\u00fccke zum Schauplatz Ihrer sch\u00f6nsten Jahre werden k\u00f6nnen.<\/p>\n\t\t\t\t\t\t\t\t<\/div>\n\t\t\t\t\t<\/div>\n\t\t\t\t<\/div>\n\t\t\t\t<\/div>\n\t\t","protected":false},"excerpt":{"rendered":"<p>Grundst\u00fcck in Chamiza, 20 Minuten von Puerto Montt entfernt. Mit direktem Zugang \u00fcber eine asphaltierte Stra\u00dfe, Strom, Wasser und Flussufer. Flache Topografie, \u00fcberwiegend Wiese und kleiner Wald. Sch\u00f6ner Blick auf die Bergkette.   <\/p>\n","protected":false},"featured_media":49173,"template":"","meta":{"_acf_changed":false},"product_brand":[],"product_cat":[104],"product_tag":[232],"regiones":[226],"ciudades":[218],"class_list":{"0":"post-49281","1":"product","2":"type-product","3":"status-publish","4":"has-post-thumbnail","6":"product_cat-ohiggins-los-lagos","7":"product_tag-grundstuecke","8":"regiones-nuble-los_lagos","9":"ciudades-puerto-montt","11":"first","12":"instock","13":"shipping-taxable","14":"purchasable","15":"product-type-simple"},"acf":[],"yoast_head":"<!-- This site is optimized with the Yoast SEO Premium plugin v26.0 (Yoast SEO v27.3) - https:\/\/yoast.com\/product\/yoast-seo-premium-wordpress\/ -->\n<title>Grundst\u00fcck in Chamiza, Puerto Montt \u2013 Region Los Lagos - Produncan<\/title>\n<meta name=\"description\" content=\"Grundst\u00fcck in Chamiza, 20 Minuten von Puerto Montt entfernt, mit asphaltierter Zufahrt, Wasser, Strom, Flussufer, flachen Wiesen, kleinem Wald und Blick auf die Bergkette.\" \/>\n<meta name=\"robots\" content=\"index, follow, max-snippet:-1, max-image-preview:large, max-video-preview:-1\" \/>\n<link rel=\"canonical\" href=\"https:\/\/produncan.cl\/de\/produkt\/grundstueck-in-chamiza-puerto-montt-region-los-lagos\/\" \/>\n<meta property=\"og:locale\" content=\"de_DE\" \/>\n<meta property=\"og:type\" content=\"article\" \/>\n<meta property=\"og:title\" content=\"Grundst\u00fcck in Chamiza, Puerto Montt \u2013 Region Los Lagos\" \/>\n<meta property=\"og:description\" content=\"Grundst\u00fcck in Chamiza, 20 Minuten von Puerto Montt entfernt, mit asphaltierter Zufahrt, Wasser, Strom, Flussufer, flachen Wiesen, kleinem Wald und Blick auf die Bergkette.\" \/>\n<meta property=\"og:url\" content=\"https:\/\/produncan.cl\/de\/produkt\/grundstueck-in-chamiza-puerto-montt-region-los-lagos\/\" \/>\n<meta property=\"og:site_name\" content=\"Produncan\" \/>\n<meta property=\"article:publisher\" content=\"https:\/\/web.facebook.com\/produncanland\" \/>\n<meta property=\"article:modified_time\" content=\"2025-12-26T20:18:46+00:00\" \/>\n<meta property=\"og:image\" content=\"https:\/\/produncan.cl\/wp-content\/uploads\/2025\/08\/Parcela-Chamiza-Puerto-Montt.webp\" \/>\n<meta name=\"twitter:card\" content=\"summary_large_image\" \/>\n<meta name=\"twitter:label1\" content=\"Price\" \/>\n\t<meta name=\"twitter:data1\" content=\"USD172.400,00\" \/>\n\t<meta name=\"twitter:label2\" content=\"Availability\" \/>\n\t<meta name=\"twitter:data2\" content=\"In stock\" \/>\n<script type=\"application\/ld+json\" class=\"yoast-schema-graph\">{\"@context\":\"https:\\\/\\\/schema.org\",\"@graph\":[{\"@type\":\"WebPage\",\"@id\":\"https:\\\/\\\/produncan.cl\\\/de\\\/produkt\\\/grundstueck-in-chamiza-puerto-montt-region-los-lagos\\\/\",\"url\":\"https:\\\/\\\/produncan.cl\\\/de\\\/produkt\\\/grundstueck-in-chamiza-puerto-montt-region-los-lagos\\\/\",\"name\":\"Grundst\u00fcck in Chamiza, Puerto Montt \u2013 Region Los Lagos - Produncan\",\"isPartOf\":{\"@id\":\"https:\\\/\\\/produncan.cl\\\/de\\\/#website\"},\"primaryImageOfPage\":{\"@id\":\"https:\\\/\\\/produncan.cl\\\/de\\\/produkt\\\/grundstueck-in-chamiza-puerto-montt-region-los-lagos\\\/#primaryimage\"},\"image\":{\"@id\":\"https:\\\/\\\/produncan.cl\\\/de\\\/produkt\\\/grundstueck-in-chamiza-puerto-montt-region-los-lagos\\\/#primaryimage\"},\"thumbnailUrl\":\"https:\\\/\\\/produncan.cl\\\/wp-content\\\/uploads\\\/2025\\\/08\\\/Parcela-Chamiza-Puerto-Montt.webp\",\"datePublished\":\"2025-08-27T17:53:42+00:00\",\"dateModified\":\"2025-12-26T20:18:46+00:00\",\"description\":\"Grundst\u00fcck in Chamiza, 20 Minuten von Puerto Montt entfernt, mit asphaltierter Zufahrt, Wasser, Strom, Flussufer, flachen Wiesen, kleinem Wald und Blick auf die Bergkette.\",\"breadcrumb\":{\"@id\":\"https:\\\/\\\/produncan.cl\\\/de\\\/produkt\\\/grundstueck-in-chamiza-puerto-montt-region-los-lagos\\\/#breadcrumb\"},\"inLanguage\":\"de-DE\",\"potentialAction\":[{\"@type\":\"ReadAction\",\"target\":[\"https:\\\/\\\/produncan.cl\\\/de\\\/produkt\\\/grundstueck-in-chamiza-puerto-montt-region-los-lagos\\\/\"]}]},{\"@type\":\"ImageObject\",\"inLanguage\":\"de-DE\",\"@id\":\"https:\\\/\\\/produncan.cl\\\/de\\\/produkt\\\/grundstueck-in-chamiza-puerto-montt-region-los-lagos\\\/#primaryimage\",\"url\":\"https:\\\/\\\/produncan.cl\\\/wp-content\\\/uploads\\\/2025\\\/08\\\/Parcela-Chamiza-Puerto-Montt.webp\",\"contentUrl\":\"https:\\\/\\\/produncan.cl\\\/wp-content\\\/uploads\\\/2025\\\/08\\\/Parcela-Chamiza-Puerto-Montt.webp\",\"width\":800,\"height\":600,\"caption\":\"Grundst\u00fcck Chamiza Puerto Montt\"},{\"@type\":\"BreadcrumbList\",\"@id\":\"https:\\\/\\\/produncan.cl\\\/de\\\/produkt\\\/grundstueck-in-chamiza-puerto-montt-region-los-lagos\\\/#breadcrumb\",\"itemListElement\":[{\"@type\":\"ListItem\",\"position\":1,\"name\":\"Inicio\",\"item\":\"https:\\\/\\\/produncan.cl\\\/de\\\/\"},{\"@type\":\"ListItem\",\"position\":2,\"name\":\"Eigenschaften\",\"item\":\"https:\\\/\\\/produncan.cl\\\/propiedades\\\/\"},{\"@type\":\"ListItem\",\"position\":3,\"name\":\"Grundst\u00fccke\",\"item\":\"https:\\\/\\\/produncan.cl\\\/de\\\/kategorie\\\/grundstuecke\\\/\"},{\"@type\":\"ListItem\",\"position\":4,\"name\":\"Grundst\u00fcck in Chamiza, Puerto Montt \u2013 Region Los Lagos\"}]},{\"@type\":\"WebSite\",\"@id\":\"https:\\\/\\\/produncan.cl\\\/de\\\/#website\",\"url\":\"https:\\\/\\\/produncan.cl\\\/de\\\/\",\"name\":\"Produncan\",\"description\":\"Wir begleiten Sie bei Ihrem Lebensprojekt!\",\"publisher\":{\"@id\":\"https:\\\/\\\/produncan.cl\\\/de\\\/#organization\"},\"potentialAction\":[{\"@type\":\"SearchAction\",\"target\":{\"@type\":\"EntryPoint\",\"urlTemplate\":\"https:\\\/\\\/produncan.cl\\\/de\\\/?s={search_term_string}\"},\"query-input\":{\"@type\":\"PropertyValueSpecification\",\"valueRequired\":true,\"valueName\":\"search_term_string\"}}],\"inLanguage\":\"de-DE\"},{\"@type\":\"Organization\",\"@id\":\"https:\\\/\\\/produncan.cl\\\/de\\\/#organization\",\"name\":\"Produncan\",\"url\":\"https:\\\/\\\/produncan.cl\\\/de\\\/\",\"logo\":{\"@type\":\"ImageObject\",\"inLanguage\":\"de-DE\",\"@id\":\"https:\\\/\\\/produncan.cl\\\/de\\\/#\\\/schema\\\/logo\\\/image\\\/\",\"url\":\"https:\\\/\\\/produncan.cl\\\/wp-content\\\/uploads\\\/2021\\\/03\\\/LOGO.jpeg\",\"contentUrl\":\"https:\\\/\\\/produncan.cl\\\/wp-content\\\/uploads\\\/2021\\\/03\\\/LOGO.jpeg\",\"width\":1280,\"height\":903,\"caption\":\"Produncan\"},\"image\":{\"@id\":\"https:\\\/\\\/produncan.cl\\\/de\\\/#\\\/schema\\\/logo\\\/image\\\/\"},\"sameAs\":[\"https:\\\/\\\/web.facebook.com\\\/produncanland\",\"https:\\\/\\\/www.instagram.com\\\/pro_duncan\\\/\",\"https:\\\/\\\/www.linkedin.com\\\/company\\\/produncan-lands\\\/\",\"https:\\\/\\\/www.youtube.com\\\/channel\\\/UCu7N-f3x0svkazD-Eew1-QQ\"],\"description\":\"En Produncan somos especialistas en la venta de terrenos en el sur de Chile. Proveemos estancias, campos, parcelas y hoteles.\",\"email\":\"info@produncan.cl\"}]}<\/script>\n<meta property=\"og:video\" content=\"https:\/\/www.youtube.com\/embed\/dL90V9OVPZI\" \/>\n<meta property=\"og:video:type\" content=\"text\/html\" \/>\n<meta property=\"og:video:duration\" content=\"80\" \/>\n<meta property=\"og:video:width\" content=\"480\" \/>\n<meta property=\"og:video:height\" content=\"270\" \/>\n<meta property=\"ya:ovs:adult\" content=\"false\" \/>\n<meta property=\"ya:ovs:upload_date\" content=\"2025-08-27T17:53:42+00:00\" \/>\n<meta property=\"ya:ovs:allow_embed\" content=\"true\" \/>\n<meta property=\"product:price:amount\" content=\"172400.00\" \/>\n<meta property=\"product:price:currency\" content=\"USD\" \/>\n<meta property=\"og:availability\" content=\"instock\" \/>\n<meta property=\"product:availability\" content=\"instock\" \/>\n<meta property=\"product:condition\" content=\"new\" \/>\n<!-- \/ Yoast SEO Premium plugin. -->","yoast_head_json":{"title":"Grundst\u00fcck in Chamiza, Puerto Montt \u2013 Region Los Lagos - Produncan","description":"Grundst\u00fcck in Chamiza, 20 Minuten von Puerto Montt entfernt, mit asphaltierter Zufahrt, Wasser, Strom, Flussufer, flachen Wiesen, kleinem Wald und Blick auf die Bergkette.","robots":{"index":"index","follow":"follow","max-snippet":"max-snippet:-1","max-image-preview":"max-image-preview:large","max-video-preview":"max-video-preview:-1"},"canonical":"https:\/\/produncan.cl\/de\/produkt\/grundstueck-in-chamiza-puerto-montt-region-los-lagos\/","og_locale":"de_DE","og_type":"article","og_title":"Grundst\u00fcck in Chamiza, Puerto Montt \u2013 Region Los Lagos","og_description":"Grundst\u00fcck in Chamiza, 20 Minuten von Puerto Montt entfernt, mit asphaltierter Zufahrt, Wasser, Strom, Flussufer, flachen Wiesen, kleinem Wald und Blick auf die Bergkette.","og_url":"https:\/\/produncan.cl\/de\/produkt\/grundstueck-in-chamiza-puerto-montt-region-los-lagos\/","og_site_name":"Produncan","article_publisher":"https:\/\/web.facebook.com\/produncanland","article_modified_time":"2025-12-26T20:18:46+00:00","og_image":[{"url":"https:\/\/produncan.cl\/wp-content\/uploads\/2025\/08\/Parcela-Chamiza-Puerto-Montt.webp","type":"","width":"","height":""}],"twitter_card":"summary_large_image","twitter_misc":{"Price":"USD172.400,00","Availability":"In stock"},"schema":{"@context":"https:\/\/schema.org","@graph":[{"@type":"WebPage","@id":"https:\/\/produncan.cl\/de\/produkt\/grundstueck-in-chamiza-puerto-montt-region-los-lagos\/","url":"https:\/\/produncan.cl\/de\/produkt\/grundstueck-in-chamiza-puerto-montt-region-los-lagos\/","name":"Grundst\u00fcck in Chamiza, Puerto Montt \u2013 Region Los Lagos - Produncan","isPartOf":{"@id":"https:\/\/produncan.cl\/de\/#website"},"primaryImageOfPage":{"@id":"https:\/\/produncan.cl\/de\/produkt\/grundstueck-in-chamiza-puerto-montt-region-los-lagos\/#primaryimage"},"image":{"@id":"https:\/\/produncan.cl\/de\/produkt\/grundstueck-in-chamiza-puerto-montt-region-los-lagos\/#primaryimage"},"thumbnailUrl":"https:\/\/produncan.cl\/wp-content\/uploads\/2025\/08\/Parcela-Chamiza-Puerto-Montt.webp","datePublished":"2025-08-27T17:53:42+00:00","dateModified":"2025-12-26T20:18:46+00:00","description":"Grundst\u00fcck in Chamiza, 20 Minuten von Puerto Montt entfernt, mit asphaltierter Zufahrt, Wasser, Strom, Flussufer, flachen Wiesen, kleinem Wald und Blick auf die Bergkette.","breadcrumb":{"@id":"https:\/\/produncan.cl\/de\/produkt\/grundstueck-in-chamiza-puerto-montt-region-los-lagos\/#breadcrumb"},"inLanguage":"de-DE","potentialAction":[{"@type":"ReadAction","target":["https:\/\/produncan.cl\/de\/produkt\/grundstueck-in-chamiza-puerto-montt-region-los-lagos\/"]}]},{"@type":"ImageObject","inLanguage":"de-DE","@id":"https:\/\/produncan.cl\/de\/produkt\/grundstueck-in-chamiza-puerto-montt-region-los-lagos\/#primaryimage","url":"https:\/\/produncan.cl\/wp-content\/uploads\/2025\/08\/Parcela-Chamiza-Puerto-Montt.webp","contentUrl":"https:\/\/produncan.cl\/wp-content\/uploads\/2025\/08\/Parcela-Chamiza-Puerto-Montt.webp","width":800,"height":600,"caption":"Grundst\u00fcck Chamiza Puerto Montt"},{"@type":"BreadcrumbList","@id":"https:\/\/produncan.cl\/de\/produkt\/grundstueck-in-chamiza-puerto-montt-region-los-lagos\/#breadcrumb","itemListElement":[{"@type":"ListItem","position":1,"name":"Inicio","item":"https:\/\/produncan.cl\/de\/"},{"@type":"ListItem","position":2,"name":"Eigenschaften","item":"https:\/\/produncan.cl\/propiedades\/"},{"@type":"ListItem","position":3,"name":"Grundst\u00fccke","item":"https:\/\/produncan.cl\/de\/kategorie\/grundstuecke\/"},{"@type":"ListItem","position":4,"name":"Grundst\u00fcck in Chamiza, Puerto Montt \u2013 Region Los Lagos"}]},{"@type":"WebSite","@id":"https:\/\/produncan.cl\/de\/#website","url":"https:\/\/produncan.cl\/de\/","name":"Produncan","description":"Wir begleiten Sie bei Ihrem Lebensprojekt!","publisher":{"@id":"https:\/\/produncan.cl\/de\/#organization"},"potentialAction":[{"@type":"SearchAction","target":{"@type":"EntryPoint","urlTemplate":"https:\/\/produncan.cl\/de\/?s={search_term_string}"},"query-input":{"@type":"PropertyValueSpecification","valueRequired":true,"valueName":"search_term_string"}}],"inLanguage":"de-DE"},{"@type":"Organization","@id":"https:\/\/produncan.cl\/de\/#organization","name":"Produncan","url":"https:\/\/produncan.cl\/de\/","logo":{"@type":"ImageObject","inLanguage":"de-DE","@id":"https:\/\/produncan.cl\/de\/#\/schema\/logo\/image\/","url":"https:\/\/produncan.cl\/wp-content\/uploads\/2021\/03\/LOGO.jpeg","contentUrl":"https:\/\/produncan.cl\/wp-content\/uploads\/2021\/03\/LOGO.jpeg","width":1280,"height":903,"caption":"Produncan"},"image":{"@id":"https:\/\/produncan.cl\/de\/#\/schema\/logo\/image\/"},"sameAs":["https:\/\/web.facebook.com\/produncanland","https:\/\/www.instagram.com\/pro_duncan\/","https:\/\/www.linkedin.com\/company\/produncan-lands\/","https:\/\/www.youtube.com\/channel\/UCu7N-f3x0svkazD-Eew1-QQ"],"description":"En Produncan somos especialistas en la venta de terrenos en el sur de Chile. Proveemos estancias, campos, parcelas y hoteles.","email":"info@produncan.cl"}]},"og_video":"https:\/\/www.youtube.com\/embed\/dL90V9OVPZI","og_video_type":"text\/html","og_video_duration":"80","og_video_width":"480","og_video_height":"270","ya_ovs_adult":"false","ya_ovs_upload_date":"2025-08-27T17:53:42+00:00","ya_ovs_allow_embed":"true","product_price_amount":"172400.00","product_price_currency":"USD","og_availability":"instock","product_availability":"instock","product_condition":"new"},"_links":{"self":[{"href":"https:\/\/produncan.cl\/de\/wp-json\/wp\/v2\/product\/49281","targetHints":{"allow":["GET"]}}],"collection":[{"href":"https:\/\/produncan.cl\/de\/wp-json\/wp\/v2\/product"}],"about":[{"href":"https:\/\/produncan.cl\/de\/wp-json\/wp\/v2\/types\/product"}],"version-history":[{"count":2,"href":"https:\/\/produncan.cl\/de\/wp-json\/wp\/v2\/product\/49281\/revisions"}],"predecessor-version":[{"id":54104,"href":"https:\/\/produncan.cl\/de\/wp-json\/wp\/v2\/product\/49281\/revisions\/54104"}],"wp:featuredmedia":[{"embeddable":true,"href":"https:\/\/produncan.cl\/de\/wp-json\/wp\/v2\/media\/49173"}],"wp:attachment":[{"href":"https:\/\/produncan.cl\/de\/wp-json\/wp\/v2\/media?parent=49281"}],"wp:term":[{"taxonomy":"product_brand","embeddable":true,"href":"https:\/\/produncan.cl\/de\/wp-json\/wp\/v2\/product_brand?post=49281"},{"taxonomy":"product_cat","embeddable":true,"href":"https:\/\/produncan.cl\/de\/wp-json\/wp\/v2\/product_cat?post=49281"},{"taxonomy":"product_tag","embeddable":true,"href":"https:\/\/produncan.cl\/de\/wp-json\/wp\/v2\/product_tag?post=49281"},{"taxonomy":"regiones","embeddable":true,"href":"https:\/\/produncan.cl\/de\/wp-json\/wp\/v2\/regiones?post=49281"},{"taxonomy":"ciudades","embeddable":true,"href":"https:\/\/produncan.cl\/de\/wp-json\/wp\/v2\/ciudades?post=49281"}],"curies":[{"name":"wp","href":"https:\/\/api.w.org\/{rel}","templated":true}]}}