{"id":50957,"date":"2025-09-11T14:36:47","date_gmt":"2025-09-11T17:36:47","guid":{"rendered":"https:\/\/produncan.cl\/propiedad\/haus-in-puerto-varas-los-copihues-region-los-lagos\/"},"modified":"2025-11-24T11:09:58","modified_gmt":"2025-11-24T14:09:58","slug":"haus-in-puerto-varas-los-copihues-region-los-lagos","status":"publish","type":"product","link":"https:\/\/produncan.cl\/de\/produkt\/haus-in-puerto-varas-los-copihues-region-los-lagos\/","title":{"rendered":"Haus in Puerto Varas, Los Copihues &#8211; Region Los Lagos"},"content":{"rendered":"\t\t<div data-elementor-type=\"product-post\" data-elementor-id=\"50957\" class=\"elementor elementor-50957 elementor-49618\" data-elementor-post-type=\"product\">\n\t\t\t\t<div class=\"elementor-element elementor-element-41bbdc1 e-flex e-con-boxed e-con e-parent\" data-id=\"41bbdc1\" data-element_type=\"container\" data-e-type=\"container\" data-settings=\"{&quot;jet_parallax_layout_list&quot;:[]}\">\n\t\t\t\t\t<div class=\"e-con-inner\">\n\t\t\t\t<div class=\"elementor-element elementor-element-6617c09 elementor-widget elementor-widget-heading\" data-id=\"6617c09\" data-element_type=\"widget\" data-e-type=\"widget\" data-widget_type=\"heading.default\">\n\t\t\t\t\t<h2 class=\"elementor-heading-title elementor-size-default\">Home plus Tinte Haus innen Grundst\u00fcck von 5,070 m 2 15 Minuten von Puerto Varas<\/h2>\t\t\t\t<\/div>\n\t\t\t\t\t<\/div>\n\t\t\t\t<\/div>\n\t\t<div class=\"elementor-element elementor-element-55401ed e-flex e-con-boxed e-con e-parent\" data-id=\"55401ed\" data-element_type=\"container\" data-e-type=\"container\" data-settings=\"{&quot;jet_parallax_layout_list&quot;:[]}\">\n\t\t\t\t\t<div class=\"e-con-inner\">\n\t\t\t\t<div class=\"elementor-element elementor-element-c59e306 elementor-widget elementor-widget-text-editor\" data-id=\"c59e306\" data-element_type=\"widget\" data-e-type=\"widget\" data-widget_type=\"text-editor.default\">\n\t\t\t\t\t\t\t\t\t<p>Das Hotel liegt im Sektor New Braunau, <span style=\"color: #ff0000;\"><a href=\"https:\/\/produncan.cl\/ciudades\/puerto-varas\/\" rel=\"noopener\" style=\"color: #ff0000;\" target=\"_blank\"><strong>Port Varas<\/strong><\/a><\/span>, dieses Grundst\u00fcck bietet zwei moderne neue H\u00e4user, nie bewohnt, ideal f\u00fcr Investitionen oder Familienresidenz. Eingef\u00fcgt an einem Ort, der die Ruhe der Natur mit dem Komfort verbindet, nur 15 Minuten vom Zentrum von Puerto Varas und 20 Minuten vom Flughafen Puerto Montt entfernt zu sein.<\/p><p>Hier wird die Tageszeit au\u00dfergew\u00f6hnlich: die Ger\u00e4usche der M\u00fcndung, die an das Grundst\u00fcck grenzt, das Singen der V\u00f6gel am Morgen und das Licht der Sonne, die sanft durch die Lilien des Bodens wandert.<\/p><p>Das Haupthaus, von zwei Etagen und 208 m 2, wurde entworfen, um mit der Umgebung durch gro\u00dfe Fenster zu integrieren, die die R\u00e4ume von Licht und Landschaft f\u00fcllen. Seine drei Schlafzimmer &#8211; einschlie\u00dflich einer Suite mit Tee &#8211; und drei B\u00e4der, plus ein Schlafzimmer und ein Service-Badezimmer, bieten den Komfort eines modernen Hauses. Die offene K\u00fcche mit Insel l\u00e4dt Sie zu teilen, w\u00e4hrend Zentralheizung und Warmwasser sorgen f\u00fcr Komfort an jeder Station. Auf der Seite hofft ein \u00fcberdachter Raum von 16 m 2 zu einem Quincho oder Terrasse ideal f\u00fcr Familientreffen und direkt hinter einem gro\u00dfen Raum, der als Weingut oder zus\u00e4tzliches Schlafzimmer verwendet werden kann.<\/p><p>Ein Baumweg f\u00fchrt zu einer charmanten 35 m 2 Minibar (Tintenhaus), unabh\u00e4ngig vom Haupthaus. Mit einem Schlafzimmer im ersten Stock, einer zweiten vielseitigen Ebene und langsamen Brennheizung, ist es perfekt, Besuche zu empfangen, als touristische Unterkunft mieten oder sogar ein privates B\u00fcro von der Natur umgeben zu installieren.<\/p><p>Das Grundst\u00fcck von 5,070 m 2 bietet weiche Lomagen, gute Sonnenexposition und native Vegetation als Rayans. Der Boden ist sanft ins Regal gekippt und sorgt f\u00fcr nat\u00fcrliche Entw\u00e4sserung und eine immer wechselnde Sicht mit den Stationen. Der Zugang ist direkt von der Asphaltstra\u00dfe, mit nur 1,2 km kompakter Rippe zur Holzbahn, die die Unterkunft begr\u00fc\u00dft.<\/p><p>Das Condominium st\u00e4rkt diese Erfahrung mit kontrolliertem Zugang, gro\u00dfen g\u00e4ngigen Fl\u00e4chen, darunter 20 Hektar Wald, Wanderwege von 1,9 km, ein Radpark und Zugang zum Ufer eines gemeinsamen Flusses. Alle entworfen, um in der Gemeinschaft zu leben, ohne Privatsph\u00e4re zu verlieren.<\/p><p>Und das Beste: Ihr Standort. Sie befinden sich in der N\u00e4he von allem, was das Gebiet besonders macht: Llanquihue, der imposante Vulkan Osorno, das Antonio Felmer Museum und Reitaktivit\u00e4ten in Rancho Volke.<\/p><p>Dieses Anwesen ist nicht nur ein Grundst\u00fcck mit zu Hause: es ist eine Einladung zu einem anderen Leben, wo Modernit\u00e4t und Natur gemeinsam in Harmonie leben. Ideal f\u00fcr diejenigen, die ein Familienhaus, ein zweites Zuhause oder ein touristisches Investitionsprojekt in einer der anspruchsvollsten Regionen Chiles suchen.<\/p><p>Entdecken Sie das Beste aus dem S\u00fcden in Puerto Varas. Ihr n\u00e4chstes Abenteuer beginnt hier, kontaktieren Sie uns und planen Sie Ihren Besuch!<\/p>\t\t\t\t\t\t\t\t<\/div>\n\t\t\t\t\t<\/div>\n\t\t\t\t<\/div>\n\t\t\t\t<\/div>\n\t\t","protected":false},"excerpt":{"rendered":"<p>Grundst\u00fcck mit 2 neuen H\u00e4usern von 208 m 2 und 35 m 2 15 Minuten von Puerto Varas. Es hat Strom, Trinkwasser und Matten. Innenwohnung mit Clubhaus, Trekkingpfaden, Fahrradpark und gemeinsamem Flussufer.<\/p>\n","protected":false},"featured_media":49623,"template":"","meta":{"_acf_changed":false},"product_brand":[],"product_cat":[104],"product_tag":[232],"regiones":[226],"ciudades":[218,219],"class_list":{"0":"post-50957","1":"product","2":"type-product","3":"status-publish","4":"has-post-thumbnail","6":"product_cat-ohiggins-los-lagos","7":"product_tag-grundstuecke","8":"regiones-nuble-los_lagos","9":"ciudades-puerto-montt","10":"ciudades-puerto-varas","12":"first","13":"instock","14":"shipping-taxable","15":"purchasable","16":"product-type-simple"},"acf":[],"yoast_head":"<!-- This site is optimized with the Yoast SEO Premium plugin v26.0 (Yoast SEO v27.4) - https:\/\/yoast.com\/product\/yoast-seo-premium-wordpress\/ -->\n<title>Haus in Puerto Varas, Los Copihues - Region Los Lagos - Produncan<\/title>\n<meta name=\"description\" content=\"Grundst\u00fcck mit 2 neuen H\u00e4usern 15 Minuten von Puerto Varas. Es hat Strom, Trinkwasser und Matten. Innenwohnung mit Clubhaus, Trekkingpfaden, Fahrradpark und gemeinsamem Flussufer.\" \/>\n<meta name=\"robots\" content=\"index, follow, max-snippet:-1, max-image-preview:large, max-video-preview:-1\" \/>\n<link rel=\"canonical\" href=\"https:\/\/produncan.cl\/de\/produkt\/haus-in-puerto-varas-los-copihues-region-los-lagos\/\" \/>\n<meta property=\"og:locale\" content=\"de_DE\" \/>\n<meta property=\"og:type\" content=\"article\" \/>\n<meta property=\"og:title\" content=\"Haus in Puerto Varas, Los Copihues - Region Los Lagos\" \/>\n<meta property=\"og:description\" content=\"Grundst\u00fcck mit 2 neuen H\u00e4usern 15 Minuten von Puerto Varas. Es hat Strom, Trinkwasser und Matten. Innenwohnung mit Clubhaus, Trekkingpfaden, Fahrradpark und gemeinsamem Flussufer.\" \/>\n<meta property=\"og:url\" content=\"https:\/\/produncan.cl\/de\/produkt\/haus-in-puerto-varas-los-copihues-region-los-lagos\/\" \/>\n<meta property=\"og:site_name\" content=\"Produncan\" \/>\n<meta property=\"article:publisher\" content=\"https:\/\/web.facebook.com\/produncanland\" \/>\n<meta property=\"article:modified_time\" content=\"2025-11-24T14:09:58+00:00\" \/>\n<meta property=\"og:image\" content=\"https:\/\/produncan.cl\/wp-content\/uploads\/2025\/09\/Casa-Los-Copihues-Puerto-Varas.webp\" \/>\n<meta name=\"twitter:card\" content=\"summary_large_image\" \/>\n<meta name=\"twitter:label1\" content=\"Price\" \/>\n\t<meta name=\"twitter:data1\" content=\"USD354.900,00\" \/>\n\t<meta name=\"twitter:label2\" content=\"Availability\" \/>\n\t<meta name=\"twitter:data2\" content=\"In stock\" \/>\n<script type=\"application\/ld+json\" class=\"yoast-schema-graph\">{\"@context\":\"https:\\\/\\\/schema.org\",\"@graph\":[{\"@type\":\"WebPage\",\"@id\":\"https:\\\/\\\/produncan.cl\\\/de\\\/produkt\\\/haus-in-puerto-varas-los-copihues-region-los-lagos\\\/\",\"url\":\"https:\\\/\\\/produncan.cl\\\/de\\\/produkt\\\/haus-in-puerto-varas-los-copihues-region-los-lagos\\\/\",\"name\":\"Haus in Puerto Varas, Los Copihues - Region Los Lagos - Produncan\",\"isPartOf\":{\"@id\":\"https:\\\/\\\/produncan.cl\\\/de\\\/#website\"},\"primaryImageOfPage\":{\"@id\":\"https:\\\/\\\/produncan.cl\\\/de\\\/produkt\\\/haus-in-puerto-varas-los-copihues-region-los-lagos\\\/#primaryimage\"},\"image\":{\"@id\":\"https:\\\/\\\/produncan.cl\\\/de\\\/produkt\\\/haus-in-puerto-varas-los-copihues-region-los-lagos\\\/#primaryimage\"},\"thumbnailUrl\":\"https:\\\/\\\/produncan.cl\\\/wp-content\\\/uploads\\\/2025\\\/09\\\/Casa-Los-Copihues-Puerto-Varas.webp\",\"datePublished\":\"2025-09-11T17:36:47+00:00\",\"dateModified\":\"2025-11-24T14:09:58+00:00\",\"description\":\"Grundst\u00fcck mit 2 neuen H\u00e4usern 15 Minuten von Puerto Varas. Es hat Strom, Trinkwasser und Matten. Innenwohnung mit Clubhaus, Trekkingpfaden, Fahrradpark und gemeinsamem Flussufer.\",\"breadcrumb\":{\"@id\":\"https:\\\/\\\/produncan.cl\\\/de\\\/produkt\\\/haus-in-puerto-varas-los-copihues-region-los-lagos\\\/#breadcrumb\"},\"inLanguage\":\"de-DE\",\"potentialAction\":[{\"@type\":\"ReadAction\",\"target\":[\"https:\\\/\\\/produncan.cl\\\/de\\\/produkt\\\/haus-in-puerto-varas-los-copihues-region-los-lagos\\\/\"]}]},{\"@type\":\"ImageObject\",\"inLanguage\":\"de-DE\",\"@id\":\"https:\\\/\\\/produncan.cl\\\/de\\\/produkt\\\/haus-in-puerto-varas-los-copihues-region-los-lagos\\\/#primaryimage\",\"url\":\"https:\\\/\\\/produncan.cl\\\/wp-content\\\/uploads\\\/2025\\\/09\\\/Casa-Los-Copihues-Puerto-Varas.webp\",\"contentUrl\":\"https:\\\/\\\/produncan.cl\\\/wp-content\\\/uploads\\\/2025\\\/09\\\/Casa-Los-Copihues-Puerto-Varas.webp\",\"width\":800,\"height\":600,\"caption\":\"Casa Los Copihus Puerto Varas\"},{\"@type\":\"BreadcrumbList\",\"@id\":\"https:\\\/\\\/produncan.cl\\\/de\\\/produkt\\\/haus-in-puerto-varas-los-copihues-region-los-lagos\\\/#breadcrumb\",\"itemListElement\":[{\"@type\":\"ListItem\",\"position\":1,\"name\":\"Inicio\",\"item\":\"https:\\\/\\\/produncan.cl\\\/de\\\/\"},{\"@type\":\"ListItem\",\"position\":2,\"name\":\"Eigenschaften\",\"item\":\"https:\\\/\\\/produncan.cl\\\/propiedades\\\/\"},{\"@type\":\"ListItem\",\"position\":3,\"name\":\"Grundst\u00fccke\",\"item\":\"https:\\\/\\\/produncan.cl\\\/de\\\/kategorie\\\/grundstuecke\\\/\"},{\"@type\":\"ListItem\",\"position\":4,\"name\":\"Haus in Puerto Varas, Los Copihues &#8211; Region Los Lagos\"}]},{\"@type\":\"WebSite\",\"@id\":\"https:\\\/\\\/produncan.cl\\\/de\\\/#website\",\"url\":\"https:\\\/\\\/produncan.cl\\\/de\\\/\",\"name\":\"Produncan\",\"description\":\"Wir begleiten Sie bei Ihrem Lebensprojekt!\",\"publisher\":{\"@id\":\"https:\\\/\\\/produncan.cl\\\/de\\\/#organization\"},\"potentialAction\":[{\"@type\":\"SearchAction\",\"target\":{\"@type\":\"EntryPoint\",\"urlTemplate\":\"https:\\\/\\\/produncan.cl\\\/de\\\/?s={search_term_string}\"},\"query-input\":{\"@type\":\"PropertyValueSpecification\",\"valueRequired\":true,\"valueName\":\"search_term_string\"}}],\"inLanguage\":\"de-DE\"},{\"@type\":\"Organization\",\"@id\":\"https:\\\/\\\/produncan.cl\\\/de\\\/#organization\",\"name\":\"Produncan\",\"url\":\"https:\\\/\\\/produncan.cl\\\/de\\\/\",\"logo\":{\"@type\":\"ImageObject\",\"inLanguage\":\"de-DE\",\"@id\":\"https:\\\/\\\/produncan.cl\\\/de\\\/#\\\/schema\\\/logo\\\/image\\\/\",\"url\":\"https:\\\/\\\/produncan.cl\\\/wp-content\\\/uploads\\\/2021\\\/03\\\/LOGO.jpeg\",\"contentUrl\":\"https:\\\/\\\/produncan.cl\\\/wp-content\\\/uploads\\\/2021\\\/03\\\/LOGO.jpeg\",\"width\":1280,\"height\":903,\"caption\":\"Produncan\"},\"image\":{\"@id\":\"https:\\\/\\\/produncan.cl\\\/de\\\/#\\\/schema\\\/logo\\\/image\\\/\"},\"sameAs\":[\"https:\\\/\\\/web.facebook.com\\\/produncanland\",\"https:\\\/\\\/www.instagram.com\\\/pro_duncan\\\/\",\"https:\\\/\\\/www.linkedin.com\\\/company\\\/produncan-lands\\\/\",\"https:\\\/\\\/www.youtube.com\\\/channel\\\/UCu7N-f3x0svkazD-Eew1-QQ\"],\"description\":\"En Produncan somos especialistas en la venta de terrenos en el sur de Chile. Proveemos estancias, campos, parcelas y hoteles.\",\"email\":\"info@produncan.cl\"}]}<\/script>\n<meta property=\"og:video\" content=\"https:\/\/www.youtube.com\/embed\/ZaoM3P9LFbQ\" \/>\n<meta property=\"og:video:type\" content=\"text\/html\" \/>\n<meta property=\"og:video:duration\" content=\"68\" \/>\n<meta property=\"og:video:width\" content=\"480\" \/>\n<meta property=\"og:video:height\" content=\"270\" \/>\n<meta property=\"ya:ovs:adult\" content=\"false\" \/>\n<meta property=\"ya:ovs:upload_date\" content=\"2025-09-11T17:36:47+00:00\" \/>\n<meta property=\"ya:ovs:allow_embed\" content=\"true\" \/>\n<meta property=\"product:price:amount\" content=\"354900.00\" \/>\n<meta property=\"product:price:currency\" content=\"USD\" \/>\n<meta property=\"og:availability\" content=\"instock\" \/>\n<meta property=\"product:availability\" content=\"instock\" \/>\n<meta property=\"product:condition\" content=\"new\" \/>\n<!-- \/ Yoast SEO Premium plugin. -->","yoast_head_json":{"title":"Haus in Puerto Varas, Los Copihues - Region Los Lagos - Produncan","description":"Grundst\u00fcck mit 2 neuen H\u00e4usern 15 Minuten von Puerto Varas. Es hat Strom, Trinkwasser und Matten. Innenwohnung mit Clubhaus, Trekkingpfaden, Fahrradpark und gemeinsamem Flussufer.","robots":{"index":"index","follow":"follow","max-snippet":"max-snippet:-1","max-image-preview":"max-image-preview:large","max-video-preview":"max-video-preview:-1"},"canonical":"https:\/\/produncan.cl\/de\/produkt\/haus-in-puerto-varas-los-copihues-region-los-lagos\/","og_locale":"de_DE","og_type":"article","og_title":"Haus in Puerto Varas, Los Copihues - Region Los Lagos","og_description":"Grundst\u00fcck mit 2 neuen H\u00e4usern 15 Minuten von Puerto Varas. Es hat Strom, Trinkwasser und Matten. Innenwohnung mit Clubhaus, Trekkingpfaden, Fahrradpark und gemeinsamem Flussufer.","og_url":"https:\/\/produncan.cl\/de\/produkt\/haus-in-puerto-varas-los-copihues-region-los-lagos\/","og_site_name":"Produncan","article_publisher":"https:\/\/web.facebook.com\/produncanland","article_modified_time":"2025-11-24T14:09:58+00:00","og_image":[{"url":"https:\/\/produncan.cl\/wp-content\/uploads\/2025\/09\/Casa-Los-Copihues-Puerto-Varas.webp","type":"","width":"","height":""}],"twitter_card":"summary_large_image","twitter_misc":{"Price":"USD354.900,00","Availability":"In stock"},"schema":{"@context":"https:\/\/schema.org","@graph":[{"@type":"WebPage","@id":"https:\/\/produncan.cl\/de\/produkt\/haus-in-puerto-varas-los-copihues-region-los-lagos\/","url":"https:\/\/produncan.cl\/de\/produkt\/haus-in-puerto-varas-los-copihues-region-los-lagos\/","name":"Haus in Puerto Varas, Los Copihues - Region Los Lagos - Produncan","isPartOf":{"@id":"https:\/\/produncan.cl\/de\/#website"},"primaryImageOfPage":{"@id":"https:\/\/produncan.cl\/de\/produkt\/haus-in-puerto-varas-los-copihues-region-los-lagos\/#primaryimage"},"image":{"@id":"https:\/\/produncan.cl\/de\/produkt\/haus-in-puerto-varas-los-copihues-region-los-lagos\/#primaryimage"},"thumbnailUrl":"https:\/\/produncan.cl\/wp-content\/uploads\/2025\/09\/Casa-Los-Copihues-Puerto-Varas.webp","datePublished":"2025-09-11T17:36:47+00:00","dateModified":"2025-11-24T14:09:58+00:00","description":"Grundst\u00fcck mit 2 neuen H\u00e4usern 15 Minuten von Puerto Varas. Es hat Strom, Trinkwasser und Matten. Innenwohnung mit Clubhaus, Trekkingpfaden, Fahrradpark und gemeinsamem Flussufer.","breadcrumb":{"@id":"https:\/\/produncan.cl\/de\/produkt\/haus-in-puerto-varas-los-copihues-region-los-lagos\/#breadcrumb"},"inLanguage":"de-DE","potentialAction":[{"@type":"ReadAction","target":["https:\/\/produncan.cl\/de\/produkt\/haus-in-puerto-varas-los-copihues-region-los-lagos\/"]}]},{"@type":"ImageObject","inLanguage":"de-DE","@id":"https:\/\/produncan.cl\/de\/produkt\/haus-in-puerto-varas-los-copihues-region-los-lagos\/#primaryimage","url":"https:\/\/produncan.cl\/wp-content\/uploads\/2025\/09\/Casa-Los-Copihues-Puerto-Varas.webp","contentUrl":"https:\/\/produncan.cl\/wp-content\/uploads\/2025\/09\/Casa-Los-Copihues-Puerto-Varas.webp","width":800,"height":600,"caption":"Casa Los Copihus Puerto Varas"},{"@type":"BreadcrumbList","@id":"https:\/\/produncan.cl\/de\/produkt\/haus-in-puerto-varas-los-copihues-region-los-lagos\/#breadcrumb","itemListElement":[{"@type":"ListItem","position":1,"name":"Inicio","item":"https:\/\/produncan.cl\/de\/"},{"@type":"ListItem","position":2,"name":"Eigenschaften","item":"https:\/\/produncan.cl\/propiedades\/"},{"@type":"ListItem","position":3,"name":"Grundst\u00fccke","item":"https:\/\/produncan.cl\/de\/kategorie\/grundstuecke\/"},{"@type":"ListItem","position":4,"name":"Haus in Puerto Varas, Los Copihues &#8211; Region Los Lagos"}]},{"@type":"WebSite","@id":"https:\/\/produncan.cl\/de\/#website","url":"https:\/\/produncan.cl\/de\/","name":"Produncan","description":"Wir begleiten Sie bei Ihrem Lebensprojekt!","publisher":{"@id":"https:\/\/produncan.cl\/de\/#organization"},"potentialAction":[{"@type":"SearchAction","target":{"@type":"EntryPoint","urlTemplate":"https:\/\/produncan.cl\/de\/?s={search_term_string}"},"query-input":{"@type":"PropertyValueSpecification","valueRequired":true,"valueName":"search_term_string"}}],"inLanguage":"de-DE"},{"@type":"Organization","@id":"https:\/\/produncan.cl\/de\/#organization","name":"Produncan","url":"https:\/\/produncan.cl\/de\/","logo":{"@type":"ImageObject","inLanguage":"de-DE","@id":"https:\/\/produncan.cl\/de\/#\/schema\/logo\/image\/","url":"https:\/\/produncan.cl\/wp-content\/uploads\/2021\/03\/LOGO.jpeg","contentUrl":"https:\/\/produncan.cl\/wp-content\/uploads\/2021\/03\/LOGO.jpeg","width":1280,"height":903,"caption":"Produncan"},"image":{"@id":"https:\/\/produncan.cl\/de\/#\/schema\/logo\/image\/"},"sameAs":["https:\/\/web.facebook.com\/produncanland","https:\/\/www.instagram.com\/pro_duncan\/","https:\/\/www.linkedin.com\/company\/produncan-lands\/","https:\/\/www.youtube.com\/channel\/UCu7N-f3x0svkazD-Eew1-QQ"],"description":"En Produncan somos especialistas en la venta de terrenos en el sur de Chile. Proveemos estancias, campos, parcelas y hoteles.","email":"info@produncan.cl"}]},"og_video":"https:\/\/www.youtube.com\/embed\/ZaoM3P9LFbQ","og_video_type":"text\/html","og_video_duration":"68","og_video_width":"480","og_video_height":"270","ya_ovs_adult":"false","ya_ovs_upload_date":"2025-09-11T17:36:47+00:00","ya_ovs_allow_embed":"true","product_price_amount":"354900.00","product_price_currency":"USD","og_availability":"instock","product_availability":"instock","product_condition":"new"},"_links":{"self":[{"href":"https:\/\/produncan.cl\/de\/wp-json\/wp\/v2\/product\/50957","targetHints":{"allow":["GET"]}}],"collection":[{"href":"https:\/\/produncan.cl\/de\/wp-json\/wp\/v2\/product"}],"about":[{"href":"https:\/\/produncan.cl\/de\/wp-json\/wp\/v2\/types\/product"}],"version-history":[{"count":1,"href":"https:\/\/produncan.cl\/de\/wp-json\/wp\/v2\/product\/50957\/revisions"}],"predecessor-version":[{"id":50963,"href":"https:\/\/produncan.cl\/de\/wp-json\/wp\/v2\/product\/50957\/revisions\/50963"}],"wp:featuredmedia":[{"embeddable":true,"href":"https:\/\/produncan.cl\/de\/wp-json\/wp\/v2\/media\/49623"}],"wp:attachment":[{"href":"https:\/\/produncan.cl\/de\/wp-json\/wp\/v2\/media?parent=50957"}],"wp:term":[{"taxonomy":"product_brand","embeddable":true,"href":"https:\/\/produncan.cl\/de\/wp-json\/wp\/v2\/product_brand?post=50957"},{"taxonomy":"product_cat","embeddable":true,"href":"https:\/\/produncan.cl\/de\/wp-json\/wp\/v2\/product_cat?post=50957"},{"taxonomy":"product_tag","embeddable":true,"href":"https:\/\/produncan.cl\/de\/wp-json\/wp\/v2\/product_tag?post=50957"},{"taxonomy":"regiones","embeddable":true,"href":"https:\/\/produncan.cl\/de\/wp-json\/wp\/v2\/regiones?post=50957"},{"taxonomy":"ciudades","embeddable":true,"href":"https:\/\/produncan.cl\/de\/wp-json\/wp\/v2\/ciudades?post=50957"}],"curies":[{"name":"wp","href":"https:\/\/api.w.org\/{rel}","templated":true}]}}