{"id":50985,"date":"2025-09-16T13:21:07","date_gmt":"2025-09-16T16:21:07","guid":{"rendered":"https:\/\/produncan.cl\/propiedad\/feld-in-estakilla-bautista-die-seen-region\/"},"modified":"2026-03-12T13:02:08","modified_gmt":"2026-03-12T16:02:08","slug":"feld-in-estakilla-bautista-die-seen-region","status":"publish","type":"product","link":"https:\/\/produncan.cl\/de\/produkt\/feld-in-estakilla-bautista-die-seen-region\/","title":{"rendered":"Feld in Estakilla, Bautista &#8211; Die Seen Region"},"content":{"rendered":"\t\t<div data-elementor-type=\"product-post\" data-elementor-id=\"50985\" class=\"elementor elementor-50985 elementor-49776\" data-elementor-post-type=\"product\">\n\t\t\t\t<div class=\"elementor-element elementor-element-5e7a54a e-flex e-con-boxed e-con e-parent\" data-id=\"5e7a54a\" data-element_type=\"container\" data-e-type=\"container\" data-settings=\"{&quot;jet_parallax_layout_list&quot;:[]}\">\n\t\t\t\t\t<div class=\"e-con-inner\">\n\t\t\t\t<div class=\"elementor-element elementor-element-bad1864 elementor-widget elementor-widget-heading\" data-id=\"bad1864\" data-element_type=\"widget\" data-e-type=\"widget\" data-widget_type=\"heading.default\">\n\t\t\t\t\t<h2 class=\"elementor-heading-title elementor-size-default\">Wo sich die Natur mit der Investitionsprojektion verbindet<\/h2>\t\t\t\t<\/div>\n\t\t\t\t\t<\/div>\n\t\t\t\t<\/div>\n\t\t<div class=\"elementor-element elementor-element-c0e53e8 e-flex e-con-boxed e-con e-parent\" data-id=\"c0e53e8\" data-element_type=\"container\" data-e-type=\"container\" data-settings=\"{&quot;jet_parallax_layout_list&quot;:[]}\">\n\t\t\t\t\t<div class=\"e-con-inner\">\n\t\t\t\t<div class=\"elementor-element elementor-element-62ca2c2 elementor-widget elementor-widget-text-editor\" data-id=\"62ca2c2\" data-element_type=\"widget\" data-e-type=\"widget\" data-widget_type=\"text-editor.default\">\n\t\t\t\t\t\t\t\t\t<p>Stellen Sie sich vor, ein Feld von 60 Hektar an der S\u00fcdk\u00fcste von Chile, mit Meerblick, direktem Zugang von der \u00f6ffentlichen Stra\u00dfe und umgeben von M\u00fcndungs- und einheimischen W\u00e4ldern. Dies ist Campo Bautista, eine einzigartige Gelegenheit in der N\u00e4he von Estakilla, einer der Sektoren mit dem gr\u00f6\u00dften Potenzial f\u00fcr Tourismus und landwirtschaftliche Entwicklung in der Region Los Lagos.<\/p>\n<p>Dieses Gebiet in Estakilla liegt nur drei Kilometer von Caleta Estakilla entfernt, das f\u00fcr seine Fischereitradition und K\u00fcstenlandschaften bekannt ist. 38 Kilometer von der Stadt Los Muermos und nur 1: 15 Stunden vom Flughafen El Tepual in Puerto Montt entfernt, mit schnellem Zugang dank einer Asphaltstra\u00dfe, die fast bis zum Anwesen reicht, und nur zwei Kilometer Ripi in ausgezeichnetem Zustand, die derzeit im Prozess der Asphalt.<\/p>\n<p>Die Natur ist hier ein Protagonist. Siebenzig Prozent seiner Fl\u00e4che werden von einheimischen W\u00e4ldern mit Arten wie Coigue, Tepa und Tepu abgedeckt, w\u00e4hrend die restlichen 30 Prozent der Grasfl\u00e4chen entsprechen, die f\u00fcr Nutztiere oder Nutzpflanzen ideal sind. Ein Gro\u00dfteil des Feldes ist von Matten umgeben, die Frische, reichlich Vegetation und nat\u00fcrliche Ressourcen bietet, sowie eine ausgezeichnete Sonnenexposition dank seiner Richtung zum Ponyer.<\/p>\n<p>In Bezug auf die Ressourcen verf\u00fcgt das Anwesen \u00fcber Wasser, das durch einen F\u00fcnf-Meter-Fluss gesichert ist, einen f\u00fcnftausend Liter-Teich und ein Trinkwasser. Strom wird auch im Feld installiert, was jedes zu entwickelnde Projekt erleichtert. Seine Produktion wurde bereits getestet: 2024 wurden hundertunddrei\u00dfig Siloschalen gesammelt.<\/p>\n<p>Das Camp in Estakilla, Bautista, bietet unendliche M\u00f6glichkeiten. Sein landwirtschaftlicher Boden eignet sich zum Anheben und Vermehren von Tieren sowie zum Anpflanzen von Kartoffeln oder anderen Kulturen. Sein Wert ist jedoch nicht auf die Landwirtschaft beschr\u00e4nkt, denn seine Lage und Landschaften machen es zu einem Ort mit gro\u00dfem Potenzial f\u00fcr den l\u00e4ndlichen Tourismus, \u00d6kolodge oder nachhaltige Initiativen, eine echte leere Leinwand, wo Kreativit\u00e4t Gestalt annehmen kann.<\/p>\n<p>Dieses Feld ist nicht nur Land, es ist Natur, Projektion und Erbe an einem Ort. In der N\u00e4he von Estakilla beginnen hochrangige Tourismusprojekte, nach dem Beispiel Mari Mari Mari Mari, eines der exklusivsten Hotels in Chile zu entwickeln. Der Kauf hier investiert in die Zukunft mit einem gesicherten Mehrwert.<\/p>\n<p>Feld in Estakilla, Baptist, erwartet Sie. Dies ist eine Gelegenheit f\u00fcr diejenigen, die mehr als ein Grundst\u00fcck suchen: ein Raum zu investieren, Projekt und leben das Beste in S\u00fcd-Chilen.<\/p>\n<p>Kontaktieren Sie uns und planen Sie Ihren Besuch!<\/p>\n\t\t\t\t\t\t\t\t<\/div>\n\t\t\t\t\t<\/div>\n\t\t\t\t<\/div>\n\t\t\t\t<\/div>\n\t\t","protected":false},"excerpt":{"rendered":"<p>Feld in Estakilla von 60 Hektar neben der \u00f6ffentlichen Stra\u00dfe. 30% Grasland und 70% native, Plan Topographie und weicher Hang, umgeben von Matten und Meerblick. Es hat Strom, Flusswasser und keine Konstruktion.<\/p>\n","protected":false},"featured_media":54347,"template":"","meta":{"_acf_changed":false},"product_brand":[],"product_cat":[104],"product_tag":[235],"regiones":[226],"ciudades":[245],"class_list":{"0":"post-50985","1":"product","2":"type-product","3":"status-publish","4":"has-post-thumbnail","6":"product_cat-ohiggins-los-lagos","7":"product_tag-felder","8":"regiones-nuble-los_lagos","9":"ciudades-estaquilla","11":"first","12":"outofstock","13":"shipping-taxable","14":"product-type-simple"},"acf":[],"yoast_head":"<!-- This site is optimized with the Yoast SEO Premium plugin v26.0 (Yoast SEO v27.3) - https:\/\/yoast.com\/product\/yoast-seo-premium-wordpress\/ -->\n<title>Feld in Estakilla, Bautista - Die Seen Region - Produncan<\/title>\n<meta name=\"description\" content=\"Feld in Estakilla von 60 Hektar neben der \u00f6ffentlichen Stra\u00dfe. 30% Grasland und 70% native, Plan Topographie und weicher Hang, umgeben von Matten und Meerblick. Es hat Strom, Flusswasser und keine Konstruktion.\" \/>\n<meta name=\"robots\" content=\"index, follow, max-snippet:-1, max-image-preview:large, max-video-preview:-1\" \/>\n<link rel=\"canonical\" href=\"https:\/\/produncan.cl\/de\/produkt\/feld-in-estakilla-bautista-die-seen-region\/\" \/>\n<meta property=\"og:locale\" content=\"de_DE\" \/>\n<meta property=\"og:type\" content=\"article\" \/>\n<meta property=\"og:title\" content=\"Feld in Estakilla, Bautista - Die Seen Region\" \/>\n<meta property=\"og:description\" content=\"Feld in Estakilla von 60 Hektar neben der \u00f6ffentlichen Stra\u00dfe. 30% Grasland und 70% native, Plan Topographie und weicher Hang, umgeben von Matten und Meerblick. Es hat Strom, Flusswasser und keine Konstruktion.\" \/>\n<meta property=\"og:url\" content=\"https:\/\/produncan.cl\/de\/produkt\/feld-in-estakilla-bautista-die-seen-region\/\" \/>\n<meta property=\"og:site_name\" content=\"Produncan\" \/>\n<meta property=\"article:publisher\" content=\"https:\/\/web.facebook.com\/produncanland\" \/>\n<meta property=\"article:modified_time\" content=\"2026-03-12T16:02:08+00:00\" \/>\n<meta property=\"og:image\" content=\"https:\/\/produncan.cl\/wp-content\/uploads\/2025\/09\/Campo-Bautista-vendido.webp\" \/>\n\t<meta property=\"og:image:width\" content=\"600\" \/>\n\t<meta property=\"og:image:height\" content=\"450\" \/>\n\t<meta property=\"og:image:type\" content=\"image\/webp\" \/>\n<meta name=\"twitter:card\" content=\"summary_large_image\" \/>\n<meta name=\"twitter:label1\" content=\"Price\" \/>\n\t<meta name=\"twitter:data1\" content=\"\" \/>\n\t<meta name=\"twitter:label2\" content=\"Availability\" \/>\n\t<meta name=\"twitter:data2\" content=\"Out of stock\" \/>\n<script type=\"application\/ld+json\" class=\"yoast-schema-graph\">{\"@context\":\"https:\\\/\\\/schema.org\",\"@graph\":[{\"@type\":\"WebPage\",\"@id\":\"https:\\\/\\\/produncan.cl\\\/de\\\/produkt\\\/feld-in-estakilla-bautista-die-seen-region\\\/\",\"url\":\"https:\\\/\\\/produncan.cl\\\/de\\\/produkt\\\/feld-in-estakilla-bautista-die-seen-region\\\/\",\"name\":\"Feld in Estakilla, Bautista - Die Seen Region - Produncan\",\"isPartOf\":{\"@id\":\"https:\\\/\\\/produncan.cl\\\/de\\\/#website\"},\"primaryImageOfPage\":{\"@id\":\"https:\\\/\\\/produncan.cl\\\/de\\\/produkt\\\/feld-in-estakilla-bautista-die-seen-region\\\/#primaryimage\"},\"image\":{\"@id\":\"https:\\\/\\\/produncan.cl\\\/de\\\/produkt\\\/feld-in-estakilla-bautista-die-seen-region\\\/#primaryimage\"},\"thumbnailUrl\":\"https:\\\/\\\/produncan.cl\\\/wp-content\\\/uploads\\\/2025\\\/09\\\/Campo-Bautista-vendido.webp\",\"datePublished\":\"2025-09-16T16:21:07+00:00\",\"dateModified\":\"2026-03-12T16:02:08+00:00\",\"description\":\"Feld in Estakilla von 60 Hektar neben der \u00f6ffentlichen Stra\u00dfe. 30% Grasland und 70% native, Plan Topographie und weicher Hang, umgeben von Matten und Meerblick. Es hat Strom, Flusswasser und keine Konstruktion.\",\"breadcrumb\":{\"@id\":\"https:\\\/\\\/produncan.cl\\\/de\\\/produkt\\\/feld-in-estakilla-bautista-die-seen-region\\\/#breadcrumb\"},\"inLanguage\":\"de-DE\",\"potentialAction\":[{\"@type\":\"ReadAction\",\"target\":[\"https:\\\/\\\/produncan.cl\\\/de\\\/produkt\\\/feld-in-estakilla-bautista-die-seen-region\\\/\"]}]},{\"@type\":\"ImageObject\",\"inLanguage\":\"de-DE\",\"@id\":\"https:\\\/\\\/produncan.cl\\\/de\\\/produkt\\\/feld-in-estakilla-bautista-die-seen-region\\\/#primaryimage\",\"url\":\"https:\\\/\\\/produncan.cl\\\/wp-content\\\/uploads\\\/2025\\\/09\\\/Campo-Bautista-vendido.webp\",\"contentUrl\":\"https:\\\/\\\/produncan.cl\\\/wp-content\\\/uploads\\\/2025\\\/09\\\/Campo-Bautista-vendido.webp\",\"width\":600,\"height\":450,\"caption\":\"Campo Bautista vendido\"},{\"@type\":\"BreadcrumbList\",\"@id\":\"https:\\\/\\\/produncan.cl\\\/de\\\/produkt\\\/feld-in-estakilla-bautista-die-seen-region\\\/#breadcrumb\",\"itemListElement\":[{\"@type\":\"ListItem\",\"position\":1,\"name\":\"Inicio\",\"item\":\"https:\\\/\\\/produncan.cl\\\/de\\\/\"},{\"@type\":\"ListItem\",\"position\":2,\"name\":\"Eigenschaften\",\"item\":\"https:\\\/\\\/produncan.cl\\\/propiedades\\\/\"},{\"@type\":\"ListItem\",\"position\":3,\"name\":\"Felder\",\"item\":\"https:\\\/\\\/produncan.cl\\\/de\\\/kategorie\\\/felder\\\/\"},{\"@type\":\"ListItem\",\"position\":4,\"name\":\"Feld in Estakilla, Bautista &#8211; Die Seen Region\"}]},{\"@type\":\"WebSite\",\"@id\":\"https:\\\/\\\/produncan.cl\\\/de\\\/#website\",\"url\":\"https:\\\/\\\/produncan.cl\\\/de\\\/\",\"name\":\"Produncan\",\"description\":\"Wir begleiten Sie bei Ihrem Lebensprojekt!\",\"publisher\":{\"@id\":\"https:\\\/\\\/produncan.cl\\\/de\\\/#organization\"},\"potentialAction\":[{\"@type\":\"SearchAction\",\"target\":{\"@type\":\"EntryPoint\",\"urlTemplate\":\"https:\\\/\\\/produncan.cl\\\/de\\\/?s={search_term_string}\"},\"query-input\":{\"@type\":\"PropertyValueSpecification\",\"valueRequired\":true,\"valueName\":\"search_term_string\"}}],\"inLanguage\":\"de-DE\"},{\"@type\":\"Organization\",\"@id\":\"https:\\\/\\\/produncan.cl\\\/de\\\/#organization\",\"name\":\"Produncan\",\"url\":\"https:\\\/\\\/produncan.cl\\\/de\\\/\",\"logo\":{\"@type\":\"ImageObject\",\"inLanguage\":\"de-DE\",\"@id\":\"https:\\\/\\\/produncan.cl\\\/de\\\/#\\\/schema\\\/logo\\\/image\\\/\",\"url\":\"https:\\\/\\\/produncan.cl\\\/wp-content\\\/uploads\\\/2021\\\/03\\\/LOGO.jpeg\",\"contentUrl\":\"https:\\\/\\\/produncan.cl\\\/wp-content\\\/uploads\\\/2021\\\/03\\\/LOGO.jpeg\",\"width\":1280,\"height\":903,\"caption\":\"Produncan\"},\"image\":{\"@id\":\"https:\\\/\\\/produncan.cl\\\/de\\\/#\\\/schema\\\/logo\\\/image\\\/\"},\"sameAs\":[\"https:\\\/\\\/web.facebook.com\\\/produncanland\",\"https:\\\/\\\/www.instagram.com\\\/pro_duncan\\\/\",\"https:\\\/\\\/www.linkedin.com\\\/company\\\/produncan-lands\\\/\",\"https:\\\/\\\/www.youtube.com\\\/channel\\\/UCu7N-f3x0svkazD-Eew1-QQ\"],\"description\":\"En Produncan somos especialistas en la venta de terrenos en el sur de Chile. Proveemos estancias, campos, parcelas y hoteles.\",\"email\":\"info@produncan.cl\"}]}<\/script>\n<meta property=\"og:video\" content=\"https:\/\/www.youtube.com\/embed\/KiQp3Q588qs\" \/>\n<meta property=\"og:video:type\" content=\"text\/html\" \/>\n<meta property=\"og:video:duration\" content=\"94\" \/>\n<meta property=\"og:video:width\" content=\"480\" \/>\n<meta property=\"og:video:height\" content=\"270\" \/>\n<meta property=\"ya:ovs:adult\" content=\"false\" \/>\n<meta property=\"ya:ovs:upload_date\" content=\"2025-09-16T16:21:07+00:00\" \/>\n<meta property=\"ya:ovs:allow_embed\" content=\"true\" \/>\n<meta property=\"product:price:currency\" content=\"USD\" \/>\n<meta property=\"og:availability\" content=\"out of stock\" \/>\n<meta property=\"product:availability\" content=\"out of stock\" \/>\n<meta property=\"product:condition\" content=\"new\" \/>\n<!-- \/ Yoast SEO Premium plugin. -->","yoast_head_json":{"title":"Feld in Estakilla, Bautista - Die Seen Region - Produncan","description":"Feld in Estakilla von 60 Hektar neben der \u00f6ffentlichen Stra\u00dfe. 30% Grasland und 70% native, Plan Topographie und weicher Hang, umgeben von Matten und Meerblick. Es hat Strom, Flusswasser und keine Konstruktion.","robots":{"index":"index","follow":"follow","max-snippet":"max-snippet:-1","max-image-preview":"max-image-preview:large","max-video-preview":"max-video-preview:-1"},"canonical":"https:\/\/produncan.cl\/de\/produkt\/feld-in-estakilla-bautista-die-seen-region\/","og_locale":"de_DE","og_type":"article","og_title":"Feld in Estakilla, Bautista - Die Seen Region","og_description":"Feld in Estakilla von 60 Hektar neben der \u00f6ffentlichen Stra\u00dfe. 30% Grasland und 70% native, Plan Topographie und weicher Hang, umgeben von Matten und Meerblick. Es hat Strom, Flusswasser und keine Konstruktion.","og_url":"https:\/\/produncan.cl\/de\/produkt\/feld-in-estakilla-bautista-die-seen-region\/","og_site_name":"Produncan","article_publisher":"https:\/\/web.facebook.com\/produncanland","article_modified_time":"2026-03-12T16:02:08+00:00","og_image":[{"width":600,"height":450,"url":"https:\/\/produncan.cl\/wp-content\/uploads\/2025\/09\/Campo-Bautista-vendido.webp","type":"image\/webp"}],"twitter_card":"summary_large_image","twitter_misc":{"Price":"","Availability":"Out of stock"},"schema":{"@context":"https:\/\/schema.org","@graph":[{"@type":"WebPage","@id":"https:\/\/produncan.cl\/de\/produkt\/feld-in-estakilla-bautista-die-seen-region\/","url":"https:\/\/produncan.cl\/de\/produkt\/feld-in-estakilla-bautista-die-seen-region\/","name":"Feld in Estakilla, Bautista - Die Seen Region - Produncan","isPartOf":{"@id":"https:\/\/produncan.cl\/de\/#website"},"primaryImageOfPage":{"@id":"https:\/\/produncan.cl\/de\/produkt\/feld-in-estakilla-bautista-die-seen-region\/#primaryimage"},"image":{"@id":"https:\/\/produncan.cl\/de\/produkt\/feld-in-estakilla-bautista-die-seen-region\/#primaryimage"},"thumbnailUrl":"https:\/\/produncan.cl\/wp-content\/uploads\/2025\/09\/Campo-Bautista-vendido.webp","datePublished":"2025-09-16T16:21:07+00:00","dateModified":"2026-03-12T16:02:08+00:00","description":"Feld in Estakilla von 60 Hektar neben der \u00f6ffentlichen Stra\u00dfe. 30% Grasland und 70% native, Plan Topographie und weicher Hang, umgeben von Matten und Meerblick. Es hat Strom, Flusswasser und keine Konstruktion.","breadcrumb":{"@id":"https:\/\/produncan.cl\/de\/produkt\/feld-in-estakilla-bautista-die-seen-region\/#breadcrumb"},"inLanguage":"de-DE","potentialAction":[{"@type":"ReadAction","target":["https:\/\/produncan.cl\/de\/produkt\/feld-in-estakilla-bautista-die-seen-region\/"]}]},{"@type":"ImageObject","inLanguage":"de-DE","@id":"https:\/\/produncan.cl\/de\/produkt\/feld-in-estakilla-bautista-die-seen-region\/#primaryimage","url":"https:\/\/produncan.cl\/wp-content\/uploads\/2025\/09\/Campo-Bautista-vendido.webp","contentUrl":"https:\/\/produncan.cl\/wp-content\/uploads\/2025\/09\/Campo-Bautista-vendido.webp","width":600,"height":450,"caption":"Campo Bautista vendido"},{"@type":"BreadcrumbList","@id":"https:\/\/produncan.cl\/de\/produkt\/feld-in-estakilla-bautista-die-seen-region\/#breadcrumb","itemListElement":[{"@type":"ListItem","position":1,"name":"Inicio","item":"https:\/\/produncan.cl\/de\/"},{"@type":"ListItem","position":2,"name":"Eigenschaften","item":"https:\/\/produncan.cl\/propiedades\/"},{"@type":"ListItem","position":3,"name":"Felder","item":"https:\/\/produncan.cl\/de\/kategorie\/felder\/"},{"@type":"ListItem","position":4,"name":"Feld in Estakilla, Bautista &#8211; Die Seen Region"}]},{"@type":"WebSite","@id":"https:\/\/produncan.cl\/de\/#website","url":"https:\/\/produncan.cl\/de\/","name":"Produncan","description":"Wir begleiten Sie bei Ihrem Lebensprojekt!","publisher":{"@id":"https:\/\/produncan.cl\/de\/#organization"},"potentialAction":[{"@type":"SearchAction","target":{"@type":"EntryPoint","urlTemplate":"https:\/\/produncan.cl\/de\/?s={search_term_string}"},"query-input":{"@type":"PropertyValueSpecification","valueRequired":true,"valueName":"search_term_string"}}],"inLanguage":"de-DE"},{"@type":"Organization","@id":"https:\/\/produncan.cl\/de\/#organization","name":"Produncan","url":"https:\/\/produncan.cl\/de\/","logo":{"@type":"ImageObject","inLanguage":"de-DE","@id":"https:\/\/produncan.cl\/de\/#\/schema\/logo\/image\/","url":"https:\/\/produncan.cl\/wp-content\/uploads\/2021\/03\/LOGO.jpeg","contentUrl":"https:\/\/produncan.cl\/wp-content\/uploads\/2021\/03\/LOGO.jpeg","width":1280,"height":903,"caption":"Produncan"},"image":{"@id":"https:\/\/produncan.cl\/de\/#\/schema\/logo\/image\/"},"sameAs":["https:\/\/web.facebook.com\/produncanland","https:\/\/www.instagram.com\/pro_duncan\/","https:\/\/www.linkedin.com\/company\/produncan-lands\/","https:\/\/www.youtube.com\/channel\/UCu7N-f3x0svkazD-Eew1-QQ"],"description":"En Produncan somos especialistas en la venta de terrenos en el sur de Chile. Proveemos estancias, campos, parcelas y hoteles.","email":"info@produncan.cl"}]},"og_video":"https:\/\/www.youtube.com\/embed\/KiQp3Q588qs","og_video_type":"text\/html","og_video_duration":"94","og_video_width":"480","og_video_height":"270","ya_ovs_adult":"false","ya_ovs_upload_date":"2025-09-16T16:21:07+00:00","ya_ovs_allow_embed":"true","product_price_currency":"USD","og_availability":"out of stock","product_availability":"out of stock","product_condition":"new"},"_links":{"self":[{"href":"https:\/\/produncan.cl\/de\/wp-json\/wp\/v2\/product\/50985","targetHints":{"allow":["GET"]}}],"collection":[{"href":"https:\/\/produncan.cl\/de\/wp-json\/wp\/v2\/product"}],"about":[{"href":"https:\/\/produncan.cl\/de\/wp-json\/wp\/v2\/types\/product"}],"version-history":[{"count":2,"href":"https:\/\/produncan.cl\/de\/wp-json\/wp\/v2\/product\/50985\/revisions"}],"predecessor-version":[{"id":54352,"href":"https:\/\/produncan.cl\/de\/wp-json\/wp\/v2\/product\/50985\/revisions\/54352"}],"wp:featuredmedia":[{"embeddable":true,"href":"https:\/\/produncan.cl\/de\/wp-json\/wp\/v2\/media\/54347"}],"wp:attachment":[{"href":"https:\/\/produncan.cl\/de\/wp-json\/wp\/v2\/media?parent=50985"}],"wp:term":[{"taxonomy":"product_brand","embeddable":true,"href":"https:\/\/produncan.cl\/de\/wp-json\/wp\/v2\/product_brand?post=50985"},{"taxonomy":"product_cat","embeddable":true,"href":"https:\/\/produncan.cl\/de\/wp-json\/wp\/v2\/product_cat?post=50985"},{"taxonomy":"product_tag","embeddable":true,"href":"https:\/\/produncan.cl\/de\/wp-json\/wp\/v2\/product_tag?post=50985"},{"taxonomy":"regiones","embeddable":true,"href":"https:\/\/produncan.cl\/de\/wp-json\/wp\/v2\/regiones?post=50985"},{"taxonomy":"ciudades","embeddable":true,"href":"https:\/\/produncan.cl\/de\/wp-json\/wp\/v2\/ciudades?post=50985"}],"curies":[{"name":"wp","href":"https:\/\/api.w.org\/{rel}","templated":true}]}}