{"id":51013,"date":"2025-09-23T14:00:29","date_gmt":"2025-09-23T17:00:29","guid":{"rendered":"https:\/\/produncan.cl\/propiedad\/land-in-paillaco-ralitran-region-los-rios\/"},"modified":"2026-03-12T13:01:24","modified_gmt":"2026-03-12T16:01:24","slug":"land-in-paillaco-ralitran-region-los-rios","status":"publish","type":"product","link":"https:\/\/produncan.cl\/de\/produkt\/land-in-paillaco-ralitran-region-los-rios\/","title":{"rendered":"Land in Paillaco, Ralitran &#8211; Region Los R\u00edos"},"content":{"rendered":"\t\t<div data-elementor-type=\"product-post\" data-elementor-id=\"51013\" class=\"elementor elementor-51013 elementor-49906\" data-elementor-post-type=\"product\">\n\t\t\t\t<div class=\"elementor-element elementor-element-0d22a59 e-flex e-con-boxed e-con e-parent\" data-id=\"0d22a59\" data-element_type=\"container\" data-e-type=\"container\" data-settings=\"{&quot;jet_parallax_layout_list&quot;:[]}\">\n\t\t\t\t\t<div class=\"e-con-inner\">\n\t\t\t\t<div class=\"elementor-element elementor-element-c1f6793 elementor-widget elementor-widget-heading\" data-id=\"c1f6793\" data-element_type=\"widget\" data-e-type=\"widget\" data-widget_type=\"heading.default\">\n\t\t\t\t\t<h2 class=\"elementor-heading-title elementor-size-default\">Natur und Privatsph\u00e4re verflochten, um einen au\u00dfergew\u00f6hnlichen Schutz zu bieten<\/h2>\t\t\t\t<\/div>\n\t\t\t\t\t<\/div>\n\t\t\t\t<\/div>\n\t\t<div class=\"elementor-element elementor-element-35b2cf2 e-flex e-con-boxed e-con e-parent\" data-id=\"35b2cf2\" data-element_type=\"container\" data-e-type=\"container\" data-settings=\"{&quot;jet_parallax_layout_list&quot;:[]}\">\n\t\t\t\t\t<div class=\"e-con-inner\">\n\t\t\t\t<div class=\"elementor-element elementor-element-5a518ea elementor-widget elementor-widget-text-editor\" data-id=\"5a518ea\" data-element_type=\"widget\" data-e-type=\"widget\" data-widget_type=\"text-editor.default\">\n\t\t\t\t\t\t\t\t\t<p>Im Herzen des s\u00fcdlichen Chiles, nur wenige Minuten vom See Ranco entfernt, befindet sich der Campo Ralitran, ein einzigartiger Ort von 42 Hektar, wo das Land Ruhe umgibt.<\/p>\n<p>Dieses Feld in Paillaco ist ein wahres Heiligtum f\u00fcr diejenigen, die Frieden, Amplitude und Verbindung zur Erde suchen. Seine Topographie vereint 13 Hektar komplett flach und 29 Hektar mit weichen Wellenl\u00e4ngen in der H\u00f6he, die privilegierte Blicke auf den Cordonschnur, der den See Ranco umgibt. 85% seiner Oberfl\u00e4che ist fruchtbar Im Norden ist es von einem landwirtschaftlichen und Viehbestand umgeben, w\u00e4hrend es im S\u00fcden von einem zentrischen einheimischen Wald mit Arten wie Coigue, ulmo, Tineo und Arrayan begrenzt ist, was einen perfekten Kontrast zwischen Produktion und Erhaltung gibt.<\/p>\n<p>Das Land ist vielseitig und fruchtbar: B\u00f6den geeignet f\u00fcr die Landwirtschaft und Vieh, mit einer Geschichte der Kulturen wie Weizen und Hafer, sowie Tierweide. Seine 781 Meter matte Kante, die auch im Sommer flie\u00dft, sorgen f\u00fcr konstantes Wasser und eine frische und gr\u00fcne Umgebung das ganze Jahr \u00fcber.<\/p>\n<p>Das Leben in Ralitran zeichnet sich durch die Ruhe und Abschaltung der Stadt aus, ohne jedoch die Zug\u00e4nglichkeit zu verlieren: nur 28 km von Futr\u00f3n, 26 km von Paillaco und nur \u00fcber eine Stunde vom Flughafen Valdivia entfernt, mit einem weitgehend asphaltierten Zugang und nur 2,6 km von Rio in ausgezeichnetem Zustand.<\/p>\n<p>Dieses Feld in Paillaco ist mehr als Land: es ist eine offene Leinwand zum Tr\u00e4umen. Von einem land- oder forstwirtschaftlichen Familienprojekt bis zu einem Ruhe-, Erhaltungs- oder l\u00e4ndlichen Tourismusgebiet. Hier bietet jeder Hektar unendliche M\u00f6glichkeiten.<\/p>\n<p>Ralitran-Feld ist Privatsph\u00e4re, Natur und Projektion. Ein Ort f\u00fcr diejenigen, die in Leben, Landschaft und Zukunft in einem der sch\u00f6nsten Gebiete im S\u00fcden Chiles investieren wollen.<\/p>\n<p>Kontaktieren Sie uns und planen Sie Ihren Besuch!<\/p>\n\t\t\t\t\t\t\t\t<\/div>\n\t\t\t\t\t<\/div>\n\t\t\t\t<\/div>\n\t\t\t\t<\/div>\n\t\t","protected":false},"excerpt":{"rendered":"<p>Land in Paillaco, in der N\u00e4he des Sees Ranco. 85 % der fruchtbaren Wiesen, 13 Hektar flach, 29 Wellenl\u00e4ngen und in der H\u00f6he mit Blick auf den Cordon. 781 Meter durchgehend matt und verklebter Zugang.<\/p>\n","protected":false},"featured_media":54838,"template":"","meta":{"_acf_changed":false},"product_brand":[],"product_cat":[104],"product_tag":[235],"regiones":[226],"ciudades":[490],"class_list":{"0":"post-51013","1":"product","2":"type-product","3":"status-publish","4":"has-post-thumbnail","6":"product_cat-ohiggins-los-lagos","7":"product_tag-felder","8":"regiones-nuble-los_lagos","9":"ciudades-paillaco","11":"first","12":"outofstock","13":"shipping-taxable","14":"product-type-simple"},"acf":[],"yoast_head":"<!-- This site is optimized with the Yoast SEO Premium plugin v26.0 (Yoast SEO v27.4) - https:\/\/yoast.com\/product\/yoast-seo-premium-wordpress\/ -->\n<title>Land in Paillaco, Ralitran - Region Los R\u00edos - Produncan<\/title>\n<meta name=\"description\" content=\"Campo Ralitr\u00e1n in Paillaco, 42 ha einheimische Wiesen und Wald, matte Kante, gro\u00dfe Zug\u00e4nglichkeit und Blick auf den Ranco See. Landwirtschaft, Viehwirtschaft oder Tourismus.\" \/>\n<meta name=\"robots\" content=\"index, follow, max-snippet:-1, max-image-preview:large, max-video-preview:-1\" \/>\n<link rel=\"canonical\" href=\"https:\/\/produncan.cl\/de\/produkt\/land-in-paillaco-ralitran-region-los-rios\/\" \/>\n<meta property=\"og:locale\" content=\"de_DE\" \/>\n<meta property=\"og:type\" content=\"article\" \/>\n<meta property=\"og:title\" content=\"Land in Paillaco, Ralitran - Region Los R\u00edos\" \/>\n<meta property=\"og:description\" content=\"Campo Ralitr\u00e1n in Paillaco, 42 ha einheimische Wiesen und Wald, matte Kante, gro\u00dfe Zug\u00e4nglichkeit und Blick auf den Ranco See. Ideal f\u00fcr Landwirtschaft, Viehwirtschaft oder Tourismus.\" \/>\n<meta property=\"og:url\" content=\"https:\/\/produncan.cl\/de\/produkt\/land-in-paillaco-ralitran-region-los-rios\/\" \/>\n<meta property=\"og:site_name\" content=\"Produncan\" \/>\n<meta property=\"article:publisher\" content=\"https:\/\/web.facebook.com\/produncanland\" \/>\n<meta property=\"article:modified_time\" content=\"2026-03-12T16:01:24+00:00\" \/>\n<meta property=\"og:image\" content=\"https:\/\/produncan.cl\/wp-content\/uploads\/2025\/09\/Campo-Ralitran-Paillaco.webp\" \/>\n<meta name=\"twitter:card\" content=\"summary_large_image\" \/>\n<meta name=\"twitter:label1\" content=\"Price\" \/>\n\t<meta name=\"twitter:data1\" content=\"\" \/>\n\t<meta name=\"twitter:label2\" content=\"Availability\" \/>\n\t<meta name=\"twitter:data2\" content=\"Out of stock\" \/>\n<script type=\"application\/ld+json\" class=\"yoast-schema-graph\">{\"@context\":\"https:\\\/\\\/schema.org\",\"@graph\":[{\"@type\":\"WebPage\",\"@id\":\"https:\\\/\\\/produncan.cl\\\/de\\\/produkt\\\/land-in-paillaco-ralitran-region-los-rios\\\/\",\"url\":\"https:\\\/\\\/produncan.cl\\\/de\\\/produkt\\\/land-in-paillaco-ralitran-region-los-rios\\\/\",\"name\":\"Land in Paillaco, Ralitran - Region Los R\u00edos - Produncan\",\"isPartOf\":{\"@id\":\"https:\\\/\\\/produncan.cl\\\/de\\\/#website\"},\"primaryImageOfPage\":{\"@id\":\"https:\\\/\\\/produncan.cl\\\/de\\\/produkt\\\/land-in-paillaco-ralitran-region-los-rios\\\/#primaryimage\"},\"image\":{\"@id\":\"https:\\\/\\\/produncan.cl\\\/de\\\/produkt\\\/land-in-paillaco-ralitran-region-los-rios\\\/#primaryimage\"},\"thumbnailUrl\":\"https:\\\/\\\/produncan.cl\\\/wp-content\\\/uploads\\\/2025\\\/09\\\/Ralitran-vendido.webp\",\"datePublished\":\"2025-09-23T17:00:29+00:00\",\"dateModified\":\"2026-03-12T16:01:24+00:00\",\"description\":\"Campo Ralitr\u00e1n in Paillaco, 42 ha einheimische Wiesen und Wald, matte Kante, gro\u00dfe Zug\u00e4nglichkeit und Blick auf den Ranco See. Landwirtschaft, Viehwirtschaft oder Tourismus.\",\"breadcrumb\":{\"@id\":\"https:\\\/\\\/produncan.cl\\\/de\\\/produkt\\\/land-in-paillaco-ralitran-region-los-rios\\\/#breadcrumb\"},\"inLanguage\":\"de-DE\",\"potentialAction\":[{\"@type\":\"ReadAction\",\"target\":[\"https:\\\/\\\/produncan.cl\\\/de\\\/produkt\\\/land-in-paillaco-ralitran-region-los-rios\\\/\"]}]},{\"@type\":\"ImageObject\",\"inLanguage\":\"de-DE\",\"@id\":\"https:\\\/\\\/produncan.cl\\\/de\\\/produkt\\\/land-in-paillaco-ralitran-region-los-rios\\\/#primaryimage\",\"url\":\"https:\\\/\\\/produncan.cl\\\/wp-content\\\/uploads\\\/2025\\\/09\\\/Ralitran-vendido.webp\",\"contentUrl\":\"https:\\\/\\\/produncan.cl\\\/wp-content\\\/uploads\\\/2025\\\/09\\\/Ralitran-vendido.webp\",\"width\":600,\"height\":450,\"caption\":\"Ralitran vendido\"},{\"@type\":\"BreadcrumbList\",\"@id\":\"https:\\\/\\\/produncan.cl\\\/de\\\/produkt\\\/land-in-paillaco-ralitran-region-los-rios\\\/#breadcrumb\",\"itemListElement\":[{\"@type\":\"ListItem\",\"position\":1,\"name\":\"Inicio\",\"item\":\"https:\\\/\\\/produncan.cl\\\/de\\\/\"},{\"@type\":\"ListItem\",\"position\":2,\"name\":\"Eigenschaften\",\"item\":\"https:\\\/\\\/produncan.cl\\\/propiedades\\\/\"},{\"@type\":\"ListItem\",\"position\":3,\"name\":\"Felder\",\"item\":\"https:\\\/\\\/produncan.cl\\\/de\\\/kategorie\\\/felder\\\/\"},{\"@type\":\"ListItem\",\"position\":4,\"name\":\"Land in Paillaco, Ralitran &#8211; Region Los R\u00edos\"}]},{\"@type\":\"WebSite\",\"@id\":\"https:\\\/\\\/produncan.cl\\\/de\\\/#website\",\"url\":\"https:\\\/\\\/produncan.cl\\\/de\\\/\",\"name\":\"Produncan\",\"description\":\"Wir begleiten Sie bei Ihrem Lebensprojekt!\",\"publisher\":{\"@id\":\"https:\\\/\\\/produncan.cl\\\/de\\\/#organization\"},\"potentialAction\":[{\"@type\":\"SearchAction\",\"target\":{\"@type\":\"EntryPoint\",\"urlTemplate\":\"https:\\\/\\\/produncan.cl\\\/de\\\/?s={search_term_string}\"},\"query-input\":{\"@type\":\"PropertyValueSpecification\",\"valueRequired\":true,\"valueName\":\"search_term_string\"}}],\"inLanguage\":\"de-DE\"},{\"@type\":\"Organization\",\"@id\":\"https:\\\/\\\/produncan.cl\\\/de\\\/#organization\",\"name\":\"Produncan\",\"url\":\"https:\\\/\\\/produncan.cl\\\/de\\\/\",\"logo\":{\"@type\":\"ImageObject\",\"inLanguage\":\"de-DE\",\"@id\":\"https:\\\/\\\/produncan.cl\\\/de\\\/#\\\/schema\\\/logo\\\/image\\\/\",\"url\":\"https:\\\/\\\/produncan.cl\\\/wp-content\\\/uploads\\\/2021\\\/03\\\/LOGO.jpeg\",\"contentUrl\":\"https:\\\/\\\/produncan.cl\\\/wp-content\\\/uploads\\\/2021\\\/03\\\/LOGO.jpeg\",\"width\":1280,\"height\":903,\"caption\":\"Produncan\"},\"image\":{\"@id\":\"https:\\\/\\\/produncan.cl\\\/de\\\/#\\\/schema\\\/logo\\\/image\\\/\"},\"sameAs\":[\"https:\\\/\\\/web.facebook.com\\\/produncanland\",\"https:\\\/\\\/www.instagram.com\\\/pro_duncan\\\/\",\"https:\\\/\\\/www.linkedin.com\\\/company\\\/produncan-lands\\\/\",\"https:\\\/\\\/www.youtube.com\\\/channel\\\/UCu7N-f3x0svkazD-Eew1-QQ\"],\"description\":\"En Produncan somos especialistas en la venta de terrenos en el sur de Chile. Proveemos estancias, campos, parcelas y hoteles.\",\"email\":\"info@produncan.cl\"}]}<\/script>\n<meta property=\"og:video\" content=\"https:\/\/www.youtube.com\/embed\/Hq1rLeN12t0\" \/>\n<meta property=\"og:video:type\" content=\"text\/html\" \/>\n<meta property=\"og:video:duration\" content=\"85\" \/>\n<meta property=\"og:video:width\" content=\"480\" \/>\n<meta property=\"og:video:height\" content=\"270\" \/>\n<meta property=\"ya:ovs:adult\" content=\"false\" \/>\n<meta property=\"ya:ovs:upload_date\" content=\"2025-09-23T17:00:29+00:00\" \/>\n<meta property=\"ya:ovs:allow_embed\" content=\"true\" \/>\n<meta property=\"product:price:currency\" content=\"USD\" \/>\n<meta property=\"og:availability\" content=\"out of stock\" \/>\n<meta property=\"product:availability\" content=\"out of stock\" \/>\n<meta property=\"product:condition\" content=\"new\" \/>\n<!-- \/ Yoast SEO Premium plugin. -->","yoast_head_json":{"title":"Land in Paillaco, Ralitran - Region Los R\u00edos - Produncan","description":"Campo Ralitr\u00e1n in Paillaco, 42 ha einheimische Wiesen und Wald, matte Kante, gro\u00dfe Zug\u00e4nglichkeit und Blick auf den Ranco See. Landwirtschaft, Viehwirtschaft oder Tourismus.","robots":{"index":"index","follow":"follow","max-snippet":"max-snippet:-1","max-image-preview":"max-image-preview:large","max-video-preview":"max-video-preview:-1"},"canonical":"https:\/\/produncan.cl\/de\/produkt\/land-in-paillaco-ralitran-region-los-rios\/","og_locale":"de_DE","og_type":"article","og_title":"Land in Paillaco, Ralitran - Region Los R\u00edos","og_description":"Campo Ralitr\u00e1n in Paillaco, 42 ha einheimische Wiesen und Wald, matte Kante, gro\u00dfe Zug\u00e4nglichkeit und Blick auf den Ranco See. Ideal f\u00fcr Landwirtschaft, Viehwirtschaft oder Tourismus.","og_url":"https:\/\/produncan.cl\/de\/produkt\/land-in-paillaco-ralitran-region-los-rios\/","og_site_name":"Produncan","article_publisher":"https:\/\/web.facebook.com\/produncanland","article_modified_time":"2026-03-12T16:01:24+00:00","og_image":[{"url":"https:\/\/produncan.cl\/wp-content\/uploads\/2025\/09\/Campo-Ralitran-Paillaco.webp","type":"","width":"","height":""}],"twitter_card":"summary_large_image","twitter_misc":{"Price":"","Availability":"Out of stock"},"schema":{"@context":"https:\/\/schema.org","@graph":[{"@type":"WebPage","@id":"https:\/\/produncan.cl\/de\/produkt\/land-in-paillaco-ralitran-region-los-rios\/","url":"https:\/\/produncan.cl\/de\/produkt\/land-in-paillaco-ralitran-region-los-rios\/","name":"Land in Paillaco, Ralitran - Region Los R\u00edos - Produncan","isPartOf":{"@id":"https:\/\/produncan.cl\/de\/#website"},"primaryImageOfPage":{"@id":"https:\/\/produncan.cl\/de\/produkt\/land-in-paillaco-ralitran-region-los-rios\/#primaryimage"},"image":{"@id":"https:\/\/produncan.cl\/de\/produkt\/land-in-paillaco-ralitran-region-los-rios\/#primaryimage"},"thumbnailUrl":"https:\/\/produncan.cl\/wp-content\/uploads\/2025\/09\/Ralitran-vendido.webp","datePublished":"2025-09-23T17:00:29+00:00","dateModified":"2026-03-12T16:01:24+00:00","description":"Campo Ralitr\u00e1n in Paillaco, 42 ha einheimische Wiesen und Wald, matte Kante, gro\u00dfe Zug\u00e4nglichkeit und Blick auf den Ranco See. Landwirtschaft, Viehwirtschaft oder Tourismus.","breadcrumb":{"@id":"https:\/\/produncan.cl\/de\/produkt\/land-in-paillaco-ralitran-region-los-rios\/#breadcrumb"},"inLanguage":"de-DE","potentialAction":[{"@type":"ReadAction","target":["https:\/\/produncan.cl\/de\/produkt\/land-in-paillaco-ralitran-region-los-rios\/"]}]},{"@type":"ImageObject","inLanguage":"de-DE","@id":"https:\/\/produncan.cl\/de\/produkt\/land-in-paillaco-ralitran-region-los-rios\/#primaryimage","url":"https:\/\/produncan.cl\/wp-content\/uploads\/2025\/09\/Ralitran-vendido.webp","contentUrl":"https:\/\/produncan.cl\/wp-content\/uploads\/2025\/09\/Ralitran-vendido.webp","width":600,"height":450,"caption":"Ralitran vendido"},{"@type":"BreadcrumbList","@id":"https:\/\/produncan.cl\/de\/produkt\/land-in-paillaco-ralitran-region-los-rios\/#breadcrumb","itemListElement":[{"@type":"ListItem","position":1,"name":"Inicio","item":"https:\/\/produncan.cl\/de\/"},{"@type":"ListItem","position":2,"name":"Eigenschaften","item":"https:\/\/produncan.cl\/propiedades\/"},{"@type":"ListItem","position":3,"name":"Felder","item":"https:\/\/produncan.cl\/de\/kategorie\/felder\/"},{"@type":"ListItem","position":4,"name":"Land in Paillaco, Ralitran &#8211; Region Los R\u00edos"}]},{"@type":"WebSite","@id":"https:\/\/produncan.cl\/de\/#website","url":"https:\/\/produncan.cl\/de\/","name":"Produncan","description":"Wir begleiten Sie bei Ihrem Lebensprojekt!","publisher":{"@id":"https:\/\/produncan.cl\/de\/#organization"},"potentialAction":[{"@type":"SearchAction","target":{"@type":"EntryPoint","urlTemplate":"https:\/\/produncan.cl\/de\/?s={search_term_string}"},"query-input":{"@type":"PropertyValueSpecification","valueRequired":true,"valueName":"search_term_string"}}],"inLanguage":"de-DE"},{"@type":"Organization","@id":"https:\/\/produncan.cl\/de\/#organization","name":"Produncan","url":"https:\/\/produncan.cl\/de\/","logo":{"@type":"ImageObject","inLanguage":"de-DE","@id":"https:\/\/produncan.cl\/de\/#\/schema\/logo\/image\/","url":"https:\/\/produncan.cl\/wp-content\/uploads\/2021\/03\/LOGO.jpeg","contentUrl":"https:\/\/produncan.cl\/wp-content\/uploads\/2021\/03\/LOGO.jpeg","width":1280,"height":903,"caption":"Produncan"},"image":{"@id":"https:\/\/produncan.cl\/de\/#\/schema\/logo\/image\/"},"sameAs":["https:\/\/web.facebook.com\/produncanland","https:\/\/www.instagram.com\/pro_duncan\/","https:\/\/www.linkedin.com\/company\/produncan-lands\/","https:\/\/www.youtube.com\/channel\/UCu7N-f3x0svkazD-Eew1-QQ"],"description":"En Produncan somos especialistas en la venta de terrenos en el sur de Chile. Proveemos estancias, campos, parcelas y hoteles.","email":"info@produncan.cl"}]},"og_video":"https:\/\/www.youtube.com\/embed\/Hq1rLeN12t0","og_video_type":"text\/html","og_video_duration":"85","og_video_width":"480","og_video_height":"270","ya_ovs_adult":"false","ya_ovs_upload_date":"2025-09-23T17:00:29+00:00","ya_ovs_allow_embed":"true","product_price_currency":"USD","og_availability":"out of stock","product_availability":"out of stock","product_condition":"new"},"_links":{"self":[{"href":"https:\/\/produncan.cl\/de\/wp-json\/wp\/v2\/product\/51013","targetHints":{"allow":["GET"]}}],"collection":[{"href":"https:\/\/produncan.cl\/de\/wp-json\/wp\/v2\/product"}],"about":[{"href":"https:\/\/produncan.cl\/de\/wp-json\/wp\/v2\/types\/product"}],"version-history":[{"count":2,"href":"https:\/\/produncan.cl\/de\/wp-json\/wp\/v2\/product\/51013\/revisions"}],"predecessor-version":[{"id":54842,"href":"https:\/\/produncan.cl\/de\/wp-json\/wp\/v2\/product\/51013\/revisions\/54842"}],"wp:featuredmedia":[{"embeddable":true,"href":"https:\/\/produncan.cl\/de\/wp-json\/wp\/v2\/media\/54838"}],"wp:attachment":[{"href":"https:\/\/produncan.cl\/de\/wp-json\/wp\/v2\/media?parent=51013"}],"wp:term":[{"taxonomy":"product_brand","embeddable":true,"href":"https:\/\/produncan.cl\/de\/wp-json\/wp\/v2\/product_brand?post=51013"},{"taxonomy":"product_cat","embeddable":true,"href":"https:\/\/produncan.cl\/de\/wp-json\/wp\/v2\/product_cat?post=51013"},{"taxonomy":"product_tag","embeddable":true,"href":"https:\/\/produncan.cl\/de\/wp-json\/wp\/v2\/product_tag?post=51013"},{"taxonomy":"regiones","embeddable":true,"href":"https:\/\/produncan.cl\/de\/wp-json\/wp\/v2\/regiones?post=51013"},{"taxonomy":"ciudades","embeddable":true,"href":"https:\/\/produncan.cl\/de\/wp-json\/wp\/v2\/ciudades?post=51013"}],"curies":[{"name":"wp","href":"https:\/\/api.w.org\/{rel}","templated":true}]}}